{"id":165202,"date":"2024-10-16T19:53:41","date_gmt":"2024-10-16T19:53:41","guid":{"rendered":"https:\/\/www.eliassen.nl\/?product=hangplant-in-pot-monstera-bont-70cm"},"modified":"2025-11-27T16:27:09","modified_gmt":"2025-11-27T15:27:09","slug":"hangepflanze-im-topf-monstera-bunt-70cm","status":"publish","type":"product","link":"https:\/\/www.eliassen.nl\/de\/hangepflanze-im-topf-monstera-bunt-70cm\/","title":{"rendered":"H\u00e4ngepflanze im Topf Monstera fur 70cm"},"content":{"rendered":"<p>Versch\u00f6nern Sie Ihren Garten, Ihr Zuhause oder Ihre Arbeitsumgebung mit dieser sch\u00f6nen 70 cm gro\u00dfen H\u00e4ngepflanze von Montera.<\/p>\n<p>Diese nat\u00fcrlich aussehende Modell-Monstera-Pflanze mit nicht weniger als 9 Zweigen und vielen Bl\u00e4ttern ist aus feinstem recyceltem Kunststoff hergestellt und steht durch den Topf, in dem sie steht, gut f\u00fcr sich allein. Diese Monstera-Pflanze f\u00fcllt aufgrund ihres h\u00e4ngenden Wuchses und der vielen Bl\u00e4tter sehr schnell leere R\u00e4ume.  <\/p>\n<p>Sind die Pflanzen zu trocken oder zu nass, brauchen sie D\u00fcnger, stimmt die Luftfeuchtigkeit, alles Fragen, die Sie sich mit diesen k\u00fcnstlichen Pflanzen nicht mehr stellen m\u00fcssen. Gelegentliches Abwischen mit einem feuchten Tuch ist ausreichend.<\/p>\n<p><strong>Praktisch alles von k\u00fcnstlichen Pflanzen k\u00f6nnen Sie bei uns auch live sehen !!!<\/strong><\/p>\n<p><strong>Bestellen Sie 3 Kunstpflanzen auf einmal bei uns und Sie erhalten 10% Rabatt !!!<\/strong><\/p>\n<ul>\n<li>Gr\u00f6\u00dfe: 13x13cm Topfgr\u00f6\u00dfe x 70cm lang<\/li>\n<li>Gewicht: 3kg<\/li>\n<li>Material: Recycelter Kunststoff, PVC-frei<\/li>\n<li>Farbe: gr\u00fcn in schwarzem Topf  <\/li>\n<li>Kann auch im Freien aufgestellt werden, allerdings an einem gesch\u00fctzten Ort und nicht in der prallen Sonne.<\/li>\n<li>Garantie: 1 Jahr<\/li>\n<\/ul>\n","protected":false},"excerpt":{"rendered":"<p>Wenn Sie mehr als 3 Kunstpflanzen kaufen, erhalten Sie einen Rabatt von 10%.<\/p>\n","protected":false},"featured_media":165199,"template":"","meta":{"_acf_changed":false,"_genesis_title":"","_genesis_description":""},"product_brand":[7505],"product_cat":[7002],"product_tag":[],"class_list":{"0":"post-165202","1":"product","2":"type-product","3":"status-publish","4":"has-post-thumbnail","6":"product_brand-sonstige","7":"product_cat-kuenstliche-pflanzen","9":"first","10":"instock","11":"taxable","12":"shipping-taxable","13":"purchasable","14":"product-type-simple"},"acf":[],"meta_all":{"total_sales":"4","wcml_sync_hash":{"postmeta_fields":"5a2fae23427f51a80ab7064f113c3a55"},"attr_label_translations":[]},"meta_all_flat":{"total_sales":"4","wcml_sync_hash.postmeta_fields":"5a2fae23427f51a80ab7064f113c3a55"},"yoast_head":"<!-- This site is optimized with the Yoast SEO Premium plugin v26.2 (Yoast SEO v27.2) - https:\/\/yoast.com\/product\/yoast-seo-premium-wordpress\/ -->\n<title>Monstera bunt H\u00e4ngepflanze im Topf 70cm - Eliassen.nl<\/title>\n<meta name=\"description\" content=\"Sind Sie auf der Suche nach einer k\u00fcnstlichen Pflanze f\u00fcr Ihr Zuhause oder Ihr B\u00fcro? Diese H\u00e4ngepflanze Eukalyptus mit einer L\u00e4nge von 70 cm wird Ihnen bestimmt gefallen. In der Filiale oder online.\" \/>\n<meta name=\"robots\" content=\"index, follow, max-snippet:-1, max-image-preview:large, max-video-preview:-1\" \/>\n<link rel=\"canonical\" href=\"https:\/\/www.eliassen.nl\/de\/hangepflanze-im-topf-monstera-bunt-70cm\/\" \/>\n<meta property=\"og:locale\" content=\"de_DE\" \/>\n<meta property=\"og:type\" content=\"article\" \/>\n<meta property=\"og:title\" content=\"Sonstige H\u00e4ngepflanze im Topf Monstera fur 70cm - Eliassen.nl\" \/>\n<meta property=\"og:description\" content=\"Sind Sie auf der Suche nach einer k\u00fcnstlichen Pflanze f\u00fcr Ihr Zuhause oder Ihr B\u00fcro? Diese H\u00e4ngepflanze Eukalyptus mit einer L\u00e4nge von 70 cm wird Ihnen bestimmt gefallen. In der Filiale oder online.\" \/>\n<meta property=\"og:url\" content=\"https:\/\/www.eliassen.nl\/de\/hangepflanze-im-topf-monstera-bunt-70cm\/\" \/>\n<meta property=\"og:site_name\" content=\"Eliassen.nl\" \/>\n<meta property=\"article:publisher\" content=\"https:\/\/www.facebook.com\/TuincentrumEliassenAmmerzoden\" \/>\n<meta property=\"article:modified_time\" content=\"2025-11-27T15:27:09+00:00\" \/>\n<meta property=\"og:image\" content=\"https:\/\/www.eliassen.nl\/wp-content\/uploads\/2024\/11\/kunsthangplantmonstera70cmeliassennl10101p.jpg\" \/>\n\t<meta property=\"og:image:width\" content=\"1365\" \/>\n\t<meta property=\"og:image:height\" content=\"2048\" \/>\n\t<meta property=\"og:image:type\" content=\"image\/jpeg\" \/>\n<meta name=\"twitter:card\" content=\"summary_large_image\" \/>\n<script type=\"application\/ld+json\" class=\"yoast-schema-graph\">{\"@context\":\"https:\/\/schema.org\",\"@graph\":[{\"@type\":\"WebPage\",\"@id\":\"https:\/\/www.eliassen.nl\/de\/hangepflanze-im-topf-monstera-bunt-70cm\/\",\"url\":\"https:\/\/www.eliassen.nl\/de\/hangepflanze-im-topf-monstera-bunt-70cm\/\",\"name\":\"Monstera bunt H\u00e4ngepflanze im Topf 70cm - Eliassen.nl\",\"isPartOf\":{\"@id\":\"https:\/\/www.eliassen.nl\/de\/#website\"},\"primaryImageOfPage\":{\"@id\":\"https:\/\/www.eliassen.nl\/de\/hangepflanze-im-topf-monstera-bunt-70cm\/#primaryimage\"},\"image\":{\"@id\":\"https:\/\/www.eliassen.nl\/de\/hangepflanze-im-topf-monstera-bunt-70cm\/#primaryimage\"},\"thumbnailUrl\":\"https:\/\/www.eliassen.nl\/wp-content\/uploads\/2024\/11\/kunsthangplantmonstera70cmeliassennl10101p.jpg\",\"datePublished\":\"2024-10-16T19:53:41+00:00\",\"dateModified\":\"2025-11-27T15:27:09+00:00\",\"description\":\"Sind Sie auf der Suche nach einer k\u00fcnstlichen Pflanze f\u00fcr Ihr Zuhause oder Ihr B\u00fcro? Diese H\u00e4ngepflanze Eukalyptus mit einer L\u00e4nge von 70 cm wird Ihnen bestimmt gefallen. In der Filiale oder online.\",\"breadcrumb\":{\"@id\":\"https:\/\/www.eliassen.nl\/de\/hangepflanze-im-topf-monstera-bunt-70cm\/#breadcrumb\"},\"inLanguage\":\"de\",\"potentialAction\":[{\"@type\":\"ReadAction\",\"target\":[\"https:\/\/www.eliassen.nl\/de\/hangepflanze-im-topf-monstera-bunt-70cm\/\"]}]},{\"@type\":\"ImageObject\",\"inLanguage\":\"de\",\"@id\":\"https:\/\/www.eliassen.nl\/de\/hangepflanze-im-topf-monstera-bunt-70cm\/#primaryimage\",\"url\":\"https:\/\/www.eliassen.nl\/wp-content\/uploads\/2024\/11\/kunsthangplantmonstera70cmeliassennl10101p.jpg\",\"contentUrl\":\"https:\/\/www.eliassen.nl\/wp-content\/uploads\/2024\/11\/kunsthangplantmonstera70cmeliassennl10101p.jpg\",\"width\":1365,\"height\":2048,\"caption\":\"K\u00fcnstliche H\u00e4ngepflanze Monstera 70cm Eliassen.nl 10101p\"},{\"@type\":\"BreadcrumbList\",\"@id\":\"https:\/\/www.eliassen.nl\/de\/hangepflanze-im-topf-monstera-bunt-70cm\/#breadcrumb\",\"itemListElement\":[{\"@type\":\"ListItem\",\"position\":1,\"name\":\"Home\",\"item\":\"https:\/\/www.eliassen.nl\/de\/\"},{\"@type\":\"ListItem\",\"position\":2,\"name\":\"Shop\",\"item\":\"https:\/\/www.eliassen.nl\/de\/shop\/\"},{\"@type\":\"ListItem\",\"position\":3,\"name\":\"K\u00fcnstliche Pflanzen\",\"item\":\"https:\/\/www.eliassen.nl\/de\/kuenstliche-pflanzen\/\"},{\"@type\":\"ListItem\",\"position\":4,\"name\":\"H\u00e4ngepflanze im Topf Monstera fur 70cm\"}]},{\"@type\":\"WebSite\",\"@id\":\"https:\/\/www.eliassen.nl\/de\/#website\",\"url\":\"https:\/\/www.eliassen.nl\/de\/\",\"name\":\"Eliassen Home & Garden Pleasure\",\"description\":\"\",\"publisher\":{\"@id\":\"https:\/\/www.eliassen.nl\/de\/#organization\"},\"alternateName\":\"Eliassen.nl\",\"potentialAction\":[{\"@type\":\"SearchAction\",\"target\":{\"@type\":\"EntryPoint\",\"urlTemplate\":\"https:\/\/www.eliassen.nl\/de\/?s={search_term_string}\"},\"query-input\":{\"@type\":\"PropertyValueSpecification\",\"valueRequired\":true,\"valueName\":\"search_term_string\"}}],\"inLanguage\":\"de\"},{\"@type\":[\"Organization\",\"Place\"],\"@id\":\"https:\/\/www.eliassen.nl\/de\/#organization\",\"name\":\"Eliassen Home & Garden Pleasure\",\"url\":\"https:\/\/www.eliassen.nl\/de\/\",\"logo\":{\"@id\":\"https:\/\/www.eliassen.nl\/de\/hangepflanze-im-topf-monstera-bunt-70cm\/#local-main-organization-logo\"},\"image\":{\"@id\":\"https:\/\/www.eliassen.nl\/de\/hangepflanze-im-topf-monstera-bunt-70cm\/#local-main-organization-logo\"},\"sameAs\":[\"https:\/\/www.facebook.com\/TuincentrumEliassenAmmerzoden\",\"https:\/\/www.instagram.com\/eliassenhomeandgarden\/\",\"https:\/\/nl.pinterest.com\/eliassenhomeandgarden\/\",\"https:\/\/www.youtube.com\/@eliassenhomegardenpleasure4558\"],\"telephone\":[],\"openingHoursSpecification\":[{\"@type\":\"OpeningHoursSpecification\",\"dayOfWeek\":[\"Monday\",\"Tuesday\",\"Wednesday\",\"Thursday\",\"Friday\",\"Saturday\",\"Sunday\"],\"opens\":\"09:00\",\"closes\":\"17:00\"}]},{\"@type\":\"ImageObject\",\"inLanguage\":\"de\",\"@id\":\"https:\/\/www.eliassen.nl\/de\/hangepflanze-im-topf-monstera-bunt-70cm\/#local-main-organization-logo\",\"url\":\"https:\/\/www.eliassen.nl\/wp-content\/uploads\/2024\/01\/logo_4nd.jpg\",\"contentUrl\":\"https:\/\/www.eliassen.nl\/wp-content\/uploads\/2024\/01\/logo_4nd.jpg\",\"width\":500,\"height\":500,\"caption\":\"Eliassen Home & Garden Pleasure\"}]}<\/script>\n<meta property=\"product:price:amount\" content=\"47.50\" \/>\n<meta property=\"product:price:currency\" content=\"EUR\" \/>\n<meta property=\"og:availability\" content=\"instock\" \/>\n<meta property=\"product:availability\" content=\"instock\" \/>\n<meta property=\"product:retailer_item_id\" content=\"10101p\" \/>\n<meta property=\"product:condition\" content=\"new\" \/>\n<!-- \/ Yoast SEO Premium plugin. -->","yoast_head_json":{"title":"Monstera bunt H\u00e4ngepflanze im Topf 70cm - Eliassen.nl","description":"Sind Sie auf der Suche nach einer k\u00fcnstlichen Pflanze f\u00fcr Ihr Zuhause oder Ihr B\u00fcro? Diese H\u00e4ngepflanze Eukalyptus mit einer L\u00e4nge von 70 cm wird Ihnen bestimmt gefallen. In der Filiale oder online.","robots":{"index":"index","follow":"follow","max-snippet":"max-snippet:-1","max-image-preview":"max-image-preview:large","max-video-preview":"max-video-preview:-1"},"canonical":"https:\/\/www.eliassen.nl\/de\/hangepflanze-im-topf-monstera-bunt-70cm\/","og_locale":"de_DE","og_type":"article","og_title":"Sonstige H\u00e4ngepflanze im Topf Monstera fur 70cm - Eliassen.nl","og_description":"Sind Sie auf der Suche nach einer k\u00fcnstlichen Pflanze f\u00fcr Ihr Zuhause oder Ihr B\u00fcro? Diese H\u00e4ngepflanze Eukalyptus mit einer L\u00e4nge von 70 cm wird Ihnen bestimmt gefallen. In der Filiale oder online.","og_url":"https:\/\/www.eliassen.nl\/de\/hangepflanze-im-topf-monstera-bunt-70cm\/","og_site_name":"Eliassen.nl","article_publisher":"https:\/\/www.facebook.com\/TuincentrumEliassenAmmerzoden","article_modified_time":"2025-11-27T15:27:09+00:00","og_image":[{"width":1365,"height":2048,"url":"https:\/\/www.eliassen.nl\/wp-content\/uploads\/2024\/11\/kunsthangplantmonstera70cmeliassennl10101p.jpg","type":"image\/jpeg"}],"twitter_card":"summary_large_image","schema":{"@context":"https:\/\/schema.org","@graph":[{"@type":"WebPage","@id":"https:\/\/www.eliassen.nl\/de\/hangepflanze-im-topf-monstera-bunt-70cm\/","url":"https:\/\/www.eliassen.nl\/de\/hangepflanze-im-topf-monstera-bunt-70cm\/","name":"Monstera bunt H\u00e4ngepflanze im Topf 70cm - Eliassen.nl","isPartOf":{"@id":"https:\/\/www.eliassen.nl\/de\/#website"},"primaryImageOfPage":{"@id":"https:\/\/www.eliassen.nl\/de\/hangepflanze-im-topf-monstera-bunt-70cm\/#primaryimage"},"image":{"@id":"https:\/\/www.eliassen.nl\/de\/hangepflanze-im-topf-monstera-bunt-70cm\/#primaryimage"},"thumbnailUrl":"https:\/\/www.eliassen.nl\/wp-content\/uploads\/2024\/11\/kunsthangplantmonstera70cmeliassennl10101p.jpg","datePublished":"2024-10-16T19:53:41+00:00","dateModified":"2025-11-27T15:27:09+00:00","description":"Sind Sie auf der Suche nach einer k\u00fcnstlichen Pflanze f\u00fcr Ihr Zuhause oder Ihr B\u00fcro? Diese H\u00e4ngepflanze Eukalyptus mit einer L\u00e4nge von 70 cm wird Ihnen bestimmt gefallen. In der Filiale oder online.","breadcrumb":{"@id":"https:\/\/www.eliassen.nl\/de\/hangepflanze-im-topf-monstera-bunt-70cm\/#breadcrumb"},"inLanguage":"de","potentialAction":[{"@type":"ReadAction","target":["https:\/\/www.eliassen.nl\/de\/hangepflanze-im-topf-monstera-bunt-70cm\/"]}]},{"@type":"ImageObject","inLanguage":"de","@id":"https:\/\/www.eliassen.nl\/de\/hangepflanze-im-topf-monstera-bunt-70cm\/#primaryimage","url":"https:\/\/www.eliassen.nl\/wp-content\/uploads\/2024\/11\/kunsthangplantmonstera70cmeliassennl10101p.jpg","contentUrl":"https:\/\/www.eliassen.nl\/wp-content\/uploads\/2024\/11\/kunsthangplantmonstera70cmeliassennl10101p.jpg","width":1365,"height":2048,"caption":"K\u00fcnstliche H\u00e4ngepflanze Monstera 70cm Eliassen.nl 10101p"},{"@type":"BreadcrumbList","@id":"https:\/\/www.eliassen.nl\/de\/hangepflanze-im-topf-monstera-bunt-70cm\/#breadcrumb","itemListElement":[{"@type":"ListItem","position":1,"name":"Home","item":"https:\/\/www.eliassen.nl\/de\/"},{"@type":"ListItem","position":2,"name":"Shop","item":"https:\/\/www.eliassen.nl\/de\/shop\/"},{"@type":"ListItem","position":3,"name":"K\u00fcnstliche Pflanzen","item":"https:\/\/www.eliassen.nl\/de\/kuenstliche-pflanzen\/"},{"@type":"ListItem","position":4,"name":"H\u00e4ngepflanze im Topf Monstera fur 70cm"}]},{"@type":"WebSite","@id":"https:\/\/www.eliassen.nl\/de\/#website","url":"https:\/\/www.eliassen.nl\/de\/","name":"Eliassen Home & Garden Pleasure","description":"","publisher":{"@id":"https:\/\/www.eliassen.nl\/de\/#organization"},"alternateName":"Eliassen.nl","potentialAction":[{"@type":"SearchAction","target":{"@type":"EntryPoint","urlTemplate":"https:\/\/www.eliassen.nl\/de\/?s={search_term_string}"},"query-input":{"@type":"PropertyValueSpecification","valueRequired":true,"valueName":"search_term_string"}}],"inLanguage":"de"},{"@type":["Organization","Place"],"@id":"https:\/\/www.eliassen.nl\/de\/#organization","name":"Eliassen Home & Garden Pleasure","url":"https:\/\/www.eliassen.nl\/de\/","logo":{"@id":"https:\/\/www.eliassen.nl\/de\/hangepflanze-im-topf-monstera-bunt-70cm\/#local-main-organization-logo"},"image":{"@id":"https:\/\/www.eliassen.nl\/de\/hangepflanze-im-topf-monstera-bunt-70cm\/#local-main-organization-logo"},"sameAs":["https:\/\/www.facebook.com\/TuincentrumEliassenAmmerzoden","https:\/\/www.instagram.com\/eliassenhomeandgarden\/","https:\/\/nl.pinterest.com\/eliassenhomeandgarden\/","https:\/\/www.youtube.com\/@eliassenhomegardenpleasure4558"],"telephone":[],"openingHoursSpecification":[{"@type":"OpeningHoursSpecification","dayOfWeek":["Monday","Tuesday","Wednesday","Thursday","Friday","Saturday","Sunday"],"opens":"09:00","closes":"17:00"}]},{"@type":"ImageObject","inLanguage":"de","@id":"https:\/\/www.eliassen.nl\/de\/hangepflanze-im-topf-monstera-bunt-70cm\/#local-main-organization-logo","url":"https:\/\/www.eliassen.nl\/wp-content\/uploads\/2024\/01\/logo_4nd.jpg","contentUrl":"https:\/\/www.eliassen.nl\/wp-content\/uploads\/2024\/01\/logo_4nd.jpg","width":500,"height":500,"caption":"Eliassen Home & Garden Pleasure"}]},"product_price_amount":"47.50","product_price_currency":"EUR","og_availability":"instock","product_availability":"instock","product_retailer_item_id":"10101p","product_condition":"new"},"df_price":47.5,"df_sale_price":"","df_regular_price":47.5,"df_image_link":"https:\/\/www.eliassen.nl\/wp-content\/uploads\/2024\/11\/kunsthangplantmonstera70cmeliassennl10101p.jpg","image":"https:\/\/www.eliassen.nl\/wp-content\/uploads\/2024\/11\/kunsthangplantmonstera70cmeliassennl10101p.jpg","price_search":"<span class=\"woocommerce-Price-amount amount\"><bdi><span class=\"woocommerce-Price-currencySymbol\">&euro;<\/span>&nbsp;47,50<\/bdi><\/span>","category":"K\u00fcnstliche Pflanzen","global_unique_id":"8714419398833","_links":{"self":[{"href":"https:\/\/www.eliassen.nl\/de\/wp-json\/wp\/v2\/product\/165202","targetHints":{"allow":["GET"]}}],"collection":[{"href":"https:\/\/www.eliassen.nl\/de\/wp-json\/wp\/v2\/product"}],"about":[{"href":"https:\/\/www.eliassen.nl\/de\/wp-json\/wp\/v2\/types\/product"}],"wp:featuredmedia":[{"embeddable":true,"href":"https:\/\/www.eliassen.nl\/de\/wp-json\/wp\/v2\/media\/165199"}],"wp:attachment":[{"href":"https:\/\/www.eliassen.nl\/de\/wp-json\/wp\/v2\/media?parent=165202"}],"wp:term":[{"taxonomy":"product_brand","embeddable":true,"href":"https:\/\/www.eliassen.nl\/de\/wp-json\/wp\/v2\/product_brand?post=165202"},{"taxonomy":"product_cat","embeddable":true,"href":"https:\/\/www.eliassen.nl\/de\/wp-json\/wp\/v2\/product_cat?post=165202"},{"taxonomy":"product_tag","embeddable":true,"href":"https:\/\/www.eliassen.nl\/de\/wp-json\/wp\/v2\/product_tag?post=165202"}],"curies":[{"name":"wp","href":"https:\/\/api.w.org\/{rel}","templated":true}]}}