{"id":164914,"date":"2024-10-26T11:52:50","date_gmt":"2024-10-26T11:52:50","guid":{"rendered":"https:\/\/www.eliassen.nl\/?product=kerst-decoratie-blokken-122cm"},"modified":"2025-11-27T14:55:01","modified_gmt":"2025-11-27T13:55:01","slug":"weihnachtsdekorationsblocke-122cm","status":"publish","type":"product","link":"https:\/\/www.eliassen.nl\/de\/weihnachtsdekorationsblocke-122cm\/","title":{"rendered":"Weihnachtsdekoration Bl\u00f6cke 122cm"},"content":{"rendered":"<p>Wundersch\u00f6ne handgefertigte gro\u00dfe Weihnachtsdekoration aus Metall in Form von 2 Reihen von Geschenken mit dem Text &#8222;Frohe Weihnachten&#8220;.<br \/>Gefertigt aus Metall f\u00fcr h\u00f6chste Genauigkeit.<\/p>\n<p>Diese Weihnachtsdekoration ist drinnen auf einem Sideboard oder einer Fensterbank wundersch\u00f6n, aber nat\u00fcrlich auch drau\u00dfen an einer Wand oid. Diese Reihe von Weihnachtsgeschenken ist auf 2 Seiten beschriftet, so dass Sie auf der Fensterbank den Text au\u00dfen und innen sehen k\u00f6nnen. Eine sehr sch\u00f6ne Weihnachtsdekoration f\u00fcr Ihr Haus, Ihre Wohnung oder Ihr Gesch\u00e4ft oder zum Verschenken.<br \/>Farben und Details k\u00f6nnen leicht vom Foto abweichen, da es sich um ein handgefertigtes Produkt handelt.<\/p>\n<ul>\n<li><strong>Fast alles aus diesem Sortiment an Weihnachtsdekoration k\u00f6nnen Sie auch in unserem Shop ansehen<\/strong><\/li>\n<li>Material: Metall<\/li>\n<li>Gr\u00f6\u00dfe: 122x7x16cm hoch. Buchstaben auf 2 Seiten<\/li>\n<li>Verpackt in stabilen Kartons<\/li>\n<li>Schnelle Lieferung<\/li>\n<\/ul>\n<p>Bitte beachten Sie, dass dies kein Spielzeug ist<\/p>\n","protected":false},"excerpt":{"rendered":"<p>Lange Reihe von Buchstabenbl\u00f6cken 122cm<\/p>\n","protected":false},"featured_media":164899,"template":"","meta":{"_acf_changed":false,"_genesis_title":"","_genesis_description":""},"product_brand":[7505],"product_cat":[659,668,7468],"product_tag":[],"class_list":{"0":"post-164914","1":"product","2":"type-product","3":"status-publish","4":"has-post-thumbnail","6":"product_brand-sonstige","7":"product_cat-dekoration-aus-metall","8":"product_cat-miniaturfahrzeuge-aus-metall","9":"product_cat-weihnachtsdekoration","11":"first","12":"outofstock","13":"taxable","14":"shipping-taxable","15":"purchasable","16":"product-type-simple"},"acf":[],"meta_all":{"total_sales":"3","wcml_sync_hash":{"postmeta_fields":"edba032a62ce7a6c89cb52500bbcb33e"},"attr_label_translations":[]},"meta_all_flat":{"total_sales":"3","wcml_sync_hash.postmeta_fields":"edba032a62ce7a6c89cb52500bbcb33e"},"yoast_head":"<!-- This site is optimized with the Yoast SEO Premium plugin v26.2 (Yoast SEO v27.2) - https:\/\/yoast.com\/product\/yoast-seo-premium-wordpress\/ -->\n<title>Weihnachtsdekoration Bl\u00f6cke 122cm<\/title>\n<meta name=\"description\" content=\"Weihnachtsdekoration f\u00fcr Ihren Schrank oder Ihre Fensterbank. Auch live zu sehen auf unserer !!!\" \/>\n<meta name=\"robots\" content=\"index, follow, max-snippet:-1, max-image-preview:large, max-video-preview:-1\" \/>\n<link rel=\"canonical\" href=\"https:\/\/www.eliassen.nl\/de\/weihnachtsdekorationsblocke-122cm\/\" \/>\n<meta property=\"og:locale\" content=\"de_DE\" \/>\n<meta property=\"og:type\" content=\"article\" \/>\n<meta property=\"og:title\" content=\"Sonstige Weihnachtsdekoration Bl\u00f6cke 122cm - Eliassen.nl\" \/>\n<meta property=\"og:description\" content=\"Weihnachtsdekoration f\u00fcr Ihren Schrank oder Ihre Fensterbank. Auch live zu sehen auf unserer !!!\" \/>\n<meta property=\"og:url\" content=\"https:\/\/www.eliassen.nl\/de\/weihnachtsdekorationsblocke-122cm\/\" \/>\n<meta property=\"og:site_name\" content=\"Eliassen.nl\" \/>\n<meta property=\"article:publisher\" content=\"https:\/\/www.facebook.com\/TuincentrumEliassenAmmerzoden\" \/>\n<meta property=\"article:modified_time\" content=\"2025-11-27T13:55:01+00:00\" \/>\n<meta property=\"og:image\" content=\"https:\/\/www.eliassen.nl\/wp-content\/uploads\/2024\/11\/kerstdecoratieblokkeneliassennl.jpg\" \/>\n\t<meta property=\"og:image:width\" content=\"2047\" \/>\n\t<meta property=\"og:image:height\" content=\"609\" \/>\n\t<meta property=\"og:image:type\" content=\"image\/jpeg\" \/>\n<meta name=\"twitter:card\" content=\"summary_large_image\" \/>\n<script type=\"application\/ld+json\" class=\"yoast-schema-graph\">{\"@context\":\"https:\/\/schema.org\",\"@graph\":[{\"@type\":\"WebPage\",\"@id\":\"https:\/\/www.eliassen.nl\/de\/weihnachtsdekorationsblocke-122cm\/\",\"url\":\"https:\/\/www.eliassen.nl\/de\/weihnachtsdekorationsblocke-122cm\/\",\"name\":\"Weihnachtsdekoration Bl\u00f6cke 122cm\",\"isPartOf\":{\"@id\":\"https:\/\/www.eliassen.nl\/de\/#website\"},\"primaryImageOfPage\":{\"@id\":\"https:\/\/www.eliassen.nl\/de\/weihnachtsdekorationsblocke-122cm\/#primaryimage\"},\"image\":{\"@id\":\"https:\/\/www.eliassen.nl\/de\/weihnachtsdekorationsblocke-122cm\/#primaryimage\"},\"thumbnailUrl\":\"https:\/\/www.eliassen.nl\/wp-content\/uploads\/2024\/11\/kerstdecoratieblokkeneliassennl.jpg\",\"datePublished\":\"2024-10-26T11:52:50+00:00\",\"dateModified\":\"2025-11-27T13:55:01+00:00\",\"description\":\"Weihnachtsdekoration f\u00fcr Ihren Schrank oder Ihre Fensterbank. Auch live zu sehen auf unserer !!!\",\"breadcrumb\":{\"@id\":\"https:\/\/www.eliassen.nl\/de\/weihnachtsdekorationsblocke-122cm\/#breadcrumb\"},\"inLanguage\":\"de\",\"potentialAction\":[{\"@type\":\"ReadAction\",\"target\":[\"https:\/\/www.eliassen.nl\/de\/weihnachtsdekorationsblocke-122cm\/\"]}]},{\"@type\":\"ImageObject\",\"inLanguage\":\"de\",\"@id\":\"https:\/\/www.eliassen.nl\/de\/weihnachtsdekorationsblocke-122cm\/#primaryimage\",\"url\":\"https:\/\/www.eliassen.nl\/wp-content\/uploads\/2024\/11\/kerstdecoratieblokkeneliassennl.jpg\",\"contentUrl\":\"https:\/\/www.eliassen.nl\/wp-content\/uploads\/2024\/11\/kerstdecoratieblokkeneliassennl.jpg\",\"width\":2047,\"height\":609,\"caption\":\"Weihnachtsdekoration Bl\u00f6cke Eliassen.co.uk\"},{\"@type\":\"BreadcrumbList\",\"@id\":\"https:\/\/www.eliassen.nl\/de\/weihnachtsdekorationsblocke-122cm\/#breadcrumb\",\"itemListElement\":[{\"@type\":\"ListItem\",\"position\":1,\"name\":\"Home\",\"item\":\"https:\/\/www.eliassen.nl\/de\/\"},{\"@type\":\"ListItem\",\"position\":2,\"name\":\"Shop\",\"item\":\"https:\/\/www.eliassen.nl\/de\/shop\/\"},{\"@type\":\"ListItem\",\"position\":3,\"name\":\"Dekoration aus Metall\",\"item\":\"https:\/\/www.eliassen.nl\/de\/dekoration-aus-metall\/\"},{\"@type\":\"ListItem\",\"position\":4,\"name\":\"Miniaturfahrzeuge aus Metall\",\"item\":\"https:\/\/www.eliassen.nl\/de\/dekoration-aus-metall\/miniaturfahrzeuge-aus-metall\/\"},{\"@type\":\"ListItem\",\"position\":5,\"name\":\"Weihnachtsdekoration Bl\u00f6cke 122cm\"}]},{\"@type\":\"WebSite\",\"@id\":\"https:\/\/www.eliassen.nl\/de\/#website\",\"url\":\"https:\/\/www.eliassen.nl\/de\/\",\"name\":\"Eliassen Home & Garden Pleasure\",\"description\":\"\",\"publisher\":{\"@id\":\"https:\/\/www.eliassen.nl\/de\/#organization\"},\"alternateName\":\"Eliassen.nl\",\"potentialAction\":[{\"@type\":\"SearchAction\",\"target\":{\"@type\":\"EntryPoint\",\"urlTemplate\":\"https:\/\/www.eliassen.nl\/de\/?s={search_term_string}\"},\"query-input\":{\"@type\":\"PropertyValueSpecification\",\"valueRequired\":true,\"valueName\":\"search_term_string\"}}],\"inLanguage\":\"de\"},{\"@type\":[\"Organization\",\"Place\"],\"@id\":\"https:\/\/www.eliassen.nl\/de\/#organization\",\"name\":\"Eliassen Home & Garden Pleasure\",\"url\":\"https:\/\/www.eliassen.nl\/de\/\",\"logo\":{\"@id\":\"https:\/\/www.eliassen.nl\/de\/weihnachtsdekorationsblocke-122cm\/#local-main-organization-logo\"},\"image\":{\"@id\":\"https:\/\/www.eliassen.nl\/de\/weihnachtsdekorationsblocke-122cm\/#local-main-organization-logo\"},\"sameAs\":[\"https:\/\/www.facebook.com\/TuincentrumEliassenAmmerzoden\",\"https:\/\/www.instagram.com\/eliassenhomeandgarden\/\",\"https:\/\/nl.pinterest.com\/eliassenhomeandgarden\/\",\"https:\/\/www.youtube.com\/@eliassenhomegardenpleasure4558\"],\"telephone\":[],\"openingHoursSpecification\":[{\"@type\":\"OpeningHoursSpecification\",\"dayOfWeek\":[\"Monday\",\"Tuesday\",\"Wednesday\",\"Thursday\",\"Friday\",\"Saturday\",\"Sunday\"],\"opens\":\"09:00\",\"closes\":\"17:00\"}]},{\"@type\":\"ImageObject\",\"inLanguage\":\"de\",\"@id\":\"https:\/\/www.eliassen.nl\/de\/weihnachtsdekorationsblocke-122cm\/#local-main-organization-logo\",\"url\":\"https:\/\/www.eliassen.nl\/wp-content\/uploads\/2024\/01\/logo_4nd.jpg\",\"contentUrl\":\"https:\/\/www.eliassen.nl\/wp-content\/uploads\/2024\/01\/logo_4nd.jpg\",\"width\":500,\"height\":500,\"caption\":\"Eliassen Home & Garden Pleasure\"}]}<\/script>\n<meta property=\"product:price:amount\" content=\"64.50\" \/>\n<meta property=\"product:price:currency\" content=\"EUR\" \/>\n<meta property=\"og:availability\" content=\"out of stock\" \/>\n<meta property=\"product:availability\" content=\"out of stock\" \/>\n<meta property=\"product:retailer_item_id\" content=\"ch158m-ch158c\" \/>\n<meta property=\"product:condition\" content=\"new\" \/>\n<!-- \/ Yoast SEO Premium plugin. -->","yoast_head_json":{"title":"Weihnachtsdekoration Bl\u00f6cke 122cm","description":"Weihnachtsdekoration f\u00fcr Ihren Schrank oder Ihre Fensterbank. Auch live zu sehen auf unserer !!!","robots":{"index":"index","follow":"follow","max-snippet":"max-snippet:-1","max-image-preview":"max-image-preview:large","max-video-preview":"max-video-preview:-1"},"canonical":"https:\/\/www.eliassen.nl\/de\/weihnachtsdekorationsblocke-122cm\/","og_locale":"de_DE","og_type":"article","og_title":"Sonstige Weihnachtsdekoration Bl\u00f6cke 122cm - Eliassen.nl","og_description":"Weihnachtsdekoration f\u00fcr Ihren Schrank oder Ihre Fensterbank. Auch live zu sehen auf unserer !!!","og_url":"https:\/\/www.eliassen.nl\/de\/weihnachtsdekorationsblocke-122cm\/","og_site_name":"Eliassen.nl","article_publisher":"https:\/\/www.facebook.com\/TuincentrumEliassenAmmerzoden","article_modified_time":"2025-11-27T13:55:01+00:00","og_image":[{"width":2047,"height":609,"url":"https:\/\/www.eliassen.nl\/wp-content\/uploads\/2024\/11\/kerstdecoratieblokkeneliassennl.jpg","type":"image\/jpeg"}],"twitter_card":"summary_large_image","schema":{"@context":"https:\/\/schema.org","@graph":[{"@type":"WebPage","@id":"https:\/\/www.eliassen.nl\/de\/weihnachtsdekorationsblocke-122cm\/","url":"https:\/\/www.eliassen.nl\/de\/weihnachtsdekorationsblocke-122cm\/","name":"Weihnachtsdekoration Bl\u00f6cke 122cm","isPartOf":{"@id":"https:\/\/www.eliassen.nl\/de\/#website"},"primaryImageOfPage":{"@id":"https:\/\/www.eliassen.nl\/de\/weihnachtsdekorationsblocke-122cm\/#primaryimage"},"image":{"@id":"https:\/\/www.eliassen.nl\/de\/weihnachtsdekorationsblocke-122cm\/#primaryimage"},"thumbnailUrl":"https:\/\/www.eliassen.nl\/wp-content\/uploads\/2024\/11\/kerstdecoratieblokkeneliassennl.jpg","datePublished":"2024-10-26T11:52:50+00:00","dateModified":"2025-11-27T13:55:01+00:00","description":"Weihnachtsdekoration f\u00fcr Ihren Schrank oder Ihre Fensterbank. Auch live zu sehen auf unserer !!!","breadcrumb":{"@id":"https:\/\/www.eliassen.nl\/de\/weihnachtsdekorationsblocke-122cm\/#breadcrumb"},"inLanguage":"de","potentialAction":[{"@type":"ReadAction","target":["https:\/\/www.eliassen.nl\/de\/weihnachtsdekorationsblocke-122cm\/"]}]},{"@type":"ImageObject","inLanguage":"de","@id":"https:\/\/www.eliassen.nl\/de\/weihnachtsdekorationsblocke-122cm\/#primaryimage","url":"https:\/\/www.eliassen.nl\/wp-content\/uploads\/2024\/11\/kerstdecoratieblokkeneliassennl.jpg","contentUrl":"https:\/\/www.eliassen.nl\/wp-content\/uploads\/2024\/11\/kerstdecoratieblokkeneliassennl.jpg","width":2047,"height":609,"caption":"Weihnachtsdekoration Bl\u00f6cke Eliassen.co.uk"},{"@type":"BreadcrumbList","@id":"https:\/\/www.eliassen.nl\/de\/weihnachtsdekorationsblocke-122cm\/#breadcrumb","itemListElement":[{"@type":"ListItem","position":1,"name":"Home","item":"https:\/\/www.eliassen.nl\/de\/"},{"@type":"ListItem","position":2,"name":"Shop","item":"https:\/\/www.eliassen.nl\/de\/shop\/"},{"@type":"ListItem","position":3,"name":"Dekoration aus Metall","item":"https:\/\/www.eliassen.nl\/de\/dekoration-aus-metall\/"},{"@type":"ListItem","position":4,"name":"Miniaturfahrzeuge aus Metall","item":"https:\/\/www.eliassen.nl\/de\/dekoration-aus-metall\/miniaturfahrzeuge-aus-metall\/"},{"@type":"ListItem","position":5,"name":"Weihnachtsdekoration Bl\u00f6cke 122cm"}]},{"@type":"WebSite","@id":"https:\/\/www.eliassen.nl\/de\/#website","url":"https:\/\/www.eliassen.nl\/de\/","name":"Eliassen Home & Garden Pleasure","description":"","publisher":{"@id":"https:\/\/www.eliassen.nl\/de\/#organization"},"alternateName":"Eliassen.nl","potentialAction":[{"@type":"SearchAction","target":{"@type":"EntryPoint","urlTemplate":"https:\/\/www.eliassen.nl\/de\/?s={search_term_string}"},"query-input":{"@type":"PropertyValueSpecification","valueRequired":true,"valueName":"search_term_string"}}],"inLanguage":"de"},{"@type":["Organization","Place"],"@id":"https:\/\/www.eliassen.nl\/de\/#organization","name":"Eliassen Home & Garden Pleasure","url":"https:\/\/www.eliassen.nl\/de\/","logo":{"@id":"https:\/\/www.eliassen.nl\/de\/weihnachtsdekorationsblocke-122cm\/#local-main-organization-logo"},"image":{"@id":"https:\/\/www.eliassen.nl\/de\/weihnachtsdekorationsblocke-122cm\/#local-main-organization-logo"},"sameAs":["https:\/\/www.facebook.com\/TuincentrumEliassenAmmerzoden","https:\/\/www.instagram.com\/eliassenhomeandgarden\/","https:\/\/nl.pinterest.com\/eliassenhomeandgarden\/","https:\/\/www.youtube.com\/@eliassenhomegardenpleasure4558"],"telephone":[],"openingHoursSpecification":[{"@type":"OpeningHoursSpecification","dayOfWeek":["Monday","Tuesday","Wednesday","Thursday","Friday","Saturday","Sunday"],"opens":"09:00","closes":"17:00"}]},{"@type":"ImageObject","inLanguage":"de","@id":"https:\/\/www.eliassen.nl\/de\/weihnachtsdekorationsblocke-122cm\/#local-main-organization-logo","url":"https:\/\/www.eliassen.nl\/wp-content\/uploads\/2024\/01\/logo_4nd.jpg","contentUrl":"https:\/\/www.eliassen.nl\/wp-content\/uploads\/2024\/01\/logo_4nd.jpg","width":500,"height":500,"caption":"Eliassen Home & Garden Pleasure"}]},"product_price_amount":"64.50","product_price_currency":"EUR","og_availability":"out of stock","product_availability":"out of stock","product_retailer_item_id":"ch158m-ch158c","product_condition":"new"},"df_price":64.5,"df_sale_price":"","df_regular_price":64.5,"df_image_link":"https:\/\/www.eliassen.nl\/wp-content\/uploads\/2024\/11\/kerstdecoratieblokkeneliassennl.jpg","image":"https:\/\/www.eliassen.nl\/wp-content\/uploads\/2024\/11\/kerstdecoratieblokkeneliassennl.jpg","price_search":"<span class=\"woocommerce-Price-amount amount\"><bdi><span class=\"woocommerce-Price-currencySymbol\">&euro;<\/span>&nbsp;64,50<\/bdi><\/span>","category":"Dekoration aus Metall","global_unique_id":"6096522031046","_links":{"self":[{"href":"https:\/\/www.eliassen.nl\/de\/wp-json\/wp\/v2\/product\/164914","targetHints":{"allow":["GET"]}}],"collection":[{"href":"https:\/\/www.eliassen.nl\/de\/wp-json\/wp\/v2\/product"}],"about":[{"href":"https:\/\/www.eliassen.nl\/de\/wp-json\/wp\/v2\/types\/product"}],"wp:featuredmedia":[{"embeddable":true,"href":"https:\/\/www.eliassen.nl\/de\/wp-json\/wp\/v2\/media\/164899"}],"wp:attachment":[{"href":"https:\/\/www.eliassen.nl\/de\/wp-json\/wp\/v2\/media?parent=164914"}],"wp:term":[{"taxonomy":"product_brand","embeddable":true,"href":"https:\/\/www.eliassen.nl\/de\/wp-json\/wp\/v2\/product_brand?post=164914"},{"taxonomy":"product_cat","embeddable":true,"href":"https:\/\/www.eliassen.nl\/de\/wp-json\/wp\/v2\/product_cat?post=164914"},{"taxonomy":"product_tag","embeddable":true,"href":"https:\/\/www.eliassen.nl\/de\/wp-json\/wp\/v2\/product_tag?post=164914"}],"curies":[{"name":"wp","href":"https:\/\/api.w.org\/{rel}","templated":true}]}}