{"id":164896,"date":"2024-10-26T12:00:55","date_gmt":"2024-10-26T12:00:55","guid":{"rendered":"https:\/\/www.eliassen.nl\/?product=muur-deur-decoratiebord-wit-99cm"},"modified":"2026-01-16T15:29:47","modified_gmt":"2026-01-16T14:29:47","slug":"wand-tur-weihnachtsdekorationsschild-weiss-99-cm","status":"publish","type":"product","link":"https:\/\/www.eliassen.nl\/de\/wand-tur-weihnachtsdekorationsschild-weiss-99-cm\/","title":{"rendered":"Wand-T\u00fcr-Weihnachtsdeko-Brett Wei\u00df 99cm"},"content":{"rendered":"<p>Wundersch\u00f6ne handgefertigte gro\u00dfe weihnachtliche Wanddekoration aus wei\u00dfem Metall in Form eines Textzeichens.<br \/>\nGefertigt aus Metall f\u00fcr h\u00f6chste Genauigkeit.<\/p>\n<p>Diese Wanddekoration ist innen an der Wand sch\u00f6n, aber nat\u00fcrlich auch drau\u00dfen an oder in der N\u00e4he der Haust\u00fcr, am Gartenh\u00e4uschen, an einem Baum usw. Dieses Brett kann h\u00e4ngen und auf dem Boden stehen. Eine sehr sch\u00f6ne Weihnachtsdekoration f\u00fcr Ihr Zuhause oder Ihr Gesch\u00e4ft, oder zum Verschenken.<br \/>\nFarben und Details k\u00f6nnen leicht vom Foto abweichen, da es sich um ein handgefertigtes Produkt handelt.<\/p>\n<ul>\n<li><strong>Fast alles aus diesem Sortiment an Weihnachtsdekoration k\u00f6nnen Sie auch in unserem Shop ansehen<\/strong><\/li>\n<li>Material: Metall<\/li>\n<li>Gr\u00f6\u00dfe: 20x4x99cm hoch.<\/li>\n<li>Verpackt in stabilem Karton<\/li>\n<li>Schnelle Lieferung<\/li>\n<\/ul>\n","protected":false},"excerpt":{"rendered":"<p><strong>Verwendung im Freien unter Schutz nach Behandlung mit Klarlack m\u00f6glich.<\/strong><\/p>\n","protected":false},"featured_media":164878,"template":"","meta":{"_acf_changed":false,"_genesis_title":"","_genesis_description":""},"product_brand":[7505],"product_cat":[512,509,7468],"product_tag":[],"class_list":{"0":"post-164896","1":"product","2":"type-product","3":"status-publish","4":"has-post-thumbnail","6":"product_brand-sonstige","7":"product_cat-3d-wanddekoration-ohne-rahmen","8":"product_cat-wanddekoration","9":"product_cat-weihnachtsdekoration","11":"first","12":"instock","13":"sale","14":"taxable","15":"shipping-taxable","16":"purchasable","17":"product-type-simple"},"acf":[],"meta_all":{"total_sales":"1","wcml_sync_hash":{"postmeta_fields":"aafd06e5802ebb8ff5d525bb5e078846"},"attr_label_translations":[],"cor_restricted_countries":[]},"meta_all_flat":{"total_sales":"1","wcml_sync_hash.postmeta_fields":"aafd06e5802ebb8ff5d525bb5e078846"},"yoast_head":"<!-- This site is optimized with the Yoast SEO Premium plugin v26.2 (Yoast SEO v27.2) - https:\/\/yoast.com\/product\/yoast-seo-premium-wordpress\/ -->\n<title>Wand-T\u00fcr-Weihnachtsdeko-Brett Wei\u00df 99cm<\/title>\n<meta name=\"description\" content=\"Sch\u00f6nes Modell hoch h\u00e4ngendes Brett Metall Weihnachten. Auffallend wei\u00dfe Farbe. Schauen Sie sich diese Serie auch live an!!!\" \/>\n<meta name=\"robots\" content=\"index, follow, max-snippet:-1, max-image-preview:large, max-video-preview:-1\" \/>\n<link rel=\"canonical\" href=\"https:\/\/www.eliassen.nl\/de\/wand-tur-weihnachtsdekorationsschild-weiss-99-cm\/\" \/>\n<meta property=\"og:locale\" content=\"de_DE\" \/>\n<meta property=\"og:type\" content=\"article\" \/>\n<meta property=\"og:title\" content=\"Sonstige Wand-T\u00fcr-Weihnachtsdeko-Brett Wei\u00df 99cm - Eliassen.nl\" \/>\n<meta property=\"og:description\" content=\"Sch\u00f6nes Modell hoch h\u00e4ngendes Brett Metall Weihnachten. Auffallend wei\u00dfe Farbe. Schauen Sie sich diese Serie auch live an!!!\" \/>\n<meta property=\"og:url\" content=\"https:\/\/www.eliassen.nl\/de\/wand-tur-weihnachtsdekorationsschild-weiss-99-cm\/\" \/>\n<meta property=\"og:site_name\" content=\"Eliassen.nl\" \/>\n<meta property=\"article:publisher\" content=\"https:\/\/www.facebook.com\/TuincentrumEliassenAmmerzoden\" \/>\n<meta property=\"article:modified_time\" content=\"2026-01-16T14:29:47+00:00\" \/>\n<meta property=\"og:image\" content=\"https:\/\/www.eliassen.nl\/wp-content\/uploads\/2024\/11\/ijzerenwanddecoratiemerrychristmaseliassennl.jpg\" \/>\n\t<meta property=\"og:image:width\" content=\"178\" \/>\n\t<meta property=\"og:image:height\" content=\"640\" \/>\n\t<meta property=\"og:image:type\" content=\"image\/jpeg\" \/>\n<meta name=\"twitter:card\" content=\"summary_large_image\" \/>\n<script type=\"application\/ld+json\" class=\"yoast-schema-graph\">{\"@context\":\"https:\/\/schema.org\",\"@graph\":[{\"@type\":\"WebPage\",\"@id\":\"https:\/\/www.eliassen.nl\/de\/wand-tur-weihnachtsdekorationsschild-weiss-99-cm\/\",\"url\":\"https:\/\/www.eliassen.nl\/de\/wand-tur-weihnachtsdekorationsschild-weiss-99-cm\/\",\"name\":\"Wand-T\u00fcr-Weihnachtsdeko-Brett Wei\u00df 99cm\",\"isPartOf\":{\"@id\":\"https:\/\/www.eliassen.nl\/de\/#website\"},\"primaryImageOfPage\":{\"@id\":\"https:\/\/www.eliassen.nl\/de\/wand-tur-weihnachtsdekorationsschild-weiss-99-cm\/#primaryimage\"},\"image\":{\"@id\":\"https:\/\/www.eliassen.nl\/de\/wand-tur-weihnachtsdekorationsschild-weiss-99-cm\/#primaryimage\"},\"thumbnailUrl\":\"https:\/\/www.eliassen.nl\/wp-content\/uploads\/2024\/11\/ijzerenwanddecoratiemerrychristmaseliassennl.jpg\",\"datePublished\":\"2024-10-26T12:00:55+00:00\",\"dateModified\":\"2026-01-16T14:29:47+00:00\",\"description\":\"Sch\u00f6nes Modell hoch h\u00e4ngendes Brett Metall Weihnachten. Auffallend wei\u00dfe Farbe. Schauen Sie sich diese Serie auch live an!!!\",\"breadcrumb\":{\"@id\":\"https:\/\/www.eliassen.nl\/de\/wand-tur-weihnachtsdekorationsschild-weiss-99-cm\/#breadcrumb\"},\"inLanguage\":\"de\",\"potentialAction\":[{\"@type\":\"ReadAction\",\"target\":[\"https:\/\/www.eliassen.nl\/de\/wand-tur-weihnachtsdekorationsschild-weiss-99-cm\/\"]}]},{\"@type\":\"ImageObject\",\"inLanguage\":\"de\",\"@id\":\"https:\/\/www.eliassen.nl\/de\/wand-tur-weihnachtsdekorationsschild-weiss-99-cm\/#primaryimage\",\"url\":\"https:\/\/www.eliassen.nl\/wp-content\/uploads\/2024\/11\/ijzerenwanddecoratiemerrychristmaseliassennl.jpg\",\"contentUrl\":\"https:\/\/www.eliassen.nl\/wp-content\/uploads\/2024\/11\/ijzerenwanddecoratiemerrychristmaseliassennl.jpg\",\"width\":178,\"height\":640,\"caption\":\"eiserne-wand-dekorationen-fr\u00f6hliche-weihnachten-Eliassen.co.uk\"},{\"@type\":\"BreadcrumbList\",\"@id\":\"https:\/\/www.eliassen.nl\/de\/wand-tur-weihnachtsdekorationsschild-weiss-99-cm\/#breadcrumb\",\"itemListElement\":[{\"@type\":\"ListItem\",\"position\":1,\"name\":\"Home\",\"item\":\"https:\/\/www.eliassen.nl\/de\/\"},{\"@type\":\"ListItem\",\"position\":2,\"name\":\"Shop\",\"item\":\"https:\/\/www.eliassen.nl\/de\/shop\/\"},{\"@type\":\"ListItem\",\"position\":3,\"name\":\"Wanddekoration\",\"item\":\"https:\/\/www.eliassen.nl\/de\/wanddekoration\/\"},{\"@type\":\"ListItem\",\"position\":4,\"name\":\"Wand-T\u00fcr-Weihnachtsdeko-Brett Wei\u00df 99cm\"}]},{\"@type\":\"WebSite\",\"@id\":\"https:\/\/www.eliassen.nl\/de\/#website\",\"url\":\"https:\/\/www.eliassen.nl\/de\/\",\"name\":\"Eliassen Home & Garden Pleasure\",\"description\":\"\",\"publisher\":{\"@id\":\"https:\/\/www.eliassen.nl\/de\/#organization\"},\"alternateName\":\"Eliassen.nl\",\"potentialAction\":[{\"@type\":\"SearchAction\",\"target\":{\"@type\":\"EntryPoint\",\"urlTemplate\":\"https:\/\/www.eliassen.nl\/de\/?s={search_term_string}\"},\"query-input\":{\"@type\":\"PropertyValueSpecification\",\"valueRequired\":true,\"valueName\":\"search_term_string\"}}],\"inLanguage\":\"de\"},{\"@type\":[\"Organization\",\"Place\"],\"@id\":\"https:\/\/www.eliassen.nl\/de\/#organization\",\"name\":\"Eliassen Home & Garden Pleasure\",\"url\":\"https:\/\/www.eliassen.nl\/de\/\",\"logo\":{\"@id\":\"https:\/\/www.eliassen.nl\/de\/wand-tur-weihnachtsdekorationsschild-weiss-99-cm\/#local-main-organization-logo\"},\"image\":{\"@id\":\"https:\/\/www.eliassen.nl\/de\/wand-tur-weihnachtsdekorationsschild-weiss-99-cm\/#local-main-organization-logo\"},\"sameAs\":[\"https:\/\/www.facebook.com\/TuincentrumEliassenAmmerzoden\",\"https:\/\/www.instagram.com\/eliassenhomeandgarden\/\",\"https:\/\/nl.pinterest.com\/eliassenhomeandgarden\/\",\"https:\/\/www.youtube.com\/@eliassenhomegardenpleasure4558\"],\"telephone\":[],\"openingHoursSpecification\":[{\"@type\":\"OpeningHoursSpecification\",\"dayOfWeek\":[\"Monday\",\"Tuesday\",\"Wednesday\",\"Thursday\",\"Friday\",\"Saturday\",\"Sunday\"],\"opens\":\"09:00\",\"closes\":\"17:00\"}]},{\"@type\":\"ImageObject\",\"inLanguage\":\"de\",\"@id\":\"https:\/\/www.eliassen.nl\/de\/wand-tur-weihnachtsdekorationsschild-weiss-99-cm\/#local-main-organization-logo\",\"url\":\"https:\/\/www.eliassen.nl\/wp-content\/uploads\/2024\/01\/logo_4nd.jpg\",\"contentUrl\":\"https:\/\/www.eliassen.nl\/wp-content\/uploads\/2024\/01\/logo_4nd.jpg\",\"width\":500,\"height\":500,\"caption\":\"Eliassen Home & Garden Pleasure\"}]}<\/script>\n<meta property=\"product:price:amount\" content=\"27.50\" \/>\n<meta property=\"product:price:currency\" content=\"EUR\" \/>\n<meta property=\"og:availability\" content=\"instock\" \/>\n<meta property=\"product:availability\" content=\"instock\" \/>\n<meta property=\"product:retailer_item_id\" content=\"ch150-w\" \/>\n<meta property=\"product:condition\" content=\"new\" \/>\n<!-- \/ Yoast SEO Premium plugin. -->","yoast_head_json":{"title":"Wand-T\u00fcr-Weihnachtsdeko-Brett Wei\u00df 99cm","description":"Sch\u00f6nes Modell hoch h\u00e4ngendes Brett Metall Weihnachten. Auffallend wei\u00dfe Farbe. Schauen Sie sich diese Serie auch live an!!!","robots":{"index":"index","follow":"follow","max-snippet":"max-snippet:-1","max-image-preview":"max-image-preview:large","max-video-preview":"max-video-preview:-1"},"canonical":"https:\/\/www.eliassen.nl\/de\/wand-tur-weihnachtsdekorationsschild-weiss-99-cm\/","og_locale":"de_DE","og_type":"article","og_title":"Sonstige Wand-T\u00fcr-Weihnachtsdeko-Brett Wei\u00df 99cm - Eliassen.nl","og_description":"Sch\u00f6nes Modell hoch h\u00e4ngendes Brett Metall Weihnachten. Auffallend wei\u00dfe Farbe. Schauen Sie sich diese Serie auch live an!!!","og_url":"https:\/\/www.eliassen.nl\/de\/wand-tur-weihnachtsdekorationsschild-weiss-99-cm\/","og_site_name":"Eliassen.nl","article_publisher":"https:\/\/www.facebook.com\/TuincentrumEliassenAmmerzoden","article_modified_time":"2026-01-16T14:29:47+00:00","og_image":[{"width":178,"height":640,"url":"https:\/\/www.eliassen.nl\/wp-content\/uploads\/2024\/11\/ijzerenwanddecoratiemerrychristmaseliassennl.jpg","type":"image\/jpeg"}],"twitter_card":"summary_large_image","schema":{"@context":"https:\/\/schema.org","@graph":[{"@type":"WebPage","@id":"https:\/\/www.eliassen.nl\/de\/wand-tur-weihnachtsdekorationsschild-weiss-99-cm\/","url":"https:\/\/www.eliassen.nl\/de\/wand-tur-weihnachtsdekorationsschild-weiss-99-cm\/","name":"Wand-T\u00fcr-Weihnachtsdeko-Brett Wei\u00df 99cm","isPartOf":{"@id":"https:\/\/www.eliassen.nl\/de\/#website"},"primaryImageOfPage":{"@id":"https:\/\/www.eliassen.nl\/de\/wand-tur-weihnachtsdekorationsschild-weiss-99-cm\/#primaryimage"},"image":{"@id":"https:\/\/www.eliassen.nl\/de\/wand-tur-weihnachtsdekorationsschild-weiss-99-cm\/#primaryimage"},"thumbnailUrl":"https:\/\/www.eliassen.nl\/wp-content\/uploads\/2024\/11\/ijzerenwanddecoratiemerrychristmaseliassennl.jpg","datePublished":"2024-10-26T12:00:55+00:00","dateModified":"2026-01-16T14:29:47+00:00","description":"Sch\u00f6nes Modell hoch h\u00e4ngendes Brett Metall Weihnachten. Auffallend wei\u00dfe Farbe. Schauen Sie sich diese Serie auch live an!!!","breadcrumb":{"@id":"https:\/\/www.eliassen.nl\/de\/wand-tur-weihnachtsdekorationsschild-weiss-99-cm\/#breadcrumb"},"inLanguage":"de","potentialAction":[{"@type":"ReadAction","target":["https:\/\/www.eliassen.nl\/de\/wand-tur-weihnachtsdekorationsschild-weiss-99-cm\/"]}]},{"@type":"ImageObject","inLanguage":"de","@id":"https:\/\/www.eliassen.nl\/de\/wand-tur-weihnachtsdekorationsschild-weiss-99-cm\/#primaryimage","url":"https:\/\/www.eliassen.nl\/wp-content\/uploads\/2024\/11\/ijzerenwanddecoratiemerrychristmaseliassennl.jpg","contentUrl":"https:\/\/www.eliassen.nl\/wp-content\/uploads\/2024\/11\/ijzerenwanddecoratiemerrychristmaseliassennl.jpg","width":178,"height":640,"caption":"eiserne-wand-dekorationen-fr\u00f6hliche-weihnachten-Eliassen.co.uk"},{"@type":"BreadcrumbList","@id":"https:\/\/www.eliassen.nl\/de\/wand-tur-weihnachtsdekorationsschild-weiss-99-cm\/#breadcrumb","itemListElement":[{"@type":"ListItem","position":1,"name":"Home","item":"https:\/\/www.eliassen.nl\/de\/"},{"@type":"ListItem","position":2,"name":"Shop","item":"https:\/\/www.eliassen.nl\/de\/shop\/"},{"@type":"ListItem","position":3,"name":"Wanddekoration","item":"https:\/\/www.eliassen.nl\/de\/wanddekoration\/"},{"@type":"ListItem","position":4,"name":"Wand-T\u00fcr-Weihnachtsdeko-Brett Wei\u00df 99cm"}]},{"@type":"WebSite","@id":"https:\/\/www.eliassen.nl\/de\/#website","url":"https:\/\/www.eliassen.nl\/de\/","name":"Eliassen Home & Garden Pleasure","description":"","publisher":{"@id":"https:\/\/www.eliassen.nl\/de\/#organization"},"alternateName":"Eliassen.nl","potentialAction":[{"@type":"SearchAction","target":{"@type":"EntryPoint","urlTemplate":"https:\/\/www.eliassen.nl\/de\/?s={search_term_string}"},"query-input":{"@type":"PropertyValueSpecification","valueRequired":true,"valueName":"search_term_string"}}],"inLanguage":"de"},{"@type":["Organization","Place"],"@id":"https:\/\/www.eliassen.nl\/de\/#organization","name":"Eliassen Home & Garden Pleasure","url":"https:\/\/www.eliassen.nl\/de\/","logo":{"@id":"https:\/\/www.eliassen.nl\/de\/wand-tur-weihnachtsdekorationsschild-weiss-99-cm\/#local-main-organization-logo"},"image":{"@id":"https:\/\/www.eliassen.nl\/de\/wand-tur-weihnachtsdekorationsschild-weiss-99-cm\/#local-main-organization-logo"},"sameAs":["https:\/\/www.facebook.com\/TuincentrumEliassenAmmerzoden","https:\/\/www.instagram.com\/eliassenhomeandgarden\/","https:\/\/nl.pinterest.com\/eliassenhomeandgarden\/","https:\/\/www.youtube.com\/@eliassenhomegardenpleasure4558"],"telephone":[],"openingHoursSpecification":[{"@type":"OpeningHoursSpecification","dayOfWeek":["Monday","Tuesday","Wednesday","Thursday","Friday","Saturday","Sunday"],"opens":"09:00","closes":"17:00"}]},{"@type":"ImageObject","inLanguage":"de","@id":"https:\/\/www.eliassen.nl\/de\/wand-tur-weihnachtsdekorationsschild-weiss-99-cm\/#local-main-organization-logo","url":"https:\/\/www.eliassen.nl\/wp-content\/uploads\/2024\/01\/logo_4nd.jpg","contentUrl":"https:\/\/www.eliassen.nl\/wp-content\/uploads\/2024\/01\/logo_4nd.jpg","width":500,"height":500,"caption":"Eliassen Home & Garden Pleasure"}]},"product_price_amount":"27.50","product_price_currency":"EUR","og_availability":"instock","product_availability":"instock","product_retailer_item_id":"ch150-w","product_condition":"new"},"df_price":27.5,"df_sale_price":27.5,"df_regular_price":36.5,"df_image_link":"https:\/\/www.eliassen.nl\/wp-content\/uploads\/2024\/11\/ijzerenwanddecoratiemerrychristmaseliassennl.jpg","image":"https:\/\/www.eliassen.nl\/wp-content\/uploads\/2024\/11\/ijzerenwanddecoratiemerrychristmaseliassennl.jpg","price_search":"<span class=\"woocommerce-Price-amount amount\"><bdi><span class=\"woocommerce-Price-currencySymbol\">&euro;<\/span>&nbsp;27,50<\/bdi><\/span>","category":"3D-Wanddekoration ohne Rahmen","global_unique_id":"6096522745745","_links":{"self":[{"href":"https:\/\/www.eliassen.nl\/de\/wp-json\/wp\/v2\/product\/164896","targetHints":{"allow":["GET"]}}],"collection":[{"href":"https:\/\/www.eliassen.nl\/de\/wp-json\/wp\/v2\/product"}],"about":[{"href":"https:\/\/www.eliassen.nl\/de\/wp-json\/wp\/v2\/types\/product"}],"wp:featuredmedia":[{"embeddable":true,"href":"https:\/\/www.eliassen.nl\/de\/wp-json\/wp\/v2\/media\/164878"}],"wp:attachment":[{"href":"https:\/\/www.eliassen.nl\/de\/wp-json\/wp\/v2\/media?parent=164896"}],"wp:term":[{"taxonomy":"product_brand","embeddable":true,"href":"https:\/\/www.eliassen.nl\/de\/wp-json\/wp\/v2\/product_brand?post=164896"},{"taxonomy":"product_cat","embeddable":true,"href":"https:\/\/www.eliassen.nl\/de\/wp-json\/wp\/v2\/product_cat?post=164896"},{"taxonomy":"product_tag","embeddable":true,"href":"https:\/\/www.eliassen.nl\/de\/wp-json\/wp\/v2\/product_tag?post=164896"}],"curies":[{"name":"wp","href":"https:\/\/api.w.org\/{rel}","templated":true}]}}