{"id":164875,"date":"2024-10-26T12:03:31","date_gmt":"2024-10-26T12:03:31","guid":{"rendered":"https:\/\/www.eliassen.nl\/?product=muur-deur-kerst-decoratiebord-rood-99cm"},"modified":"2026-01-16T15:28:43","modified_gmt":"2026-01-16T14:28:43","slug":"wand-tur-weihnachtsdekorationsschild-rot-99-cm","status":"publish","type":"product","link":"https:\/\/www.eliassen.nl\/de\/wand-tur-weihnachtsdekorationsschild-rot-99-cm\/","title":{"rendered":"Wandt\u00fcr Weihnachtsdekoration Schild Rot 99cm"},"content":{"rendered":"<p>Wundersch\u00f6ne handgefertigte gro\u00dfe rote Metall-Weihnachtswanddekoration in Form eines Textzeichens.<br \/>\nGefertigt aus Metall f\u00fcr h\u00f6chste Genauigkeit.<\/p>\n<p>Diese Wanddekoration ist innen an der Wand sch\u00f6n, aber nat\u00fcrlich auch drau\u00dfen an oder in der N\u00e4he der Haust\u00fcr, am Gartenh\u00e4uschen, an einem Baum usw. Dieses Brett kann h\u00e4ngen und auf dem Boden stehen. Eine sehr sch\u00f6ne Weihnachtsdekoration f\u00fcr Ihr Zuhause oder Ihr Gesch\u00e4ft, oder zum Verschenken.<br \/>\nFarben und Details k\u00f6nnen leicht vom Foto abweichen, da es sich um ein handgefertigtes Produkt handelt.<\/p>\n<ul>\n<li><strong>Fast alles aus diesem Sortiment an Weihnachtsdekoration k\u00f6nnen Sie auch in unserem Shop ansehen<\/strong><\/li>\n<li>Material: Metall<\/li>\n<li>Gr\u00f6\u00dfe: 20x4x99cm hoch.<\/li>\n<li>Verpackt in stabilem Karton<\/li>\n<li>Schnelle Lieferung<\/li>\n<\/ul>\n","protected":false},"excerpt":{"rendered":"<p><strong>Verwendung im Freien unter Schutz nach Behandlung mit Klarlack m\u00f6glich.<\/strong><\/p>\n","protected":false},"featured_media":164860,"template":"","meta":{"_acf_changed":false,"_genesis_title":"","_genesis_description":""},"product_brand":[7505],"product_cat":[512,509,7468],"product_tag":[],"class_list":{"0":"post-164875","1":"product","2":"type-product","3":"status-publish","4":"has-post-thumbnail","6":"product_brand-sonstige","7":"product_cat-3d-wanddekoration-ohne-rahmen","8":"product_cat-wanddekoration","9":"product_cat-weihnachtsdekoration","11":"first","12":"instock","13":"sale","14":"taxable","15":"shipping-taxable","16":"purchasable","17":"product-type-simple"},"acf":[],"meta_all":{"total_sales":"2","wcml_sync_hash":{"postmeta_fields":"5031c8c7678513781d6bdcfc70e78068"},"attr_label_translations":[],"cor_restricted_countries":[]},"meta_all_flat":{"total_sales":"2","wcml_sync_hash.postmeta_fields":"5031c8c7678513781d6bdcfc70e78068"},"yoast_head":"<!-- This site is optimized with the Yoast SEO Premium plugin v26.2 (Yoast SEO v27.2) - https:\/\/yoast.com\/product\/yoast-seo-premium-wordpress\/ -->\n<title>Wandt\u00fcr Weihnachtsdekoration Schild Rot 99cm<\/title>\n<meta name=\"description\" content=\"Sch\u00f6nes Modell hoch h\u00e4ngendes Brett Metall Weihnachten. Auffallend rote Farbe. Schauen Sie sich diese Serie auch live an!!!\" \/>\n<meta name=\"robots\" content=\"index, follow, max-snippet:-1, max-image-preview:large, max-video-preview:-1\" \/>\n<link rel=\"canonical\" href=\"https:\/\/www.eliassen.nl\/de\/wand-tur-weihnachtsdekorationsschild-rot-99-cm\/\" \/>\n<meta property=\"og:locale\" content=\"de_DE\" \/>\n<meta property=\"og:type\" content=\"article\" \/>\n<meta property=\"og:title\" content=\"Sonstige Wandt\u00fcr Weihnachtsdekoration Schild Rot 99cm - Eliassen.nl\" \/>\n<meta property=\"og:description\" content=\"Sch\u00f6nes Modell hoch h\u00e4ngendes Brett Metall Weihnachten. Auffallend rote Farbe. Schauen Sie sich diese Serie auch live an!!!\" \/>\n<meta property=\"og:url\" content=\"https:\/\/www.eliassen.nl\/de\/wand-tur-weihnachtsdekorationsschild-rot-99-cm\/\" \/>\n<meta property=\"og:site_name\" content=\"Eliassen.nl\" \/>\n<meta property=\"article:publisher\" content=\"https:\/\/www.facebook.com\/TuincentrumEliassenAmmerzoden\" \/>\n<meta property=\"article:modified_time\" content=\"2026-01-16T14:28:43+00:00\" \/>\n<meta property=\"og:image\" content=\"https:\/\/www.eliassen.nl\/wp-content\/uploads\/2024\/11\/kerstwandbordroodeliassennl.jpg\" \/>\n\t<meta property=\"og:image:width\" content=\"919\" \/>\n\t<meta property=\"og:image:height\" content=\"2048\" \/>\n\t<meta property=\"og:image:type\" content=\"image\/jpeg\" \/>\n<meta name=\"twitter:card\" content=\"summary_large_image\" \/>\n<script type=\"application\/ld+json\" class=\"yoast-schema-graph\">{\"@context\":\"https:\/\/schema.org\",\"@graph\":[{\"@type\":\"WebPage\",\"@id\":\"https:\/\/www.eliassen.nl\/de\/wand-tur-weihnachtsdekorationsschild-rot-99-cm\/\",\"url\":\"https:\/\/www.eliassen.nl\/de\/wand-tur-weihnachtsdekorationsschild-rot-99-cm\/\",\"name\":\"Wandt\u00fcr Weihnachtsdekoration Schild Rot 99cm\",\"isPartOf\":{\"@id\":\"https:\/\/www.eliassen.nl\/de\/#website\"},\"primaryImageOfPage\":{\"@id\":\"https:\/\/www.eliassen.nl\/de\/wand-tur-weihnachtsdekorationsschild-rot-99-cm\/#primaryimage\"},\"image\":{\"@id\":\"https:\/\/www.eliassen.nl\/de\/wand-tur-weihnachtsdekorationsschild-rot-99-cm\/#primaryimage\"},\"thumbnailUrl\":\"https:\/\/www.eliassen.nl\/wp-content\/uploads\/2024\/11\/kerstwandbordroodeliassennl.jpg\",\"datePublished\":\"2024-10-26T12:03:31+00:00\",\"dateModified\":\"2026-01-16T14:28:43+00:00\",\"description\":\"Sch\u00f6nes Modell hoch h\u00e4ngendes Brett Metall Weihnachten. Auffallend rote Farbe. Schauen Sie sich diese Serie auch live an!!!\",\"breadcrumb\":{\"@id\":\"https:\/\/www.eliassen.nl\/de\/wand-tur-weihnachtsdekorationsschild-rot-99-cm\/#breadcrumb\"},\"inLanguage\":\"de\",\"potentialAction\":[{\"@type\":\"ReadAction\",\"target\":[\"https:\/\/www.eliassen.nl\/de\/wand-tur-weihnachtsdekorationsschild-rot-99-cm\/\"]}]},{\"@type\":\"ImageObject\",\"inLanguage\":\"de\",\"@id\":\"https:\/\/www.eliassen.nl\/de\/wand-tur-weihnachtsdekorationsschild-rot-99-cm\/#primaryimage\",\"url\":\"https:\/\/www.eliassen.nl\/wp-content\/uploads\/2024\/11\/kerstwandbordroodeliassennl.jpg\",\"contentUrl\":\"https:\/\/www.eliassen.nl\/wp-content\/uploads\/2024\/11\/kerstwandbordroodeliassennl.jpg\",\"width\":919,\"height\":2048,\"caption\":\"Weihnachten Wandschild rot Eliassen.nl\"},{\"@type\":\"BreadcrumbList\",\"@id\":\"https:\/\/www.eliassen.nl\/de\/wand-tur-weihnachtsdekorationsschild-rot-99-cm\/#breadcrumb\",\"itemListElement\":[{\"@type\":\"ListItem\",\"position\":1,\"name\":\"Home\",\"item\":\"https:\/\/www.eliassen.nl\/de\/\"},{\"@type\":\"ListItem\",\"position\":2,\"name\":\"Shop\",\"item\":\"https:\/\/www.eliassen.nl\/de\/shop\/\"},{\"@type\":\"ListItem\",\"position\":3,\"name\":\"Wanddekoration\",\"item\":\"https:\/\/www.eliassen.nl\/de\/wanddekoration\/\"},{\"@type\":\"ListItem\",\"position\":4,\"name\":\"Wandt\u00fcr Weihnachtsdekoration Schild Rot 99cm\"}]},{\"@type\":\"WebSite\",\"@id\":\"https:\/\/www.eliassen.nl\/de\/#website\",\"url\":\"https:\/\/www.eliassen.nl\/de\/\",\"name\":\"Eliassen Home & Garden Pleasure\",\"description\":\"\",\"publisher\":{\"@id\":\"https:\/\/www.eliassen.nl\/de\/#organization\"},\"alternateName\":\"Eliassen.nl\",\"potentialAction\":[{\"@type\":\"SearchAction\",\"target\":{\"@type\":\"EntryPoint\",\"urlTemplate\":\"https:\/\/www.eliassen.nl\/de\/?s={search_term_string}\"},\"query-input\":{\"@type\":\"PropertyValueSpecification\",\"valueRequired\":true,\"valueName\":\"search_term_string\"}}],\"inLanguage\":\"de\"},{\"@type\":[\"Organization\",\"Place\"],\"@id\":\"https:\/\/www.eliassen.nl\/de\/#organization\",\"name\":\"Eliassen Home & Garden Pleasure\",\"url\":\"https:\/\/www.eliassen.nl\/de\/\",\"logo\":{\"@id\":\"https:\/\/www.eliassen.nl\/de\/wand-tur-weihnachtsdekorationsschild-rot-99-cm\/#local-main-organization-logo\"},\"image\":{\"@id\":\"https:\/\/www.eliassen.nl\/de\/wand-tur-weihnachtsdekorationsschild-rot-99-cm\/#local-main-organization-logo\"},\"sameAs\":[\"https:\/\/www.facebook.com\/TuincentrumEliassenAmmerzoden\",\"https:\/\/www.instagram.com\/eliassenhomeandgarden\/\",\"https:\/\/nl.pinterest.com\/eliassenhomeandgarden\/\",\"https:\/\/www.youtube.com\/@eliassenhomegardenpleasure4558\"],\"telephone\":[],\"openingHoursSpecification\":[{\"@type\":\"OpeningHoursSpecification\",\"dayOfWeek\":[\"Monday\",\"Tuesday\",\"Wednesday\",\"Thursday\",\"Friday\",\"Saturday\",\"Sunday\"],\"opens\":\"09:00\",\"closes\":\"17:00\"}]},{\"@type\":\"ImageObject\",\"inLanguage\":\"de\",\"@id\":\"https:\/\/www.eliassen.nl\/de\/wand-tur-weihnachtsdekorationsschild-rot-99-cm\/#local-main-organization-logo\",\"url\":\"https:\/\/www.eliassen.nl\/wp-content\/uploads\/2024\/01\/logo_4nd.jpg\",\"contentUrl\":\"https:\/\/www.eliassen.nl\/wp-content\/uploads\/2024\/01\/logo_4nd.jpg\",\"width\":500,\"height\":500,\"caption\":\"Eliassen Home & Garden Pleasure\"}]}<\/script>\n<meta property=\"product:price:amount\" content=\"27.50\" \/>\n<meta property=\"product:price:currency\" content=\"EUR\" \/>\n<meta property=\"og:availability\" content=\"instock\" \/>\n<meta property=\"product:availability\" content=\"instock\" \/>\n<meta property=\"product:retailer_item_id\" content=\"ch150-r\" \/>\n<meta property=\"product:condition\" content=\"new\" \/>\n<!-- \/ Yoast SEO Premium plugin. -->","yoast_head_json":{"title":"Wandt\u00fcr Weihnachtsdekoration Schild Rot 99cm","description":"Sch\u00f6nes Modell hoch h\u00e4ngendes Brett Metall Weihnachten. Auffallend rote Farbe. Schauen Sie sich diese Serie auch live an!!!","robots":{"index":"index","follow":"follow","max-snippet":"max-snippet:-1","max-image-preview":"max-image-preview:large","max-video-preview":"max-video-preview:-1"},"canonical":"https:\/\/www.eliassen.nl\/de\/wand-tur-weihnachtsdekorationsschild-rot-99-cm\/","og_locale":"de_DE","og_type":"article","og_title":"Sonstige Wandt\u00fcr Weihnachtsdekoration Schild Rot 99cm - Eliassen.nl","og_description":"Sch\u00f6nes Modell hoch h\u00e4ngendes Brett Metall Weihnachten. Auffallend rote Farbe. Schauen Sie sich diese Serie auch live an!!!","og_url":"https:\/\/www.eliassen.nl\/de\/wand-tur-weihnachtsdekorationsschild-rot-99-cm\/","og_site_name":"Eliassen.nl","article_publisher":"https:\/\/www.facebook.com\/TuincentrumEliassenAmmerzoden","article_modified_time":"2026-01-16T14:28:43+00:00","og_image":[{"width":919,"height":2048,"url":"https:\/\/www.eliassen.nl\/wp-content\/uploads\/2024\/11\/kerstwandbordroodeliassennl.jpg","type":"image\/jpeg"}],"twitter_card":"summary_large_image","schema":{"@context":"https:\/\/schema.org","@graph":[{"@type":"WebPage","@id":"https:\/\/www.eliassen.nl\/de\/wand-tur-weihnachtsdekorationsschild-rot-99-cm\/","url":"https:\/\/www.eliassen.nl\/de\/wand-tur-weihnachtsdekorationsschild-rot-99-cm\/","name":"Wandt\u00fcr Weihnachtsdekoration Schild Rot 99cm","isPartOf":{"@id":"https:\/\/www.eliassen.nl\/de\/#website"},"primaryImageOfPage":{"@id":"https:\/\/www.eliassen.nl\/de\/wand-tur-weihnachtsdekorationsschild-rot-99-cm\/#primaryimage"},"image":{"@id":"https:\/\/www.eliassen.nl\/de\/wand-tur-weihnachtsdekorationsschild-rot-99-cm\/#primaryimage"},"thumbnailUrl":"https:\/\/www.eliassen.nl\/wp-content\/uploads\/2024\/11\/kerstwandbordroodeliassennl.jpg","datePublished":"2024-10-26T12:03:31+00:00","dateModified":"2026-01-16T14:28:43+00:00","description":"Sch\u00f6nes Modell hoch h\u00e4ngendes Brett Metall Weihnachten. Auffallend rote Farbe. Schauen Sie sich diese Serie auch live an!!!","breadcrumb":{"@id":"https:\/\/www.eliassen.nl\/de\/wand-tur-weihnachtsdekorationsschild-rot-99-cm\/#breadcrumb"},"inLanguage":"de","potentialAction":[{"@type":"ReadAction","target":["https:\/\/www.eliassen.nl\/de\/wand-tur-weihnachtsdekorationsschild-rot-99-cm\/"]}]},{"@type":"ImageObject","inLanguage":"de","@id":"https:\/\/www.eliassen.nl\/de\/wand-tur-weihnachtsdekorationsschild-rot-99-cm\/#primaryimage","url":"https:\/\/www.eliassen.nl\/wp-content\/uploads\/2024\/11\/kerstwandbordroodeliassennl.jpg","contentUrl":"https:\/\/www.eliassen.nl\/wp-content\/uploads\/2024\/11\/kerstwandbordroodeliassennl.jpg","width":919,"height":2048,"caption":"Weihnachten Wandschild rot Eliassen.nl"},{"@type":"BreadcrumbList","@id":"https:\/\/www.eliassen.nl\/de\/wand-tur-weihnachtsdekorationsschild-rot-99-cm\/#breadcrumb","itemListElement":[{"@type":"ListItem","position":1,"name":"Home","item":"https:\/\/www.eliassen.nl\/de\/"},{"@type":"ListItem","position":2,"name":"Shop","item":"https:\/\/www.eliassen.nl\/de\/shop\/"},{"@type":"ListItem","position":3,"name":"Wanddekoration","item":"https:\/\/www.eliassen.nl\/de\/wanddekoration\/"},{"@type":"ListItem","position":4,"name":"Wandt\u00fcr Weihnachtsdekoration Schild Rot 99cm"}]},{"@type":"WebSite","@id":"https:\/\/www.eliassen.nl\/de\/#website","url":"https:\/\/www.eliassen.nl\/de\/","name":"Eliassen Home & Garden Pleasure","description":"","publisher":{"@id":"https:\/\/www.eliassen.nl\/de\/#organization"},"alternateName":"Eliassen.nl","potentialAction":[{"@type":"SearchAction","target":{"@type":"EntryPoint","urlTemplate":"https:\/\/www.eliassen.nl\/de\/?s={search_term_string}"},"query-input":{"@type":"PropertyValueSpecification","valueRequired":true,"valueName":"search_term_string"}}],"inLanguage":"de"},{"@type":["Organization","Place"],"@id":"https:\/\/www.eliassen.nl\/de\/#organization","name":"Eliassen Home & Garden Pleasure","url":"https:\/\/www.eliassen.nl\/de\/","logo":{"@id":"https:\/\/www.eliassen.nl\/de\/wand-tur-weihnachtsdekorationsschild-rot-99-cm\/#local-main-organization-logo"},"image":{"@id":"https:\/\/www.eliassen.nl\/de\/wand-tur-weihnachtsdekorationsschild-rot-99-cm\/#local-main-organization-logo"},"sameAs":["https:\/\/www.facebook.com\/TuincentrumEliassenAmmerzoden","https:\/\/www.instagram.com\/eliassenhomeandgarden\/","https:\/\/nl.pinterest.com\/eliassenhomeandgarden\/","https:\/\/www.youtube.com\/@eliassenhomegardenpleasure4558"],"telephone":[],"openingHoursSpecification":[{"@type":"OpeningHoursSpecification","dayOfWeek":["Monday","Tuesday","Wednesday","Thursday","Friday","Saturday","Sunday"],"opens":"09:00","closes":"17:00"}]},{"@type":"ImageObject","inLanguage":"de","@id":"https:\/\/www.eliassen.nl\/de\/wand-tur-weihnachtsdekorationsschild-rot-99-cm\/#local-main-organization-logo","url":"https:\/\/www.eliassen.nl\/wp-content\/uploads\/2024\/01\/logo_4nd.jpg","contentUrl":"https:\/\/www.eliassen.nl\/wp-content\/uploads\/2024\/01\/logo_4nd.jpg","width":500,"height":500,"caption":"Eliassen Home & Garden Pleasure"}]},"product_price_amount":"27.50","product_price_currency":"EUR","og_availability":"instock","product_availability":"instock","product_retailer_item_id":"ch150-r","product_condition":"new"},"df_price":27.5,"df_sale_price":27.5,"df_regular_price":36.5,"df_image_link":"https:\/\/www.eliassen.nl\/wp-content\/uploads\/2024\/11\/kerstwandbordroodeliassennl.jpg","image":"https:\/\/www.eliassen.nl\/wp-content\/uploads\/2024\/11\/kerstwandbordroodeliassennl.jpg","price_search":"<span class=\"woocommerce-Price-amount amount\"><bdi><span class=\"woocommerce-Price-currencySymbol\">&euro;<\/span>&nbsp;27,50<\/bdi><\/span>","category":"3D-Wanddekoration ohne Rahmen","global_unique_id":"6096525014046","_links":{"self":[{"href":"https:\/\/www.eliassen.nl\/de\/wp-json\/wp\/v2\/product\/164875","targetHints":{"allow":["GET"]}}],"collection":[{"href":"https:\/\/www.eliassen.nl\/de\/wp-json\/wp\/v2\/product"}],"about":[{"href":"https:\/\/www.eliassen.nl\/de\/wp-json\/wp\/v2\/types\/product"}],"wp:featuredmedia":[{"embeddable":true,"href":"https:\/\/www.eliassen.nl\/de\/wp-json\/wp\/v2\/media\/164860"}],"wp:attachment":[{"href":"https:\/\/www.eliassen.nl\/de\/wp-json\/wp\/v2\/media?parent=164875"}],"wp:term":[{"taxonomy":"product_brand","embeddable":true,"href":"https:\/\/www.eliassen.nl\/de\/wp-json\/wp\/v2\/product_brand?post=164875"},{"taxonomy":"product_cat","embeddable":true,"href":"https:\/\/www.eliassen.nl\/de\/wp-json\/wp\/v2\/product_cat?post=164875"},{"taxonomy":"product_tag","embeddable":true,"href":"https:\/\/www.eliassen.nl\/de\/wp-json\/wp\/v2\/product_tag?post=164875"}],"curies":[{"name":"wp","href":"https:\/\/api.w.org\/{rel}","templated":true}]}}