{"id":164665,"date":"2024-10-29T15:43:49","date_gmt":"2024-10-29T14:43:49","guid":{"rendered":"https:\/\/www.eliassen.nl\/?product=aqua-clear-plus-500ml-wateronderhoud"},"modified":"2026-02-26T09:29:20","modified_gmt":"2026-02-26T08:29:20","slug":"aqua-clear-plus-500-ml-wasserpflege","status":"publish","type":"product","link":"https:\/\/www.eliassen.nl\/de\/aqua-clear-plus-500-ml-wasserpflege\/","title":{"rendered":"Aqua Clear Plus 250ml Wasserpflege"},"content":{"rendered":"<h1>Aqua Clear Plus Ubbink 250 ml L\u00f6sung gegen gr\u00fcnes Wasser<\/h1>\n<p>Schnelle Wirkung f\u00fcr klares Wasser, besonders in warmen Perioden<\/p>\n<p>Wirkt gegen gr\u00fcnliches Wasser<\/p>\n<p>Die ben\u00f6tigte Menge sollte in einem Eimer oder einer Gie\u00dfkanne verd\u00fcnnt und dann gleichm\u00e4\u00dfig \u00fcber das Becken verteilt werden<\/p>\n<p>Dosierung 50 ml = 1000 ltr<\/p>\n<p>Au\u00dferhalb der Reichweite von Kindern aufbewahren<\/p>\n","protected":false},"excerpt":{"rendered":"<p>Werden Sie Ihr gr\u00fcnes Wasser schnell los<\/p>\n","protected":false},"featured_media":203251,"template":"","meta":{"_acf_changed":false,"_genesis_title":"","_genesis_description":""},"product_brand":[7505],"product_cat":[545],"product_tag":[],"class_list":{"0":"post-164665","1":"product","2":"type-product","3":"status-publish","4":"has-post-thumbnail","6":"product_brand-sonstige","7":"product_cat-teile-wasserspiele","9":"first","10":"instock","11":"taxable","12":"shipping-taxable","13":"purchasable","14":"product-type-simple"},"acf":[],"meta_all":{"total_sales":"20","wcml_sync_hash":{"postmeta_fields":"849503536049572df0051224499518b1"},"attr_label_translations":[],"cor_restricted_countries":[]},"meta_all_flat":{"total_sales":"20","wcml_sync_hash.postmeta_fields":"849503536049572df0051224499518b1"},"yoast_head":"<!-- This site is optimized with the Yoast SEO Premium plugin v26.2 (Yoast SEO v27.2) - https:\/\/yoast.com\/product\/yoast-seo-premium-wordpress\/ -->\n<title>Aqua Clear Plus 250ml Wasserpflege<\/title>\n<meta name=\"robots\" content=\"index, follow, max-snippet:-1, max-image-preview:large, max-video-preview:-1\" \/>\n<link rel=\"canonical\" href=\"https:\/\/www.eliassen.nl\/de\/aqua-clear-plus-500-ml-wasserpflege\/\" \/>\n<meta property=\"og:locale\" content=\"de_DE\" \/>\n<meta property=\"og:type\" content=\"article\" \/>\n<meta property=\"og:title\" content=\"Sonstige Aqua Clear Plus 250ml Wasserpflege - Eliassen.nl\" \/>\n<meta property=\"og:description\" content=\"Werden Sie Ihr gr\u00fcnes Wasser schnell los\" \/>\n<meta property=\"og:url\" content=\"https:\/\/www.eliassen.nl\/de\/aqua-clear-plus-500-ml-wasserpflege\/\" \/>\n<meta property=\"og:site_name\" content=\"Eliassen.nl\" \/>\n<meta property=\"article:publisher\" content=\"https:\/\/www.facebook.com\/TuincentrumEliassenAmmerzoden\" \/>\n<meta property=\"article:modified_time\" content=\"2026-02-26T08:29:20+00:00\" \/>\n<meta property=\"og:image\" content=\"https:\/\/www.eliassen.nl\/wp-content\/uploads\/2024\/10\/aqua-clear-water-onderhoud-Eliassen.nl-1373041-1.jpg\" \/>\n\t<meta property=\"og:image:width\" content=\"480\" \/>\n\t<meta property=\"og:image:height\" content=\"480\" \/>\n\t<meta property=\"og:image:type\" content=\"image\/jpeg\" \/>\n<meta name=\"twitter:card\" content=\"summary_large_image\" \/>\n<script type=\"application\/ld+json\" class=\"yoast-schema-graph\">{\"@context\":\"https:\/\/schema.org\",\"@graph\":[{\"@type\":\"WebPage\",\"@id\":\"https:\/\/www.eliassen.nl\/de\/aqua-clear-plus-500-ml-wasserpflege\/\",\"url\":\"https:\/\/www.eliassen.nl\/de\/aqua-clear-plus-500-ml-wasserpflege\/\",\"name\":\"Aqua Clear Plus 250ml Wasserpflege\",\"isPartOf\":{\"@id\":\"https:\/\/www.eliassen.nl\/de\/#website\"},\"primaryImageOfPage\":{\"@id\":\"https:\/\/www.eliassen.nl\/de\/aqua-clear-plus-500-ml-wasserpflege\/#primaryimage\"},\"image\":{\"@id\":\"https:\/\/www.eliassen.nl\/de\/aqua-clear-plus-500-ml-wasserpflege\/#primaryimage\"},\"thumbnailUrl\":\"https:\/\/www.eliassen.nl\/wp-content\/uploads\/2024\/10\/aqua-clear-water-onderhoud-Eliassen.nl-1373041-1.jpg\",\"datePublished\":\"2024-10-29T14:43:49+00:00\",\"dateModified\":\"2026-02-26T08:29:20+00:00\",\"breadcrumb\":{\"@id\":\"https:\/\/www.eliassen.nl\/de\/aqua-clear-plus-500-ml-wasserpflege\/#breadcrumb\"},\"inLanguage\":\"de\",\"potentialAction\":[{\"@type\":\"ReadAction\",\"target\":[\"https:\/\/www.eliassen.nl\/de\/aqua-clear-plus-500-ml-wasserpflege\/\"]}]},{\"@type\":\"ImageObject\",\"inLanguage\":\"de\",\"@id\":\"https:\/\/www.eliassen.nl\/de\/aqua-clear-plus-500-ml-wasserpflege\/#primaryimage\",\"url\":\"https:\/\/www.eliassen.nl\/wp-content\/uploads\/2024\/10\/aqua-clear-water-onderhoud-Eliassen.nl-1373041-1.jpg\",\"contentUrl\":\"https:\/\/www.eliassen.nl\/wp-content\/uploads\/2024\/10\/aqua-clear-water-onderhoud-Eliassen.nl-1373041-1.jpg\",\"width\":480,\"height\":480},{\"@type\":\"BreadcrumbList\",\"@id\":\"https:\/\/www.eliassen.nl\/de\/aqua-clear-plus-500-ml-wasserpflege\/#breadcrumb\",\"itemListElement\":[{\"@type\":\"ListItem\",\"position\":1,\"name\":\"Home\",\"item\":\"https:\/\/www.eliassen.nl\/de\/\"},{\"@type\":\"ListItem\",\"position\":2,\"name\":\"Shop\",\"item\":\"https:\/\/www.eliassen.nl\/de\/shop\/\"},{\"@type\":\"ListItem\",\"position\":3,\"name\":\"Wasserspiele\",\"item\":\"https:\/\/www.eliassen.nl\/de\/wassereigenschaften\/\"},{\"@type\":\"ListItem\",\"position\":4,\"name\":\"Teile Wasserspiele\",\"item\":\"https:\/\/www.eliassen.nl\/de\/wassereigenschaften\/teile-wasserspiele\/\"},{\"@type\":\"ListItem\",\"position\":5,\"name\":\"Aqua Clear Plus 250ml Wasserpflege\"}]},{\"@type\":\"WebSite\",\"@id\":\"https:\/\/www.eliassen.nl\/de\/#website\",\"url\":\"https:\/\/www.eliassen.nl\/de\/\",\"name\":\"Eliassen Home & Garden Pleasure\",\"description\":\"\",\"publisher\":{\"@id\":\"https:\/\/www.eliassen.nl\/de\/#organization\"},\"alternateName\":\"Eliassen.nl\",\"potentialAction\":[{\"@type\":\"SearchAction\",\"target\":{\"@type\":\"EntryPoint\",\"urlTemplate\":\"https:\/\/www.eliassen.nl\/de\/?s={search_term_string}\"},\"query-input\":{\"@type\":\"PropertyValueSpecification\",\"valueRequired\":true,\"valueName\":\"search_term_string\"}}],\"inLanguage\":\"de\"},{\"@type\":[\"Organization\",\"Place\"],\"@id\":\"https:\/\/www.eliassen.nl\/de\/#organization\",\"name\":\"Eliassen Home & Garden Pleasure\",\"url\":\"https:\/\/www.eliassen.nl\/de\/\",\"logo\":{\"@id\":\"https:\/\/www.eliassen.nl\/de\/aqua-clear-plus-500-ml-wasserpflege\/#local-main-organization-logo\"},\"image\":{\"@id\":\"https:\/\/www.eliassen.nl\/de\/aqua-clear-plus-500-ml-wasserpflege\/#local-main-organization-logo\"},\"sameAs\":[\"https:\/\/www.facebook.com\/TuincentrumEliassenAmmerzoden\",\"https:\/\/www.instagram.com\/eliassenhomeandgarden\/\",\"https:\/\/nl.pinterest.com\/eliassenhomeandgarden\/\",\"https:\/\/www.youtube.com\/@eliassenhomegardenpleasure4558\"],\"telephone\":[],\"openingHoursSpecification\":[{\"@type\":\"OpeningHoursSpecification\",\"dayOfWeek\":[\"Monday\",\"Tuesday\",\"Wednesday\",\"Thursday\",\"Friday\",\"Saturday\",\"Sunday\"],\"opens\":\"09:00\",\"closes\":\"17:00\"}]},{\"@type\":\"ImageObject\",\"inLanguage\":\"de\",\"@id\":\"https:\/\/www.eliassen.nl\/de\/aqua-clear-plus-500-ml-wasserpflege\/#local-main-organization-logo\",\"url\":\"https:\/\/www.eliassen.nl\/wp-content\/uploads\/2024\/01\/logo_4nd.jpg\",\"contentUrl\":\"https:\/\/www.eliassen.nl\/wp-content\/uploads\/2024\/01\/logo_4nd.jpg\",\"width\":500,\"height\":500,\"caption\":\"Eliassen Home & Garden Pleasure\"}]}<\/script>\n<meta property=\"product:price:amount\" content=\"14.95\" \/>\n<meta property=\"product:price:currency\" content=\"EUR\" \/>\n<meta property=\"og:availability\" content=\"instock\" \/>\n<meta property=\"product:availability\" content=\"instock\" \/>\n<meta property=\"product:retailer_item_id\" content=\"1373018A\" \/>\n<meta property=\"product:condition\" content=\"new\" \/>\n<!-- \/ Yoast SEO Premium plugin. -->","yoast_head_json":{"title":"Aqua Clear Plus 250ml Wasserpflege","robots":{"index":"index","follow":"follow","max-snippet":"max-snippet:-1","max-image-preview":"max-image-preview:large","max-video-preview":"max-video-preview:-1"},"canonical":"https:\/\/www.eliassen.nl\/de\/aqua-clear-plus-500-ml-wasserpflege\/","og_locale":"de_DE","og_type":"article","og_title":"Sonstige Aqua Clear Plus 250ml Wasserpflege - Eliassen.nl","og_description":"Werden Sie Ihr gr\u00fcnes Wasser schnell los","og_url":"https:\/\/www.eliassen.nl\/de\/aqua-clear-plus-500-ml-wasserpflege\/","og_site_name":"Eliassen.nl","article_publisher":"https:\/\/www.facebook.com\/TuincentrumEliassenAmmerzoden","article_modified_time":"2026-02-26T08:29:20+00:00","og_image":[{"width":480,"height":480,"url":"https:\/\/www.eliassen.nl\/wp-content\/uploads\/2024\/10\/aqua-clear-water-onderhoud-Eliassen.nl-1373041-1.jpg","type":"image\/jpeg"}],"twitter_card":"summary_large_image","schema":{"@context":"https:\/\/schema.org","@graph":[{"@type":"WebPage","@id":"https:\/\/www.eliassen.nl\/de\/aqua-clear-plus-500-ml-wasserpflege\/","url":"https:\/\/www.eliassen.nl\/de\/aqua-clear-plus-500-ml-wasserpflege\/","name":"Aqua Clear Plus 250ml Wasserpflege","isPartOf":{"@id":"https:\/\/www.eliassen.nl\/de\/#website"},"primaryImageOfPage":{"@id":"https:\/\/www.eliassen.nl\/de\/aqua-clear-plus-500-ml-wasserpflege\/#primaryimage"},"image":{"@id":"https:\/\/www.eliassen.nl\/de\/aqua-clear-plus-500-ml-wasserpflege\/#primaryimage"},"thumbnailUrl":"https:\/\/www.eliassen.nl\/wp-content\/uploads\/2024\/10\/aqua-clear-water-onderhoud-Eliassen.nl-1373041-1.jpg","datePublished":"2024-10-29T14:43:49+00:00","dateModified":"2026-02-26T08:29:20+00:00","breadcrumb":{"@id":"https:\/\/www.eliassen.nl\/de\/aqua-clear-plus-500-ml-wasserpflege\/#breadcrumb"},"inLanguage":"de","potentialAction":[{"@type":"ReadAction","target":["https:\/\/www.eliassen.nl\/de\/aqua-clear-plus-500-ml-wasserpflege\/"]}]},{"@type":"ImageObject","inLanguage":"de","@id":"https:\/\/www.eliassen.nl\/de\/aqua-clear-plus-500-ml-wasserpflege\/#primaryimage","url":"https:\/\/www.eliassen.nl\/wp-content\/uploads\/2024\/10\/aqua-clear-water-onderhoud-Eliassen.nl-1373041-1.jpg","contentUrl":"https:\/\/www.eliassen.nl\/wp-content\/uploads\/2024\/10\/aqua-clear-water-onderhoud-Eliassen.nl-1373041-1.jpg","width":480,"height":480},{"@type":"BreadcrumbList","@id":"https:\/\/www.eliassen.nl\/de\/aqua-clear-plus-500-ml-wasserpflege\/#breadcrumb","itemListElement":[{"@type":"ListItem","position":1,"name":"Home","item":"https:\/\/www.eliassen.nl\/de\/"},{"@type":"ListItem","position":2,"name":"Shop","item":"https:\/\/www.eliassen.nl\/de\/shop\/"},{"@type":"ListItem","position":3,"name":"Wasserspiele","item":"https:\/\/www.eliassen.nl\/de\/wassereigenschaften\/"},{"@type":"ListItem","position":4,"name":"Teile Wasserspiele","item":"https:\/\/www.eliassen.nl\/de\/wassereigenschaften\/teile-wasserspiele\/"},{"@type":"ListItem","position":5,"name":"Aqua Clear Plus 250ml Wasserpflege"}]},{"@type":"WebSite","@id":"https:\/\/www.eliassen.nl\/de\/#website","url":"https:\/\/www.eliassen.nl\/de\/","name":"Eliassen Home & Garden Pleasure","description":"","publisher":{"@id":"https:\/\/www.eliassen.nl\/de\/#organization"},"alternateName":"Eliassen.nl","potentialAction":[{"@type":"SearchAction","target":{"@type":"EntryPoint","urlTemplate":"https:\/\/www.eliassen.nl\/de\/?s={search_term_string}"},"query-input":{"@type":"PropertyValueSpecification","valueRequired":true,"valueName":"search_term_string"}}],"inLanguage":"de"},{"@type":["Organization","Place"],"@id":"https:\/\/www.eliassen.nl\/de\/#organization","name":"Eliassen Home & Garden Pleasure","url":"https:\/\/www.eliassen.nl\/de\/","logo":{"@id":"https:\/\/www.eliassen.nl\/de\/aqua-clear-plus-500-ml-wasserpflege\/#local-main-organization-logo"},"image":{"@id":"https:\/\/www.eliassen.nl\/de\/aqua-clear-plus-500-ml-wasserpflege\/#local-main-organization-logo"},"sameAs":["https:\/\/www.facebook.com\/TuincentrumEliassenAmmerzoden","https:\/\/www.instagram.com\/eliassenhomeandgarden\/","https:\/\/nl.pinterest.com\/eliassenhomeandgarden\/","https:\/\/www.youtube.com\/@eliassenhomegardenpleasure4558"],"telephone":[],"openingHoursSpecification":[{"@type":"OpeningHoursSpecification","dayOfWeek":["Monday","Tuesday","Wednesday","Thursday","Friday","Saturday","Sunday"],"opens":"09:00","closes":"17:00"}]},{"@type":"ImageObject","inLanguage":"de","@id":"https:\/\/www.eliassen.nl\/de\/aqua-clear-plus-500-ml-wasserpflege\/#local-main-organization-logo","url":"https:\/\/www.eliassen.nl\/wp-content\/uploads\/2024\/01\/logo_4nd.jpg","contentUrl":"https:\/\/www.eliassen.nl\/wp-content\/uploads\/2024\/01\/logo_4nd.jpg","width":500,"height":500,"caption":"Eliassen Home & Garden Pleasure"}]},"product_price_amount":"14.95","product_price_currency":"EUR","og_availability":"instock","product_availability":"instock","product_retailer_item_id":"1373018A","product_condition":"new"},"df_price":14.95,"df_sale_price":"","df_regular_price":14.95,"df_image_link":"https:\/\/www.eliassen.nl\/wp-content\/uploads\/2024\/10\/aqua-clear-water-onderhoud-Eliassen.nl-1373041-1-300x300.jpg","image":"https:\/\/www.eliassen.nl\/wp-content\/uploads\/2024\/10\/aqua-clear-water-onderhoud-Eliassen.nl-1373041-1-150x150.jpg","price_search":"<span class=\"woocommerce-Price-amount amount\"><bdi><span class=\"woocommerce-Price-currencySymbol\">&euro;<\/span>&nbsp;14,95<\/bdi><\/span>","category":"Teile Wasserspiele","global_unique_id":"8711465930185","_links":{"self":[{"href":"https:\/\/www.eliassen.nl\/de\/wp-json\/wp\/v2\/product\/164665","targetHints":{"allow":["GET"]}}],"collection":[{"href":"https:\/\/www.eliassen.nl\/de\/wp-json\/wp\/v2\/product"}],"about":[{"href":"https:\/\/www.eliassen.nl\/de\/wp-json\/wp\/v2\/types\/product"}],"wp:featuredmedia":[{"embeddable":true,"href":"https:\/\/www.eliassen.nl\/de\/wp-json\/wp\/v2\/media\/203251"}],"wp:attachment":[{"href":"https:\/\/www.eliassen.nl\/de\/wp-json\/wp\/v2\/media?parent=164665"}],"wp:term":[{"taxonomy":"product_brand","embeddable":true,"href":"https:\/\/www.eliassen.nl\/de\/wp-json\/wp\/v2\/product_brand?post=164665"},{"taxonomy":"product_cat","embeddable":true,"href":"https:\/\/www.eliassen.nl\/de\/wp-json\/wp\/v2\/product_cat?post=164665"},{"taxonomy":"product_tag","embeddable":true,"href":"https:\/\/www.eliassen.nl\/de\/wp-json\/wp\/v2\/product_tag?post=164665"}],"curies":[{"name":"wp","href":"https:\/\/api.w.org\/{rel}","templated":true}]}}