{"id":16366,"date":"2019-10-28T18:31:20","date_gmt":"2019-10-28T18:31:20","guid":{"rendered":"https:\/\/www.eliassen.nl\/?product=dibond-malerei-74x74cm-850"},"modified":"2026-01-07T13:22:50","modified_gmt":"2026-01-07T12:22:50","slug":"dibond-gemalde-74x74cm-850","status":"publish","type":"product","link":"https:\/\/www.eliassen.nl\/de\/dibond-gemalde-74x74cm-850\/","title":{"rendered":"Dibond Gem\u00e4lde 74x74cm 850"},"content":{"rendered":"<p>M\u00f6gen Sie ein modernes Fotogem\u00e4lde, aber nicht den Glanz wie bei Glasgem\u00e4lden? Dann ist dieses ultramoderne gro\u00dfe Gem\u00e4lde mit dem Bild von rotem Eisen mit Nieten, das messerscharf auf Dibond-Aluminiumblech gedruckt ist, vielleicht etwas f\u00fcr SIE. Dibond ist ein 3 mm dickes, geb\u00fcrstetes Aluminiumblech mit einem Kunststoffkern. Darauf wird ein Bild gedruckt, das einen matten, manchmal sogar rostfreien Look hat und au\u00dferdem UV-best\u00e4ndig ist. Diese Wanddekoration aus Aluminium kann daher sicher in Gew\u00e4chsh\u00e4usern, unter einer Veranda oder sogar an einer Gartenmauer oder einem Zaun h\u00e4ngen, ohne sich zu verf\u00e4rben (achten Sie nur auf den Wind). Unsere dibond-Serie ist also kein Aufklebermodell!<\/p>\n<p><strong>Sie k\u00f6nnen sich dieses Gem\u00e4lde auch in unserem Gesch\u00e4ft ansehen. Wir haben fast die gesamte Serie dieser Gem\u00e4lde in unserem Gesch\u00e4ft ausgestellt!<\/strong><\/p>\n<p><em>Technische Daten:<\/em><\/p>\n<ul>\n<li>Garantie: 2 Jahre<\/li>\n<li><strong>Gr\u00f6\u00dfe: 74&#215;74 cm<\/strong><\/li>\n<li>Material: Dibond 3 mm geb\u00fcrstet<\/li>\n<li>Einfaches Aufh\u00e4ngen mit 1 Schraube (mitgeliefert)<\/li>\n<li>Verpackt in einem stabilen Karton.<\/li>\n<li>Gro\u00dfe Farbtiefe dank modernster Fotodrucktechnologie<\/li>\n<li>Schnelle Lieferung<\/li>\n<\/ul>\n","protected":false},"excerpt":{"rendered":"<p>M\u00f6gen Sie ein modernes Fotogem\u00e4lde, aber nicht den Glanz wie bei Glasgem\u00e4lden? Dann ist dieses ultramoderne gro\u00dfe Gem\u00e4lde mit dem Bild von rotem Eisen mit Nieten, das messerscharf auf Dibond-Aluminiumblech gedruckt ist, vielleicht etwas f\u00fcr SIE. Dibond ist ein 3 mm dickes, geb\u00fcrstetes Aluminiumblech mit einem Kunststoffkern. Darauf wird ein Bild gedruckt, das einen matten, &hellip;<\/p>\n","protected":false},"featured_media":16357,"template":"","meta":{"_acf_changed":false,"_genesis_title":"","_genesis_description":""},"product_brand":[7505],"product_cat":[479,410,413],"product_tag":[],"class_list":{"0":"post-16366","1":"product","2":"type-product","3":"status-publish","4":"has-post-thumbnail","6":"product_brand-sonstige","7":"product_cat-dibond-gemaelde-aus-aluminium","8":"product_cat-gemaelde","9":"product_cat-gemaelde-outlet","11":"first","12":"instock","13":"sale","14":"taxable","15":"shipping-taxable","16":"purchasable","17":"product-type-simple"},"acf":[],"meta_all":{"total_sales":"0","wcml_sync_hash":{"postmeta_fields":"ee4aedfe4ab63d59ef55153263bddd1c"},"attr_label_translations":[]},"meta_all_flat":{"total_sales":"0","wcml_sync_hash.postmeta_fields":"ee4aedfe4ab63d59ef55153263bddd1c"},"yoast_head":"<!-- This site is optimized with the Yoast SEO Premium plugin v26.2 (Yoast SEO v27.2) - https:\/\/yoast.com\/product\/yoast-seo-premium-wordpress\/ -->\n<title>Dibond Gem\u00e4lde 74x74cm 850 | Eliassen<\/title>\n<meta name=\"description\" content=\"Kaufen Sie bei Eliassen das Gem\u00e4lde Dibond 74x74cm 850 online oder sehen Sie es sich live im Ausstellungsraum an. Bestellen Sie direkt online.\" \/>\n<meta name=\"robots\" content=\"index, follow, max-snippet:-1, max-image-preview:large, max-video-preview:-1\" \/>\n<link rel=\"canonical\" href=\"https:\/\/www.eliassen.nl\/de\/dibond-gemalde-74x74cm-850\/\" \/>\n<meta property=\"og:locale\" content=\"de_DE\" \/>\n<meta property=\"og:type\" content=\"article\" \/>\n<meta property=\"og:title\" content=\"Sonstige Dibond Gem\u00e4lde 74x74cm 850 - Eliassen.nl\" \/>\n<meta property=\"og:description\" content=\"Kaufen Sie bei Eliassen das Gem\u00e4lde Dibond 74x74cm 850 online oder sehen Sie es sich live im Ausstellungsraum an. Bestellen Sie direkt online.\" \/>\n<meta property=\"og:url\" content=\"https:\/\/www.eliassen.nl\/de\/dibond-gemalde-74x74cm-850\/\" \/>\n<meta property=\"og:site_name\" content=\"Eliassen.nl\" \/>\n<meta property=\"article:publisher\" content=\"https:\/\/www.facebook.com\/TuincentrumEliassenAmmerzoden\" \/>\n<meta property=\"article:modified_time\" content=\"2026-01-07T12:22:50+00:00\" \/>\n<meta property=\"og:image\" content=\"https:\/\/www.eliassen.nl\/wp-content\/uploads\/2024\/01\/rvs00974x74cm.jpg\" \/>\n\t<meta property=\"og:image:width\" content=\"768\" \/>\n\t<meta property=\"og:image:height\" content=\"768\" \/>\n\t<meta property=\"og:image:type\" content=\"image\/jpeg\" \/>\n<meta name=\"twitter:card\" content=\"summary_large_image\" \/>\n<script type=\"application\/ld+json\" class=\"yoast-schema-graph\">{\"@context\":\"https:\/\/schema.org\",\"@graph\":[{\"@type\":\"WebPage\",\"@id\":\"https:\/\/www.eliassen.nl\/de\/dibond-gemalde-74x74cm-850\/\",\"url\":\"https:\/\/www.eliassen.nl\/de\/dibond-gemalde-74x74cm-850\/\",\"name\":\"Dibond Gem\u00e4lde 74x74cm 850 | Eliassen\",\"isPartOf\":{\"@id\":\"https:\/\/www.eliassen.nl\/de\/#website\"},\"primaryImageOfPage\":{\"@id\":\"https:\/\/www.eliassen.nl\/de\/dibond-gemalde-74x74cm-850\/#primaryimage\"},\"image\":{\"@id\":\"https:\/\/www.eliassen.nl\/de\/dibond-gemalde-74x74cm-850\/#primaryimage\"},\"thumbnailUrl\":\"https:\/\/www.eliassen.nl\/wp-content\/uploads\/2024\/01\/rvs00974x74cm.jpg\",\"datePublished\":\"2019-10-28T18:31:20+00:00\",\"dateModified\":\"2026-01-07T12:22:50+00:00\",\"description\":\"Kaufen Sie bei Eliassen das Gem\u00e4lde Dibond 74x74cm 850 online oder sehen Sie es sich live im Ausstellungsraum an. Bestellen Sie direkt online.\",\"breadcrumb\":{\"@id\":\"https:\/\/www.eliassen.nl\/de\/dibond-gemalde-74x74cm-850\/#breadcrumb\"},\"inLanguage\":\"de\",\"potentialAction\":[{\"@type\":\"ReadAction\",\"target\":[\"https:\/\/www.eliassen.nl\/de\/dibond-gemalde-74x74cm-850\/\"]}]},{\"@type\":\"ImageObject\",\"inLanguage\":\"de\",\"@id\":\"https:\/\/www.eliassen.nl\/de\/dibond-gemalde-74x74cm-850\/#primaryimage\",\"url\":\"https:\/\/www.eliassen.nl\/wp-content\/uploads\/2024\/01\/rvs00974x74cm.jpg\",\"contentUrl\":\"https:\/\/www.eliassen.nl\/wp-content\/uploads\/2024\/01\/rvs00974x74cm.jpg\",\"width\":768,\"height\":768,\"caption\":\"rostfreier Stahl009-74x74cm\"},{\"@type\":\"BreadcrumbList\",\"@id\":\"https:\/\/www.eliassen.nl\/de\/dibond-gemalde-74x74cm-850\/#breadcrumb\",\"itemListElement\":[{\"@type\":\"ListItem\",\"position\":1,\"name\":\"Home\",\"item\":\"https:\/\/www.eliassen.nl\/de\/\"},{\"@type\":\"ListItem\",\"position\":2,\"name\":\"Shop\",\"item\":\"https:\/\/www.eliassen.nl\/de\/shop\/\"},{\"@type\":\"ListItem\",\"position\":3,\"name\":\"Gem\u00e4lde\",\"item\":\"https:\/\/www.eliassen.nl\/de\/gemaelde\/\"},{\"@type\":\"ListItem\",\"position\":4,\"name\":\"Dibond-Gem\u00e4lde aus Aluminium\",\"item\":\"https:\/\/www.eliassen.nl\/de\/gemaelde\/dibond-gemaelde-aus-aluminium\/\"},{\"@type\":\"ListItem\",\"position\":5,\"name\":\"Dibond Gem\u00e4lde 74x74cm 850\"}]},{\"@type\":\"WebSite\",\"@id\":\"https:\/\/www.eliassen.nl\/de\/#website\",\"url\":\"https:\/\/www.eliassen.nl\/de\/\",\"name\":\"Eliassen Home & Garden Pleasure\",\"description\":\"\",\"publisher\":{\"@id\":\"https:\/\/www.eliassen.nl\/de\/#organization\"},\"alternateName\":\"Eliassen.nl\",\"potentialAction\":[{\"@type\":\"SearchAction\",\"target\":{\"@type\":\"EntryPoint\",\"urlTemplate\":\"https:\/\/www.eliassen.nl\/de\/?s={search_term_string}\"},\"query-input\":{\"@type\":\"PropertyValueSpecification\",\"valueRequired\":true,\"valueName\":\"search_term_string\"}}],\"inLanguage\":\"de\"},{\"@type\":[\"Organization\",\"Place\"],\"@id\":\"https:\/\/www.eliassen.nl\/de\/#organization\",\"name\":\"Eliassen Home & Garden Pleasure\",\"url\":\"https:\/\/www.eliassen.nl\/de\/\",\"logo\":{\"@id\":\"https:\/\/www.eliassen.nl\/de\/dibond-gemalde-74x74cm-850\/#local-main-organization-logo\"},\"image\":{\"@id\":\"https:\/\/www.eliassen.nl\/de\/dibond-gemalde-74x74cm-850\/#local-main-organization-logo\"},\"sameAs\":[\"https:\/\/www.facebook.com\/TuincentrumEliassenAmmerzoden\",\"https:\/\/www.instagram.com\/eliassenhomeandgarden\/\",\"https:\/\/nl.pinterest.com\/eliassenhomeandgarden\/\",\"https:\/\/www.youtube.com\/@eliassenhomegardenpleasure4558\"],\"telephone\":[],\"openingHoursSpecification\":[{\"@type\":\"OpeningHoursSpecification\",\"dayOfWeek\":[\"Monday\",\"Tuesday\",\"Wednesday\",\"Thursday\",\"Friday\",\"Saturday\",\"Sunday\"],\"opens\":\"09:00\",\"closes\":\"17:00\"}]},{\"@type\":\"ImageObject\",\"inLanguage\":\"de\",\"@id\":\"https:\/\/www.eliassen.nl\/de\/dibond-gemalde-74x74cm-850\/#local-main-organization-logo\",\"url\":\"https:\/\/www.eliassen.nl\/wp-content\/uploads\/2024\/01\/logo_4nd.jpg\",\"contentUrl\":\"https:\/\/www.eliassen.nl\/wp-content\/uploads\/2024\/01\/logo_4nd.jpg\",\"width\":500,\"height\":500,\"caption\":\"Eliassen Home & Garden Pleasure\"}]}<\/script>\n<meta property=\"product:price:amount\" content=\"39.60\" \/>\n<meta property=\"product:price:currency\" content=\"EUR\" \/>\n<meta property=\"og:availability\" content=\"instock\" \/>\n<meta property=\"product:availability\" content=\"instock\" \/>\n<meta property=\"product:retailer_item_id\" content=\"Rvs009\" \/>\n<meta property=\"product:condition\" content=\"new\" \/>\n<!-- \/ Yoast SEO Premium plugin. -->","yoast_head_json":{"title":"Dibond Gem\u00e4lde 74x74cm 850 | Eliassen","description":"Kaufen Sie bei Eliassen das Gem\u00e4lde Dibond 74x74cm 850 online oder sehen Sie es sich live im Ausstellungsraum an. Bestellen Sie direkt online.","robots":{"index":"index","follow":"follow","max-snippet":"max-snippet:-1","max-image-preview":"max-image-preview:large","max-video-preview":"max-video-preview:-1"},"canonical":"https:\/\/www.eliassen.nl\/de\/dibond-gemalde-74x74cm-850\/","og_locale":"de_DE","og_type":"article","og_title":"Sonstige Dibond Gem\u00e4lde 74x74cm 850 - Eliassen.nl","og_description":"Kaufen Sie bei Eliassen das Gem\u00e4lde Dibond 74x74cm 850 online oder sehen Sie es sich live im Ausstellungsraum an. Bestellen Sie direkt online.","og_url":"https:\/\/www.eliassen.nl\/de\/dibond-gemalde-74x74cm-850\/","og_site_name":"Eliassen.nl","article_publisher":"https:\/\/www.facebook.com\/TuincentrumEliassenAmmerzoden","article_modified_time":"2026-01-07T12:22:50+00:00","og_image":[{"width":768,"height":768,"url":"https:\/\/www.eliassen.nl\/wp-content\/uploads\/2024\/01\/rvs00974x74cm.jpg","type":"image\/jpeg"}],"twitter_card":"summary_large_image","schema":{"@context":"https:\/\/schema.org","@graph":[{"@type":"WebPage","@id":"https:\/\/www.eliassen.nl\/de\/dibond-gemalde-74x74cm-850\/","url":"https:\/\/www.eliassen.nl\/de\/dibond-gemalde-74x74cm-850\/","name":"Dibond Gem\u00e4lde 74x74cm 850 | Eliassen","isPartOf":{"@id":"https:\/\/www.eliassen.nl\/de\/#website"},"primaryImageOfPage":{"@id":"https:\/\/www.eliassen.nl\/de\/dibond-gemalde-74x74cm-850\/#primaryimage"},"image":{"@id":"https:\/\/www.eliassen.nl\/de\/dibond-gemalde-74x74cm-850\/#primaryimage"},"thumbnailUrl":"https:\/\/www.eliassen.nl\/wp-content\/uploads\/2024\/01\/rvs00974x74cm.jpg","datePublished":"2019-10-28T18:31:20+00:00","dateModified":"2026-01-07T12:22:50+00:00","description":"Kaufen Sie bei Eliassen das Gem\u00e4lde Dibond 74x74cm 850 online oder sehen Sie es sich live im Ausstellungsraum an. Bestellen Sie direkt online.","breadcrumb":{"@id":"https:\/\/www.eliassen.nl\/de\/dibond-gemalde-74x74cm-850\/#breadcrumb"},"inLanguage":"de","potentialAction":[{"@type":"ReadAction","target":["https:\/\/www.eliassen.nl\/de\/dibond-gemalde-74x74cm-850\/"]}]},{"@type":"ImageObject","inLanguage":"de","@id":"https:\/\/www.eliassen.nl\/de\/dibond-gemalde-74x74cm-850\/#primaryimage","url":"https:\/\/www.eliassen.nl\/wp-content\/uploads\/2024\/01\/rvs00974x74cm.jpg","contentUrl":"https:\/\/www.eliassen.nl\/wp-content\/uploads\/2024\/01\/rvs00974x74cm.jpg","width":768,"height":768,"caption":"rostfreier Stahl009-74x74cm"},{"@type":"BreadcrumbList","@id":"https:\/\/www.eliassen.nl\/de\/dibond-gemalde-74x74cm-850\/#breadcrumb","itemListElement":[{"@type":"ListItem","position":1,"name":"Home","item":"https:\/\/www.eliassen.nl\/de\/"},{"@type":"ListItem","position":2,"name":"Shop","item":"https:\/\/www.eliassen.nl\/de\/shop\/"},{"@type":"ListItem","position":3,"name":"Gem\u00e4lde","item":"https:\/\/www.eliassen.nl\/de\/gemaelde\/"},{"@type":"ListItem","position":4,"name":"Dibond-Gem\u00e4lde aus Aluminium","item":"https:\/\/www.eliassen.nl\/de\/gemaelde\/dibond-gemaelde-aus-aluminium\/"},{"@type":"ListItem","position":5,"name":"Dibond Gem\u00e4lde 74x74cm 850"}]},{"@type":"WebSite","@id":"https:\/\/www.eliassen.nl\/de\/#website","url":"https:\/\/www.eliassen.nl\/de\/","name":"Eliassen Home & Garden Pleasure","description":"","publisher":{"@id":"https:\/\/www.eliassen.nl\/de\/#organization"},"alternateName":"Eliassen.nl","potentialAction":[{"@type":"SearchAction","target":{"@type":"EntryPoint","urlTemplate":"https:\/\/www.eliassen.nl\/de\/?s={search_term_string}"},"query-input":{"@type":"PropertyValueSpecification","valueRequired":true,"valueName":"search_term_string"}}],"inLanguage":"de"},{"@type":["Organization","Place"],"@id":"https:\/\/www.eliassen.nl\/de\/#organization","name":"Eliassen Home & Garden Pleasure","url":"https:\/\/www.eliassen.nl\/de\/","logo":{"@id":"https:\/\/www.eliassen.nl\/de\/dibond-gemalde-74x74cm-850\/#local-main-organization-logo"},"image":{"@id":"https:\/\/www.eliassen.nl\/de\/dibond-gemalde-74x74cm-850\/#local-main-organization-logo"},"sameAs":["https:\/\/www.facebook.com\/TuincentrumEliassenAmmerzoden","https:\/\/www.instagram.com\/eliassenhomeandgarden\/","https:\/\/nl.pinterest.com\/eliassenhomeandgarden\/","https:\/\/www.youtube.com\/@eliassenhomegardenpleasure4558"],"telephone":[],"openingHoursSpecification":[{"@type":"OpeningHoursSpecification","dayOfWeek":["Monday","Tuesday","Wednesday","Thursday","Friday","Saturday","Sunday"],"opens":"09:00","closes":"17:00"}]},{"@type":"ImageObject","inLanguage":"de","@id":"https:\/\/www.eliassen.nl\/de\/dibond-gemalde-74x74cm-850\/#local-main-organization-logo","url":"https:\/\/www.eliassen.nl\/wp-content\/uploads\/2024\/01\/logo_4nd.jpg","contentUrl":"https:\/\/www.eliassen.nl\/wp-content\/uploads\/2024\/01\/logo_4nd.jpg","width":500,"height":500,"caption":"Eliassen Home & Garden Pleasure"}]},"product_price_amount":"39.60","product_price_currency":"EUR","og_availability":"instock","product_availability":"instock","product_retailer_item_id":"Rvs009","product_condition":"new"},"df_price":39.6,"df_sale_price":39.6,"df_regular_price":99,"df_image_link":"https:\/\/www.eliassen.nl\/wp-content\/uploads\/2024\/01\/rvs00974x74cm.jpg","image":"https:\/\/www.eliassen.nl\/wp-content\/uploads\/2024\/01\/rvs00974x74cm.jpg","price_search":"<span class=\"woocommerce-Price-amount amount\"><bdi><span class=\"woocommerce-Price-currencySymbol\">&euro;<\/span>&nbsp;39,60<\/bdi><\/span>","category":"Dibond-Gem\u00e4lde aus Aluminium","global_unique_id":"7438245792788","_links":{"self":[{"href":"https:\/\/www.eliassen.nl\/de\/wp-json\/wp\/v2\/product\/16366","targetHints":{"allow":["GET"]}}],"collection":[{"href":"https:\/\/www.eliassen.nl\/de\/wp-json\/wp\/v2\/product"}],"about":[{"href":"https:\/\/www.eliassen.nl\/de\/wp-json\/wp\/v2\/types\/product"}],"wp:featuredmedia":[{"embeddable":true,"href":"https:\/\/www.eliassen.nl\/de\/wp-json\/wp\/v2\/media\/16357"}],"wp:attachment":[{"href":"https:\/\/www.eliassen.nl\/de\/wp-json\/wp\/v2\/media?parent=16366"}],"wp:term":[{"taxonomy":"product_brand","embeddable":true,"href":"https:\/\/www.eliassen.nl\/de\/wp-json\/wp\/v2\/product_brand?post=16366"},{"taxonomy":"product_cat","embeddable":true,"href":"https:\/\/www.eliassen.nl\/de\/wp-json\/wp\/v2\/product_cat?post=16366"},{"taxonomy":"product_tag","embeddable":true,"href":"https:\/\/www.eliassen.nl\/de\/wp-json\/wp\/v2\/product_tag?post=16366"}],"curies":[{"name":"wp","href":"https:\/\/api.w.org\/{rel}","templated":true}]}}