{"id":163043,"date":"2024-09-26T17:29:58","date_gmt":"2024-09-26T17:29:58","guid":{"rendered":"https:\/\/www.eliassen.nl\/?product=vaas-minka-antiek-messing-112cm"},"modified":"2026-01-12T20:35:48","modified_gmt":"2026-01-12T19:35:48","slug":"vase-minka-antikmessing-112cm","status":"publish","type":"product","link":"https:\/\/www.eliassen.nl\/de\/vase-minka-antikmessing-112cm\/","title":{"rendered":"Vase Minka Messing antik 112cm"},"content":{"rendered":"<p>Lernen Sie diese moderne Aluminiumvase Minka von Countryfield kennen, eine sch\u00f6ne Erg\u00e4nzung f\u00fcr Ihr sch\u00f6nes Zuhause oder Ihren Arbeitsplatz! Mit ihrem auff\u00e4lligen Design mit breitem Boden wird diese moderne Aluminiumvase ein sch\u00f6ner Blickfang sein. Nat\u00fcrlich k\u00f6nnen Sie darin Blumen aufbewahren, aber auch ohne Inhalt hat diese Vase sicherlich einen gro\u00dfen dekorativen Wert. Diese Vase ist aus Aluminium gefertigt und mit einem antiken Messing-Finish versehen. Diese Farbe wird Ihnen sicher gefallen.<\/p>\n<p><strong>Wir haben auch fast die gesamte Serie in unserem Ausstellungsraum, schauen Sie doch einfach mal vorbei!<\/strong><\/p>\n<ul>\n<li>Gr\u00f6\u00dfe: 43x112cm<\/li>\n<li>Empfehlung: Verwenden Sie eine Innenvase f\u00fcr frische Schnittblumen<\/li>\n<\/ul>\n","protected":false},"excerpt":{"rendered":"<p>Vase aus Aluminium im Antik-Look<\/p>\n","protected":false},"featured_media":163040,"template":"","meta":{"_acf_changed":false,"_genesis_title":"","_genesis_description":""},"product_brand":[6962],"product_cat":[722,7032],"product_tag":[],"class_list":{"0":"post-163043","1":"product","2":"type-product","3":"status-publish","4":"has-post-thumbnail","6":"product_brand-countryfield-de","7":"product_cat-blumentoepfe-und-pflanzgefaesse","8":"product_cat-metalltoepfe-und-vasen","10":"first","11":"instock","12":"taxable","13":"shipping-taxable","14":"purchasable","15":"product-type-simple"},"acf":[],"meta_all":{"total_sales":"0","wcml_sync_hash":{"postmeta_fields":"6bfc492ba29f108c97fbaa4f0be27a23"},"attr_label_translations":[],"cor_restricted_countries":[]},"meta_all_flat":{"total_sales":"0","wcml_sync_hash.postmeta_fields":"6bfc492ba29f108c97fbaa4f0be27a23"},"yoast_head":"<!-- This site is optimized with the Yoast SEO Premium plugin v26.2 (Yoast SEO v27.2) - https:\/\/yoast.com\/product\/yoast-seo-premium-wordpress\/ -->\n<title>Vase Minka Messing antik 112cm<\/title>\n<meta name=\"description\" content=\"Aluminiumt\u00f6pfe Vasen, sehen Sie sich unser Sortiment in unserem Webshop an oder besuchen Sie uns live !!!\" \/>\n<meta name=\"robots\" content=\"index, follow, max-snippet:-1, max-image-preview:large, max-video-preview:-1\" \/>\n<link rel=\"canonical\" href=\"https:\/\/www.eliassen.nl\/de\/vase-minka-antikmessing-112cm\/\" \/>\n<meta property=\"og:locale\" content=\"de_DE\" \/>\n<meta property=\"og:type\" content=\"article\" \/>\n<meta property=\"og:title\" content=\"Countryfield Vase Minka Messing antik 112cm - Eliassen.nl\" \/>\n<meta property=\"og:description\" content=\"Aluminiumt\u00f6pfe Vasen, sehen Sie sich unser Sortiment in unserem Webshop an oder besuchen Sie uns live !!!\" \/>\n<meta property=\"og:url\" content=\"https:\/\/www.eliassen.nl\/de\/vase-minka-antikmessing-112cm\/\" \/>\n<meta property=\"og:site_name\" content=\"Eliassen.nl\" \/>\n<meta property=\"article:publisher\" content=\"https:\/\/www.facebook.com\/TuincentrumEliassenAmmerzoden\" \/>\n<meta property=\"article:modified_time\" content=\"2026-01-12T19:35:48+00:00\" \/>\n<meta property=\"og:image\" content=\"https:\/\/www.eliassen.nl\/wp-content\/uploads\/2024\/10\/vaasminkaantiekmessing122cmdecostarcountryfi.jpg\" \/>\n\t<meta property=\"og:image:width\" content=\"2048\" \/>\n\t<meta property=\"og:image:height\" content=\"1366\" \/>\n\t<meta property=\"og:image:type\" content=\"image\/jpeg\" \/>\n<meta name=\"twitter:card\" content=\"summary_large_image\" \/>\n<script type=\"application\/ld+json\" class=\"yoast-schema-graph\">{\"@context\":\"https:\/\/schema.org\",\"@graph\":[{\"@type\":\"WebPage\",\"@id\":\"https:\/\/www.eliassen.nl\/de\/vase-minka-antikmessing-112cm\/\",\"url\":\"https:\/\/www.eliassen.nl\/de\/vase-minka-antikmessing-112cm\/\",\"name\":\"Vase Minka Messing antik 112cm\",\"isPartOf\":{\"@id\":\"https:\/\/www.eliassen.nl\/de\/#website\"},\"primaryImageOfPage\":{\"@id\":\"https:\/\/www.eliassen.nl\/de\/vase-minka-antikmessing-112cm\/#primaryimage\"},\"image\":{\"@id\":\"https:\/\/www.eliassen.nl\/de\/vase-minka-antikmessing-112cm\/#primaryimage\"},\"thumbnailUrl\":\"https:\/\/www.eliassen.nl\/wp-content\/uploads\/2024\/10\/vaasminkaantiekmessing122cmdecostarcountryfi.jpg\",\"datePublished\":\"2024-09-26T17:29:58+00:00\",\"dateModified\":\"2026-01-12T19:35:48+00:00\",\"description\":\"Aluminiumt\u00f6pfe Vasen, sehen Sie sich unser Sortiment in unserem Webshop an oder besuchen Sie uns live !!!\",\"breadcrumb\":{\"@id\":\"https:\/\/www.eliassen.nl\/de\/vase-minka-antikmessing-112cm\/#breadcrumb\"},\"inLanguage\":\"de\",\"potentialAction\":[{\"@type\":\"ReadAction\",\"target\":[\"https:\/\/www.eliassen.nl\/de\/vase-minka-antikmessing-112cm\/\"]}]},{\"@type\":\"ImageObject\",\"inLanguage\":\"de\",\"@id\":\"https:\/\/www.eliassen.nl\/de\/vase-minka-antikmessing-112cm\/#primaryimage\",\"url\":\"https:\/\/www.eliassen.nl\/wp-content\/uploads\/2024\/10\/vaasminkaantiekmessing122cmdecostarcountryfi.jpg\",\"contentUrl\":\"https:\/\/www.eliassen.nl\/wp-content\/uploads\/2024\/10\/vaasminkaantiekmessing122cmdecostarcountryfi.jpg\",\"width\":2048,\"height\":1366,\"caption\":\"Vase Minka Messing antik 122cm Decostar Landhaus Eliassen.de 802783\"},{\"@type\":\"BreadcrumbList\",\"@id\":\"https:\/\/www.eliassen.nl\/de\/vase-minka-antikmessing-112cm\/#breadcrumb\",\"itemListElement\":[{\"@type\":\"ListItem\",\"position\":1,\"name\":\"Home\",\"item\":\"https:\/\/www.eliassen.nl\/de\/\"},{\"@type\":\"ListItem\",\"position\":2,\"name\":\"Shop\",\"item\":\"https:\/\/www.eliassen.nl\/de\/shop\/\"},{\"@type\":\"ListItem\",\"position\":3,\"name\":\"Blument\u00f6pfe und Pflanzgef\u00e4\u00dfe\",\"item\":\"https:\/\/www.eliassen.nl\/de\/blumentoepfe-und-pflanzgefaesse\/\"},{\"@type\":\"ListItem\",\"position\":4,\"name\":\"Vase Minka Messing antik 112cm\"}]},{\"@type\":\"WebSite\",\"@id\":\"https:\/\/www.eliassen.nl\/de\/#website\",\"url\":\"https:\/\/www.eliassen.nl\/de\/\",\"name\":\"Eliassen Home & Garden Pleasure\",\"description\":\"\",\"publisher\":{\"@id\":\"https:\/\/www.eliassen.nl\/de\/#organization\"},\"alternateName\":\"Eliassen.nl\",\"potentialAction\":[{\"@type\":\"SearchAction\",\"target\":{\"@type\":\"EntryPoint\",\"urlTemplate\":\"https:\/\/www.eliassen.nl\/de\/?s={search_term_string}\"},\"query-input\":{\"@type\":\"PropertyValueSpecification\",\"valueRequired\":true,\"valueName\":\"search_term_string\"}}],\"inLanguage\":\"de\"},{\"@type\":[\"Organization\",\"Place\"],\"@id\":\"https:\/\/www.eliassen.nl\/de\/#organization\",\"name\":\"Eliassen Home & Garden Pleasure\",\"url\":\"https:\/\/www.eliassen.nl\/de\/\",\"logo\":{\"@id\":\"https:\/\/www.eliassen.nl\/de\/vase-minka-antikmessing-112cm\/#local-main-organization-logo\"},\"image\":{\"@id\":\"https:\/\/www.eliassen.nl\/de\/vase-minka-antikmessing-112cm\/#local-main-organization-logo\"},\"sameAs\":[\"https:\/\/www.facebook.com\/TuincentrumEliassenAmmerzoden\",\"https:\/\/www.instagram.com\/eliassenhomeandgarden\/\",\"https:\/\/nl.pinterest.com\/eliassenhomeandgarden\/\",\"https:\/\/www.youtube.com\/@eliassenhomegardenpleasure4558\"],\"telephone\":[],\"openingHoursSpecification\":[{\"@type\":\"OpeningHoursSpecification\",\"dayOfWeek\":[\"Monday\",\"Tuesday\",\"Wednesday\",\"Thursday\",\"Friday\",\"Saturday\",\"Sunday\"],\"opens\":\"09:00\",\"closes\":\"17:00\"}]},{\"@type\":\"ImageObject\",\"inLanguage\":\"de\",\"@id\":\"https:\/\/www.eliassen.nl\/de\/vase-minka-antikmessing-112cm\/#local-main-organization-logo\",\"url\":\"https:\/\/www.eliassen.nl\/wp-content\/uploads\/2024\/01\/logo_4nd.jpg\",\"contentUrl\":\"https:\/\/www.eliassen.nl\/wp-content\/uploads\/2024\/01\/logo_4nd.jpg\",\"width\":500,\"height\":500,\"caption\":\"Eliassen Home & Garden Pleasure\"}]}<\/script>\n<meta property=\"product:price:amount\" content=\"275.00\" \/>\n<meta property=\"product:price:currency\" content=\"EUR\" \/>\n<meta property=\"og:availability\" content=\"instock\" \/>\n<meta property=\"product:availability\" content=\"instock\" \/>\n<meta property=\"product:retailer_item_id\" content=\"802783\" \/>\n<meta property=\"product:condition\" content=\"new\" \/>\n<!-- \/ Yoast SEO Premium plugin. -->","yoast_head_json":{"title":"Vase Minka Messing antik 112cm","description":"Aluminiumt\u00f6pfe Vasen, sehen Sie sich unser Sortiment in unserem Webshop an oder besuchen Sie uns live !!!","robots":{"index":"index","follow":"follow","max-snippet":"max-snippet:-1","max-image-preview":"max-image-preview:large","max-video-preview":"max-video-preview:-1"},"canonical":"https:\/\/www.eliassen.nl\/de\/vase-minka-antikmessing-112cm\/","og_locale":"de_DE","og_type":"article","og_title":"Countryfield Vase Minka Messing antik 112cm - Eliassen.nl","og_description":"Aluminiumt\u00f6pfe Vasen, sehen Sie sich unser Sortiment in unserem Webshop an oder besuchen Sie uns live !!!","og_url":"https:\/\/www.eliassen.nl\/de\/vase-minka-antikmessing-112cm\/","og_site_name":"Eliassen.nl","article_publisher":"https:\/\/www.facebook.com\/TuincentrumEliassenAmmerzoden","article_modified_time":"2026-01-12T19:35:48+00:00","og_image":[{"width":2048,"height":1366,"url":"https:\/\/www.eliassen.nl\/wp-content\/uploads\/2024\/10\/vaasminkaantiekmessing122cmdecostarcountryfi.jpg","type":"image\/jpeg"}],"twitter_card":"summary_large_image","schema":{"@context":"https:\/\/schema.org","@graph":[{"@type":"WebPage","@id":"https:\/\/www.eliassen.nl\/de\/vase-minka-antikmessing-112cm\/","url":"https:\/\/www.eliassen.nl\/de\/vase-minka-antikmessing-112cm\/","name":"Vase Minka Messing antik 112cm","isPartOf":{"@id":"https:\/\/www.eliassen.nl\/de\/#website"},"primaryImageOfPage":{"@id":"https:\/\/www.eliassen.nl\/de\/vase-minka-antikmessing-112cm\/#primaryimage"},"image":{"@id":"https:\/\/www.eliassen.nl\/de\/vase-minka-antikmessing-112cm\/#primaryimage"},"thumbnailUrl":"https:\/\/www.eliassen.nl\/wp-content\/uploads\/2024\/10\/vaasminkaantiekmessing122cmdecostarcountryfi.jpg","datePublished":"2024-09-26T17:29:58+00:00","dateModified":"2026-01-12T19:35:48+00:00","description":"Aluminiumt\u00f6pfe Vasen, sehen Sie sich unser Sortiment in unserem Webshop an oder besuchen Sie uns live !!!","breadcrumb":{"@id":"https:\/\/www.eliassen.nl\/de\/vase-minka-antikmessing-112cm\/#breadcrumb"},"inLanguage":"de","potentialAction":[{"@type":"ReadAction","target":["https:\/\/www.eliassen.nl\/de\/vase-minka-antikmessing-112cm\/"]}]},{"@type":"ImageObject","inLanguage":"de","@id":"https:\/\/www.eliassen.nl\/de\/vase-minka-antikmessing-112cm\/#primaryimage","url":"https:\/\/www.eliassen.nl\/wp-content\/uploads\/2024\/10\/vaasminkaantiekmessing122cmdecostarcountryfi.jpg","contentUrl":"https:\/\/www.eliassen.nl\/wp-content\/uploads\/2024\/10\/vaasminkaantiekmessing122cmdecostarcountryfi.jpg","width":2048,"height":1366,"caption":"Vase Minka Messing antik 122cm Decostar Landhaus Eliassen.de 802783"},{"@type":"BreadcrumbList","@id":"https:\/\/www.eliassen.nl\/de\/vase-minka-antikmessing-112cm\/#breadcrumb","itemListElement":[{"@type":"ListItem","position":1,"name":"Home","item":"https:\/\/www.eliassen.nl\/de\/"},{"@type":"ListItem","position":2,"name":"Shop","item":"https:\/\/www.eliassen.nl\/de\/shop\/"},{"@type":"ListItem","position":3,"name":"Blument\u00f6pfe und Pflanzgef\u00e4\u00dfe","item":"https:\/\/www.eliassen.nl\/de\/blumentoepfe-und-pflanzgefaesse\/"},{"@type":"ListItem","position":4,"name":"Vase Minka Messing antik 112cm"}]},{"@type":"WebSite","@id":"https:\/\/www.eliassen.nl\/de\/#website","url":"https:\/\/www.eliassen.nl\/de\/","name":"Eliassen Home & Garden Pleasure","description":"","publisher":{"@id":"https:\/\/www.eliassen.nl\/de\/#organization"},"alternateName":"Eliassen.nl","potentialAction":[{"@type":"SearchAction","target":{"@type":"EntryPoint","urlTemplate":"https:\/\/www.eliassen.nl\/de\/?s={search_term_string}"},"query-input":{"@type":"PropertyValueSpecification","valueRequired":true,"valueName":"search_term_string"}}],"inLanguage":"de"},{"@type":["Organization","Place"],"@id":"https:\/\/www.eliassen.nl\/de\/#organization","name":"Eliassen Home & Garden Pleasure","url":"https:\/\/www.eliassen.nl\/de\/","logo":{"@id":"https:\/\/www.eliassen.nl\/de\/vase-minka-antikmessing-112cm\/#local-main-organization-logo"},"image":{"@id":"https:\/\/www.eliassen.nl\/de\/vase-minka-antikmessing-112cm\/#local-main-organization-logo"},"sameAs":["https:\/\/www.facebook.com\/TuincentrumEliassenAmmerzoden","https:\/\/www.instagram.com\/eliassenhomeandgarden\/","https:\/\/nl.pinterest.com\/eliassenhomeandgarden\/","https:\/\/www.youtube.com\/@eliassenhomegardenpleasure4558"],"telephone":[],"openingHoursSpecification":[{"@type":"OpeningHoursSpecification","dayOfWeek":["Monday","Tuesday","Wednesday","Thursday","Friday","Saturday","Sunday"],"opens":"09:00","closes":"17:00"}]},{"@type":"ImageObject","inLanguage":"de","@id":"https:\/\/www.eliassen.nl\/de\/vase-minka-antikmessing-112cm\/#local-main-organization-logo","url":"https:\/\/www.eliassen.nl\/wp-content\/uploads\/2024\/01\/logo_4nd.jpg","contentUrl":"https:\/\/www.eliassen.nl\/wp-content\/uploads\/2024\/01\/logo_4nd.jpg","width":500,"height":500,"caption":"Eliassen Home & Garden Pleasure"}]},"product_price_amount":"275.00","product_price_currency":"EUR","og_availability":"instock","product_availability":"instock","product_retailer_item_id":"802783","product_condition":"new"},"df_price":275,"df_sale_price":"","df_regular_price":275,"df_image_link":"https:\/\/www.eliassen.nl\/wp-content\/uploads\/2024\/10\/vaasminkaantiekmessing122cmdecostarcountryfi.jpg","image":"https:\/\/www.eliassen.nl\/wp-content\/uploads\/2024\/10\/vaasminkaantiekmessing122cmdecostarcountryfi.jpg","price_search":"<span class=\"woocommerce-Price-amount amount\"><bdi><span class=\"woocommerce-Price-currencySymbol\">&euro;<\/span>&nbsp;275,00<\/bdi><\/span>","category":"Blument\u00f6pfe und Pflanzgef\u00e4\u00dfe","global_unique_id":"08718318027832","_links":{"self":[{"href":"https:\/\/www.eliassen.nl\/de\/wp-json\/wp\/v2\/product\/163043","targetHints":{"allow":["GET"]}}],"collection":[{"href":"https:\/\/www.eliassen.nl\/de\/wp-json\/wp\/v2\/product"}],"about":[{"href":"https:\/\/www.eliassen.nl\/de\/wp-json\/wp\/v2\/types\/product"}],"wp:featuredmedia":[{"embeddable":true,"href":"https:\/\/www.eliassen.nl\/de\/wp-json\/wp\/v2\/media\/163040"}],"wp:attachment":[{"href":"https:\/\/www.eliassen.nl\/de\/wp-json\/wp\/v2\/media?parent=163043"}],"wp:term":[{"taxonomy":"product_brand","embeddable":true,"href":"https:\/\/www.eliassen.nl\/de\/wp-json\/wp\/v2\/product_brand?post=163043"},{"taxonomy":"product_cat","embeddable":true,"href":"https:\/\/www.eliassen.nl\/de\/wp-json\/wp\/v2\/product_cat?post=163043"},{"taxonomy":"product_tag","embeddable":true,"href":"https:\/\/www.eliassen.nl\/de\/wp-json\/wp\/v2\/product_tag?post=163043"}],"curies":[{"name":"wp","href":"https:\/\/api.w.org\/{rel}","templated":true}]}}