{"id":162971,"date":"2024-09-26T14:58:01","date_gmt":"2024-09-26T14:58:01","guid":{"rendered":"https:\/\/www.eliassen.nl\/?product=copy-of-pot-melamine-palermo-marble-groen-30cm"},"modified":"2026-01-22T20:51:49","modified_gmt":"2026-01-22T19:51:49","slug":"melamin-topf-palermo-marmor-grun-35cm","status":"publish","type":"product","link":"https:\/\/www.eliassen.nl\/de\/melamin-topf-palermo-marmor-grun-35cm\/","title":{"rendered":"Melamintopf Palermo Marmor Gr\u00fcn 35cm"},"content":{"rendered":"<div style=\"width: 720px;\" class=\"wp-video\"><video class=\"wp-video-shortcode\" id=\"video-162971-1\" width=\"720\" height=\"1280\" preload=\"metadata\" controls=\"controls\"><source type=\"video\/mp4\" src=\"https:\/\/www.eliassen.nl\/wp-content\/uploads\/2025\/12\/Video_93327663.mp4?_=1\" \/><a href=\"https:\/\/www.eliassen.nl\/wp-content\/uploads\/2025\/12\/Video_93327663.mp4\">https:\/\/www.eliassen.nl\/wp-content\/uploads\/2025\/12\/Video_93327663.mp4<\/a><\/video><\/div>\n<p>Brandneu ist diese Serie von T\u00f6pfen der Palermo-Serie. Hergestellt aus dem sehr starken, kaum zerbrechlichen und unzerst\u00f6rbaren Melamin. Wer kennt Melamin nicht von Geschirr, M\u00f6beln und anderen Utensilien f\u00fcr Haus, Garten und K\u00fcche.<\/p>\n<p>Dieser gr\u00fcn-graue Palermo-Topf mit einem Durchmesser von 35 cm ist wundersch\u00f6n gefertigt und hat eine hochgl\u00e4nzende Au\u00dfenseite in Marmoroptik. Sie m\u00fcssen diese T\u00f6pfe wirklich in natura sehen, denn der sch\u00f6ne Glanz ist auf Fotos fast nicht zu erkennen.<\/p>\n<p>Dieser Blumentopf aus Melamin kann f\u00fcr den Innen- und Au\u00dfenbereich verwendet werden. Der Boden ist mit einem Gummistopfen versehen, so dass der Topf verschlossen werden kann und Ihr sch\u00f6ner Fu\u00dfboden nicht gef\u00e4hrdet wird.<\/p>\n<p>Schauen Sie doch einfach mal vorbei, um sich diese sch\u00f6ne, brandneue Topfserie anzusehen.<\/p>\n<ul>\n<li>Farbe: Hochgl\u00e4nzendes Gr\u00fcn mit Marmoreffekt<\/li>\n<li>Frostbest\u00e4ndig<\/li>\n<li>Garantie 2 Jahre<\/li>\n<\/ul>\n","protected":false},"excerpt":{"rendered":"<p>\u2713 Sehr stabil \u2713 F\u00fcr den Innen- und Au\u00dfenbereich \u2713 Mit Gummistopfen<\/p>\n","protected":false},"featured_media":162962,"template":"","meta":{"_acf_changed":false,"_genesis_title":"","_genesis_description":""},"product_brand":[7505],"product_cat":[722,740,725],"product_tag":[],"class_list":{"0":"post-162971","1":"product","2":"type-product","3":"status-publish","4":"has-post-thumbnail","6":"product_brand-sonstige","7":"product_cat-blumentoepfe-und-pflanzgefaesse","8":"product_cat-pflanzkuebel-fuer-den-aussenbereich-gross-leicht","9":"product_cat-vasen-und-toepfe-im-modernen-design","11":"first","12":"instock","13":"taxable","14":"shipping-taxable","15":"purchasable","16":"product-type-simple"},"acf":[],"meta_all":{"total_sales":"7","wcml_sync_hash":{"postmeta_fields":"d3c0bbd83b65c1071e85d2302f205308"},"attr_label_translations":[],"cor_restricted_countries":[],"cor_product_price_text_product_level":"","cor_add_text":"","cor_hide_r_add_cart_product_level":"1","cor_product_price_cart_btn_product_level":"","cor_replace_add_to_cart_custom_btn_product_level":"","enbility_product_level_disability":" ","enbility_product_level_exclude_visibility_rules":" "},"meta_all_flat":{"total_sales":"7","wcml_sync_hash.postmeta_fields":"d3c0bbd83b65c1071e85d2302f205308","cor_product_price_text_product_level":"","cor_add_text":"","cor_hide_r_add_cart_product_level":"1","cor_product_price_cart_btn_product_level":"","cor_replace_add_to_cart_custom_btn_product_level":"","enbility_product_level_disability":" ","enbility_product_level_exclude_visibility_rules":" "},"yoast_head":"<!-- This site is optimized with the Yoast SEO Premium plugin v26.2 (Yoast SEO v27.2) - https:\/\/yoast.com\/product\/yoast-seo-premium-wordpress\/ -->\n<title>Melamintopf Palermo Marmor Gr\u00fcn 35cm - Eliassen.nl<\/title>\n<meta name=\"description\" content=\"Unglaublich starke T\u00f6pfe f\u00fcr den Innen- und Au\u00dfenbereich finden Sie hier. Stabile Gl\u00e4ser aus Melamin, mit einem Stopfen in verschiedenen Farben und Gr\u00f6\u00dfen.\" \/>\n<meta name=\"robots\" content=\"index, follow, max-snippet:-1, max-image-preview:large, max-video-preview:-1\" \/>\n<link rel=\"canonical\" href=\"https:\/\/www.eliassen.nl\/de\/melamin-topf-palermo-marmor-grun-35cm\/\" \/>\n<meta property=\"og:locale\" content=\"de_DE\" \/>\n<meta property=\"og:type\" content=\"article\" \/>\n<meta property=\"og:title\" content=\"Sonstige Melamintopf Palermo Marmor Gr\u00fcn 35cm - Eliassen.nl\" \/>\n<meta property=\"og:description\" content=\"Unglaublich starke T\u00f6pfe f\u00fcr den Innen- und Au\u00dfenbereich finden Sie hier. Stabile Gl\u00e4ser aus Melamin, mit einem Stopfen in verschiedenen Farben und Gr\u00f6\u00dfen.\" \/>\n<meta property=\"og:url\" content=\"https:\/\/www.eliassen.nl\/de\/melamin-topf-palermo-marmor-grun-35cm\/\" \/>\n<meta property=\"og:site_name\" content=\"Eliassen.nl\" \/>\n<meta property=\"article:publisher\" content=\"https:\/\/www.facebook.com\/TuincentrumEliassenAmmerzoden\" \/>\n<meta property=\"article:modified_time\" content=\"2026-01-22T19:51:49+00:00\" \/>\n<meta property=\"og:image\" content=\"https:\/\/www.eliassen.nl\/wp-content\/uploads\/2024\/10\/potmelaminepalermomarblegroen35cmeliassennl.jpg\" \/>\n\t<meta property=\"og:image:width\" content=\"684\" \/>\n\t<meta property=\"og:image:height\" content=\"670\" \/>\n\t<meta property=\"og:image:type\" content=\"image\/jpeg\" \/>\n<meta name=\"twitter:card\" content=\"summary_large_image\" \/>\n<script type=\"application\/ld+json\" class=\"yoast-schema-graph\">{\"@context\":\"https:\/\/schema.org\",\"@graph\":[{\"@type\":\"WebPage\",\"@id\":\"https:\/\/www.eliassen.nl\/de\/melamin-topf-palermo-marmor-grun-35cm\/\",\"url\":\"https:\/\/www.eliassen.nl\/de\/melamin-topf-palermo-marmor-grun-35cm\/\",\"name\":\"Melamintopf Palermo Marmor Gr\u00fcn 35cm - Eliassen.nl\",\"isPartOf\":{\"@id\":\"https:\/\/www.eliassen.nl\/de\/#website\"},\"primaryImageOfPage\":{\"@id\":\"https:\/\/www.eliassen.nl\/de\/melamin-topf-palermo-marmor-grun-35cm\/#primaryimage\"},\"image\":{\"@id\":\"https:\/\/www.eliassen.nl\/de\/melamin-topf-palermo-marmor-grun-35cm\/#primaryimage\"},\"thumbnailUrl\":\"https:\/\/www.eliassen.nl\/wp-content\/uploads\/2024\/10\/potmelaminepalermomarblegroen35cmeliassennl.jpg\",\"datePublished\":\"2024-09-26T14:58:01+00:00\",\"dateModified\":\"2026-01-22T19:51:49+00:00\",\"description\":\"Unglaublich starke T\u00f6pfe f\u00fcr den Innen- und Au\u00dfenbereich finden Sie hier. Stabile Gl\u00e4ser aus Melamin, mit einem Stopfen in verschiedenen Farben und Gr\u00f6\u00dfen.\",\"breadcrumb\":{\"@id\":\"https:\/\/www.eliassen.nl\/de\/melamin-topf-palermo-marmor-grun-35cm\/#breadcrumb\"},\"inLanguage\":\"de\",\"potentialAction\":[{\"@type\":\"ReadAction\",\"target\":[\"https:\/\/www.eliassen.nl\/de\/melamin-topf-palermo-marmor-grun-35cm\/\"]}]},{\"@type\":\"ImageObject\",\"inLanguage\":\"de\",\"@id\":\"https:\/\/www.eliassen.nl\/de\/melamin-topf-palermo-marmor-grun-35cm\/#primaryimage\",\"url\":\"https:\/\/www.eliassen.nl\/wp-content\/uploads\/2024\/10\/potmelaminepalermomarblegroen35cmeliassennl.jpg\",\"contentUrl\":\"https:\/\/www.eliassen.nl\/wp-content\/uploads\/2024\/10\/potmelaminepalermomarblegroen35cmeliassennl.jpg\",\"width\":684,\"height\":670,\"caption\":\"Topf aus Melamin Palermo Marmor Gr\u00fcn 35cm eliassen.de 1\"},{\"@type\":\"BreadcrumbList\",\"@id\":\"https:\/\/www.eliassen.nl\/de\/melamin-topf-palermo-marmor-grun-35cm\/#breadcrumb\",\"itemListElement\":[{\"@type\":\"ListItem\",\"position\":1,\"name\":\"Home\",\"item\":\"https:\/\/www.eliassen.nl\/de\/\"},{\"@type\":\"ListItem\",\"position\":2,\"name\":\"Shop\",\"item\":\"https:\/\/www.eliassen.nl\/de\/shop\/\"},{\"@type\":\"ListItem\",\"position\":3,\"name\":\"Blument\u00f6pfe und Pflanzgef\u00e4\u00dfe\",\"item\":\"https:\/\/www.eliassen.nl\/de\/blumentoepfe-und-pflanzgefaesse\/\"},{\"@type\":\"ListItem\",\"position\":4,\"name\":\"Pflanzk\u00fcbel f\u00fcr den Au\u00dfenbereich gro\u00df leicht\",\"item\":\"https:\/\/www.eliassen.nl\/de\/blumentoepfe-und-pflanzgefaesse\/pflanzkuebel-fuer-den-aussenbereich-gross-leicht\/\"},{\"@type\":\"ListItem\",\"position\":5,\"name\":\"Melamintopf Palermo Marmor Gr\u00fcn 35cm\"}]},{\"@type\":\"WebSite\",\"@id\":\"https:\/\/www.eliassen.nl\/de\/#website\",\"url\":\"https:\/\/www.eliassen.nl\/de\/\",\"name\":\"Eliassen Home & Garden Pleasure\",\"description\":\"\",\"publisher\":{\"@id\":\"https:\/\/www.eliassen.nl\/de\/#organization\"},\"alternateName\":\"Eliassen.nl\",\"potentialAction\":[{\"@type\":\"SearchAction\",\"target\":{\"@type\":\"EntryPoint\",\"urlTemplate\":\"https:\/\/www.eliassen.nl\/de\/?s={search_term_string}\"},\"query-input\":{\"@type\":\"PropertyValueSpecification\",\"valueRequired\":true,\"valueName\":\"search_term_string\"}}],\"inLanguage\":\"de\"},{\"@type\":[\"Organization\",\"Place\"],\"@id\":\"https:\/\/www.eliassen.nl\/de\/#organization\",\"name\":\"Eliassen Home & Garden Pleasure\",\"url\":\"https:\/\/www.eliassen.nl\/de\/\",\"logo\":{\"@id\":\"https:\/\/www.eliassen.nl\/de\/melamin-topf-palermo-marmor-grun-35cm\/#local-main-organization-logo\"},\"image\":{\"@id\":\"https:\/\/www.eliassen.nl\/de\/melamin-topf-palermo-marmor-grun-35cm\/#local-main-organization-logo\"},\"sameAs\":[\"https:\/\/www.facebook.com\/TuincentrumEliassenAmmerzoden\",\"https:\/\/www.instagram.com\/eliassenhomeandgarden\/\",\"https:\/\/nl.pinterest.com\/eliassenhomeandgarden\/\",\"https:\/\/www.youtube.com\/@eliassenhomegardenpleasure4558\"],\"telephone\":[],\"openingHoursSpecification\":[{\"@type\":\"OpeningHoursSpecification\",\"dayOfWeek\":[\"Monday\",\"Tuesday\",\"Wednesday\",\"Thursday\",\"Friday\",\"Saturday\",\"Sunday\"],\"opens\":\"09:00\",\"closes\":\"17:00\"}]},{\"@type\":\"ImageObject\",\"inLanguage\":\"de\",\"@id\":\"https:\/\/www.eliassen.nl\/de\/melamin-topf-palermo-marmor-grun-35cm\/#local-main-organization-logo\",\"url\":\"https:\/\/www.eliassen.nl\/wp-content\/uploads\/2024\/01\/logo_4nd.jpg\",\"contentUrl\":\"https:\/\/www.eliassen.nl\/wp-content\/uploads\/2024\/01\/logo_4nd.jpg\",\"width\":500,\"height\":500,\"caption\":\"Eliassen Home & Garden Pleasure\"}]}<\/script>\n<meta property=\"product:price:amount\" content=\"32.50\" \/>\n<meta property=\"product:price:currency\" content=\"EUR\" \/>\n<meta property=\"og:availability\" content=\"instock\" \/>\n<meta property=\"product:availability\" content=\"instock\" \/>\n<meta property=\"product:retailer_item_id\" content=\"171762\" \/>\n<meta property=\"product:condition\" content=\"new\" \/>\n<!-- \/ Yoast SEO Premium plugin. -->","yoast_head_json":{"title":"Melamintopf Palermo Marmor Gr\u00fcn 35cm - Eliassen.nl","description":"Unglaublich starke T\u00f6pfe f\u00fcr den Innen- und Au\u00dfenbereich finden Sie hier. Stabile Gl\u00e4ser aus Melamin, mit einem Stopfen in verschiedenen Farben und Gr\u00f6\u00dfen.","robots":{"index":"index","follow":"follow","max-snippet":"max-snippet:-1","max-image-preview":"max-image-preview:large","max-video-preview":"max-video-preview:-1"},"canonical":"https:\/\/www.eliassen.nl\/de\/melamin-topf-palermo-marmor-grun-35cm\/","og_locale":"de_DE","og_type":"article","og_title":"Sonstige Melamintopf Palermo Marmor Gr\u00fcn 35cm - Eliassen.nl","og_description":"Unglaublich starke T\u00f6pfe f\u00fcr den Innen- und Au\u00dfenbereich finden Sie hier. Stabile Gl\u00e4ser aus Melamin, mit einem Stopfen in verschiedenen Farben und Gr\u00f6\u00dfen.","og_url":"https:\/\/www.eliassen.nl\/de\/melamin-topf-palermo-marmor-grun-35cm\/","og_site_name":"Eliassen.nl","article_publisher":"https:\/\/www.facebook.com\/TuincentrumEliassenAmmerzoden","article_modified_time":"2026-01-22T19:51:49+00:00","og_image":[{"width":684,"height":670,"url":"https:\/\/www.eliassen.nl\/wp-content\/uploads\/2024\/10\/potmelaminepalermomarblegroen35cmeliassennl.jpg","type":"image\/jpeg"}],"twitter_card":"summary_large_image","schema":{"@context":"https:\/\/schema.org","@graph":[{"@type":"WebPage","@id":"https:\/\/www.eliassen.nl\/de\/melamin-topf-palermo-marmor-grun-35cm\/","url":"https:\/\/www.eliassen.nl\/de\/melamin-topf-palermo-marmor-grun-35cm\/","name":"Melamintopf Palermo Marmor Gr\u00fcn 35cm - Eliassen.nl","isPartOf":{"@id":"https:\/\/www.eliassen.nl\/de\/#website"},"primaryImageOfPage":{"@id":"https:\/\/www.eliassen.nl\/de\/melamin-topf-palermo-marmor-grun-35cm\/#primaryimage"},"image":{"@id":"https:\/\/www.eliassen.nl\/de\/melamin-topf-palermo-marmor-grun-35cm\/#primaryimage"},"thumbnailUrl":"https:\/\/www.eliassen.nl\/wp-content\/uploads\/2024\/10\/potmelaminepalermomarblegroen35cmeliassennl.jpg","datePublished":"2024-09-26T14:58:01+00:00","dateModified":"2026-01-22T19:51:49+00:00","description":"Unglaublich starke T\u00f6pfe f\u00fcr den Innen- und Au\u00dfenbereich finden Sie hier. Stabile Gl\u00e4ser aus Melamin, mit einem Stopfen in verschiedenen Farben und Gr\u00f6\u00dfen.","breadcrumb":{"@id":"https:\/\/www.eliassen.nl\/de\/melamin-topf-palermo-marmor-grun-35cm\/#breadcrumb"},"inLanguage":"de","potentialAction":[{"@type":"ReadAction","target":["https:\/\/www.eliassen.nl\/de\/melamin-topf-palermo-marmor-grun-35cm\/"]}]},{"@type":"ImageObject","inLanguage":"de","@id":"https:\/\/www.eliassen.nl\/de\/melamin-topf-palermo-marmor-grun-35cm\/#primaryimage","url":"https:\/\/www.eliassen.nl\/wp-content\/uploads\/2024\/10\/potmelaminepalermomarblegroen35cmeliassennl.jpg","contentUrl":"https:\/\/www.eliassen.nl\/wp-content\/uploads\/2024\/10\/potmelaminepalermomarblegroen35cmeliassennl.jpg","width":684,"height":670,"caption":"Topf aus Melamin Palermo Marmor Gr\u00fcn 35cm eliassen.de 1"},{"@type":"BreadcrumbList","@id":"https:\/\/www.eliassen.nl\/de\/melamin-topf-palermo-marmor-grun-35cm\/#breadcrumb","itemListElement":[{"@type":"ListItem","position":1,"name":"Home","item":"https:\/\/www.eliassen.nl\/de\/"},{"@type":"ListItem","position":2,"name":"Shop","item":"https:\/\/www.eliassen.nl\/de\/shop\/"},{"@type":"ListItem","position":3,"name":"Blument\u00f6pfe und Pflanzgef\u00e4\u00dfe","item":"https:\/\/www.eliassen.nl\/de\/blumentoepfe-und-pflanzgefaesse\/"},{"@type":"ListItem","position":4,"name":"Pflanzk\u00fcbel f\u00fcr den Au\u00dfenbereich gro\u00df leicht","item":"https:\/\/www.eliassen.nl\/de\/blumentoepfe-und-pflanzgefaesse\/pflanzkuebel-fuer-den-aussenbereich-gross-leicht\/"},{"@type":"ListItem","position":5,"name":"Melamintopf Palermo Marmor Gr\u00fcn 35cm"}]},{"@type":"WebSite","@id":"https:\/\/www.eliassen.nl\/de\/#website","url":"https:\/\/www.eliassen.nl\/de\/","name":"Eliassen Home & Garden Pleasure","description":"","publisher":{"@id":"https:\/\/www.eliassen.nl\/de\/#organization"},"alternateName":"Eliassen.nl","potentialAction":[{"@type":"SearchAction","target":{"@type":"EntryPoint","urlTemplate":"https:\/\/www.eliassen.nl\/de\/?s={search_term_string}"},"query-input":{"@type":"PropertyValueSpecification","valueRequired":true,"valueName":"search_term_string"}}],"inLanguage":"de"},{"@type":["Organization","Place"],"@id":"https:\/\/www.eliassen.nl\/de\/#organization","name":"Eliassen Home & Garden Pleasure","url":"https:\/\/www.eliassen.nl\/de\/","logo":{"@id":"https:\/\/www.eliassen.nl\/de\/melamin-topf-palermo-marmor-grun-35cm\/#local-main-organization-logo"},"image":{"@id":"https:\/\/www.eliassen.nl\/de\/melamin-topf-palermo-marmor-grun-35cm\/#local-main-organization-logo"},"sameAs":["https:\/\/www.facebook.com\/TuincentrumEliassenAmmerzoden","https:\/\/www.instagram.com\/eliassenhomeandgarden\/","https:\/\/nl.pinterest.com\/eliassenhomeandgarden\/","https:\/\/www.youtube.com\/@eliassenhomegardenpleasure4558"],"telephone":[],"openingHoursSpecification":[{"@type":"OpeningHoursSpecification","dayOfWeek":["Monday","Tuesday","Wednesday","Thursday","Friday","Saturday","Sunday"],"opens":"09:00","closes":"17:00"}]},{"@type":"ImageObject","inLanguage":"de","@id":"https:\/\/www.eliassen.nl\/de\/melamin-topf-palermo-marmor-grun-35cm\/#local-main-organization-logo","url":"https:\/\/www.eliassen.nl\/wp-content\/uploads\/2024\/01\/logo_4nd.jpg","contentUrl":"https:\/\/www.eliassen.nl\/wp-content\/uploads\/2024\/01\/logo_4nd.jpg","width":500,"height":500,"caption":"Eliassen Home & Garden Pleasure"}]},"product_price_amount":"32.50","product_price_currency":"EUR","og_availability":"instock","product_availability":"instock","product_retailer_item_id":"171762","product_condition":"new"},"df_price":32.5,"df_sale_price":"","df_regular_price":32.5,"df_image_link":"https:\/\/www.eliassen.nl\/wp-content\/uploads\/2024\/10\/potmelaminepalermomarblegroen35cmeliassennl.jpg","image":"https:\/\/www.eliassen.nl\/wp-content\/uploads\/2024\/10\/potmelaminepalermomarblegroen35cmeliassennl.jpg","price_search":"<span class=\"woocommerce-Price-amount amount\"><bdi><span class=\"woocommerce-Price-currencySymbol\">&euro;<\/span>&nbsp;32,50<\/bdi><\/span>","category":"Blument\u00f6pfe und Pflanzgef\u00e4\u00dfe","global_unique_id":"8711355974282","_links":{"self":[{"href":"https:\/\/www.eliassen.nl\/de\/wp-json\/wp\/v2\/product\/162971","targetHints":{"allow":["GET"]}}],"collection":[{"href":"https:\/\/www.eliassen.nl\/de\/wp-json\/wp\/v2\/product"}],"about":[{"href":"https:\/\/www.eliassen.nl\/de\/wp-json\/wp\/v2\/types\/product"}],"wp:featuredmedia":[{"embeddable":true,"href":"https:\/\/www.eliassen.nl\/de\/wp-json\/wp\/v2\/media\/162962"}],"wp:attachment":[{"href":"https:\/\/www.eliassen.nl\/de\/wp-json\/wp\/v2\/media?parent=162971"}],"wp:term":[{"taxonomy":"product_brand","embeddable":true,"href":"https:\/\/www.eliassen.nl\/de\/wp-json\/wp\/v2\/product_brand?post=162971"},{"taxonomy":"product_cat","embeddable":true,"href":"https:\/\/www.eliassen.nl\/de\/wp-json\/wp\/v2\/product_cat?post=162971"},{"taxonomy":"product_tag","embeddable":true,"href":"https:\/\/www.eliassen.nl\/de\/wp-json\/wp\/v2\/product_tag?post=162971"}],"curies":[{"name":"wp","href":"https:\/\/api.w.org\/{rel}","templated":true}]}}