{"id":162959,"date":"2024-09-26T14:53:44","date_gmt":"2024-09-26T14:53:44","guid":{"rendered":"https:\/\/www.eliassen.nl\/?product=pot-melamine-palermo-marble-groen-30cm"},"modified":"2026-01-16T15:28:21","modified_gmt":"2026-01-16T14:28:21","slug":"pot-melamine-palermo-marble-groen-30cm","status":"publish","type":"product","link":"https:\/\/www.eliassen.nl\/de\/pot-melamine-palermo-marble-groen-30cm\/","title":{"rendered":"Melamintopf Palermo Marmor Gr\u00fcn 30cm"},"content":{"rendered":"<div id=\"tab-description\" class=\"tabs__panel\">\n<div style=\"width: 720px;\" class=\"wp-video\"><video class=\"wp-video-shortcode\" id=\"video-162959-1\" width=\"720\" height=\"1280\" preload=\"metadata\" controls=\"controls\"><source type=\"video\/mp4\" src=\"https:\/\/www.eliassen.nl\/wp-content\/uploads\/2025\/12\/Video_93327663.mp4?_=1\" \/><a href=\"https:\/\/www.eliassen.nl\/wp-content\/uploads\/2025\/12\/Video_93327663.mp4\">https:\/\/www.eliassen.nl\/wp-content\/uploads\/2025\/12\/Video_93327663.mp4<\/a><\/video><\/div>\n<p>Brandneu ist diese Serie von T\u00f6pfen der Palermo-Serie. Hergestellt aus dem sehr starken, kaum zerbrechlichen und unzerst\u00f6rbaren Melamin. Wer kennt Melamin nicht von Geschirr, M\u00f6beln und anderen Utensilien f\u00fcr Haus, Garten und K\u00fcche.<\/p>\n<p>Dieser gr\u00fcngraue Palermo-Topf mit einem Durchmesser von 30 cm ist wundersch\u00f6n mit einer hochgl\u00e4nzenden Au\u00dfenseite in Marmoroptik gefertigt. Sie m\u00fcssen diese T\u00f6pfe wirklich in natura sehen, denn der sch\u00f6ne Glanz ist auf Fotos fast nicht zu erkennen.<\/p>\n<p>Dieser Blumentopf aus Melamin kann f\u00fcr den Innen- und Au\u00dfenbereich verwendet werden. Der Boden ist mit einem Gummistopfen versehen, so dass der Topf verschlossen werden kann und Ihr sch\u00f6ner Fu\u00dfboden nicht gef\u00e4hrdet wird.<\/p>\n<p>Schauen Sie doch einfach mal vorbei, um sich diese sch\u00f6ne, brandneue Topfserie anzusehen.<\/p>\n<ul>\n<li>Farbe: Hochgl\u00e4nzendes Gr\u00fcn mit Marmoreffekt<\/li>\n<li>Material: Melamin<\/li>\n<li>Frostbest\u00e4ndig<\/li>\n<li>F\u00fcr innen und au\u00dfen geeignet<\/li>\n<li>Garantie 2 Jahre<\/li>\n<\/ul>\n<\/div>\n<div id=\"tab-additional_information\" class=\"tabs__panel\"><\/div>\n","protected":false},"excerpt":{"rendered":"<div class=\"woocommerce-product-details__short-description\">\n<p>\u2713 Sehr robust \u2713 F\u00fcr den Innen- und Au\u00dfenbereich geeignet<\/p>\n<\/div>\n","protected":false},"featured_media":162950,"template":"","meta":{"_acf_changed":false,"_genesis_title":"","_genesis_description":""},"product_brand":[7505],"product_cat":[722,740],"product_tag":[],"class_list":{"0":"post-162959","1":"product","2":"type-product","3":"status-publish","4":"has-post-thumbnail","6":"product_brand-sonstige","7":"product_cat-blumentoepfe-und-pflanzgefaesse","8":"product_cat-pflanzkuebel-fuer-den-aussenbereich-gross-leicht","10":"first","11":"instock","12":"taxable","13":"shipping-taxable","14":"purchasable","15":"product-type-simple"},"acf":[],"meta_all":{"total_sales":"2","wcml_sync_hash":{"postmeta_fields":"0c3db6a1ec322c49574a5de3ca0b9a70"},"attr_label_translations":[],"cor_restricted_countries":[]},"meta_all_flat":{"total_sales":"2","wcml_sync_hash.postmeta_fields":"0c3db6a1ec322c49574a5de3ca0b9a70"},"yoast_head":"<!-- This site is optimized with the Yoast SEO Premium plugin v26.2 (Yoast SEO v27.2) - https:\/\/yoast.com\/product\/yoast-seo-premium-wordpress\/ -->\n<title>Melamintopf Palermo Marmor Gr\u00fcn 30cm<\/title>\n<meta name=\"robots\" content=\"index, follow, max-snippet:-1, max-image-preview:large, max-video-preview:-1\" \/>\n<link rel=\"canonical\" href=\"https:\/\/www.eliassen.nl\/de\/pot-melamine-palermo-marble-groen-30cm\/\" \/>\n<meta property=\"og:locale\" content=\"de_DE\" \/>\n<meta property=\"og:type\" content=\"article\" \/>\n<meta property=\"og:title\" content=\"Sonstige Melamintopf Palermo Marmor Gr\u00fcn 30cm - Eliassen.nl\" \/>\n<meta property=\"og:description\" content=\"\u2713 Sehr robust \u2713 F\u00fcr den Innen- und Au\u00dfenbereich geeignet\" \/>\n<meta property=\"og:url\" content=\"https:\/\/www.eliassen.nl\/de\/pot-melamine-palermo-marble-groen-30cm\/\" \/>\n<meta property=\"og:site_name\" content=\"Eliassen.nl\" \/>\n<meta property=\"article:publisher\" content=\"https:\/\/www.facebook.com\/TuincentrumEliassenAmmerzoden\" \/>\n<meta property=\"article:modified_time\" content=\"2026-01-16T14:28:21+00:00\" \/>\n<meta property=\"og:image\" content=\"https:\/\/www.eliassen.nl\/wp-content\/uploads\/2024\/10\/potmelaminepalermomarblegroen30cmeliassennl.jpg\" \/>\n\t<meta property=\"og:image:width\" content=\"1024\" \/>\n\t<meta property=\"og:image:height\" content=\"682\" \/>\n\t<meta property=\"og:image:type\" content=\"image\/jpeg\" \/>\n<meta name=\"twitter:card\" content=\"summary_large_image\" \/>\n<script type=\"application\/ld+json\" class=\"yoast-schema-graph\">{\"@context\":\"https:\/\/schema.org\",\"@graph\":[{\"@type\":\"WebPage\",\"@id\":\"https:\/\/www.eliassen.nl\/de\/pot-melamine-palermo-marble-groen-30cm\/\",\"url\":\"https:\/\/www.eliassen.nl\/de\/pot-melamine-palermo-marble-groen-30cm\/\",\"name\":\"Melamintopf Palermo Marmor Gr\u00fcn 30cm\",\"isPartOf\":{\"@id\":\"https:\/\/www.eliassen.nl\/de\/#website\"},\"primaryImageOfPage\":{\"@id\":\"https:\/\/www.eliassen.nl\/de\/pot-melamine-palermo-marble-groen-30cm\/#primaryimage\"},\"image\":{\"@id\":\"https:\/\/www.eliassen.nl\/de\/pot-melamine-palermo-marble-groen-30cm\/#primaryimage\"},\"thumbnailUrl\":\"https:\/\/www.eliassen.nl\/wp-content\/uploads\/2024\/10\/potmelaminepalermomarblegroen30cmeliassennl.jpg\",\"datePublished\":\"2024-09-26T14:53:44+00:00\",\"dateModified\":\"2026-01-16T14:28:21+00:00\",\"breadcrumb\":{\"@id\":\"https:\/\/www.eliassen.nl\/de\/pot-melamine-palermo-marble-groen-30cm\/#breadcrumb\"},\"inLanguage\":\"de\",\"potentialAction\":[{\"@type\":\"ReadAction\",\"target\":[\"https:\/\/www.eliassen.nl\/de\/pot-melamine-palermo-marble-groen-30cm\/\"]}]},{\"@type\":\"ImageObject\",\"inLanguage\":\"de\",\"@id\":\"https:\/\/www.eliassen.nl\/de\/pot-melamine-palermo-marble-groen-30cm\/#primaryimage\",\"url\":\"https:\/\/www.eliassen.nl\/wp-content\/uploads\/2024\/10\/potmelaminepalermomarblegroen30cmeliassennl.jpg\",\"contentUrl\":\"https:\/\/www.eliassen.nl\/wp-content\/uploads\/2024\/10\/potmelaminepalermomarblegroen30cmeliassennl.jpg\",\"width\":1024,\"height\":682,\"caption\":\"Topf aus Melamin Palermo Marmor Gr\u00fcn 30cm eliassen.co.uk 2\"},{\"@type\":\"BreadcrumbList\",\"@id\":\"https:\/\/www.eliassen.nl\/de\/pot-melamine-palermo-marble-groen-30cm\/#breadcrumb\",\"itemListElement\":[{\"@type\":\"ListItem\",\"position\":1,\"name\":\"Home\",\"item\":\"https:\/\/www.eliassen.nl\/de\/\"},{\"@type\":\"ListItem\",\"position\":2,\"name\":\"Shop\",\"item\":\"https:\/\/www.eliassen.nl\/de\/shop\/\"},{\"@type\":\"ListItem\",\"position\":3,\"name\":\"Blument\u00f6pfe und Pflanzgef\u00e4\u00dfe\",\"item\":\"https:\/\/www.eliassen.nl\/de\/blumentoepfe-und-pflanzgefaesse\/\"},{\"@type\":\"ListItem\",\"position\":4,\"name\":\"Pflanzk\u00fcbel f\u00fcr den Au\u00dfenbereich gro\u00df leicht\",\"item\":\"https:\/\/www.eliassen.nl\/de\/blumentoepfe-und-pflanzgefaesse\/pflanzkuebel-fuer-den-aussenbereich-gross-leicht\/\"},{\"@type\":\"ListItem\",\"position\":5,\"name\":\"Melamintopf Palermo Marmor Gr\u00fcn 30cm\"}]},{\"@type\":\"WebSite\",\"@id\":\"https:\/\/www.eliassen.nl\/de\/#website\",\"url\":\"https:\/\/www.eliassen.nl\/de\/\",\"name\":\"Eliassen Home & Garden Pleasure\",\"description\":\"\",\"publisher\":{\"@id\":\"https:\/\/www.eliassen.nl\/de\/#organization\"},\"alternateName\":\"Eliassen.nl\",\"potentialAction\":[{\"@type\":\"SearchAction\",\"target\":{\"@type\":\"EntryPoint\",\"urlTemplate\":\"https:\/\/www.eliassen.nl\/de\/?s={search_term_string}\"},\"query-input\":{\"@type\":\"PropertyValueSpecification\",\"valueRequired\":true,\"valueName\":\"search_term_string\"}}],\"inLanguage\":\"de\"},{\"@type\":[\"Organization\",\"Place\"],\"@id\":\"https:\/\/www.eliassen.nl\/de\/#organization\",\"name\":\"Eliassen Home & Garden Pleasure\",\"url\":\"https:\/\/www.eliassen.nl\/de\/\",\"logo\":{\"@id\":\"https:\/\/www.eliassen.nl\/de\/pot-melamine-palermo-marble-groen-30cm\/#local-main-organization-logo\"},\"image\":{\"@id\":\"https:\/\/www.eliassen.nl\/de\/pot-melamine-palermo-marble-groen-30cm\/#local-main-organization-logo\"},\"sameAs\":[\"https:\/\/www.facebook.com\/TuincentrumEliassenAmmerzoden\",\"https:\/\/www.instagram.com\/eliassenhomeandgarden\/\",\"https:\/\/nl.pinterest.com\/eliassenhomeandgarden\/\",\"https:\/\/www.youtube.com\/@eliassenhomegardenpleasure4558\"],\"telephone\":[],\"openingHoursSpecification\":[{\"@type\":\"OpeningHoursSpecification\",\"dayOfWeek\":[\"Monday\",\"Tuesday\",\"Wednesday\",\"Thursday\",\"Friday\",\"Saturday\",\"Sunday\"],\"opens\":\"09:00\",\"closes\":\"17:00\"}]},{\"@type\":\"ImageObject\",\"inLanguage\":\"de\",\"@id\":\"https:\/\/www.eliassen.nl\/de\/pot-melamine-palermo-marble-groen-30cm\/#local-main-organization-logo\",\"url\":\"https:\/\/www.eliassen.nl\/wp-content\/uploads\/2024\/01\/logo_4nd.jpg\",\"contentUrl\":\"https:\/\/www.eliassen.nl\/wp-content\/uploads\/2024\/01\/logo_4nd.jpg\",\"width\":500,\"height\":500,\"caption\":\"Eliassen Home & Garden Pleasure\"}]}<\/script>\n<meta property=\"product:price:amount\" content=\"23.95\" \/>\n<meta property=\"product:price:currency\" content=\"EUR\" \/>\n<meta property=\"og:availability\" content=\"instock\" \/>\n<meta property=\"product:availability\" content=\"instock\" \/>\n<meta property=\"product:retailer_item_id\" content=\"171761\" \/>\n<meta property=\"product:condition\" content=\"new\" \/>\n<!-- \/ Yoast SEO Premium plugin. -->","yoast_head_json":{"title":"Melamintopf Palermo Marmor Gr\u00fcn 30cm","robots":{"index":"index","follow":"follow","max-snippet":"max-snippet:-1","max-image-preview":"max-image-preview:large","max-video-preview":"max-video-preview:-1"},"canonical":"https:\/\/www.eliassen.nl\/de\/pot-melamine-palermo-marble-groen-30cm\/","og_locale":"de_DE","og_type":"article","og_title":"Sonstige Melamintopf Palermo Marmor Gr\u00fcn 30cm - Eliassen.nl","og_description":"\u2713 Sehr robust \u2713 F\u00fcr den Innen- und Au\u00dfenbereich geeignet","og_url":"https:\/\/www.eliassen.nl\/de\/pot-melamine-palermo-marble-groen-30cm\/","og_site_name":"Eliassen.nl","article_publisher":"https:\/\/www.facebook.com\/TuincentrumEliassenAmmerzoden","article_modified_time":"2026-01-16T14:28:21+00:00","og_image":[{"width":1024,"height":682,"url":"https:\/\/www.eliassen.nl\/wp-content\/uploads\/2024\/10\/potmelaminepalermomarblegroen30cmeliassennl.jpg","type":"image\/jpeg"}],"twitter_card":"summary_large_image","schema":{"@context":"https:\/\/schema.org","@graph":[{"@type":"WebPage","@id":"https:\/\/www.eliassen.nl\/de\/pot-melamine-palermo-marble-groen-30cm\/","url":"https:\/\/www.eliassen.nl\/de\/pot-melamine-palermo-marble-groen-30cm\/","name":"Melamintopf Palermo Marmor Gr\u00fcn 30cm","isPartOf":{"@id":"https:\/\/www.eliassen.nl\/de\/#website"},"primaryImageOfPage":{"@id":"https:\/\/www.eliassen.nl\/de\/pot-melamine-palermo-marble-groen-30cm\/#primaryimage"},"image":{"@id":"https:\/\/www.eliassen.nl\/de\/pot-melamine-palermo-marble-groen-30cm\/#primaryimage"},"thumbnailUrl":"https:\/\/www.eliassen.nl\/wp-content\/uploads\/2024\/10\/potmelaminepalermomarblegroen30cmeliassennl.jpg","datePublished":"2024-09-26T14:53:44+00:00","dateModified":"2026-01-16T14:28:21+00:00","breadcrumb":{"@id":"https:\/\/www.eliassen.nl\/de\/pot-melamine-palermo-marble-groen-30cm\/#breadcrumb"},"inLanguage":"de","potentialAction":[{"@type":"ReadAction","target":["https:\/\/www.eliassen.nl\/de\/pot-melamine-palermo-marble-groen-30cm\/"]}]},{"@type":"ImageObject","inLanguage":"de","@id":"https:\/\/www.eliassen.nl\/de\/pot-melamine-palermo-marble-groen-30cm\/#primaryimage","url":"https:\/\/www.eliassen.nl\/wp-content\/uploads\/2024\/10\/potmelaminepalermomarblegroen30cmeliassennl.jpg","contentUrl":"https:\/\/www.eliassen.nl\/wp-content\/uploads\/2024\/10\/potmelaminepalermomarblegroen30cmeliassennl.jpg","width":1024,"height":682,"caption":"Topf aus Melamin Palermo Marmor Gr\u00fcn 30cm eliassen.co.uk 2"},{"@type":"BreadcrumbList","@id":"https:\/\/www.eliassen.nl\/de\/pot-melamine-palermo-marble-groen-30cm\/#breadcrumb","itemListElement":[{"@type":"ListItem","position":1,"name":"Home","item":"https:\/\/www.eliassen.nl\/de\/"},{"@type":"ListItem","position":2,"name":"Shop","item":"https:\/\/www.eliassen.nl\/de\/shop\/"},{"@type":"ListItem","position":3,"name":"Blument\u00f6pfe und Pflanzgef\u00e4\u00dfe","item":"https:\/\/www.eliassen.nl\/de\/blumentoepfe-und-pflanzgefaesse\/"},{"@type":"ListItem","position":4,"name":"Pflanzk\u00fcbel f\u00fcr den Au\u00dfenbereich gro\u00df leicht","item":"https:\/\/www.eliassen.nl\/de\/blumentoepfe-und-pflanzgefaesse\/pflanzkuebel-fuer-den-aussenbereich-gross-leicht\/"},{"@type":"ListItem","position":5,"name":"Melamintopf Palermo Marmor Gr\u00fcn 30cm"}]},{"@type":"WebSite","@id":"https:\/\/www.eliassen.nl\/de\/#website","url":"https:\/\/www.eliassen.nl\/de\/","name":"Eliassen Home & Garden Pleasure","description":"","publisher":{"@id":"https:\/\/www.eliassen.nl\/de\/#organization"},"alternateName":"Eliassen.nl","potentialAction":[{"@type":"SearchAction","target":{"@type":"EntryPoint","urlTemplate":"https:\/\/www.eliassen.nl\/de\/?s={search_term_string}"},"query-input":{"@type":"PropertyValueSpecification","valueRequired":true,"valueName":"search_term_string"}}],"inLanguage":"de"},{"@type":["Organization","Place"],"@id":"https:\/\/www.eliassen.nl\/de\/#organization","name":"Eliassen Home & Garden Pleasure","url":"https:\/\/www.eliassen.nl\/de\/","logo":{"@id":"https:\/\/www.eliassen.nl\/de\/pot-melamine-palermo-marble-groen-30cm\/#local-main-organization-logo"},"image":{"@id":"https:\/\/www.eliassen.nl\/de\/pot-melamine-palermo-marble-groen-30cm\/#local-main-organization-logo"},"sameAs":["https:\/\/www.facebook.com\/TuincentrumEliassenAmmerzoden","https:\/\/www.instagram.com\/eliassenhomeandgarden\/","https:\/\/nl.pinterest.com\/eliassenhomeandgarden\/","https:\/\/www.youtube.com\/@eliassenhomegardenpleasure4558"],"telephone":[],"openingHoursSpecification":[{"@type":"OpeningHoursSpecification","dayOfWeek":["Monday","Tuesday","Wednesday","Thursday","Friday","Saturday","Sunday"],"opens":"09:00","closes":"17:00"}]},{"@type":"ImageObject","inLanguage":"de","@id":"https:\/\/www.eliassen.nl\/de\/pot-melamine-palermo-marble-groen-30cm\/#local-main-organization-logo","url":"https:\/\/www.eliassen.nl\/wp-content\/uploads\/2024\/01\/logo_4nd.jpg","contentUrl":"https:\/\/www.eliassen.nl\/wp-content\/uploads\/2024\/01\/logo_4nd.jpg","width":500,"height":500,"caption":"Eliassen Home & Garden Pleasure"}]},"product_price_amount":"23.95","product_price_currency":"EUR","og_availability":"instock","product_availability":"instock","product_retailer_item_id":"171761","product_condition":"new"},"df_price":23.95,"df_sale_price":"","df_regular_price":23.95,"df_image_link":"https:\/\/www.eliassen.nl\/wp-content\/uploads\/2024\/10\/potmelaminepalermomarblegroen30cmeliassennl.jpg","image":"https:\/\/www.eliassen.nl\/wp-content\/uploads\/2024\/10\/potmelaminepalermomarblegroen30cmeliassennl.jpg","price_search":"<span class=\"woocommerce-Price-amount amount\"><bdi><span class=\"woocommerce-Price-currencySymbol\">&euro;<\/span>&nbsp;23,95<\/bdi><\/span>","category":"Blument\u00f6pfe und Pflanzgef\u00e4\u00dfe","global_unique_id":"8711355974275","_links":{"self":[{"href":"https:\/\/www.eliassen.nl\/de\/wp-json\/wp\/v2\/product\/162959","targetHints":{"allow":["GET"]}}],"collection":[{"href":"https:\/\/www.eliassen.nl\/de\/wp-json\/wp\/v2\/product"}],"about":[{"href":"https:\/\/www.eliassen.nl\/de\/wp-json\/wp\/v2\/types\/product"}],"wp:featuredmedia":[{"embeddable":true,"href":"https:\/\/www.eliassen.nl\/de\/wp-json\/wp\/v2\/media\/162950"}],"wp:attachment":[{"href":"https:\/\/www.eliassen.nl\/de\/wp-json\/wp\/v2\/media?parent=162959"}],"wp:term":[{"taxonomy":"product_brand","embeddable":true,"href":"https:\/\/www.eliassen.nl\/de\/wp-json\/wp\/v2\/product_brand?post=162959"},{"taxonomy":"product_cat","embeddable":true,"href":"https:\/\/www.eliassen.nl\/de\/wp-json\/wp\/v2\/product_cat?post=162959"},{"taxonomy":"product_tag","embeddable":true,"href":"https:\/\/www.eliassen.nl\/de\/wp-json\/wp\/v2\/product_tag?post=162959"}],"curies":[{"name":"wp","href":"https:\/\/api.w.org\/{rel}","templated":true}]}}