{"id":16282,"date":"2019-10-28T18:30:06","date_gmt":"2019-10-28T18:30:06","guid":{"rendered":"https:\/\/www.eliassen.nl\/?product=3d-malerei-100x100cm-bruecke-copy"},"modified":"2026-02-02T14:43:37","modified_gmt":"2026-02-02T13:43:37","slug":"3d-malerei-100x100cm-motor","status":"publish","type":"product","link":"https:\/\/www.eliassen.nl\/de\/3d-malerei-100x100cm-motor\/","title":{"rendered":"Metall 3d Malerei Motor 100x100cm"},"content":{"rendered":"<p data-path-to-node=\"2\">Verleihen Sie Ihrer Inneneinrichtung oder Ihrem Vordach einen robusten und industriellen Charakter mit diesem beeindruckenden 3D-Metallbild eines Motors. Mit einer gro\u00dfz\u00fcgigen Gr\u00f6\u00dfe von 100 x 100 cm und einer Dicke von nicht weniger als 7 cm ist dieses Kunstwerk ein absoluter Blickfang.  <span class=\"citation-4 citation-end-4\">Das Gem\u00e4lde ist vollst\u00e4ndig aus Eisen gefertigt, sowohl die Maschine als auch der Hintergrund sind aus Metall.<\/span>  Das verleiht ihm einen robusten und authentischen Look, der perfekt zu Technik- und Motorradliebhabern passt.<\/p>\n<div class=\"source-inline-chip-container ng-star-inserted\"><\/div>\n<p data-path-to-node=\"3\">Das Einzigartige an diesem Wandobjekt ist sein ausgepr\u00e4gter 3D-Effekt: Das Motorrad wurde so gestaltet, dass es sich deutlich vom Hintergrund abhebt und so eine lebendige Tiefe und ein cooles Spiel von Licht und Schatten an Ihrer Wand erzeugt. Da jedes Exemplar komplett handgefertigt und bemalt ist, gleicht kein Gem\u00e4lde dem anderen. So erhalten Sie immer ein einzigartiges und exklusives Kunstobjekt f\u00fcr Ihr Zuhause. Dank seiner langlebigen Materialien eignet sich dieses Gem\u00e4lde nicht nur f\u00fcr Innenr\u00e4ume, sondern auch hervorragend zum Aufh\u00e4ngen im Freien unter einer Veranda. M\u00f6chten Sie die Kraft und die Details dieses Metallgem\u00e4ldes lieber erst einmal in natura bewundern? Sie sind herzlich eingeladen, unseren Ausstellungsraum in Ammerzoden zu besuchen, wo wir die gr\u00f6\u00dfte Kollektion von 3D-Metallbildern in den Benelux-L\u00e4ndern pr\u00e4sentieren.<\/p>\n","protected":false},"excerpt":{"rendered":"<p>Dieses handgefertigte 3D-Metallwandbild (100&#215;100 cm) zeigt ein cooles Bild eines Motorrads mit sichtbarer Tiefenwirkung. Das robuste Eisen-Kunstwerk hat einen industriellen Charakter und ist ein einzigartiger Stimmungsmacher f\u00fcr Ihr Wohnzimmer, B\u00fcro oder drau\u00dfen unter der Veranda.<\/p>\n","protected":false},"featured_media":16279,"template":"","meta":{"_acf_changed":false,"_genesis_title":"","_genesis_description":""},"product_brand":[7505],"product_cat":[419,428,410],"product_tag":[],"class_list":{"0":"post-16282","1":"product","2":"type-product","3":"status-publish","4":"has-post-thumbnail","6":"product_brand-sonstige","7":"product_cat-3d-gemaelde-aus-metall","8":"product_cat-3d-gemaelde-aus-metall-im-format-100x100cm","9":"product_cat-gemaelde","11":"first","12":"instock","13":"sale","14":"taxable","15":"shipping-taxable","16":"purchasable","17":"product-type-simple"},"acf":[],"meta_all":{"total_sales":"0","wcml_sync_hash":{"postmeta_fields":"fd68935a02cdcddaeff7eef1789f1a7e"},"attr_label_translations":[],"cor_restricted_countries":[]},"meta_all_flat":{"total_sales":"0","wcml_sync_hash.postmeta_fields":"fd68935a02cdcddaeff7eef1789f1a7e"},"yoast_head":"<!-- This site is optimized with the Yoast SEO Premium plugin v26.2 (Yoast SEO v27.2) - https:\/\/yoast.com\/product\/yoast-seo-premium-wordpress\/ -->\n<title>3D-Gem\u00e4lde 100x100cm Motor | Eliassen<\/title>\n<meta name=\"description\" content=\"Kaufen Sie das 3D-Metallbild &#039;Motor&#039; (100x100cm) von Eliassen. Robuste Handwerkskunst mit einzigartiger Tiefenwirkung und industriellem Look. Sehen Sie sich die Kollektion im Showroom an!\" \/>\n<meta name=\"robots\" content=\"index, follow, max-snippet:-1, max-image-preview:large, max-video-preview:-1\" \/>\n<link rel=\"canonical\" href=\"https:\/\/www.eliassen.nl\/de\/3d-malerei-100x100cm-motor\/\" \/>\n<meta property=\"og:locale\" content=\"de_DE\" \/>\n<meta property=\"og:type\" content=\"article\" \/>\n<meta property=\"og:title\" content=\"Sonstige Metall 3d Malerei Motor 100x100cm - Eliassen.nl\" \/>\n<meta property=\"og:description\" content=\"Kaufen Sie das 3D-Metallbild &#039;Motor&#039; (100x100cm) von Eliassen. Robuste Handwerkskunst mit einzigartiger Tiefenwirkung und industriellem Look. Sehen Sie sich die Kollektion im Showroom an!\" \/>\n<meta property=\"og:url\" content=\"https:\/\/www.eliassen.nl\/de\/3d-malerei-100x100cm-motor\/\" \/>\n<meta property=\"og:site_name\" content=\"Eliassen.nl\" \/>\n<meta property=\"article:publisher\" content=\"https:\/\/www.facebook.com\/TuincentrumEliassenAmmerzoden\" \/>\n<meta property=\"article:modified_time\" content=\"2026-02-02T13:43:37+00:00\" \/>\n<meta property=\"og:image\" content=\"https:\/\/www.eliassen.nl\/wp-content\/uploads\/2024\/01\/5wa0140.png\" \/>\n\t<meta property=\"og:image:width\" content=\"1024\" \/>\n\t<meta property=\"og:image:height\" content=\"1024\" \/>\n\t<meta property=\"og:image:type\" content=\"image\/png\" \/>\n<meta name=\"twitter:card\" content=\"summary_large_image\" \/>\n<script type=\"application\/ld+json\" class=\"yoast-schema-graph\">{\"@context\":\"https:\/\/schema.org\",\"@graph\":[{\"@type\":\"WebPage\",\"@id\":\"https:\/\/www.eliassen.nl\/de\/3d-malerei-100x100cm-motor\/\",\"url\":\"https:\/\/www.eliassen.nl\/de\/3d-malerei-100x100cm-motor\/\",\"name\":\"3D-Gem\u00e4lde 100x100cm Motor | Eliassen\",\"isPartOf\":{\"@id\":\"https:\/\/www.eliassen.nl\/de\/#website\"},\"primaryImageOfPage\":{\"@id\":\"https:\/\/www.eliassen.nl\/de\/3d-malerei-100x100cm-motor\/#primaryimage\"},\"image\":{\"@id\":\"https:\/\/www.eliassen.nl\/de\/3d-malerei-100x100cm-motor\/#primaryimage\"},\"thumbnailUrl\":\"https:\/\/www.eliassen.nl\/wp-content\/uploads\/2024\/01\/5wa0140.png\",\"datePublished\":\"2019-10-28T18:30:06+00:00\",\"dateModified\":\"2026-02-02T13:43:37+00:00\",\"description\":\"Kaufen Sie das 3D-Metallbild 'Motor' (100x100cm) von Eliassen. Robuste Handwerkskunst mit einzigartiger Tiefenwirkung und industriellem Look. Sehen Sie sich die Kollektion im Showroom an!\",\"breadcrumb\":{\"@id\":\"https:\/\/www.eliassen.nl\/de\/3d-malerei-100x100cm-motor\/#breadcrumb\"},\"inLanguage\":\"de\",\"potentialAction\":[{\"@type\":\"ReadAction\",\"target\":[\"https:\/\/www.eliassen.nl\/de\/3d-malerei-100x100cm-motor\/\"]}]},{\"@type\":\"ImageObject\",\"inLanguage\":\"de\",\"@id\":\"https:\/\/www.eliassen.nl\/de\/3d-malerei-100x100cm-motor\/#primaryimage\",\"url\":\"https:\/\/www.eliassen.nl\/wp-content\/uploads\/2024\/01\/5wa0140.png\",\"contentUrl\":\"https:\/\/www.eliassen.nl\/wp-content\/uploads\/2024\/01\/5wa0140.png\",\"width\":1772,\"height\":1772,\"caption\":\"5wa0140\"},{\"@type\":\"BreadcrumbList\",\"@id\":\"https:\/\/www.eliassen.nl\/de\/3d-malerei-100x100cm-motor\/#breadcrumb\",\"itemListElement\":[{\"@type\":\"ListItem\",\"position\":1,\"name\":\"Home\",\"item\":\"https:\/\/www.eliassen.nl\/de\/\"},{\"@type\":\"ListItem\",\"position\":2,\"name\":\"Shop\",\"item\":\"https:\/\/www.eliassen.nl\/de\/shop\/\"},{\"@type\":\"ListItem\",\"position\":3,\"name\":\"Gem\u00e4lde\",\"item\":\"https:\/\/www.eliassen.nl\/de\/gemaelde\/\"},{\"@type\":\"ListItem\",\"position\":4,\"name\":\"3D Gem\u00e4lde aus Metall\",\"item\":\"https:\/\/www.eliassen.nl\/de\/gemaelde\/3d-gemaelde-aus-metall\/\"},{\"@type\":\"ListItem\",\"position\":5,\"name\":\"3D Gem\u00e4lde aus Metall 100x100 cm\",\"item\":\"https:\/\/www.eliassen.nl\/de\/gemaelde\/3d-gemaelde-aus-metall\/3d-gemaelde-aus-metall-im-format-100x100cm\/\"},{\"@type\":\"ListItem\",\"position\":6,\"name\":\"Metall 3d Malerei Motor 100x100cm\"}]},{\"@type\":\"WebSite\",\"@id\":\"https:\/\/www.eliassen.nl\/de\/#website\",\"url\":\"https:\/\/www.eliassen.nl\/de\/\",\"name\":\"Eliassen Home & Garden Pleasure\",\"description\":\"\",\"publisher\":{\"@id\":\"https:\/\/www.eliassen.nl\/de\/#organization\"},\"alternateName\":\"Eliassen.nl\",\"potentialAction\":[{\"@type\":\"SearchAction\",\"target\":{\"@type\":\"EntryPoint\",\"urlTemplate\":\"https:\/\/www.eliassen.nl\/de\/?s={search_term_string}\"},\"query-input\":{\"@type\":\"PropertyValueSpecification\",\"valueRequired\":true,\"valueName\":\"search_term_string\"}}],\"inLanguage\":\"de\"},{\"@type\":[\"Organization\",\"Place\"],\"@id\":\"https:\/\/www.eliassen.nl\/de\/#organization\",\"name\":\"Eliassen Home & Garden Pleasure\",\"url\":\"https:\/\/www.eliassen.nl\/de\/\",\"logo\":{\"@id\":\"https:\/\/www.eliassen.nl\/de\/3d-malerei-100x100cm-motor\/#local-main-organization-logo\"},\"image\":{\"@id\":\"https:\/\/www.eliassen.nl\/de\/3d-malerei-100x100cm-motor\/#local-main-organization-logo\"},\"sameAs\":[\"https:\/\/www.facebook.com\/TuincentrumEliassenAmmerzoden\",\"https:\/\/www.instagram.com\/eliassenhomeandgarden\/\",\"https:\/\/nl.pinterest.com\/eliassenhomeandgarden\/\",\"https:\/\/www.youtube.com\/@eliassenhomegardenpleasure4558\"],\"telephone\":[],\"openingHoursSpecification\":[{\"@type\":\"OpeningHoursSpecification\",\"dayOfWeek\":[\"Monday\",\"Tuesday\",\"Wednesday\",\"Thursday\",\"Friday\",\"Saturday\",\"Sunday\"],\"opens\":\"09:00\",\"closes\":\"17:00\"}]},{\"@type\":\"ImageObject\",\"inLanguage\":\"de\",\"@id\":\"https:\/\/www.eliassen.nl\/de\/3d-malerei-100x100cm-motor\/#local-main-organization-logo\",\"url\":\"https:\/\/www.eliassen.nl\/wp-content\/uploads\/2024\/01\/logo_4nd.jpg\",\"contentUrl\":\"https:\/\/www.eliassen.nl\/wp-content\/uploads\/2024\/01\/logo_4nd.jpg\",\"width\":500,\"height\":500,\"caption\":\"Eliassen Home & Garden Pleasure\"}]}<\/script>\n<meta property=\"product:price:amount\" content=\"125.00\" \/>\n<meta property=\"product:price:currency\" content=\"EUR\" \/>\n<meta property=\"og:availability\" content=\"instock\" \/>\n<meta property=\"product:availability\" content=\"instock\" \/>\n<meta property=\"product:retailer_item_id\" content=\"Wa0140\" \/>\n<meta property=\"product:condition\" content=\"new\" \/>\n<!-- \/ Yoast SEO Premium plugin. -->","yoast_head_json":{"title":"3D-Gem\u00e4lde 100x100cm Motor | Eliassen","description":"Kaufen Sie das 3D-Metallbild 'Motor' (100x100cm) von Eliassen. Robuste Handwerkskunst mit einzigartiger Tiefenwirkung und industriellem Look. Sehen Sie sich die Kollektion im Showroom an!","robots":{"index":"index","follow":"follow","max-snippet":"max-snippet:-1","max-image-preview":"max-image-preview:large","max-video-preview":"max-video-preview:-1"},"canonical":"https:\/\/www.eliassen.nl\/de\/3d-malerei-100x100cm-motor\/","og_locale":"de_DE","og_type":"article","og_title":"Sonstige Metall 3d Malerei Motor 100x100cm - Eliassen.nl","og_description":"Kaufen Sie das 3D-Metallbild 'Motor' (100x100cm) von Eliassen. Robuste Handwerkskunst mit einzigartiger Tiefenwirkung und industriellem Look. Sehen Sie sich die Kollektion im Showroom an!","og_url":"https:\/\/www.eliassen.nl\/de\/3d-malerei-100x100cm-motor\/","og_site_name":"Eliassen.nl","article_publisher":"https:\/\/www.facebook.com\/TuincentrumEliassenAmmerzoden","article_modified_time":"2026-02-02T13:43:37+00:00","og_image":[{"url":"https:\/\/www.eliassen.nl\/wp-content\/uploads\/2024\/01\/5wa0140.png","width":1024,"height":1024,"type":"image\/png"}],"twitter_card":"summary_large_image","schema":{"@context":"https:\/\/schema.org","@graph":[{"@type":"WebPage","@id":"https:\/\/www.eliassen.nl\/de\/3d-malerei-100x100cm-motor\/","url":"https:\/\/www.eliassen.nl\/de\/3d-malerei-100x100cm-motor\/","name":"3D-Gem\u00e4lde 100x100cm Motor | Eliassen","isPartOf":{"@id":"https:\/\/www.eliassen.nl\/de\/#website"},"primaryImageOfPage":{"@id":"https:\/\/www.eliassen.nl\/de\/3d-malerei-100x100cm-motor\/#primaryimage"},"image":{"@id":"https:\/\/www.eliassen.nl\/de\/3d-malerei-100x100cm-motor\/#primaryimage"},"thumbnailUrl":"https:\/\/www.eliassen.nl\/wp-content\/uploads\/2024\/01\/5wa0140.png","datePublished":"2019-10-28T18:30:06+00:00","dateModified":"2026-02-02T13:43:37+00:00","description":"Kaufen Sie das 3D-Metallbild 'Motor' (100x100cm) von Eliassen. Robuste Handwerkskunst mit einzigartiger Tiefenwirkung und industriellem Look. Sehen Sie sich die Kollektion im Showroom an!","breadcrumb":{"@id":"https:\/\/www.eliassen.nl\/de\/3d-malerei-100x100cm-motor\/#breadcrumb"},"inLanguage":"de","potentialAction":[{"@type":"ReadAction","target":["https:\/\/www.eliassen.nl\/de\/3d-malerei-100x100cm-motor\/"]}]},{"@type":"ImageObject","inLanguage":"de","@id":"https:\/\/www.eliassen.nl\/de\/3d-malerei-100x100cm-motor\/#primaryimage","url":"https:\/\/www.eliassen.nl\/wp-content\/uploads\/2024\/01\/5wa0140.png","contentUrl":"https:\/\/www.eliassen.nl\/wp-content\/uploads\/2024\/01\/5wa0140.png","width":1772,"height":1772,"caption":"5wa0140"},{"@type":"BreadcrumbList","@id":"https:\/\/www.eliassen.nl\/de\/3d-malerei-100x100cm-motor\/#breadcrumb","itemListElement":[{"@type":"ListItem","position":1,"name":"Home","item":"https:\/\/www.eliassen.nl\/de\/"},{"@type":"ListItem","position":2,"name":"Shop","item":"https:\/\/www.eliassen.nl\/de\/shop\/"},{"@type":"ListItem","position":3,"name":"Gem\u00e4lde","item":"https:\/\/www.eliassen.nl\/de\/gemaelde\/"},{"@type":"ListItem","position":4,"name":"3D Gem\u00e4lde aus Metall","item":"https:\/\/www.eliassen.nl\/de\/gemaelde\/3d-gemaelde-aus-metall\/"},{"@type":"ListItem","position":5,"name":"3D Gem\u00e4lde aus Metall 100x100 cm","item":"https:\/\/www.eliassen.nl\/de\/gemaelde\/3d-gemaelde-aus-metall\/3d-gemaelde-aus-metall-im-format-100x100cm\/"},{"@type":"ListItem","position":6,"name":"Metall 3d Malerei Motor 100x100cm"}]},{"@type":"WebSite","@id":"https:\/\/www.eliassen.nl\/de\/#website","url":"https:\/\/www.eliassen.nl\/de\/","name":"Eliassen Home & Garden Pleasure","description":"","publisher":{"@id":"https:\/\/www.eliassen.nl\/de\/#organization"},"alternateName":"Eliassen.nl","potentialAction":[{"@type":"SearchAction","target":{"@type":"EntryPoint","urlTemplate":"https:\/\/www.eliassen.nl\/de\/?s={search_term_string}"},"query-input":{"@type":"PropertyValueSpecification","valueRequired":true,"valueName":"search_term_string"}}],"inLanguage":"de"},{"@type":["Organization","Place"],"@id":"https:\/\/www.eliassen.nl\/de\/#organization","name":"Eliassen Home & Garden Pleasure","url":"https:\/\/www.eliassen.nl\/de\/","logo":{"@id":"https:\/\/www.eliassen.nl\/de\/3d-malerei-100x100cm-motor\/#local-main-organization-logo"},"image":{"@id":"https:\/\/www.eliassen.nl\/de\/3d-malerei-100x100cm-motor\/#local-main-organization-logo"},"sameAs":["https:\/\/www.facebook.com\/TuincentrumEliassenAmmerzoden","https:\/\/www.instagram.com\/eliassenhomeandgarden\/","https:\/\/nl.pinterest.com\/eliassenhomeandgarden\/","https:\/\/www.youtube.com\/@eliassenhomegardenpleasure4558"],"telephone":[],"openingHoursSpecification":[{"@type":"OpeningHoursSpecification","dayOfWeek":["Monday","Tuesday","Wednesday","Thursday","Friday","Saturday","Sunday"],"opens":"09:00","closes":"17:00"}]},{"@type":"ImageObject","inLanguage":"de","@id":"https:\/\/www.eliassen.nl\/de\/3d-malerei-100x100cm-motor\/#local-main-organization-logo","url":"https:\/\/www.eliassen.nl\/wp-content\/uploads\/2024\/01\/logo_4nd.jpg","contentUrl":"https:\/\/www.eliassen.nl\/wp-content\/uploads\/2024\/01\/logo_4nd.jpg","width":500,"height":500,"caption":"Eliassen Home & Garden Pleasure"}]},"product_price_amount":"125.00","product_price_currency":"EUR","og_availability":"instock","product_availability":"instock","product_retailer_item_id":"Wa0140","product_condition":"new"},"df_price":125,"df_sale_price":125,"df_regular_price":209,"df_image_link":"https:\/\/www.eliassen.nl\/wp-content\/uploads\/2024\/01\/5wa0140.png","image":"https:\/\/www.eliassen.nl\/wp-content\/uploads\/2024\/01\/5wa0140.png","price_search":"<span class=\"woocommerce-Price-amount amount\"><bdi><span class=\"woocommerce-Price-currencySymbol\">&euro;<\/span>&nbsp;125,00<\/bdi><\/span>","category":"3D Gem\u00e4lde aus Metall","global_unique_id":"8717459669994","_links":{"self":[{"href":"https:\/\/www.eliassen.nl\/de\/wp-json\/wp\/v2\/product\/16282","targetHints":{"allow":["GET"]}}],"collection":[{"href":"https:\/\/www.eliassen.nl\/de\/wp-json\/wp\/v2\/product"}],"about":[{"href":"https:\/\/www.eliassen.nl\/de\/wp-json\/wp\/v2\/types\/product"}],"wp:featuredmedia":[{"embeddable":true,"href":"https:\/\/www.eliassen.nl\/de\/wp-json\/wp\/v2\/media\/16279"}],"wp:attachment":[{"href":"https:\/\/www.eliassen.nl\/de\/wp-json\/wp\/v2\/media?parent=16282"}],"wp:term":[{"taxonomy":"product_brand","embeddable":true,"href":"https:\/\/www.eliassen.nl\/de\/wp-json\/wp\/v2\/product_brand?post=16282"},{"taxonomy":"product_cat","embeddable":true,"href":"https:\/\/www.eliassen.nl\/de\/wp-json\/wp\/v2\/product_cat?post=16282"},{"taxonomy":"product_tag","embeddable":true,"href":"https:\/\/www.eliassen.nl\/de\/wp-json\/wp\/v2\/product_tag?post=16282"}],"curies":[{"name":"wp","href":"https:\/\/api.w.org\/{rel}","templated":true}]}}