{"id":162713,"date":"2024-09-26T11:45:32","date_gmt":"2024-09-26T11:45:32","guid":{"rendered":"https:\/\/www.eliassen.nl\/?product=strass-glasschilderij-mens-en-dier-80x120cm"},"modified":"2026-01-07T13:39:25","modified_gmt":"2026-01-07T12:39:25","slug":"strassglasgemalde-mensch-und-tier-80x120cm","status":"publish","type":"product","link":"https:\/\/www.eliassen.nl\/de\/strassglasgemalde-mensch-und-tier-80x120cm\/","title":{"rendered":"Strass Glasmalerei Mann und Tier 80x120cm"},"content":{"rendered":"<p class=\"x_MsoNormal\">Sind Sie auf der Suche nach einem hypermodernen Glasgem\u00e4lde mit verschiedenen Strassstein-Akzenten? Dann ist dieses Glasmodellbild, das eine Frau zusammen mit einer L\u00f6win zeigt, genau das Richtige f\u00fcr Sie. Dieses hohe Glasgem\u00e4lde hat sehr sch\u00f6ne Steinakzente auf der L\u00f6win und den Lippen und Augen der Frau. Es wurde sorgf\u00e4ltig mit den feinsten Farbkompositionen und mit gro\u00dfer Aufmerksamkeit f\u00fcr den letzten Schliff gefertigt!<\/p>\n<p class=\"x_MsoNormal\">Das Ergebnis ist dann ein wundersch\u00f6nes Hochglanzgem\u00e4lde, bei dem die Strasssteine f\u00fcr den trendigen und zugleich schicken Look sorgen.<\/p>\n<p class=\"x_MsoNormal\">Wir haben auch fast die gesamte Kollektion dieser Serie in unserem Gesch\u00e4ft, was in den Niederlanden einzigartig ist.<\/p>\n<p class=\"x_MsoNormal\" data-olk-copy-source=\"MessageBody\">&#8211; Gr\u00f6\u00dfe 80x120cm<\/p>\n<p class=\"x_MsoNormal\">&#8211; Ausgestattet mit einer Aufh\u00e4ngevorrichtung<\/p>\n<p class=\"x_MsoNormal\">&#8211; 4 mm dickes Sicherheitsglas<\/p>\n<p class=\"x_MsoNormal\">&#8211; Einfaches Aufh\u00e4ngen mit 2 Schrauben<\/p>\n<p class=\"x_MsoNormal\">&#8211; Schnelle Lieferung<\/p>\n<p class=\"x_MsoNormal\">&#8211; Die gr\u00f6\u00dfte Sammlung in den Benelux-L\u00e4ndern, die Sie auch live sehen k\u00f6nnen.<\/p>\n<p class=\"x_MsoNormal\">&#8211; 1 Jahr Garantie<\/p>\n<p class=\"x_MsoNormal\">&#8211; Nur f\u00fcr die Verwendung in Innenr\u00e4umen geeignet<\/p>\n<p class=\"x_MsoNormal\" aria-hidden=\"true\">\n","protected":false},"excerpt":{"rendered":"<p>Moderne Glasmalerei mit vielen Strassstein-Akzenten.<\/p>\n","protected":false},"featured_media":162710,"template":"","meta":{"_acf_changed":false,"_genesis_title":"","_genesis_description":""},"product_brand":[7505],"product_cat":[410,443,7035],"product_tag":[],"class_list":{"0":"post-162713","1":"product","2":"type-product","3":"status-publish","4":"has-post-thumbnail","6":"product_brand-sonstige","7":"product_cat-gemaelde","8":"product_cat-glasmalereien","9":"product_cat-strass-glasgemaelde","11":"first","12":"onbackorder","13":"taxable","14":"shipping-taxable","15":"purchasable","16":"product-type-simple"},"acf":[],"meta_all":{"total_sales":"3","wcml_sync_hash":{"postmeta_fields":"e15f2eb9f218fa5a2778c573fbdae55e"},"attr_label_translations":[],"cor_restricted_countries":[]},"meta_all_flat":{"total_sales":"3","wcml_sync_hash.postmeta_fields":"e15f2eb9f218fa5a2778c573fbdae55e"},"yoast_head":"<!-- This site is optimized with the Yoast SEO Premium plugin v26.2 (Yoast SEO v27.2) - https:\/\/yoast.com\/product\/yoast-seo-premium-wordpress\/ -->\n<title>Strass Glasmalerei Mensch und Tier 80x120cm - Eliassen.nl<\/title>\n<meta name=\"description\" content=\"Sind Sie auf der Suche nach einem modernen Glasgem\u00e4lde mit Steinen? Diese modernen Glasbilder mit Strassstein-Effekten werden Sie begeistern. Leben Sie mit uns!\" \/>\n<meta name=\"robots\" content=\"index, follow, max-snippet:-1, max-image-preview:large, max-video-preview:-1\" \/>\n<link rel=\"canonical\" href=\"https:\/\/www.eliassen.nl\/de\/strassglasgemalde-mensch-und-tier-80x120cm\/\" \/>\n<meta property=\"og:locale\" content=\"de_DE\" \/>\n<meta property=\"og:type\" content=\"article\" \/>\n<meta property=\"og:title\" content=\"Sonstige Strass Glasmalerei Mann und Tier 80x120cm - Eliassen.nl\" \/>\n<meta property=\"og:description\" content=\"Sind Sie auf der Suche nach einem modernen Glasgem\u00e4lde mit Steinen? Diese modernen Glasbilder mit Strassstein-Effekten werden Sie begeistern. Leben Sie mit uns!\" \/>\n<meta property=\"og:url\" content=\"https:\/\/www.eliassen.nl\/de\/strassglasgemalde-mensch-und-tier-80x120cm\/\" \/>\n<meta property=\"og:site_name\" content=\"Eliassen.nl\" \/>\n<meta property=\"article:publisher\" content=\"https:\/\/www.facebook.com\/TuincentrumEliassenAmmerzoden\" \/>\n<meta property=\"article:modified_time\" content=\"2026-01-07T12:39:25+00:00\" \/>\n<meta property=\"og:image\" content=\"https:\/\/www.eliassen.nl\/wp-content\/uploads\/2024\/10\/glasschilderijmensendiereliassennls366mets.jpg\" \/>\n\t<meta property=\"og:image:width\" content=\"1358\" \/>\n\t<meta property=\"og:image:height\" content=\"2047\" \/>\n\t<meta property=\"og:image:type\" content=\"image\/jpeg\" \/>\n<meta name=\"twitter:card\" content=\"summary_large_image\" \/>\n<script type=\"application\/ld+json\" class=\"yoast-schema-graph\">{\"@context\":\"https:\/\/schema.org\",\"@graph\":[{\"@type\":\"WebPage\",\"@id\":\"https:\/\/www.eliassen.nl\/de\/strassglasgemalde-mensch-und-tier-80x120cm\/\",\"url\":\"https:\/\/www.eliassen.nl\/de\/strassglasgemalde-mensch-und-tier-80x120cm\/\",\"name\":\"Strass Glasmalerei Mensch und Tier 80x120cm - Eliassen.nl\",\"isPartOf\":{\"@id\":\"https:\/\/www.eliassen.nl\/de\/#website\"},\"primaryImageOfPage\":{\"@id\":\"https:\/\/www.eliassen.nl\/de\/strassglasgemalde-mensch-und-tier-80x120cm\/#primaryimage\"},\"image\":{\"@id\":\"https:\/\/www.eliassen.nl\/de\/strassglasgemalde-mensch-und-tier-80x120cm\/#primaryimage\"},\"thumbnailUrl\":\"https:\/\/www.eliassen.nl\/wp-content\/uploads\/2024\/10\/glasschilderijmensendiereliassennls366mets.jpg\",\"datePublished\":\"2024-09-26T11:45:32+00:00\",\"dateModified\":\"2026-01-07T12:39:25+00:00\",\"description\":\"Sind Sie auf der Suche nach einem modernen Glasgem\u00e4lde mit Steinen? Diese modernen Glasbilder mit Strassstein-Effekten werden Sie begeistern. Leben Sie mit uns!\",\"breadcrumb\":{\"@id\":\"https:\/\/www.eliassen.nl\/de\/strassglasgemalde-mensch-und-tier-80x120cm\/#breadcrumb\"},\"inLanguage\":\"de\",\"potentialAction\":[{\"@type\":\"ReadAction\",\"target\":[\"https:\/\/www.eliassen.nl\/de\/strassglasgemalde-mensch-und-tier-80x120cm\/\"]}]},{\"@type\":\"ImageObject\",\"inLanguage\":\"de\",\"@id\":\"https:\/\/www.eliassen.nl\/de\/strassglasgemalde-mensch-und-tier-80x120cm\/#primaryimage\",\"url\":\"https:\/\/www.eliassen.nl\/wp-content\/uploads\/2024\/10\/glasschilderijmensendiereliassennls366mets.jpg\",\"contentUrl\":\"https:\/\/www.eliassen.nl\/wp-content\/uploads\/2024\/10\/glasschilderijmensendiereliassennls366mets.jpg\",\"width\":1358,\"height\":2047,\"caption\":\"Glasmalerei Mann und Tier Eliassen.nl s-366 mit Strasssteinen\"},{\"@type\":\"BreadcrumbList\",\"@id\":\"https:\/\/www.eliassen.nl\/de\/strassglasgemalde-mensch-und-tier-80x120cm\/#breadcrumb\",\"itemListElement\":[{\"@type\":\"ListItem\",\"position\":1,\"name\":\"Home\",\"item\":\"https:\/\/www.eliassen.nl\/de\/\"},{\"@type\":\"ListItem\",\"position\":2,\"name\":\"Shop\",\"item\":\"https:\/\/www.eliassen.nl\/de\/shop\/\"},{\"@type\":\"ListItem\",\"position\":3,\"name\":\"Glasmalereien\",\"item\":\"https:\/\/www.eliassen.nl\/de\/gemaelde\/glasmalereien\/\"},{\"@type\":\"ListItem\",\"position\":4,\"name\":\"Strass-Glasgem\u00e4lde\",\"item\":\"https:\/\/www.eliassen.nl\/de\/product-categorie\/glasmalereien\/strass-glasgemaelde\/\"},{\"@type\":\"ListItem\",\"position\":5,\"name\":\"Strass Glasmalerei Mann und Tier 80x120cm\"}]},{\"@type\":\"WebSite\",\"@id\":\"https:\/\/www.eliassen.nl\/de\/#website\",\"url\":\"https:\/\/www.eliassen.nl\/de\/\",\"name\":\"Eliassen Home & Garden Pleasure\",\"description\":\"\",\"publisher\":{\"@id\":\"https:\/\/www.eliassen.nl\/de\/#organization\"},\"alternateName\":\"Eliassen.nl\",\"potentialAction\":[{\"@type\":\"SearchAction\",\"target\":{\"@type\":\"EntryPoint\",\"urlTemplate\":\"https:\/\/www.eliassen.nl\/de\/?s={search_term_string}\"},\"query-input\":{\"@type\":\"PropertyValueSpecification\",\"valueRequired\":true,\"valueName\":\"search_term_string\"}}],\"inLanguage\":\"de\"},{\"@type\":[\"Organization\",\"Place\"],\"@id\":\"https:\/\/www.eliassen.nl\/de\/#organization\",\"name\":\"Eliassen Home & Garden Pleasure\",\"url\":\"https:\/\/www.eliassen.nl\/de\/\",\"logo\":{\"@id\":\"https:\/\/www.eliassen.nl\/de\/strassglasgemalde-mensch-und-tier-80x120cm\/#local-main-organization-logo\"},\"image\":{\"@id\":\"https:\/\/www.eliassen.nl\/de\/strassglasgemalde-mensch-und-tier-80x120cm\/#local-main-organization-logo\"},\"sameAs\":[\"https:\/\/www.facebook.com\/TuincentrumEliassenAmmerzoden\",\"https:\/\/www.instagram.com\/eliassenhomeandgarden\/\",\"https:\/\/nl.pinterest.com\/eliassenhomeandgarden\/\",\"https:\/\/www.youtube.com\/@eliassenhomegardenpleasure4558\"],\"telephone\":[],\"openingHoursSpecification\":[{\"@type\":\"OpeningHoursSpecification\",\"dayOfWeek\":[\"Monday\",\"Tuesday\",\"Wednesday\",\"Thursday\",\"Friday\",\"Saturday\",\"Sunday\"],\"opens\":\"09:00\",\"closes\":\"17:00\"}]},{\"@type\":\"ImageObject\",\"inLanguage\":\"de\",\"@id\":\"https:\/\/www.eliassen.nl\/de\/strassglasgemalde-mensch-und-tier-80x120cm\/#local-main-organization-logo\",\"url\":\"https:\/\/www.eliassen.nl\/wp-content\/uploads\/2024\/01\/logo_4nd.jpg\",\"contentUrl\":\"https:\/\/www.eliassen.nl\/wp-content\/uploads\/2024\/01\/logo_4nd.jpg\",\"width\":500,\"height\":500,\"caption\":\"Eliassen Home & Garden Pleasure\"}]}<\/script>\n<meta property=\"product:price:amount\" content=\"189.00\" \/>\n<meta property=\"product:price:currency\" content=\"EUR\" \/>\n<meta property=\"og:availability\" content=\"backorder\" \/>\n<meta property=\"product:availability\" content=\"available for order\" \/>\n<meta property=\"product:retailer_item_id\" content=\"s-366 a\" \/>\n<meta property=\"product:condition\" content=\"new\" \/>\n<!-- \/ Yoast SEO Premium plugin. -->","yoast_head_json":{"title":"Strass Glasmalerei Mensch und Tier 80x120cm - Eliassen.nl","description":"Sind Sie auf der Suche nach einem modernen Glasgem\u00e4lde mit Steinen? Diese modernen Glasbilder mit Strassstein-Effekten werden Sie begeistern. Leben Sie mit uns!","robots":{"index":"index","follow":"follow","max-snippet":"max-snippet:-1","max-image-preview":"max-image-preview:large","max-video-preview":"max-video-preview:-1"},"canonical":"https:\/\/www.eliassen.nl\/de\/strassglasgemalde-mensch-und-tier-80x120cm\/","og_locale":"de_DE","og_type":"article","og_title":"Sonstige Strass Glasmalerei Mann und Tier 80x120cm - Eliassen.nl","og_description":"Sind Sie auf der Suche nach einem modernen Glasgem\u00e4lde mit Steinen? Diese modernen Glasbilder mit Strassstein-Effekten werden Sie begeistern. Leben Sie mit uns!","og_url":"https:\/\/www.eliassen.nl\/de\/strassglasgemalde-mensch-und-tier-80x120cm\/","og_site_name":"Eliassen.nl","article_publisher":"https:\/\/www.facebook.com\/TuincentrumEliassenAmmerzoden","article_modified_time":"2026-01-07T12:39:25+00:00","og_image":[{"width":1358,"height":2047,"url":"https:\/\/www.eliassen.nl\/wp-content\/uploads\/2024\/10\/glasschilderijmensendiereliassennls366mets.jpg","type":"image\/jpeg"}],"twitter_card":"summary_large_image","schema":{"@context":"https:\/\/schema.org","@graph":[{"@type":"WebPage","@id":"https:\/\/www.eliassen.nl\/de\/strassglasgemalde-mensch-und-tier-80x120cm\/","url":"https:\/\/www.eliassen.nl\/de\/strassglasgemalde-mensch-und-tier-80x120cm\/","name":"Strass Glasmalerei Mensch und Tier 80x120cm - Eliassen.nl","isPartOf":{"@id":"https:\/\/www.eliassen.nl\/de\/#website"},"primaryImageOfPage":{"@id":"https:\/\/www.eliassen.nl\/de\/strassglasgemalde-mensch-und-tier-80x120cm\/#primaryimage"},"image":{"@id":"https:\/\/www.eliassen.nl\/de\/strassglasgemalde-mensch-und-tier-80x120cm\/#primaryimage"},"thumbnailUrl":"https:\/\/www.eliassen.nl\/wp-content\/uploads\/2024\/10\/glasschilderijmensendiereliassennls366mets.jpg","datePublished":"2024-09-26T11:45:32+00:00","dateModified":"2026-01-07T12:39:25+00:00","description":"Sind Sie auf der Suche nach einem modernen Glasgem\u00e4lde mit Steinen? Diese modernen Glasbilder mit Strassstein-Effekten werden Sie begeistern. Leben Sie mit uns!","breadcrumb":{"@id":"https:\/\/www.eliassen.nl\/de\/strassglasgemalde-mensch-und-tier-80x120cm\/#breadcrumb"},"inLanguage":"de","potentialAction":[{"@type":"ReadAction","target":["https:\/\/www.eliassen.nl\/de\/strassglasgemalde-mensch-und-tier-80x120cm\/"]}]},{"@type":"ImageObject","inLanguage":"de","@id":"https:\/\/www.eliassen.nl\/de\/strassglasgemalde-mensch-und-tier-80x120cm\/#primaryimage","url":"https:\/\/www.eliassen.nl\/wp-content\/uploads\/2024\/10\/glasschilderijmensendiereliassennls366mets.jpg","contentUrl":"https:\/\/www.eliassen.nl\/wp-content\/uploads\/2024\/10\/glasschilderijmensendiereliassennls366mets.jpg","width":1358,"height":2047,"caption":"Glasmalerei Mann und Tier Eliassen.nl s-366 mit Strasssteinen"},{"@type":"BreadcrumbList","@id":"https:\/\/www.eliassen.nl\/de\/strassglasgemalde-mensch-und-tier-80x120cm\/#breadcrumb","itemListElement":[{"@type":"ListItem","position":1,"name":"Home","item":"https:\/\/www.eliassen.nl\/de\/"},{"@type":"ListItem","position":2,"name":"Shop","item":"https:\/\/www.eliassen.nl\/de\/shop\/"},{"@type":"ListItem","position":3,"name":"Glasmalereien","item":"https:\/\/www.eliassen.nl\/de\/gemaelde\/glasmalereien\/"},{"@type":"ListItem","position":4,"name":"Strass-Glasgem\u00e4lde","item":"https:\/\/www.eliassen.nl\/de\/product-categorie\/glasmalereien\/strass-glasgemaelde\/"},{"@type":"ListItem","position":5,"name":"Strass Glasmalerei Mann und Tier 80x120cm"}]},{"@type":"WebSite","@id":"https:\/\/www.eliassen.nl\/de\/#website","url":"https:\/\/www.eliassen.nl\/de\/","name":"Eliassen Home & Garden Pleasure","description":"","publisher":{"@id":"https:\/\/www.eliassen.nl\/de\/#organization"},"alternateName":"Eliassen.nl","potentialAction":[{"@type":"SearchAction","target":{"@type":"EntryPoint","urlTemplate":"https:\/\/www.eliassen.nl\/de\/?s={search_term_string}"},"query-input":{"@type":"PropertyValueSpecification","valueRequired":true,"valueName":"search_term_string"}}],"inLanguage":"de"},{"@type":["Organization","Place"],"@id":"https:\/\/www.eliassen.nl\/de\/#organization","name":"Eliassen Home & Garden Pleasure","url":"https:\/\/www.eliassen.nl\/de\/","logo":{"@id":"https:\/\/www.eliassen.nl\/de\/strassglasgemalde-mensch-und-tier-80x120cm\/#local-main-organization-logo"},"image":{"@id":"https:\/\/www.eliassen.nl\/de\/strassglasgemalde-mensch-und-tier-80x120cm\/#local-main-organization-logo"},"sameAs":["https:\/\/www.facebook.com\/TuincentrumEliassenAmmerzoden","https:\/\/www.instagram.com\/eliassenhomeandgarden\/","https:\/\/nl.pinterest.com\/eliassenhomeandgarden\/","https:\/\/www.youtube.com\/@eliassenhomegardenpleasure4558"],"telephone":[],"openingHoursSpecification":[{"@type":"OpeningHoursSpecification","dayOfWeek":["Monday","Tuesday","Wednesday","Thursday","Friday","Saturday","Sunday"],"opens":"09:00","closes":"17:00"}]},{"@type":"ImageObject","inLanguage":"de","@id":"https:\/\/www.eliassen.nl\/de\/strassglasgemalde-mensch-und-tier-80x120cm\/#local-main-organization-logo","url":"https:\/\/www.eliassen.nl\/wp-content\/uploads\/2024\/01\/logo_4nd.jpg","contentUrl":"https:\/\/www.eliassen.nl\/wp-content\/uploads\/2024\/01\/logo_4nd.jpg","width":500,"height":500,"caption":"Eliassen Home & Garden Pleasure"}]},"product_price_amount":"189.00","product_price_currency":"EUR","og_availability":"backorder","product_availability":"available for order","product_retailer_item_id":"s-366 a","product_condition":"new"},"df_price":189,"df_sale_price":"","df_regular_price":189,"df_image_link":"https:\/\/www.eliassen.nl\/wp-content\/uploads\/2024\/10\/glasschilderijmensendiereliassennls366mets.jpg","image":"https:\/\/www.eliassen.nl\/wp-content\/uploads\/2024\/10\/glasschilderijmensendiereliassennls366mets.jpg","price_search":"<span class=\"woocommerce-Price-amount amount\"><bdi><span class=\"woocommerce-Price-currencySymbol\">&euro;<\/span>&nbsp;189,00<\/bdi><\/span>","category":"Gem\u00e4lde","global_unique_id":"6096520774754","_links":{"self":[{"href":"https:\/\/www.eliassen.nl\/de\/wp-json\/wp\/v2\/product\/162713","targetHints":{"allow":["GET"]}}],"collection":[{"href":"https:\/\/www.eliassen.nl\/de\/wp-json\/wp\/v2\/product"}],"about":[{"href":"https:\/\/www.eliassen.nl\/de\/wp-json\/wp\/v2\/types\/product"}],"wp:featuredmedia":[{"embeddable":true,"href":"https:\/\/www.eliassen.nl\/de\/wp-json\/wp\/v2\/media\/162710"}],"wp:attachment":[{"href":"https:\/\/www.eliassen.nl\/de\/wp-json\/wp\/v2\/media?parent=162713"}],"wp:term":[{"taxonomy":"product_brand","embeddable":true,"href":"https:\/\/www.eliassen.nl\/de\/wp-json\/wp\/v2\/product_brand?post=162713"},{"taxonomy":"product_cat","embeddable":true,"href":"https:\/\/www.eliassen.nl\/de\/wp-json\/wp\/v2\/product_cat?post=162713"},{"taxonomy":"product_tag","embeddable":true,"href":"https:\/\/www.eliassen.nl\/de\/wp-json\/wp\/v2\/product_tag?post=162713"}],"curies":[{"name":"wp","href":"https:\/\/api.w.org\/{rel}","templated":true}]}}