{"id":162140,"date":"2024-09-26T09:57:52","date_gmt":"2024-09-26T09:57:52","guid":{"rendered":"https:\/\/www.eliassen.nl\/?product=strass-schilderij-tagelmust-blauw-102x102cm-mat"},"modified":"2026-01-07T13:40:45","modified_gmt":"2026-01-07T12:40:45","slug":"strassgemalde-tagelmust-blau-102x102cm-matt","status":"publish","type":"product","link":"https:\/\/www.eliassen.nl\/de\/strassgemalde-tagelmust-blau-102x102cm-matt\/","title":{"rendered":"Strassbild Tagelmust blau 102x102cm matt"},"content":{"rendered":"<p class=\"x_MsoNormal\" data-olk-copy-source=\"MessageBody\">Sind Sie auf der Suche nach einem hypermodernen Leinwandbild mit verschiedenen Strass-Akzenten? Dann ist dieses Modellbild mit einer sch\u00f6nen Dame mit Kopftuch, umgeben von Schmetterlingen, genau das Richtige f\u00fcr Sie. Dieses quadratische Leinwandgem\u00e4lde hat sehr sch\u00f6ne Steinakzente auf dem Schmuck der Frau, ist sorgf\u00e4ltig mit den feinsten Farbkompositionen und mit gro\u00dfer Aufmerksamkeit f\u00fcr den letzten Schliff angefertigt!<\/p>\n<p>Dieses Leinwandgem\u00e4lde wurde bei der Herstellung einem sehr modernen Verfahren unterzogen. Die Leinwand wird bedruckt, dann werden alle Steine auf die Leinwand geklebt. Das Gem\u00e4lde wird mit Acrylfarbe weiterbearbeitet.<\/p>\n<p class=\"x_MsoNormal\">Zum Schluss wird eine d\u00fcnne UV-best\u00e4ndige Folie \u00fcber die gesamte Leinwand gespannt, die dann vakuumgesaugt wird. Das Ergebnis ist dann ein wundersch\u00f6nes Seidengem\u00e4lde, bei dem die Strasssteine f\u00fcr einen trendigen und zugleich eleganten Look sorgen.<\/p>\n<p class=\"x_MsoNormal\">Wir haben fast die gesamte Kollektion dieser Serie in unserem Gesch\u00e4ft ausgestellt und k\u00f6nnen sie online bestellen, was in den Niederlanden einzigartig ist.<\/p>\n<ul type=\"disc\">\n<li class=\"x_MsoNormal\">  Gr\u00f6\u00dfe 102x102cm  <\/li>\n<li class=\"x_MsoNormal\">Ausgestattet mit einem 3 cm dicken schwarzen Backrahmen und 8 mm Breite an der Vorderseite<\/li>\n<li class=\"x_MsoNormal\">  Robuste Leinwand<\/li>\n<li class=\"x_MsoNormal\">  Einfaches Aufh\u00e4ngen mit 1 Schraube<\/li>\n<li class=\"x_MsoNormal\"> Schnelle Lieferung<\/li>\n<li class=\"x_MsoNormal\"><b>  Die gr\u00f6\u00dfte Sammlung in den Benelux-L\u00e4ndern, die Sie auch live sehen k\u00f6nnen.<\/b><\/li>\n<li class=\"x_MsoNormal\">1 Jahr Garantie<\/li>\n<li class=\"x_MsoNormal\">Nur drinnen<\/li>\n<\/ul>\n","protected":false},"excerpt":{"rendered":"<p>Modernes Leinwandbild mit vielen Strass-Akzenten.<\/p>\n","protected":false},"featured_media":162122,"template":"","meta":{"_acf_changed":false,"_genesis_title":"","_genesis_description":""},"product_brand":[7505],"product_cat":[410,7038],"product_tag":[],"class_list":{"0":"post-162140","1":"product","2":"type-product","3":"status-publish","4":"has-post-thumbnail","6":"product_brand-sonstige","7":"product_cat-gemaelde","8":"product_cat-strass-leinwandgemaelde","10":"first","11":"outofstock","12":"taxable","13":"shipping-taxable","14":"purchasable","15":"product-type-simple"},"acf":[],"meta_all":{"total_sales":"4","wcml_sync_hash":{"postmeta_fields":"0a39d24e243f64868fa1e2bd7c62f88f"},"attr_label_translations":[]},"meta_all_flat":{"total_sales":"4","wcml_sync_hash.postmeta_fields":"0a39d24e243f64868fa1e2bd7c62f88f"},"yoast_head":"<!-- This site is optimized with the Yoast SEO Premium plugin v26.2 (Yoast SEO v27.2) - https:\/\/yoast.com\/product\/yoast-seo-premium-wordpress\/ -->\n<title>Strassbild Tagelmust blau 102x102cm matt - Eliassen.nl<\/title>\n<meta name=\"description\" content=\"Sind Sie auf der Suche nach einem modernen Gem\u00e4lde? Diese modernen Leinwandbilder mit Strassstein-Effekten werden Sie sicher begeistern. Leben Sie mit uns! Online verf\u00fcgbar.\" \/>\n<meta name=\"robots\" content=\"index, follow, max-snippet:-1, max-image-preview:large, max-video-preview:-1\" \/>\n<link rel=\"canonical\" href=\"https:\/\/www.eliassen.nl\/de\/strassgemalde-tagelmust-blau-102x102cm-matt\/\" \/>\n<meta property=\"og:locale\" content=\"de_DE\" \/>\n<meta property=\"og:type\" content=\"article\" \/>\n<meta property=\"og:title\" content=\"Sonstige Strassbild Tagelmust blau 102x102cm matt - Eliassen.nl\" \/>\n<meta property=\"og:description\" content=\"Sind Sie auf der Suche nach einem modernen Gem\u00e4lde? Diese modernen Leinwandbilder mit Strassstein-Effekten werden Sie sicher begeistern. Leben Sie mit uns! Online verf\u00fcgbar.\" \/>\n<meta property=\"og:url\" content=\"https:\/\/www.eliassen.nl\/de\/strassgemalde-tagelmust-blau-102x102cm-matt\/\" \/>\n<meta property=\"og:site_name\" content=\"Eliassen.nl\" \/>\n<meta property=\"article:publisher\" content=\"https:\/\/www.facebook.com\/TuincentrumEliassenAmmerzoden\" \/>\n<meta property=\"article:modified_time\" content=\"2026-01-07T12:40:45+00:00\" \/>\n<meta property=\"og:image\" content=\"https:\/\/www.eliassen.nl\/wp-content\/uploads\/2024\/10\/strasscanvasschilderijeliassennltagelmustblau.jpg\" \/>\n\t<meta property=\"og:image:width\" content=\"1573\" \/>\n\t<meta property=\"og:image:height\" content=\"1619\" \/>\n\t<meta property=\"og:image:type\" content=\"image\/jpeg\" \/>\n<meta name=\"twitter:card\" content=\"summary_large_image\" \/>\n<script type=\"application\/ld+json\" class=\"yoast-schema-graph\">{\"@context\":\"https:\/\/schema.org\",\"@graph\":[{\"@type\":\"WebPage\",\"@id\":\"https:\/\/www.eliassen.nl\/de\/strassgemalde-tagelmust-blau-102x102cm-matt\/\",\"url\":\"https:\/\/www.eliassen.nl\/de\/strassgemalde-tagelmust-blau-102x102cm-matt\/\",\"name\":\"Strassbild Tagelmust blau 102x102cm matt - Eliassen.nl\",\"isPartOf\":{\"@id\":\"https:\/\/www.eliassen.nl\/de\/#website\"},\"primaryImageOfPage\":{\"@id\":\"https:\/\/www.eliassen.nl\/de\/strassgemalde-tagelmust-blau-102x102cm-matt\/#primaryimage\"},\"image\":{\"@id\":\"https:\/\/www.eliassen.nl\/de\/strassgemalde-tagelmust-blau-102x102cm-matt\/#primaryimage\"},\"thumbnailUrl\":\"https:\/\/www.eliassen.nl\/wp-content\/uploads\/2024\/10\/strasscanvasschilderijeliassennltagelmustblau.jpg\",\"datePublished\":\"2024-09-26T09:57:52+00:00\",\"dateModified\":\"2026-01-07T12:40:45+00:00\",\"description\":\"Sind Sie auf der Suche nach einem modernen Gem\u00e4lde? Diese modernen Leinwandbilder mit Strassstein-Effekten werden Sie sicher begeistern. Leben Sie mit uns! Online verf\u00fcgbar.\",\"breadcrumb\":{\"@id\":\"https:\/\/www.eliassen.nl\/de\/strassgemalde-tagelmust-blau-102x102cm-matt\/#breadcrumb\"},\"inLanguage\":\"de\",\"potentialAction\":[{\"@type\":\"ReadAction\",\"target\":[\"https:\/\/www.eliassen.nl\/de\/strassgemalde-tagelmust-blau-102x102cm-matt\/\"]}]},{\"@type\":\"ImageObject\",\"inLanguage\":\"de\",\"@id\":\"https:\/\/www.eliassen.nl\/de\/strassgemalde-tagelmust-blau-102x102cm-matt\/#primaryimage\",\"url\":\"https:\/\/www.eliassen.nl\/wp-content\/uploads\/2024\/10\/strasscanvasschilderijeliassennltagelmustblau.jpg\",\"contentUrl\":\"https:\/\/www.eliassen.nl\/wp-content\/uploads\/2024\/10\/strasscanvasschilderijeliassennltagelmustblau.jpg\",\"width\":1573,\"height\":1619,\"caption\":\"Strass Leinwandbild Eliassen.nl Tagelmust blau 6105-2 102x102 cm\"},{\"@type\":\"BreadcrumbList\",\"@id\":\"https:\/\/www.eliassen.nl\/de\/strassgemalde-tagelmust-blau-102x102cm-matt\/#breadcrumb\",\"itemListElement\":[{\"@type\":\"ListItem\",\"position\":1,\"name\":\"Home\",\"item\":\"https:\/\/www.eliassen.nl\/de\/\"},{\"@type\":\"ListItem\",\"position\":2,\"name\":\"Shop\",\"item\":\"https:\/\/www.eliassen.nl\/de\/shop\/\"},{\"@type\":\"ListItem\",\"position\":3,\"name\":\"Gem\u00e4lde\",\"item\":\"https:\/\/www.eliassen.nl\/de\/gemaelde\/\"},{\"@type\":\"ListItem\",\"position\":4,\"name\":\"Strassbild Tagelmust blau 102x102cm matt\"}]},{\"@type\":\"WebSite\",\"@id\":\"https:\/\/www.eliassen.nl\/de\/#website\",\"url\":\"https:\/\/www.eliassen.nl\/de\/\",\"name\":\"Eliassen Home & Garden Pleasure\",\"description\":\"\",\"publisher\":{\"@id\":\"https:\/\/www.eliassen.nl\/de\/#organization\"},\"alternateName\":\"Eliassen.nl\",\"potentialAction\":[{\"@type\":\"SearchAction\",\"target\":{\"@type\":\"EntryPoint\",\"urlTemplate\":\"https:\/\/www.eliassen.nl\/de\/?s={search_term_string}\"},\"query-input\":{\"@type\":\"PropertyValueSpecification\",\"valueRequired\":true,\"valueName\":\"search_term_string\"}}],\"inLanguage\":\"de\"},{\"@type\":[\"Organization\",\"Place\"],\"@id\":\"https:\/\/www.eliassen.nl\/de\/#organization\",\"name\":\"Eliassen Home & Garden Pleasure\",\"url\":\"https:\/\/www.eliassen.nl\/de\/\",\"logo\":{\"@id\":\"https:\/\/www.eliassen.nl\/de\/strassgemalde-tagelmust-blau-102x102cm-matt\/#local-main-organization-logo\"},\"image\":{\"@id\":\"https:\/\/www.eliassen.nl\/de\/strassgemalde-tagelmust-blau-102x102cm-matt\/#local-main-organization-logo\"},\"sameAs\":[\"https:\/\/www.facebook.com\/TuincentrumEliassenAmmerzoden\",\"https:\/\/www.instagram.com\/eliassenhomeandgarden\/\",\"https:\/\/nl.pinterest.com\/eliassenhomeandgarden\/\",\"https:\/\/www.youtube.com\/@eliassenhomegardenpleasure4558\"],\"telephone\":[],\"openingHoursSpecification\":[{\"@type\":\"OpeningHoursSpecification\",\"dayOfWeek\":[\"Monday\",\"Tuesday\",\"Wednesday\",\"Thursday\",\"Friday\",\"Saturday\",\"Sunday\"],\"opens\":\"09:00\",\"closes\":\"17:00\"}]},{\"@type\":\"ImageObject\",\"inLanguage\":\"de\",\"@id\":\"https:\/\/www.eliassen.nl\/de\/strassgemalde-tagelmust-blau-102x102cm-matt\/#local-main-organization-logo\",\"url\":\"https:\/\/www.eliassen.nl\/wp-content\/uploads\/2024\/01\/logo_4nd.jpg\",\"contentUrl\":\"https:\/\/www.eliassen.nl\/wp-content\/uploads\/2024\/01\/logo_4nd.jpg\",\"width\":500,\"height\":500,\"caption\":\"Eliassen Home & Garden Pleasure\"}]}<\/script>\n<meta property=\"product:price:amount\" content=\"125.00\" \/>\n<meta property=\"product:price:currency\" content=\"EUR\" \/>\n<meta property=\"og:availability\" content=\"out of stock\" \/>\n<meta property=\"product:availability\" content=\"out of stock\" \/>\n<meta property=\"product:retailer_item_id\" content=\"6105-2\" \/>\n<meta property=\"product:condition\" content=\"new\" \/>\n<!-- \/ Yoast SEO Premium plugin. -->","yoast_head_json":{"title":"Strassbild Tagelmust blau 102x102cm matt - Eliassen.nl","description":"Sind Sie auf der Suche nach einem modernen Gem\u00e4lde? Diese modernen Leinwandbilder mit Strassstein-Effekten werden Sie sicher begeistern. Leben Sie mit uns! Online verf\u00fcgbar.","robots":{"index":"index","follow":"follow","max-snippet":"max-snippet:-1","max-image-preview":"max-image-preview:large","max-video-preview":"max-video-preview:-1"},"canonical":"https:\/\/www.eliassen.nl\/de\/strassgemalde-tagelmust-blau-102x102cm-matt\/","og_locale":"de_DE","og_type":"article","og_title":"Sonstige Strassbild Tagelmust blau 102x102cm matt - Eliassen.nl","og_description":"Sind Sie auf der Suche nach einem modernen Gem\u00e4lde? Diese modernen Leinwandbilder mit Strassstein-Effekten werden Sie sicher begeistern. Leben Sie mit uns! Online verf\u00fcgbar.","og_url":"https:\/\/www.eliassen.nl\/de\/strassgemalde-tagelmust-blau-102x102cm-matt\/","og_site_name":"Eliassen.nl","article_publisher":"https:\/\/www.facebook.com\/TuincentrumEliassenAmmerzoden","article_modified_time":"2026-01-07T12:40:45+00:00","og_image":[{"width":1573,"height":1619,"url":"https:\/\/www.eliassen.nl\/wp-content\/uploads\/2024\/10\/strasscanvasschilderijeliassennltagelmustblau.jpg","type":"image\/jpeg"}],"twitter_card":"summary_large_image","schema":{"@context":"https:\/\/schema.org","@graph":[{"@type":"WebPage","@id":"https:\/\/www.eliassen.nl\/de\/strassgemalde-tagelmust-blau-102x102cm-matt\/","url":"https:\/\/www.eliassen.nl\/de\/strassgemalde-tagelmust-blau-102x102cm-matt\/","name":"Strassbild Tagelmust blau 102x102cm matt - Eliassen.nl","isPartOf":{"@id":"https:\/\/www.eliassen.nl\/de\/#website"},"primaryImageOfPage":{"@id":"https:\/\/www.eliassen.nl\/de\/strassgemalde-tagelmust-blau-102x102cm-matt\/#primaryimage"},"image":{"@id":"https:\/\/www.eliassen.nl\/de\/strassgemalde-tagelmust-blau-102x102cm-matt\/#primaryimage"},"thumbnailUrl":"https:\/\/www.eliassen.nl\/wp-content\/uploads\/2024\/10\/strasscanvasschilderijeliassennltagelmustblau.jpg","datePublished":"2024-09-26T09:57:52+00:00","dateModified":"2026-01-07T12:40:45+00:00","description":"Sind Sie auf der Suche nach einem modernen Gem\u00e4lde? Diese modernen Leinwandbilder mit Strassstein-Effekten werden Sie sicher begeistern. Leben Sie mit uns! Online verf\u00fcgbar.","breadcrumb":{"@id":"https:\/\/www.eliassen.nl\/de\/strassgemalde-tagelmust-blau-102x102cm-matt\/#breadcrumb"},"inLanguage":"de","potentialAction":[{"@type":"ReadAction","target":["https:\/\/www.eliassen.nl\/de\/strassgemalde-tagelmust-blau-102x102cm-matt\/"]}]},{"@type":"ImageObject","inLanguage":"de","@id":"https:\/\/www.eliassen.nl\/de\/strassgemalde-tagelmust-blau-102x102cm-matt\/#primaryimage","url":"https:\/\/www.eliassen.nl\/wp-content\/uploads\/2024\/10\/strasscanvasschilderijeliassennltagelmustblau.jpg","contentUrl":"https:\/\/www.eliassen.nl\/wp-content\/uploads\/2024\/10\/strasscanvasschilderijeliassennltagelmustblau.jpg","width":1573,"height":1619,"caption":"Strass Leinwandbild Eliassen.nl Tagelmust blau 6105-2 102x102 cm"},{"@type":"BreadcrumbList","@id":"https:\/\/www.eliassen.nl\/de\/strassgemalde-tagelmust-blau-102x102cm-matt\/#breadcrumb","itemListElement":[{"@type":"ListItem","position":1,"name":"Home","item":"https:\/\/www.eliassen.nl\/de\/"},{"@type":"ListItem","position":2,"name":"Shop","item":"https:\/\/www.eliassen.nl\/de\/shop\/"},{"@type":"ListItem","position":3,"name":"Gem\u00e4lde","item":"https:\/\/www.eliassen.nl\/de\/gemaelde\/"},{"@type":"ListItem","position":4,"name":"Strassbild Tagelmust blau 102x102cm matt"}]},{"@type":"WebSite","@id":"https:\/\/www.eliassen.nl\/de\/#website","url":"https:\/\/www.eliassen.nl\/de\/","name":"Eliassen Home & Garden Pleasure","description":"","publisher":{"@id":"https:\/\/www.eliassen.nl\/de\/#organization"},"alternateName":"Eliassen.nl","potentialAction":[{"@type":"SearchAction","target":{"@type":"EntryPoint","urlTemplate":"https:\/\/www.eliassen.nl\/de\/?s={search_term_string}"},"query-input":{"@type":"PropertyValueSpecification","valueRequired":true,"valueName":"search_term_string"}}],"inLanguage":"de"},{"@type":["Organization","Place"],"@id":"https:\/\/www.eliassen.nl\/de\/#organization","name":"Eliassen Home & Garden Pleasure","url":"https:\/\/www.eliassen.nl\/de\/","logo":{"@id":"https:\/\/www.eliassen.nl\/de\/strassgemalde-tagelmust-blau-102x102cm-matt\/#local-main-organization-logo"},"image":{"@id":"https:\/\/www.eliassen.nl\/de\/strassgemalde-tagelmust-blau-102x102cm-matt\/#local-main-organization-logo"},"sameAs":["https:\/\/www.facebook.com\/TuincentrumEliassenAmmerzoden","https:\/\/www.instagram.com\/eliassenhomeandgarden\/","https:\/\/nl.pinterest.com\/eliassenhomeandgarden\/","https:\/\/www.youtube.com\/@eliassenhomegardenpleasure4558"],"telephone":[],"openingHoursSpecification":[{"@type":"OpeningHoursSpecification","dayOfWeek":["Monday","Tuesday","Wednesday","Thursday","Friday","Saturday","Sunday"],"opens":"09:00","closes":"17:00"}]},{"@type":"ImageObject","inLanguage":"de","@id":"https:\/\/www.eliassen.nl\/de\/strassgemalde-tagelmust-blau-102x102cm-matt\/#local-main-organization-logo","url":"https:\/\/www.eliassen.nl\/wp-content\/uploads\/2024\/01\/logo_4nd.jpg","contentUrl":"https:\/\/www.eliassen.nl\/wp-content\/uploads\/2024\/01\/logo_4nd.jpg","width":500,"height":500,"caption":"Eliassen Home & Garden Pleasure"}]},"product_price_amount":"125.00","product_price_currency":"EUR","og_availability":"out of stock","product_availability":"out of stock","product_retailer_item_id":"6105-2","product_condition":"new"},"df_price":125,"df_sale_price":"","df_regular_price":125,"df_image_link":"https:\/\/www.eliassen.nl\/wp-content\/uploads\/2024\/10\/strasscanvasschilderijeliassennltagelmustblau.jpg","image":"https:\/\/www.eliassen.nl\/wp-content\/uploads\/2024\/10\/strasscanvasschilderijeliassennltagelmustblau.jpg","price_search":"<span class=\"woocommerce-Price-amount amount\"><bdi><span class=\"woocommerce-Price-currencySymbol\">&euro;<\/span>&nbsp;125,00<\/bdi><\/span>","category":"Gem\u00e4lde","global_unique_id":"6096532913967","_links":{"self":[{"href":"https:\/\/www.eliassen.nl\/de\/wp-json\/wp\/v2\/product\/162140","targetHints":{"allow":["GET"]}}],"collection":[{"href":"https:\/\/www.eliassen.nl\/de\/wp-json\/wp\/v2\/product"}],"about":[{"href":"https:\/\/www.eliassen.nl\/de\/wp-json\/wp\/v2\/types\/product"}],"wp:featuredmedia":[{"embeddable":true,"href":"https:\/\/www.eliassen.nl\/de\/wp-json\/wp\/v2\/media\/162122"}],"wp:attachment":[{"href":"https:\/\/www.eliassen.nl\/de\/wp-json\/wp\/v2\/media?parent=162140"}],"wp:term":[{"taxonomy":"product_brand","embeddable":true,"href":"https:\/\/www.eliassen.nl\/de\/wp-json\/wp\/v2\/product_brand?post=162140"},{"taxonomy":"product_cat","embeddable":true,"href":"https:\/\/www.eliassen.nl\/de\/wp-json\/wp\/v2\/product_cat?post=162140"},{"taxonomy":"product_tag","embeddable":true,"href":"https:\/\/www.eliassen.nl\/de\/wp-json\/wp\/v2\/product_tag?post=162140"}],"curies":[{"name":"wp","href":"https:\/\/api.w.org\/{rel}","templated":true}]}}