{"id":162059,"date":"2024-09-26T09:25:40","date_gmt":"2024-09-26T09:25:40","guid":{"rendered":"https:\/\/www.eliassen.nl\/?product=schilderij-3d-4-aras-op-een-rij-120x80cm"},"modified":"2026-01-07T13:40:53","modified_gmt":"2026-01-07T12:40:53","slug":"schilderij-3d-4-aras-op-een-rij-120x80cm","status":"publish","type":"product","link":"https:\/\/www.eliassen.nl\/de\/schilderij-3d-4-aras-op-een-rij-120x80cm\/","title":{"rendered":"Gem\u00e4lde 3D 4 Aras in einer Reihe 120x80cm"},"content":{"rendered":"<p>Erheitern Sie Ihr Zuhause mit dieser idyllischen Skulptur eines Vierergespanns von Aras in einer Reihe in vielen leuchtenden Farben. Dieses 3D-Gem\u00e4lde aus Metall wird vollst\u00e4ndig von Hand gefertigt. Alles an dieser Wanddekoration ist aus Metall gefertigt, der Hintergrund und auch die Figur.<\/p>\n<p>Da es von Hand bemalt und hergestellt wird, kann die Farbe leicht vom Foto abweichen, sie sind nie genau gleich. Auf diesen etwas grob angefertigten Gem\u00e4lden kann es immer wieder zu weiteren kleinen Abweichungen kommen, die manchmal sogar absichtlich gemacht werden, um die harte Atmosph\u00e4re zu erreichen.<\/p>\n<p><strong>Wir haben auch fast die gesamte Kollektion dieser Serie in unserem Gesch\u00e4ft, was in den Niederlanden einzigartig ist. Nirgendwo finden Sie eine so gro\u00dfe Sammlung. Sie sind herzlich willkommen.<\/strong><\/p>\n<ul>\n<li> Gr\u00f6\u00dfe 120x80cm<\/li>\n<li>  Einfach mit 2 Schrauben aufzuh\u00e4ngen<\/li>\n<li> Schnelle Lieferung<\/li>\n<\/ul>\n","protected":false},"excerpt":{"rendered":"<p>Farbenfrohe, handgefertigte Metallmalerei. Gr\u00f6\u00dfe 80x120cm.<\/p>\n","protected":false},"featured_media":162056,"template":"","meta":{"_acf_changed":false,"_genesis_title":"","_genesis_description":""},"product_brand":[7505],"product_cat":[419,434,410],"product_tag":[],"class_list":{"0":"post-162059","1":"product","2":"type-product","3":"status-publish","4":"has-post-thumbnail","6":"product_brand-sonstige","7":"product_cat-3d-gemaelde-aus-metall","8":"product_cat-3d-gemaelde-aus-metall-im-format-80x120cm","9":"product_cat-gemaelde","11":"first","12":"instock","13":"taxable","14":"shipping-taxable","15":"purchasable","16":"product-type-simple"},"acf":[],"meta_all":{"total_sales":"4","wcml_sync_hash":{"postmeta_fields":"f75089a7a2ab7e095660b0cfc8e8af25"},"attr_label_translations":[],"cor_restricted_countries":[]},"meta_all_flat":{"total_sales":"4","wcml_sync_hash.postmeta_fields":"f75089a7a2ab7e095660b0cfc8e8af25"},"yoast_head":"<!-- This site is optimized with the Yoast SEO Premium plugin v26.2 (Yoast SEO v27.2) - https:\/\/yoast.com\/product\/yoast-seo-premium-wordpress\/ -->\n<title>Gem\u00e4lde 3D 4 Aras in einer Reihe 120x80cm<\/title>\n<meta name=\"description\" content=\"Ein sehr fr\u00f6hliches Metallgem\u00e4lde eines Vierergespanns von Aras in einer Reihe. Viele Farben. Gr\u00f6\u00dfe 80x120cm. Schnelle Lieferung.\" \/>\n<meta name=\"robots\" content=\"index, follow, max-snippet:-1, max-image-preview:large, max-video-preview:-1\" \/>\n<link rel=\"canonical\" href=\"https:\/\/www.eliassen.nl\/de\/schilderij-3d-4-aras-op-een-rij-120x80cm\/\" \/>\n<meta property=\"og:locale\" content=\"de_DE\" \/>\n<meta property=\"og:type\" content=\"article\" \/>\n<meta property=\"og:title\" content=\"Sonstige Gem\u00e4lde 3D 4 Aras in einer Reihe 120x80cm - Eliassen.nl\" \/>\n<meta property=\"og:description\" content=\"Ein sehr fr\u00f6hliches Metallgem\u00e4lde eines Vierergespanns von Aras in einer Reihe. Viele Farben. Gr\u00f6\u00dfe 80x120cm. Schnelle Lieferung.\" \/>\n<meta property=\"og:url\" content=\"https:\/\/www.eliassen.nl\/de\/schilderij-3d-4-aras-op-een-rij-120x80cm\/\" \/>\n<meta property=\"og:site_name\" content=\"Eliassen.nl\" \/>\n<meta property=\"article:publisher\" content=\"https:\/\/www.facebook.com\/TuincentrumEliassenAmmerzoden\" \/>\n<meta property=\"article:modified_time\" content=\"2026-01-07T12:40:53+00:00\" \/>\n<meta property=\"og:image\" content=\"https:\/\/www.eliassen.nl\/wp-content\/uploads\/2024\/10\/schilderij3d4araseliassennl545.jpg\" \/>\n\t<meta property=\"og:image:width\" content=\"2018\" \/>\n\t<meta property=\"og:image:height\" content=\"1356\" \/>\n\t<meta property=\"og:image:type\" content=\"image\/jpeg\" \/>\n<meta name=\"twitter:card\" content=\"summary_large_image\" \/>\n<script type=\"application\/ld+json\" class=\"yoast-schema-graph\">{\"@context\":\"https:\/\/schema.org\",\"@graph\":[{\"@type\":\"WebPage\",\"@id\":\"https:\/\/www.eliassen.nl\/de\/schilderij-3d-4-aras-op-een-rij-120x80cm\/\",\"url\":\"https:\/\/www.eliassen.nl\/de\/schilderij-3d-4-aras-op-een-rij-120x80cm\/\",\"name\":\"Gem\u00e4lde 3D 4 Aras in einer Reihe 120x80cm\",\"isPartOf\":{\"@id\":\"https:\/\/www.eliassen.nl\/de\/#website\"},\"primaryImageOfPage\":{\"@id\":\"https:\/\/www.eliassen.nl\/de\/schilderij-3d-4-aras-op-een-rij-120x80cm\/#primaryimage\"},\"image\":{\"@id\":\"https:\/\/www.eliassen.nl\/de\/schilderij-3d-4-aras-op-een-rij-120x80cm\/#primaryimage\"},\"thumbnailUrl\":\"https:\/\/www.eliassen.nl\/wp-content\/uploads\/2024\/10\/schilderij3d4araseliassennl545.jpg\",\"datePublished\":\"2024-09-26T09:25:40+00:00\",\"dateModified\":\"2026-01-07T12:40:53+00:00\",\"description\":\"Ein sehr fr\u00f6hliches Metallgem\u00e4lde eines Vierergespanns von Aras in einer Reihe. Viele Farben. Gr\u00f6\u00dfe 80x120cm. Schnelle Lieferung.\",\"breadcrumb\":{\"@id\":\"https:\/\/www.eliassen.nl\/de\/schilderij-3d-4-aras-op-een-rij-120x80cm\/#breadcrumb\"},\"inLanguage\":\"de\",\"potentialAction\":[{\"@type\":\"ReadAction\",\"target\":[\"https:\/\/www.eliassen.nl\/de\/schilderij-3d-4-aras-op-een-rij-120x80cm\/\"]}]},{\"@type\":\"ImageObject\",\"inLanguage\":\"de\",\"@id\":\"https:\/\/www.eliassen.nl\/de\/schilderij-3d-4-aras-op-een-rij-120x80cm\/#primaryimage\",\"url\":\"https:\/\/www.eliassen.nl\/wp-content\/uploads\/2024\/10\/schilderij3d4araseliassennl545.jpg\",\"contentUrl\":\"https:\/\/www.eliassen.nl\/wp-content\/uploads\/2024\/10\/schilderij3d4araseliassennl545.jpg\",\"width\":2018,\"height\":1356,\"caption\":\"Malerei 3d 4 Aras Eliassen.de 545\"},{\"@type\":\"BreadcrumbList\",\"@id\":\"https:\/\/www.eliassen.nl\/de\/schilderij-3d-4-aras-op-een-rij-120x80cm\/#breadcrumb\",\"itemListElement\":[{\"@type\":\"ListItem\",\"position\":1,\"name\":\"Home\",\"item\":\"https:\/\/www.eliassen.nl\/de\/\"},{\"@type\":\"ListItem\",\"position\":2,\"name\":\"Shop\",\"item\":\"https:\/\/www.eliassen.nl\/de\/shop\/\"},{\"@type\":\"ListItem\",\"position\":3,\"name\":\"Gem\u00e4lde\",\"item\":\"https:\/\/www.eliassen.nl\/de\/gemaelde\/\"},{\"@type\":\"ListItem\",\"position\":4,\"name\":\"Gem\u00e4lde 3D 4 Aras in einer Reihe 120x80cm\"}]},{\"@type\":\"WebSite\",\"@id\":\"https:\/\/www.eliassen.nl\/de\/#website\",\"url\":\"https:\/\/www.eliassen.nl\/de\/\",\"name\":\"Eliassen Home & Garden Pleasure\",\"description\":\"\",\"publisher\":{\"@id\":\"https:\/\/www.eliassen.nl\/de\/#organization\"},\"alternateName\":\"Eliassen.nl\",\"potentialAction\":[{\"@type\":\"SearchAction\",\"target\":{\"@type\":\"EntryPoint\",\"urlTemplate\":\"https:\/\/www.eliassen.nl\/de\/?s={search_term_string}\"},\"query-input\":{\"@type\":\"PropertyValueSpecification\",\"valueRequired\":true,\"valueName\":\"search_term_string\"}}],\"inLanguage\":\"de\"},{\"@type\":[\"Organization\",\"Place\"],\"@id\":\"https:\/\/www.eliassen.nl\/de\/#organization\",\"name\":\"Eliassen Home & Garden Pleasure\",\"url\":\"https:\/\/www.eliassen.nl\/de\/\",\"logo\":{\"@id\":\"https:\/\/www.eliassen.nl\/de\/schilderij-3d-4-aras-op-een-rij-120x80cm\/#local-main-organization-logo\"},\"image\":{\"@id\":\"https:\/\/www.eliassen.nl\/de\/schilderij-3d-4-aras-op-een-rij-120x80cm\/#local-main-organization-logo\"},\"sameAs\":[\"https:\/\/www.facebook.com\/TuincentrumEliassenAmmerzoden\",\"https:\/\/www.instagram.com\/eliassenhomeandgarden\/\",\"https:\/\/nl.pinterest.com\/eliassenhomeandgarden\/\",\"https:\/\/www.youtube.com\/@eliassenhomegardenpleasure4558\"],\"telephone\":[],\"openingHoursSpecification\":[{\"@type\":\"OpeningHoursSpecification\",\"dayOfWeek\":[\"Monday\",\"Tuesday\",\"Wednesday\",\"Thursday\",\"Friday\",\"Saturday\",\"Sunday\"],\"opens\":\"09:00\",\"closes\":\"17:00\"}]},{\"@type\":\"ImageObject\",\"inLanguage\":\"de\",\"@id\":\"https:\/\/www.eliassen.nl\/de\/schilderij-3d-4-aras-op-een-rij-120x80cm\/#local-main-organization-logo\",\"url\":\"https:\/\/www.eliassen.nl\/wp-content\/uploads\/2024\/01\/logo_4nd.jpg\",\"contentUrl\":\"https:\/\/www.eliassen.nl\/wp-content\/uploads\/2024\/01\/logo_4nd.jpg\",\"width\":500,\"height\":500,\"caption\":\"Eliassen Home & Garden Pleasure\"}]}<\/script>\n<meta property=\"product:price:amount\" content=\"209.00\" \/>\n<meta property=\"product:price:currency\" content=\"EUR\" \/>\n<meta property=\"og:availability\" content=\"instock\" \/>\n<meta property=\"product:availability\" content=\"instock\" \/>\n<meta property=\"product:retailer_item_id\" content=\"545\" \/>\n<meta property=\"product:condition\" content=\"new\" \/>\n<!-- \/ Yoast SEO Premium plugin. -->","yoast_head_json":{"title":"Gem\u00e4lde 3D 4 Aras in einer Reihe 120x80cm","description":"Ein sehr fr\u00f6hliches Metallgem\u00e4lde eines Vierergespanns von Aras in einer Reihe. Viele Farben. Gr\u00f6\u00dfe 80x120cm. Schnelle Lieferung.","robots":{"index":"index","follow":"follow","max-snippet":"max-snippet:-1","max-image-preview":"max-image-preview:large","max-video-preview":"max-video-preview:-1"},"canonical":"https:\/\/www.eliassen.nl\/de\/schilderij-3d-4-aras-op-een-rij-120x80cm\/","og_locale":"de_DE","og_type":"article","og_title":"Sonstige Gem\u00e4lde 3D 4 Aras in einer Reihe 120x80cm - Eliassen.nl","og_description":"Ein sehr fr\u00f6hliches Metallgem\u00e4lde eines Vierergespanns von Aras in einer Reihe. Viele Farben. Gr\u00f6\u00dfe 80x120cm. Schnelle Lieferung.","og_url":"https:\/\/www.eliassen.nl\/de\/schilderij-3d-4-aras-op-een-rij-120x80cm\/","og_site_name":"Eliassen.nl","article_publisher":"https:\/\/www.facebook.com\/TuincentrumEliassenAmmerzoden","article_modified_time":"2026-01-07T12:40:53+00:00","og_image":[{"width":2018,"height":1356,"url":"https:\/\/www.eliassen.nl\/wp-content\/uploads\/2024\/10\/schilderij3d4araseliassennl545.jpg","type":"image\/jpeg"}],"twitter_card":"summary_large_image","schema":{"@context":"https:\/\/schema.org","@graph":[{"@type":"WebPage","@id":"https:\/\/www.eliassen.nl\/de\/schilderij-3d-4-aras-op-een-rij-120x80cm\/","url":"https:\/\/www.eliassen.nl\/de\/schilderij-3d-4-aras-op-een-rij-120x80cm\/","name":"Gem\u00e4lde 3D 4 Aras in einer Reihe 120x80cm","isPartOf":{"@id":"https:\/\/www.eliassen.nl\/de\/#website"},"primaryImageOfPage":{"@id":"https:\/\/www.eliassen.nl\/de\/schilderij-3d-4-aras-op-een-rij-120x80cm\/#primaryimage"},"image":{"@id":"https:\/\/www.eliassen.nl\/de\/schilderij-3d-4-aras-op-een-rij-120x80cm\/#primaryimage"},"thumbnailUrl":"https:\/\/www.eliassen.nl\/wp-content\/uploads\/2024\/10\/schilderij3d4araseliassennl545.jpg","datePublished":"2024-09-26T09:25:40+00:00","dateModified":"2026-01-07T12:40:53+00:00","description":"Ein sehr fr\u00f6hliches Metallgem\u00e4lde eines Vierergespanns von Aras in einer Reihe. Viele Farben. Gr\u00f6\u00dfe 80x120cm. Schnelle Lieferung.","breadcrumb":{"@id":"https:\/\/www.eliassen.nl\/de\/schilderij-3d-4-aras-op-een-rij-120x80cm\/#breadcrumb"},"inLanguage":"de","potentialAction":[{"@type":"ReadAction","target":["https:\/\/www.eliassen.nl\/de\/schilderij-3d-4-aras-op-een-rij-120x80cm\/"]}]},{"@type":"ImageObject","inLanguage":"de","@id":"https:\/\/www.eliassen.nl\/de\/schilderij-3d-4-aras-op-een-rij-120x80cm\/#primaryimage","url":"https:\/\/www.eliassen.nl\/wp-content\/uploads\/2024\/10\/schilderij3d4araseliassennl545.jpg","contentUrl":"https:\/\/www.eliassen.nl\/wp-content\/uploads\/2024\/10\/schilderij3d4araseliassennl545.jpg","width":2018,"height":1356,"caption":"Malerei 3d 4 Aras Eliassen.de 545"},{"@type":"BreadcrumbList","@id":"https:\/\/www.eliassen.nl\/de\/schilderij-3d-4-aras-op-een-rij-120x80cm\/#breadcrumb","itemListElement":[{"@type":"ListItem","position":1,"name":"Home","item":"https:\/\/www.eliassen.nl\/de\/"},{"@type":"ListItem","position":2,"name":"Shop","item":"https:\/\/www.eliassen.nl\/de\/shop\/"},{"@type":"ListItem","position":3,"name":"Gem\u00e4lde","item":"https:\/\/www.eliassen.nl\/de\/gemaelde\/"},{"@type":"ListItem","position":4,"name":"Gem\u00e4lde 3D 4 Aras in einer Reihe 120x80cm"}]},{"@type":"WebSite","@id":"https:\/\/www.eliassen.nl\/de\/#website","url":"https:\/\/www.eliassen.nl\/de\/","name":"Eliassen Home & Garden Pleasure","description":"","publisher":{"@id":"https:\/\/www.eliassen.nl\/de\/#organization"},"alternateName":"Eliassen.nl","potentialAction":[{"@type":"SearchAction","target":{"@type":"EntryPoint","urlTemplate":"https:\/\/www.eliassen.nl\/de\/?s={search_term_string}"},"query-input":{"@type":"PropertyValueSpecification","valueRequired":true,"valueName":"search_term_string"}}],"inLanguage":"de"},{"@type":["Organization","Place"],"@id":"https:\/\/www.eliassen.nl\/de\/#organization","name":"Eliassen Home & Garden Pleasure","url":"https:\/\/www.eliassen.nl\/de\/","logo":{"@id":"https:\/\/www.eliassen.nl\/de\/schilderij-3d-4-aras-op-een-rij-120x80cm\/#local-main-organization-logo"},"image":{"@id":"https:\/\/www.eliassen.nl\/de\/schilderij-3d-4-aras-op-een-rij-120x80cm\/#local-main-organization-logo"},"sameAs":["https:\/\/www.facebook.com\/TuincentrumEliassenAmmerzoden","https:\/\/www.instagram.com\/eliassenhomeandgarden\/","https:\/\/nl.pinterest.com\/eliassenhomeandgarden\/","https:\/\/www.youtube.com\/@eliassenhomegardenpleasure4558"],"telephone":[],"openingHoursSpecification":[{"@type":"OpeningHoursSpecification","dayOfWeek":["Monday","Tuesday","Wednesday","Thursday","Friday","Saturday","Sunday"],"opens":"09:00","closes":"17:00"}]},{"@type":"ImageObject","inLanguage":"de","@id":"https:\/\/www.eliassen.nl\/de\/schilderij-3d-4-aras-op-een-rij-120x80cm\/#local-main-organization-logo","url":"https:\/\/www.eliassen.nl\/wp-content\/uploads\/2024\/01\/logo_4nd.jpg","contentUrl":"https:\/\/www.eliassen.nl\/wp-content\/uploads\/2024\/01\/logo_4nd.jpg","width":500,"height":500,"caption":"Eliassen Home & Garden Pleasure"}]},"product_price_amount":"209.00","product_price_currency":"EUR","og_availability":"instock","product_availability":"instock","product_retailer_item_id":"545","product_condition":"new"},"df_price":209,"df_sale_price":"","df_regular_price":209,"df_image_link":"https:\/\/www.eliassen.nl\/wp-content\/uploads\/2024\/10\/schilderij3d4araseliassennl545.jpg","image":"https:\/\/www.eliassen.nl\/wp-content\/uploads\/2024\/10\/schilderij3d4araseliassennl545.jpg","price_search":"<span class=\"woocommerce-Price-amount amount\"><bdi><span class=\"woocommerce-Price-currencySymbol\">&euro;<\/span>&nbsp;209,00<\/bdi><\/span>","category":"3D Gem\u00e4lde aus Metall","global_unique_id":"6096523961946","_links":{"self":[{"href":"https:\/\/www.eliassen.nl\/de\/wp-json\/wp\/v2\/product\/162059","targetHints":{"allow":["GET"]}}],"collection":[{"href":"https:\/\/www.eliassen.nl\/de\/wp-json\/wp\/v2\/product"}],"about":[{"href":"https:\/\/www.eliassen.nl\/de\/wp-json\/wp\/v2\/types\/product"}],"wp:featuredmedia":[{"embeddable":true,"href":"https:\/\/www.eliassen.nl\/de\/wp-json\/wp\/v2\/media\/162056"}],"wp:attachment":[{"href":"https:\/\/www.eliassen.nl\/de\/wp-json\/wp\/v2\/media?parent=162059"}],"wp:term":[{"taxonomy":"product_brand","embeddable":true,"href":"https:\/\/www.eliassen.nl\/de\/wp-json\/wp\/v2\/product_brand?post=162059"},{"taxonomy":"product_cat","embeddable":true,"href":"https:\/\/www.eliassen.nl\/de\/wp-json\/wp\/v2\/product_cat?post=162059"},{"taxonomy":"product_tag","embeddable":true,"href":"https:\/\/www.eliassen.nl\/de\/wp-json\/wp\/v2\/product_tag?post=162059"}],"curies":[{"name":"wp","href":"https:\/\/api.w.org\/{rel}","templated":true}]}}