{"id":162043,"date":"2024-09-24T14:56:57","date_gmt":"2024-09-24T14:56:57","guid":{"rendered":"https:\/\/www.eliassen.nl\/?product=tulpenvaas-metaal-bee-groen-in-2-maten"},"modified":"2026-02-23T09:16:33","modified_gmt":"2026-02-23T08:16:33","slug":"tulpenvase-aus-metall-bee-green-in-2-grossen","status":"publish","type":"product","link":"https:\/\/www.eliassen.nl\/de\/tulpenvase-aus-metall-bee-green-in-2-grossen\/","title":{"rendered":"Tulpenvase Metall Bee Green in 2 Gr\u00f6\u00dfen"},"content":{"rendered":"<div class=\"video-container\"><iframe title=\"Ter Steege Lammie potten en vazen van metaal - Kleurrijke modellen bij Eliassen nl\" width=\"500\" height=\"281\" src=\"https:\/\/www.youtube.com\/embed\/0MFGgMmhODE?feature=oembed&#038;enablejsapi=1&#038;origin=https:\/\/www.eliassen.nl\" frameborder=\"0\" allow=\"accelerometer; autoplay; clipboard-write; encrypted-media; gyroscope; picture-in-picture; web-share\" referrerpolicy=\"strict-origin-when-cross-origin\" allowfullscreen><\/iframe><\/div>\n<p>Wir m\u00f6chten Ihnen gerne unsere Zimmert\u00f6pfe der Lammie-Serie vorstellen. Diese Serie von Blument\u00f6pfen wurde von dem K\u00fcnstler Lammie entworfen, der f\u00fcr das niederl\u00e4ndische Unternehmen Ter Steege arbeitet.<\/p>\n<p>Alle Modelle dieser Serie sind sehr farbenfroh gestaltet, was f\u00fcr einen fr\u00f6hlichen und zugleich stilvollen Look sorgt.<\/p>\n<p>Diese T\u00f6pfe und Vasen sind sorgf\u00e4ltig aus Metall impr\u00e4gniert, mit dem sch\u00f6nen Farbtransfer auf der Oberseite. Die Innenseite ist schwarz beschichtet.<\/p>\n<p>Trotz der Tatsache, dass diese Topfserie wasserdicht ist, ist es ratsam, einen passenden wasserdichten Topf oder eine Vase in den \u00dcbertopf zu stellen, in dem die frischen Blumen ankommen werden, um Rost zu vermeiden. Bei Seidenblumen ist das nat\u00fcrlich nicht n\u00f6tig.<\/p>\n<p>Diese Tulpenvase aus der Bee Green Serie von Lammie ist ein gro\u00dfartiges, individuelles und farbenfrohes Dekorationsst\u00fcck f\u00fcr Ihr Zuhause, Sie werden es nicht bereuen.<\/p>\n<p>Seien Sie live dabei, wenn wir diese Serie in unserem Ausstellungsraum zeigen!<\/p>\n<ul>\n<li>Nicht f\u00fcr den Au\u00dfenbereich geeignet<\/li>\n<\/ul>\n","protected":false},"excerpt":{"rendered":"<p>\u2713 Lammie Serie \u2713 Eisen \u2713 F\u00fcr drinnen<\/p>\n","protected":false},"featured_media":162029,"template":"","meta":{"_acf_changed":false,"_genesis_title":"","_genesis_description":""},"product_brand":[6966],"product_cat":[722,7032],"product_tag":[],"class_list":{"0":"post-162043","1":"product","2":"type-product","3":"status-publish","4":"has-post-thumbnail","6":"product_brand-lammie-de","7":"product_cat-blumentoepfe-und-pflanzgefaesse","8":"product_cat-metalltoepfe-und-vasen","10":"first","11":"outofstock","12":"taxable","13":"shipping-taxable","14":"purchasable","15":"product-type-variable"},"acf":[],"meta_all":{"total_sales":"2","wcml_sync_hash":{"postmeta_fields":"56332490fd5de3f0bb0ac442f7c94637"},"attr_label_translations":[],"cor_restricted_countries":[],"cor_product_price_text_product_level":"","cor_add_text":"","cor_hide_r_add_cart_product_level":"1","cor_product_price_cart_btn_product_level":"","cor_replace_add_to_cart_custom_btn_product_level":"","enbility_product_level_disability":" ","enbility_product_level_exclude_visibility_rules":" "},"meta_all_flat":{"total_sales":"2","wcml_sync_hash.postmeta_fields":"56332490fd5de3f0bb0ac442f7c94637","cor_product_price_text_product_level":"","cor_add_text":"","cor_hide_r_add_cart_product_level":"1","cor_product_price_cart_btn_product_level":"","cor_replace_add_to_cart_custom_btn_product_level":"","enbility_product_level_disability":" ","enbility_product_level_exclude_visibility_rules":" "},"yoast_head":"<!-- This site is optimized with the Yoast SEO Premium plugin v26.2 (Yoast SEO v27.2) - https:\/\/yoast.com\/product\/yoast-seo-premium-wordpress\/ -->\n<title>Tulpenvase Metall Bee Green in 2 Gr\u00f6\u00dfen - Eliassen.nl<\/title>\n<meta name=\"description\" content=\"Sind Sie auf der Suche nach T\u00f6pfen oder Vasen aus der echten Lammie-Serie? Schauen Sie sich diese einzigartige Kollektion von stimmungsvollen und farbenfrohen T\u00f6pfen und Vasen aus Eisen an.\" \/>\n<meta name=\"robots\" content=\"index, follow, max-snippet:-1, max-image-preview:large, max-video-preview:-1\" \/>\n<link rel=\"canonical\" href=\"https:\/\/www.eliassen.nl\/de\/tulpenvase-aus-metall-bee-green-in-2-grossen\/\" \/>\n<meta property=\"og:locale\" content=\"de_DE\" \/>\n<meta property=\"og:type\" content=\"article\" \/>\n<meta property=\"og:title\" content=\"Lammie Tulpenvase Metall Bee Green in 2 Gr\u00f6\u00dfen - Eliassen.nl\" \/>\n<meta property=\"og:description\" content=\"Sind Sie auf der Suche nach T\u00f6pfen oder Vasen aus der echten Lammie-Serie? Schauen Sie sich diese einzigartige Kollektion von stimmungsvollen und farbenfrohen T\u00f6pfen und Vasen aus Eisen an.\" \/>\n<meta property=\"og:url\" content=\"https:\/\/www.eliassen.nl\/de\/tulpenvase-aus-metall-bee-green-in-2-grossen\/\" \/>\n<meta property=\"og:site_name\" content=\"Eliassen.nl\" \/>\n<meta property=\"article:publisher\" content=\"https:\/\/www.facebook.com\/TuincentrumEliassenAmmerzoden\" \/>\n<meta property=\"article:modified_time\" content=\"2026-02-23T08:16:33+00:00\" \/>\n<meta property=\"og:image\" content=\"https:\/\/www.eliassen.nl\/wp-content\/uploads\/2024\/10\/tulpenvaasmetaalbeegroenin2mateneliassennl.jpg\" \/>\n\t<meta property=\"og:image:width\" content=\"1133\" \/>\n\t<meta property=\"og:image:height\" content=\"1700\" \/>\n\t<meta property=\"og:image:type\" content=\"image\/jpeg\" \/>\n<meta name=\"twitter:card\" content=\"summary_large_image\" \/>\n<script type=\"application\/ld+json\" class=\"yoast-schema-graph\">{\"@context\":\"https:\/\/schema.org\",\"@graph\":[{\"@type\":\"WebPage\",\"@id\":\"https:\/\/www.eliassen.nl\/de\/tulpenvase-aus-metall-bee-green-in-2-grossen\/\",\"url\":\"https:\/\/www.eliassen.nl\/de\/tulpenvase-aus-metall-bee-green-in-2-grossen\/\",\"name\":\"Tulpenvase Metall Bee Green in 2 Gr\u00f6\u00dfen - Eliassen.nl\",\"isPartOf\":{\"@id\":\"https:\/\/www.eliassen.nl\/de\/#website\"},\"primaryImageOfPage\":{\"@id\":\"https:\/\/www.eliassen.nl\/de\/tulpenvase-aus-metall-bee-green-in-2-grossen\/#primaryimage\"},\"image\":{\"@id\":\"https:\/\/www.eliassen.nl\/de\/tulpenvase-aus-metall-bee-green-in-2-grossen\/#primaryimage\"},\"thumbnailUrl\":\"https:\/\/www.eliassen.nl\/wp-content\/uploads\/2024\/10\/tulpenvaasmetaalbeegroenin2mateneliassennl.jpg\",\"datePublished\":\"2024-09-24T14:56:57+00:00\",\"dateModified\":\"2026-02-23T08:16:33+00:00\",\"description\":\"Sind Sie auf der Suche nach T\u00f6pfen oder Vasen aus der echten Lammie-Serie? Schauen Sie sich diese einzigartige Kollektion von stimmungsvollen und farbenfrohen T\u00f6pfen und Vasen aus Eisen an.\",\"breadcrumb\":{\"@id\":\"https:\/\/www.eliassen.nl\/de\/tulpenvase-aus-metall-bee-green-in-2-grossen\/#breadcrumb\"},\"inLanguage\":\"de\",\"potentialAction\":[{\"@type\":\"ReadAction\",\"target\":[\"https:\/\/www.eliassen.nl\/de\/tulpenvase-aus-metall-bee-green-in-2-grossen\/\"]}]},{\"@type\":\"ImageObject\",\"inLanguage\":\"de\",\"@id\":\"https:\/\/www.eliassen.nl\/de\/tulpenvase-aus-metall-bee-green-in-2-grossen\/#primaryimage\",\"url\":\"https:\/\/www.eliassen.nl\/wp-content\/uploads\/2024\/10\/tulpenvaasmetaalbeegroenin2mateneliassennl.jpg\",\"contentUrl\":\"https:\/\/www.eliassen.nl\/wp-content\/uploads\/2024\/10\/tulpenvaasmetaalbeegroenin2mateneliassennl.jpg\",\"width\":1133,\"height\":1700,\"caption\":\"Tulpenvase Metall Bee Green in 2 Gr\u00f6\u00dfen eliassen.co.uk 4\"},{\"@type\":\"BreadcrumbList\",\"@id\":\"https:\/\/www.eliassen.nl\/de\/tulpenvase-aus-metall-bee-green-in-2-grossen\/#breadcrumb\",\"itemListElement\":[{\"@type\":\"ListItem\",\"position\":1,\"name\":\"Home\",\"item\":\"https:\/\/www.eliassen.nl\/de\/\"},{\"@type\":\"ListItem\",\"position\":2,\"name\":\"Shop\",\"item\":\"https:\/\/www.eliassen.nl\/de\/shop\/\"},{\"@type\":\"ListItem\",\"position\":3,\"name\":\"Blument\u00f6pfe und Pflanzgef\u00e4\u00dfe\",\"item\":\"https:\/\/www.eliassen.nl\/de\/blumentoepfe-und-pflanzgefaesse\/\"},{\"@type\":\"ListItem\",\"position\":4,\"name\":\"Tulpenvase Metall Bee Green in 2 Gr\u00f6\u00dfen\"}]},{\"@type\":\"WebSite\",\"@id\":\"https:\/\/www.eliassen.nl\/de\/#website\",\"url\":\"https:\/\/www.eliassen.nl\/de\/\",\"name\":\"Eliassen Home & Garden Pleasure\",\"description\":\"\",\"publisher\":{\"@id\":\"https:\/\/www.eliassen.nl\/de\/#organization\"},\"alternateName\":\"Eliassen.nl\",\"potentialAction\":[{\"@type\":\"SearchAction\",\"target\":{\"@type\":\"EntryPoint\",\"urlTemplate\":\"https:\/\/www.eliassen.nl\/de\/?s={search_term_string}\"},\"query-input\":{\"@type\":\"PropertyValueSpecification\",\"valueRequired\":true,\"valueName\":\"search_term_string\"}}],\"inLanguage\":\"de\"},{\"@type\":[\"Organization\",\"Place\"],\"@id\":\"https:\/\/www.eliassen.nl\/de\/#organization\",\"name\":\"Eliassen Home & Garden Pleasure\",\"url\":\"https:\/\/www.eliassen.nl\/de\/\",\"logo\":{\"@id\":\"https:\/\/www.eliassen.nl\/de\/tulpenvase-aus-metall-bee-green-in-2-grossen\/#local-main-organization-logo\"},\"image\":{\"@id\":\"https:\/\/www.eliassen.nl\/de\/tulpenvase-aus-metall-bee-green-in-2-grossen\/#local-main-organization-logo\"},\"sameAs\":[\"https:\/\/www.facebook.com\/TuincentrumEliassenAmmerzoden\",\"https:\/\/www.instagram.com\/eliassenhomeandgarden\/\",\"https:\/\/nl.pinterest.com\/eliassenhomeandgarden\/\",\"https:\/\/www.youtube.com\/@eliassenhomegardenpleasure4558\"],\"telephone\":[],\"openingHoursSpecification\":[{\"@type\":\"OpeningHoursSpecification\",\"dayOfWeek\":[\"Monday\",\"Tuesday\",\"Wednesday\",\"Thursday\",\"Friday\",\"Saturday\",\"Sunday\"],\"opens\":\"09:00\",\"closes\":\"17:00\"}]},{\"@type\":\"ImageObject\",\"inLanguage\":\"de\",\"@id\":\"https:\/\/www.eliassen.nl\/de\/tulpenvase-aus-metall-bee-green-in-2-grossen\/#local-main-organization-logo\",\"url\":\"https:\/\/www.eliassen.nl\/wp-content\/uploads\/2024\/01\/logo_4nd.jpg\",\"contentUrl\":\"https:\/\/www.eliassen.nl\/wp-content\/uploads\/2024\/01\/logo_4nd.jpg\",\"width\":500,\"height\":500,\"caption\":\"Eliassen Home & Garden Pleasure\"}]}<\/script>\n<meta property=\"og:availability\" content=\"out of stock\" \/>\n<meta property=\"product:availability\" content=\"out of stock\" \/>\n<meta property=\"product:retailer_item_id\" content=\"172975\" \/>\n<meta property=\"product:condition\" content=\"new\" \/>\n<!-- \/ Yoast SEO Premium plugin. -->","yoast_head_json":{"title":"Tulpenvase Metall Bee Green in 2 Gr\u00f6\u00dfen - Eliassen.nl","description":"Sind Sie auf der Suche nach T\u00f6pfen oder Vasen aus der echten Lammie-Serie? Schauen Sie sich diese einzigartige Kollektion von stimmungsvollen und farbenfrohen T\u00f6pfen und Vasen aus Eisen an.","robots":{"index":"index","follow":"follow","max-snippet":"max-snippet:-1","max-image-preview":"max-image-preview:large","max-video-preview":"max-video-preview:-1"},"canonical":"https:\/\/www.eliassen.nl\/de\/tulpenvase-aus-metall-bee-green-in-2-grossen\/","og_locale":"de_DE","og_type":"article","og_title":"Lammie Tulpenvase Metall Bee Green in 2 Gr\u00f6\u00dfen - Eliassen.nl","og_description":"Sind Sie auf der Suche nach T\u00f6pfen oder Vasen aus der echten Lammie-Serie? Schauen Sie sich diese einzigartige Kollektion von stimmungsvollen und farbenfrohen T\u00f6pfen und Vasen aus Eisen an.","og_url":"https:\/\/www.eliassen.nl\/de\/tulpenvase-aus-metall-bee-green-in-2-grossen\/","og_site_name":"Eliassen.nl","article_publisher":"https:\/\/www.facebook.com\/TuincentrumEliassenAmmerzoden","article_modified_time":"2026-02-23T08:16:33+00:00","og_image":[{"width":1133,"height":1700,"url":"https:\/\/www.eliassen.nl\/wp-content\/uploads\/2024\/10\/tulpenvaasmetaalbeegroenin2mateneliassennl.jpg","type":"image\/jpeg"}],"twitter_card":"summary_large_image","schema":{"@context":"https:\/\/schema.org","@graph":[{"@type":"WebPage","@id":"https:\/\/www.eliassen.nl\/de\/tulpenvase-aus-metall-bee-green-in-2-grossen\/","url":"https:\/\/www.eliassen.nl\/de\/tulpenvase-aus-metall-bee-green-in-2-grossen\/","name":"Tulpenvase Metall Bee Green in 2 Gr\u00f6\u00dfen - Eliassen.nl","isPartOf":{"@id":"https:\/\/www.eliassen.nl\/de\/#website"},"primaryImageOfPage":{"@id":"https:\/\/www.eliassen.nl\/de\/tulpenvase-aus-metall-bee-green-in-2-grossen\/#primaryimage"},"image":{"@id":"https:\/\/www.eliassen.nl\/de\/tulpenvase-aus-metall-bee-green-in-2-grossen\/#primaryimage"},"thumbnailUrl":"https:\/\/www.eliassen.nl\/wp-content\/uploads\/2024\/10\/tulpenvaasmetaalbeegroenin2mateneliassennl.jpg","datePublished":"2024-09-24T14:56:57+00:00","dateModified":"2026-02-23T08:16:33+00:00","description":"Sind Sie auf der Suche nach T\u00f6pfen oder Vasen aus der echten Lammie-Serie? Schauen Sie sich diese einzigartige Kollektion von stimmungsvollen und farbenfrohen T\u00f6pfen und Vasen aus Eisen an.","breadcrumb":{"@id":"https:\/\/www.eliassen.nl\/de\/tulpenvase-aus-metall-bee-green-in-2-grossen\/#breadcrumb"},"inLanguage":"de","potentialAction":[{"@type":"ReadAction","target":["https:\/\/www.eliassen.nl\/de\/tulpenvase-aus-metall-bee-green-in-2-grossen\/"]}]},{"@type":"ImageObject","inLanguage":"de","@id":"https:\/\/www.eliassen.nl\/de\/tulpenvase-aus-metall-bee-green-in-2-grossen\/#primaryimage","url":"https:\/\/www.eliassen.nl\/wp-content\/uploads\/2024\/10\/tulpenvaasmetaalbeegroenin2mateneliassennl.jpg","contentUrl":"https:\/\/www.eliassen.nl\/wp-content\/uploads\/2024\/10\/tulpenvaasmetaalbeegroenin2mateneliassennl.jpg","width":1133,"height":1700,"caption":"Tulpenvase Metall Bee Green in 2 Gr\u00f6\u00dfen eliassen.co.uk 4"},{"@type":"BreadcrumbList","@id":"https:\/\/www.eliassen.nl\/de\/tulpenvase-aus-metall-bee-green-in-2-grossen\/#breadcrumb","itemListElement":[{"@type":"ListItem","position":1,"name":"Home","item":"https:\/\/www.eliassen.nl\/de\/"},{"@type":"ListItem","position":2,"name":"Shop","item":"https:\/\/www.eliassen.nl\/de\/shop\/"},{"@type":"ListItem","position":3,"name":"Blument\u00f6pfe und Pflanzgef\u00e4\u00dfe","item":"https:\/\/www.eliassen.nl\/de\/blumentoepfe-und-pflanzgefaesse\/"},{"@type":"ListItem","position":4,"name":"Tulpenvase Metall Bee Green in 2 Gr\u00f6\u00dfen"}]},{"@type":"WebSite","@id":"https:\/\/www.eliassen.nl\/de\/#website","url":"https:\/\/www.eliassen.nl\/de\/","name":"Eliassen Home & Garden Pleasure","description":"","publisher":{"@id":"https:\/\/www.eliassen.nl\/de\/#organization"},"alternateName":"Eliassen.nl","potentialAction":[{"@type":"SearchAction","target":{"@type":"EntryPoint","urlTemplate":"https:\/\/www.eliassen.nl\/de\/?s={search_term_string}"},"query-input":{"@type":"PropertyValueSpecification","valueRequired":true,"valueName":"search_term_string"}}],"inLanguage":"de"},{"@type":["Organization","Place"],"@id":"https:\/\/www.eliassen.nl\/de\/#organization","name":"Eliassen Home & Garden Pleasure","url":"https:\/\/www.eliassen.nl\/de\/","logo":{"@id":"https:\/\/www.eliassen.nl\/de\/tulpenvase-aus-metall-bee-green-in-2-grossen\/#local-main-organization-logo"},"image":{"@id":"https:\/\/www.eliassen.nl\/de\/tulpenvase-aus-metall-bee-green-in-2-grossen\/#local-main-organization-logo"},"sameAs":["https:\/\/www.facebook.com\/TuincentrumEliassenAmmerzoden","https:\/\/www.instagram.com\/eliassenhomeandgarden\/","https:\/\/nl.pinterest.com\/eliassenhomeandgarden\/","https:\/\/www.youtube.com\/@eliassenhomegardenpleasure4558"],"telephone":[],"openingHoursSpecification":[{"@type":"OpeningHoursSpecification","dayOfWeek":["Monday","Tuesday","Wednesday","Thursday","Friday","Saturday","Sunday"],"opens":"09:00","closes":"17:00"}]},{"@type":"ImageObject","inLanguage":"de","@id":"https:\/\/www.eliassen.nl\/de\/tulpenvase-aus-metall-bee-green-in-2-grossen\/#local-main-organization-logo","url":"https:\/\/www.eliassen.nl\/wp-content\/uploads\/2024\/01\/logo_4nd.jpg","contentUrl":"https:\/\/www.eliassen.nl\/wp-content\/uploads\/2024\/01\/logo_4nd.jpg","width":500,"height":500,"caption":"Eliassen Home & Garden Pleasure"}]},"og_availability":"out of stock","product_availability":"out of stock","product_retailer_item_id":"172975","product_condition":"new"},"df_price":64,"df_sale_price":"","df_regular_price":64,"df_image_link":"https:\/\/www.eliassen.nl\/wp-content\/uploads\/2024\/10\/tulpenvaasmetaalbeegroenin2mateneliassennl.jpg","image":"https:\/\/www.eliassen.nl\/wp-content\/uploads\/2024\/10\/tulpenvaasmetaalbeegroenin2mateneliassennl.jpg","price_search":"<span class=\"woocommerce-Price-amount amount\"><bdi><span class=\"woocommerce-Price-currencySymbol\">&euro;<\/span>&nbsp;64,00<\/bdi><\/span>","category":"Blument\u00f6pfe und Pflanzgef\u00e4\u00dfe","global_unique_id":"8711355817589","_links":{"self":[{"href":"https:\/\/www.eliassen.nl\/de\/wp-json\/wp\/v2\/product\/162043","targetHints":{"allow":["GET"]}}],"collection":[{"href":"https:\/\/www.eliassen.nl\/de\/wp-json\/wp\/v2\/product"}],"about":[{"href":"https:\/\/www.eliassen.nl\/de\/wp-json\/wp\/v2\/types\/product"}],"wp:featuredmedia":[{"embeddable":true,"href":"https:\/\/www.eliassen.nl\/de\/wp-json\/wp\/v2\/media\/162029"}],"wp:attachment":[{"href":"https:\/\/www.eliassen.nl\/de\/wp-json\/wp\/v2\/media?parent=162043"}],"wp:term":[{"taxonomy":"product_brand","embeddable":true,"href":"https:\/\/www.eliassen.nl\/de\/wp-json\/wp\/v2\/product_brand?post=162043"},{"taxonomy":"product_cat","embeddable":true,"href":"https:\/\/www.eliassen.nl\/de\/wp-json\/wp\/v2\/product_cat?post=162043"},{"taxonomy":"product_tag","embeddable":true,"href":"https:\/\/www.eliassen.nl\/de\/wp-json\/wp\/v2\/product_tag?post=162043"}],"curies":[{"name":"wp","href":"https:\/\/api.w.org\/{rel}","templated":true}]}}