{"id":161621,"date":"2024-09-24T10:02:04","date_gmt":"2024-09-24T10:02:04","guid":{"rendered":"https:\/\/www.eliassen.nl\/?product=draak-miniglas-12cm"},"modified":"2026-03-07T13:32:34","modified_gmt":"2026-03-07T12:32:34","slug":"drache-miniglas-12cm","status":"publish","type":"product","link":"https:\/\/www.eliassen.nl\/de\/drache-miniglas-12cm\/","title":{"rendered":"Mini-Glasdrache 12cm 2 Farbvarianten"},"content":{"rendered":"<p>Sind Sie ein Liebhaber von Glasobjekten?<br \/>\nDann wird Ihnen auch dieser lustige kleine Drache gefallen.<\/p>\n<p>Dieser in Europa hergestellte Glasdrache wird mit gr\u00f6\u00dfter Sorgfalt und viel Liebe zum Detail hergestellt.<\/p>\n<p>Wenn Sie die Details in dieser Figur sehen, k\u00f6nnen Sie erkennen, dass hier ein echter K\u00fcnstler am Werk war.<\/p>\n<ul>\n<li>Die Gr\u00f6\u00dfen sind immer Ca-Gr\u00f6\u00dfen, bei der Handarbeit ist dies nie exakt.<\/li>\n<li>Das Foto dient nur als Beispiel. Handgefertigte Produkte sind nie gleich.<\/li>\n<li>Praktisch alles aus dieser Sammlung k\u00f6nnen Sie sich auch live ansehen.<\/li>\n<li>Material: handgefertigtes Glas<\/li>\n<\/ul>\n","protected":false},"excerpt":{"rendered":"<p>Wundersch\u00f6n detaillierter Glasdrache.<\/p>\n","protected":false},"featured_media":180213,"template":"","meta":{"_acf_changed":false,"_genesis_title":"","_genesis_description":""},"product_brand":[7505],"product_cat":[800,6996,824],"product_tag":[],"class_list":{"0":"post-161621","1":"product","2":"type-product","3":"status-publish","4":"has-post-thumbnail","6":"product_brand-sonstige","7":"product_cat-glaskunst","8":"product_cat-glasminiaturen","9":"product_cat-tierfiguren-aus-glas","11":"first","12":"instock","13":"taxable","14":"shipping-taxable","15":"purchasable","16":"product-type-variable"},"acf":[],"meta_all":{"total_sales":"6","wcml_sync_hash":{"postmeta_fields":"963fe5f1bf3a259cff55f069c2a8b146"},"attr_label_translations":[],"cor_restricted_countries":[]},"meta_all_flat":{"total_sales":"6","wcml_sync_hash.postmeta_fields":"963fe5f1bf3a259cff55f069c2a8b146"},"yoast_head":"<!-- This site is optimized with the Yoast SEO Premium plugin v26.2 (Yoast SEO v27.2) - https:\/\/yoast.com\/product\/yoast-seo-premium-wordpress\/ -->\n<title>Drachen Mini Glas 12cm - Eliassen.nl<\/title>\n<meta name=\"description\" content=\"Sind Sie auf der Suche nach einem dekorativen Drachen aus Glas? Sie werden unsere umfangreiche Kollektion sicher zu sch\u00e4tzen wissen. Verschiedene Modelle von Glastieren. Sie sind herzlich willkommen!\" \/>\n<meta name=\"robots\" content=\"index, follow, max-snippet:-1, max-image-preview:large, max-video-preview:-1\" \/>\n<link rel=\"canonical\" href=\"https:\/\/www.eliassen.nl\/de\/drache-miniglas-12cm\/\" \/>\n<meta property=\"og:locale\" content=\"de_DE\" \/>\n<meta property=\"og:type\" content=\"article\" \/>\n<meta property=\"og:title\" content=\"Sonstige Mini-Glasdrache 12cm 2 Farbvarianten - Eliassen.nl\" \/>\n<meta property=\"og:description\" content=\"Sind Sie auf der Suche nach einem dekorativen Drachen aus Glas? Sie werden unsere umfangreiche Kollektion sicher zu sch\u00e4tzen wissen. Verschiedene Modelle von Glastieren. Sie sind herzlich willkommen!\" \/>\n<meta property=\"og:url\" content=\"https:\/\/www.eliassen.nl\/de\/drache-miniglas-12cm\/\" \/>\n<meta property=\"og:site_name\" content=\"Eliassen.nl\" \/>\n<meta property=\"article:publisher\" content=\"https:\/\/www.facebook.com\/TuincentrumEliassenAmmerzoden\" \/>\n<meta property=\"article:modified_time\" content=\"2026-03-07T12:32:34+00:00\" \/>\n<meta property=\"og:image\" content=\"https:\/\/www.eliassen.nl\/wp-content\/uploads\/2024\/09\/1000044548-scaled.jpg\" \/>\n\t<meta property=\"og:image:width\" content=\"2560\" \/>\n\t<meta property=\"og:image:height\" content=\"1928\" \/>\n\t<meta property=\"og:image:type\" content=\"image\/jpeg\" \/>\n<meta name=\"twitter:card\" content=\"summary_large_image\" \/>\n<script type=\"application\/ld+json\" class=\"yoast-schema-graph\">{\"@context\":\"https:\/\/schema.org\",\"@graph\":[{\"@type\":\"WebPage\",\"@id\":\"https:\/\/www.eliassen.nl\/de\/drache-miniglas-12cm\/\",\"url\":\"https:\/\/www.eliassen.nl\/de\/drache-miniglas-12cm\/\",\"name\":\"Drachen Mini Glas 12cm - Eliassen.nl\",\"isPartOf\":{\"@id\":\"https:\/\/www.eliassen.nl\/de\/#website\"},\"primaryImageOfPage\":{\"@id\":\"https:\/\/www.eliassen.nl\/de\/drache-miniglas-12cm\/#primaryimage\"},\"image\":{\"@id\":\"https:\/\/www.eliassen.nl\/de\/drache-miniglas-12cm\/#primaryimage\"},\"thumbnailUrl\":\"https:\/\/www.eliassen.nl\/wp-content\/uploads\/2024\/09\/1000044548-scaled.jpg\",\"datePublished\":\"2024-09-24T10:02:04+00:00\",\"dateModified\":\"2026-03-07T12:32:34+00:00\",\"description\":\"Sind Sie auf der Suche nach einem dekorativen Drachen aus Glas? Sie werden unsere umfangreiche Kollektion sicher zu sch\u00e4tzen wissen. Verschiedene Modelle von Glastieren. Sie sind herzlich willkommen!\",\"breadcrumb\":{\"@id\":\"https:\/\/www.eliassen.nl\/de\/drache-miniglas-12cm\/#breadcrumb\"},\"inLanguage\":\"de\",\"potentialAction\":[{\"@type\":\"ReadAction\",\"target\":[\"https:\/\/www.eliassen.nl\/de\/drache-miniglas-12cm\/\"]}]},{\"@type\":\"ImageObject\",\"inLanguage\":\"de\",\"@id\":\"https:\/\/www.eliassen.nl\/de\/drache-miniglas-12cm\/#primaryimage\",\"url\":\"https:\/\/www.eliassen.nl\/wp-content\/uploads\/2024\/09\/1000044548-scaled.jpg\",\"contentUrl\":\"https:\/\/www.eliassen.nl\/wp-content\/uploads\/2024\/09\/1000044548-scaled.jpg\",\"width\":2560,\"height\":1928},{\"@type\":\"BreadcrumbList\",\"@id\":\"https:\/\/www.eliassen.nl\/de\/drache-miniglas-12cm\/#breadcrumb\",\"itemListElement\":[{\"@type\":\"ListItem\",\"position\":1,\"name\":\"Home\",\"item\":\"https:\/\/www.eliassen.nl\/de\/\"},{\"@type\":\"ListItem\",\"position\":2,\"name\":\"Shop\",\"item\":\"https:\/\/www.eliassen.nl\/de\/shop\/\"},{\"@type\":\"ListItem\",\"position\":3,\"name\":\"Glaskunst\",\"item\":\"https:\/\/www.eliassen.nl\/de\/glaskunst\/\"},{\"@type\":\"ListItem\",\"position\":4,\"name\":\"Glasminiaturen\",\"item\":\"https:\/\/www.eliassen.nl\/de\/glaskunst\/glasminiaturen\/\"},{\"@type\":\"ListItem\",\"position\":5,\"name\":\"Mini-Glasdrache 12cm 2 Farbvarianten\"}]},{\"@type\":\"WebSite\",\"@id\":\"https:\/\/www.eliassen.nl\/de\/#website\",\"url\":\"https:\/\/www.eliassen.nl\/de\/\",\"name\":\"Eliassen Home & Garden Pleasure\",\"description\":\"\",\"publisher\":{\"@id\":\"https:\/\/www.eliassen.nl\/de\/#organization\"},\"alternateName\":\"Eliassen.nl\",\"potentialAction\":[{\"@type\":\"SearchAction\",\"target\":{\"@type\":\"EntryPoint\",\"urlTemplate\":\"https:\/\/www.eliassen.nl\/de\/?s={search_term_string}\"},\"query-input\":{\"@type\":\"PropertyValueSpecification\",\"valueRequired\":true,\"valueName\":\"search_term_string\"}}],\"inLanguage\":\"de\"},{\"@type\":[\"Organization\",\"Place\"],\"@id\":\"https:\/\/www.eliassen.nl\/de\/#organization\",\"name\":\"Eliassen Home & Garden Pleasure\",\"url\":\"https:\/\/www.eliassen.nl\/de\/\",\"logo\":{\"@id\":\"https:\/\/www.eliassen.nl\/de\/drache-miniglas-12cm\/#local-main-organization-logo\"},\"image\":{\"@id\":\"https:\/\/www.eliassen.nl\/de\/drache-miniglas-12cm\/#local-main-organization-logo\"},\"sameAs\":[\"https:\/\/www.facebook.com\/TuincentrumEliassenAmmerzoden\",\"https:\/\/www.instagram.com\/eliassenhomeandgarden\/\",\"https:\/\/nl.pinterest.com\/eliassenhomeandgarden\/\",\"https:\/\/www.youtube.com\/@eliassenhomegardenpleasure4558\"],\"telephone\":[],\"openingHoursSpecification\":[{\"@type\":\"OpeningHoursSpecification\",\"dayOfWeek\":[\"Monday\",\"Tuesday\",\"Wednesday\",\"Thursday\",\"Friday\",\"Saturday\",\"Sunday\"],\"opens\":\"09:00\",\"closes\":\"17:00\"}]},{\"@type\":\"ImageObject\",\"inLanguage\":\"de\",\"@id\":\"https:\/\/www.eliassen.nl\/de\/drache-miniglas-12cm\/#local-main-organization-logo\",\"url\":\"https:\/\/www.eliassen.nl\/wp-content\/uploads\/2024\/01\/logo_4nd.jpg\",\"contentUrl\":\"https:\/\/www.eliassen.nl\/wp-content\/uploads\/2024\/01\/logo_4nd.jpg\",\"width\":500,\"height\":500,\"caption\":\"Eliassen Home & Garden Pleasure\"}]}<\/script>\n<meta property=\"og:availability\" content=\"instock\" \/>\n<meta property=\"product:availability\" content=\"instock\" \/>\n<meta property=\"product:retailer_item_id\" content=\"520\" \/>\n<meta property=\"product:condition\" content=\"new\" \/>\n<!-- \/ Yoast SEO Premium plugin. -->","yoast_head_json":{"title":"Drachen Mini Glas 12cm - Eliassen.nl","description":"Sind Sie auf der Suche nach einem dekorativen Drachen aus Glas? Sie werden unsere umfangreiche Kollektion sicher zu sch\u00e4tzen wissen. Verschiedene Modelle von Glastieren. Sie sind herzlich willkommen!","robots":{"index":"index","follow":"follow","max-snippet":"max-snippet:-1","max-image-preview":"max-image-preview:large","max-video-preview":"max-video-preview:-1"},"canonical":"https:\/\/www.eliassen.nl\/de\/drache-miniglas-12cm\/","og_locale":"de_DE","og_type":"article","og_title":"Sonstige Mini-Glasdrache 12cm 2 Farbvarianten - Eliassen.nl","og_description":"Sind Sie auf der Suche nach einem dekorativen Drachen aus Glas? Sie werden unsere umfangreiche Kollektion sicher zu sch\u00e4tzen wissen. Verschiedene Modelle von Glastieren. Sie sind herzlich willkommen!","og_url":"https:\/\/www.eliassen.nl\/de\/drache-miniglas-12cm\/","og_site_name":"Eliassen.nl","article_publisher":"https:\/\/www.facebook.com\/TuincentrumEliassenAmmerzoden","article_modified_time":"2026-03-07T12:32:34+00:00","og_image":[{"width":2560,"height":1928,"url":"https:\/\/www.eliassen.nl\/wp-content\/uploads\/2024\/09\/1000044548-scaled.jpg","type":"image\/jpeg"}],"twitter_card":"summary_large_image","schema":{"@context":"https:\/\/schema.org","@graph":[{"@type":"WebPage","@id":"https:\/\/www.eliassen.nl\/de\/drache-miniglas-12cm\/","url":"https:\/\/www.eliassen.nl\/de\/drache-miniglas-12cm\/","name":"Drachen Mini Glas 12cm - Eliassen.nl","isPartOf":{"@id":"https:\/\/www.eliassen.nl\/de\/#website"},"primaryImageOfPage":{"@id":"https:\/\/www.eliassen.nl\/de\/drache-miniglas-12cm\/#primaryimage"},"image":{"@id":"https:\/\/www.eliassen.nl\/de\/drache-miniglas-12cm\/#primaryimage"},"thumbnailUrl":"https:\/\/www.eliassen.nl\/wp-content\/uploads\/2024\/09\/1000044548-scaled.jpg","datePublished":"2024-09-24T10:02:04+00:00","dateModified":"2026-03-07T12:32:34+00:00","description":"Sind Sie auf der Suche nach einem dekorativen Drachen aus Glas? Sie werden unsere umfangreiche Kollektion sicher zu sch\u00e4tzen wissen. Verschiedene Modelle von Glastieren. Sie sind herzlich willkommen!","breadcrumb":{"@id":"https:\/\/www.eliassen.nl\/de\/drache-miniglas-12cm\/#breadcrumb"},"inLanguage":"de","potentialAction":[{"@type":"ReadAction","target":["https:\/\/www.eliassen.nl\/de\/drache-miniglas-12cm\/"]}]},{"@type":"ImageObject","inLanguage":"de","@id":"https:\/\/www.eliassen.nl\/de\/drache-miniglas-12cm\/#primaryimage","url":"https:\/\/www.eliassen.nl\/wp-content\/uploads\/2024\/09\/1000044548-scaled.jpg","contentUrl":"https:\/\/www.eliassen.nl\/wp-content\/uploads\/2024\/09\/1000044548-scaled.jpg","width":2560,"height":1928},{"@type":"BreadcrumbList","@id":"https:\/\/www.eliassen.nl\/de\/drache-miniglas-12cm\/#breadcrumb","itemListElement":[{"@type":"ListItem","position":1,"name":"Home","item":"https:\/\/www.eliassen.nl\/de\/"},{"@type":"ListItem","position":2,"name":"Shop","item":"https:\/\/www.eliassen.nl\/de\/shop\/"},{"@type":"ListItem","position":3,"name":"Glaskunst","item":"https:\/\/www.eliassen.nl\/de\/glaskunst\/"},{"@type":"ListItem","position":4,"name":"Glasminiaturen","item":"https:\/\/www.eliassen.nl\/de\/glaskunst\/glasminiaturen\/"},{"@type":"ListItem","position":5,"name":"Mini-Glasdrache 12cm 2 Farbvarianten"}]},{"@type":"WebSite","@id":"https:\/\/www.eliassen.nl\/de\/#website","url":"https:\/\/www.eliassen.nl\/de\/","name":"Eliassen Home & Garden Pleasure","description":"","publisher":{"@id":"https:\/\/www.eliassen.nl\/de\/#organization"},"alternateName":"Eliassen.nl","potentialAction":[{"@type":"SearchAction","target":{"@type":"EntryPoint","urlTemplate":"https:\/\/www.eliassen.nl\/de\/?s={search_term_string}"},"query-input":{"@type":"PropertyValueSpecification","valueRequired":true,"valueName":"search_term_string"}}],"inLanguage":"de"},{"@type":["Organization","Place"],"@id":"https:\/\/www.eliassen.nl\/de\/#organization","name":"Eliassen Home & Garden Pleasure","url":"https:\/\/www.eliassen.nl\/de\/","logo":{"@id":"https:\/\/www.eliassen.nl\/de\/drache-miniglas-12cm\/#local-main-organization-logo"},"image":{"@id":"https:\/\/www.eliassen.nl\/de\/drache-miniglas-12cm\/#local-main-organization-logo"},"sameAs":["https:\/\/www.facebook.com\/TuincentrumEliassenAmmerzoden","https:\/\/www.instagram.com\/eliassenhomeandgarden\/","https:\/\/nl.pinterest.com\/eliassenhomeandgarden\/","https:\/\/www.youtube.com\/@eliassenhomegardenpleasure4558"],"telephone":[],"openingHoursSpecification":[{"@type":"OpeningHoursSpecification","dayOfWeek":["Monday","Tuesday","Wednesday","Thursday","Friday","Saturday","Sunday"],"opens":"09:00","closes":"17:00"}]},{"@type":"ImageObject","inLanguage":"de","@id":"https:\/\/www.eliassen.nl\/de\/drache-miniglas-12cm\/#local-main-organization-logo","url":"https:\/\/www.eliassen.nl\/wp-content\/uploads\/2024\/01\/logo_4nd.jpg","contentUrl":"https:\/\/www.eliassen.nl\/wp-content\/uploads\/2024\/01\/logo_4nd.jpg","width":500,"height":500,"caption":"Eliassen Home & Garden Pleasure"}]},"og_availability":"instock","product_availability":"instock","product_retailer_item_id":"520","product_condition":"new"},"df_price":14.5,"df_sale_price":"","df_regular_price":14.5,"df_image_link":"https:\/\/www.eliassen.nl\/wp-content\/uploads\/2024\/09\/1000044548-300x226.jpg","image":"https:\/\/www.eliassen.nl\/wp-content\/uploads\/2024\/09\/1000044548-150x150.jpg","price_search":"<span class=\"woocommerce-Price-amount amount\"><bdi><span class=\"woocommerce-Price-currencySymbol\">&euro;<\/span>&nbsp;14,50<\/bdi><\/span>","category":"Glaskunst","global_unique_id":"6096517574558","_links":{"self":[{"href":"https:\/\/www.eliassen.nl\/de\/wp-json\/wp\/v2\/product\/161621","targetHints":{"allow":["GET"]}}],"collection":[{"href":"https:\/\/www.eliassen.nl\/de\/wp-json\/wp\/v2\/product"}],"about":[{"href":"https:\/\/www.eliassen.nl\/de\/wp-json\/wp\/v2\/types\/product"}],"wp:featuredmedia":[{"embeddable":true,"href":"https:\/\/www.eliassen.nl\/de\/wp-json\/wp\/v2\/media\/180213"}],"wp:attachment":[{"href":"https:\/\/www.eliassen.nl\/de\/wp-json\/wp\/v2\/media?parent=161621"}],"wp:term":[{"taxonomy":"product_brand","embeddable":true,"href":"https:\/\/www.eliassen.nl\/de\/wp-json\/wp\/v2\/product_brand?post=161621"},{"taxonomy":"product_cat","embeddable":true,"href":"https:\/\/www.eliassen.nl\/de\/wp-json\/wp\/v2\/product_cat?post=161621"},{"taxonomy":"product_tag","embeddable":true,"href":"https:\/\/www.eliassen.nl\/de\/wp-json\/wp\/v2\/product_tag?post=161621"}],"curies":[{"name":"wp","href":"https:\/\/api.w.org\/{rel}","templated":true}]}}