{"id":161258,"date":"2024-09-23T15:58:37","date_gmt":"2024-09-23T15:58:37","guid":{"rendered":"https:\/\/www.eliassen.nl\/?product=copy-of-tuinsteker-balans-wijze-vogel-met-bril-en-153899734"},"modified":"2025-11-27T16:03:57","modified_gmt":"2025-11-27T15:03:57","slug":"gartenstecker-vogeltranke-metall-mit-vogel-auf-stab-26x127cm","status":"publish","type":"product","link":"https:\/\/www.eliassen.nl\/de\/gartenstecker-vogeltranke-metall-mit-vogel-auf-stab-26x127cm\/","title":{"rendered":"Gartenkrug Vogeltr\u00e4nke Metall mit Vogel auf Stange 26x127cm"},"content":{"rendered":"<p>Ein sch\u00f6ner Artikel f\u00fcr Ihren Garten. Ein Gartenbecher und eine Vogeltr\u00e4nkeschale in einem.<br \/>\nDiese fr\u00f6hliche Gartentasse ist ein lustiges Geschenk oder Mitbringsel.<br \/>\nDer Probenehmer ist mit einem stabilen Stift ausgestattet, so dass er in jeder Art von Boden sicher steht.<br \/>\nWird als Bausatz geliefert.<\/p>\n<ul>\n<li>Farbe: Verschiedenfarbig<\/li>\n<li>Material: Metall<\/li>\n<li>Ma\u00dfe des Tabletts: ca. 26 cm Durchmesser und 5 cm tief<\/li>\n<li>Gesamtma\u00dfe: ca. 26x127cm hoch<\/li>\n<li>Schnelle Lieferung<\/li>\n<li>Eigene Aktie<\/li>\n<li>Hinweis: Dies ist kein Spielzeug!<\/li>\n<\/ul>\n","protected":false},"excerpt":{"rendered":"<p>Hergestellt aus Metall<\/p>\n","protected":false},"featured_media":161243,"template":"","meta":{"_acf_changed":false,"_genesis_title":"","_genesis_description":""},"product_brand":[7505],"product_cat":[851,836,707],"product_tag":[],"class_list":{"0":"post-161258","1":"product","2":"type-product","3":"status-publish","4":"has-post-thumbnail","6":"product_brand-sonstige","7":"product_cat-gartenpfaehle-aus-still","8":"product_cat-gartenstecker","9":"product_cat-vogeltraenken","11":"first","12":"instock","13":"taxable","14":"shipping-taxable","15":"purchasable","16":"product-type-simple"},"acf":[],"meta_all":{"total_sales":"6","wcml_sync_hash":{"postmeta_fields":"0a8c34728e2db1ca3be5a787babd9082"},"attr_label_translations":[]},"meta_all_flat":{"total_sales":"6","wcml_sync_hash.postmeta_fields":"0a8c34728e2db1ca3be5a787babd9082"},"yoast_head":"<!-- This site is optimized with the Yoast SEO Premium plugin v26.2 (Yoast SEO v27.2) - https:\/\/yoast.com\/product\/yoast-seo-premium-wordpress\/ -->\n<title>Gartenkrug Vogel Trinkschale Metall mit Vogel auf Stab 26x127cm Eliasse<\/title>\n<meta name=\"description\" content=\"Sind Sie auf der Suche nach einer Vogeltr\u00e4nke aus Metall? Dieses Modell aus Metall ist ein Gartenstab und eine Vogeltr\u00e4nke in einem.\" \/>\n<meta name=\"robots\" content=\"index, follow, max-snippet:-1, max-image-preview:large, max-video-preview:-1\" \/>\n<link rel=\"canonical\" href=\"https:\/\/www.eliassen.nl\/de\/gartenstecker-vogeltranke-metall-mit-vogel-auf-stab-26x127cm\/\" \/>\n<meta property=\"og:locale\" content=\"de_DE\" \/>\n<meta property=\"og:type\" content=\"article\" \/>\n<meta property=\"og:title\" content=\"Sonstige Gartenkrug Vogeltr\u00e4nke Metall mit Vogel auf Stange 26x127cm - Eliassen.nl\" \/>\n<meta property=\"og:description\" content=\"Sind Sie auf der Suche nach einer Vogeltr\u00e4nke aus Metall? Dieses Modell aus Metall ist ein Gartenstab und eine Vogeltr\u00e4nke in einem.\" \/>\n<meta property=\"og:url\" content=\"https:\/\/www.eliassen.nl\/de\/gartenstecker-vogeltranke-metall-mit-vogel-auf-stab-26x127cm\/\" \/>\n<meta property=\"og:site_name\" content=\"Eliassen.nl\" \/>\n<meta property=\"article:publisher\" content=\"https:\/\/www.facebook.com\/TuincentrumEliassenAmmerzoden\" \/>\n<meta property=\"article:modified_time\" content=\"2025-11-27T15:03:57+00:00\" \/>\n<meta property=\"og:image\" content=\"https:\/\/www.eliassen.nl\/wp-content\/uploads\/2024\/10\/tuinstekervogeldrinkschaalmetaalmetvogelopst.jpg\" \/>\n\t<meta property=\"og:image:width\" content=\"1401\" \/>\n\t<meta property=\"og:image:height\" content=\"1869\" \/>\n\t<meta property=\"og:image:type\" content=\"image\/jpeg\" \/>\n<meta name=\"twitter:card\" content=\"summary_large_image\" \/>\n<script type=\"application\/ld+json\" class=\"yoast-schema-graph\">{\"@context\":\"https:\/\/schema.org\",\"@graph\":[{\"@type\":\"WebPage\",\"@id\":\"https:\/\/www.eliassen.nl\/de\/gartenstecker-vogeltranke-metall-mit-vogel-auf-stab-26x127cm\/\",\"url\":\"https:\/\/www.eliassen.nl\/de\/gartenstecker-vogeltranke-metall-mit-vogel-auf-stab-26x127cm\/\",\"name\":\"Gartenkrug Vogel Trinkschale Metall mit Vogel auf Stab 26x127cm Eliasse\",\"isPartOf\":{\"@id\":\"https:\/\/www.eliassen.nl\/de\/#website\"},\"primaryImageOfPage\":{\"@id\":\"https:\/\/www.eliassen.nl\/de\/gartenstecker-vogeltranke-metall-mit-vogel-auf-stab-26x127cm\/#primaryimage\"},\"image\":{\"@id\":\"https:\/\/www.eliassen.nl\/de\/gartenstecker-vogeltranke-metall-mit-vogel-auf-stab-26x127cm\/#primaryimage\"},\"thumbnailUrl\":\"https:\/\/www.eliassen.nl\/wp-content\/uploads\/2024\/10\/tuinstekervogeldrinkschaalmetaalmetvogelopst.jpg\",\"datePublished\":\"2024-09-23T15:58:37+00:00\",\"dateModified\":\"2025-11-27T15:03:57+00:00\",\"description\":\"Sind Sie auf der Suche nach einer Vogeltr\u00e4nke aus Metall? Dieses Modell aus Metall ist ein Gartenstab und eine Vogeltr\u00e4nke in einem.\",\"breadcrumb\":{\"@id\":\"https:\/\/www.eliassen.nl\/de\/gartenstecker-vogeltranke-metall-mit-vogel-auf-stab-26x127cm\/#breadcrumb\"},\"inLanguage\":\"de\",\"potentialAction\":[{\"@type\":\"ReadAction\",\"target\":[\"https:\/\/www.eliassen.nl\/de\/gartenstecker-vogeltranke-metall-mit-vogel-auf-stab-26x127cm\/\"]}]},{\"@type\":\"ImageObject\",\"inLanguage\":\"de\",\"@id\":\"https:\/\/www.eliassen.nl\/de\/gartenstecker-vogeltranke-metall-mit-vogel-auf-stab-26x127cm\/#primaryimage\",\"url\":\"https:\/\/www.eliassen.nl\/wp-content\/uploads\/2024\/10\/tuinstekervogeldrinkschaalmetaalmetvogelopst.jpg\",\"contentUrl\":\"https:\/\/www.eliassen.nl\/wp-content\/uploads\/2024\/10\/tuinstekervogeldrinkschaalmetaalmetvogelopst.jpg\",\"width\":1401,\"height\":1869,\"caption\":\"Gartenkrug Vogel Trinkschale Metall mit Vogel auf Stab 26x127cm eliassen.co.uk 5\"},{\"@type\":\"BreadcrumbList\",\"@id\":\"https:\/\/www.eliassen.nl\/de\/gartenstecker-vogeltranke-metall-mit-vogel-auf-stab-26x127cm\/#breadcrumb\",\"itemListElement\":[{\"@type\":\"ListItem\",\"position\":1,\"name\":\"Home\",\"item\":\"https:\/\/www.eliassen.nl\/de\/\"},{\"@type\":\"ListItem\",\"position\":2,\"name\":\"Shop\",\"item\":\"https:\/\/www.eliassen.nl\/de\/shop\/\"},{\"@type\":\"ListItem\",\"position\":3,\"name\":\"Gartenstecker\",\"item\":\"https:\/\/www.eliassen.nl\/de\/gartenstecker\/\"},{\"@type\":\"ListItem\",\"position\":4,\"name\":\"Gartenpf\u00e4hle aus still\",\"item\":\"https:\/\/www.eliassen.nl\/de\/gartenstecker\/gartenpfaehle-aus-still\/\"},{\"@type\":\"ListItem\",\"position\":5,\"name\":\"Gartenkrug Vogeltr\u00e4nke Metall mit Vogel auf Stange 26x127cm\"}]},{\"@type\":\"WebSite\",\"@id\":\"https:\/\/www.eliassen.nl\/de\/#website\",\"url\":\"https:\/\/www.eliassen.nl\/de\/\",\"name\":\"Eliassen Home & Garden Pleasure\",\"description\":\"\",\"publisher\":{\"@id\":\"https:\/\/www.eliassen.nl\/de\/#organization\"},\"alternateName\":\"Eliassen.nl\",\"potentialAction\":[{\"@type\":\"SearchAction\",\"target\":{\"@type\":\"EntryPoint\",\"urlTemplate\":\"https:\/\/www.eliassen.nl\/de\/?s={search_term_string}\"},\"query-input\":{\"@type\":\"PropertyValueSpecification\",\"valueRequired\":true,\"valueName\":\"search_term_string\"}}],\"inLanguage\":\"de\"},{\"@type\":[\"Organization\",\"Place\"],\"@id\":\"https:\/\/www.eliassen.nl\/de\/#organization\",\"name\":\"Eliassen Home & Garden Pleasure\",\"url\":\"https:\/\/www.eliassen.nl\/de\/\",\"logo\":{\"@id\":\"https:\/\/www.eliassen.nl\/de\/gartenstecker-vogeltranke-metall-mit-vogel-auf-stab-26x127cm\/#local-main-organization-logo\"},\"image\":{\"@id\":\"https:\/\/www.eliassen.nl\/de\/gartenstecker-vogeltranke-metall-mit-vogel-auf-stab-26x127cm\/#local-main-organization-logo\"},\"sameAs\":[\"https:\/\/www.facebook.com\/TuincentrumEliassenAmmerzoden\",\"https:\/\/www.instagram.com\/eliassenhomeandgarden\/\",\"https:\/\/nl.pinterest.com\/eliassenhomeandgarden\/\",\"https:\/\/www.youtube.com\/@eliassenhomegardenpleasure4558\"],\"telephone\":[],\"openingHoursSpecification\":[{\"@type\":\"OpeningHoursSpecification\",\"dayOfWeek\":[\"Monday\",\"Tuesday\",\"Wednesday\",\"Thursday\",\"Friday\",\"Saturday\",\"Sunday\"],\"opens\":\"09:00\",\"closes\":\"17:00\"}]},{\"@type\":\"ImageObject\",\"inLanguage\":\"de\",\"@id\":\"https:\/\/www.eliassen.nl\/de\/gartenstecker-vogeltranke-metall-mit-vogel-auf-stab-26x127cm\/#local-main-organization-logo\",\"url\":\"https:\/\/www.eliassen.nl\/wp-content\/uploads\/2024\/01\/logo_4nd.jpg\",\"contentUrl\":\"https:\/\/www.eliassen.nl\/wp-content\/uploads\/2024\/01\/logo_4nd.jpg\",\"width\":500,\"height\":500,\"caption\":\"Eliassen Home & Garden Pleasure\"}]}<\/script>\n<meta property=\"product:price:amount\" content=\"39.50\" \/>\n<meta property=\"product:price:currency\" content=\"EUR\" \/>\n<meta property=\"og:availability\" content=\"instock\" \/>\n<meta property=\"product:availability\" content=\"instock\" \/>\n<meta property=\"product:retailer_item_id\" content=\"Yaa325\" \/>\n<meta property=\"product:condition\" content=\"new\" \/>\n<!-- \/ Yoast SEO Premium plugin. -->","yoast_head_json":{"title":"Gartenkrug Vogel Trinkschale Metall mit Vogel auf Stab 26x127cm Eliasse","description":"Sind Sie auf der Suche nach einer Vogeltr\u00e4nke aus Metall? Dieses Modell aus Metall ist ein Gartenstab und eine Vogeltr\u00e4nke in einem.","robots":{"index":"index","follow":"follow","max-snippet":"max-snippet:-1","max-image-preview":"max-image-preview:large","max-video-preview":"max-video-preview:-1"},"canonical":"https:\/\/www.eliassen.nl\/de\/gartenstecker-vogeltranke-metall-mit-vogel-auf-stab-26x127cm\/","og_locale":"de_DE","og_type":"article","og_title":"Sonstige Gartenkrug Vogeltr\u00e4nke Metall mit Vogel auf Stange 26x127cm - Eliassen.nl","og_description":"Sind Sie auf der Suche nach einer Vogeltr\u00e4nke aus Metall? Dieses Modell aus Metall ist ein Gartenstab und eine Vogeltr\u00e4nke in einem.","og_url":"https:\/\/www.eliassen.nl\/de\/gartenstecker-vogeltranke-metall-mit-vogel-auf-stab-26x127cm\/","og_site_name":"Eliassen.nl","article_publisher":"https:\/\/www.facebook.com\/TuincentrumEliassenAmmerzoden","article_modified_time":"2025-11-27T15:03:57+00:00","og_image":[{"width":1401,"height":1869,"url":"https:\/\/www.eliassen.nl\/wp-content\/uploads\/2024\/10\/tuinstekervogeldrinkschaalmetaalmetvogelopst.jpg","type":"image\/jpeg"}],"twitter_card":"summary_large_image","schema":{"@context":"https:\/\/schema.org","@graph":[{"@type":"WebPage","@id":"https:\/\/www.eliassen.nl\/de\/gartenstecker-vogeltranke-metall-mit-vogel-auf-stab-26x127cm\/","url":"https:\/\/www.eliassen.nl\/de\/gartenstecker-vogeltranke-metall-mit-vogel-auf-stab-26x127cm\/","name":"Gartenkrug Vogel Trinkschale Metall mit Vogel auf Stab 26x127cm Eliasse","isPartOf":{"@id":"https:\/\/www.eliassen.nl\/de\/#website"},"primaryImageOfPage":{"@id":"https:\/\/www.eliassen.nl\/de\/gartenstecker-vogeltranke-metall-mit-vogel-auf-stab-26x127cm\/#primaryimage"},"image":{"@id":"https:\/\/www.eliassen.nl\/de\/gartenstecker-vogeltranke-metall-mit-vogel-auf-stab-26x127cm\/#primaryimage"},"thumbnailUrl":"https:\/\/www.eliassen.nl\/wp-content\/uploads\/2024\/10\/tuinstekervogeldrinkschaalmetaalmetvogelopst.jpg","datePublished":"2024-09-23T15:58:37+00:00","dateModified":"2025-11-27T15:03:57+00:00","description":"Sind Sie auf der Suche nach einer Vogeltr\u00e4nke aus Metall? Dieses Modell aus Metall ist ein Gartenstab und eine Vogeltr\u00e4nke in einem.","breadcrumb":{"@id":"https:\/\/www.eliassen.nl\/de\/gartenstecker-vogeltranke-metall-mit-vogel-auf-stab-26x127cm\/#breadcrumb"},"inLanguage":"de","potentialAction":[{"@type":"ReadAction","target":["https:\/\/www.eliassen.nl\/de\/gartenstecker-vogeltranke-metall-mit-vogel-auf-stab-26x127cm\/"]}]},{"@type":"ImageObject","inLanguage":"de","@id":"https:\/\/www.eliassen.nl\/de\/gartenstecker-vogeltranke-metall-mit-vogel-auf-stab-26x127cm\/#primaryimage","url":"https:\/\/www.eliassen.nl\/wp-content\/uploads\/2024\/10\/tuinstekervogeldrinkschaalmetaalmetvogelopst.jpg","contentUrl":"https:\/\/www.eliassen.nl\/wp-content\/uploads\/2024\/10\/tuinstekervogeldrinkschaalmetaalmetvogelopst.jpg","width":1401,"height":1869,"caption":"Gartenkrug Vogel Trinkschale Metall mit Vogel auf Stab 26x127cm eliassen.co.uk 5"},{"@type":"BreadcrumbList","@id":"https:\/\/www.eliassen.nl\/de\/gartenstecker-vogeltranke-metall-mit-vogel-auf-stab-26x127cm\/#breadcrumb","itemListElement":[{"@type":"ListItem","position":1,"name":"Home","item":"https:\/\/www.eliassen.nl\/de\/"},{"@type":"ListItem","position":2,"name":"Shop","item":"https:\/\/www.eliassen.nl\/de\/shop\/"},{"@type":"ListItem","position":3,"name":"Gartenstecker","item":"https:\/\/www.eliassen.nl\/de\/gartenstecker\/"},{"@type":"ListItem","position":4,"name":"Gartenpf\u00e4hle aus still","item":"https:\/\/www.eliassen.nl\/de\/gartenstecker\/gartenpfaehle-aus-still\/"},{"@type":"ListItem","position":5,"name":"Gartenkrug Vogeltr\u00e4nke Metall mit Vogel auf Stange 26x127cm"}]},{"@type":"WebSite","@id":"https:\/\/www.eliassen.nl\/de\/#website","url":"https:\/\/www.eliassen.nl\/de\/","name":"Eliassen Home & Garden Pleasure","description":"","publisher":{"@id":"https:\/\/www.eliassen.nl\/de\/#organization"},"alternateName":"Eliassen.nl","potentialAction":[{"@type":"SearchAction","target":{"@type":"EntryPoint","urlTemplate":"https:\/\/www.eliassen.nl\/de\/?s={search_term_string}"},"query-input":{"@type":"PropertyValueSpecification","valueRequired":true,"valueName":"search_term_string"}}],"inLanguage":"de"},{"@type":["Organization","Place"],"@id":"https:\/\/www.eliassen.nl\/de\/#organization","name":"Eliassen Home & Garden Pleasure","url":"https:\/\/www.eliassen.nl\/de\/","logo":{"@id":"https:\/\/www.eliassen.nl\/de\/gartenstecker-vogeltranke-metall-mit-vogel-auf-stab-26x127cm\/#local-main-organization-logo"},"image":{"@id":"https:\/\/www.eliassen.nl\/de\/gartenstecker-vogeltranke-metall-mit-vogel-auf-stab-26x127cm\/#local-main-organization-logo"},"sameAs":["https:\/\/www.facebook.com\/TuincentrumEliassenAmmerzoden","https:\/\/www.instagram.com\/eliassenhomeandgarden\/","https:\/\/nl.pinterest.com\/eliassenhomeandgarden\/","https:\/\/www.youtube.com\/@eliassenhomegardenpleasure4558"],"telephone":[],"openingHoursSpecification":[{"@type":"OpeningHoursSpecification","dayOfWeek":["Monday","Tuesday","Wednesday","Thursday","Friday","Saturday","Sunday"],"opens":"09:00","closes":"17:00"}]},{"@type":"ImageObject","inLanguage":"de","@id":"https:\/\/www.eliassen.nl\/de\/gartenstecker-vogeltranke-metall-mit-vogel-auf-stab-26x127cm\/#local-main-organization-logo","url":"https:\/\/www.eliassen.nl\/wp-content\/uploads\/2024\/01\/logo_4nd.jpg","contentUrl":"https:\/\/www.eliassen.nl\/wp-content\/uploads\/2024\/01\/logo_4nd.jpg","width":500,"height":500,"caption":"Eliassen Home & Garden Pleasure"}]},"product_price_amount":"39.50","product_price_currency":"EUR","og_availability":"instock","product_availability":"instock","product_retailer_item_id":"Yaa325","product_condition":"new"},"df_price":39.5,"df_sale_price":"","df_regular_price":39.5,"df_image_link":"https:\/\/www.eliassen.nl\/wp-content\/uploads\/2024\/10\/tuinstekervogeldrinkschaalmetaalmetvogelopst.jpg","image":"https:\/\/www.eliassen.nl\/wp-content\/uploads\/2024\/10\/tuinstekervogeldrinkschaalmetaalmetvogelopst.jpg","price_search":"<span class=\"woocommerce-Price-amount amount\"><bdi><span class=\"woocommerce-Price-currencySymbol\">&euro;<\/span>&nbsp;39,50<\/bdi><\/span>","category":"Gartenpf\u00e4hle aus still","global_unique_id":"6096523019050","_links":{"self":[{"href":"https:\/\/www.eliassen.nl\/de\/wp-json\/wp\/v2\/product\/161258","targetHints":{"allow":["GET"]}}],"collection":[{"href":"https:\/\/www.eliassen.nl\/de\/wp-json\/wp\/v2\/product"}],"about":[{"href":"https:\/\/www.eliassen.nl\/de\/wp-json\/wp\/v2\/types\/product"}],"wp:featuredmedia":[{"embeddable":true,"href":"https:\/\/www.eliassen.nl\/de\/wp-json\/wp\/v2\/media\/161243"}],"wp:attachment":[{"href":"https:\/\/www.eliassen.nl\/de\/wp-json\/wp\/v2\/media?parent=161258"}],"wp:term":[{"taxonomy":"product_brand","embeddable":true,"href":"https:\/\/www.eliassen.nl\/de\/wp-json\/wp\/v2\/product_brand?post=161258"},{"taxonomy":"product_cat","embeddable":true,"href":"https:\/\/www.eliassen.nl\/de\/wp-json\/wp\/v2\/product_cat?post=161258"},{"taxonomy":"product_tag","embeddable":true,"href":"https:\/\/www.eliassen.nl\/de\/wp-json\/wp\/v2\/product_tag?post=161258"}],"curies":[{"name":"wp","href":"https:\/\/api.w.org\/{rel}","templated":true}]}}