{"id":160688,"date":"2024-09-19T14:47:34","date_gmt":"2024-09-19T14:47:34","guid":{"rendered":"https:\/\/www.eliassen.nl\/?product=bloem-glas-tulp-30cm-rood"},"modified":"2026-03-02T15:16:58","modified_gmt":"2026-03-02T14:16:58","slug":"blumenglas-tulpe-30cm-rot","status":"publish","type":"product","link":"https:\/\/www.eliassen.nl\/de\/blumenglas-tulpe-30cm-rot\/","title":{"rendered":"Blume Glas Tulpe 30cm rot"},"content":{"rendered":"<p>Wenn Sie ein Liebhaber von Glasobjekten sind, wird Ihnen auch diese rote Tulpe gefallen.<\/p>\n<p>Diese ca. 30 cm lange Glasblume wurde in Europa hergestellt und mit gr\u00f6\u00dfter Sorgfalt und Liebe zum Detail gefertigt.<\/p>\n<p>Wenn Sie sehen, wie d\u00fcnn der Stiel und die Bl\u00fcte gemacht sind, k\u00f6nnen Sie erkennen, dass hier ein echter K\u00fcnstler am Werk war.<\/p>\n<ul>\n<li>Die Gr\u00f6\u00dfen sind immer Ca-Gr\u00f6\u00dfen, bei der Handarbeit ist dies nie exakt.<\/li>\n<li>Das Foto dient nur als Beispiel. Handgefertigte Produkte sind nie gleich.<\/li>\n<li>Praktisch alles aus dieser Sammlung k\u00f6nnen Sie sich auch live ansehen.<\/li>\n<\/ul>\n","protected":false},"excerpt":{"rendered":"<p>Sch\u00f6nes Glaskunstwerk mit einer roten Tulpe.<\/p>\n","protected":false},"featured_media":160682,"template":"","meta":{"_acf_changed":false,"_genesis_title":"","_genesis_description":""},"product_brand":[7505],"product_cat":[818,800],"product_tag":[],"class_list":{"0":"post-160688","1":"product","2":"type-product","3":"status-publish","4":"has-post-thumbnail","6":"product_brand-sonstige","7":"product_cat-blumen-und-fruechte-aus-glas","8":"product_cat-glaskunst","10":"first","11":"instock","12":"taxable","13":"shipping-taxable","14":"purchasable","15":"product-type-simple"},"acf":[],"meta_all":{"total_sales":"4","wcml_sync_hash":{"postmeta_fields":"2afb3df14f620f894810216fd4563db8"},"attr_label_translations":[],"cor_restricted_countries":[]},"meta_all_flat":{"total_sales":"4","wcml_sync_hash.postmeta_fields":"2afb3df14f620f894810216fd4563db8"},"yoast_head":"<!-- This site is optimized with the Yoast SEO Premium plugin v26.2 (Yoast SEO v27.2) - https:\/\/yoast.com\/product\/yoast-seo-premium-wordpress\/ -->\n<title>Blumenglas Tulpe 30cm rot - Eliassen.nl<\/title>\n<meta name=\"description\" content=\"Sind Sie auf der Suche nach dekorativen Glasblumen? Unser Angebot an Glaskunst ist gro\u00df und Sie werden sicher f\u00fcndig. Viele Glasblumen wie Tulpen, Rosen oder Orchideen aus Glas\" \/>\n<meta name=\"robots\" content=\"index, follow, max-snippet:-1, max-image-preview:large, max-video-preview:-1\" \/>\n<link rel=\"canonical\" href=\"https:\/\/www.eliassen.nl\/de\/blumenglas-tulpe-30cm-rot\/\" \/>\n<meta property=\"og:locale\" content=\"de_DE\" \/>\n<meta property=\"og:type\" content=\"article\" \/>\n<meta property=\"og:title\" content=\"Sonstige Blume Glas Tulpe 30cm rot - Eliassen.nl\" \/>\n<meta property=\"og:description\" content=\"Sind Sie auf der Suche nach dekorativen Glasblumen? Unser Angebot an Glaskunst ist gro\u00df und Sie werden sicher f\u00fcndig. Viele Glasblumen wie Tulpen, Rosen oder Orchideen aus Glas\" \/>\n<meta property=\"og:url\" content=\"https:\/\/www.eliassen.nl\/de\/blumenglas-tulpe-30cm-rot\/\" \/>\n<meta property=\"og:site_name\" content=\"Eliassen.nl\" \/>\n<meta property=\"article:publisher\" content=\"https:\/\/www.facebook.com\/TuincentrumEliassenAmmerzoden\" \/>\n<meta property=\"article:modified_time\" content=\"2026-03-02T14:16:58+00:00\" \/>\n<meta property=\"og:image\" content=\"https:\/\/www.eliassen.nl\/wp-content\/uploads\/2024\/10\/prorcpc45im.jpg\" \/>\n\t<meta property=\"og:image:width\" content=\"1152\" \/>\n\t<meta property=\"og:image:height\" content=\"2048\" \/>\n\t<meta property=\"og:image:type\" content=\"image\/jpeg\" \/>\n<meta name=\"twitter:card\" content=\"summary_large_image\" \/>\n<script type=\"application\/ld+json\" class=\"yoast-schema-graph\">{\"@context\":\"https:\/\/schema.org\",\"@graph\":[{\"@type\":\"WebPage\",\"@id\":\"https:\/\/www.eliassen.nl\/de\/blumenglas-tulpe-30cm-rot\/\",\"url\":\"https:\/\/www.eliassen.nl\/de\/blumenglas-tulpe-30cm-rot\/\",\"name\":\"Blumenglas Tulpe 30cm rot - Eliassen.nl\",\"isPartOf\":{\"@id\":\"https:\/\/www.eliassen.nl\/de\/#website\"},\"primaryImageOfPage\":{\"@id\":\"https:\/\/www.eliassen.nl\/de\/blumenglas-tulpe-30cm-rot\/#primaryimage\"},\"image\":{\"@id\":\"https:\/\/www.eliassen.nl\/de\/blumenglas-tulpe-30cm-rot\/#primaryimage\"},\"thumbnailUrl\":\"https:\/\/www.eliassen.nl\/wp-content\/uploads\/2024\/10\/prorcpc45im.jpg\",\"datePublished\":\"2024-09-19T14:47:34+00:00\",\"dateModified\":\"2026-03-02T14:16:58+00:00\",\"description\":\"Sind Sie auf der Suche nach dekorativen Glasblumen? Unser Angebot an Glaskunst ist gro\u00df und Sie werden sicher f\u00fcndig. Viele Glasblumen wie Tulpen, Rosen oder Orchideen aus Glas\",\"breadcrumb\":{\"@id\":\"https:\/\/www.eliassen.nl\/de\/blumenglas-tulpe-30cm-rot\/#breadcrumb\"},\"inLanguage\":\"de\",\"potentialAction\":[{\"@type\":\"ReadAction\",\"target\":[\"https:\/\/www.eliassen.nl\/de\/blumenglas-tulpe-30cm-rot\/\"]}]},{\"@type\":\"ImageObject\",\"inLanguage\":\"de\",\"@id\":\"https:\/\/www.eliassen.nl\/de\/blumenglas-tulpe-30cm-rot\/#primaryimage\",\"url\":\"https:\/\/www.eliassen.nl\/wp-content\/uploads\/2024\/10\/prorcpc45im.jpg\",\"contentUrl\":\"https:\/\/www.eliassen.nl\/wp-content\/uploads\/2024\/10\/prorcpc45im.jpg\",\"width\":1152,\"height\":2048,\"caption\":\"pro-rcPc45IM\"},{\"@type\":\"BreadcrumbList\",\"@id\":\"https:\/\/www.eliassen.nl\/de\/blumenglas-tulpe-30cm-rot\/#breadcrumb\",\"itemListElement\":[{\"@type\":\"ListItem\",\"position\":1,\"name\":\"Home\",\"item\":\"https:\/\/www.eliassen.nl\/de\/\"},{\"@type\":\"ListItem\",\"position\":2,\"name\":\"Shop\",\"item\":\"https:\/\/www.eliassen.nl\/de\/shop\/\"},{\"@type\":\"ListItem\",\"position\":3,\"name\":\"Glaskunst\",\"item\":\"https:\/\/www.eliassen.nl\/de\/glaskunst\/\"},{\"@type\":\"ListItem\",\"position\":4,\"name\":\"Blumen und Fr\u00fcchte aus Glas\",\"item\":\"https:\/\/www.eliassen.nl\/de\/glaskunst\/blumen-und-fruechte-aus-glas\/\"},{\"@type\":\"ListItem\",\"position\":5,\"name\":\"Blume Glas Tulpe 30cm rot\"}]},{\"@type\":\"WebSite\",\"@id\":\"https:\/\/www.eliassen.nl\/de\/#website\",\"url\":\"https:\/\/www.eliassen.nl\/de\/\",\"name\":\"Eliassen Home & Garden Pleasure\",\"description\":\"\",\"publisher\":{\"@id\":\"https:\/\/www.eliassen.nl\/de\/#organization\"},\"alternateName\":\"Eliassen.nl\",\"potentialAction\":[{\"@type\":\"SearchAction\",\"target\":{\"@type\":\"EntryPoint\",\"urlTemplate\":\"https:\/\/www.eliassen.nl\/de\/?s={search_term_string}\"},\"query-input\":{\"@type\":\"PropertyValueSpecification\",\"valueRequired\":true,\"valueName\":\"search_term_string\"}}],\"inLanguage\":\"de\"},{\"@type\":[\"Organization\",\"Place\"],\"@id\":\"https:\/\/www.eliassen.nl\/de\/#organization\",\"name\":\"Eliassen Home & Garden Pleasure\",\"url\":\"https:\/\/www.eliassen.nl\/de\/\",\"logo\":{\"@id\":\"https:\/\/www.eliassen.nl\/de\/blumenglas-tulpe-30cm-rot\/#local-main-organization-logo\"},\"image\":{\"@id\":\"https:\/\/www.eliassen.nl\/de\/blumenglas-tulpe-30cm-rot\/#local-main-organization-logo\"},\"sameAs\":[\"https:\/\/www.facebook.com\/TuincentrumEliassenAmmerzoden\",\"https:\/\/www.instagram.com\/eliassenhomeandgarden\/\",\"https:\/\/nl.pinterest.com\/eliassenhomeandgarden\/\",\"https:\/\/www.youtube.com\/@eliassenhomegardenpleasure4558\"],\"telephone\":[],\"openingHoursSpecification\":[{\"@type\":\"OpeningHoursSpecification\",\"dayOfWeek\":[\"Monday\",\"Tuesday\",\"Wednesday\",\"Thursday\",\"Friday\",\"Saturday\",\"Sunday\"],\"opens\":\"09:00\",\"closes\":\"17:00\"}]},{\"@type\":\"ImageObject\",\"inLanguage\":\"de\",\"@id\":\"https:\/\/www.eliassen.nl\/de\/blumenglas-tulpe-30cm-rot\/#local-main-organization-logo\",\"url\":\"https:\/\/www.eliassen.nl\/wp-content\/uploads\/2024\/01\/logo_4nd.jpg\",\"contentUrl\":\"https:\/\/www.eliassen.nl\/wp-content\/uploads\/2024\/01\/logo_4nd.jpg\",\"width\":500,\"height\":500,\"caption\":\"Eliassen Home & Garden Pleasure\"}]}<\/script>\n<meta property=\"product:price:amount\" content=\"26.50\" \/>\n<meta property=\"product:price:currency\" content=\"EUR\" \/>\n<meta property=\"og:availability\" content=\"instock\" \/>\n<meta property=\"product:availability\" content=\"instock\" \/>\n<meta property=\"product:retailer_item_id\" content=\"tulp rood 30cm mat\" \/>\n<meta property=\"product:condition\" content=\"new\" \/>\n<!-- \/ Yoast SEO Premium plugin. -->","yoast_head_json":{"title":"Blumenglas Tulpe 30cm rot - Eliassen.nl","description":"Sind Sie auf der Suche nach dekorativen Glasblumen? Unser Angebot an Glaskunst ist gro\u00df und Sie werden sicher f\u00fcndig. Viele Glasblumen wie Tulpen, Rosen oder Orchideen aus Glas","robots":{"index":"index","follow":"follow","max-snippet":"max-snippet:-1","max-image-preview":"max-image-preview:large","max-video-preview":"max-video-preview:-1"},"canonical":"https:\/\/www.eliassen.nl\/de\/blumenglas-tulpe-30cm-rot\/","og_locale":"de_DE","og_type":"article","og_title":"Sonstige Blume Glas Tulpe 30cm rot - Eliassen.nl","og_description":"Sind Sie auf der Suche nach dekorativen Glasblumen? Unser Angebot an Glaskunst ist gro\u00df und Sie werden sicher f\u00fcndig. Viele Glasblumen wie Tulpen, Rosen oder Orchideen aus Glas","og_url":"https:\/\/www.eliassen.nl\/de\/blumenglas-tulpe-30cm-rot\/","og_site_name":"Eliassen.nl","article_publisher":"https:\/\/www.facebook.com\/TuincentrumEliassenAmmerzoden","article_modified_time":"2026-03-02T14:16:58+00:00","og_image":[{"width":1152,"height":2048,"url":"https:\/\/www.eliassen.nl\/wp-content\/uploads\/2024\/10\/prorcpc45im.jpg","type":"image\/jpeg"}],"twitter_card":"summary_large_image","schema":{"@context":"https:\/\/schema.org","@graph":[{"@type":"WebPage","@id":"https:\/\/www.eliassen.nl\/de\/blumenglas-tulpe-30cm-rot\/","url":"https:\/\/www.eliassen.nl\/de\/blumenglas-tulpe-30cm-rot\/","name":"Blumenglas Tulpe 30cm rot - Eliassen.nl","isPartOf":{"@id":"https:\/\/www.eliassen.nl\/de\/#website"},"primaryImageOfPage":{"@id":"https:\/\/www.eliassen.nl\/de\/blumenglas-tulpe-30cm-rot\/#primaryimage"},"image":{"@id":"https:\/\/www.eliassen.nl\/de\/blumenglas-tulpe-30cm-rot\/#primaryimage"},"thumbnailUrl":"https:\/\/www.eliassen.nl\/wp-content\/uploads\/2024\/10\/prorcpc45im.jpg","datePublished":"2024-09-19T14:47:34+00:00","dateModified":"2026-03-02T14:16:58+00:00","description":"Sind Sie auf der Suche nach dekorativen Glasblumen? Unser Angebot an Glaskunst ist gro\u00df und Sie werden sicher f\u00fcndig. Viele Glasblumen wie Tulpen, Rosen oder Orchideen aus Glas","breadcrumb":{"@id":"https:\/\/www.eliassen.nl\/de\/blumenglas-tulpe-30cm-rot\/#breadcrumb"},"inLanguage":"de","potentialAction":[{"@type":"ReadAction","target":["https:\/\/www.eliassen.nl\/de\/blumenglas-tulpe-30cm-rot\/"]}]},{"@type":"ImageObject","inLanguage":"de","@id":"https:\/\/www.eliassen.nl\/de\/blumenglas-tulpe-30cm-rot\/#primaryimage","url":"https:\/\/www.eliassen.nl\/wp-content\/uploads\/2024\/10\/prorcpc45im.jpg","contentUrl":"https:\/\/www.eliassen.nl\/wp-content\/uploads\/2024\/10\/prorcpc45im.jpg","width":1152,"height":2048,"caption":"pro-rcPc45IM"},{"@type":"BreadcrumbList","@id":"https:\/\/www.eliassen.nl\/de\/blumenglas-tulpe-30cm-rot\/#breadcrumb","itemListElement":[{"@type":"ListItem","position":1,"name":"Home","item":"https:\/\/www.eliassen.nl\/de\/"},{"@type":"ListItem","position":2,"name":"Shop","item":"https:\/\/www.eliassen.nl\/de\/shop\/"},{"@type":"ListItem","position":3,"name":"Glaskunst","item":"https:\/\/www.eliassen.nl\/de\/glaskunst\/"},{"@type":"ListItem","position":4,"name":"Blumen und Fr\u00fcchte aus Glas","item":"https:\/\/www.eliassen.nl\/de\/glaskunst\/blumen-und-fruechte-aus-glas\/"},{"@type":"ListItem","position":5,"name":"Blume Glas Tulpe 30cm rot"}]},{"@type":"WebSite","@id":"https:\/\/www.eliassen.nl\/de\/#website","url":"https:\/\/www.eliassen.nl\/de\/","name":"Eliassen Home & Garden Pleasure","description":"","publisher":{"@id":"https:\/\/www.eliassen.nl\/de\/#organization"},"alternateName":"Eliassen.nl","potentialAction":[{"@type":"SearchAction","target":{"@type":"EntryPoint","urlTemplate":"https:\/\/www.eliassen.nl\/de\/?s={search_term_string}"},"query-input":{"@type":"PropertyValueSpecification","valueRequired":true,"valueName":"search_term_string"}}],"inLanguage":"de"},{"@type":["Organization","Place"],"@id":"https:\/\/www.eliassen.nl\/de\/#organization","name":"Eliassen Home & Garden Pleasure","url":"https:\/\/www.eliassen.nl\/de\/","logo":{"@id":"https:\/\/www.eliassen.nl\/de\/blumenglas-tulpe-30cm-rot\/#local-main-organization-logo"},"image":{"@id":"https:\/\/www.eliassen.nl\/de\/blumenglas-tulpe-30cm-rot\/#local-main-organization-logo"},"sameAs":["https:\/\/www.facebook.com\/TuincentrumEliassenAmmerzoden","https:\/\/www.instagram.com\/eliassenhomeandgarden\/","https:\/\/nl.pinterest.com\/eliassenhomeandgarden\/","https:\/\/www.youtube.com\/@eliassenhomegardenpleasure4558"],"telephone":[],"openingHoursSpecification":[{"@type":"OpeningHoursSpecification","dayOfWeek":["Monday","Tuesday","Wednesday","Thursday","Friday","Saturday","Sunday"],"opens":"09:00","closes":"17:00"}]},{"@type":"ImageObject","inLanguage":"de","@id":"https:\/\/www.eliassen.nl\/de\/blumenglas-tulpe-30cm-rot\/#local-main-organization-logo","url":"https:\/\/www.eliassen.nl\/wp-content\/uploads\/2024\/01\/logo_4nd.jpg","contentUrl":"https:\/\/www.eliassen.nl\/wp-content\/uploads\/2024\/01\/logo_4nd.jpg","width":500,"height":500,"caption":"Eliassen Home & Garden Pleasure"}]},"product_price_amount":"26.50","product_price_currency":"EUR","og_availability":"instock","product_availability":"instock","product_retailer_item_id":"tulp rood 30cm mat","product_condition":"new"},"df_price":26.5,"df_sale_price":"","df_regular_price":26.5,"df_image_link":"https:\/\/www.eliassen.nl\/wp-content\/uploads\/2024\/10\/prorcpc45im.jpg","image":"https:\/\/www.eliassen.nl\/wp-content\/uploads\/2024\/10\/prorcpc45im.jpg","price_search":"<span class=\"woocommerce-Price-amount amount\"><bdi><span class=\"woocommerce-Price-currencySymbol\">&euro;<\/span>&nbsp;26,50<\/bdi><\/span>","category":"Blumen und Fr\u00fcchte aus Glas","global_unique_id":"6096522910921","_links":{"self":[{"href":"https:\/\/www.eliassen.nl\/de\/wp-json\/wp\/v2\/product\/160688","targetHints":{"allow":["GET"]}}],"collection":[{"href":"https:\/\/www.eliassen.nl\/de\/wp-json\/wp\/v2\/product"}],"about":[{"href":"https:\/\/www.eliassen.nl\/de\/wp-json\/wp\/v2\/types\/product"}],"wp:featuredmedia":[{"embeddable":true,"href":"https:\/\/www.eliassen.nl\/de\/wp-json\/wp\/v2\/media\/160682"}],"wp:attachment":[{"href":"https:\/\/www.eliassen.nl\/de\/wp-json\/wp\/v2\/media?parent=160688"}],"wp:term":[{"taxonomy":"product_brand","embeddable":true,"href":"https:\/\/www.eliassen.nl\/de\/wp-json\/wp\/v2\/product_brand?post=160688"},{"taxonomy":"product_cat","embeddable":true,"href":"https:\/\/www.eliassen.nl\/de\/wp-json\/wp\/v2\/product_cat?post=160688"},{"taxonomy":"product_tag","embeddable":true,"href":"https:\/\/www.eliassen.nl\/de\/wp-json\/wp\/v2\/product_tag?post=160688"}],"curies":[{"name":"wp","href":"https:\/\/api.w.org\/{rel}","templated":true}]}}