{"id":160496,"date":"2024-09-11T20:40:57","date_gmt":"2024-09-11T20:40:57","guid":{"rendered":"https:\/\/www.eliassen.nl\/?product=beeld-brons-modern-3-vogels-44cm"},"modified":"2026-01-16T15:27:44","modified_gmt":"2026-01-16T14:27:44","slug":"beeld-brons-modern-3-vogels-44cm","status":"publish","type":"product","link":"https:\/\/www.eliassen.nl\/de\/beeld-brons-modern-3-vogels-44cm\/","title":{"rendered":"Statue Bronze modern 3 abstrakte V\u00f6gel 44cm"},"content":{"rendered":"<p>Suchen Sie eine Bronzeskulptur in abstrakter Form, die Tiere darstellt? Dann sollten Sie sich diese Bronzestatue mit einzigartigem Design als sch\u00f6ne Erg\u00e4nzung in Ihrem modernen Interieur oder im Freien auf einem sch\u00f6nen modernen Sockel ansehen.<\/p>\n<p>Die Skulptur ist aus hochwertiger Bronze gefertigt. Es wurde mit S\u00e4ure behandelt, wodurch es eine sch\u00f6ne gr\u00fcne Farbe erh\u00e4lt. Die Skulptur besteht aus 3 nach oben gerichteten V\u00f6geln, die jedoch abstrakt gestaltet sind. Die Skulptur wurde dann auf einen Sockel gestellt. Dieser Sockel ist anthrazitfarben und aus Marmor gefertigt. Die Gr\u00f6\u00dfen sind insgesamt inklusive Sockel.<\/p>\n<ul>\n<li>Gr\u00f6\u00dfe: 22x20x44cm hoch<\/li>\n<li>Schnelle Lieferung<\/li>\n<li><strong>Mindestens 500 Bronzeskulpturen k\u00f6nnen auch live in unserem Gesch\u00e4ft besichtigt werden<\/strong><\/li>\n<\/ul>\n","protected":false},"excerpt":{"rendered":"<p>\u2713 Echte hochwertige Bronze \u2713 22x20x44cm hoch<\/p>\n","protected":false},"featured_media":160493,"template":"","meta":{"_acf_changed":false,"_genesis_title":"","_genesis_description":""},"product_brand":[7505],"product_cat":[803,613,620,635,7239],"product_tag":[],"class_list":{"0":"post-160496","1":"product","2":"type-product","3":"status-publish","4":"has-post-thumbnail","6":"product_brand-sonstige","7":"product_cat-abstrakte-statuen-aus-bronze","8":"product_cat-bronzestatuen","9":"product_cat-moderne-bronzestatuen","10":"product_cat-tierstatuen-aus-bronze","11":"product_cat-bilder","13":"first","14":"outofstock","15":"taxable","16":"shipping-taxable","17":"purchasable","18":"product-type-simple"},"acf":[],"meta_all":{"total_sales":"2","wcml_sync_hash":{"postmeta_fields":"aa27f79dbd2607ea8162179e8c5c55ef"},"attr_label_translations":[],"cor_restricted_countries":[]},"meta_all_flat":{"total_sales":"2","wcml_sync_hash.postmeta_fields":"aa27f79dbd2607ea8162179e8c5c55ef"},"yoast_head":"<!-- This site is optimized with the Yoast SEO Premium plugin v26.2 (Yoast SEO v27.2) - https:\/\/yoast.com\/product\/yoast-seo-premium-wordpress\/ -->\n<title>Statue Bronze modern 3 abstrakte V\u00f6gel 44cm - Eliassen.nl<\/title>\n<meta name=\"description\" content=\"Sind Sie auf der Suche nach einer einzigartigen Bronzeskulptur in abstrakter Form? dieses Modell ist gr\u00fcn und hat 3 abstrakte V\u00f6gel abgebildet. Auf Marmorsockel.\" \/>\n<meta name=\"robots\" content=\"index, follow, max-snippet:-1, max-image-preview:large, max-video-preview:-1\" \/>\n<link rel=\"canonical\" href=\"https:\/\/www.eliassen.nl\/de\/beeld-brons-modern-3-vogels-44cm\/\" \/>\n<meta property=\"og:locale\" content=\"de_DE\" \/>\n<meta property=\"og:type\" content=\"article\" \/>\n<meta property=\"og:title\" content=\"Sonstige Statue Bronze modern 3 abstrakte V\u00f6gel 44cm - Eliassen.nl\" \/>\n<meta property=\"og:description\" content=\"Sind Sie auf der Suche nach einer einzigartigen Bronzeskulptur in abstrakter Form? dieses Modell ist gr\u00fcn und hat 3 abstrakte V\u00f6gel abgebildet. Auf Marmorsockel.\" \/>\n<meta property=\"og:url\" content=\"https:\/\/www.eliassen.nl\/de\/beeld-brons-modern-3-vogels-44cm\/\" \/>\n<meta property=\"og:site_name\" content=\"Eliassen.nl\" \/>\n<meta property=\"article:publisher\" content=\"https:\/\/www.facebook.com\/TuincentrumEliassenAmmerzoden\" \/>\n<meta property=\"article:modified_time\" content=\"2026-01-16T14:27:44+00:00\" \/>\n<meta property=\"og:image\" content=\"https:\/\/www.eliassen.nl\/wp-content\/uploads\/2024\/10\/beeldbronsmodern3vogelseliassennlbx32.jpg\" \/>\n\t<meta property=\"og:image:width\" content=\"560\" \/>\n\t<meta property=\"og:image:height\" content=\"560\" \/>\n\t<meta property=\"og:image:type\" content=\"image\/jpeg\" \/>\n<meta name=\"twitter:card\" content=\"summary_large_image\" \/>\n<script type=\"application\/ld+json\" class=\"yoast-schema-graph\">{\"@context\":\"https:\/\/schema.org\",\"@graph\":[{\"@type\":\"WebPage\",\"@id\":\"https:\/\/www.eliassen.nl\/de\/beeld-brons-modern-3-vogels-44cm\/\",\"url\":\"https:\/\/www.eliassen.nl\/de\/beeld-brons-modern-3-vogels-44cm\/\",\"name\":\"Statue Bronze modern 3 abstrakte V\u00f6gel 44cm - Eliassen.nl\",\"isPartOf\":{\"@id\":\"https:\/\/www.eliassen.nl\/de\/#website\"},\"primaryImageOfPage\":{\"@id\":\"https:\/\/www.eliassen.nl\/de\/beeld-brons-modern-3-vogels-44cm\/#primaryimage\"},\"image\":{\"@id\":\"https:\/\/www.eliassen.nl\/de\/beeld-brons-modern-3-vogels-44cm\/#primaryimage\"},\"thumbnailUrl\":\"https:\/\/www.eliassen.nl\/wp-content\/uploads\/2024\/10\/beeldbronsmodern3vogelseliassennlbx32.jpg\",\"datePublished\":\"2024-09-11T20:40:57+00:00\",\"dateModified\":\"2026-01-16T14:27:44+00:00\",\"description\":\"Sind Sie auf der Suche nach einer einzigartigen Bronzeskulptur in abstrakter Form? dieses Modell ist gr\u00fcn und hat 3 abstrakte V\u00f6gel abgebildet. Auf Marmorsockel.\",\"breadcrumb\":{\"@id\":\"https:\/\/www.eliassen.nl\/de\/beeld-brons-modern-3-vogels-44cm\/#breadcrumb\"},\"inLanguage\":\"de\",\"potentialAction\":[{\"@type\":\"ReadAction\",\"target\":[\"https:\/\/www.eliassen.nl\/de\/beeld-brons-modern-3-vogels-44cm\/\"]}]},{\"@type\":\"ImageObject\",\"inLanguage\":\"de\",\"@id\":\"https:\/\/www.eliassen.nl\/de\/beeld-brons-modern-3-vogels-44cm\/#primaryimage\",\"url\":\"https:\/\/www.eliassen.nl\/wp-content\/uploads\/2024\/10\/beeldbronsmodern3vogelseliassennlbx32.jpg\",\"contentUrl\":\"https:\/\/www.eliassen.nl\/wp-content\/uploads\/2024\/10\/beeldbronsmodern3vogelseliassennlbx32.jpg\",\"width\":560,\"height\":560,\"caption\":\"Statue Bronze modern 3 V\u00f6gel Eliassen.nl BX-32\"},{\"@type\":\"BreadcrumbList\",\"@id\":\"https:\/\/www.eliassen.nl\/de\/beeld-brons-modern-3-vogels-44cm\/#breadcrumb\",\"itemListElement\":[{\"@type\":\"ListItem\",\"position\":1,\"name\":\"Home\",\"item\":\"https:\/\/www.eliassen.nl\/de\/\"},{\"@type\":\"ListItem\",\"position\":2,\"name\":\"Shop\",\"item\":\"https:\/\/www.eliassen.nl\/de\/shop\/\"},{\"@type\":\"ListItem\",\"position\":3,\"name\":\"Bilder\",\"item\":\"https:\/\/www.eliassen.nl\/de\/bilder\/\"},{\"@type\":\"ListItem\",\"position\":4,\"name\":\"Statue Bronze modern 3 abstrakte V\u00f6gel 44cm\"}]},{\"@type\":\"WebSite\",\"@id\":\"https:\/\/www.eliassen.nl\/de\/#website\",\"url\":\"https:\/\/www.eliassen.nl\/de\/\",\"name\":\"Eliassen Home & Garden Pleasure\",\"description\":\"\",\"publisher\":{\"@id\":\"https:\/\/www.eliassen.nl\/de\/#organization\"},\"alternateName\":\"Eliassen.nl\",\"potentialAction\":[{\"@type\":\"SearchAction\",\"target\":{\"@type\":\"EntryPoint\",\"urlTemplate\":\"https:\/\/www.eliassen.nl\/de\/?s={search_term_string}\"},\"query-input\":{\"@type\":\"PropertyValueSpecification\",\"valueRequired\":true,\"valueName\":\"search_term_string\"}}],\"inLanguage\":\"de\"},{\"@type\":[\"Organization\",\"Place\"],\"@id\":\"https:\/\/www.eliassen.nl\/de\/#organization\",\"name\":\"Eliassen Home & Garden Pleasure\",\"url\":\"https:\/\/www.eliassen.nl\/de\/\",\"logo\":{\"@id\":\"https:\/\/www.eliassen.nl\/de\/beeld-brons-modern-3-vogels-44cm\/#local-main-organization-logo\"},\"image\":{\"@id\":\"https:\/\/www.eliassen.nl\/de\/beeld-brons-modern-3-vogels-44cm\/#local-main-organization-logo\"},\"sameAs\":[\"https:\/\/www.facebook.com\/TuincentrumEliassenAmmerzoden\",\"https:\/\/www.instagram.com\/eliassenhomeandgarden\/\",\"https:\/\/nl.pinterest.com\/eliassenhomeandgarden\/\",\"https:\/\/www.youtube.com\/@eliassenhomegardenpleasure4558\"],\"telephone\":[],\"openingHoursSpecification\":[{\"@type\":\"OpeningHoursSpecification\",\"dayOfWeek\":[\"Monday\",\"Tuesday\",\"Wednesday\",\"Thursday\",\"Friday\",\"Saturday\",\"Sunday\"],\"opens\":\"09:00\",\"closes\":\"17:00\"}]},{\"@type\":\"ImageObject\",\"inLanguage\":\"de\",\"@id\":\"https:\/\/www.eliassen.nl\/de\/beeld-brons-modern-3-vogels-44cm\/#local-main-organization-logo\",\"url\":\"https:\/\/www.eliassen.nl\/wp-content\/uploads\/2024\/01\/logo_4nd.jpg\",\"contentUrl\":\"https:\/\/www.eliassen.nl\/wp-content\/uploads\/2024\/01\/logo_4nd.jpg\",\"width\":500,\"height\":500,\"caption\":\"Eliassen Home & Garden Pleasure\"}]}<\/script>\n<meta property=\"product:price:amount\" content=\"269.00\" \/>\n<meta property=\"product:price:currency\" content=\"EUR\" \/>\n<meta property=\"og:availability\" content=\"out of stock\" \/>\n<meta property=\"product:availability\" content=\"out of stock\" \/>\n<meta property=\"product:retailer_item_id\" content=\"bx-32\" \/>\n<meta property=\"product:condition\" content=\"new\" \/>\n<!-- \/ Yoast SEO Premium plugin. -->","yoast_head_json":{"title":"Statue Bronze modern 3 abstrakte V\u00f6gel 44cm - Eliassen.nl","description":"Sind Sie auf der Suche nach einer einzigartigen Bronzeskulptur in abstrakter Form? dieses Modell ist gr\u00fcn und hat 3 abstrakte V\u00f6gel abgebildet. Auf Marmorsockel.","robots":{"index":"index","follow":"follow","max-snippet":"max-snippet:-1","max-image-preview":"max-image-preview:large","max-video-preview":"max-video-preview:-1"},"canonical":"https:\/\/www.eliassen.nl\/de\/beeld-brons-modern-3-vogels-44cm\/","og_locale":"de_DE","og_type":"article","og_title":"Sonstige Statue Bronze modern 3 abstrakte V\u00f6gel 44cm - Eliassen.nl","og_description":"Sind Sie auf der Suche nach einer einzigartigen Bronzeskulptur in abstrakter Form? dieses Modell ist gr\u00fcn und hat 3 abstrakte V\u00f6gel abgebildet. Auf Marmorsockel.","og_url":"https:\/\/www.eliassen.nl\/de\/beeld-brons-modern-3-vogels-44cm\/","og_site_name":"Eliassen.nl","article_publisher":"https:\/\/www.facebook.com\/TuincentrumEliassenAmmerzoden","article_modified_time":"2026-01-16T14:27:44+00:00","og_image":[{"width":560,"height":560,"url":"https:\/\/www.eliassen.nl\/wp-content\/uploads\/2024\/10\/beeldbronsmodern3vogelseliassennlbx32.jpg","type":"image\/jpeg"}],"twitter_card":"summary_large_image","schema":{"@context":"https:\/\/schema.org","@graph":[{"@type":"WebPage","@id":"https:\/\/www.eliassen.nl\/de\/beeld-brons-modern-3-vogels-44cm\/","url":"https:\/\/www.eliassen.nl\/de\/beeld-brons-modern-3-vogels-44cm\/","name":"Statue Bronze modern 3 abstrakte V\u00f6gel 44cm - Eliassen.nl","isPartOf":{"@id":"https:\/\/www.eliassen.nl\/de\/#website"},"primaryImageOfPage":{"@id":"https:\/\/www.eliassen.nl\/de\/beeld-brons-modern-3-vogels-44cm\/#primaryimage"},"image":{"@id":"https:\/\/www.eliassen.nl\/de\/beeld-brons-modern-3-vogels-44cm\/#primaryimage"},"thumbnailUrl":"https:\/\/www.eliassen.nl\/wp-content\/uploads\/2024\/10\/beeldbronsmodern3vogelseliassennlbx32.jpg","datePublished":"2024-09-11T20:40:57+00:00","dateModified":"2026-01-16T14:27:44+00:00","description":"Sind Sie auf der Suche nach einer einzigartigen Bronzeskulptur in abstrakter Form? dieses Modell ist gr\u00fcn und hat 3 abstrakte V\u00f6gel abgebildet. Auf Marmorsockel.","breadcrumb":{"@id":"https:\/\/www.eliassen.nl\/de\/beeld-brons-modern-3-vogels-44cm\/#breadcrumb"},"inLanguage":"de","potentialAction":[{"@type":"ReadAction","target":["https:\/\/www.eliassen.nl\/de\/beeld-brons-modern-3-vogels-44cm\/"]}]},{"@type":"ImageObject","inLanguage":"de","@id":"https:\/\/www.eliassen.nl\/de\/beeld-brons-modern-3-vogels-44cm\/#primaryimage","url":"https:\/\/www.eliassen.nl\/wp-content\/uploads\/2024\/10\/beeldbronsmodern3vogelseliassennlbx32.jpg","contentUrl":"https:\/\/www.eliassen.nl\/wp-content\/uploads\/2024\/10\/beeldbronsmodern3vogelseliassennlbx32.jpg","width":560,"height":560,"caption":"Statue Bronze modern 3 V\u00f6gel Eliassen.nl BX-32"},{"@type":"BreadcrumbList","@id":"https:\/\/www.eliassen.nl\/de\/beeld-brons-modern-3-vogels-44cm\/#breadcrumb","itemListElement":[{"@type":"ListItem","position":1,"name":"Home","item":"https:\/\/www.eliassen.nl\/de\/"},{"@type":"ListItem","position":2,"name":"Shop","item":"https:\/\/www.eliassen.nl\/de\/shop\/"},{"@type":"ListItem","position":3,"name":"Bilder","item":"https:\/\/www.eliassen.nl\/de\/bilder\/"},{"@type":"ListItem","position":4,"name":"Statue Bronze modern 3 abstrakte V\u00f6gel 44cm"}]},{"@type":"WebSite","@id":"https:\/\/www.eliassen.nl\/de\/#website","url":"https:\/\/www.eliassen.nl\/de\/","name":"Eliassen Home & Garden Pleasure","description":"","publisher":{"@id":"https:\/\/www.eliassen.nl\/de\/#organization"},"alternateName":"Eliassen.nl","potentialAction":[{"@type":"SearchAction","target":{"@type":"EntryPoint","urlTemplate":"https:\/\/www.eliassen.nl\/de\/?s={search_term_string}"},"query-input":{"@type":"PropertyValueSpecification","valueRequired":true,"valueName":"search_term_string"}}],"inLanguage":"de"},{"@type":["Organization","Place"],"@id":"https:\/\/www.eliassen.nl\/de\/#organization","name":"Eliassen Home & Garden Pleasure","url":"https:\/\/www.eliassen.nl\/de\/","logo":{"@id":"https:\/\/www.eliassen.nl\/de\/beeld-brons-modern-3-vogels-44cm\/#local-main-organization-logo"},"image":{"@id":"https:\/\/www.eliassen.nl\/de\/beeld-brons-modern-3-vogels-44cm\/#local-main-organization-logo"},"sameAs":["https:\/\/www.facebook.com\/TuincentrumEliassenAmmerzoden","https:\/\/www.instagram.com\/eliassenhomeandgarden\/","https:\/\/nl.pinterest.com\/eliassenhomeandgarden\/","https:\/\/www.youtube.com\/@eliassenhomegardenpleasure4558"],"telephone":[],"openingHoursSpecification":[{"@type":"OpeningHoursSpecification","dayOfWeek":["Monday","Tuesday","Wednesday","Thursday","Friday","Saturday","Sunday"],"opens":"09:00","closes":"17:00"}]},{"@type":"ImageObject","inLanguage":"de","@id":"https:\/\/www.eliassen.nl\/de\/beeld-brons-modern-3-vogels-44cm\/#local-main-organization-logo","url":"https:\/\/www.eliassen.nl\/wp-content\/uploads\/2024\/01\/logo_4nd.jpg","contentUrl":"https:\/\/www.eliassen.nl\/wp-content\/uploads\/2024\/01\/logo_4nd.jpg","width":500,"height":500,"caption":"Eliassen Home & Garden Pleasure"}]},"product_price_amount":"269.00","product_price_currency":"EUR","og_availability":"out of stock","product_availability":"out of stock","product_retailer_item_id":"bx-32","product_condition":"new"},"df_price":269,"df_sale_price":"","df_regular_price":269,"df_image_link":"https:\/\/www.eliassen.nl\/wp-content\/uploads\/2024\/10\/beeldbronsmodern3vogelseliassennlbx32.jpg","image":"https:\/\/www.eliassen.nl\/wp-content\/uploads\/2024\/10\/beeldbronsmodern3vogelseliassennlbx32.jpg","price_search":"<span class=\"woocommerce-Price-amount amount\"><bdi><span class=\"woocommerce-Price-currencySymbol\">&euro;<\/span>&nbsp;269,00<\/bdi><\/span>","category":"Abstrakte Bronzestatuen","global_unique_id":"6096528344300","_links":{"self":[{"href":"https:\/\/www.eliassen.nl\/de\/wp-json\/wp\/v2\/product\/160496","targetHints":{"allow":["GET"]}}],"collection":[{"href":"https:\/\/www.eliassen.nl\/de\/wp-json\/wp\/v2\/product"}],"about":[{"href":"https:\/\/www.eliassen.nl\/de\/wp-json\/wp\/v2\/types\/product"}],"wp:featuredmedia":[{"embeddable":true,"href":"https:\/\/www.eliassen.nl\/de\/wp-json\/wp\/v2\/media\/160493"}],"wp:attachment":[{"href":"https:\/\/www.eliassen.nl\/de\/wp-json\/wp\/v2\/media?parent=160496"}],"wp:term":[{"taxonomy":"product_brand","embeddable":true,"href":"https:\/\/www.eliassen.nl\/de\/wp-json\/wp\/v2\/product_brand?post=160496"},{"taxonomy":"product_cat","embeddable":true,"href":"https:\/\/www.eliassen.nl\/de\/wp-json\/wp\/v2\/product_cat?post=160496"},{"taxonomy":"product_tag","embeddable":true,"href":"https:\/\/www.eliassen.nl\/de\/wp-json\/wp\/v2\/product_tag?post=160496"}],"curies":[{"name":"wp","href":"https:\/\/api.w.org\/{rel}","templated":true}]}}