{"id":160472,"date":"2024-09-11T20:35:53","date_gmt":"2024-09-11T20:35:53","guid":{"rendered":"https:\/\/www.eliassen.nl\/?product=beeld-brons-vrouw-op-de-wereld-23cm"},"modified":"2026-01-16T15:28:29","modified_gmt":"2026-01-16T14:28:29","slug":"statue-bronze-dicke-dame-sitzt-auf-einem-bogen-23cm","status":"publish","type":"product","link":"https:\/\/www.eliassen.nl\/de\/statue-bronze-dicke-dame-sitzt-auf-einem-bogen-23cm\/","title":{"rendered":"Statue Bronze dicke Dame sitzt auf einem Bogen 23cm"},"content":{"rendered":"<p>Diese Skulptur aus Bronze ist einzigartig! Eine nackte dicke Dame, die auf einer Schleife sitzt und nach vorne schaut. Die Skulptur hat ein modernes Aussehen und ist etwas abstrakt.<\/p>\n<p>Diese Skulptur passt hervorragend in ein modernes Interieur im Innenbereich oder auf einen Sockel im Freien.<\/p>\n<p>Die Skulptur hat eine gr\u00fcne Farbe, weil sie mit S\u00e4ure behandelt wurde, die ihr die gr\u00fcne Farbe verleiht. Die Statue ist vollst\u00e4ndig aus Bronze gefertigt. Die Statue steht auf einem niedrigen Marmorsockel in runder Form.<\/p>\n<ul>\n<li>Gr\u00f6\u00dfe: 10x22x23cm hoch<\/li>\n<li>Schnelle Lieferung<\/li>\n<li><strong>Mindestens 500 Bronzeskulpturen k\u00f6nnen auch live in unserem Gesch\u00e4ft besichtigt werden<\/strong><\/li>\n<\/ul>\n","protected":false},"excerpt":{"rendered":"<p>\u2713 Echte hochwertige Bronze \u2713 10x22x23cm hoch<\/p>\n","protected":false},"featured_media":160469,"template":"","meta":{"_acf_changed":false,"_genesis_title":"","_genesis_description":""},"product_brand":[7505],"product_cat":[632,613,620,629,7239],"product_tag":[],"class_list":{"0":"post-160472","1":"product","2":"type-product","3":"status-publish","4":"has-post-thumbnail","6":"product_brand-sonstige","7":"product_cat-bilder-von-dicken-frauen","8":"product_cat-bronzestatuen","9":"product_cat-moderne-bronzestatuen","10":"product_cat-nackte-bilder","11":"product_cat-bilder","13":"first","14":"instock","15":"taxable","16":"shipping-taxable","17":"purchasable","18":"product-type-simple"},"acf":[],"meta_all":{"total_sales":"0","wcml_sync_hash":{"postmeta_fields":"336461666fbe5fa3ed7ab16e80df3c74"},"attr_label_translations":[],"cor_restricted_countries":[],"cor_product_price_text_product_level":"","cor_add_text":"","cor_hide_r_add_cart_product_level":"1","cor_product_price_cart_btn_product_level":"","cor_replace_add_to_cart_custom_btn_product_level":"","enbility_product_level_disability":" ","enbility_product_level_exclude_visibility_rules":" "},"meta_all_flat":{"total_sales":"0","wcml_sync_hash.postmeta_fields":"336461666fbe5fa3ed7ab16e80df3c74","cor_product_price_text_product_level":"","cor_add_text":"","cor_hide_r_add_cart_product_level":"1","cor_product_price_cart_btn_product_level":"","cor_replace_add_to_cart_custom_btn_product_level":"","enbility_product_level_disability":" ","enbility_product_level_exclude_visibility_rules":" "},"yoast_head":"<!-- This site is optimized with the Yoast SEO Premium plugin v26.2 (Yoast SEO v27.2) - https:\/\/yoast.com\/product\/yoast-seo-premium-wordpress\/ -->\n<title>Statue Bronze dicke Dame sitzt auf einem Bogen 23cm - Eliassen.nl<\/title>\n<meta name=\"description\" content=\"Statue Bronze Dame auf Bogen Eliassen.nl BX-82 Dieses Modell auf Marmorsockel zeigt eine dicke Dame, die auf einer Schleife in gr\u00fcner Farbe sitzt.\" \/>\n<meta name=\"robots\" content=\"index, follow, max-snippet:-1, max-image-preview:large, max-video-preview:-1\" \/>\n<link rel=\"canonical\" href=\"https:\/\/www.eliassen.nl\/de\/statue-bronze-dicke-dame-sitzt-auf-einem-bogen-23cm\/\" \/>\n<meta property=\"og:locale\" content=\"de_DE\" \/>\n<meta property=\"og:type\" content=\"article\" \/>\n<meta property=\"og:title\" content=\"Sonstige Statue Bronze dicke Dame sitzt auf einem Bogen 23cm - Eliassen.nl\" \/>\n<meta property=\"og:description\" content=\"Statue Bronze Dame auf Bogen Eliassen.nl BX-82 Dieses Modell auf Marmorsockel zeigt eine dicke Dame, die auf einer Schleife in gr\u00fcner Farbe sitzt.\" \/>\n<meta property=\"og:url\" content=\"https:\/\/www.eliassen.nl\/de\/statue-bronze-dicke-dame-sitzt-auf-einem-bogen-23cm\/\" \/>\n<meta property=\"og:site_name\" content=\"Eliassen.nl\" \/>\n<meta property=\"article:publisher\" content=\"https:\/\/www.facebook.com\/TuincentrumEliassenAmmerzoden\" \/>\n<meta property=\"article:modified_time\" content=\"2026-01-16T14:28:29+00:00\" \/>\n<meta property=\"og:image\" content=\"https:\/\/www.eliassen.nl\/wp-content\/uploads\/2024\/10\/beeldbronsdameopboogeliassennlbx82.jpg\" \/>\n\t<meta property=\"og:image:width\" content=\"560\" \/>\n\t<meta property=\"og:image:height\" content=\"560\" \/>\n\t<meta property=\"og:image:type\" content=\"image\/jpeg\" \/>\n<meta name=\"twitter:card\" content=\"summary_large_image\" \/>\n<script type=\"application\/ld+json\" class=\"yoast-schema-graph\">{\"@context\":\"https:\/\/schema.org\",\"@graph\":[{\"@type\":\"WebPage\",\"@id\":\"https:\/\/www.eliassen.nl\/de\/statue-bronze-dicke-dame-sitzt-auf-einem-bogen-23cm\/\",\"url\":\"https:\/\/www.eliassen.nl\/de\/statue-bronze-dicke-dame-sitzt-auf-einem-bogen-23cm\/\",\"name\":\"Statue Bronze dicke Dame sitzt auf einem Bogen 23cm - Eliassen.nl\",\"isPartOf\":{\"@id\":\"https:\/\/www.eliassen.nl\/de\/#website\"},\"primaryImageOfPage\":{\"@id\":\"https:\/\/www.eliassen.nl\/de\/statue-bronze-dicke-dame-sitzt-auf-einem-bogen-23cm\/#primaryimage\"},\"image\":{\"@id\":\"https:\/\/www.eliassen.nl\/de\/statue-bronze-dicke-dame-sitzt-auf-einem-bogen-23cm\/#primaryimage\"},\"thumbnailUrl\":\"https:\/\/www.eliassen.nl\/wp-content\/uploads\/2024\/10\/beeldbronsdameopboogeliassennlbx82.jpg\",\"datePublished\":\"2024-09-11T20:35:53+00:00\",\"dateModified\":\"2026-01-16T14:28:29+00:00\",\"description\":\"Statue Bronze Dame auf Bogen Eliassen.nl BX-82 Dieses Modell auf Marmorsockel zeigt eine dicke Dame, die auf einer Schleife in gr\u00fcner Farbe sitzt.\",\"breadcrumb\":{\"@id\":\"https:\/\/www.eliassen.nl\/de\/statue-bronze-dicke-dame-sitzt-auf-einem-bogen-23cm\/#breadcrumb\"},\"inLanguage\":\"de\",\"potentialAction\":[{\"@type\":\"ReadAction\",\"target\":[\"https:\/\/www.eliassen.nl\/de\/statue-bronze-dicke-dame-sitzt-auf-einem-bogen-23cm\/\"]}]},{\"@type\":\"ImageObject\",\"inLanguage\":\"de\",\"@id\":\"https:\/\/www.eliassen.nl\/de\/statue-bronze-dicke-dame-sitzt-auf-einem-bogen-23cm\/#primaryimage\",\"url\":\"https:\/\/www.eliassen.nl\/wp-content\/uploads\/2024\/10\/beeldbronsdameopboogeliassennlbx82.jpg\",\"contentUrl\":\"https:\/\/www.eliassen.nl\/wp-content\/uploads\/2024\/10\/beeldbronsdameopboogeliassennlbx82.jpg\",\"width\":560,\"height\":560,\"caption\":\"Statue Bronze Dame auf Bogen Eliassen.nl BX-82\"},{\"@type\":\"BreadcrumbList\",\"@id\":\"https:\/\/www.eliassen.nl\/de\/statue-bronze-dicke-dame-sitzt-auf-einem-bogen-23cm\/#breadcrumb\",\"itemListElement\":[{\"@type\":\"ListItem\",\"position\":1,\"name\":\"Home\",\"item\":\"https:\/\/www.eliassen.nl\/de\/\"},{\"@type\":\"ListItem\",\"position\":2,\"name\":\"Shop\",\"item\":\"https:\/\/www.eliassen.nl\/de\/shop\/\"},{\"@type\":\"ListItem\",\"position\":3,\"name\":\"Bronzestatuen\",\"item\":\"https:\/\/www.eliassen.nl\/de\/bronzestatuen\/\"},{\"@type\":\"ListItem\",\"position\":4,\"name\":\"Moderne Bronzestatuen\",\"item\":\"https:\/\/www.eliassen.nl\/de\/bilder\/bronzestatuen\/moderne-bronzestatuen\/\"},{\"@type\":\"ListItem\",\"position\":5,\"name\":\"Statue Bronze dicke Dame sitzt auf einem Bogen 23cm\"}]},{\"@type\":\"WebSite\",\"@id\":\"https:\/\/www.eliassen.nl\/de\/#website\",\"url\":\"https:\/\/www.eliassen.nl\/de\/\",\"name\":\"Eliassen Home & Garden Pleasure\",\"description\":\"\",\"publisher\":{\"@id\":\"https:\/\/www.eliassen.nl\/de\/#organization\"},\"alternateName\":\"Eliassen.nl\",\"potentialAction\":[{\"@type\":\"SearchAction\",\"target\":{\"@type\":\"EntryPoint\",\"urlTemplate\":\"https:\/\/www.eliassen.nl\/de\/?s={search_term_string}\"},\"query-input\":{\"@type\":\"PropertyValueSpecification\",\"valueRequired\":true,\"valueName\":\"search_term_string\"}}],\"inLanguage\":\"de\"},{\"@type\":[\"Organization\",\"Place\"],\"@id\":\"https:\/\/www.eliassen.nl\/de\/#organization\",\"name\":\"Eliassen Home & Garden Pleasure\",\"url\":\"https:\/\/www.eliassen.nl\/de\/\",\"logo\":{\"@id\":\"https:\/\/www.eliassen.nl\/de\/statue-bronze-dicke-dame-sitzt-auf-einem-bogen-23cm\/#local-main-organization-logo\"},\"image\":{\"@id\":\"https:\/\/www.eliassen.nl\/de\/statue-bronze-dicke-dame-sitzt-auf-einem-bogen-23cm\/#local-main-organization-logo\"},\"sameAs\":[\"https:\/\/www.facebook.com\/TuincentrumEliassenAmmerzoden\",\"https:\/\/www.instagram.com\/eliassenhomeandgarden\/\",\"https:\/\/nl.pinterest.com\/eliassenhomeandgarden\/\",\"https:\/\/www.youtube.com\/@eliassenhomegardenpleasure4558\"],\"telephone\":[],\"openingHoursSpecification\":[{\"@type\":\"OpeningHoursSpecification\",\"dayOfWeek\":[\"Monday\",\"Tuesday\",\"Wednesday\",\"Thursday\",\"Friday\",\"Saturday\",\"Sunday\"],\"opens\":\"09:00\",\"closes\":\"17:00\"}]},{\"@type\":\"ImageObject\",\"inLanguage\":\"de\",\"@id\":\"https:\/\/www.eliassen.nl\/de\/statue-bronze-dicke-dame-sitzt-auf-einem-bogen-23cm\/#local-main-organization-logo\",\"url\":\"https:\/\/www.eliassen.nl\/wp-content\/uploads\/2024\/01\/logo_4nd.jpg\",\"contentUrl\":\"https:\/\/www.eliassen.nl\/wp-content\/uploads\/2024\/01\/logo_4nd.jpg\",\"width\":500,\"height\":500,\"caption\":\"Eliassen Home & Garden Pleasure\"}]}<\/script>\n<meta property=\"product:price:amount\" content=\"119.00\" \/>\n<meta property=\"product:price:currency\" content=\"EUR\" \/>\n<meta property=\"og:availability\" content=\"instock\" \/>\n<meta property=\"product:availability\" content=\"instock\" \/>\n<meta property=\"product:retailer_item_id\" content=\"bx-82\" \/>\n<meta property=\"product:condition\" content=\"new\" \/>\n<!-- \/ Yoast SEO Premium plugin. -->","yoast_head_json":{"title":"Statue Bronze dicke Dame sitzt auf einem Bogen 23cm - Eliassen.nl","description":"Statue Bronze Dame auf Bogen Eliassen.nl BX-82 Dieses Modell auf Marmorsockel zeigt eine dicke Dame, die auf einer Schleife in gr\u00fcner Farbe sitzt.","robots":{"index":"index","follow":"follow","max-snippet":"max-snippet:-1","max-image-preview":"max-image-preview:large","max-video-preview":"max-video-preview:-1"},"canonical":"https:\/\/www.eliassen.nl\/de\/statue-bronze-dicke-dame-sitzt-auf-einem-bogen-23cm\/","og_locale":"de_DE","og_type":"article","og_title":"Sonstige Statue Bronze dicke Dame sitzt auf einem Bogen 23cm - Eliassen.nl","og_description":"Statue Bronze Dame auf Bogen Eliassen.nl BX-82 Dieses Modell auf Marmorsockel zeigt eine dicke Dame, die auf einer Schleife in gr\u00fcner Farbe sitzt.","og_url":"https:\/\/www.eliassen.nl\/de\/statue-bronze-dicke-dame-sitzt-auf-einem-bogen-23cm\/","og_site_name":"Eliassen.nl","article_publisher":"https:\/\/www.facebook.com\/TuincentrumEliassenAmmerzoden","article_modified_time":"2026-01-16T14:28:29+00:00","og_image":[{"width":560,"height":560,"url":"https:\/\/www.eliassen.nl\/wp-content\/uploads\/2024\/10\/beeldbronsdameopboogeliassennlbx82.jpg","type":"image\/jpeg"}],"twitter_card":"summary_large_image","schema":{"@context":"https:\/\/schema.org","@graph":[{"@type":"WebPage","@id":"https:\/\/www.eliassen.nl\/de\/statue-bronze-dicke-dame-sitzt-auf-einem-bogen-23cm\/","url":"https:\/\/www.eliassen.nl\/de\/statue-bronze-dicke-dame-sitzt-auf-einem-bogen-23cm\/","name":"Statue Bronze dicke Dame sitzt auf einem Bogen 23cm - Eliassen.nl","isPartOf":{"@id":"https:\/\/www.eliassen.nl\/de\/#website"},"primaryImageOfPage":{"@id":"https:\/\/www.eliassen.nl\/de\/statue-bronze-dicke-dame-sitzt-auf-einem-bogen-23cm\/#primaryimage"},"image":{"@id":"https:\/\/www.eliassen.nl\/de\/statue-bronze-dicke-dame-sitzt-auf-einem-bogen-23cm\/#primaryimage"},"thumbnailUrl":"https:\/\/www.eliassen.nl\/wp-content\/uploads\/2024\/10\/beeldbronsdameopboogeliassennlbx82.jpg","datePublished":"2024-09-11T20:35:53+00:00","dateModified":"2026-01-16T14:28:29+00:00","description":"Statue Bronze Dame auf Bogen Eliassen.nl BX-82 Dieses Modell auf Marmorsockel zeigt eine dicke Dame, die auf einer Schleife in gr\u00fcner Farbe sitzt.","breadcrumb":{"@id":"https:\/\/www.eliassen.nl\/de\/statue-bronze-dicke-dame-sitzt-auf-einem-bogen-23cm\/#breadcrumb"},"inLanguage":"de","potentialAction":[{"@type":"ReadAction","target":["https:\/\/www.eliassen.nl\/de\/statue-bronze-dicke-dame-sitzt-auf-einem-bogen-23cm\/"]}]},{"@type":"ImageObject","inLanguage":"de","@id":"https:\/\/www.eliassen.nl\/de\/statue-bronze-dicke-dame-sitzt-auf-einem-bogen-23cm\/#primaryimage","url":"https:\/\/www.eliassen.nl\/wp-content\/uploads\/2024\/10\/beeldbronsdameopboogeliassennlbx82.jpg","contentUrl":"https:\/\/www.eliassen.nl\/wp-content\/uploads\/2024\/10\/beeldbronsdameopboogeliassennlbx82.jpg","width":560,"height":560,"caption":"Statue Bronze Dame auf Bogen Eliassen.nl BX-82"},{"@type":"BreadcrumbList","@id":"https:\/\/www.eliassen.nl\/de\/statue-bronze-dicke-dame-sitzt-auf-einem-bogen-23cm\/#breadcrumb","itemListElement":[{"@type":"ListItem","position":1,"name":"Home","item":"https:\/\/www.eliassen.nl\/de\/"},{"@type":"ListItem","position":2,"name":"Shop","item":"https:\/\/www.eliassen.nl\/de\/shop\/"},{"@type":"ListItem","position":3,"name":"Bronzestatuen","item":"https:\/\/www.eliassen.nl\/de\/bronzestatuen\/"},{"@type":"ListItem","position":4,"name":"Moderne Bronzestatuen","item":"https:\/\/www.eliassen.nl\/de\/bilder\/bronzestatuen\/moderne-bronzestatuen\/"},{"@type":"ListItem","position":5,"name":"Statue Bronze dicke Dame sitzt auf einem Bogen 23cm"}]},{"@type":"WebSite","@id":"https:\/\/www.eliassen.nl\/de\/#website","url":"https:\/\/www.eliassen.nl\/de\/","name":"Eliassen Home & Garden Pleasure","description":"","publisher":{"@id":"https:\/\/www.eliassen.nl\/de\/#organization"},"alternateName":"Eliassen.nl","potentialAction":[{"@type":"SearchAction","target":{"@type":"EntryPoint","urlTemplate":"https:\/\/www.eliassen.nl\/de\/?s={search_term_string}"},"query-input":{"@type":"PropertyValueSpecification","valueRequired":true,"valueName":"search_term_string"}}],"inLanguage":"de"},{"@type":["Organization","Place"],"@id":"https:\/\/www.eliassen.nl\/de\/#organization","name":"Eliassen Home & Garden Pleasure","url":"https:\/\/www.eliassen.nl\/de\/","logo":{"@id":"https:\/\/www.eliassen.nl\/de\/statue-bronze-dicke-dame-sitzt-auf-einem-bogen-23cm\/#local-main-organization-logo"},"image":{"@id":"https:\/\/www.eliassen.nl\/de\/statue-bronze-dicke-dame-sitzt-auf-einem-bogen-23cm\/#local-main-organization-logo"},"sameAs":["https:\/\/www.facebook.com\/TuincentrumEliassenAmmerzoden","https:\/\/www.instagram.com\/eliassenhomeandgarden\/","https:\/\/nl.pinterest.com\/eliassenhomeandgarden\/","https:\/\/www.youtube.com\/@eliassenhomegardenpleasure4558"],"telephone":[],"openingHoursSpecification":[{"@type":"OpeningHoursSpecification","dayOfWeek":["Monday","Tuesday","Wednesday","Thursday","Friday","Saturday","Sunday"],"opens":"09:00","closes":"17:00"}]},{"@type":"ImageObject","inLanguage":"de","@id":"https:\/\/www.eliassen.nl\/de\/statue-bronze-dicke-dame-sitzt-auf-einem-bogen-23cm\/#local-main-organization-logo","url":"https:\/\/www.eliassen.nl\/wp-content\/uploads\/2024\/01\/logo_4nd.jpg","contentUrl":"https:\/\/www.eliassen.nl\/wp-content\/uploads\/2024\/01\/logo_4nd.jpg","width":500,"height":500,"caption":"Eliassen Home & Garden Pleasure"}]},"product_price_amount":"119.00","product_price_currency":"EUR","og_availability":"instock","product_availability":"instock","product_retailer_item_id":"bx-82","product_condition":"new"},"df_price":119,"df_sale_price":"","df_regular_price":119,"df_image_link":"https:\/\/www.eliassen.nl\/wp-content\/uploads\/2024\/10\/beeldbronsdameopboogeliassennlbx82.jpg","image":"https:\/\/www.eliassen.nl\/wp-content\/uploads\/2024\/10\/beeldbronsdameopboogeliassennlbx82.jpg","price_search":"<span class=\"woocommerce-Price-amount amount\"><bdi><span class=\"woocommerce-Price-currencySymbol\">&euro;<\/span>&nbsp;119,00<\/bdi><\/span>","category":"Bilder von dicken Frauen","global_unique_id":"6096544959984","_links":{"self":[{"href":"https:\/\/www.eliassen.nl\/de\/wp-json\/wp\/v2\/product\/160472","targetHints":{"allow":["GET"]}}],"collection":[{"href":"https:\/\/www.eliassen.nl\/de\/wp-json\/wp\/v2\/product"}],"about":[{"href":"https:\/\/www.eliassen.nl\/de\/wp-json\/wp\/v2\/types\/product"}],"wp:featuredmedia":[{"embeddable":true,"href":"https:\/\/www.eliassen.nl\/de\/wp-json\/wp\/v2\/media\/160469"}],"wp:attachment":[{"href":"https:\/\/www.eliassen.nl\/de\/wp-json\/wp\/v2\/media?parent=160472"}],"wp:term":[{"taxonomy":"product_brand","embeddable":true,"href":"https:\/\/www.eliassen.nl\/de\/wp-json\/wp\/v2\/product_brand?post=160472"},{"taxonomy":"product_cat","embeddable":true,"href":"https:\/\/www.eliassen.nl\/de\/wp-json\/wp\/v2\/product_cat?post=160472"},{"taxonomy":"product_tag","embeddable":true,"href":"https:\/\/www.eliassen.nl\/de\/wp-json\/wp\/v2\/product_tag?post=160472"}],"curies":[{"name":"wp","href":"https:\/\/api.w.org\/{rel}","templated":true}]}}