{"id":160454,"date":"2024-09-09T09:54:40","date_gmt":"2024-09-09T09:54:40","guid":{"rendered":"https:\/\/www.eliassen.nl\/?product=vaas-gekleurd-vrouw-citroen-30cm"},"modified":"2026-03-03T20:54:15","modified_gmt":"2026-03-03T19:54:15","slug":"vase-bunte-frau-zitrone-30cm","status":"publish","type":"product","link":"https:\/\/www.eliassen.nl\/de\/vase-bunte-frau-zitrone-30cm\/","title":{"rendered":"Vase Porzellan Frauenkopf mit Zitrone 30cm"},"content":{"rendered":"<p>Sind Sie auf der Suche nach einer einzigartigen Vase von einem echten K\u00fcnstler? Wenn ja, ist dieses Modell die perfekte Wahl. Diese Vase aus Porzellan wurde in der Tat von der ber\u00fchmten K\u00fcnstlerin Frida Kahlo inspiriert. Sie war bekannt f\u00fcr ihre Blumen und leuchtenden Farben in ihren Werken.<\/p>\n<p>Die Vase zeigt eine bunte junge Dame mit Zitronen im Haar. Mit leichtem Make-up, hellem Haarband, viel Schmuck und einem asiatischen Look. Der Topf enth\u00e4lt viele Farben wie gr\u00fcn, schwarz, gelb und wei\u00dfe Hautfarbe. Die Vase hat eine gl\u00e4nzende Oberfl\u00e4che und ist aus Porzellan gefertigt.<\/p>\n<p>Sie k\u00f6nnen dieses Vasenmodell in Ihrer Wohnung aufstellen, zum Beispiel auf einem Sideboard, Beistelltisch oder einem anderen Tisch. Sie k\u00f6nnen ihn mit oder ohne Blumen aufstellen, aber nur im Innenbereich.<\/p>\n<ul>\n<li>Nur f\u00fcr den Innenbereich, nicht f\u00fcr den Au\u00dfenbereich<\/li>\n<li>Hart gebacken<\/li>\n<li>Ma\u00dfe: 21x18x30cm hoch<\/li>\n<li>Inspiriert von der ber\u00fchmten K\u00fcnstlerin Frida Kahlo<\/li>\n<li>Retro-Look<\/li>\n<\/ul>\n","protected":false},"excerpt":{"rendered":"<p>Hergestellt aus Porzellan \u2713 Inspiriert von Frida Kahlo<\/p>\n","protected":false},"featured_media":160451,"template":"","meta":{"_acf_changed":false,"_genesis_title":"","_genesis_description":""},"product_brand":[6948],"product_cat":[722,725],"product_tag":[],"class_list":{"0":"post-160454","1":"product","2":"type-product","3":"status-publish","4":"has-post-thumbnail","6":"product_brand-homebound-de","7":"product_cat-blumentoepfe-und-pflanzgefaesse","8":"product_cat-vasen-und-toepfe-im-modernen-design","10":"first","11":"instock","12":"taxable","13":"shipping-taxable","14":"purchasable","15":"product-type-simple"},"acf":[],"meta_all":{"total_sales":"5","wcml_sync_hash":{"postmeta_fields":"4ae1f86705d2696270c5fc1b8f3150e8"},"attr_label_translations":[],"cor_restricted_countries":[],"cor_product_price_text_product_level":"","cor_add_text":"","cor_hide_r_add_cart_product_level":"1","cor_product_price_cart_btn_product_level":"","cor_replace_add_to_cart_custom_btn_product_level":"","enbility_product_level_disability":" ","enbility_product_level_exclude_visibility_rules":" "},"meta_all_flat":{"total_sales":"5","wcml_sync_hash.postmeta_fields":"4ae1f86705d2696270c5fc1b8f3150e8","cor_product_price_text_product_level":"","cor_add_text":"","cor_hide_r_add_cart_product_level":"1","cor_product_price_cart_btn_product_level":"","cor_replace_add_to_cart_custom_btn_product_level":"","enbility_product_level_disability":" ","enbility_product_level_exclude_visibility_rules":" "},"yoast_head":"<!-- This site is optimized with the Yoast SEO Premium plugin v26.2 (Yoast SEO v27.2) - https:\/\/yoast.com\/product\/yoast-seo-premium-wordpress\/ -->\n<title>Vase Porzellan Frauenkopf mit Zitrone 30cm - Eliassen.nl<\/title>\n<meta name=\"description\" content=\"Sind Sie auf der Suche nach einer einzigartigen und fr\u00f6hlichen Porzellanvase f\u00fcr den Innenbereich? Dieses Modell einer Frauenkopfvase ist von Frida Kahlo inspiriert.\" \/>\n<meta name=\"robots\" content=\"index, follow, max-snippet:-1, max-image-preview:large, max-video-preview:-1\" \/>\n<link rel=\"canonical\" href=\"https:\/\/www.eliassen.nl\/de\/vase-bunte-frau-zitrone-30cm\/\" \/>\n<meta property=\"og:locale\" content=\"de_DE\" \/>\n<meta property=\"og:type\" content=\"article\" \/>\n<meta property=\"og:title\" content=\"Homebound Vase Porzellan Frauenkopf mit Zitrone 30cm - Eliassen.nl\" \/>\n<meta property=\"og:description\" content=\"Sind Sie auf der Suche nach einer einzigartigen und fr\u00f6hlichen Porzellanvase f\u00fcr den Innenbereich? Dieses Modell einer Frauenkopfvase ist von Frida Kahlo inspiriert.\" \/>\n<meta property=\"og:url\" content=\"https:\/\/www.eliassen.nl\/de\/vase-bunte-frau-zitrone-30cm\/\" \/>\n<meta property=\"og:site_name\" content=\"Eliassen.nl\" \/>\n<meta property=\"article:publisher\" content=\"https:\/\/www.facebook.com\/TuincentrumEliassenAmmerzoden\" \/>\n<meta property=\"article:modified_time\" content=\"2026-03-03T19:54:15+00:00\" \/>\n<meta property=\"og:image\" content=\"https:\/\/www.eliassen.nl\/wp-content\/uploads\/2024\/10\/vaasgekleurdvrouwcitroeneliassennlas6911.jpg\" \/>\n\t<meta property=\"og:image:width\" content=\"1000\" \/>\n\t<meta property=\"og:image:height\" content=\"1000\" \/>\n\t<meta property=\"og:image:type\" content=\"image\/jpeg\" \/>\n<meta name=\"twitter:card\" content=\"summary_large_image\" \/>\n<script type=\"application\/ld+json\" class=\"yoast-schema-graph\">{\"@context\":\"https:\/\/schema.org\",\"@graph\":[{\"@type\":\"WebPage\",\"@id\":\"https:\/\/www.eliassen.nl\/de\/vase-bunte-frau-zitrone-30cm\/\",\"url\":\"https:\/\/www.eliassen.nl\/de\/vase-bunte-frau-zitrone-30cm\/\",\"name\":\"Vase Porzellan Frauenkopf mit Zitrone 30cm - Eliassen.nl\",\"isPartOf\":{\"@id\":\"https:\/\/www.eliassen.nl\/de\/#website\"},\"primaryImageOfPage\":{\"@id\":\"https:\/\/www.eliassen.nl\/de\/vase-bunte-frau-zitrone-30cm\/#primaryimage\"},\"image\":{\"@id\":\"https:\/\/www.eliassen.nl\/de\/vase-bunte-frau-zitrone-30cm\/#primaryimage\"},\"thumbnailUrl\":\"https:\/\/www.eliassen.nl\/wp-content\/uploads\/2024\/10\/vaasgekleurdvrouwcitroeneliassennlas6911.jpg\",\"datePublished\":\"2024-09-09T09:54:40+00:00\",\"dateModified\":\"2026-03-03T19:54:15+00:00\",\"description\":\"Sind Sie auf der Suche nach einer einzigartigen und fr\u00f6hlichen Porzellanvase f\u00fcr den Innenbereich? Dieses Modell einer Frauenkopfvase ist von Frida Kahlo inspiriert.\",\"breadcrumb\":{\"@id\":\"https:\/\/www.eliassen.nl\/de\/vase-bunte-frau-zitrone-30cm\/#breadcrumb\"},\"inLanguage\":\"de\",\"potentialAction\":[{\"@type\":\"ReadAction\",\"target\":[\"https:\/\/www.eliassen.nl\/de\/vase-bunte-frau-zitrone-30cm\/\"]}]},{\"@type\":\"ImageObject\",\"inLanguage\":\"de\",\"@id\":\"https:\/\/www.eliassen.nl\/de\/vase-bunte-frau-zitrone-30cm\/#primaryimage\",\"url\":\"https:\/\/www.eliassen.nl\/wp-content\/uploads\/2024\/10\/vaasgekleurdvrouwcitroeneliassennlas6911.jpg\",\"contentUrl\":\"https:\/\/www.eliassen.nl\/wp-content\/uploads\/2024\/10\/vaasgekleurdvrouwcitroeneliassennlas6911.jpg\",\"width\":1000,\"height\":1000,\"caption\":\"Vase farbige Frau Zitrone Eliassen.nl as6911\"},{\"@type\":\"BreadcrumbList\",\"@id\":\"https:\/\/www.eliassen.nl\/de\/vase-bunte-frau-zitrone-30cm\/#breadcrumb\",\"itemListElement\":[{\"@type\":\"ListItem\",\"position\":1,\"name\":\"Home\",\"item\":\"https:\/\/www.eliassen.nl\/de\/\"},{\"@type\":\"ListItem\",\"position\":2,\"name\":\"Shop\",\"item\":\"https:\/\/www.eliassen.nl\/de\/shop\/\"},{\"@type\":\"ListItem\",\"position\":3,\"name\":\"Blument\u00f6pfe und Pflanzgef\u00e4\u00dfe\",\"item\":\"https:\/\/www.eliassen.nl\/de\/blumentoepfe-und-pflanzgefaesse\/\"},{\"@type\":\"ListItem\",\"position\":4,\"name\":\"Vase Porzellan Frauenkopf mit Zitrone 30cm\"}]},{\"@type\":\"WebSite\",\"@id\":\"https:\/\/www.eliassen.nl\/de\/#website\",\"url\":\"https:\/\/www.eliassen.nl\/de\/\",\"name\":\"Eliassen Home & Garden Pleasure\",\"description\":\"\",\"publisher\":{\"@id\":\"https:\/\/www.eliassen.nl\/de\/#organization\"},\"alternateName\":\"Eliassen.nl\",\"potentialAction\":[{\"@type\":\"SearchAction\",\"target\":{\"@type\":\"EntryPoint\",\"urlTemplate\":\"https:\/\/www.eliassen.nl\/de\/?s={search_term_string}\"},\"query-input\":{\"@type\":\"PropertyValueSpecification\",\"valueRequired\":true,\"valueName\":\"search_term_string\"}}],\"inLanguage\":\"de\"},{\"@type\":[\"Organization\",\"Place\"],\"@id\":\"https:\/\/www.eliassen.nl\/de\/#organization\",\"name\":\"Eliassen Home & Garden Pleasure\",\"url\":\"https:\/\/www.eliassen.nl\/de\/\",\"logo\":{\"@id\":\"https:\/\/www.eliassen.nl\/de\/vase-bunte-frau-zitrone-30cm\/#local-main-organization-logo\"},\"image\":{\"@id\":\"https:\/\/www.eliassen.nl\/de\/vase-bunte-frau-zitrone-30cm\/#local-main-organization-logo\"},\"sameAs\":[\"https:\/\/www.facebook.com\/TuincentrumEliassenAmmerzoden\",\"https:\/\/www.instagram.com\/eliassenhomeandgarden\/\",\"https:\/\/nl.pinterest.com\/eliassenhomeandgarden\/\",\"https:\/\/www.youtube.com\/@eliassenhomegardenpleasure4558\"],\"telephone\":[],\"openingHoursSpecification\":[{\"@type\":\"OpeningHoursSpecification\",\"dayOfWeek\":[\"Monday\",\"Tuesday\",\"Wednesday\",\"Thursday\",\"Friday\",\"Saturday\",\"Sunday\"],\"opens\":\"09:00\",\"closes\":\"17:00\"}]},{\"@type\":\"ImageObject\",\"inLanguage\":\"de\",\"@id\":\"https:\/\/www.eliassen.nl\/de\/vase-bunte-frau-zitrone-30cm\/#local-main-organization-logo\",\"url\":\"https:\/\/www.eliassen.nl\/wp-content\/uploads\/2024\/01\/logo_4nd.jpg\",\"contentUrl\":\"https:\/\/www.eliassen.nl\/wp-content\/uploads\/2024\/01\/logo_4nd.jpg\",\"width\":500,\"height\":500,\"caption\":\"Eliassen Home & Garden Pleasure\"}]}<\/script>\n<meta property=\"product:price:amount\" content=\"39.95\" \/>\n<meta property=\"product:price:currency\" content=\"EUR\" \/>\n<meta property=\"og:availability\" content=\"instock\" \/>\n<meta property=\"product:availability\" content=\"instock\" \/>\n<meta property=\"product:retailer_item_id\" content=\"as6911\" \/>\n<meta property=\"product:condition\" content=\"new\" \/>\n<!-- \/ Yoast SEO Premium plugin. -->","yoast_head_json":{"title":"Vase Porzellan Frauenkopf mit Zitrone 30cm - Eliassen.nl","description":"Sind Sie auf der Suche nach einer einzigartigen und fr\u00f6hlichen Porzellanvase f\u00fcr den Innenbereich? Dieses Modell einer Frauenkopfvase ist von Frida Kahlo inspiriert.","robots":{"index":"index","follow":"follow","max-snippet":"max-snippet:-1","max-image-preview":"max-image-preview:large","max-video-preview":"max-video-preview:-1"},"canonical":"https:\/\/www.eliassen.nl\/de\/vase-bunte-frau-zitrone-30cm\/","og_locale":"de_DE","og_type":"article","og_title":"Homebound Vase Porzellan Frauenkopf mit Zitrone 30cm - Eliassen.nl","og_description":"Sind Sie auf der Suche nach einer einzigartigen und fr\u00f6hlichen Porzellanvase f\u00fcr den Innenbereich? Dieses Modell einer Frauenkopfvase ist von Frida Kahlo inspiriert.","og_url":"https:\/\/www.eliassen.nl\/de\/vase-bunte-frau-zitrone-30cm\/","og_site_name":"Eliassen.nl","article_publisher":"https:\/\/www.facebook.com\/TuincentrumEliassenAmmerzoden","article_modified_time":"2026-03-03T19:54:15+00:00","og_image":[{"width":1000,"height":1000,"url":"https:\/\/www.eliassen.nl\/wp-content\/uploads\/2024\/10\/vaasgekleurdvrouwcitroeneliassennlas6911.jpg","type":"image\/jpeg"}],"twitter_card":"summary_large_image","schema":{"@context":"https:\/\/schema.org","@graph":[{"@type":"WebPage","@id":"https:\/\/www.eliassen.nl\/de\/vase-bunte-frau-zitrone-30cm\/","url":"https:\/\/www.eliassen.nl\/de\/vase-bunte-frau-zitrone-30cm\/","name":"Vase Porzellan Frauenkopf mit Zitrone 30cm - Eliassen.nl","isPartOf":{"@id":"https:\/\/www.eliassen.nl\/de\/#website"},"primaryImageOfPage":{"@id":"https:\/\/www.eliassen.nl\/de\/vase-bunte-frau-zitrone-30cm\/#primaryimage"},"image":{"@id":"https:\/\/www.eliassen.nl\/de\/vase-bunte-frau-zitrone-30cm\/#primaryimage"},"thumbnailUrl":"https:\/\/www.eliassen.nl\/wp-content\/uploads\/2024\/10\/vaasgekleurdvrouwcitroeneliassennlas6911.jpg","datePublished":"2024-09-09T09:54:40+00:00","dateModified":"2026-03-03T19:54:15+00:00","description":"Sind Sie auf der Suche nach einer einzigartigen und fr\u00f6hlichen Porzellanvase f\u00fcr den Innenbereich? Dieses Modell einer Frauenkopfvase ist von Frida Kahlo inspiriert.","breadcrumb":{"@id":"https:\/\/www.eliassen.nl\/de\/vase-bunte-frau-zitrone-30cm\/#breadcrumb"},"inLanguage":"de","potentialAction":[{"@type":"ReadAction","target":["https:\/\/www.eliassen.nl\/de\/vase-bunte-frau-zitrone-30cm\/"]}]},{"@type":"ImageObject","inLanguage":"de","@id":"https:\/\/www.eliassen.nl\/de\/vase-bunte-frau-zitrone-30cm\/#primaryimage","url":"https:\/\/www.eliassen.nl\/wp-content\/uploads\/2024\/10\/vaasgekleurdvrouwcitroeneliassennlas6911.jpg","contentUrl":"https:\/\/www.eliassen.nl\/wp-content\/uploads\/2024\/10\/vaasgekleurdvrouwcitroeneliassennlas6911.jpg","width":1000,"height":1000,"caption":"Vase farbige Frau Zitrone Eliassen.nl as6911"},{"@type":"BreadcrumbList","@id":"https:\/\/www.eliassen.nl\/de\/vase-bunte-frau-zitrone-30cm\/#breadcrumb","itemListElement":[{"@type":"ListItem","position":1,"name":"Home","item":"https:\/\/www.eliassen.nl\/de\/"},{"@type":"ListItem","position":2,"name":"Shop","item":"https:\/\/www.eliassen.nl\/de\/shop\/"},{"@type":"ListItem","position":3,"name":"Blument\u00f6pfe und Pflanzgef\u00e4\u00dfe","item":"https:\/\/www.eliassen.nl\/de\/blumentoepfe-und-pflanzgefaesse\/"},{"@type":"ListItem","position":4,"name":"Vase Porzellan Frauenkopf mit Zitrone 30cm"}]},{"@type":"WebSite","@id":"https:\/\/www.eliassen.nl\/de\/#website","url":"https:\/\/www.eliassen.nl\/de\/","name":"Eliassen Home & Garden Pleasure","description":"","publisher":{"@id":"https:\/\/www.eliassen.nl\/de\/#organization"},"alternateName":"Eliassen.nl","potentialAction":[{"@type":"SearchAction","target":{"@type":"EntryPoint","urlTemplate":"https:\/\/www.eliassen.nl\/de\/?s={search_term_string}"},"query-input":{"@type":"PropertyValueSpecification","valueRequired":true,"valueName":"search_term_string"}}],"inLanguage":"de"},{"@type":["Organization","Place"],"@id":"https:\/\/www.eliassen.nl\/de\/#organization","name":"Eliassen Home & Garden Pleasure","url":"https:\/\/www.eliassen.nl\/de\/","logo":{"@id":"https:\/\/www.eliassen.nl\/de\/vase-bunte-frau-zitrone-30cm\/#local-main-organization-logo"},"image":{"@id":"https:\/\/www.eliassen.nl\/de\/vase-bunte-frau-zitrone-30cm\/#local-main-organization-logo"},"sameAs":["https:\/\/www.facebook.com\/TuincentrumEliassenAmmerzoden","https:\/\/www.instagram.com\/eliassenhomeandgarden\/","https:\/\/nl.pinterest.com\/eliassenhomeandgarden\/","https:\/\/www.youtube.com\/@eliassenhomegardenpleasure4558"],"telephone":[],"openingHoursSpecification":[{"@type":"OpeningHoursSpecification","dayOfWeek":["Monday","Tuesday","Wednesday","Thursday","Friday","Saturday","Sunday"],"opens":"09:00","closes":"17:00"}]},{"@type":"ImageObject","inLanguage":"de","@id":"https:\/\/www.eliassen.nl\/de\/vase-bunte-frau-zitrone-30cm\/#local-main-organization-logo","url":"https:\/\/www.eliassen.nl\/wp-content\/uploads\/2024\/01\/logo_4nd.jpg","contentUrl":"https:\/\/www.eliassen.nl\/wp-content\/uploads\/2024\/01\/logo_4nd.jpg","width":500,"height":500,"caption":"Eliassen Home & Garden Pleasure"}]},"product_price_amount":"39.95","product_price_currency":"EUR","og_availability":"instock","product_availability":"instock","product_retailer_item_id":"as6911","product_condition":"new"},"df_price":39.95,"df_sale_price":"","df_regular_price":39.95,"df_image_link":"https:\/\/www.eliassen.nl\/wp-content\/uploads\/2024\/10\/vaasgekleurdvrouwcitroeneliassennlas6911.jpg","image":"https:\/\/www.eliassen.nl\/wp-content\/uploads\/2024\/10\/vaasgekleurdvrouwcitroeneliassennlas6911.jpg","price_search":"<span class=\"woocommerce-Price-amount amount\"><bdi><span class=\"woocommerce-Price-currencySymbol\">&euro;<\/span>&nbsp;39,95<\/bdi><\/span>","category":"Blument\u00f6pfe und Pflanzgef\u00e4\u00dfe","global_unique_id":"8719097046410","_links":{"self":[{"href":"https:\/\/www.eliassen.nl\/de\/wp-json\/wp\/v2\/product\/160454","targetHints":{"allow":["GET"]}}],"collection":[{"href":"https:\/\/www.eliassen.nl\/de\/wp-json\/wp\/v2\/product"}],"about":[{"href":"https:\/\/www.eliassen.nl\/de\/wp-json\/wp\/v2\/types\/product"}],"wp:featuredmedia":[{"embeddable":true,"href":"https:\/\/www.eliassen.nl\/de\/wp-json\/wp\/v2\/media\/160451"}],"wp:attachment":[{"href":"https:\/\/www.eliassen.nl\/de\/wp-json\/wp\/v2\/media?parent=160454"}],"wp:term":[{"taxonomy":"product_brand","embeddable":true,"href":"https:\/\/www.eliassen.nl\/de\/wp-json\/wp\/v2\/product_brand?post=160454"},{"taxonomy":"product_cat","embeddable":true,"href":"https:\/\/www.eliassen.nl\/de\/wp-json\/wp\/v2\/product_cat?post=160454"},{"taxonomy":"product_tag","embeddable":true,"href":"https:\/\/www.eliassen.nl\/de\/wp-json\/wp\/v2\/product_tag?post=160454"}],"curies":[{"name":"wp","href":"https:\/\/api.w.org\/{rel}","templated":true}]}}