{"id":160427,"date":"2024-09-05T19:17:46","date_gmt":"2024-09-05T19:17:46","guid":{"rendered":"https:\/\/www.eliassen.nl\/?product=windgong-metaal-lieveheers-beestjes-65cm"},"modified":"2026-01-16T15:27:12","modified_gmt":"2026-01-16T14:27:12","slug":"windspiel-metall-marienkaefer-65cm","status":"publish","type":"product","link":"https:\/\/www.eliassen.nl\/de\/windspiel-metall-marienkaefer-65cm\/","title":{"rendered":"Windspiel Metall Marienk\u00e4fer 65cm"},"content":{"rendered":"<p>Sind Sie auf der Suche nach einer sch\u00f6nen Dekoration f\u00fcr Ihren Garten? Dann ist ein Windspiel eine sch\u00f6ne Idee.<br \/>\nMit einem Windspiel erhalten Sie einen fr\u00f6hlichen Klang in Ihrem Garten. Denn wenn der Wind weht, setzt er sich in Bewegung und die Schmetterlinge kommen in Bewegung. Der Klang, der dann zu h\u00f6ren ist, variiert von einem Windspiel zum anderen und von einer Sorte zur anderen. Viele Menschen empfinden mehr Ruhe und Gem\u00fctlichkeit, wenn sie ein Windspiel in ihrem Garten h\u00e4ngen haben.<\/p>\n<p>Dieses Windspiel ist aus Metall gefertigt und besteht aus mehreren Marienk\u00e4fern in roten und schwarzen Farben. Diese Marienk\u00e4fer h\u00e4ngen in Reihen in unterschiedlicher H\u00f6he herab.<\/p>\n<ul>\n<li>Handgemacht<\/li>\n<li>Schnelle Lieferung<\/li>\n<li>Abmessungen: 20x1x65cm hoch<\/li>\n<\/ul>\n","protected":false},"excerpt":{"rendered":"<p>\u2713 Handgemacht<\/p>\n","protected":false},"featured_media":160424,"template":"","meta":{"_acf_changed":false,"_genesis_title":"","_genesis_description":""},"product_brand":[7505],"product_cat":[665,659,836],"product_tag":[],"class_list":{"0":"post-160427","1":"product","2":"type-product","3":"status-publish","4":"has-post-thumbnail","6":"product_brand-sonstige","7":"product_cat-dekofiguren-aus-metall","8":"product_cat-dekoration-aus-metall","9":"product_cat-gartenstecker","11":"first","12":"instock","13":"taxable","14":"shipping-taxable","15":"purchasable","16":"product-type-simple"},"acf":[],"meta_all":{"total_sales":"1","wcml_sync_hash":{"postmeta_fields":"2f3437c59c51ec3bb17bfeaddd147a03"},"attr_label_translations":[],"cor_restricted_countries":[],"cor_product_price_text_product_level":"","cor_add_text":"","cor_hide_r_add_cart_product_level":"1","cor_product_price_cart_btn_product_level":"","cor_replace_add_to_cart_custom_btn_product_level":"","enbility_product_level_disability":" ","enbility_product_level_exclude_visibility_rules":" "},"meta_all_flat":{"total_sales":"1","wcml_sync_hash.postmeta_fields":"2f3437c59c51ec3bb17bfeaddd147a03","cor_product_price_text_product_level":"","cor_add_text":"","cor_hide_r_add_cart_product_level":"1","cor_product_price_cart_btn_product_level":"","cor_replace_add_to_cart_custom_btn_product_level":"","enbility_product_level_disability":" ","enbility_product_level_exclude_visibility_rules":" "},"yoast_head":"<!-- This site is optimized with the Yoast SEO Premium plugin v26.2 (Yoast SEO v27.2) - https:\/\/yoast.com\/product\/yoast-seo-premium-wordpress\/ -->\n<title>Windspiel Metall Marienk\u00e4fer 65cm - Eliassen.nl<\/title>\n<meta name=\"description\" content=\"Sind Sie auf der Suche nach mehr Fr\u00f6hlichkeit in Ihrem Garten? Dieses handgefertigte Windspiel mit Marienk\u00e4fern in Rot-Schwarz ist eine fr\u00f6hliche Erg\u00e4nzung.\" \/>\n<meta name=\"robots\" content=\"index, follow, max-snippet:-1, max-image-preview:large, max-video-preview:-1\" \/>\n<link rel=\"canonical\" href=\"https:\/\/www.eliassen.nl\/de\/windspiel-metall-marienkaefer-65cm\/\" \/>\n<meta property=\"og:locale\" content=\"de_DE\" \/>\n<meta property=\"og:type\" content=\"article\" \/>\n<meta property=\"og:title\" content=\"Sonstige Windspiel Metall Marienk\u00e4fer 65cm - Eliassen.nl\" \/>\n<meta property=\"og:description\" content=\"Sind Sie auf der Suche nach mehr Fr\u00f6hlichkeit in Ihrem Garten? Dieses handgefertigte Windspiel mit Marienk\u00e4fern in Rot-Schwarz ist eine fr\u00f6hliche Erg\u00e4nzung.\" \/>\n<meta property=\"og:url\" content=\"https:\/\/www.eliassen.nl\/de\/windspiel-metall-marienkaefer-65cm\/\" \/>\n<meta property=\"og:site_name\" content=\"Eliassen.nl\" \/>\n<meta property=\"article:publisher\" content=\"https:\/\/www.facebook.com\/TuincentrumEliassenAmmerzoden\" \/>\n<meta property=\"article:modified_time\" content=\"2026-01-16T14:27:12+00:00\" \/>\n<meta property=\"og:image\" content=\"https:\/\/www.eliassen.nl\/wp-content\/uploads\/2024\/10\/windgonglieveheersbeestjeseliassennlmd16237.jpg\" \/>\n\t<meta property=\"og:image:width\" content=\"540\" \/>\n\t<meta property=\"og:image:height\" content=\"699\" \/>\n\t<meta property=\"og:image:type\" content=\"image\/jpeg\" \/>\n<meta name=\"twitter:card\" content=\"summary_large_image\" \/>\n<script type=\"application\/ld+json\" class=\"yoast-schema-graph\">{\"@context\":\"https:\/\/schema.org\",\"@graph\":[{\"@type\":\"WebPage\",\"@id\":\"https:\/\/www.eliassen.nl\/de\/windspiel-metall-marienkaefer-65cm\/\",\"url\":\"https:\/\/www.eliassen.nl\/de\/windspiel-metall-marienkaefer-65cm\/\",\"name\":\"Windspiel Metall Marienk\u00e4fer 65cm - Eliassen.nl\",\"isPartOf\":{\"@id\":\"https:\/\/www.eliassen.nl\/de\/#website\"},\"primaryImageOfPage\":{\"@id\":\"https:\/\/www.eliassen.nl\/de\/windspiel-metall-marienkaefer-65cm\/#primaryimage\"},\"image\":{\"@id\":\"https:\/\/www.eliassen.nl\/de\/windspiel-metall-marienkaefer-65cm\/#primaryimage\"},\"thumbnailUrl\":\"https:\/\/www.eliassen.nl\/wp-content\/uploads\/2024\/10\/windgonglieveheersbeestjeseliassennlmd16237.jpg\",\"datePublished\":\"2024-09-05T19:17:46+00:00\",\"dateModified\":\"2026-01-16T14:27:12+00:00\",\"description\":\"Sind Sie auf der Suche nach mehr Fr\u00f6hlichkeit in Ihrem Garten? Dieses handgefertigte Windspiel mit Marienk\u00e4fern in Rot-Schwarz ist eine fr\u00f6hliche Erg\u00e4nzung.\",\"breadcrumb\":{\"@id\":\"https:\/\/www.eliassen.nl\/de\/windspiel-metall-marienkaefer-65cm\/#breadcrumb\"},\"inLanguage\":\"de\",\"potentialAction\":[{\"@type\":\"ReadAction\",\"target\":[\"https:\/\/www.eliassen.nl\/de\/windspiel-metall-marienkaefer-65cm\/\"]}]},{\"@type\":\"ImageObject\",\"inLanguage\":\"de\",\"@id\":\"https:\/\/www.eliassen.nl\/de\/windspiel-metall-marienkaefer-65cm\/#primaryimage\",\"url\":\"https:\/\/www.eliassen.nl\/wp-content\/uploads\/2024\/10\/windgonglieveheersbeestjeseliassennlmd16237.jpg\",\"contentUrl\":\"https:\/\/www.eliassen.nl\/wp-content\/uploads\/2024\/10\/windgonglieveheersbeestjeseliassennlmd16237.jpg\",\"width\":540,\"height\":699,\"caption\":\"Windspiel Sweetheart critters Eliassen.nl MD16237\"},{\"@type\":\"BreadcrumbList\",\"@id\":\"https:\/\/www.eliassen.nl\/de\/windspiel-metall-marienkaefer-65cm\/#breadcrumb\",\"itemListElement\":[{\"@type\":\"ListItem\",\"position\":1,\"name\":\"Home\",\"item\":\"https:\/\/www.eliassen.nl\/de\/\"},{\"@type\":\"ListItem\",\"position\":2,\"name\":\"Shop\",\"item\":\"https:\/\/www.eliassen.nl\/de\/shop\/\"},{\"@type\":\"ListItem\",\"position\":3,\"name\":\"Dekoration aus Metall\",\"item\":\"https:\/\/www.eliassen.nl\/de\/dekoration-aus-metall\/\"},{\"@type\":\"ListItem\",\"position\":4,\"name\":\"Windspiel Metall Marienk\u00e4fer 65cm\"}]},{\"@type\":\"WebSite\",\"@id\":\"https:\/\/www.eliassen.nl\/de\/#website\",\"url\":\"https:\/\/www.eliassen.nl\/de\/\",\"name\":\"Eliassen Home & Garden Pleasure\",\"description\":\"\",\"publisher\":{\"@id\":\"https:\/\/www.eliassen.nl\/de\/#organization\"},\"alternateName\":\"Eliassen.nl\",\"potentialAction\":[{\"@type\":\"SearchAction\",\"target\":{\"@type\":\"EntryPoint\",\"urlTemplate\":\"https:\/\/www.eliassen.nl\/de\/?s={search_term_string}\"},\"query-input\":{\"@type\":\"PropertyValueSpecification\",\"valueRequired\":true,\"valueName\":\"search_term_string\"}}],\"inLanguage\":\"de\"},{\"@type\":[\"Organization\",\"Place\"],\"@id\":\"https:\/\/www.eliassen.nl\/de\/#organization\",\"name\":\"Eliassen Home & Garden Pleasure\",\"url\":\"https:\/\/www.eliassen.nl\/de\/\",\"logo\":{\"@id\":\"https:\/\/www.eliassen.nl\/de\/windspiel-metall-marienkaefer-65cm\/#local-main-organization-logo\"},\"image\":{\"@id\":\"https:\/\/www.eliassen.nl\/de\/windspiel-metall-marienkaefer-65cm\/#local-main-organization-logo\"},\"sameAs\":[\"https:\/\/www.facebook.com\/TuincentrumEliassenAmmerzoden\",\"https:\/\/www.instagram.com\/eliassenhomeandgarden\/\",\"https:\/\/nl.pinterest.com\/eliassenhomeandgarden\/\",\"https:\/\/www.youtube.com\/@eliassenhomegardenpleasure4558\"],\"telephone\":[],\"openingHoursSpecification\":[{\"@type\":\"OpeningHoursSpecification\",\"dayOfWeek\":[\"Monday\",\"Tuesday\",\"Wednesday\",\"Thursday\",\"Friday\",\"Saturday\",\"Sunday\"],\"opens\":\"09:00\",\"closes\":\"17:00\"}]},{\"@type\":\"ImageObject\",\"inLanguage\":\"de\",\"@id\":\"https:\/\/www.eliassen.nl\/de\/windspiel-metall-marienkaefer-65cm\/#local-main-organization-logo\",\"url\":\"https:\/\/www.eliassen.nl\/wp-content\/uploads\/2024\/01\/logo_4nd.jpg\",\"contentUrl\":\"https:\/\/www.eliassen.nl\/wp-content\/uploads\/2024\/01\/logo_4nd.jpg\",\"width\":500,\"height\":500,\"caption\":\"Eliassen Home & Garden Pleasure\"}]}<\/script>\n<meta property=\"product:price:amount\" content=\"19.95\" \/>\n<meta property=\"product:price:currency\" content=\"EUR\" \/>\n<meta property=\"og:availability\" content=\"instock\" \/>\n<meta property=\"product:availability\" content=\"instock\" \/>\n<meta property=\"product:retailer_item_id\" content=\"md16237\" \/>\n<meta property=\"product:condition\" content=\"new\" \/>\n<!-- \/ Yoast SEO Premium plugin. -->","yoast_head_json":{"title":"Windspiel Metall Marienk\u00e4fer 65cm - Eliassen.nl","description":"Sind Sie auf der Suche nach mehr Fr\u00f6hlichkeit in Ihrem Garten? Dieses handgefertigte Windspiel mit Marienk\u00e4fern in Rot-Schwarz ist eine fr\u00f6hliche Erg\u00e4nzung.","robots":{"index":"index","follow":"follow","max-snippet":"max-snippet:-1","max-image-preview":"max-image-preview:large","max-video-preview":"max-video-preview:-1"},"canonical":"https:\/\/www.eliassen.nl\/de\/windspiel-metall-marienkaefer-65cm\/","og_locale":"de_DE","og_type":"article","og_title":"Sonstige Windspiel Metall Marienk\u00e4fer 65cm - Eliassen.nl","og_description":"Sind Sie auf der Suche nach mehr Fr\u00f6hlichkeit in Ihrem Garten? Dieses handgefertigte Windspiel mit Marienk\u00e4fern in Rot-Schwarz ist eine fr\u00f6hliche Erg\u00e4nzung.","og_url":"https:\/\/www.eliassen.nl\/de\/windspiel-metall-marienkaefer-65cm\/","og_site_name":"Eliassen.nl","article_publisher":"https:\/\/www.facebook.com\/TuincentrumEliassenAmmerzoden","article_modified_time":"2026-01-16T14:27:12+00:00","og_image":[{"width":540,"height":699,"url":"https:\/\/www.eliassen.nl\/wp-content\/uploads\/2024\/10\/windgonglieveheersbeestjeseliassennlmd16237.jpg","type":"image\/jpeg"}],"twitter_card":"summary_large_image","schema":{"@context":"https:\/\/schema.org","@graph":[{"@type":"WebPage","@id":"https:\/\/www.eliassen.nl\/de\/windspiel-metall-marienkaefer-65cm\/","url":"https:\/\/www.eliassen.nl\/de\/windspiel-metall-marienkaefer-65cm\/","name":"Windspiel Metall Marienk\u00e4fer 65cm - Eliassen.nl","isPartOf":{"@id":"https:\/\/www.eliassen.nl\/de\/#website"},"primaryImageOfPage":{"@id":"https:\/\/www.eliassen.nl\/de\/windspiel-metall-marienkaefer-65cm\/#primaryimage"},"image":{"@id":"https:\/\/www.eliassen.nl\/de\/windspiel-metall-marienkaefer-65cm\/#primaryimage"},"thumbnailUrl":"https:\/\/www.eliassen.nl\/wp-content\/uploads\/2024\/10\/windgonglieveheersbeestjeseliassennlmd16237.jpg","datePublished":"2024-09-05T19:17:46+00:00","dateModified":"2026-01-16T14:27:12+00:00","description":"Sind Sie auf der Suche nach mehr Fr\u00f6hlichkeit in Ihrem Garten? Dieses handgefertigte Windspiel mit Marienk\u00e4fern in Rot-Schwarz ist eine fr\u00f6hliche Erg\u00e4nzung.","breadcrumb":{"@id":"https:\/\/www.eliassen.nl\/de\/windspiel-metall-marienkaefer-65cm\/#breadcrumb"},"inLanguage":"de","potentialAction":[{"@type":"ReadAction","target":["https:\/\/www.eliassen.nl\/de\/windspiel-metall-marienkaefer-65cm\/"]}]},{"@type":"ImageObject","inLanguage":"de","@id":"https:\/\/www.eliassen.nl\/de\/windspiel-metall-marienkaefer-65cm\/#primaryimage","url":"https:\/\/www.eliassen.nl\/wp-content\/uploads\/2024\/10\/windgonglieveheersbeestjeseliassennlmd16237.jpg","contentUrl":"https:\/\/www.eliassen.nl\/wp-content\/uploads\/2024\/10\/windgonglieveheersbeestjeseliassennlmd16237.jpg","width":540,"height":699,"caption":"Windspiel Sweetheart critters Eliassen.nl MD16237"},{"@type":"BreadcrumbList","@id":"https:\/\/www.eliassen.nl\/de\/windspiel-metall-marienkaefer-65cm\/#breadcrumb","itemListElement":[{"@type":"ListItem","position":1,"name":"Home","item":"https:\/\/www.eliassen.nl\/de\/"},{"@type":"ListItem","position":2,"name":"Shop","item":"https:\/\/www.eliassen.nl\/de\/shop\/"},{"@type":"ListItem","position":3,"name":"Dekoration aus Metall","item":"https:\/\/www.eliassen.nl\/de\/dekoration-aus-metall\/"},{"@type":"ListItem","position":4,"name":"Windspiel Metall Marienk\u00e4fer 65cm"}]},{"@type":"WebSite","@id":"https:\/\/www.eliassen.nl\/de\/#website","url":"https:\/\/www.eliassen.nl\/de\/","name":"Eliassen Home & Garden Pleasure","description":"","publisher":{"@id":"https:\/\/www.eliassen.nl\/de\/#organization"},"alternateName":"Eliassen.nl","potentialAction":[{"@type":"SearchAction","target":{"@type":"EntryPoint","urlTemplate":"https:\/\/www.eliassen.nl\/de\/?s={search_term_string}"},"query-input":{"@type":"PropertyValueSpecification","valueRequired":true,"valueName":"search_term_string"}}],"inLanguage":"de"},{"@type":["Organization","Place"],"@id":"https:\/\/www.eliassen.nl\/de\/#organization","name":"Eliassen Home & Garden Pleasure","url":"https:\/\/www.eliassen.nl\/de\/","logo":{"@id":"https:\/\/www.eliassen.nl\/de\/windspiel-metall-marienkaefer-65cm\/#local-main-organization-logo"},"image":{"@id":"https:\/\/www.eliassen.nl\/de\/windspiel-metall-marienkaefer-65cm\/#local-main-organization-logo"},"sameAs":["https:\/\/www.facebook.com\/TuincentrumEliassenAmmerzoden","https:\/\/www.instagram.com\/eliassenhomeandgarden\/","https:\/\/nl.pinterest.com\/eliassenhomeandgarden\/","https:\/\/www.youtube.com\/@eliassenhomegardenpleasure4558"],"telephone":[],"openingHoursSpecification":[{"@type":"OpeningHoursSpecification","dayOfWeek":["Monday","Tuesday","Wednesday","Thursday","Friday","Saturday","Sunday"],"opens":"09:00","closes":"17:00"}]},{"@type":"ImageObject","inLanguage":"de","@id":"https:\/\/www.eliassen.nl\/de\/windspiel-metall-marienkaefer-65cm\/#local-main-organization-logo","url":"https:\/\/www.eliassen.nl\/wp-content\/uploads\/2024\/01\/logo_4nd.jpg","contentUrl":"https:\/\/www.eliassen.nl\/wp-content\/uploads\/2024\/01\/logo_4nd.jpg","width":500,"height":500,"caption":"Eliassen Home & Garden Pleasure"}]},"product_price_amount":"19.95","product_price_currency":"EUR","og_availability":"instock","product_availability":"instock","product_retailer_item_id":"md16237","product_condition":"new"},"df_price":19.95,"df_sale_price":"","df_regular_price":19.95,"df_image_link":"https:\/\/www.eliassen.nl\/wp-content\/uploads\/2024\/10\/windgonglieveheersbeestjeseliassennlmd16237.jpg","image":"https:\/\/www.eliassen.nl\/wp-content\/uploads\/2024\/10\/windgonglieveheersbeestjeseliassennlmd16237.jpg","price_search":"<span class=\"woocommerce-Price-amount amount\"><bdi><span class=\"woocommerce-Price-currencySymbol\">&euro;<\/span>&nbsp;19,95<\/bdi><\/span>","category":"Dekofiguren aus Metall","global_unique_id":"5410807162378","_links":{"self":[{"href":"https:\/\/www.eliassen.nl\/de\/wp-json\/wp\/v2\/product\/160427","targetHints":{"allow":["GET"]}}],"collection":[{"href":"https:\/\/www.eliassen.nl\/de\/wp-json\/wp\/v2\/product"}],"about":[{"href":"https:\/\/www.eliassen.nl\/de\/wp-json\/wp\/v2\/types\/product"}],"wp:featuredmedia":[{"embeddable":true,"href":"https:\/\/www.eliassen.nl\/de\/wp-json\/wp\/v2\/media\/160424"}],"wp:attachment":[{"href":"https:\/\/www.eliassen.nl\/de\/wp-json\/wp\/v2\/media?parent=160427"}],"wp:term":[{"taxonomy":"product_brand","embeddable":true,"href":"https:\/\/www.eliassen.nl\/de\/wp-json\/wp\/v2\/product_brand?post=160427"},{"taxonomy":"product_cat","embeddable":true,"href":"https:\/\/www.eliassen.nl\/de\/wp-json\/wp\/v2\/product_cat?post=160427"},{"taxonomy":"product_tag","embeddable":true,"href":"https:\/\/www.eliassen.nl\/de\/wp-json\/wp\/v2\/product_tag?post=160427"}],"curies":[{"name":"wp","href":"https:\/\/api.w.org\/{rel}","templated":true}]}}