{"id":160230,"date":"2024-08-30T09:25:17","date_gmt":"2024-08-30T09:25:17","guid":{"rendered":"https:\/\/www.eliassen.nl\/?product=schilderij-vierkant-deco-paneel-yellow-horizon-80x"},"modified":"2026-02-23T09:17:21","modified_gmt":"2026-02-23T08:17:21","slug":"gemalde-quadratische-dekoplatte-gelber-horizont-80x80cm","status":"publish","type":"product","link":"https:\/\/www.eliassen.nl\/de\/gemalde-quadratische-dekoplatte-gelber-horizont-80x80cm\/","title":{"rendered":"Gem\u00e4lde quadratisch Deco Tafel Gelber Horizont 80x80cm"},"content":{"rendered":"<p>Sie m\u00f6chten ein wundersch\u00f6nes, scharfes Gem\u00e4lde, das eine Strandansicht darstellt, aber Sie finden Glas zu gl\u00e4nzend? Dann ist diese Serie von Bildern eine gute Alternative. Dieses Gem\u00e4lde ist aus einer glatten MDF-Platte gefertigt, auf der dieses Bild gestochen scharf in einem sch\u00f6nen Seidenglanz-Look abgebildet ist. Bei dieser Art von Gem\u00e4lde werden Sie nicht unter Spiegelungen leiden. Auf der R\u00fcckseite ist dieses Gem\u00e4lde mit einem 15 mm dicken MDF-Rahmen verst\u00e4rkt.<\/p>\n<p>Wenn Sie eine oder zwei Schrauben in Ihre Wand bohren, k\u00f6nnen Sie das Bild ganz einfach an dem daf\u00fcr vorgesehenen Rahmen auf der R\u00fcckseite aufh\u00e4ngen.<\/p>\n<p>Dieses Tafelbild ist an der Seite sch\u00f6n geschw\u00e4rzt und steht insgesamt 18 mm von der Wand ab, so dass es sch\u00f6n frei von der Wand h\u00e4ngt.<\/p>\n<p>Dieses quadratische Dekopaneel ist in 3 Gr\u00f6\u00dfen erh\u00e4ltlich, n\u00e4mlich&#8230;&#8230;&#8230;&#8230;&#8230;&#8230;&#8230;&#8230;&#8230;..<\/p>\n<p>Die Gr\u00f6\u00dfe &#8230;&#8230;&#8230;. Kann bei uns live gesehen werden, die anderen Gr\u00f6\u00dfen m\u00fcssen bestellt werden, die Lieferzeit betr\u00e4gt dann etwa 1 Woche.  <strong>W\u00e4hlen Sie oben Ihre Gr\u00f6\u00dfe!<\/strong><\/p>\n<p><strong>Vergessen Sie nicht, in unseren Laden zu kommen; nirgendwo werden Sie eine so gro\u00dfe Gem\u00e4ldesammlung sehen, und der Kaffee wartet auf Sie!<\/strong><\/p>\n<ul>\n<li>Material: gepresstes Holz<\/li>\n<li>Nur f\u00fcr den Gebrauch in Innenr\u00e4umen, nicht im Badezimmer<\/li>\n<li>UV-best\u00e4ndig<\/li>\n<li>Garantie 2 Jahre.<\/li>\n<\/ul>\n","protected":false},"excerpt":{"rendered":"<p>\u2713 UV-best\u00e4ndig \u2713 Seidenglanz-Look<\/p>\n","protected":false},"featured_media":160226,"template":"","meta":{"_acf_changed":false,"_genesis_title":"","_genesis_description":""},"product_brand":[6964],"product_cat":[410,7026],"product_tag":[],"class_list":{"0":"post-160230","1":"product","2":"type-product","3":"status-publish","4":"has-post-thumbnail","6":"product_brand-alexsar-art-de","7":"product_cat-gemaelde","8":"product_cat-glatte-paneelgemalde","10":"first","11":"instock","12":"taxable","13":"shipping-taxable","14":"purchasable","15":"product-type-variable"},"acf":[],"meta_all":{"total_sales":"0","wcml_sync_hash":{"postmeta_fields":"a3a3e524df183561b452f557a7b8901a"},"attr_label_translations":[],"cor_restricted_countries":[]},"meta_all_flat":{"total_sales":"0","wcml_sync_hash.postmeta_fields":"a3a3e524df183561b452f557a7b8901a"},"yoast_head":"<!-- This site is optimized with the Yoast SEO Premium plugin v26.2 (Yoast SEO v27.2) - https:\/\/yoast.com\/product\/yoast-seo-premium-wordpress\/ -->\n<title>Gem\u00e4lde quadratisch Deko-Paneel Gelber Horizont 80x80cm - Eliassen.nl<\/title>\n<meta name=\"description\" content=\"Diese Serie von Gem\u00e4lden ist weniger gl\u00e4nzend als Glasgem\u00e4lde. Dadurch haben Sie weniger Reflexionen auf dem Gem\u00e4lde. \u2713 Erschwinglich \u2713 Seidenglanz\" \/>\n<meta name=\"robots\" content=\"index, follow, max-snippet:-1, max-image-preview:large, max-video-preview:-1\" \/>\n<link rel=\"canonical\" href=\"https:\/\/www.eliassen.nl\/de\/gemalde-quadratische-dekoplatte-gelber-horizont-80x80cm\/\" \/>\n<meta property=\"og:locale\" content=\"de_DE\" \/>\n<meta property=\"og:type\" content=\"article\" \/>\n<meta property=\"og:title\" content=\"Alexsar art Gem\u00e4lde quadratisch Deco Tafel Gelber Horizont 80x80cm - Eliassen.nl\" \/>\n<meta property=\"og:description\" content=\"Diese Serie von Gem\u00e4lden ist weniger gl\u00e4nzend als Glasgem\u00e4lde. Dadurch haben Sie weniger Reflexionen auf dem Gem\u00e4lde. \u2713 Erschwinglich \u2713 Seidenglanz\" \/>\n<meta property=\"og:url\" content=\"https:\/\/www.eliassen.nl\/de\/gemalde-quadratische-dekoplatte-gelber-horizont-80x80cm\/\" \/>\n<meta property=\"og:site_name\" content=\"Eliassen.nl\" \/>\n<meta property=\"article:publisher\" content=\"https:\/\/www.facebook.com\/TuincentrumEliassenAmmerzoden\" \/>\n<meta property=\"article:modified_time\" content=\"2026-02-23T08:17:21+00:00\" \/>\n<meta property=\"og:image\" content=\"https:\/\/www.eliassen.nl\/wp-content\/uploads\/2024\/10\/schilderijpaneeleliassennlyellowhorizon09311.jpg\" \/>\n\t<meta property=\"og:image:width\" content=\"1200\" \/>\n\t<meta property=\"og:image:height\" content=\"1200\" \/>\n\t<meta property=\"og:image:type\" content=\"image\/jpeg\" \/>\n<meta name=\"twitter:card\" content=\"summary_large_image\" \/>\n<script type=\"application\/ld+json\" class=\"yoast-schema-graph\">{\"@context\":\"https:\/\/schema.org\",\"@graph\":[{\"@type\":\"WebPage\",\"@id\":\"https:\/\/www.eliassen.nl\/de\/gemalde-quadratische-dekoplatte-gelber-horizont-80x80cm\/\",\"url\":\"https:\/\/www.eliassen.nl\/de\/gemalde-quadratische-dekoplatte-gelber-horizont-80x80cm\/\",\"name\":\"Gem\u00e4lde quadratisch Deko-Paneel Gelber Horizont 80x80cm - Eliassen.nl\",\"isPartOf\":{\"@id\":\"https:\/\/www.eliassen.nl\/de\/#website\"},\"primaryImageOfPage\":{\"@id\":\"https:\/\/www.eliassen.nl\/de\/gemalde-quadratische-dekoplatte-gelber-horizont-80x80cm\/#primaryimage\"},\"image\":{\"@id\":\"https:\/\/www.eliassen.nl\/de\/gemalde-quadratische-dekoplatte-gelber-horizont-80x80cm\/#primaryimage\"},\"thumbnailUrl\":\"https:\/\/www.eliassen.nl\/wp-content\/uploads\/2024\/10\/schilderijpaneeleliassennlyellowhorizon09311.jpg\",\"datePublished\":\"2024-08-30T09:25:17+00:00\",\"dateModified\":\"2026-02-23T08:17:21+00:00\",\"description\":\"Diese Serie von Gem\u00e4lden ist weniger gl\u00e4nzend als Glasgem\u00e4lde. Dadurch haben Sie weniger Reflexionen auf dem Gem\u00e4lde. \u2713 Erschwinglich \u2713 Seidenglanz\",\"breadcrumb\":{\"@id\":\"https:\/\/www.eliassen.nl\/de\/gemalde-quadratische-dekoplatte-gelber-horizont-80x80cm\/#breadcrumb\"},\"inLanguage\":\"de\",\"potentialAction\":[{\"@type\":\"ReadAction\",\"target\":[\"https:\/\/www.eliassen.nl\/de\/gemalde-quadratische-dekoplatte-gelber-horizont-80x80cm\/\"]}]},{\"@type\":\"ImageObject\",\"inLanguage\":\"de\",\"@id\":\"https:\/\/www.eliassen.nl\/de\/gemalde-quadratische-dekoplatte-gelber-horizont-80x80cm\/#primaryimage\",\"url\":\"https:\/\/www.eliassen.nl\/wp-content\/uploads\/2024\/10\/schilderijpaneeleliassennlyellowhorizon09311.jpg\",\"contentUrl\":\"https:\/\/www.eliassen.nl\/wp-content\/uploads\/2024\/10\/schilderijpaneeleliassennlyellowhorizon09311.jpg\",\"width\":1200,\"height\":1200,\"caption\":\"Gem\u00e4ldeplatte Eliassen.nl Gelber Horizont-0931-1x1\"},{\"@type\":\"BreadcrumbList\",\"@id\":\"https:\/\/www.eliassen.nl\/de\/gemalde-quadratische-dekoplatte-gelber-horizont-80x80cm\/#breadcrumb\",\"itemListElement\":[{\"@type\":\"ListItem\",\"position\":1,\"name\":\"Home\",\"item\":\"https:\/\/www.eliassen.nl\/de\/\"},{\"@type\":\"ListItem\",\"position\":2,\"name\":\"Shop\",\"item\":\"https:\/\/www.eliassen.nl\/de\/shop\/\"},{\"@type\":\"ListItem\",\"position\":3,\"name\":\"Gem\u00e4lde\",\"item\":\"https:\/\/www.eliassen.nl\/de\/gemaelde\/\"},{\"@type\":\"ListItem\",\"position\":4,\"name\":\"Gem\u00e4lde quadratisch Deco Tafel Gelber Horizont 80x80cm\"}]},{\"@type\":\"WebSite\",\"@id\":\"https:\/\/www.eliassen.nl\/de\/#website\",\"url\":\"https:\/\/www.eliassen.nl\/de\/\",\"name\":\"Eliassen Home & Garden Pleasure\",\"description\":\"\",\"publisher\":{\"@id\":\"https:\/\/www.eliassen.nl\/de\/#organization\"},\"alternateName\":\"Eliassen.nl\",\"potentialAction\":[{\"@type\":\"SearchAction\",\"target\":{\"@type\":\"EntryPoint\",\"urlTemplate\":\"https:\/\/www.eliassen.nl\/de\/?s={search_term_string}\"},\"query-input\":{\"@type\":\"PropertyValueSpecification\",\"valueRequired\":true,\"valueName\":\"search_term_string\"}}],\"inLanguage\":\"de\"},{\"@type\":[\"Organization\",\"Place\"],\"@id\":\"https:\/\/www.eliassen.nl\/de\/#organization\",\"name\":\"Eliassen Home & Garden Pleasure\",\"url\":\"https:\/\/www.eliassen.nl\/de\/\",\"logo\":{\"@id\":\"https:\/\/www.eliassen.nl\/de\/gemalde-quadratische-dekoplatte-gelber-horizont-80x80cm\/#local-main-organization-logo\"},\"image\":{\"@id\":\"https:\/\/www.eliassen.nl\/de\/gemalde-quadratische-dekoplatte-gelber-horizont-80x80cm\/#local-main-organization-logo\"},\"sameAs\":[\"https:\/\/www.facebook.com\/TuincentrumEliassenAmmerzoden\",\"https:\/\/www.instagram.com\/eliassenhomeandgarden\/\",\"https:\/\/nl.pinterest.com\/eliassenhomeandgarden\/\",\"https:\/\/www.youtube.com\/@eliassenhomegardenpleasure4558\"],\"telephone\":[],\"openingHoursSpecification\":[{\"@type\":\"OpeningHoursSpecification\",\"dayOfWeek\":[\"Monday\",\"Tuesday\",\"Wednesday\",\"Thursday\",\"Friday\",\"Saturday\",\"Sunday\"],\"opens\":\"09:00\",\"closes\":\"17:00\"}]},{\"@type\":\"ImageObject\",\"inLanguage\":\"de\",\"@id\":\"https:\/\/www.eliassen.nl\/de\/gemalde-quadratische-dekoplatte-gelber-horizont-80x80cm\/#local-main-organization-logo\",\"url\":\"https:\/\/www.eliassen.nl\/wp-content\/uploads\/2024\/01\/logo_4nd.jpg\",\"contentUrl\":\"https:\/\/www.eliassen.nl\/wp-content\/uploads\/2024\/01\/logo_4nd.jpg\",\"width\":500,\"height\":500,\"caption\":\"Eliassen Home & Garden Pleasure\"}]}<\/script>\n<meta property=\"og:availability\" content=\"instock\" \/>\n<meta property=\"product:availability\" content=\"instock\" \/>\n<meta property=\"product:retailer_item_id\" content=\"0931d8080\" \/>\n<meta property=\"product:condition\" content=\"new\" \/>\n<!-- \/ Yoast SEO Premium plugin. -->","yoast_head_json":{"title":"Gem\u00e4lde quadratisch Deko-Paneel Gelber Horizont 80x80cm - Eliassen.nl","description":"Diese Serie von Gem\u00e4lden ist weniger gl\u00e4nzend als Glasgem\u00e4lde. Dadurch haben Sie weniger Reflexionen auf dem Gem\u00e4lde. \u2713 Erschwinglich \u2713 Seidenglanz","robots":{"index":"index","follow":"follow","max-snippet":"max-snippet:-1","max-image-preview":"max-image-preview:large","max-video-preview":"max-video-preview:-1"},"canonical":"https:\/\/www.eliassen.nl\/de\/gemalde-quadratische-dekoplatte-gelber-horizont-80x80cm\/","og_locale":"de_DE","og_type":"article","og_title":"Alexsar art Gem\u00e4lde quadratisch Deco Tafel Gelber Horizont 80x80cm - Eliassen.nl","og_description":"Diese Serie von Gem\u00e4lden ist weniger gl\u00e4nzend als Glasgem\u00e4lde. Dadurch haben Sie weniger Reflexionen auf dem Gem\u00e4lde. \u2713 Erschwinglich \u2713 Seidenglanz","og_url":"https:\/\/www.eliassen.nl\/de\/gemalde-quadratische-dekoplatte-gelber-horizont-80x80cm\/","og_site_name":"Eliassen.nl","article_publisher":"https:\/\/www.facebook.com\/TuincentrumEliassenAmmerzoden","article_modified_time":"2026-02-23T08:17:21+00:00","og_image":[{"width":1200,"height":1200,"url":"https:\/\/www.eliassen.nl\/wp-content\/uploads\/2024\/10\/schilderijpaneeleliassennlyellowhorizon09311.jpg","type":"image\/jpeg"}],"twitter_card":"summary_large_image","schema":{"@context":"https:\/\/schema.org","@graph":[{"@type":"WebPage","@id":"https:\/\/www.eliassen.nl\/de\/gemalde-quadratische-dekoplatte-gelber-horizont-80x80cm\/","url":"https:\/\/www.eliassen.nl\/de\/gemalde-quadratische-dekoplatte-gelber-horizont-80x80cm\/","name":"Gem\u00e4lde quadratisch Deko-Paneel Gelber Horizont 80x80cm - Eliassen.nl","isPartOf":{"@id":"https:\/\/www.eliassen.nl\/de\/#website"},"primaryImageOfPage":{"@id":"https:\/\/www.eliassen.nl\/de\/gemalde-quadratische-dekoplatte-gelber-horizont-80x80cm\/#primaryimage"},"image":{"@id":"https:\/\/www.eliassen.nl\/de\/gemalde-quadratische-dekoplatte-gelber-horizont-80x80cm\/#primaryimage"},"thumbnailUrl":"https:\/\/www.eliassen.nl\/wp-content\/uploads\/2024\/10\/schilderijpaneeleliassennlyellowhorizon09311.jpg","datePublished":"2024-08-30T09:25:17+00:00","dateModified":"2026-02-23T08:17:21+00:00","description":"Diese Serie von Gem\u00e4lden ist weniger gl\u00e4nzend als Glasgem\u00e4lde. Dadurch haben Sie weniger Reflexionen auf dem Gem\u00e4lde. \u2713 Erschwinglich \u2713 Seidenglanz","breadcrumb":{"@id":"https:\/\/www.eliassen.nl\/de\/gemalde-quadratische-dekoplatte-gelber-horizont-80x80cm\/#breadcrumb"},"inLanguage":"de","potentialAction":[{"@type":"ReadAction","target":["https:\/\/www.eliassen.nl\/de\/gemalde-quadratische-dekoplatte-gelber-horizont-80x80cm\/"]}]},{"@type":"ImageObject","inLanguage":"de","@id":"https:\/\/www.eliassen.nl\/de\/gemalde-quadratische-dekoplatte-gelber-horizont-80x80cm\/#primaryimage","url":"https:\/\/www.eliassen.nl\/wp-content\/uploads\/2024\/10\/schilderijpaneeleliassennlyellowhorizon09311.jpg","contentUrl":"https:\/\/www.eliassen.nl\/wp-content\/uploads\/2024\/10\/schilderijpaneeleliassennlyellowhorizon09311.jpg","width":1200,"height":1200,"caption":"Gem\u00e4ldeplatte Eliassen.nl Gelber Horizont-0931-1x1"},{"@type":"BreadcrumbList","@id":"https:\/\/www.eliassen.nl\/de\/gemalde-quadratische-dekoplatte-gelber-horizont-80x80cm\/#breadcrumb","itemListElement":[{"@type":"ListItem","position":1,"name":"Home","item":"https:\/\/www.eliassen.nl\/de\/"},{"@type":"ListItem","position":2,"name":"Shop","item":"https:\/\/www.eliassen.nl\/de\/shop\/"},{"@type":"ListItem","position":3,"name":"Gem\u00e4lde","item":"https:\/\/www.eliassen.nl\/de\/gemaelde\/"},{"@type":"ListItem","position":4,"name":"Gem\u00e4lde quadratisch Deco Tafel Gelber Horizont 80x80cm"}]},{"@type":"WebSite","@id":"https:\/\/www.eliassen.nl\/de\/#website","url":"https:\/\/www.eliassen.nl\/de\/","name":"Eliassen Home & Garden Pleasure","description":"","publisher":{"@id":"https:\/\/www.eliassen.nl\/de\/#organization"},"alternateName":"Eliassen.nl","potentialAction":[{"@type":"SearchAction","target":{"@type":"EntryPoint","urlTemplate":"https:\/\/www.eliassen.nl\/de\/?s={search_term_string}"},"query-input":{"@type":"PropertyValueSpecification","valueRequired":true,"valueName":"search_term_string"}}],"inLanguage":"de"},{"@type":["Organization","Place"],"@id":"https:\/\/www.eliassen.nl\/de\/#organization","name":"Eliassen Home & Garden Pleasure","url":"https:\/\/www.eliassen.nl\/de\/","logo":{"@id":"https:\/\/www.eliassen.nl\/de\/gemalde-quadratische-dekoplatte-gelber-horizont-80x80cm\/#local-main-organization-logo"},"image":{"@id":"https:\/\/www.eliassen.nl\/de\/gemalde-quadratische-dekoplatte-gelber-horizont-80x80cm\/#local-main-organization-logo"},"sameAs":["https:\/\/www.facebook.com\/TuincentrumEliassenAmmerzoden","https:\/\/www.instagram.com\/eliassenhomeandgarden\/","https:\/\/nl.pinterest.com\/eliassenhomeandgarden\/","https:\/\/www.youtube.com\/@eliassenhomegardenpleasure4558"],"telephone":[],"openingHoursSpecification":[{"@type":"OpeningHoursSpecification","dayOfWeek":["Monday","Tuesday","Wednesday","Thursday","Friday","Saturday","Sunday"],"opens":"09:00","closes":"17:00"}]},{"@type":"ImageObject","inLanguage":"de","@id":"https:\/\/www.eliassen.nl\/de\/gemalde-quadratische-dekoplatte-gelber-horizont-80x80cm\/#local-main-organization-logo","url":"https:\/\/www.eliassen.nl\/wp-content\/uploads\/2024\/01\/logo_4nd.jpg","contentUrl":"https:\/\/www.eliassen.nl\/wp-content\/uploads\/2024\/01\/logo_4nd.jpg","width":500,"height":500,"caption":"Eliassen Home & Garden Pleasure"}]},"og_availability":"instock","product_availability":"instock","product_retailer_item_id":"0931d8080","product_condition":"new"},"df_price":55,"df_sale_price":"","df_regular_price":55,"df_image_link":"https:\/\/www.eliassen.nl\/wp-content\/uploads\/2024\/10\/schilderijpaneeleliassennlyellowhorizon09311.jpg","image":"https:\/\/www.eliassen.nl\/wp-content\/uploads\/2024\/10\/schilderijpaneeleliassennlyellowhorizon09311.jpg","price_search":"<span class=\"woocommerce-Price-amount amount\"><bdi><span class=\"woocommerce-Price-currencySymbol\">&euro;<\/span>&nbsp;55,00<\/bdi><\/span>","category":"Gem\u00e4lde","global_unique_id":"8720989614846","_links":{"self":[{"href":"https:\/\/www.eliassen.nl\/de\/wp-json\/wp\/v2\/product\/160230","targetHints":{"allow":["GET"]}}],"collection":[{"href":"https:\/\/www.eliassen.nl\/de\/wp-json\/wp\/v2\/product"}],"about":[{"href":"https:\/\/www.eliassen.nl\/de\/wp-json\/wp\/v2\/types\/product"}],"wp:featuredmedia":[{"embeddable":true,"href":"https:\/\/www.eliassen.nl\/de\/wp-json\/wp\/v2\/media\/160226"}],"wp:attachment":[{"href":"https:\/\/www.eliassen.nl\/de\/wp-json\/wp\/v2\/media?parent=160230"}],"wp:term":[{"taxonomy":"product_brand","embeddable":true,"href":"https:\/\/www.eliassen.nl\/de\/wp-json\/wp\/v2\/product_brand?post=160230"},{"taxonomy":"product_cat","embeddable":true,"href":"https:\/\/www.eliassen.nl\/de\/wp-json\/wp\/v2\/product_cat?post=160230"},{"taxonomy":"product_tag","embeddable":true,"href":"https:\/\/www.eliassen.nl\/de\/wp-json\/wp\/v2\/product_tag?post=160230"}],"curies":[{"name":"wp","href":"https:\/\/api.w.org\/{rel}","templated":true}]}}