{"id":159005,"date":"2024-08-28T13:28:20","date_gmt":"2024-08-28T13:28:20","guid":{"rendered":"https:\/\/www.eliassen.nl\/?product=sierkeien-gespikkeld-plat-5-8cm-2-kg-voor-beschild"},"modified":"2025-10-21T16:39:15","modified_gmt":"2025-10-21T14:39:15","slug":"sierkeien-gespikkeld-plat-5-8cm-2-kg-voor-beschildering","status":"publish","type":"product","link":"https:\/\/www.eliassen.nl\/de\/sierkeien-gespikkeld-plat-5-8cm-2-kg-voor-beschildering\/","title":{"rendered":"Dekorative Felsbrocken gesprenkelt flach 5-8cm 2kg zum Malen"},"content":{"rendered":"<p>Sehr sch\u00f6ne, am besten ausgew\u00e4hlte Wohnung in grau-schwarzer Farbe gesprenkelt. Flach in der Form, ideal zum Malen.<\/p>\n<p>Diese Malersteine wurden gewaschen und sortiert; es befinden sich praktisch keine zerbrochenen oder halben Steine in der Tasche. Nur die besten gl\u00fccklichen Steine aus den S\u00e4cken wurden f\u00fcr diese sortierten S\u00e4cke zum Bemalen ausgew\u00e4hlt. In manchen F\u00e4llen kann nur eine Seite v\u00f6llig glatt sein.<\/p>\n<p>Da es sich um ein Naturprodukt handelt, ist das Foto nur ein Beispiel.<\/p>\n<ul>\n<li>gewaschene Felsbrocken<\/li>\n<li>Gr\u00f6\u00dfe 5-8cm<\/li>\n<li><strong>NUR 8 Ziegel pro Beutel. Es k\u00f6nnte also mehr oder weniger sein!<\/strong><\/li>\n<li>\n \t<\/li>\n<li>verpackt im Organzabeutel<\/li>\n<li>sehr harter und glatter Felsbrocken<\/li>\n<li>Sehr gut zu bemalen<\/li>\n<li>Wird nicht schnell gr\u00fcn<\/li>\n<li>Auch live bei uns<\/li>\n<\/ul>\n","protected":false},"excerpt":{"rendered":"<p>sch\u00f6ne flach-gerundete Felsen<\/p>\n","protected":false},"featured_media":158996,"template":"","meta":{"_acf_changed":false,"_genesis_title":"","_genesis_description":""},"product_brand":[6916],"product_cat":[1460,752],"product_tag":[],"class_list":{"0":"post-159005","1":"product","2":"type-product","3":"status-publish","4":"has-post-thumbnail","6":"product_brand-eliassen-de","7":"product_cat-kieselsteine-zum-bemalen","8":"product_cat-weitere-artikel","10":"first","11":"instock","12":"taxable","13":"shipping-taxable","14":"purchasable","15":"product-type-simple"},"acf":[],"meta_all":{"total_sales":"121","wcml_sync_hash":{"postmeta_fields":"85a8f7d3538316bad60cc696b6aa0920"},"attr_label_translations":[]},"meta_all_flat":{"total_sales":"121","wcml_sync_hash.postmeta_fields":"85a8f7d3538316bad60cc696b6aa0920"},"yoast_head":"<!-- This site is optimized with the Yoast SEO Premium plugin v26.2 (Yoast SEO v27.2) - https:\/\/yoast.com\/product\/yoast-seo-premium-wordpress\/ -->\n<title>Dekorative Felsbrocken gesprenkelt flach 5-8cm 2 kg zum Malen<\/title>\n<meta name=\"description\" content=\"Felsbrocken zum Bemalen? Werfen Sie einen kurzen Blick auf unsere gl\u00fccklichen Steine!\" \/>\n<meta name=\"robots\" content=\"index, follow, max-snippet:-1, max-image-preview:large, max-video-preview:-1\" \/>\n<link rel=\"canonical\" href=\"https:\/\/www.eliassen.nl\/de\/sierkeien-gespikkeld-plat-5-8cm-2-kg-voor-beschildering\/\" \/>\n<meta property=\"og:locale\" content=\"de_DE\" \/>\n<meta property=\"og:type\" content=\"article\" \/>\n<meta property=\"og:title\" content=\"Eliassen Dekorative Felsbrocken gesprenkelt flach 5-8cm 2kg zum Malen - Eliassen.nl\" \/>\n<meta property=\"og:description\" content=\"Felsbrocken zum Bemalen? Werfen Sie einen kurzen Blick auf unsere gl\u00fccklichen Steine!\" \/>\n<meta property=\"og:url\" content=\"https:\/\/www.eliassen.nl\/de\/sierkeien-gespikkeld-plat-5-8cm-2-kg-voor-beschildering\/\" \/>\n<meta property=\"og:site_name\" content=\"Eliassen.nl\" \/>\n<meta property=\"article:publisher\" content=\"https:\/\/www.facebook.com\/TuincentrumEliassenAmmerzoden\" \/>\n<meta property=\"article:modified_time\" content=\"2025-10-21T14:39:15+00:00\" \/>\n<meta property=\"og:image\" content=\"https:\/\/www.eliassen.nl\/wp-content\/uploads\/2024\/10\/keiengespikkeld58cmeliassennl.jpg\" \/>\n\t<meta property=\"og:image:width\" content=\"1080\" \/>\n\t<meta property=\"og:image:height\" content=\"1920\" \/>\n\t<meta property=\"og:image:type\" content=\"image\/jpeg\" \/>\n<meta name=\"twitter:card\" content=\"summary_large_image\" \/>\n<script type=\"application\/ld+json\" class=\"yoast-schema-graph\">{\"@context\":\"https:\/\/schema.org\",\"@graph\":[{\"@type\":\"WebPage\",\"@id\":\"https:\/\/www.eliassen.nl\/de\/sierkeien-gespikkeld-plat-5-8cm-2-kg-voor-beschildering\/\",\"url\":\"https:\/\/www.eliassen.nl\/de\/sierkeien-gespikkeld-plat-5-8cm-2-kg-voor-beschildering\/\",\"name\":\"Dekorative Felsbrocken gesprenkelt flach 5-8cm 2 kg zum Malen\",\"isPartOf\":{\"@id\":\"https:\/\/www.eliassen.nl\/de\/#website\"},\"primaryImageOfPage\":{\"@id\":\"https:\/\/www.eliassen.nl\/de\/sierkeien-gespikkeld-plat-5-8cm-2-kg-voor-beschildering\/#primaryimage\"},\"image\":{\"@id\":\"https:\/\/www.eliassen.nl\/de\/sierkeien-gespikkeld-plat-5-8cm-2-kg-voor-beschildering\/#primaryimage\"},\"thumbnailUrl\":\"https:\/\/www.eliassen.nl\/wp-content\/uploads\/2024\/10\/keiengespikkeld58cmeliassennl.jpg\",\"datePublished\":\"2024-08-28T13:28:20+00:00\",\"dateModified\":\"2025-10-21T14:39:15+00:00\",\"description\":\"Felsbrocken zum Bemalen? Werfen Sie einen kurzen Blick auf unsere gl\u00fccklichen Steine!\",\"breadcrumb\":{\"@id\":\"https:\/\/www.eliassen.nl\/de\/sierkeien-gespikkeld-plat-5-8cm-2-kg-voor-beschildering\/#breadcrumb\"},\"inLanguage\":\"de\",\"potentialAction\":[{\"@type\":\"ReadAction\",\"target\":[\"https:\/\/www.eliassen.nl\/de\/sierkeien-gespikkeld-plat-5-8cm-2-kg-voor-beschildering\/\"]}]},{\"@type\":\"ImageObject\",\"inLanguage\":\"de\",\"@id\":\"https:\/\/www.eliassen.nl\/de\/sierkeien-gespikkeld-plat-5-8cm-2-kg-voor-beschildering\/#primaryimage\",\"url\":\"https:\/\/www.eliassen.nl\/wp-content\/uploads\/2024\/10\/keiengespikkeld58cmeliassennl.jpg\",\"contentUrl\":\"https:\/\/www.eliassen.nl\/wp-content\/uploads\/2024\/10\/keiengespikkeld58cmeliassennl.jpg\",\"width\":1080,\"height\":1920,\"caption\":\"Felsbrocken gesprenkelt 5-8cm Eliassen.nl\"},{\"@type\":\"BreadcrumbList\",\"@id\":\"https:\/\/www.eliassen.nl\/de\/sierkeien-gespikkeld-plat-5-8cm-2-kg-voor-beschildering\/#breadcrumb\",\"itemListElement\":[{\"@type\":\"ListItem\",\"position\":1,\"name\":\"Home\",\"item\":\"https:\/\/www.eliassen.nl\/de\/\"},{\"@type\":\"ListItem\",\"position\":2,\"name\":\"Shop\",\"item\":\"https:\/\/www.eliassen.nl\/de\/shop\/\"},{\"@type\":\"ListItem\",\"position\":3,\"name\":\"Weitere Artikel\",\"item\":\"https:\/\/www.eliassen.nl\/de\/weitere-artikel\/\"},{\"@type\":\"ListItem\",\"position\":4,\"name\":\"Kieselsteine zum Bemalen\",\"item\":\"https:\/\/www.eliassen.nl\/de\/garten-andere\/kieselsteine-zum-bemalen\/\"},{\"@type\":\"ListItem\",\"position\":5,\"name\":\"Dekorative Felsbrocken gesprenkelt flach 5-8cm 2kg zum Malen\"}]},{\"@type\":\"WebSite\",\"@id\":\"https:\/\/www.eliassen.nl\/de\/#website\",\"url\":\"https:\/\/www.eliassen.nl\/de\/\",\"name\":\"Eliassen Home & Garden Pleasure\",\"description\":\"\",\"publisher\":{\"@id\":\"https:\/\/www.eliassen.nl\/de\/#organization\"},\"alternateName\":\"Eliassen.nl\",\"potentialAction\":[{\"@type\":\"SearchAction\",\"target\":{\"@type\":\"EntryPoint\",\"urlTemplate\":\"https:\/\/www.eliassen.nl\/de\/?s={search_term_string}\"},\"query-input\":{\"@type\":\"PropertyValueSpecification\",\"valueRequired\":true,\"valueName\":\"search_term_string\"}}],\"inLanguage\":\"de\"},{\"@type\":[\"Organization\",\"Place\"],\"@id\":\"https:\/\/www.eliassen.nl\/de\/#organization\",\"name\":\"Eliassen Home & Garden Pleasure\",\"url\":\"https:\/\/www.eliassen.nl\/de\/\",\"logo\":{\"@id\":\"https:\/\/www.eliassen.nl\/de\/sierkeien-gespikkeld-plat-5-8cm-2-kg-voor-beschildering\/#local-main-organization-logo\"},\"image\":{\"@id\":\"https:\/\/www.eliassen.nl\/de\/sierkeien-gespikkeld-plat-5-8cm-2-kg-voor-beschildering\/#local-main-organization-logo\"},\"sameAs\":[\"https:\/\/www.facebook.com\/TuincentrumEliassenAmmerzoden\",\"https:\/\/www.instagram.com\/eliassenhomeandgarden\/\",\"https:\/\/nl.pinterest.com\/eliassenhomeandgarden\/\",\"https:\/\/www.youtube.com\/@eliassenhomegardenpleasure4558\"],\"telephone\":[],\"openingHoursSpecification\":[{\"@type\":\"OpeningHoursSpecification\",\"dayOfWeek\":[\"Monday\",\"Tuesday\",\"Wednesday\",\"Thursday\",\"Friday\",\"Saturday\",\"Sunday\"],\"opens\":\"09:00\",\"closes\":\"17:00\"}]},{\"@type\":\"ImageObject\",\"inLanguage\":\"de\",\"@id\":\"https:\/\/www.eliassen.nl\/de\/sierkeien-gespikkeld-plat-5-8cm-2-kg-voor-beschildering\/#local-main-organization-logo\",\"url\":\"https:\/\/www.eliassen.nl\/wp-content\/uploads\/2024\/01\/logo_4nd.jpg\",\"contentUrl\":\"https:\/\/www.eliassen.nl\/wp-content\/uploads\/2024\/01\/logo_4nd.jpg\",\"width\":500,\"height\":500,\"caption\":\"Eliassen Home & Garden Pleasure\"}]}<\/script>\n<meta property=\"product:price:amount\" content=\"6.00\" \/>\n<meta property=\"product:price:currency\" content=\"EUR\" \/>\n<meta property=\"og:availability\" content=\"instock\" \/>\n<meta property=\"product:availability\" content=\"instock\" \/>\n<meta property=\"product:retailer_item_id\" content=\"eigenspik5080\" \/>\n<meta property=\"product:condition\" content=\"new\" \/>\n<!-- \/ Yoast SEO Premium plugin. -->","yoast_head_json":{"title":"Dekorative Felsbrocken gesprenkelt flach 5-8cm 2 kg zum Malen","description":"Felsbrocken zum Bemalen? Werfen Sie einen kurzen Blick auf unsere gl\u00fccklichen Steine!","robots":{"index":"index","follow":"follow","max-snippet":"max-snippet:-1","max-image-preview":"max-image-preview:large","max-video-preview":"max-video-preview:-1"},"canonical":"https:\/\/www.eliassen.nl\/de\/sierkeien-gespikkeld-plat-5-8cm-2-kg-voor-beschildering\/","og_locale":"de_DE","og_type":"article","og_title":"Eliassen Dekorative Felsbrocken gesprenkelt flach 5-8cm 2kg zum Malen - Eliassen.nl","og_description":"Felsbrocken zum Bemalen? Werfen Sie einen kurzen Blick auf unsere gl\u00fccklichen Steine!","og_url":"https:\/\/www.eliassen.nl\/de\/sierkeien-gespikkeld-plat-5-8cm-2-kg-voor-beschildering\/","og_site_name":"Eliassen.nl","article_publisher":"https:\/\/www.facebook.com\/TuincentrumEliassenAmmerzoden","article_modified_time":"2025-10-21T14:39:15+00:00","og_image":[{"width":1080,"height":1920,"url":"https:\/\/www.eliassen.nl\/wp-content\/uploads\/2024\/10\/keiengespikkeld58cmeliassennl.jpg","type":"image\/jpeg"}],"twitter_card":"summary_large_image","schema":{"@context":"https:\/\/schema.org","@graph":[{"@type":"WebPage","@id":"https:\/\/www.eliassen.nl\/de\/sierkeien-gespikkeld-plat-5-8cm-2-kg-voor-beschildering\/","url":"https:\/\/www.eliassen.nl\/de\/sierkeien-gespikkeld-plat-5-8cm-2-kg-voor-beschildering\/","name":"Dekorative Felsbrocken gesprenkelt flach 5-8cm 2 kg zum Malen","isPartOf":{"@id":"https:\/\/www.eliassen.nl\/de\/#website"},"primaryImageOfPage":{"@id":"https:\/\/www.eliassen.nl\/de\/sierkeien-gespikkeld-plat-5-8cm-2-kg-voor-beschildering\/#primaryimage"},"image":{"@id":"https:\/\/www.eliassen.nl\/de\/sierkeien-gespikkeld-plat-5-8cm-2-kg-voor-beschildering\/#primaryimage"},"thumbnailUrl":"https:\/\/www.eliassen.nl\/wp-content\/uploads\/2024\/10\/keiengespikkeld58cmeliassennl.jpg","datePublished":"2024-08-28T13:28:20+00:00","dateModified":"2025-10-21T14:39:15+00:00","description":"Felsbrocken zum Bemalen? Werfen Sie einen kurzen Blick auf unsere gl\u00fccklichen Steine!","breadcrumb":{"@id":"https:\/\/www.eliassen.nl\/de\/sierkeien-gespikkeld-plat-5-8cm-2-kg-voor-beschildering\/#breadcrumb"},"inLanguage":"de","potentialAction":[{"@type":"ReadAction","target":["https:\/\/www.eliassen.nl\/de\/sierkeien-gespikkeld-plat-5-8cm-2-kg-voor-beschildering\/"]}]},{"@type":"ImageObject","inLanguage":"de","@id":"https:\/\/www.eliassen.nl\/de\/sierkeien-gespikkeld-plat-5-8cm-2-kg-voor-beschildering\/#primaryimage","url":"https:\/\/www.eliassen.nl\/wp-content\/uploads\/2024\/10\/keiengespikkeld58cmeliassennl.jpg","contentUrl":"https:\/\/www.eliassen.nl\/wp-content\/uploads\/2024\/10\/keiengespikkeld58cmeliassennl.jpg","width":1080,"height":1920,"caption":"Felsbrocken gesprenkelt 5-8cm Eliassen.nl"},{"@type":"BreadcrumbList","@id":"https:\/\/www.eliassen.nl\/de\/sierkeien-gespikkeld-plat-5-8cm-2-kg-voor-beschildering\/#breadcrumb","itemListElement":[{"@type":"ListItem","position":1,"name":"Home","item":"https:\/\/www.eliassen.nl\/de\/"},{"@type":"ListItem","position":2,"name":"Shop","item":"https:\/\/www.eliassen.nl\/de\/shop\/"},{"@type":"ListItem","position":3,"name":"Weitere Artikel","item":"https:\/\/www.eliassen.nl\/de\/weitere-artikel\/"},{"@type":"ListItem","position":4,"name":"Kieselsteine zum Bemalen","item":"https:\/\/www.eliassen.nl\/de\/garten-andere\/kieselsteine-zum-bemalen\/"},{"@type":"ListItem","position":5,"name":"Dekorative Felsbrocken gesprenkelt flach 5-8cm 2kg zum Malen"}]},{"@type":"WebSite","@id":"https:\/\/www.eliassen.nl\/de\/#website","url":"https:\/\/www.eliassen.nl\/de\/","name":"Eliassen Home & Garden Pleasure","description":"","publisher":{"@id":"https:\/\/www.eliassen.nl\/de\/#organization"},"alternateName":"Eliassen.nl","potentialAction":[{"@type":"SearchAction","target":{"@type":"EntryPoint","urlTemplate":"https:\/\/www.eliassen.nl\/de\/?s={search_term_string}"},"query-input":{"@type":"PropertyValueSpecification","valueRequired":true,"valueName":"search_term_string"}}],"inLanguage":"de"},{"@type":["Organization","Place"],"@id":"https:\/\/www.eliassen.nl\/de\/#organization","name":"Eliassen Home & Garden Pleasure","url":"https:\/\/www.eliassen.nl\/de\/","logo":{"@id":"https:\/\/www.eliassen.nl\/de\/sierkeien-gespikkeld-plat-5-8cm-2-kg-voor-beschildering\/#local-main-organization-logo"},"image":{"@id":"https:\/\/www.eliassen.nl\/de\/sierkeien-gespikkeld-plat-5-8cm-2-kg-voor-beschildering\/#local-main-organization-logo"},"sameAs":["https:\/\/www.facebook.com\/TuincentrumEliassenAmmerzoden","https:\/\/www.instagram.com\/eliassenhomeandgarden\/","https:\/\/nl.pinterest.com\/eliassenhomeandgarden\/","https:\/\/www.youtube.com\/@eliassenhomegardenpleasure4558"],"telephone":[],"openingHoursSpecification":[{"@type":"OpeningHoursSpecification","dayOfWeek":["Monday","Tuesday","Wednesday","Thursday","Friday","Saturday","Sunday"],"opens":"09:00","closes":"17:00"}]},{"@type":"ImageObject","inLanguage":"de","@id":"https:\/\/www.eliassen.nl\/de\/sierkeien-gespikkeld-plat-5-8cm-2-kg-voor-beschildering\/#local-main-organization-logo","url":"https:\/\/www.eliassen.nl\/wp-content\/uploads\/2024\/01\/logo_4nd.jpg","contentUrl":"https:\/\/www.eliassen.nl\/wp-content\/uploads\/2024\/01\/logo_4nd.jpg","width":500,"height":500,"caption":"Eliassen Home & Garden Pleasure"}]},"product_price_amount":"6.00","product_price_currency":"EUR","og_availability":"instock","product_availability":"instock","product_retailer_item_id":"eigenspik5080","product_condition":"new"},"df_price":6,"df_sale_price":"","df_regular_price":6,"df_image_link":"https:\/\/www.eliassen.nl\/wp-content\/uploads\/2024\/10\/keiengespikkeld58cmeliassennl.jpg","image":"https:\/\/www.eliassen.nl\/wp-content\/uploads\/2024\/10\/keiengespikkeld58cmeliassennl.jpg","price_search":"<span class=\"woocommerce-Price-amount amount\"><bdi><span class=\"woocommerce-Price-currencySymbol\">&euro;<\/span>&nbsp;6,00<\/bdi><\/span>","category":"Kieselsteine zum Bemalen","global_unique_id":"6096549522572","_links":{"self":[{"href":"https:\/\/www.eliassen.nl\/de\/wp-json\/wp\/v2\/product\/159005","targetHints":{"allow":["GET"]}}],"collection":[{"href":"https:\/\/www.eliassen.nl\/de\/wp-json\/wp\/v2\/product"}],"about":[{"href":"https:\/\/www.eliassen.nl\/de\/wp-json\/wp\/v2\/types\/product"}],"wp:featuredmedia":[{"embeddable":true,"href":"https:\/\/www.eliassen.nl\/de\/wp-json\/wp\/v2\/media\/158996"}],"wp:attachment":[{"href":"https:\/\/www.eliassen.nl\/de\/wp-json\/wp\/v2\/media?parent=159005"}],"wp:term":[{"taxonomy":"product_brand","embeddable":true,"href":"https:\/\/www.eliassen.nl\/de\/wp-json\/wp\/v2\/product_brand?post=159005"},{"taxonomy":"product_cat","embeddable":true,"href":"https:\/\/www.eliassen.nl\/de\/wp-json\/wp\/v2\/product_cat?post=159005"},{"taxonomy":"product_tag","embeddable":true,"href":"https:\/\/www.eliassen.nl\/de\/wp-json\/wp\/v2\/product_tag?post=159005"}],"curies":[{"name":"wp","href":"https:\/\/api.w.org\/{rel}","templated":true}]}}