{"id":158675,"date":"2024-08-06T18:59:02","date_gmt":"2024-08-06T18:59:02","guid":{"rendered":"https:\/\/www.eliassen.nl\/?product=mariabeeld-groot-in-brons-tweekleurig-75cm"},"modified":"2026-01-16T15:26:59","modified_gmt":"2026-01-16T14:26:59","slug":"grosse-marienstatue-aus-bronze-zweifarbig-75cm","status":"publish","type":"product","link":"https:\/\/www.eliassen.nl\/de\/grosse-marienstatue-aus-bronze-zweifarbig-75cm\/","title":{"rendered":"Statue der Jungfrau Maria gro\u00df aus Bronze, zweifarbig 75cm"},"content":{"rendered":"<p>Gestalten Sie Ihr Wohn- oder Arbeitsumfeld mit einer langlebigen Bronzeskulptur sehr stimmungsvoll. Wir k\u00f6nnen Ihnen Modelle von Skulpturen anbieten, die sowohl in klassische, zeitlose als auch moderne Umgebungen passen.<\/p>\n<p>Diese klassische Marienstatue aus Bronze ist 28x19x75cm gro\u00df und wurde im sogenannten Wachsausschmelzverfahren hergestellt.<\/p>\n<p>Dies geschieht folgenderma\u00dfen: Ein Wachsmodell wird in eine feuerfeste Masse wie Ton eingebettet. Danach wird das Wachs ausgeschmolzen und die Form getrocknet. In den entstandenen Hohlraum wird dann Bronze gegossen. Nach dem Abk\u00fchlen wird die Form demontiert und die \u00d6ffnung, durch die die Bronze in die Form gegossen wurde, abges\u00e4gt, so dass die Skulptur \u00fcbrig bleibt. Zum Schluss wird die Skulptur fertiggestellt, indem L\u00f6cher gestopft, Unreinheiten weggeschliffen und mit einer S\u00e4ure gef\u00e4rbt werden. Gr\u00f6\u00dfere Bronzeskulpturen werden in Teilen gegossen, dann zusammengeschwei\u00dft und anschlie\u00dfend glatt geschliffen.<\/p>\n<p>Bronze ist eine Legierung aus Kupfer und Zinn. Je h\u00f6her der Kupfergehalt ist, desto hochwertiger ist die Bronze. Diese Skulptur hat einen Mindestkupfergehalt von 75%, was eine lange Lebensdauer garantiert.<\/p>\n<p>Oft werden Bronzeskulpturen auf einen passenden Sockel gestellt. Wir haben auch eine gro\u00dfe Auswahl an Sockeln und Sockelleisten, so dass Sie eine sch\u00f6ne Kombination schaffen k\u00f6nnen.<\/p>\n<p><strong>Wir haben die gr\u00f6\u00dfte Sammlung von Bronzeskulpturen, die Sie auch live besichtigen k\u00f6nnen. Kommen Sie vorbei und schauen Sie sich um!!! M\u00f6chten Sie nach einer bestimmten Bronzeskulptur suchen? Wenn ja, rufen Sie bitte an, damit wir best\u00e4tigen k\u00f6nnen, dass das Bild Ihrer Wahl bei uns ist!<\/strong><\/p>\n<ul>\n<li>Gr\u00f6\u00dfe: 28x19x75cm hoch<\/li>\n<li>Gewicht: 12kg<\/li>\n<li>Material: Bronze<\/li>\n<li>Schnelle Lieferung<strong>.<\/strong><\/li>\n<li>10 Jahre Garantie.<\/li>\n<\/ul>\n","protected":false},"excerpt":{"rendered":"<p>28x19x75cm hoch<\/p>\n","protected":false},"featured_media":158660,"template":"","meta":{"_acf_changed":false,"_genesis_title":"","_genesis_description":""},"product_brand":[7505],"product_cat":[644,613,623,656,7239],"product_tag":[],"class_list":{"0":"post-158675","1":"product","2":"type-product","3":"status-publish","4":"has-post-thumbnail","6":"product_brand-sonstige","7":"product_cat-andere-bronzestatuen","8":"product_cat-bronzestatuen","9":"product_cat-klassische-bronzestatuen","10":"product_cat-urnen-und-grabschmuck","11":"product_cat-bilder","13":"first","14":"instock","15":"taxable","16":"shipping-taxable","17":"purchasable","18":"product-type-simple"},"acf":[],"meta_all":{"total_sales":"0","wcml_sync_hash":{"postmeta_fields":"2619d86659dc8d70891c91e8d73fc5ae"},"attr_label_translations":[]},"meta_all_flat":{"total_sales":"0","wcml_sync_hash.postmeta_fields":"2619d86659dc8d70891c91e8d73fc5ae"},"yoast_head":"<!-- This site is optimized with the Yoast SEO Premium plugin v26.2 (Yoast SEO v27.2) - https:\/\/yoast.com\/product\/yoast-seo-premium-wordpress\/ -->\n<title>Statue der Jungfrau Maria gro\u00df aus Bronze, zweifarbig 75cm<\/title>\n<meta name=\"description\" content=\"Sind Sie auf der Suche nach einer einzigartigen Marienstatue? Dieses Modell ist aus Bronze gefertigt und hat braune und gr\u00fcne Farbt\u00f6ne. Die Skulptur ist 28x19x75cm hoch\" \/>\n<meta name=\"robots\" content=\"index, follow, max-snippet:-1, max-image-preview:large, max-video-preview:-1\" \/>\n<link rel=\"canonical\" href=\"https:\/\/www.eliassen.nl\/de\/grosse-marienstatue-aus-bronze-zweifarbig-75cm\/\" \/>\n<meta property=\"og:locale\" content=\"de_DE\" \/>\n<meta property=\"og:type\" content=\"article\" \/>\n<meta property=\"og:title\" content=\"Sonstige Statue der Jungfrau Maria gro\u00df aus Bronze, zweifarbig 75cm - Eliassen.nl\" \/>\n<meta property=\"og:description\" content=\"Sind Sie auf der Suche nach einer einzigartigen Marienstatue? Dieses Modell ist aus Bronze gefertigt und hat braune und gr\u00fcne Farbt\u00f6ne. Die Skulptur ist 28x19x75cm hoch\" \/>\n<meta property=\"og:url\" content=\"https:\/\/www.eliassen.nl\/de\/grosse-marienstatue-aus-bronze-zweifarbig-75cm\/\" \/>\n<meta property=\"og:site_name\" content=\"Eliassen.nl\" \/>\n<meta property=\"article:publisher\" content=\"https:\/\/www.facebook.com\/TuincentrumEliassenAmmerzoden\" \/>\n<meta property=\"article:modified_time\" content=\"2026-01-16T14:26:59+00:00\" \/>\n<meta property=\"og:image\" content=\"https:\/\/www.eliassen.nl\/wp-content\/uploads\/2024\/10\/mariabeeldbronsgrooteliassennltbb8.jpg\" \/>\n\t<meta property=\"og:image:width\" content=\"560\" \/>\n\t<meta property=\"og:image:height\" content=\"560\" \/>\n\t<meta property=\"og:image:type\" content=\"image\/jpeg\" \/>\n<meta name=\"twitter:card\" content=\"summary_large_image\" \/>\n<script type=\"application\/ld+json\" class=\"yoast-schema-graph\">{\"@context\":\"https:\/\/schema.org\",\"@graph\":[{\"@type\":\"WebPage\",\"@id\":\"https:\/\/www.eliassen.nl\/de\/grosse-marienstatue-aus-bronze-zweifarbig-75cm\/\",\"url\":\"https:\/\/www.eliassen.nl\/de\/grosse-marienstatue-aus-bronze-zweifarbig-75cm\/\",\"name\":\"Statue der Jungfrau Maria gro\u00df aus Bronze, zweifarbig 75cm\",\"isPartOf\":{\"@id\":\"https:\/\/www.eliassen.nl\/de\/#website\"},\"primaryImageOfPage\":{\"@id\":\"https:\/\/www.eliassen.nl\/de\/grosse-marienstatue-aus-bronze-zweifarbig-75cm\/#primaryimage\"},\"image\":{\"@id\":\"https:\/\/www.eliassen.nl\/de\/grosse-marienstatue-aus-bronze-zweifarbig-75cm\/#primaryimage\"},\"thumbnailUrl\":\"https:\/\/www.eliassen.nl\/wp-content\/uploads\/2024\/10\/mariabeeldbronsgrooteliassennltbb8.jpg\",\"datePublished\":\"2024-08-06T18:59:02+00:00\",\"dateModified\":\"2026-01-16T14:26:59+00:00\",\"description\":\"Sind Sie auf der Suche nach einer einzigartigen Marienstatue? Dieses Modell ist aus Bronze gefertigt und hat braune und gr\u00fcne Farbt\u00f6ne. Die Skulptur ist 28x19x75cm hoch\",\"breadcrumb\":{\"@id\":\"https:\/\/www.eliassen.nl\/de\/grosse-marienstatue-aus-bronze-zweifarbig-75cm\/#breadcrumb\"},\"inLanguage\":\"de\",\"potentialAction\":[{\"@type\":\"ReadAction\",\"target\":[\"https:\/\/www.eliassen.nl\/de\/grosse-marienstatue-aus-bronze-zweifarbig-75cm\/\"]}]},{\"@type\":\"ImageObject\",\"inLanguage\":\"de\",\"@id\":\"https:\/\/www.eliassen.nl\/de\/grosse-marienstatue-aus-bronze-zweifarbig-75cm\/#primaryimage\",\"url\":\"https:\/\/www.eliassen.nl\/wp-content\/uploads\/2024\/10\/mariabeeldbronsgrooteliassennltbb8.jpg\",\"contentUrl\":\"https:\/\/www.eliassen.nl\/wp-content\/uploads\/2024\/10\/mariabeeldbronsgrooteliassennltbb8.jpg\",\"width\":560,\"height\":560,\"caption\":\"Statue der Jungfrau Maria Bronze gro\u00df Eliassen.nl TBB-8\"},{\"@type\":\"BreadcrumbList\",\"@id\":\"https:\/\/www.eliassen.nl\/de\/grosse-marienstatue-aus-bronze-zweifarbig-75cm\/#breadcrumb\",\"itemListElement\":[{\"@type\":\"ListItem\",\"position\":1,\"name\":\"Home\",\"item\":\"https:\/\/www.eliassen.nl\/de\/\"},{\"@type\":\"ListItem\",\"position\":2,\"name\":\"Shop\",\"item\":\"https:\/\/www.eliassen.nl\/de\/shop\/\"},{\"@type\":\"ListItem\",\"position\":3,\"name\":\"Bronzestatuen\",\"item\":\"https:\/\/www.eliassen.nl\/de\/bronzestatuen\/\"},{\"@type\":\"ListItem\",\"position\":4,\"name\":\"Andere Bronzestatuen\",\"item\":\"https:\/\/www.eliassen.nl\/de\/bilder\/bronzestatuen\/andere-bronzestatuen\/\"},{\"@type\":\"ListItem\",\"position\":5,\"name\":\"Statue der Jungfrau Maria gro\u00df aus Bronze, zweifarbig 75cm\"}]},{\"@type\":\"WebSite\",\"@id\":\"https:\/\/www.eliassen.nl\/de\/#website\",\"url\":\"https:\/\/www.eliassen.nl\/de\/\",\"name\":\"Eliassen Home & Garden Pleasure\",\"description\":\"\",\"publisher\":{\"@id\":\"https:\/\/www.eliassen.nl\/de\/#organization\"},\"alternateName\":\"Eliassen.nl\",\"potentialAction\":[{\"@type\":\"SearchAction\",\"target\":{\"@type\":\"EntryPoint\",\"urlTemplate\":\"https:\/\/www.eliassen.nl\/de\/?s={search_term_string}\"},\"query-input\":{\"@type\":\"PropertyValueSpecification\",\"valueRequired\":true,\"valueName\":\"search_term_string\"}}],\"inLanguage\":\"de\"},{\"@type\":[\"Organization\",\"Place\"],\"@id\":\"https:\/\/www.eliassen.nl\/de\/#organization\",\"name\":\"Eliassen Home & Garden Pleasure\",\"url\":\"https:\/\/www.eliassen.nl\/de\/\",\"logo\":{\"@id\":\"https:\/\/www.eliassen.nl\/de\/grosse-marienstatue-aus-bronze-zweifarbig-75cm\/#local-main-organization-logo\"},\"image\":{\"@id\":\"https:\/\/www.eliassen.nl\/de\/grosse-marienstatue-aus-bronze-zweifarbig-75cm\/#local-main-organization-logo\"},\"sameAs\":[\"https:\/\/www.facebook.com\/TuincentrumEliassenAmmerzoden\",\"https:\/\/www.instagram.com\/eliassenhomeandgarden\/\",\"https:\/\/nl.pinterest.com\/eliassenhomeandgarden\/\",\"https:\/\/www.youtube.com\/@eliassenhomegardenpleasure4558\"],\"telephone\":[],\"openingHoursSpecification\":[{\"@type\":\"OpeningHoursSpecification\",\"dayOfWeek\":[\"Monday\",\"Tuesday\",\"Wednesday\",\"Thursday\",\"Friday\",\"Saturday\",\"Sunday\"],\"opens\":\"09:00\",\"closes\":\"17:00\"}]},{\"@type\":\"ImageObject\",\"inLanguage\":\"de\",\"@id\":\"https:\/\/www.eliassen.nl\/de\/grosse-marienstatue-aus-bronze-zweifarbig-75cm\/#local-main-organization-logo\",\"url\":\"https:\/\/www.eliassen.nl\/wp-content\/uploads\/2024\/01\/logo_4nd.jpg\",\"contentUrl\":\"https:\/\/www.eliassen.nl\/wp-content\/uploads\/2024\/01\/logo_4nd.jpg\",\"width\":500,\"height\":500,\"caption\":\"Eliassen Home & Garden Pleasure\"}]}<\/script>\n<meta property=\"product:price:amount\" content=\"799.00\" \/>\n<meta property=\"product:price:currency\" content=\"EUR\" \/>\n<meta property=\"og:availability\" content=\"instock\" \/>\n<meta property=\"product:availability\" content=\"instock\" \/>\n<meta property=\"product:retailer_item_id\" content=\"Tbb-8\" \/>\n<meta property=\"product:condition\" content=\"new\" \/>\n<!-- \/ Yoast SEO Premium plugin. -->","yoast_head_json":{"title":"Statue der Jungfrau Maria gro\u00df aus Bronze, zweifarbig 75cm","description":"Sind Sie auf der Suche nach einer einzigartigen Marienstatue? Dieses Modell ist aus Bronze gefertigt und hat braune und gr\u00fcne Farbt\u00f6ne. Die Skulptur ist 28x19x75cm hoch","robots":{"index":"index","follow":"follow","max-snippet":"max-snippet:-1","max-image-preview":"max-image-preview:large","max-video-preview":"max-video-preview:-1"},"canonical":"https:\/\/www.eliassen.nl\/de\/grosse-marienstatue-aus-bronze-zweifarbig-75cm\/","og_locale":"de_DE","og_type":"article","og_title":"Sonstige Statue der Jungfrau Maria gro\u00df aus Bronze, zweifarbig 75cm - Eliassen.nl","og_description":"Sind Sie auf der Suche nach einer einzigartigen Marienstatue? Dieses Modell ist aus Bronze gefertigt und hat braune und gr\u00fcne Farbt\u00f6ne. Die Skulptur ist 28x19x75cm hoch","og_url":"https:\/\/www.eliassen.nl\/de\/grosse-marienstatue-aus-bronze-zweifarbig-75cm\/","og_site_name":"Eliassen.nl","article_publisher":"https:\/\/www.facebook.com\/TuincentrumEliassenAmmerzoden","article_modified_time":"2026-01-16T14:26:59+00:00","og_image":[{"width":560,"height":560,"url":"https:\/\/www.eliassen.nl\/wp-content\/uploads\/2024\/10\/mariabeeldbronsgrooteliassennltbb8.jpg","type":"image\/jpeg"}],"twitter_card":"summary_large_image","schema":{"@context":"https:\/\/schema.org","@graph":[{"@type":"WebPage","@id":"https:\/\/www.eliassen.nl\/de\/grosse-marienstatue-aus-bronze-zweifarbig-75cm\/","url":"https:\/\/www.eliassen.nl\/de\/grosse-marienstatue-aus-bronze-zweifarbig-75cm\/","name":"Statue der Jungfrau Maria gro\u00df aus Bronze, zweifarbig 75cm","isPartOf":{"@id":"https:\/\/www.eliassen.nl\/de\/#website"},"primaryImageOfPage":{"@id":"https:\/\/www.eliassen.nl\/de\/grosse-marienstatue-aus-bronze-zweifarbig-75cm\/#primaryimage"},"image":{"@id":"https:\/\/www.eliassen.nl\/de\/grosse-marienstatue-aus-bronze-zweifarbig-75cm\/#primaryimage"},"thumbnailUrl":"https:\/\/www.eliassen.nl\/wp-content\/uploads\/2024\/10\/mariabeeldbronsgrooteliassennltbb8.jpg","datePublished":"2024-08-06T18:59:02+00:00","dateModified":"2026-01-16T14:26:59+00:00","description":"Sind Sie auf der Suche nach einer einzigartigen Marienstatue? Dieses Modell ist aus Bronze gefertigt und hat braune und gr\u00fcne Farbt\u00f6ne. Die Skulptur ist 28x19x75cm hoch","breadcrumb":{"@id":"https:\/\/www.eliassen.nl\/de\/grosse-marienstatue-aus-bronze-zweifarbig-75cm\/#breadcrumb"},"inLanguage":"de","potentialAction":[{"@type":"ReadAction","target":["https:\/\/www.eliassen.nl\/de\/grosse-marienstatue-aus-bronze-zweifarbig-75cm\/"]}]},{"@type":"ImageObject","inLanguage":"de","@id":"https:\/\/www.eliassen.nl\/de\/grosse-marienstatue-aus-bronze-zweifarbig-75cm\/#primaryimage","url":"https:\/\/www.eliassen.nl\/wp-content\/uploads\/2024\/10\/mariabeeldbronsgrooteliassennltbb8.jpg","contentUrl":"https:\/\/www.eliassen.nl\/wp-content\/uploads\/2024\/10\/mariabeeldbronsgrooteliassennltbb8.jpg","width":560,"height":560,"caption":"Statue der Jungfrau Maria Bronze gro\u00df Eliassen.nl TBB-8"},{"@type":"BreadcrumbList","@id":"https:\/\/www.eliassen.nl\/de\/grosse-marienstatue-aus-bronze-zweifarbig-75cm\/#breadcrumb","itemListElement":[{"@type":"ListItem","position":1,"name":"Home","item":"https:\/\/www.eliassen.nl\/de\/"},{"@type":"ListItem","position":2,"name":"Shop","item":"https:\/\/www.eliassen.nl\/de\/shop\/"},{"@type":"ListItem","position":3,"name":"Bronzestatuen","item":"https:\/\/www.eliassen.nl\/de\/bronzestatuen\/"},{"@type":"ListItem","position":4,"name":"Andere Bronzestatuen","item":"https:\/\/www.eliassen.nl\/de\/bilder\/bronzestatuen\/andere-bronzestatuen\/"},{"@type":"ListItem","position":5,"name":"Statue der Jungfrau Maria gro\u00df aus Bronze, zweifarbig 75cm"}]},{"@type":"WebSite","@id":"https:\/\/www.eliassen.nl\/de\/#website","url":"https:\/\/www.eliassen.nl\/de\/","name":"Eliassen Home & Garden Pleasure","description":"","publisher":{"@id":"https:\/\/www.eliassen.nl\/de\/#organization"},"alternateName":"Eliassen.nl","potentialAction":[{"@type":"SearchAction","target":{"@type":"EntryPoint","urlTemplate":"https:\/\/www.eliassen.nl\/de\/?s={search_term_string}"},"query-input":{"@type":"PropertyValueSpecification","valueRequired":true,"valueName":"search_term_string"}}],"inLanguage":"de"},{"@type":["Organization","Place"],"@id":"https:\/\/www.eliassen.nl\/de\/#organization","name":"Eliassen Home & Garden Pleasure","url":"https:\/\/www.eliassen.nl\/de\/","logo":{"@id":"https:\/\/www.eliassen.nl\/de\/grosse-marienstatue-aus-bronze-zweifarbig-75cm\/#local-main-organization-logo"},"image":{"@id":"https:\/\/www.eliassen.nl\/de\/grosse-marienstatue-aus-bronze-zweifarbig-75cm\/#local-main-organization-logo"},"sameAs":["https:\/\/www.facebook.com\/TuincentrumEliassenAmmerzoden","https:\/\/www.instagram.com\/eliassenhomeandgarden\/","https:\/\/nl.pinterest.com\/eliassenhomeandgarden\/","https:\/\/www.youtube.com\/@eliassenhomegardenpleasure4558"],"telephone":[],"openingHoursSpecification":[{"@type":"OpeningHoursSpecification","dayOfWeek":["Monday","Tuesday","Wednesday","Thursday","Friday","Saturday","Sunday"],"opens":"09:00","closes":"17:00"}]},{"@type":"ImageObject","inLanguage":"de","@id":"https:\/\/www.eliassen.nl\/de\/grosse-marienstatue-aus-bronze-zweifarbig-75cm\/#local-main-organization-logo","url":"https:\/\/www.eliassen.nl\/wp-content\/uploads\/2024\/01\/logo_4nd.jpg","contentUrl":"https:\/\/www.eliassen.nl\/wp-content\/uploads\/2024\/01\/logo_4nd.jpg","width":500,"height":500,"caption":"Eliassen Home & Garden Pleasure"}]},"product_price_amount":"799.00","product_price_currency":"EUR","og_availability":"instock","product_availability":"instock","product_retailer_item_id":"Tbb-8","product_condition":"new"},"df_price":799,"df_sale_price":"","df_regular_price":799,"df_image_link":"https:\/\/www.eliassen.nl\/wp-content\/uploads\/2024\/10\/mariabeeldbronsgrooteliassennltbb8.jpg","image":"https:\/\/www.eliassen.nl\/wp-content\/uploads\/2024\/10\/mariabeeldbronsgrooteliassennltbb8.jpg","price_search":"<span class=\"woocommerce-Price-amount amount\"><bdi><span class=\"woocommerce-Price-currencySymbol\">&euro;<\/span>&nbsp;799,00<\/bdi><\/span>","category":"Andere Bronzestatuen","global_unique_id":"6096516595509","_links":{"self":[{"href":"https:\/\/www.eliassen.nl\/de\/wp-json\/wp\/v2\/product\/158675","targetHints":{"allow":["GET"]}}],"collection":[{"href":"https:\/\/www.eliassen.nl\/de\/wp-json\/wp\/v2\/product"}],"about":[{"href":"https:\/\/www.eliassen.nl\/de\/wp-json\/wp\/v2\/types\/product"}],"wp:featuredmedia":[{"embeddable":true,"href":"https:\/\/www.eliassen.nl\/de\/wp-json\/wp\/v2\/media\/158660"}],"wp:attachment":[{"href":"https:\/\/www.eliassen.nl\/de\/wp-json\/wp\/v2\/media?parent=158675"}],"wp:term":[{"taxonomy":"product_brand","embeddable":true,"href":"https:\/\/www.eliassen.nl\/de\/wp-json\/wp\/v2\/product_brand?post=158675"},{"taxonomy":"product_cat","embeddable":true,"href":"https:\/\/www.eliassen.nl\/de\/wp-json\/wp\/v2\/product_cat?post=158675"},{"taxonomy":"product_tag","embeddable":true,"href":"https:\/\/www.eliassen.nl\/de\/wp-json\/wp\/v2\/product_tag?post=158675"}],"curies":[{"name":"wp","href":"https:\/\/api.w.org\/{rel}","templated":true}]}}