{"id":158516,"date":"2024-07-24T19:37:45","date_gmt":"2024-07-24T19:37:45","guid":{"rendered":"https:\/\/www.eliassen.nl\/?product=kunstplant-groot-bamboe-130cm"},"modified":"2026-01-16T15:26:21","modified_gmt":"2026-01-16T14:26:21","slug":"kunstplant-groot-bamboe-130cm","status":"publish","type":"product","link":"https:\/\/www.eliassen.nl\/de\/kunstplant-groot-bamboe-130cm\/","title":{"rendered":"K\u00fcnstliche Pflanze gro\u00dfer Bambus 130cm"},"content":{"rendered":"<p>Machen Sie es sich in Ihrem Garten, zu Hause oder am Arbeitsplatz gem\u00fctlich mit diesem sch\u00f6nen, 130 cm gro\u00dfen Bambus.<\/p>\n<p>Dieses nat\u00fcrlich aussehende Bambusmodell mit hohen St\u00e4mmen und vielen langen Bl\u00e4ttern ist aus feinstem recyceltem Kunststoff hergestellt und steht durch den Topf, in dem die Pflanze steht, gut alleine. Dieser 130 cm hohe Bambus f\u00fcllt dank seiner hohen St\u00e4mme und vielen Bl\u00e4tter sehr schnell leere R\u00e4ume. Kombiniert mit anderen Seidenpflanzen, zusammen in 1 gro\u00dfen Topf, k\u00f6nnen Sie ein sch\u00f6nes Pflanzenarrangement schaffen, um das Sie sich nicht k\u00fcmmern m\u00fcssen.<\/p>\n<p>Sind die Pflanzen zu trocken oder zu nass, brauchen sie D\u00fcnger, stimmt die Luftfeuchtigkeit, alles Fragen, die Sie sich mit diesen k\u00fcnstlichen Pflanzen nicht mehr stellen m\u00fcssen. Gelegentliches Abwischen mit einem feuchten Tuch ist ausreichend.<\/p>\n<p><strong>Praktisch alles von k\u00fcnstlichen Pflanzen k\u00f6nnen Sie bei uns auch live sehen !!!<\/strong><\/p>\n<p><strong>Bestellen Sie 3 Kunstpflanzen auf einmal bei uns und Sie erhalten 10% Rabatt!<\/strong><\/p>\n<ul>\n<li>Gr\u00f6\u00dfe: 130cm hoch<br \/>\nGewicht: 6kg<\/li>\n<li>Material: Recycelter Kunststoff, PVC-frei<\/li>\n<li>Farbe: gr\u00fcn und braun<\/li>\n<li>Kann auch im Freien aufgestellt werden, allerdings an einem gesch\u00fctzten Ort und nicht in der prallen Sonne.<\/li>\n<li>Garantie: 1 Jahr<\/li>\n<\/ul>\n","protected":false},"excerpt":{"rendered":"<p>Beim Kauf von mehr als 3 Kunstpflanzen erhalten Sie einen Rabatt von 10%.<\/p>\n","protected":false},"featured_media":158513,"template":"","meta":{"_acf_changed":false,"_genesis_title":"","_genesis_description":""},"product_brand":[7505],"product_cat":[7002],"product_tag":[],"class_list":{"0":"post-158516","1":"product","2":"type-product","3":"status-publish","4":"has-post-thumbnail","6":"product_brand-sonstige","7":"product_cat-kuenstliche-pflanzen","9":"first","10":"instock","11":"taxable","12":"shipping-taxable","13":"purchasable","14":"product-type-simple"},"acf":[],"meta_all":{"total_sales":"3","wcml_sync_hash":{"postmeta_fields":"f3da7d63ae46d28a07d43d99a73d5a6f"},"attr_label_translations":[],"cor_restricted_countries":[]},"meta_all_flat":{"total_sales":"3","wcml_sync_hash.postmeta_fields":"f3da7d63ae46d28a07d43d99a73d5a6f"},"yoast_head":"<!-- This site is optimized with the Yoast SEO Premium plugin v26.2 (Yoast SEO v27.2) - https:\/\/yoast.com\/product\/yoast-seo-premium-wordpress\/ -->\n<title>K\u00fcnstliche Pflanze gro\u00dfer Bambus 130cm<\/title>\n<meta name=\"description\" content=\"Ein sehr sch\u00f6nes Modell einer k\u00fcnstlichen Pflanze aus nat\u00fcrlichem Bambus mit einer H\u00f6he von 130 cm. Sch\u00f6n platzf\u00fcllend und wartungsfrei. Schnelle Lieferung.\" \/>\n<meta name=\"robots\" content=\"index, follow, max-snippet:-1, max-image-preview:large, max-video-preview:-1\" \/>\n<link rel=\"canonical\" href=\"https:\/\/www.eliassen.nl\/de\/kunstplant-groot-bamboe-130cm\/\" \/>\n<meta property=\"og:locale\" content=\"de_DE\" \/>\n<meta property=\"og:type\" content=\"article\" \/>\n<meta property=\"og:title\" content=\"Sonstige K\u00fcnstliche Pflanze gro\u00dfer Bambus 130cm - Eliassen.nl\" \/>\n<meta property=\"og:description\" content=\"Ein sehr sch\u00f6nes Modell einer k\u00fcnstlichen Pflanze aus nat\u00fcrlichem Bambus mit einer H\u00f6he von 130 cm. Sch\u00f6n platzf\u00fcllend und wartungsfrei. Schnelle Lieferung.\" \/>\n<meta property=\"og:url\" content=\"https:\/\/www.eliassen.nl\/de\/kunstplant-groot-bamboe-130cm\/\" \/>\n<meta property=\"og:site_name\" content=\"Eliassen.nl\" \/>\n<meta property=\"article:publisher\" content=\"https:\/\/www.facebook.com\/TuincentrumEliassenAmmerzoden\" \/>\n<meta property=\"article:modified_time\" content=\"2026-01-16T14:26:21+00:00\" \/>\n<meta property=\"og:image\" content=\"https:\/\/www.eliassen.nl\/wp-content\/uploads\/2024\/10\/kunstplantbamboe130cmeliassennl318001000.jpg\" \/>\n\t<meta property=\"og:image:width\" content=\"1057\" \/>\n\t<meta property=\"og:image:height\" content=\"1600\" \/>\n\t<meta property=\"og:image:type\" content=\"image\/jpeg\" \/>\n<meta name=\"twitter:card\" content=\"summary_large_image\" \/>\n<script type=\"application\/ld+json\" class=\"yoast-schema-graph\">{\"@context\":\"https:\/\/schema.org\",\"@graph\":[{\"@type\":\"WebPage\",\"@id\":\"https:\/\/www.eliassen.nl\/de\/kunstplant-groot-bamboe-130cm\/\",\"url\":\"https:\/\/www.eliassen.nl\/de\/kunstplant-groot-bamboe-130cm\/\",\"name\":\"K\u00fcnstliche Pflanze gro\u00dfer Bambus 130cm\",\"isPartOf\":{\"@id\":\"https:\/\/www.eliassen.nl\/de\/#website\"},\"primaryImageOfPage\":{\"@id\":\"https:\/\/www.eliassen.nl\/de\/kunstplant-groot-bamboe-130cm\/#primaryimage\"},\"image\":{\"@id\":\"https:\/\/www.eliassen.nl\/de\/kunstplant-groot-bamboe-130cm\/#primaryimage\"},\"thumbnailUrl\":\"https:\/\/www.eliassen.nl\/wp-content\/uploads\/2024\/10\/kunstplantbamboe130cmeliassennl318001000.jpg\",\"datePublished\":\"2024-07-24T19:37:45+00:00\",\"dateModified\":\"2026-01-16T14:26:21+00:00\",\"description\":\"Ein sehr sch\u00f6nes Modell einer k\u00fcnstlichen Pflanze aus nat\u00fcrlichem Bambus mit einer H\u00f6he von 130 cm. Sch\u00f6n platzf\u00fcllend und wartungsfrei. Schnelle Lieferung.\",\"breadcrumb\":{\"@id\":\"https:\/\/www.eliassen.nl\/de\/kunstplant-groot-bamboe-130cm\/#breadcrumb\"},\"inLanguage\":\"de\",\"potentialAction\":[{\"@type\":\"ReadAction\",\"target\":[\"https:\/\/www.eliassen.nl\/de\/kunstplant-groot-bamboe-130cm\/\"]}]},{\"@type\":\"ImageObject\",\"inLanguage\":\"de\",\"@id\":\"https:\/\/www.eliassen.nl\/de\/kunstplant-groot-bamboe-130cm\/#primaryimage\",\"url\":\"https:\/\/www.eliassen.nl\/wp-content\/uploads\/2024\/10\/kunstplantbamboe130cmeliassennl318001000.jpg\",\"contentUrl\":\"https:\/\/www.eliassen.nl\/wp-content\/uploads\/2024\/10\/kunstplantbamboe130cmeliassennl318001000.jpg\",\"width\":1057,\"height\":1600,\"caption\":\"K\u00fcnstliche Pflanze Bambus 130cm Eliassen.nl 318001000\"},{\"@type\":\"BreadcrumbList\",\"@id\":\"https:\/\/www.eliassen.nl\/de\/kunstplant-groot-bamboe-130cm\/#breadcrumb\",\"itemListElement\":[{\"@type\":\"ListItem\",\"position\":1,\"name\":\"Home\",\"item\":\"https:\/\/www.eliassen.nl\/de\/\"},{\"@type\":\"ListItem\",\"position\":2,\"name\":\"Shop\",\"item\":\"https:\/\/www.eliassen.nl\/de\/shop\/\"},{\"@type\":\"ListItem\",\"position\":3,\"name\":\"K\u00fcnstliche Pflanzen\",\"item\":\"https:\/\/www.eliassen.nl\/de\/kuenstliche-pflanzen\/\"},{\"@type\":\"ListItem\",\"position\":4,\"name\":\"K\u00fcnstliche Pflanze gro\u00dfer Bambus 130cm\"}]},{\"@type\":\"WebSite\",\"@id\":\"https:\/\/www.eliassen.nl\/de\/#website\",\"url\":\"https:\/\/www.eliassen.nl\/de\/\",\"name\":\"Eliassen Home & Garden Pleasure\",\"description\":\"\",\"publisher\":{\"@id\":\"https:\/\/www.eliassen.nl\/de\/#organization\"},\"alternateName\":\"Eliassen.nl\",\"potentialAction\":[{\"@type\":\"SearchAction\",\"target\":{\"@type\":\"EntryPoint\",\"urlTemplate\":\"https:\/\/www.eliassen.nl\/de\/?s={search_term_string}\"},\"query-input\":{\"@type\":\"PropertyValueSpecification\",\"valueRequired\":true,\"valueName\":\"search_term_string\"}}],\"inLanguage\":\"de\"},{\"@type\":[\"Organization\",\"Place\"],\"@id\":\"https:\/\/www.eliassen.nl\/de\/#organization\",\"name\":\"Eliassen Home & Garden Pleasure\",\"url\":\"https:\/\/www.eliassen.nl\/de\/\",\"logo\":{\"@id\":\"https:\/\/www.eliassen.nl\/de\/kunstplant-groot-bamboe-130cm\/#local-main-organization-logo\"},\"image\":{\"@id\":\"https:\/\/www.eliassen.nl\/de\/kunstplant-groot-bamboe-130cm\/#local-main-organization-logo\"},\"sameAs\":[\"https:\/\/www.facebook.com\/TuincentrumEliassenAmmerzoden\",\"https:\/\/www.instagram.com\/eliassenhomeandgarden\/\",\"https:\/\/nl.pinterest.com\/eliassenhomeandgarden\/\",\"https:\/\/www.youtube.com\/@eliassenhomegardenpleasure4558\"],\"telephone\":[],\"openingHoursSpecification\":[{\"@type\":\"OpeningHoursSpecification\",\"dayOfWeek\":[\"Monday\",\"Tuesday\",\"Wednesday\",\"Thursday\",\"Friday\",\"Saturday\",\"Sunday\"],\"opens\":\"09:00\",\"closes\":\"17:00\"}]},{\"@type\":\"ImageObject\",\"inLanguage\":\"de\",\"@id\":\"https:\/\/www.eliassen.nl\/de\/kunstplant-groot-bamboe-130cm\/#local-main-organization-logo\",\"url\":\"https:\/\/www.eliassen.nl\/wp-content\/uploads\/2024\/01\/logo_4nd.jpg\",\"contentUrl\":\"https:\/\/www.eliassen.nl\/wp-content\/uploads\/2024\/01\/logo_4nd.jpg\",\"width\":500,\"height\":500,\"caption\":\"Eliassen Home & Garden Pleasure\"}]}<\/script>\n<meta property=\"product:price:amount\" content=\"44.50\" \/>\n<meta property=\"product:price:currency\" content=\"EUR\" \/>\n<meta property=\"og:availability\" content=\"instock\" \/>\n<meta property=\"product:availability\" content=\"instock\" \/>\n<meta property=\"product:retailer_item_id\" content=\"318001000\" \/>\n<meta property=\"product:condition\" content=\"new\" \/>\n<!-- \/ Yoast SEO Premium plugin. -->","yoast_head_json":{"title":"K\u00fcnstliche Pflanze gro\u00dfer Bambus 130cm","description":"Ein sehr sch\u00f6nes Modell einer k\u00fcnstlichen Pflanze aus nat\u00fcrlichem Bambus mit einer H\u00f6he von 130 cm. Sch\u00f6n platzf\u00fcllend und wartungsfrei. Schnelle Lieferung.","robots":{"index":"index","follow":"follow","max-snippet":"max-snippet:-1","max-image-preview":"max-image-preview:large","max-video-preview":"max-video-preview:-1"},"canonical":"https:\/\/www.eliassen.nl\/de\/kunstplant-groot-bamboe-130cm\/","og_locale":"de_DE","og_type":"article","og_title":"Sonstige K\u00fcnstliche Pflanze gro\u00dfer Bambus 130cm - Eliassen.nl","og_description":"Ein sehr sch\u00f6nes Modell einer k\u00fcnstlichen Pflanze aus nat\u00fcrlichem Bambus mit einer H\u00f6he von 130 cm. Sch\u00f6n platzf\u00fcllend und wartungsfrei. Schnelle Lieferung.","og_url":"https:\/\/www.eliassen.nl\/de\/kunstplant-groot-bamboe-130cm\/","og_site_name":"Eliassen.nl","article_publisher":"https:\/\/www.facebook.com\/TuincentrumEliassenAmmerzoden","article_modified_time":"2026-01-16T14:26:21+00:00","og_image":[{"width":1057,"height":1600,"url":"https:\/\/www.eliassen.nl\/wp-content\/uploads\/2024\/10\/kunstplantbamboe130cmeliassennl318001000.jpg","type":"image\/jpeg"}],"twitter_card":"summary_large_image","schema":{"@context":"https:\/\/schema.org","@graph":[{"@type":"WebPage","@id":"https:\/\/www.eliassen.nl\/de\/kunstplant-groot-bamboe-130cm\/","url":"https:\/\/www.eliassen.nl\/de\/kunstplant-groot-bamboe-130cm\/","name":"K\u00fcnstliche Pflanze gro\u00dfer Bambus 130cm","isPartOf":{"@id":"https:\/\/www.eliassen.nl\/de\/#website"},"primaryImageOfPage":{"@id":"https:\/\/www.eliassen.nl\/de\/kunstplant-groot-bamboe-130cm\/#primaryimage"},"image":{"@id":"https:\/\/www.eliassen.nl\/de\/kunstplant-groot-bamboe-130cm\/#primaryimage"},"thumbnailUrl":"https:\/\/www.eliassen.nl\/wp-content\/uploads\/2024\/10\/kunstplantbamboe130cmeliassennl318001000.jpg","datePublished":"2024-07-24T19:37:45+00:00","dateModified":"2026-01-16T14:26:21+00:00","description":"Ein sehr sch\u00f6nes Modell einer k\u00fcnstlichen Pflanze aus nat\u00fcrlichem Bambus mit einer H\u00f6he von 130 cm. Sch\u00f6n platzf\u00fcllend und wartungsfrei. Schnelle Lieferung.","breadcrumb":{"@id":"https:\/\/www.eliassen.nl\/de\/kunstplant-groot-bamboe-130cm\/#breadcrumb"},"inLanguage":"de","potentialAction":[{"@type":"ReadAction","target":["https:\/\/www.eliassen.nl\/de\/kunstplant-groot-bamboe-130cm\/"]}]},{"@type":"ImageObject","inLanguage":"de","@id":"https:\/\/www.eliassen.nl\/de\/kunstplant-groot-bamboe-130cm\/#primaryimage","url":"https:\/\/www.eliassen.nl\/wp-content\/uploads\/2024\/10\/kunstplantbamboe130cmeliassennl318001000.jpg","contentUrl":"https:\/\/www.eliassen.nl\/wp-content\/uploads\/2024\/10\/kunstplantbamboe130cmeliassennl318001000.jpg","width":1057,"height":1600,"caption":"K\u00fcnstliche Pflanze Bambus 130cm Eliassen.nl 318001000"},{"@type":"BreadcrumbList","@id":"https:\/\/www.eliassen.nl\/de\/kunstplant-groot-bamboe-130cm\/#breadcrumb","itemListElement":[{"@type":"ListItem","position":1,"name":"Home","item":"https:\/\/www.eliassen.nl\/de\/"},{"@type":"ListItem","position":2,"name":"Shop","item":"https:\/\/www.eliassen.nl\/de\/shop\/"},{"@type":"ListItem","position":3,"name":"K\u00fcnstliche Pflanzen","item":"https:\/\/www.eliassen.nl\/de\/kuenstliche-pflanzen\/"},{"@type":"ListItem","position":4,"name":"K\u00fcnstliche Pflanze gro\u00dfer Bambus 130cm"}]},{"@type":"WebSite","@id":"https:\/\/www.eliassen.nl\/de\/#website","url":"https:\/\/www.eliassen.nl\/de\/","name":"Eliassen Home & Garden Pleasure","description":"","publisher":{"@id":"https:\/\/www.eliassen.nl\/de\/#organization"},"alternateName":"Eliassen.nl","potentialAction":[{"@type":"SearchAction","target":{"@type":"EntryPoint","urlTemplate":"https:\/\/www.eliassen.nl\/de\/?s={search_term_string}"},"query-input":{"@type":"PropertyValueSpecification","valueRequired":true,"valueName":"search_term_string"}}],"inLanguage":"de"},{"@type":["Organization","Place"],"@id":"https:\/\/www.eliassen.nl\/de\/#organization","name":"Eliassen Home & Garden Pleasure","url":"https:\/\/www.eliassen.nl\/de\/","logo":{"@id":"https:\/\/www.eliassen.nl\/de\/kunstplant-groot-bamboe-130cm\/#local-main-organization-logo"},"image":{"@id":"https:\/\/www.eliassen.nl\/de\/kunstplant-groot-bamboe-130cm\/#local-main-organization-logo"},"sameAs":["https:\/\/www.facebook.com\/TuincentrumEliassenAmmerzoden","https:\/\/www.instagram.com\/eliassenhomeandgarden\/","https:\/\/nl.pinterest.com\/eliassenhomeandgarden\/","https:\/\/www.youtube.com\/@eliassenhomegardenpleasure4558"],"telephone":[],"openingHoursSpecification":[{"@type":"OpeningHoursSpecification","dayOfWeek":["Monday","Tuesday","Wednesday","Thursday","Friday","Saturday","Sunday"],"opens":"09:00","closes":"17:00"}]},{"@type":"ImageObject","inLanguage":"de","@id":"https:\/\/www.eliassen.nl\/de\/kunstplant-groot-bamboe-130cm\/#local-main-organization-logo","url":"https:\/\/www.eliassen.nl\/wp-content\/uploads\/2024\/01\/logo_4nd.jpg","contentUrl":"https:\/\/www.eliassen.nl\/wp-content\/uploads\/2024\/01\/logo_4nd.jpg","width":500,"height":500,"caption":"Eliassen Home & Garden Pleasure"}]},"product_price_amount":"44.50","product_price_currency":"EUR","og_availability":"instock","product_availability":"instock","product_retailer_item_id":"318001000","product_condition":"new"},"df_price":44.5,"df_sale_price":"","df_regular_price":44.5,"df_image_link":"https:\/\/www.eliassen.nl\/wp-content\/uploads\/2024\/10\/kunstplantbamboe130cmeliassennl318001000.jpg","image":"https:\/\/www.eliassen.nl\/wp-content\/uploads\/2024\/10\/kunstplantbamboe130cmeliassennl318001000.jpg","price_search":"<span class=\"woocommerce-Price-amount amount\"><bdi><span class=\"woocommerce-Price-currencySymbol\">&euro;<\/span>&nbsp;44,50<\/bdi><\/span>","category":"K\u00fcnstliche Pflanzen","global_unique_id":"8720573166218","_links":{"self":[{"href":"https:\/\/www.eliassen.nl\/de\/wp-json\/wp\/v2\/product\/158516","targetHints":{"allow":["GET"]}}],"collection":[{"href":"https:\/\/www.eliassen.nl\/de\/wp-json\/wp\/v2\/product"}],"about":[{"href":"https:\/\/www.eliassen.nl\/de\/wp-json\/wp\/v2\/types\/product"}],"wp:featuredmedia":[{"embeddable":true,"href":"https:\/\/www.eliassen.nl\/de\/wp-json\/wp\/v2\/media\/158513"}],"wp:attachment":[{"href":"https:\/\/www.eliassen.nl\/de\/wp-json\/wp\/v2\/media?parent=158516"}],"wp:term":[{"taxonomy":"product_brand","embeddable":true,"href":"https:\/\/www.eliassen.nl\/de\/wp-json\/wp\/v2\/product_brand?post=158516"},{"taxonomy":"product_cat","embeddable":true,"href":"https:\/\/www.eliassen.nl\/de\/wp-json\/wp\/v2\/product_cat?post=158516"},{"taxonomy":"product_tag","embeddable":true,"href":"https:\/\/www.eliassen.nl\/de\/wp-json\/wp\/v2\/product_tag?post=158516"}],"curies":[{"name":"wp","href":"https:\/\/api.w.org\/{rel}","templated":true}]}}