{"id":158360,"date":"2024-07-22T17:04:38","date_gmt":"2024-07-22T17:04:38","guid":{"rendered":"https:\/\/www.eliassen.nl\/?product=kuntplant-calathea-in-pot-118cm"},"modified":"2026-01-16T15:26:38","modified_gmt":"2026-01-16T14:26:38","slug":"kuntplant-calathea-in-pot-118cm","status":"publish","type":"product","link":"https:\/\/www.eliassen.nl\/de\/kuntplant-calathea-in-pot-118cm\/","title":{"rendered":"K\u00fcnstliche Pflanze Calathea im Topf 118cm"},"content":{"rendered":"<p>Machen Sie es sich in Ihrem Garten, zu Hause oder am Arbeitsplatz gem\u00fctlich mit dieser sch\u00f6nen 118 cm hohen Calathea.<\/p>\n<p>Dieses nat\u00fcrlich aussehende Calathea-Modell mit vielen, gro\u00dfen Bl\u00e4ttern ist aus feinstem Recycling-Kunststoff hergestellt und steht durch den Topf, in dem die Pflanze steht, gut alleine. Diese 118 cm hohe Calathea f\u00fcllt aufgrund ihrer Gr\u00f6\u00dfe und der vielen gro\u00dfen Bl\u00e4tter sehr schnell leere R\u00e4ume aus. Kombiniert mit anderen Seidenpflanzen, zusammen in 1 gro\u00dfen Topf, k\u00f6nnen Sie ein sch\u00f6nes Pflanzenarrangement schaffen, um das Sie sich nicht k\u00fcmmern m\u00fcssen.<\/p>\n<p>Sind die Pflanzen zu trocken oder zu nass, brauchen sie D\u00fcnger, stimmt die Luftfeuchtigkeit, alles Fragen, die Sie sich mit diesen k\u00fcnstlichen Pflanzen nicht mehr stellen m\u00fcssen. Gelegentliches Abwischen mit einem feuchten Tuch ist ausreichend.<\/p>\n<p><strong>Praktisch alles von k\u00fcnstlichen Pflanzen k\u00f6nnen Sie bei uns auch live sehen !!!<\/strong><\/p>\n<p><strong>Bestellen Sie 3 Kunstpflanzen auf einmal bei uns und Sie erhalten 10% Rabatt !!!<\/strong><\/p>\n<ul>\n<li>Gr\u00f6\u00dfe: 118cm hoch<\/li>\n<li>Gewicht: 6kg<\/li>\n<li>Material: Recycelter Kunststoff, PVC-frei<\/li>\n<li>Farbe: gr\u00fcn<\/li>\n<li>Kann auch im Freien aufgestellt werden, allerdings an einem gesch\u00fctzten Ort und nicht in der prallen Sonne.<\/li>\n<li>Garantie: 1 Jahr<\/li>\n<\/ul>\n","protected":false},"excerpt":{"rendered":"<p>Wenn Sie mehr als 3 Kunstpflanzen kaufen, erhalten Sie einen Rabatt von 10%.<\/p>\n","protected":false},"featured_media":158357,"template":"","meta":{"_acf_changed":false,"_genesis_title":"","_genesis_description":""},"product_brand":[7505],"product_cat":[7002],"product_tag":[],"class_list":{"0":"post-158360","1":"product","2":"type-product","3":"status-publish","4":"has-post-thumbnail","6":"product_brand-sonstige","7":"product_cat-kuenstliche-pflanzen","9":"first","10":"instock","11":"taxable","12":"shipping-taxable","13":"purchasable","14":"product-type-simple"},"acf":[],"meta_all":{"total_sales":"2","wcml_sync_hash":{"postmeta_fields":"853c7b93406f1d667b008fc1012ca3b1"},"attr_label_translations":[],"cor_restricted_countries":[]},"meta_all_flat":{"total_sales":"2","wcml_sync_hash.postmeta_fields":"853c7b93406f1d667b008fc1012ca3b1"},"yoast_head":"<!-- This site is optimized with the Yoast SEO Premium plugin v26.2 (Yoast SEO v27.2) - https:\/\/yoast.com\/product\/yoast-seo-premium-wordpress\/ -->\n<title>K\u00fcnstliche Pflanze Calathea im Topf 118cm<\/title>\n<meta name=\"description\" content=\"Ein sch\u00f6nes Exemplar einer k\u00fcnstlichen Calathea mit vielen gro\u00dfen Bl\u00e4ttern und von guter Qualit\u00e4t. Viele Kunstpflanzen sind in unserem Gesch\u00e4ft ausgestellt und online erh\u00e4ltlich.\" \/>\n<meta name=\"robots\" content=\"index, follow, max-snippet:-1, max-image-preview:large, max-video-preview:-1\" \/>\n<link rel=\"canonical\" href=\"https:\/\/www.eliassen.nl\/de\/kuntplant-calathea-in-pot-118cm\/\" \/>\n<meta property=\"og:locale\" content=\"de_DE\" \/>\n<meta property=\"og:type\" content=\"article\" \/>\n<meta property=\"og:title\" content=\"Sonstige K\u00fcnstliche Pflanze Calathea im Topf 118cm - Eliassen.nl\" \/>\n<meta property=\"og:description\" content=\"Ein sch\u00f6nes Exemplar einer k\u00fcnstlichen Calathea mit vielen gro\u00dfen Bl\u00e4ttern und von guter Qualit\u00e4t. Viele Kunstpflanzen sind in unserem Gesch\u00e4ft ausgestellt und online erh\u00e4ltlich.\" \/>\n<meta property=\"og:url\" content=\"https:\/\/www.eliassen.nl\/de\/kuntplant-calathea-in-pot-118cm\/\" \/>\n<meta property=\"og:site_name\" content=\"Eliassen.nl\" \/>\n<meta property=\"article:publisher\" content=\"https:\/\/www.facebook.com\/TuincentrumEliassenAmmerzoden\" \/>\n<meta property=\"article:modified_time\" content=\"2026-01-16T14:26:38+00:00\" \/>\n<meta property=\"og:image\" content=\"https:\/\/www.eliassen.nl\/wp-content\/uploads\/2024\/10\/kunstplantcalatheainpot118cmeliassennl.jpg\" \/>\n\t<meta property=\"og:image:width\" content=\"772\" \/>\n\t<meta property=\"og:image:height\" content=\"1600\" \/>\n\t<meta property=\"og:image:type\" content=\"image\/jpeg\" \/>\n<meta name=\"twitter:card\" content=\"summary_large_image\" \/>\n<script type=\"application\/ld+json\" class=\"yoast-schema-graph\">{\"@context\":\"https:\/\/schema.org\",\"@graph\":[{\"@type\":\"WebPage\",\"@id\":\"https:\/\/www.eliassen.nl\/de\/kuntplant-calathea-in-pot-118cm\/\",\"url\":\"https:\/\/www.eliassen.nl\/de\/kuntplant-calathea-in-pot-118cm\/\",\"name\":\"K\u00fcnstliche Pflanze Calathea im Topf 118cm\",\"isPartOf\":{\"@id\":\"https:\/\/www.eliassen.nl\/de\/#website\"},\"primaryImageOfPage\":{\"@id\":\"https:\/\/www.eliassen.nl\/de\/kuntplant-calathea-in-pot-118cm\/#primaryimage\"},\"image\":{\"@id\":\"https:\/\/www.eliassen.nl\/de\/kuntplant-calathea-in-pot-118cm\/#primaryimage\"},\"thumbnailUrl\":\"https:\/\/www.eliassen.nl\/wp-content\/uploads\/2024\/10\/kunstplantcalatheainpot118cmeliassennl.jpg\",\"datePublished\":\"2024-07-22T17:04:38+00:00\",\"dateModified\":\"2026-01-16T14:26:38+00:00\",\"description\":\"Ein sch\u00f6nes Exemplar einer k\u00fcnstlichen Calathea mit vielen gro\u00dfen Bl\u00e4ttern und von guter Qualit\u00e4t. Viele Kunstpflanzen sind in unserem Gesch\u00e4ft ausgestellt und online erh\u00e4ltlich.\",\"breadcrumb\":{\"@id\":\"https:\/\/www.eliassen.nl\/de\/kuntplant-calathea-in-pot-118cm\/#breadcrumb\"},\"inLanguage\":\"de\",\"potentialAction\":[{\"@type\":\"ReadAction\",\"target\":[\"https:\/\/www.eliassen.nl\/de\/kuntplant-calathea-in-pot-118cm\/\"]}]},{\"@type\":\"ImageObject\",\"inLanguage\":\"de\",\"@id\":\"https:\/\/www.eliassen.nl\/de\/kuntplant-calathea-in-pot-118cm\/#primaryimage\",\"url\":\"https:\/\/www.eliassen.nl\/wp-content\/uploads\/2024\/10\/kunstplantcalatheainpot118cmeliassennl.jpg\",\"contentUrl\":\"https:\/\/www.eliassen.nl\/wp-content\/uploads\/2024\/10\/kunstplantcalatheainpot118cmeliassennl.jpg\",\"width\":772,\"height\":1600,\"caption\":\"K\u00fcnstliche Pflanze Calathea im Topf 118cm Eliassen.nl\"},{\"@type\":\"BreadcrumbList\",\"@id\":\"https:\/\/www.eliassen.nl\/de\/kuntplant-calathea-in-pot-118cm\/#breadcrumb\",\"itemListElement\":[{\"@type\":\"ListItem\",\"position\":1,\"name\":\"Home\",\"item\":\"https:\/\/www.eliassen.nl\/de\/\"},{\"@type\":\"ListItem\",\"position\":2,\"name\":\"Shop\",\"item\":\"https:\/\/www.eliassen.nl\/de\/shop\/\"},{\"@type\":\"ListItem\",\"position\":3,\"name\":\"K\u00fcnstliche Pflanzen\",\"item\":\"https:\/\/www.eliassen.nl\/de\/kuenstliche-pflanzen\/\"},{\"@type\":\"ListItem\",\"position\":4,\"name\":\"K\u00fcnstliche Pflanze Calathea im Topf 118cm\"}]},{\"@type\":\"WebSite\",\"@id\":\"https:\/\/www.eliassen.nl\/de\/#website\",\"url\":\"https:\/\/www.eliassen.nl\/de\/\",\"name\":\"Eliassen Home & Garden Pleasure\",\"description\":\"\",\"publisher\":{\"@id\":\"https:\/\/www.eliassen.nl\/de\/#organization\"},\"alternateName\":\"Eliassen.nl\",\"potentialAction\":[{\"@type\":\"SearchAction\",\"target\":{\"@type\":\"EntryPoint\",\"urlTemplate\":\"https:\/\/www.eliassen.nl\/de\/?s={search_term_string}\"},\"query-input\":{\"@type\":\"PropertyValueSpecification\",\"valueRequired\":true,\"valueName\":\"search_term_string\"}}],\"inLanguage\":\"de\"},{\"@type\":[\"Organization\",\"Place\"],\"@id\":\"https:\/\/www.eliassen.nl\/de\/#organization\",\"name\":\"Eliassen Home & Garden Pleasure\",\"url\":\"https:\/\/www.eliassen.nl\/de\/\",\"logo\":{\"@id\":\"https:\/\/www.eliassen.nl\/de\/kuntplant-calathea-in-pot-118cm\/#local-main-organization-logo\"},\"image\":{\"@id\":\"https:\/\/www.eliassen.nl\/de\/kuntplant-calathea-in-pot-118cm\/#local-main-organization-logo\"},\"sameAs\":[\"https:\/\/www.facebook.com\/TuincentrumEliassenAmmerzoden\",\"https:\/\/www.instagram.com\/eliassenhomeandgarden\/\",\"https:\/\/nl.pinterest.com\/eliassenhomeandgarden\/\",\"https:\/\/www.youtube.com\/@eliassenhomegardenpleasure4558\"],\"telephone\":[],\"openingHoursSpecification\":[{\"@type\":\"OpeningHoursSpecification\",\"dayOfWeek\":[\"Monday\",\"Tuesday\",\"Wednesday\",\"Thursday\",\"Friday\",\"Saturday\",\"Sunday\"],\"opens\":\"09:00\",\"closes\":\"17:00\"}]},{\"@type\":\"ImageObject\",\"inLanguage\":\"de\",\"@id\":\"https:\/\/www.eliassen.nl\/de\/kuntplant-calathea-in-pot-118cm\/#local-main-organization-logo\",\"url\":\"https:\/\/www.eliassen.nl\/wp-content\/uploads\/2024\/01\/logo_4nd.jpg\",\"contentUrl\":\"https:\/\/www.eliassen.nl\/wp-content\/uploads\/2024\/01\/logo_4nd.jpg\",\"width\":500,\"height\":500,\"caption\":\"Eliassen Home & Garden Pleasure\"}]}<\/script>\n<meta property=\"product:price:amount\" content=\"37.50\" \/>\n<meta property=\"product:price:currency\" content=\"EUR\" \/>\n<meta property=\"og:availability\" content=\"instock\" \/>\n<meta property=\"product:availability\" content=\"instock\" \/>\n<meta property=\"product:retailer_item_id\" content=\"pl6000020\" \/>\n<meta property=\"product:condition\" content=\"new\" \/>\n<!-- \/ Yoast SEO Premium plugin. -->","yoast_head_json":{"title":"K\u00fcnstliche Pflanze Calathea im Topf 118cm","description":"Ein sch\u00f6nes Exemplar einer k\u00fcnstlichen Calathea mit vielen gro\u00dfen Bl\u00e4ttern und von guter Qualit\u00e4t. Viele Kunstpflanzen sind in unserem Gesch\u00e4ft ausgestellt und online erh\u00e4ltlich.","robots":{"index":"index","follow":"follow","max-snippet":"max-snippet:-1","max-image-preview":"max-image-preview:large","max-video-preview":"max-video-preview:-1"},"canonical":"https:\/\/www.eliassen.nl\/de\/kuntplant-calathea-in-pot-118cm\/","og_locale":"de_DE","og_type":"article","og_title":"Sonstige K\u00fcnstliche Pflanze Calathea im Topf 118cm - Eliassen.nl","og_description":"Ein sch\u00f6nes Exemplar einer k\u00fcnstlichen Calathea mit vielen gro\u00dfen Bl\u00e4ttern und von guter Qualit\u00e4t. Viele Kunstpflanzen sind in unserem Gesch\u00e4ft ausgestellt und online erh\u00e4ltlich.","og_url":"https:\/\/www.eliassen.nl\/de\/kuntplant-calathea-in-pot-118cm\/","og_site_name":"Eliassen.nl","article_publisher":"https:\/\/www.facebook.com\/TuincentrumEliassenAmmerzoden","article_modified_time":"2026-01-16T14:26:38+00:00","og_image":[{"width":772,"height":1600,"url":"https:\/\/www.eliassen.nl\/wp-content\/uploads\/2024\/10\/kunstplantcalatheainpot118cmeliassennl.jpg","type":"image\/jpeg"}],"twitter_card":"summary_large_image","schema":{"@context":"https:\/\/schema.org","@graph":[{"@type":"WebPage","@id":"https:\/\/www.eliassen.nl\/de\/kuntplant-calathea-in-pot-118cm\/","url":"https:\/\/www.eliassen.nl\/de\/kuntplant-calathea-in-pot-118cm\/","name":"K\u00fcnstliche Pflanze Calathea im Topf 118cm","isPartOf":{"@id":"https:\/\/www.eliassen.nl\/de\/#website"},"primaryImageOfPage":{"@id":"https:\/\/www.eliassen.nl\/de\/kuntplant-calathea-in-pot-118cm\/#primaryimage"},"image":{"@id":"https:\/\/www.eliassen.nl\/de\/kuntplant-calathea-in-pot-118cm\/#primaryimage"},"thumbnailUrl":"https:\/\/www.eliassen.nl\/wp-content\/uploads\/2024\/10\/kunstplantcalatheainpot118cmeliassennl.jpg","datePublished":"2024-07-22T17:04:38+00:00","dateModified":"2026-01-16T14:26:38+00:00","description":"Ein sch\u00f6nes Exemplar einer k\u00fcnstlichen Calathea mit vielen gro\u00dfen Bl\u00e4ttern und von guter Qualit\u00e4t. Viele Kunstpflanzen sind in unserem Gesch\u00e4ft ausgestellt und online erh\u00e4ltlich.","breadcrumb":{"@id":"https:\/\/www.eliassen.nl\/de\/kuntplant-calathea-in-pot-118cm\/#breadcrumb"},"inLanguage":"de","potentialAction":[{"@type":"ReadAction","target":["https:\/\/www.eliassen.nl\/de\/kuntplant-calathea-in-pot-118cm\/"]}]},{"@type":"ImageObject","inLanguage":"de","@id":"https:\/\/www.eliassen.nl\/de\/kuntplant-calathea-in-pot-118cm\/#primaryimage","url":"https:\/\/www.eliassen.nl\/wp-content\/uploads\/2024\/10\/kunstplantcalatheainpot118cmeliassennl.jpg","contentUrl":"https:\/\/www.eliassen.nl\/wp-content\/uploads\/2024\/10\/kunstplantcalatheainpot118cmeliassennl.jpg","width":772,"height":1600,"caption":"K\u00fcnstliche Pflanze Calathea im Topf 118cm Eliassen.nl"},{"@type":"BreadcrumbList","@id":"https:\/\/www.eliassen.nl\/de\/kuntplant-calathea-in-pot-118cm\/#breadcrumb","itemListElement":[{"@type":"ListItem","position":1,"name":"Home","item":"https:\/\/www.eliassen.nl\/de\/"},{"@type":"ListItem","position":2,"name":"Shop","item":"https:\/\/www.eliassen.nl\/de\/shop\/"},{"@type":"ListItem","position":3,"name":"K\u00fcnstliche Pflanzen","item":"https:\/\/www.eliassen.nl\/de\/kuenstliche-pflanzen\/"},{"@type":"ListItem","position":4,"name":"K\u00fcnstliche Pflanze Calathea im Topf 118cm"}]},{"@type":"WebSite","@id":"https:\/\/www.eliassen.nl\/de\/#website","url":"https:\/\/www.eliassen.nl\/de\/","name":"Eliassen Home & Garden Pleasure","description":"","publisher":{"@id":"https:\/\/www.eliassen.nl\/de\/#organization"},"alternateName":"Eliassen.nl","potentialAction":[{"@type":"SearchAction","target":{"@type":"EntryPoint","urlTemplate":"https:\/\/www.eliassen.nl\/de\/?s={search_term_string}"},"query-input":{"@type":"PropertyValueSpecification","valueRequired":true,"valueName":"search_term_string"}}],"inLanguage":"de"},{"@type":["Organization","Place"],"@id":"https:\/\/www.eliassen.nl\/de\/#organization","name":"Eliassen Home & Garden Pleasure","url":"https:\/\/www.eliassen.nl\/de\/","logo":{"@id":"https:\/\/www.eliassen.nl\/de\/kuntplant-calathea-in-pot-118cm\/#local-main-organization-logo"},"image":{"@id":"https:\/\/www.eliassen.nl\/de\/kuntplant-calathea-in-pot-118cm\/#local-main-organization-logo"},"sameAs":["https:\/\/www.facebook.com\/TuincentrumEliassenAmmerzoden","https:\/\/www.instagram.com\/eliassenhomeandgarden\/","https:\/\/nl.pinterest.com\/eliassenhomeandgarden\/","https:\/\/www.youtube.com\/@eliassenhomegardenpleasure4558"],"telephone":[],"openingHoursSpecification":[{"@type":"OpeningHoursSpecification","dayOfWeek":["Monday","Tuesday","Wednesday","Thursday","Friday","Saturday","Sunday"],"opens":"09:00","closes":"17:00"}]},{"@type":"ImageObject","inLanguage":"de","@id":"https:\/\/www.eliassen.nl\/de\/kuntplant-calathea-in-pot-118cm\/#local-main-organization-logo","url":"https:\/\/www.eliassen.nl\/wp-content\/uploads\/2024\/01\/logo_4nd.jpg","contentUrl":"https:\/\/www.eliassen.nl\/wp-content\/uploads\/2024\/01\/logo_4nd.jpg","width":500,"height":500,"caption":"Eliassen Home & Garden Pleasure"}]},"product_price_amount":"37.50","product_price_currency":"EUR","og_availability":"instock","product_availability":"instock","product_retailer_item_id":"pl6000020","product_condition":"new"},"df_price":37.5,"df_sale_price":"","df_regular_price":37.5,"df_image_link":"https:\/\/www.eliassen.nl\/wp-content\/uploads\/2024\/10\/kunstplantcalatheainpot118cmeliassennl.jpg","image":"https:\/\/www.eliassen.nl\/wp-content\/uploads\/2024\/10\/kunstplantcalatheainpot118cmeliassennl.jpg","price_search":"<span class=\"woocommerce-Price-amount amount\"><bdi><span class=\"woocommerce-Price-currencySymbol\">&euro;<\/span>&nbsp;37,50<\/bdi><\/span>","category":"K\u00fcnstliche Pflanzen","global_unique_id":"8720573993982","_links":{"self":[{"href":"https:\/\/www.eliassen.nl\/de\/wp-json\/wp\/v2\/product\/158360","targetHints":{"allow":["GET"]}}],"collection":[{"href":"https:\/\/www.eliassen.nl\/de\/wp-json\/wp\/v2\/product"}],"about":[{"href":"https:\/\/www.eliassen.nl\/de\/wp-json\/wp\/v2\/types\/product"}],"wp:featuredmedia":[{"embeddable":true,"href":"https:\/\/www.eliassen.nl\/de\/wp-json\/wp\/v2\/media\/158357"}],"wp:attachment":[{"href":"https:\/\/www.eliassen.nl\/de\/wp-json\/wp\/v2\/media?parent=158360"}],"wp:term":[{"taxonomy":"product_brand","embeddable":true,"href":"https:\/\/www.eliassen.nl\/de\/wp-json\/wp\/v2\/product_brand?post=158360"},{"taxonomy":"product_cat","embeddable":true,"href":"https:\/\/www.eliassen.nl\/de\/wp-json\/wp\/v2\/product_cat?post=158360"},{"taxonomy":"product_tag","embeddable":true,"href":"https:\/\/www.eliassen.nl\/de\/wp-json\/wp\/v2\/product_tag?post=158360"}],"curies":[{"name":"wp","href":"https:\/\/api.w.org\/{rel}","templated":true}]}}