{"id":157919,"date":"2024-07-12T14:26:14","date_gmt":"2024-07-12T12:26:14","guid":{"rendered":"https:\/\/www.eliassen.nl\/?product=kunstplant-eucalyptus-op-stam-180cm"},"modified":"2024-12-05T17:30:51","modified_gmt":"2024-12-05T16:30:51","slug":"kunstpflanze-eukalyptus-auf-stiel-180cm","status":"publish","type":"product","link":"https:\/\/www.eliassen.nl\/de\/kunstpflanze-eukalyptus-auf-stiel-180cm\/","title":{"rendered":"Kunstpflanze Eukalyptus auf Stiel 180cm"},"content":{"rendered":"<p>Machen Sie Ihren Garten, Ihr Zuhause oder Ihre Arbeitsumgebung gem\u00fctlich mit diesem wundersch\u00f6nen gro\u00dfen, 180 cm hohen Eukalyptus.<\/p>\n<p>Dieses naturgetreue Eukalyptusmodell mit kleinen Bl\u00e4ttern besteht aus feinsten recycelten Kunststoffsorten und steht aufgrund des Topfes, in dem die Pflanze platziert ist, f\u00fcr sich allein. Dieser gro\u00dfe Eukalyptus f\u00fcllt aufgrund seiner H\u00f6he von 180 cm und vielen kleinen Bl\u00e4ttern sehr schnell leere R\u00e4ume. Kombiniert mit anderen Seidenpflanzen, zusammen in einem gro\u00dfen Topf, k\u00f6nnen Sie ein wundersch\u00f6nes Pflanzenarrangement gestalten, um das Sie sich keine Sorgen mehr machen m\u00fcssen.<\/p>\n<p>Sind die Pflanzen zu trocken oder zu nass, brauchen sie D\u00fcnger, ist die Luftfeuchtigkeit gut? Das sind alles Fragen, die Sie sich bei diesen Kunstpflanzen nicht mehr stellen m\u00fcssen. Ein gelegentliches Abwischen mit einem feuchten Tuch gen\u00fcgt.<\/p>\n<p><strong>Auch von Kunstpflanzen k\u00f6nnen Sie bei uns fast alles live besichtigen!!<\/strong><\/p>\n<p><strong>Bestellen Sie gleich 3 Kunstpflanzen bei uns und Sie erhalten 10 % Rabatt!!<\/strong><\/p>\n<ul>\n<li>Gr\u00f6\u00dfe: 140x140x180cm hoch<\/li>\n<li>Gewicht: 4kg<\/li>\n<li>Material: Recycelter Kunststoff, PVC-frei<\/li>\n<li>Farbe: Gr\u00fcn und Braun<\/li>\n<li>Kann auch drau\u00dfen, an einem gesch\u00fctzten Ort und nicht in der vollen Sonne aufgestellt werden<\/li>\n<li>Garantie: 1 Jahr<\/li>\n<\/ul>\n","protected":false},"excerpt":{"rendered":"<p>Beim Kauf von mehr als 3 Kunstpflanzen erhalten Sie 10 % Rabatt.<\/p>\n","protected":false},"featured_media":157910,"template":"","meta":{"_acf_changed":false,"_genesis_title":"","_genesis_description":""},"product_brand":[6962],"product_cat":[7002],"product_tag":[],"class_list":{"0":"post-157919","1":"product","2":"type-product","3":"status-publish","4":"has-post-thumbnail","6":"product_brand-countryfield-de","7":"product_cat-kuenstliche-pflanzen","9":"first","10":"instock","11":"taxable","12":"shipping-taxable","13":"purchasable","14":"product-type-simple"},"acf":[],"meta_all":{"total_sales":"3","wcml_sync_hash":{"postmeta_fields":"e7bbd253c666ea71313cc3a6d12ccc36"},"attr_label_translations":[]},"meta_all_flat":{"total_sales":"3","wcml_sync_hash.postmeta_fields":"e7bbd253c666ea71313cc3a6d12ccc36"},"yoast_head":"<!-- This site is optimized with the Yoast SEO Premium plugin v26.2 (Yoast SEO v27.2) - https:\/\/yoast.com\/product\/yoast-seo-premium-wordpress\/ -->\n<title>Kunstplant Eucalyptus op stam 180cm - Eliassen.nl<\/title>\n<meta name=\"description\" content=\"Bent u op zoek naar een kunstplant voor uw huis of kantoor? Deze grote eucalyptus met een hoogte van 180cm zult u zeker waarderen. In de winkel of online.\" \/>\n<meta name=\"robots\" content=\"index, follow, max-snippet:-1, max-image-preview:large, max-video-preview:-1\" \/>\n<link rel=\"canonical\" href=\"https:\/\/www.eliassen.nl\/de\/kunstpflanze-eukalyptus-auf-stiel-180cm\/\" \/>\n<meta property=\"og:locale\" content=\"de_DE\" \/>\n<meta property=\"og:type\" content=\"article\" \/>\n<meta property=\"og:title\" content=\"Countryfield Kunstpflanze Eukalyptus auf Stiel 180cm - Eliassen.nl\" \/>\n<meta property=\"og:description\" content=\"Bent u op zoek naar een kunstplant voor uw huis of kantoor? Deze grote eucalyptus met een hoogte van 180cm zult u zeker waarderen. In de winkel of online.\" \/>\n<meta property=\"og:url\" content=\"https:\/\/www.eliassen.nl\/de\/kunstpflanze-eukalyptus-auf-stiel-180cm\/\" \/>\n<meta property=\"og:site_name\" content=\"Eliassen.nl\" \/>\n<meta property=\"article:publisher\" content=\"https:\/\/www.facebook.com\/TuincentrumEliassenAmmerzoden\" \/>\n<meta property=\"article:modified_time\" content=\"2024-12-05T16:30:51+00:00\" \/>\n<meta property=\"og:image\" content=\"https:\/\/www.eliassen.nl\/wp-content\/uploads\/2024\/10\/kunstplanteucalyptusopstam180cmeliassennl.jpg\" \/>\n\t<meta property=\"og:image:width\" content=\"756\" \/>\n\t<meta property=\"og:image:height\" content=\"504\" \/>\n\t<meta property=\"og:image:type\" content=\"image\/jpeg\" \/>\n<meta name=\"twitter:card\" content=\"summary_large_image\" \/>\n<script type=\"application\/ld+json\" class=\"yoast-schema-graph\">{\"@context\":\"https:\/\/schema.org\",\"@graph\":[{\"@type\":\"WebPage\",\"@id\":\"https:\/\/www.eliassen.nl\/de\/kunstpflanze-eukalyptus-auf-stiel-180cm\/\",\"url\":\"https:\/\/www.eliassen.nl\/de\/kunstpflanze-eukalyptus-auf-stiel-180cm\/\",\"name\":\"Kunstplant Eucalyptus op stam 180cm - Eliassen.nl\",\"isPartOf\":{\"@id\":\"https:\/\/www.eliassen.nl\/de\/#website\"},\"primaryImageOfPage\":{\"@id\":\"https:\/\/www.eliassen.nl\/de\/kunstpflanze-eukalyptus-auf-stiel-180cm\/#primaryimage\"},\"image\":{\"@id\":\"https:\/\/www.eliassen.nl\/de\/kunstpflanze-eukalyptus-auf-stiel-180cm\/#primaryimage\"},\"thumbnailUrl\":\"https:\/\/www.eliassen.nl\/wp-content\/uploads\/2024\/10\/kunstplanteucalyptusopstam180cmeliassennl.jpg\",\"datePublished\":\"2024-07-12T12:26:14+00:00\",\"dateModified\":\"2024-12-05T16:30:51+00:00\",\"description\":\"Bent u op zoek naar een kunstplant voor uw huis of kantoor? Deze grote eucalyptus met een hoogte van 180cm zult u zeker waarderen. In de winkel of online.\",\"breadcrumb\":{\"@id\":\"https:\/\/www.eliassen.nl\/de\/kunstpflanze-eukalyptus-auf-stiel-180cm\/#breadcrumb\"},\"inLanguage\":\"de\",\"potentialAction\":[{\"@type\":\"ReadAction\",\"target\":[\"https:\/\/www.eliassen.nl\/de\/kunstpflanze-eukalyptus-auf-stiel-180cm\/\"]}]},{\"@type\":\"ImageObject\",\"inLanguage\":\"de\",\"@id\":\"https:\/\/www.eliassen.nl\/de\/kunstpflanze-eukalyptus-auf-stiel-180cm\/#primaryimage\",\"url\":\"https:\/\/www.eliassen.nl\/wp-content\/uploads\/2024\/10\/kunstplanteucalyptusopstam180cmeliassennl.jpg\",\"contentUrl\":\"https:\/\/www.eliassen.nl\/wp-content\/uploads\/2024\/10\/kunstplanteucalyptusopstam180cmeliassennl.jpg\",\"width\":756,\"height\":504,\"caption\":\"Kunstplant Eucalyptus op stam 180cm - Eliassen.nl\"},{\"@type\":\"BreadcrumbList\",\"@id\":\"https:\/\/www.eliassen.nl\/de\/kunstpflanze-eukalyptus-auf-stiel-180cm\/#breadcrumb\",\"itemListElement\":[{\"@type\":\"ListItem\",\"position\":1,\"name\":\"Home\",\"item\":\"https:\/\/www.eliassen.nl\/de\/\"},{\"@type\":\"ListItem\",\"position\":2,\"name\":\"Shop\",\"item\":\"https:\/\/www.eliassen.nl\/de\/shop\/\"},{\"@type\":\"ListItem\",\"position\":3,\"name\":\"K\u00fcnstliche Pflanzen\",\"item\":\"https:\/\/www.eliassen.nl\/de\/kuenstliche-pflanzen\/\"},{\"@type\":\"ListItem\",\"position\":4,\"name\":\"Kunstpflanze Eukalyptus auf Stiel 180cm\"}]},{\"@type\":\"WebSite\",\"@id\":\"https:\/\/www.eliassen.nl\/de\/#website\",\"url\":\"https:\/\/www.eliassen.nl\/de\/\",\"name\":\"Eliassen Home & Garden Pleasure\",\"description\":\"\",\"publisher\":{\"@id\":\"https:\/\/www.eliassen.nl\/de\/#organization\"},\"alternateName\":\"Eliassen.nl\",\"potentialAction\":[{\"@type\":\"SearchAction\",\"target\":{\"@type\":\"EntryPoint\",\"urlTemplate\":\"https:\/\/www.eliassen.nl\/de\/?s={search_term_string}\"},\"query-input\":{\"@type\":\"PropertyValueSpecification\",\"valueRequired\":true,\"valueName\":\"search_term_string\"}}],\"inLanguage\":\"de\"},{\"@type\":[\"Organization\",\"Place\"],\"@id\":\"https:\/\/www.eliassen.nl\/de\/#organization\",\"name\":\"Eliassen Home & Garden Pleasure\",\"url\":\"https:\/\/www.eliassen.nl\/de\/\",\"logo\":{\"@id\":\"https:\/\/www.eliassen.nl\/de\/kunstpflanze-eukalyptus-auf-stiel-180cm\/#local-main-organization-logo\"},\"image\":{\"@id\":\"https:\/\/www.eliassen.nl\/de\/kunstpflanze-eukalyptus-auf-stiel-180cm\/#local-main-organization-logo\"},\"sameAs\":[\"https:\/\/www.facebook.com\/TuincentrumEliassenAmmerzoden\",\"https:\/\/www.instagram.com\/eliassenhomeandgarden\/\",\"https:\/\/nl.pinterest.com\/eliassenhomeandgarden\/\",\"https:\/\/www.youtube.com\/@eliassenhomegardenpleasure4558\"],\"telephone\":[],\"openingHoursSpecification\":[{\"@type\":\"OpeningHoursSpecification\",\"dayOfWeek\":[\"Monday\",\"Tuesday\",\"Wednesday\",\"Thursday\",\"Friday\",\"Saturday\",\"Sunday\"],\"opens\":\"09:00\",\"closes\":\"17:00\"}]},{\"@type\":\"ImageObject\",\"inLanguage\":\"de\",\"@id\":\"https:\/\/www.eliassen.nl\/de\/kunstpflanze-eukalyptus-auf-stiel-180cm\/#local-main-organization-logo\",\"url\":\"https:\/\/www.eliassen.nl\/wp-content\/uploads\/2024\/01\/logo_4nd.jpg\",\"contentUrl\":\"https:\/\/www.eliassen.nl\/wp-content\/uploads\/2024\/01\/logo_4nd.jpg\",\"width\":500,\"height\":500,\"caption\":\"Eliassen Home & Garden Pleasure\"}]}<\/script>\n<meta property=\"product:price:amount\" content=\"104.00\" \/>\n<meta property=\"product:price:currency\" content=\"EUR\" \/>\n<meta property=\"og:availability\" content=\"instock\" \/>\n<meta property=\"product:availability\" content=\"instock\" \/>\n<meta property=\"product:retailer_item_id\" content=\"804887\" \/>\n<meta property=\"product:condition\" content=\"new\" \/>\n<!-- \/ Yoast SEO Premium plugin. -->","yoast_head_json":{"title":"Kunstplant Eucalyptus op stam 180cm - Eliassen.nl","description":"Bent u op zoek naar een kunstplant voor uw huis of kantoor? Deze grote eucalyptus met een hoogte van 180cm zult u zeker waarderen. In de winkel of online.","robots":{"index":"index","follow":"follow","max-snippet":"max-snippet:-1","max-image-preview":"max-image-preview:large","max-video-preview":"max-video-preview:-1"},"canonical":"https:\/\/www.eliassen.nl\/de\/kunstpflanze-eukalyptus-auf-stiel-180cm\/","og_locale":"de_DE","og_type":"article","og_title":"Countryfield Kunstpflanze Eukalyptus auf Stiel 180cm - Eliassen.nl","og_description":"Bent u op zoek naar een kunstplant voor uw huis of kantoor? Deze grote eucalyptus met een hoogte van 180cm zult u zeker waarderen. In de winkel of online.","og_url":"https:\/\/www.eliassen.nl\/de\/kunstpflanze-eukalyptus-auf-stiel-180cm\/","og_site_name":"Eliassen.nl","article_publisher":"https:\/\/www.facebook.com\/TuincentrumEliassenAmmerzoden","article_modified_time":"2024-12-05T16:30:51+00:00","og_image":[{"width":756,"height":504,"url":"https:\/\/www.eliassen.nl\/wp-content\/uploads\/2024\/10\/kunstplanteucalyptusopstam180cmeliassennl.jpg","type":"image\/jpeg"}],"twitter_card":"summary_large_image","schema":{"@context":"https:\/\/schema.org","@graph":[{"@type":"WebPage","@id":"https:\/\/www.eliassen.nl\/de\/kunstpflanze-eukalyptus-auf-stiel-180cm\/","url":"https:\/\/www.eliassen.nl\/de\/kunstpflanze-eukalyptus-auf-stiel-180cm\/","name":"Kunstplant Eucalyptus op stam 180cm - Eliassen.nl","isPartOf":{"@id":"https:\/\/www.eliassen.nl\/de\/#website"},"primaryImageOfPage":{"@id":"https:\/\/www.eliassen.nl\/de\/kunstpflanze-eukalyptus-auf-stiel-180cm\/#primaryimage"},"image":{"@id":"https:\/\/www.eliassen.nl\/de\/kunstpflanze-eukalyptus-auf-stiel-180cm\/#primaryimage"},"thumbnailUrl":"https:\/\/www.eliassen.nl\/wp-content\/uploads\/2024\/10\/kunstplanteucalyptusopstam180cmeliassennl.jpg","datePublished":"2024-07-12T12:26:14+00:00","dateModified":"2024-12-05T16:30:51+00:00","description":"Bent u op zoek naar een kunstplant voor uw huis of kantoor? Deze grote eucalyptus met een hoogte van 180cm zult u zeker waarderen. In de winkel of online.","breadcrumb":{"@id":"https:\/\/www.eliassen.nl\/de\/kunstpflanze-eukalyptus-auf-stiel-180cm\/#breadcrumb"},"inLanguage":"de","potentialAction":[{"@type":"ReadAction","target":["https:\/\/www.eliassen.nl\/de\/kunstpflanze-eukalyptus-auf-stiel-180cm\/"]}]},{"@type":"ImageObject","inLanguage":"de","@id":"https:\/\/www.eliassen.nl\/de\/kunstpflanze-eukalyptus-auf-stiel-180cm\/#primaryimage","url":"https:\/\/www.eliassen.nl\/wp-content\/uploads\/2024\/10\/kunstplanteucalyptusopstam180cmeliassennl.jpg","contentUrl":"https:\/\/www.eliassen.nl\/wp-content\/uploads\/2024\/10\/kunstplanteucalyptusopstam180cmeliassennl.jpg","width":756,"height":504,"caption":"Kunstplant Eucalyptus op stam 180cm - Eliassen.nl"},{"@type":"BreadcrumbList","@id":"https:\/\/www.eliassen.nl\/de\/kunstpflanze-eukalyptus-auf-stiel-180cm\/#breadcrumb","itemListElement":[{"@type":"ListItem","position":1,"name":"Home","item":"https:\/\/www.eliassen.nl\/de\/"},{"@type":"ListItem","position":2,"name":"Shop","item":"https:\/\/www.eliassen.nl\/de\/shop\/"},{"@type":"ListItem","position":3,"name":"K\u00fcnstliche Pflanzen","item":"https:\/\/www.eliassen.nl\/de\/kuenstliche-pflanzen\/"},{"@type":"ListItem","position":4,"name":"Kunstpflanze Eukalyptus auf Stiel 180cm"}]},{"@type":"WebSite","@id":"https:\/\/www.eliassen.nl\/de\/#website","url":"https:\/\/www.eliassen.nl\/de\/","name":"Eliassen Home & Garden Pleasure","description":"","publisher":{"@id":"https:\/\/www.eliassen.nl\/de\/#organization"},"alternateName":"Eliassen.nl","potentialAction":[{"@type":"SearchAction","target":{"@type":"EntryPoint","urlTemplate":"https:\/\/www.eliassen.nl\/de\/?s={search_term_string}"},"query-input":{"@type":"PropertyValueSpecification","valueRequired":true,"valueName":"search_term_string"}}],"inLanguage":"de"},{"@type":["Organization","Place"],"@id":"https:\/\/www.eliassen.nl\/de\/#organization","name":"Eliassen Home & Garden Pleasure","url":"https:\/\/www.eliassen.nl\/de\/","logo":{"@id":"https:\/\/www.eliassen.nl\/de\/kunstpflanze-eukalyptus-auf-stiel-180cm\/#local-main-organization-logo"},"image":{"@id":"https:\/\/www.eliassen.nl\/de\/kunstpflanze-eukalyptus-auf-stiel-180cm\/#local-main-organization-logo"},"sameAs":["https:\/\/www.facebook.com\/TuincentrumEliassenAmmerzoden","https:\/\/www.instagram.com\/eliassenhomeandgarden\/","https:\/\/nl.pinterest.com\/eliassenhomeandgarden\/","https:\/\/www.youtube.com\/@eliassenhomegardenpleasure4558"],"telephone":[],"openingHoursSpecification":[{"@type":"OpeningHoursSpecification","dayOfWeek":["Monday","Tuesday","Wednesday","Thursday","Friday","Saturday","Sunday"],"opens":"09:00","closes":"17:00"}]},{"@type":"ImageObject","inLanguage":"de","@id":"https:\/\/www.eliassen.nl\/de\/kunstpflanze-eukalyptus-auf-stiel-180cm\/#local-main-organization-logo","url":"https:\/\/www.eliassen.nl\/wp-content\/uploads\/2024\/01\/logo_4nd.jpg","contentUrl":"https:\/\/www.eliassen.nl\/wp-content\/uploads\/2024\/01\/logo_4nd.jpg","width":500,"height":500,"caption":"Eliassen Home & Garden Pleasure"}]},"product_price_amount":"104.00","product_price_currency":"EUR","og_availability":"instock","product_availability":"instock","product_retailer_item_id":"804887","product_condition":"new"},"df_price":104,"df_sale_price":"","df_regular_price":104,"df_image_link":"https:\/\/www.eliassen.nl\/wp-content\/uploads\/2024\/10\/kunstplanteucalyptusopstam180cmeliassennl.jpg","image":"https:\/\/www.eliassen.nl\/wp-content\/uploads\/2024\/10\/kunstplanteucalyptusopstam180cmeliassennl.jpg","price_search":"<span class=\"woocommerce-Price-amount amount\"><bdi><span class=\"woocommerce-Price-currencySymbol\">&euro;<\/span>&nbsp;104,00<\/bdi><\/span>","category":"K\u00fcnstliche Pflanzen","global_unique_id":"8718318048875","_links":{"self":[{"href":"https:\/\/www.eliassen.nl\/de\/wp-json\/wp\/v2\/product\/157919","targetHints":{"allow":["GET"]}}],"collection":[{"href":"https:\/\/www.eliassen.nl\/de\/wp-json\/wp\/v2\/product"}],"about":[{"href":"https:\/\/www.eliassen.nl\/de\/wp-json\/wp\/v2\/types\/product"}],"wp:featuredmedia":[{"embeddable":true,"href":"https:\/\/www.eliassen.nl\/de\/wp-json\/wp\/v2\/media\/157910"}],"wp:attachment":[{"href":"https:\/\/www.eliassen.nl\/de\/wp-json\/wp\/v2\/media?parent=157919"}],"wp:term":[{"taxonomy":"product_brand","embeddable":true,"href":"https:\/\/www.eliassen.nl\/de\/wp-json\/wp\/v2\/product_brand?post=157919"},{"taxonomy":"product_cat","embeddable":true,"href":"https:\/\/www.eliassen.nl\/de\/wp-json\/wp\/v2\/product_cat?post=157919"},{"taxonomy":"product_tag","embeddable":true,"href":"https:\/\/www.eliassen.nl\/de\/wp-json\/wp\/v2\/product_tag?post=157919"}],"curies":[{"name":"wp","href":"https:\/\/api.w.org\/{rel}","templated":true}]}}