{"id":157361,"date":"2024-07-09T14:16:18","date_gmt":"2024-07-09T12:16:18","guid":{"rendered":"https:\/\/www.eliassen.nl\/?product=kunstplant-gras-groene-aren-150cm"},"modified":"2024-12-05T17:30:09","modified_gmt":"2024-12-05T16:30:09","slug":"kunstliche-pflanze-grasgrune-ahren-150-cm","status":"publish","type":"product","link":"https:\/\/www.eliassen.nl\/de\/kunstliche-pflanze-grasgrune-ahren-150-cm\/","title":{"rendered":"K\u00fcnstliche Pflanze Grasgr\u00fcne \u00c4hren 150 cm"},"content":{"rendered":"<p>Machen Sie Ihren Garten, Ihr Zuhause oder Ihre Arbeitsumgebung gem\u00fctlich mit dieser wundersch\u00f6nen 150 cm hohen Busch-Kunstrasenpflanze.<\/p>\n<p>Diese naturgetreue Modell-Graspflanze mit breiten \u00c4hren besteht aus feinsten recycelten Kunststoffarten und steht aufgrund des Topfes, in dem die Pflanze platziert ist, f\u00fcr sich allein. Aufgrund ihrer gro\u00dfen H\u00f6he und weiten Verbreitung f\u00fcllt die Pflanze leere R\u00e4ume sehr schnell. Kombiniert mit anderen Seidenpflanzen, zusammen in einem gro\u00dfen Topf, k\u00f6nnen Sie ein wundersch\u00f6nes Pflanzenarrangement gestalten, um das Sie sich keine Sorgen mehr machen m\u00fcssen.<\/p>\n<p>Sind die Pflanzen zu trocken oder zu nass, brauchen sie D\u00fcnger, ist die Luftfeuchtigkeit gut? Das sind alles Fragen, die Sie sich bei diesen Kunstpflanzen nicht mehr stellen m\u00fcssen. Ein gelegentliches Abwischen mit einem feuchten Tuch gen\u00fcgt.<\/p>\n<p><strong>Bestellen Sie gleich 3 Kunstpflanzen bei uns und Sie erhalten 10 % Rabatt!!<\/strong><\/p>\n<ul>\n<li>Gr\u00f6\u00dfe: 150 cm<\/li>\n<li>Material: Recycelter Kunststoff<\/li>\n<li>Farbe: gr\u00fcn<\/li>\n<li>Topfgr\u00f6\u00dfe: ca. 13 cm Durchmesser<\/li>\n<\/ul>\n","protected":false},"excerpt":{"rendered":"<p>+3 Kunstpflanzen = 10 % Rabatt! Wundersch\u00f6ne, vollhohe Kunstrasenpflanze<\/p>\n","protected":false},"featured_media":157343,"template":"","meta":{"_acf_changed":false,"_genesis_title":"","_genesis_description":""},"product_brand":[6948],"product_cat":[7002],"product_tag":[],"class_list":{"0":"post-157361","1":"product","2":"type-product","3":"status-publish","4":"has-post-thumbnail","6":"product_brand-homebound-de","7":"product_cat-kuenstliche-pflanzen","9":"first","10":"instock","11":"taxable","12":"shipping-taxable","13":"purchasable","14":"product-type-simple"},"acf":[],"meta_all":{"total_sales":"0","wcml_sync_hash":{"postmeta_fields":"a323dfec9b55fd5f6520e703d2a65dee"},"attr_label_translations":[]},"meta_all_flat":{"total_sales":"0","wcml_sync_hash.postmeta_fields":"a323dfec9b55fd5f6520e703d2a65dee"},"yoast_head":"<!-- This site is optimized with the Yoast SEO Premium plugin v26.2 (Yoast SEO v27.2) - https:\/\/yoast.com\/product\/yoast-seo-premium-wordpress\/ -->\n<title>K\u00fcnstliche Pflanze Grasgr\u00fcne \u00c4hren 150 cm<\/title>\n<meta name=\"description\" content=\"Kunstpflanze im Topf, 150 cm. Werfen Sie einen kurzen Blick auf die Kunstpflanzenkollektion von Eliassen im Webshop oder sehen Sie sich alles live an. Der Ka...\" \/>\n<meta name=\"robots\" content=\"index, follow, max-snippet:-1, max-image-preview:large, max-video-preview:-1\" \/>\n<link rel=\"canonical\" href=\"https:\/\/www.eliassen.nl\/de\/kunstliche-pflanze-grasgrune-ahren-150-cm\/\" \/>\n<meta property=\"og:locale\" content=\"de_DE\" \/>\n<meta property=\"og:type\" content=\"article\" \/>\n<meta property=\"og:title\" content=\"Homebound K\u00fcnstliche Pflanze Grasgr\u00fcne \u00c4hren 150 cm - Eliassen.nl\" \/>\n<meta property=\"og:description\" content=\"Kunstpflanze im Topf, 150 cm. Werfen Sie einen kurzen Blick auf die Kunstpflanzenkollektion von Eliassen im Webshop oder sehen Sie sich alles live an. Der Ka...\" \/>\n<meta property=\"og:url\" content=\"https:\/\/www.eliassen.nl\/de\/kunstliche-pflanze-grasgrune-ahren-150-cm\/\" \/>\n<meta property=\"og:site_name\" content=\"Eliassen.nl\" \/>\n<meta property=\"article:publisher\" content=\"https:\/\/www.facebook.com\/TuincentrumEliassenAmmerzoden\" \/>\n<meta property=\"article:modified_time\" content=\"2024-12-05T16:30:09+00:00\" \/>\n<meta property=\"og:image\" content=\"https:\/\/www.eliassen.nl\/wp-content\/uploads\/2024\/10\/kunstplantgrasgroeneareneliassennlrp2366.jpg\" \/>\n\t<meta property=\"og:image:width\" content=\"1000\" \/>\n\t<meta property=\"og:image:height\" content=\"1000\" \/>\n\t<meta property=\"og:image:type\" content=\"image\/jpeg\" \/>\n<meta name=\"twitter:card\" content=\"summary_large_image\" \/>\n<script type=\"application\/ld+json\" class=\"yoast-schema-graph\">{\"@context\":\"https:\/\/schema.org\",\"@graph\":[{\"@type\":\"WebPage\",\"@id\":\"https:\/\/www.eliassen.nl\/de\/kunstliche-pflanze-grasgrune-ahren-150-cm\/\",\"url\":\"https:\/\/www.eliassen.nl\/de\/kunstliche-pflanze-grasgrune-ahren-150-cm\/\",\"name\":\"K\u00fcnstliche Pflanze Grasgr\u00fcne \u00c4hren 150 cm\",\"isPartOf\":{\"@id\":\"https:\/\/www.eliassen.nl\/de\/#website\"},\"primaryImageOfPage\":{\"@id\":\"https:\/\/www.eliassen.nl\/de\/kunstliche-pflanze-grasgrune-ahren-150-cm\/#primaryimage\"},\"image\":{\"@id\":\"https:\/\/www.eliassen.nl\/de\/kunstliche-pflanze-grasgrune-ahren-150-cm\/#primaryimage\"},\"thumbnailUrl\":\"https:\/\/www.eliassen.nl\/wp-content\/uploads\/2024\/10\/kunstplantgrasgroeneareneliassennlrp2366.jpg\",\"datePublished\":\"2024-07-09T12:16:18+00:00\",\"dateModified\":\"2024-12-05T16:30:09+00:00\",\"description\":\"Kunstpflanze im Topf, 150 cm. Werfen Sie einen kurzen Blick auf die Kunstpflanzenkollektion von Eliassen im Webshop oder sehen Sie sich alles live an. Der Ka...\",\"breadcrumb\":{\"@id\":\"https:\/\/www.eliassen.nl\/de\/kunstliche-pflanze-grasgrune-ahren-150-cm\/#breadcrumb\"},\"inLanguage\":\"de\",\"potentialAction\":[{\"@type\":\"ReadAction\",\"target\":[\"https:\/\/www.eliassen.nl\/de\/kunstliche-pflanze-grasgrune-ahren-150-cm\/\"]}]},{\"@type\":\"ImageObject\",\"inLanguage\":\"de\",\"@id\":\"https:\/\/www.eliassen.nl\/de\/kunstliche-pflanze-grasgrune-ahren-150-cm\/#primaryimage\",\"url\":\"https:\/\/www.eliassen.nl\/wp-content\/uploads\/2024\/10\/kunstplantgrasgroeneareneliassennlrp2366.jpg\",\"contentUrl\":\"https:\/\/www.eliassen.nl\/wp-content\/uploads\/2024\/10\/kunstplantgrasgroeneareneliassennlrp2366.jpg\",\"width\":1000,\"height\":1000,\"caption\":\"Kunstplant Gras groene aren Eliassen.nl rp2366\"},{\"@type\":\"BreadcrumbList\",\"@id\":\"https:\/\/www.eliassen.nl\/de\/kunstliche-pflanze-grasgrune-ahren-150-cm\/#breadcrumb\",\"itemListElement\":[{\"@type\":\"ListItem\",\"position\":1,\"name\":\"Home\",\"item\":\"https:\/\/www.eliassen.nl\/de\/\"},{\"@type\":\"ListItem\",\"position\":2,\"name\":\"Shop\",\"item\":\"https:\/\/www.eliassen.nl\/de\/shop\/\"},{\"@type\":\"ListItem\",\"position\":3,\"name\":\"K\u00fcnstliche Pflanzen\",\"item\":\"https:\/\/www.eliassen.nl\/de\/kuenstliche-pflanzen\/\"},{\"@type\":\"ListItem\",\"position\":4,\"name\":\"K\u00fcnstliche Pflanze Grasgr\u00fcne \u00c4hren 150 cm\"}]},{\"@type\":\"WebSite\",\"@id\":\"https:\/\/www.eliassen.nl\/de\/#website\",\"url\":\"https:\/\/www.eliassen.nl\/de\/\",\"name\":\"Eliassen Home & Garden Pleasure\",\"description\":\"\",\"publisher\":{\"@id\":\"https:\/\/www.eliassen.nl\/de\/#organization\"},\"alternateName\":\"Eliassen.nl\",\"potentialAction\":[{\"@type\":\"SearchAction\",\"target\":{\"@type\":\"EntryPoint\",\"urlTemplate\":\"https:\/\/www.eliassen.nl\/de\/?s={search_term_string}\"},\"query-input\":{\"@type\":\"PropertyValueSpecification\",\"valueRequired\":true,\"valueName\":\"search_term_string\"}}],\"inLanguage\":\"de\"},{\"@type\":[\"Organization\",\"Place\"],\"@id\":\"https:\/\/www.eliassen.nl\/de\/#organization\",\"name\":\"Eliassen Home & Garden Pleasure\",\"url\":\"https:\/\/www.eliassen.nl\/de\/\",\"logo\":{\"@id\":\"https:\/\/www.eliassen.nl\/de\/kunstliche-pflanze-grasgrune-ahren-150-cm\/#local-main-organization-logo\"},\"image\":{\"@id\":\"https:\/\/www.eliassen.nl\/de\/kunstliche-pflanze-grasgrune-ahren-150-cm\/#local-main-organization-logo\"},\"sameAs\":[\"https:\/\/www.facebook.com\/TuincentrumEliassenAmmerzoden\",\"https:\/\/www.instagram.com\/eliassenhomeandgarden\/\",\"https:\/\/nl.pinterest.com\/eliassenhomeandgarden\/\",\"https:\/\/www.youtube.com\/@eliassenhomegardenpleasure4558\"],\"telephone\":[],\"openingHoursSpecification\":[{\"@type\":\"OpeningHoursSpecification\",\"dayOfWeek\":[\"Monday\",\"Tuesday\",\"Wednesday\",\"Thursday\",\"Friday\",\"Saturday\",\"Sunday\"],\"opens\":\"09:00\",\"closes\":\"17:00\"}]},{\"@type\":\"ImageObject\",\"inLanguage\":\"de\",\"@id\":\"https:\/\/www.eliassen.nl\/de\/kunstliche-pflanze-grasgrune-ahren-150-cm\/#local-main-organization-logo\",\"url\":\"https:\/\/www.eliassen.nl\/wp-content\/uploads\/2024\/01\/logo_4nd.jpg\",\"contentUrl\":\"https:\/\/www.eliassen.nl\/wp-content\/uploads\/2024\/01\/logo_4nd.jpg\",\"width\":500,\"height\":500,\"caption\":\"Eliassen Home & Garden Pleasure\"}]}<\/script>\n<meta property=\"product:price:amount\" content=\"72.50\" \/>\n<meta property=\"product:price:currency\" content=\"EUR\" \/>\n<meta property=\"og:availability\" content=\"instock\" \/>\n<meta property=\"product:availability\" content=\"instock\" \/>\n<meta property=\"product:retailer_item_id\" content=\"Rp2366\" \/>\n<meta property=\"product:condition\" content=\"new\" \/>\n<!-- \/ Yoast SEO Premium plugin. -->","yoast_head_json":{"title":"K\u00fcnstliche Pflanze Grasgr\u00fcne \u00c4hren 150 cm","description":"Kunstpflanze im Topf, 150 cm. Werfen Sie einen kurzen Blick auf die Kunstpflanzenkollektion von Eliassen im Webshop oder sehen Sie sich alles live an. Der Ka...","robots":{"index":"index","follow":"follow","max-snippet":"max-snippet:-1","max-image-preview":"max-image-preview:large","max-video-preview":"max-video-preview:-1"},"canonical":"https:\/\/www.eliassen.nl\/de\/kunstliche-pflanze-grasgrune-ahren-150-cm\/","og_locale":"de_DE","og_type":"article","og_title":"Homebound K\u00fcnstliche Pflanze Grasgr\u00fcne \u00c4hren 150 cm - Eliassen.nl","og_description":"Kunstpflanze im Topf, 150 cm. Werfen Sie einen kurzen Blick auf die Kunstpflanzenkollektion von Eliassen im Webshop oder sehen Sie sich alles live an. Der Ka...","og_url":"https:\/\/www.eliassen.nl\/de\/kunstliche-pflanze-grasgrune-ahren-150-cm\/","og_site_name":"Eliassen.nl","article_publisher":"https:\/\/www.facebook.com\/TuincentrumEliassenAmmerzoden","article_modified_time":"2024-12-05T16:30:09+00:00","og_image":[{"width":1000,"height":1000,"url":"https:\/\/www.eliassen.nl\/wp-content\/uploads\/2024\/10\/kunstplantgrasgroeneareneliassennlrp2366.jpg","type":"image\/jpeg"}],"twitter_card":"summary_large_image","schema":{"@context":"https:\/\/schema.org","@graph":[{"@type":"WebPage","@id":"https:\/\/www.eliassen.nl\/de\/kunstliche-pflanze-grasgrune-ahren-150-cm\/","url":"https:\/\/www.eliassen.nl\/de\/kunstliche-pflanze-grasgrune-ahren-150-cm\/","name":"K\u00fcnstliche Pflanze Grasgr\u00fcne \u00c4hren 150 cm","isPartOf":{"@id":"https:\/\/www.eliassen.nl\/de\/#website"},"primaryImageOfPage":{"@id":"https:\/\/www.eliassen.nl\/de\/kunstliche-pflanze-grasgrune-ahren-150-cm\/#primaryimage"},"image":{"@id":"https:\/\/www.eliassen.nl\/de\/kunstliche-pflanze-grasgrune-ahren-150-cm\/#primaryimage"},"thumbnailUrl":"https:\/\/www.eliassen.nl\/wp-content\/uploads\/2024\/10\/kunstplantgrasgroeneareneliassennlrp2366.jpg","datePublished":"2024-07-09T12:16:18+00:00","dateModified":"2024-12-05T16:30:09+00:00","description":"Kunstpflanze im Topf, 150 cm. Werfen Sie einen kurzen Blick auf die Kunstpflanzenkollektion von Eliassen im Webshop oder sehen Sie sich alles live an. Der Ka...","breadcrumb":{"@id":"https:\/\/www.eliassen.nl\/de\/kunstliche-pflanze-grasgrune-ahren-150-cm\/#breadcrumb"},"inLanguage":"de","potentialAction":[{"@type":"ReadAction","target":["https:\/\/www.eliassen.nl\/de\/kunstliche-pflanze-grasgrune-ahren-150-cm\/"]}]},{"@type":"ImageObject","inLanguage":"de","@id":"https:\/\/www.eliassen.nl\/de\/kunstliche-pflanze-grasgrune-ahren-150-cm\/#primaryimage","url":"https:\/\/www.eliassen.nl\/wp-content\/uploads\/2024\/10\/kunstplantgrasgroeneareneliassennlrp2366.jpg","contentUrl":"https:\/\/www.eliassen.nl\/wp-content\/uploads\/2024\/10\/kunstplantgrasgroeneareneliassennlrp2366.jpg","width":1000,"height":1000,"caption":"Kunstplant Gras groene aren Eliassen.nl rp2366"},{"@type":"BreadcrumbList","@id":"https:\/\/www.eliassen.nl\/de\/kunstliche-pflanze-grasgrune-ahren-150-cm\/#breadcrumb","itemListElement":[{"@type":"ListItem","position":1,"name":"Home","item":"https:\/\/www.eliassen.nl\/de\/"},{"@type":"ListItem","position":2,"name":"Shop","item":"https:\/\/www.eliassen.nl\/de\/shop\/"},{"@type":"ListItem","position":3,"name":"K\u00fcnstliche Pflanzen","item":"https:\/\/www.eliassen.nl\/de\/kuenstliche-pflanzen\/"},{"@type":"ListItem","position":4,"name":"K\u00fcnstliche Pflanze Grasgr\u00fcne \u00c4hren 150 cm"}]},{"@type":"WebSite","@id":"https:\/\/www.eliassen.nl\/de\/#website","url":"https:\/\/www.eliassen.nl\/de\/","name":"Eliassen Home & Garden Pleasure","description":"","publisher":{"@id":"https:\/\/www.eliassen.nl\/de\/#organization"},"alternateName":"Eliassen.nl","potentialAction":[{"@type":"SearchAction","target":{"@type":"EntryPoint","urlTemplate":"https:\/\/www.eliassen.nl\/de\/?s={search_term_string}"},"query-input":{"@type":"PropertyValueSpecification","valueRequired":true,"valueName":"search_term_string"}}],"inLanguage":"de"},{"@type":["Organization","Place"],"@id":"https:\/\/www.eliassen.nl\/de\/#organization","name":"Eliassen Home & Garden Pleasure","url":"https:\/\/www.eliassen.nl\/de\/","logo":{"@id":"https:\/\/www.eliassen.nl\/de\/kunstliche-pflanze-grasgrune-ahren-150-cm\/#local-main-organization-logo"},"image":{"@id":"https:\/\/www.eliassen.nl\/de\/kunstliche-pflanze-grasgrune-ahren-150-cm\/#local-main-organization-logo"},"sameAs":["https:\/\/www.facebook.com\/TuincentrumEliassenAmmerzoden","https:\/\/www.instagram.com\/eliassenhomeandgarden\/","https:\/\/nl.pinterest.com\/eliassenhomeandgarden\/","https:\/\/www.youtube.com\/@eliassenhomegardenpleasure4558"],"telephone":[],"openingHoursSpecification":[{"@type":"OpeningHoursSpecification","dayOfWeek":["Monday","Tuesday","Wednesday","Thursday","Friday","Saturday","Sunday"],"opens":"09:00","closes":"17:00"}]},{"@type":"ImageObject","inLanguage":"de","@id":"https:\/\/www.eliassen.nl\/de\/kunstliche-pflanze-grasgrune-ahren-150-cm\/#local-main-organization-logo","url":"https:\/\/www.eliassen.nl\/wp-content\/uploads\/2024\/01\/logo_4nd.jpg","contentUrl":"https:\/\/www.eliassen.nl\/wp-content\/uploads\/2024\/01\/logo_4nd.jpg","width":500,"height":500,"caption":"Eliassen Home & Garden Pleasure"}]},"product_price_amount":"72.50","product_price_currency":"EUR","og_availability":"instock","product_availability":"instock","product_retailer_item_id":"Rp2366","product_condition":"new"},"df_price":72.5,"df_sale_price":"","df_regular_price":72.5,"df_image_link":"https:\/\/www.eliassen.nl\/wp-content\/uploads\/2024\/10\/kunstplantgrasgroeneareneliassennlrp2366.jpg","image":"https:\/\/www.eliassen.nl\/wp-content\/uploads\/2024\/10\/kunstplantgrasgroeneareneliassennlrp2366.jpg","price_search":"<span class=\"woocommerce-Price-amount amount\"><bdi><span class=\"woocommerce-Price-currencySymbol\">&euro;<\/span>&nbsp;72,50<\/bdi><\/span>","category":"K\u00fcnstliche Pflanzen","global_unique_id":"8719097092639","_links":{"self":[{"href":"https:\/\/www.eliassen.nl\/de\/wp-json\/wp\/v2\/product\/157361","targetHints":{"allow":["GET"]}}],"collection":[{"href":"https:\/\/www.eliassen.nl\/de\/wp-json\/wp\/v2\/product"}],"about":[{"href":"https:\/\/www.eliassen.nl\/de\/wp-json\/wp\/v2\/types\/product"}],"wp:featuredmedia":[{"embeddable":true,"href":"https:\/\/www.eliassen.nl\/de\/wp-json\/wp\/v2\/media\/157343"}],"wp:attachment":[{"href":"https:\/\/www.eliassen.nl\/de\/wp-json\/wp\/v2\/media?parent=157361"}],"wp:term":[{"taxonomy":"product_brand","embeddable":true,"href":"https:\/\/www.eliassen.nl\/de\/wp-json\/wp\/v2\/product_brand?post=157361"},{"taxonomy":"product_cat","embeddable":true,"href":"https:\/\/www.eliassen.nl\/de\/wp-json\/wp\/v2\/product_cat?post=157361"},{"taxonomy":"product_tag","embeddable":true,"href":"https:\/\/www.eliassen.nl\/de\/wp-json\/wp\/v2\/product_tag?post=157361"}],"curies":[{"name":"wp","href":"https:\/\/api.w.org\/{rel}","templated":true}]}}