{"id":157223,"date":"2024-07-09T14:00:24","date_gmt":"2024-07-09T12:00:24","guid":{"rendered":"https:\/\/www.eliassen.nl\/?product=kunstplant-gras-allium-3-witte-bollen-80cm"},"modified":"2024-12-05T17:30:03","modified_gmt":"2024-12-05T16:30:03","slug":"kunstliches-pflanzengras-allium-3-weisse-zwiebeln-80-cm","status":"publish","type":"product","link":"https:\/\/www.eliassen.nl\/de\/kunstliches-pflanzengras-allium-3-weisse-zwiebeln-80-cm\/","title":{"rendered":"K\u00fcnstliches Pflanzengras Allium, 3 wei\u00dfe Zwiebeln, 80 cm"},"content":{"rendered":"<p>Machen Sie Ihren Garten, Ihr Zuhause oder Ihre Arbeitsumgebung gem\u00fctlich mit dieser wundersch\u00f6nen 80 cm hohen Buschpflanze.<\/p>\n<p>Dieses naturgetreue Allium-Pflanzenmodell mit 3 Zwiebeln besteht aus den besten recycelten Kunststoffarten und steht aufgrund des Topfes, in den die Pflanze gestellt wird, gut f\u00fcr sich. Aufgrund ihrer gro\u00dfen H\u00f6he und weiten Verbreitung f\u00fcllt die Pflanze leere R\u00e4ume sehr schnell. Kombiniert mit anderen Seidenpflanzen, zusammen in einem gro\u00dfen Topf, k\u00f6nnen Sie ein wundersch\u00f6nes Pflanzenarrangement gestalten, um das Sie sich keine Sorgen mehr machen m\u00fcssen.<\/p>\n<p>Sind die Pflanzen zu trocken oder zu nass, brauchen sie D\u00fcnger, ist die Luftfeuchtigkeit gut? Das sind alles Fragen, die Sie sich bei diesen Kunstpflanzen nicht mehr stellen m\u00fcssen. Ein gelegentliches Abwischen mit einem feuchten Tuch gen\u00fcgt.<\/p>\n<p><strong>Bestellen Sie gleich 3 Kunstpflanzen bei uns und Sie erhalten 10 % Rabatt!!<\/strong><\/p>\n<ul>\n<li>Gr\u00f6\u00dfe: 80 cm<\/li>\n<li>Material: Recycelter Kunststoff<\/li>\n<li>Farbe: Hellgr\u00fcn<\/li>\n<li>Topfgr\u00f6\u00dfe: 11 cm Durchmesser<\/li>\n<\/ul>\n","protected":false},"excerpt":{"rendered":"<p>+3 Kunstpflanzen = 10 % Rabatt! Wundersch\u00f6ne vollhohe Graspflanze<\/p>\n","protected":false},"featured_media":157202,"template":"","meta":{"_acf_changed":false,"_genesis_title":"","_genesis_description":""},"product_brand":[6948],"product_cat":[7002],"product_tag":[],"class_list":{"0":"post-157223","1":"product","2":"type-product","3":"status-publish","4":"has-post-thumbnail","6":"product_brand-homebound-de","7":"product_cat-kuenstliche-pflanzen","9":"first","10":"instock","11":"taxable","12":"shipping-taxable","13":"purchasable","14":"product-type-simple"},"acf":[],"meta_all":{"total_sales":"2","wcml_sync_hash":{"postmeta_fields":"7e9c70f1bb95ddbadee9b5ddad9aaa24"},"attr_label_translations":[]},"meta_all_flat":{"total_sales":"2","wcml_sync_hash.postmeta_fields":"7e9c70f1bb95ddbadee9b5ddad9aaa24"},"yoast_head":"<!-- This site is optimized with the Yoast SEO Premium plugin v26.2 (Yoast SEO v27.2) - https:\/\/yoast.com\/product\/yoast-seo-premium-wordpress\/ -->\n<title>K\u00fcnstliches Pflanzengras Allium, 3 wei\u00dfe Zwiebeln, 80 cm<\/title>\n<meta name=\"description\" content=\"Kunstpflanze im Topf, 80 cm. Werfen Sie einen kurzen Blick auf die Kunstpflanzenkollektion von Eliassen im Webshop oder sehen Sie sich alles live an. Der Kaf...\" \/>\n<meta name=\"robots\" content=\"index, follow, max-snippet:-1, max-image-preview:large, max-video-preview:-1\" \/>\n<link rel=\"canonical\" href=\"https:\/\/www.eliassen.nl\/de\/kunstliches-pflanzengras-allium-3-weisse-zwiebeln-80-cm\/\" \/>\n<meta property=\"og:locale\" content=\"de_DE\" \/>\n<meta property=\"og:type\" content=\"article\" \/>\n<meta property=\"og:title\" content=\"Homebound K\u00fcnstliches Pflanzengras Allium, 3 wei\u00dfe Zwiebeln, 80 cm - Eliassen.nl\" \/>\n<meta property=\"og:description\" content=\"Kunstpflanze im Topf, 80 cm. Werfen Sie einen kurzen Blick auf die Kunstpflanzenkollektion von Eliassen im Webshop oder sehen Sie sich alles live an. Der Kaf...\" \/>\n<meta property=\"og:url\" content=\"https:\/\/www.eliassen.nl\/de\/kunstliches-pflanzengras-allium-3-weisse-zwiebeln-80-cm\/\" \/>\n<meta property=\"og:site_name\" content=\"Eliassen.nl\" \/>\n<meta property=\"article:publisher\" content=\"https:\/\/www.facebook.com\/TuincentrumEliassenAmmerzoden\" \/>\n<meta property=\"article:modified_time\" content=\"2024-12-05T16:30:03+00:00\" \/>\n<meta property=\"og:image\" content=\"https:\/\/www.eliassen.nl\/wp-content\/uploads\/2024\/10\/kunstplantgrasalliumbolwiteliassennlrp2360.jpg\" \/>\n\t<meta property=\"og:image:width\" content=\"1000\" \/>\n\t<meta property=\"og:image:height\" content=\"1000\" \/>\n\t<meta property=\"og:image:type\" content=\"image\/jpeg\" \/>\n<meta name=\"twitter:card\" content=\"summary_large_image\" \/>\n<script type=\"application\/ld+json\" class=\"yoast-schema-graph\">{\"@context\":\"https:\/\/schema.org\",\"@graph\":[{\"@type\":\"WebPage\",\"@id\":\"https:\/\/www.eliassen.nl\/de\/kunstliches-pflanzengras-allium-3-weisse-zwiebeln-80-cm\/\",\"url\":\"https:\/\/www.eliassen.nl\/de\/kunstliches-pflanzengras-allium-3-weisse-zwiebeln-80-cm\/\",\"name\":\"K\u00fcnstliches Pflanzengras Allium, 3 wei\u00dfe Zwiebeln, 80 cm\",\"isPartOf\":{\"@id\":\"https:\/\/www.eliassen.nl\/de\/#website\"},\"primaryImageOfPage\":{\"@id\":\"https:\/\/www.eliassen.nl\/de\/kunstliches-pflanzengras-allium-3-weisse-zwiebeln-80-cm\/#primaryimage\"},\"image\":{\"@id\":\"https:\/\/www.eliassen.nl\/de\/kunstliches-pflanzengras-allium-3-weisse-zwiebeln-80-cm\/#primaryimage\"},\"thumbnailUrl\":\"https:\/\/www.eliassen.nl\/wp-content\/uploads\/2024\/10\/kunstplantgrasalliumbolwiteliassennlrp2360.jpg\",\"datePublished\":\"2024-07-09T12:00:24+00:00\",\"dateModified\":\"2024-12-05T16:30:03+00:00\",\"description\":\"Kunstpflanze im Topf, 80 cm. Werfen Sie einen kurzen Blick auf die Kunstpflanzenkollektion von Eliassen im Webshop oder sehen Sie sich alles live an. Der Kaf...\",\"breadcrumb\":{\"@id\":\"https:\/\/www.eliassen.nl\/de\/kunstliches-pflanzengras-allium-3-weisse-zwiebeln-80-cm\/#breadcrumb\"},\"inLanguage\":\"de\",\"potentialAction\":[{\"@type\":\"ReadAction\",\"target\":[\"https:\/\/www.eliassen.nl\/de\/kunstliches-pflanzengras-allium-3-weisse-zwiebeln-80-cm\/\"]}]},{\"@type\":\"ImageObject\",\"inLanguage\":\"de\",\"@id\":\"https:\/\/www.eliassen.nl\/de\/kunstliches-pflanzengras-allium-3-weisse-zwiebeln-80-cm\/#primaryimage\",\"url\":\"https:\/\/www.eliassen.nl\/wp-content\/uploads\/2024\/10\/kunstplantgrasalliumbolwiteliassennlrp2360.jpg\",\"contentUrl\":\"https:\/\/www.eliassen.nl\/wp-content\/uploads\/2024\/10\/kunstplantgrasalliumbolwiteliassennlrp2360.jpg\",\"width\":1000,\"height\":1000,\"caption\":\"Kunstplant Gras Alliumbol wit Eliassen.nl rp2360\"},{\"@type\":\"BreadcrumbList\",\"@id\":\"https:\/\/www.eliassen.nl\/de\/kunstliches-pflanzengras-allium-3-weisse-zwiebeln-80-cm\/#breadcrumb\",\"itemListElement\":[{\"@type\":\"ListItem\",\"position\":1,\"name\":\"Home\",\"item\":\"https:\/\/www.eliassen.nl\/de\/\"},{\"@type\":\"ListItem\",\"position\":2,\"name\":\"Shop\",\"item\":\"https:\/\/www.eliassen.nl\/de\/shop\/\"},{\"@type\":\"ListItem\",\"position\":3,\"name\":\"K\u00fcnstliche Pflanzen\",\"item\":\"https:\/\/www.eliassen.nl\/de\/kuenstliche-pflanzen\/\"},{\"@type\":\"ListItem\",\"position\":4,\"name\":\"K\u00fcnstliches Pflanzengras Allium, 3 wei\u00dfe Zwiebeln, 80 cm\"}]},{\"@type\":\"WebSite\",\"@id\":\"https:\/\/www.eliassen.nl\/de\/#website\",\"url\":\"https:\/\/www.eliassen.nl\/de\/\",\"name\":\"Eliassen Home & Garden Pleasure\",\"description\":\"\",\"publisher\":{\"@id\":\"https:\/\/www.eliassen.nl\/de\/#organization\"},\"alternateName\":\"Eliassen.nl\",\"potentialAction\":[{\"@type\":\"SearchAction\",\"target\":{\"@type\":\"EntryPoint\",\"urlTemplate\":\"https:\/\/www.eliassen.nl\/de\/?s={search_term_string}\"},\"query-input\":{\"@type\":\"PropertyValueSpecification\",\"valueRequired\":true,\"valueName\":\"search_term_string\"}}],\"inLanguage\":\"de\"},{\"@type\":[\"Organization\",\"Place\"],\"@id\":\"https:\/\/www.eliassen.nl\/de\/#organization\",\"name\":\"Eliassen Home & Garden Pleasure\",\"url\":\"https:\/\/www.eliassen.nl\/de\/\",\"logo\":{\"@id\":\"https:\/\/www.eliassen.nl\/de\/kunstliches-pflanzengras-allium-3-weisse-zwiebeln-80-cm\/#local-main-organization-logo\"},\"image\":{\"@id\":\"https:\/\/www.eliassen.nl\/de\/kunstliches-pflanzengras-allium-3-weisse-zwiebeln-80-cm\/#local-main-organization-logo\"},\"sameAs\":[\"https:\/\/www.facebook.com\/TuincentrumEliassenAmmerzoden\",\"https:\/\/www.instagram.com\/eliassenhomeandgarden\/\",\"https:\/\/nl.pinterest.com\/eliassenhomeandgarden\/\",\"https:\/\/www.youtube.com\/@eliassenhomegardenpleasure4558\"],\"telephone\":[],\"openingHoursSpecification\":[{\"@type\":\"OpeningHoursSpecification\",\"dayOfWeek\":[\"Monday\",\"Tuesday\",\"Wednesday\",\"Thursday\",\"Friday\",\"Saturday\",\"Sunday\"],\"opens\":\"09:00\",\"closes\":\"17:00\"}]},{\"@type\":\"ImageObject\",\"inLanguage\":\"de\",\"@id\":\"https:\/\/www.eliassen.nl\/de\/kunstliches-pflanzengras-allium-3-weisse-zwiebeln-80-cm\/#local-main-organization-logo\",\"url\":\"https:\/\/www.eliassen.nl\/wp-content\/uploads\/2024\/01\/logo_4nd.jpg\",\"contentUrl\":\"https:\/\/www.eliassen.nl\/wp-content\/uploads\/2024\/01\/logo_4nd.jpg\",\"width\":500,\"height\":500,\"caption\":\"Eliassen Home & Garden Pleasure\"}]}<\/script>\n<meta property=\"product:price:amount\" content=\"29.95\" \/>\n<meta property=\"product:price:currency\" content=\"EUR\" \/>\n<meta property=\"og:availability\" content=\"instock\" \/>\n<meta property=\"product:availability\" content=\"instock\" \/>\n<meta property=\"product:retailer_item_id\" content=\"RP2360\" \/>\n<meta property=\"product:condition\" content=\"new\" \/>\n<!-- \/ Yoast SEO Premium plugin. -->","yoast_head_json":{"title":"K\u00fcnstliches Pflanzengras Allium, 3 wei\u00dfe Zwiebeln, 80 cm","description":"Kunstpflanze im Topf, 80 cm. Werfen Sie einen kurzen Blick auf die Kunstpflanzenkollektion von Eliassen im Webshop oder sehen Sie sich alles live an. Der Kaf...","robots":{"index":"index","follow":"follow","max-snippet":"max-snippet:-1","max-image-preview":"max-image-preview:large","max-video-preview":"max-video-preview:-1"},"canonical":"https:\/\/www.eliassen.nl\/de\/kunstliches-pflanzengras-allium-3-weisse-zwiebeln-80-cm\/","og_locale":"de_DE","og_type":"article","og_title":"Homebound K\u00fcnstliches Pflanzengras Allium, 3 wei\u00dfe Zwiebeln, 80 cm - Eliassen.nl","og_description":"Kunstpflanze im Topf, 80 cm. Werfen Sie einen kurzen Blick auf die Kunstpflanzenkollektion von Eliassen im Webshop oder sehen Sie sich alles live an. Der Kaf...","og_url":"https:\/\/www.eliassen.nl\/de\/kunstliches-pflanzengras-allium-3-weisse-zwiebeln-80-cm\/","og_site_name":"Eliassen.nl","article_publisher":"https:\/\/www.facebook.com\/TuincentrumEliassenAmmerzoden","article_modified_time":"2024-12-05T16:30:03+00:00","og_image":[{"width":1000,"height":1000,"url":"https:\/\/www.eliassen.nl\/wp-content\/uploads\/2024\/10\/kunstplantgrasalliumbolwiteliassennlrp2360.jpg","type":"image\/jpeg"}],"twitter_card":"summary_large_image","schema":{"@context":"https:\/\/schema.org","@graph":[{"@type":"WebPage","@id":"https:\/\/www.eliassen.nl\/de\/kunstliches-pflanzengras-allium-3-weisse-zwiebeln-80-cm\/","url":"https:\/\/www.eliassen.nl\/de\/kunstliches-pflanzengras-allium-3-weisse-zwiebeln-80-cm\/","name":"K\u00fcnstliches Pflanzengras Allium, 3 wei\u00dfe Zwiebeln, 80 cm","isPartOf":{"@id":"https:\/\/www.eliassen.nl\/de\/#website"},"primaryImageOfPage":{"@id":"https:\/\/www.eliassen.nl\/de\/kunstliches-pflanzengras-allium-3-weisse-zwiebeln-80-cm\/#primaryimage"},"image":{"@id":"https:\/\/www.eliassen.nl\/de\/kunstliches-pflanzengras-allium-3-weisse-zwiebeln-80-cm\/#primaryimage"},"thumbnailUrl":"https:\/\/www.eliassen.nl\/wp-content\/uploads\/2024\/10\/kunstplantgrasalliumbolwiteliassennlrp2360.jpg","datePublished":"2024-07-09T12:00:24+00:00","dateModified":"2024-12-05T16:30:03+00:00","description":"Kunstpflanze im Topf, 80 cm. Werfen Sie einen kurzen Blick auf die Kunstpflanzenkollektion von Eliassen im Webshop oder sehen Sie sich alles live an. Der Kaf...","breadcrumb":{"@id":"https:\/\/www.eliassen.nl\/de\/kunstliches-pflanzengras-allium-3-weisse-zwiebeln-80-cm\/#breadcrumb"},"inLanguage":"de","potentialAction":[{"@type":"ReadAction","target":["https:\/\/www.eliassen.nl\/de\/kunstliches-pflanzengras-allium-3-weisse-zwiebeln-80-cm\/"]}]},{"@type":"ImageObject","inLanguage":"de","@id":"https:\/\/www.eliassen.nl\/de\/kunstliches-pflanzengras-allium-3-weisse-zwiebeln-80-cm\/#primaryimage","url":"https:\/\/www.eliassen.nl\/wp-content\/uploads\/2024\/10\/kunstplantgrasalliumbolwiteliassennlrp2360.jpg","contentUrl":"https:\/\/www.eliassen.nl\/wp-content\/uploads\/2024\/10\/kunstplantgrasalliumbolwiteliassennlrp2360.jpg","width":1000,"height":1000,"caption":"Kunstplant Gras Alliumbol wit Eliassen.nl rp2360"},{"@type":"BreadcrumbList","@id":"https:\/\/www.eliassen.nl\/de\/kunstliches-pflanzengras-allium-3-weisse-zwiebeln-80-cm\/#breadcrumb","itemListElement":[{"@type":"ListItem","position":1,"name":"Home","item":"https:\/\/www.eliassen.nl\/de\/"},{"@type":"ListItem","position":2,"name":"Shop","item":"https:\/\/www.eliassen.nl\/de\/shop\/"},{"@type":"ListItem","position":3,"name":"K\u00fcnstliche Pflanzen","item":"https:\/\/www.eliassen.nl\/de\/kuenstliche-pflanzen\/"},{"@type":"ListItem","position":4,"name":"K\u00fcnstliches Pflanzengras Allium, 3 wei\u00dfe Zwiebeln, 80 cm"}]},{"@type":"WebSite","@id":"https:\/\/www.eliassen.nl\/de\/#website","url":"https:\/\/www.eliassen.nl\/de\/","name":"Eliassen Home & Garden Pleasure","description":"","publisher":{"@id":"https:\/\/www.eliassen.nl\/de\/#organization"},"alternateName":"Eliassen.nl","potentialAction":[{"@type":"SearchAction","target":{"@type":"EntryPoint","urlTemplate":"https:\/\/www.eliassen.nl\/de\/?s={search_term_string}"},"query-input":{"@type":"PropertyValueSpecification","valueRequired":true,"valueName":"search_term_string"}}],"inLanguage":"de"},{"@type":["Organization","Place"],"@id":"https:\/\/www.eliassen.nl\/de\/#organization","name":"Eliassen Home & Garden Pleasure","url":"https:\/\/www.eliassen.nl\/de\/","logo":{"@id":"https:\/\/www.eliassen.nl\/de\/kunstliches-pflanzengras-allium-3-weisse-zwiebeln-80-cm\/#local-main-organization-logo"},"image":{"@id":"https:\/\/www.eliassen.nl\/de\/kunstliches-pflanzengras-allium-3-weisse-zwiebeln-80-cm\/#local-main-organization-logo"},"sameAs":["https:\/\/www.facebook.com\/TuincentrumEliassenAmmerzoden","https:\/\/www.instagram.com\/eliassenhomeandgarden\/","https:\/\/nl.pinterest.com\/eliassenhomeandgarden\/","https:\/\/www.youtube.com\/@eliassenhomegardenpleasure4558"],"telephone":[],"openingHoursSpecification":[{"@type":"OpeningHoursSpecification","dayOfWeek":["Monday","Tuesday","Wednesday","Thursday","Friday","Saturday","Sunday"],"opens":"09:00","closes":"17:00"}]},{"@type":"ImageObject","inLanguage":"de","@id":"https:\/\/www.eliassen.nl\/de\/kunstliches-pflanzengras-allium-3-weisse-zwiebeln-80-cm\/#local-main-organization-logo","url":"https:\/\/www.eliassen.nl\/wp-content\/uploads\/2024\/01\/logo_4nd.jpg","contentUrl":"https:\/\/www.eliassen.nl\/wp-content\/uploads\/2024\/01\/logo_4nd.jpg","width":500,"height":500,"caption":"Eliassen Home & Garden Pleasure"}]},"product_price_amount":"29.95","product_price_currency":"EUR","og_availability":"instock","product_availability":"instock","product_retailer_item_id":"RP2360","product_condition":"new"},"df_price":29.95,"df_sale_price":"","df_regular_price":29.95,"df_image_link":"https:\/\/www.eliassen.nl\/wp-content\/uploads\/2024\/10\/kunstplantgrasalliumbolwiteliassennlrp2360.jpg","image":"https:\/\/www.eliassen.nl\/wp-content\/uploads\/2024\/10\/kunstplantgrasalliumbolwiteliassennlrp2360.jpg","price_search":"<span class=\"woocommerce-Price-amount amount\"><bdi><span class=\"woocommerce-Price-currencySymbol\">&euro;<\/span>&nbsp;29,95<\/bdi><\/span>","category":"K\u00fcnstliche Pflanzen","global_unique_id":"8719097092578","_links":{"self":[{"href":"https:\/\/www.eliassen.nl\/de\/wp-json\/wp\/v2\/product\/157223","targetHints":{"allow":["GET"]}}],"collection":[{"href":"https:\/\/www.eliassen.nl\/de\/wp-json\/wp\/v2\/product"}],"about":[{"href":"https:\/\/www.eliassen.nl\/de\/wp-json\/wp\/v2\/types\/product"}],"wp:featuredmedia":[{"embeddable":true,"href":"https:\/\/www.eliassen.nl\/de\/wp-json\/wp\/v2\/media\/157202"}],"wp:attachment":[{"href":"https:\/\/www.eliassen.nl\/de\/wp-json\/wp\/v2\/media?parent=157223"}],"wp:term":[{"taxonomy":"product_brand","embeddable":true,"href":"https:\/\/www.eliassen.nl\/de\/wp-json\/wp\/v2\/product_brand?post=157223"},{"taxonomy":"product_cat","embeddable":true,"href":"https:\/\/www.eliassen.nl\/de\/wp-json\/wp\/v2\/product_cat?post=157223"},{"taxonomy":"product_tag","embeddable":true,"href":"https:\/\/www.eliassen.nl\/de\/wp-json\/wp\/v2\/product_tag?post=157223"}],"curies":[{"name":"wp","href":"https:\/\/api.w.org\/{rel}","templated":true}]}}