{"id":156392,"date":"2024-06-21T10:13:39","date_gmt":"2024-06-21T10:13:39","guid":{"rendered":"https:\/\/www.eliassen.nl\/?product=bloempot-chinees-porselein-zibo-blauw-in-3-maten"},"modified":"2026-02-23T09:20:44","modified_gmt":"2026-02-23T08:20:44","slug":"blumentopf-aus-chinesischem-porzellan-zibo-blau-in-3-grossen","status":"publish","type":"product","link":"https:\/\/www.eliassen.nl\/de\/blumentopf-aus-chinesischem-porzellan-zibo-blau-in-3-grossen\/","title":{"rendered":"Blumentopf Chinesisches Porzellan Zibo blau in 3 Gr\u00f6\u00dfen"},"content":{"rendered":"<p>Diese T\u00f6pfe aus chinesischem Porzellan passen wunderbar in moderne oder schlichte Interieurs. Diese chinesischen T\u00f6pfe bieten einen sch\u00f6nen Kontrast: ein altes Element in einer modernen, eleganten Umgebung.<\/p>\n<p>Wundersch\u00f6n verziert mit klassischen chinesischen Zeichnungen, aus steinhartem Porzellan, auf altmodische Weise hergestellt.<\/p>\n<p>Im Grunde sind diese T\u00f6pfe f\u00fcr den Innenbereich gedacht, aber im Sommer k\u00f6nnen sie auch drau\u00dfen stehen. Da sie keine L\u00f6cher im Boden haben, k\u00f6nnen sie im Winter leider nicht drau\u00dfen bleiben.<\/p>\n<p>Diese orientalischen T\u00f6pfe sind in 3 Gr\u00f6\u00dfen erh\u00e4ltlich, klicken Sie auf die gew\u00fcnschte Gr\u00f6\u00dfe.<\/p>\n<ul>\n<li>Gr\u00f6\u00dfen: ca. 15x12cm hoch, 25x18cm hoch oder 36x26cm hoch<\/li>\n<li>Garantie: 5 Jahre<\/li>\n<li>Auch in unserem Gesch\u00e4ft ausgestellt<\/li>\n<\/ul>\n","protected":false},"excerpt":{"rendered":"<p>\u2713 15,25 oder 36cm breit \u2713 Chinesischer Stil<\/p>\n","protected":false},"featured_media":156374,"template":"","meta":{"_acf_changed":false,"_genesis_title":"","_genesis_description":""},"product_brand":[7505],"product_cat":[722,7058],"product_tag":[],"class_list":{"0":"post-156392","1":"product","2":"type-product","3":"status-publish","4":"has-post-thumbnail","6":"product_brand-sonstige","7":"product_cat-blumentoepfe-und-pflanzgefaesse","8":"product_cat-chinesische-toepfe","10":"first","11":"outofstock","12":"taxable","13":"shipping-taxable","14":"purchasable","15":"product-type-variable"},"acf":[],"meta_all":{"wcml_sync_hash":{"postmeta_fields":"8499a7bb3adb8205942a8c528a9520c7"},"attr_label_translations":[],"total_sales":"9","cor_restricted_countries":[]},"meta_all_flat":{"wcml_sync_hash.postmeta_fields":"8499a7bb3adb8205942a8c528a9520c7","total_sales":"9"},"yoast_head":"<!-- This site is optimized with the Yoast SEO Premium plugin v26.2 (Yoast SEO v27.2) - https:\/\/yoast.com\/product\/yoast-seo-premium-wordpress\/ -->\n<title>Blumentopf Chinesisches Porzellan Zibo blau in 3 Gr\u00f6\u00dfen - Eliassen.nl<\/title>\n<meta name=\"description\" content=\"Sind Sie auf der Suche nach einem Blumentopf aus Porzellan im chinesischen Stil? Dieses Modell ist in verschiedenen Gr\u00f6\u00dfen erh\u00e4ltlich und hat einen authentischen Stil. Schnelle Lieferung.\" \/>\n<meta name=\"robots\" content=\"index, follow, max-snippet:-1, max-image-preview:large, max-video-preview:-1\" \/>\n<link rel=\"canonical\" href=\"https:\/\/www.eliassen.nl\/de\/blumentopf-aus-chinesischem-porzellan-zibo-blau-in-3-grossen\/\" \/>\n<meta property=\"og:locale\" content=\"de_DE\" \/>\n<meta property=\"og:type\" content=\"article\" \/>\n<meta property=\"og:title\" content=\"Sonstige Blumentopf Chinesisches Porzellan Zibo blau in 3 Gr\u00f6\u00dfen - Eliassen.nl\" \/>\n<meta property=\"og:description\" content=\"Sind Sie auf der Suche nach einem Blumentopf aus Porzellan im chinesischen Stil? Dieses Modell ist in verschiedenen Gr\u00f6\u00dfen erh\u00e4ltlich und hat einen authentischen Stil. Schnelle Lieferung.\" \/>\n<meta property=\"og:url\" content=\"https:\/\/www.eliassen.nl\/de\/blumentopf-aus-chinesischem-porzellan-zibo-blau-in-3-grossen\/\" \/>\n<meta property=\"og:site_name\" content=\"Eliassen.nl\" \/>\n<meta property=\"article:publisher\" content=\"https:\/\/www.facebook.com\/TuincentrumEliassenAmmerzoden\" \/>\n<meta property=\"article:modified_time\" content=\"2026-02-23T08:20:44+00:00\" \/>\n<meta property=\"og:image\" content=\"https:\/\/www.eliassen.nl\/wp-content\/uploads\/2024\/10\/bloempotchineesporseleinziboblauwin3matene.webp\" \/>\n\t<meta property=\"og:image:width\" content=\"2000\" \/>\n\t<meta property=\"og:image:height\" content=\"855\" \/>\n\t<meta property=\"og:image:type\" content=\"image\/webp\" \/>\n<meta name=\"twitter:card\" content=\"summary_large_image\" \/>\n<script type=\"application\/ld+json\" class=\"yoast-schema-graph\">{\"@context\":\"https:\/\/schema.org\",\"@graph\":[{\"@type\":\"WebPage\",\"@id\":\"https:\/\/www.eliassen.nl\/de\/blumentopf-aus-chinesischem-porzellan-zibo-blau-in-3-grossen\/\",\"url\":\"https:\/\/www.eliassen.nl\/de\/blumentopf-aus-chinesischem-porzellan-zibo-blau-in-3-grossen\/\",\"name\":\"Blumentopf Chinesisches Porzellan Zibo blau in 3 Gr\u00f6\u00dfen - Eliassen.nl\",\"isPartOf\":{\"@id\":\"https:\/\/www.eliassen.nl\/de\/#website\"},\"primaryImageOfPage\":{\"@id\":\"https:\/\/www.eliassen.nl\/de\/blumentopf-aus-chinesischem-porzellan-zibo-blau-in-3-grossen\/#primaryimage\"},\"image\":{\"@id\":\"https:\/\/www.eliassen.nl\/de\/blumentopf-aus-chinesischem-porzellan-zibo-blau-in-3-grossen\/#primaryimage\"},\"thumbnailUrl\":\"https:\/\/www.eliassen.nl\/wp-content\/uploads\/2024\/10\/bloempotchineesporseleinziboblauwin3matene.webp\",\"datePublished\":\"2024-06-21T10:13:39+00:00\",\"dateModified\":\"2026-02-23T08:20:44+00:00\",\"description\":\"Sind Sie auf der Suche nach einem Blumentopf aus Porzellan im chinesischen Stil? Dieses Modell ist in verschiedenen Gr\u00f6\u00dfen erh\u00e4ltlich und hat einen authentischen Stil. Schnelle Lieferung.\",\"breadcrumb\":{\"@id\":\"https:\/\/www.eliassen.nl\/de\/blumentopf-aus-chinesischem-porzellan-zibo-blau-in-3-grossen\/#breadcrumb\"},\"inLanguage\":\"de\",\"potentialAction\":[{\"@type\":\"ReadAction\",\"target\":[\"https:\/\/www.eliassen.nl\/de\/blumentopf-aus-chinesischem-porzellan-zibo-blau-in-3-grossen\/\"]}]},{\"@type\":\"ImageObject\",\"inLanguage\":\"de\",\"@id\":\"https:\/\/www.eliassen.nl\/de\/blumentopf-aus-chinesischem-porzellan-zibo-blau-in-3-grossen\/#primaryimage\",\"url\":\"https:\/\/www.eliassen.nl\/wp-content\/uploads\/2024\/10\/bloempotchineesporseleinziboblauwin3matene.webp\",\"contentUrl\":\"https:\/\/www.eliassen.nl\/wp-content\/uploads\/2024\/10\/bloempotchineesporseleinziboblauwin3matene.webp\",\"width\":2000,\"height\":855,\"caption\":\"Blumentopf Chinesisches Porzellan Zibo blau in 3 Gr\u00f6\u00dfen eliassen.nl\"},{\"@type\":\"BreadcrumbList\",\"@id\":\"https:\/\/www.eliassen.nl\/de\/blumentopf-aus-chinesischem-porzellan-zibo-blau-in-3-grossen\/#breadcrumb\",\"itemListElement\":[{\"@type\":\"ListItem\",\"position\":1,\"name\":\"Home\",\"item\":\"https:\/\/www.eliassen.nl\/de\/\"},{\"@type\":\"ListItem\",\"position\":2,\"name\":\"Shop\",\"item\":\"https:\/\/www.eliassen.nl\/de\/shop\/\"},{\"@type\":\"ListItem\",\"position\":3,\"name\":\"Blument\u00f6pfe und Pflanzgef\u00e4\u00dfe\",\"item\":\"https:\/\/www.eliassen.nl\/de\/blumentoepfe-und-pflanzgefaesse\/\"},{\"@type\":\"ListItem\",\"position\":4,\"name\":\"Chinesische T\u00f6pfe\",\"item\":\"https:\/\/www.eliassen.nl\/de\/blumentoepfe-und-pflanzgefaesse\/chinesische-toepfe\/\"},{\"@type\":\"ListItem\",\"position\":5,\"name\":\"Blumentopf Chinesisches Porzellan Zibo blau in 3 Gr\u00f6\u00dfen\"}]},{\"@type\":\"WebSite\",\"@id\":\"https:\/\/www.eliassen.nl\/de\/#website\",\"url\":\"https:\/\/www.eliassen.nl\/de\/\",\"name\":\"Eliassen Home & Garden Pleasure\",\"description\":\"\",\"publisher\":{\"@id\":\"https:\/\/www.eliassen.nl\/de\/#organization\"},\"alternateName\":\"Eliassen.nl\",\"potentialAction\":[{\"@type\":\"SearchAction\",\"target\":{\"@type\":\"EntryPoint\",\"urlTemplate\":\"https:\/\/www.eliassen.nl\/de\/?s={search_term_string}\"},\"query-input\":{\"@type\":\"PropertyValueSpecification\",\"valueRequired\":true,\"valueName\":\"search_term_string\"}}],\"inLanguage\":\"de\"},{\"@type\":[\"Organization\",\"Place\"],\"@id\":\"https:\/\/www.eliassen.nl\/de\/#organization\",\"name\":\"Eliassen Home & Garden Pleasure\",\"url\":\"https:\/\/www.eliassen.nl\/de\/\",\"logo\":{\"@id\":\"https:\/\/www.eliassen.nl\/de\/blumentopf-aus-chinesischem-porzellan-zibo-blau-in-3-grossen\/#local-main-organization-logo\"},\"image\":{\"@id\":\"https:\/\/www.eliassen.nl\/de\/blumentopf-aus-chinesischem-porzellan-zibo-blau-in-3-grossen\/#local-main-organization-logo\"},\"sameAs\":[\"https:\/\/www.facebook.com\/TuincentrumEliassenAmmerzoden\",\"https:\/\/www.instagram.com\/eliassenhomeandgarden\/\",\"https:\/\/nl.pinterest.com\/eliassenhomeandgarden\/\",\"https:\/\/www.youtube.com\/@eliassenhomegardenpleasure4558\"],\"telephone\":[],\"openingHoursSpecification\":[{\"@type\":\"OpeningHoursSpecification\",\"dayOfWeek\":[\"Monday\",\"Tuesday\",\"Wednesday\",\"Thursday\",\"Friday\",\"Saturday\",\"Sunday\"],\"opens\":\"09:00\",\"closes\":\"17:00\"}]},{\"@type\":\"ImageObject\",\"inLanguage\":\"de\",\"@id\":\"https:\/\/www.eliassen.nl\/de\/blumentopf-aus-chinesischem-porzellan-zibo-blau-in-3-grossen\/#local-main-organization-logo\",\"url\":\"https:\/\/www.eliassen.nl\/wp-content\/uploads\/2024\/01\/logo_4nd.jpg\",\"contentUrl\":\"https:\/\/www.eliassen.nl\/wp-content\/uploads\/2024\/01\/logo_4nd.jpg\",\"width\":500,\"height\":500,\"caption\":\"Eliassen Home & Garden Pleasure\"}]}<\/script>\n<meta property=\"og:availability\" content=\"out of stock\" \/>\n<meta property=\"product:availability\" content=\"out of stock\" \/>\n<meta property=\"product:retailer_item_id\" content=\"131048\" \/>\n<meta property=\"product:condition\" content=\"new\" \/>\n<!-- \/ Yoast SEO Premium plugin. -->","yoast_head_json":{"title":"Blumentopf Chinesisches Porzellan Zibo blau in 3 Gr\u00f6\u00dfen - Eliassen.nl","description":"Sind Sie auf der Suche nach einem Blumentopf aus Porzellan im chinesischen Stil? Dieses Modell ist in verschiedenen Gr\u00f6\u00dfen erh\u00e4ltlich und hat einen authentischen Stil. Schnelle Lieferung.","robots":{"index":"index","follow":"follow","max-snippet":"max-snippet:-1","max-image-preview":"max-image-preview:large","max-video-preview":"max-video-preview:-1"},"canonical":"https:\/\/www.eliassen.nl\/de\/blumentopf-aus-chinesischem-porzellan-zibo-blau-in-3-grossen\/","og_locale":"de_DE","og_type":"article","og_title":"Sonstige Blumentopf Chinesisches Porzellan Zibo blau in 3 Gr\u00f6\u00dfen - Eliassen.nl","og_description":"Sind Sie auf der Suche nach einem Blumentopf aus Porzellan im chinesischen Stil? Dieses Modell ist in verschiedenen Gr\u00f6\u00dfen erh\u00e4ltlich und hat einen authentischen Stil. Schnelle Lieferung.","og_url":"https:\/\/www.eliassen.nl\/de\/blumentopf-aus-chinesischem-porzellan-zibo-blau-in-3-grossen\/","og_site_name":"Eliassen.nl","article_publisher":"https:\/\/www.facebook.com\/TuincentrumEliassenAmmerzoden","article_modified_time":"2026-02-23T08:20:44+00:00","og_image":[{"width":2000,"height":855,"url":"https:\/\/www.eliassen.nl\/wp-content\/uploads\/2024\/10\/bloempotchineesporseleinziboblauwin3matene.webp","type":"image\/webp"}],"twitter_card":"summary_large_image","schema":{"@context":"https:\/\/schema.org","@graph":[{"@type":"WebPage","@id":"https:\/\/www.eliassen.nl\/de\/blumentopf-aus-chinesischem-porzellan-zibo-blau-in-3-grossen\/","url":"https:\/\/www.eliassen.nl\/de\/blumentopf-aus-chinesischem-porzellan-zibo-blau-in-3-grossen\/","name":"Blumentopf Chinesisches Porzellan Zibo blau in 3 Gr\u00f6\u00dfen - Eliassen.nl","isPartOf":{"@id":"https:\/\/www.eliassen.nl\/de\/#website"},"primaryImageOfPage":{"@id":"https:\/\/www.eliassen.nl\/de\/blumentopf-aus-chinesischem-porzellan-zibo-blau-in-3-grossen\/#primaryimage"},"image":{"@id":"https:\/\/www.eliassen.nl\/de\/blumentopf-aus-chinesischem-porzellan-zibo-blau-in-3-grossen\/#primaryimage"},"thumbnailUrl":"https:\/\/www.eliassen.nl\/wp-content\/uploads\/2024\/10\/bloempotchineesporseleinziboblauwin3matene.webp","datePublished":"2024-06-21T10:13:39+00:00","dateModified":"2026-02-23T08:20:44+00:00","description":"Sind Sie auf der Suche nach einem Blumentopf aus Porzellan im chinesischen Stil? Dieses Modell ist in verschiedenen Gr\u00f6\u00dfen erh\u00e4ltlich und hat einen authentischen Stil. Schnelle Lieferung.","breadcrumb":{"@id":"https:\/\/www.eliassen.nl\/de\/blumentopf-aus-chinesischem-porzellan-zibo-blau-in-3-grossen\/#breadcrumb"},"inLanguage":"de","potentialAction":[{"@type":"ReadAction","target":["https:\/\/www.eliassen.nl\/de\/blumentopf-aus-chinesischem-porzellan-zibo-blau-in-3-grossen\/"]}]},{"@type":"ImageObject","inLanguage":"de","@id":"https:\/\/www.eliassen.nl\/de\/blumentopf-aus-chinesischem-porzellan-zibo-blau-in-3-grossen\/#primaryimage","url":"https:\/\/www.eliassen.nl\/wp-content\/uploads\/2024\/10\/bloempotchineesporseleinziboblauwin3matene.webp","contentUrl":"https:\/\/www.eliassen.nl\/wp-content\/uploads\/2024\/10\/bloempotchineesporseleinziboblauwin3matene.webp","width":2000,"height":855,"caption":"Blumentopf Chinesisches Porzellan Zibo blau in 3 Gr\u00f6\u00dfen eliassen.nl"},{"@type":"BreadcrumbList","@id":"https:\/\/www.eliassen.nl\/de\/blumentopf-aus-chinesischem-porzellan-zibo-blau-in-3-grossen\/#breadcrumb","itemListElement":[{"@type":"ListItem","position":1,"name":"Home","item":"https:\/\/www.eliassen.nl\/de\/"},{"@type":"ListItem","position":2,"name":"Shop","item":"https:\/\/www.eliassen.nl\/de\/shop\/"},{"@type":"ListItem","position":3,"name":"Blument\u00f6pfe und Pflanzgef\u00e4\u00dfe","item":"https:\/\/www.eliassen.nl\/de\/blumentoepfe-und-pflanzgefaesse\/"},{"@type":"ListItem","position":4,"name":"Chinesische T\u00f6pfe","item":"https:\/\/www.eliassen.nl\/de\/blumentoepfe-und-pflanzgefaesse\/chinesische-toepfe\/"},{"@type":"ListItem","position":5,"name":"Blumentopf Chinesisches Porzellan Zibo blau in 3 Gr\u00f6\u00dfen"}]},{"@type":"WebSite","@id":"https:\/\/www.eliassen.nl\/de\/#website","url":"https:\/\/www.eliassen.nl\/de\/","name":"Eliassen Home & Garden Pleasure","description":"","publisher":{"@id":"https:\/\/www.eliassen.nl\/de\/#organization"},"alternateName":"Eliassen.nl","potentialAction":[{"@type":"SearchAction","target":{"@type":"EntryPoint","urlTemplate":"https:\/\/www.eliassen.nl\/de\/?s={search_term_string}"},"query-input":{"@type":"PropertyValueSpecification","valueRequired":true,"valueName":"search_term_string"}}],"inLanguage":"de"},{"@type":["Organization","Place"],"@id":"https:\/\/www.eliassen.nl\/de\/#organization","name":"Eliassen Home & Garden Pleasure","url":"https:\/\/www.eliassen.nl\/de\/","logo":{"@id":"https:\/\/www.eliassen.nl\/de\/blumentopf-aus-chinesischem-porzellan-zibo-blau-in-3-grossen\/#local-main-organization-logo"},"image":{"@id":"https:\/\/www.eliassen.nl\/de\/blumentopf-aus-chinesischem-porzellan-zibo-blau-in-3-grossen\/#local-main-organization-logo"},"sameAs":["https:\/\/www.facebook.com\/TuincentrumEliassenAmmerzoden","https:\/\/www.instagram.com\/eliassenhomeandgarden\/","https:\/\/nl.pinterest.com\/eliassenhomeandgarden\/","https:\/\/www.youtube.com\/@eliassenhomegardenpleasure4558"],"telephone":[],"openingHoursSpecification":[{"@type":"OpeningHoursSpecification","dayOfWeek":["Monday","Tuesday","Wednesday","Thursday","Friday","Saturday","Sunday"],"opens":"09:00","closes":"17:00"}]},{"@type":"ImageObject","inLanguage":"de","@id":"https:\/\/www.eliassen.nl\/de\/blumentopf-aus-chinesischem-porzellan-zibo-blau-in-3-grossen\/#local-main-organization-logo","url":"https:\/\/www.eliassen.nl\/wp-content\/uploads\/2024\/01\/logo_4nd.jpg","contentUrl":"https:\/\/www.eliassen.nl\/wp-content\/uploads\/2024\/01\/logo_4nd.jpg","width":500,"height":500,"caption":"Eliassen Home & Garden Pleasure"}]},"og_availability":"out of stock","product_availability":"out of stock","product_retailer_item_id":"131048","product_condition":"new"},"df_price":20.5,"df_sale_price":"","df_regular_price":20.5,"df_image_link":"https:\/\/www.eliassen.nl\/wp-content\/uploads\/2024\/10\/bloempotchineesporseleinziboblauwin3matene.webp","image":"https:\/\/www.eliassen.nl\/wp-content\/uploads\/2024\/10\/bloempotchineesporseleinziboblauwin3matene.webp","price_search":"<span class=\"woocommerce-Price-amount amount\"><bdi><span class=\"woocommerce-Price-currencySymbol\">&euro;<\/span>&nbsp;20,50<\/bdi><\/span>","category":"Blument\u00f6pfe und Pflanzgef\u00e4\u00dfe","global_unique_id":"8714075131775","_links":{"self":[{"href":"https:\/\/www.eliassen.nl\/de\/wp-json\/wp\/v2\/product\/156392","targetHints":{"allow":["GET"]}}],"collection":[{"href":"https:\/\/www.eliassen.nl\/de\/wp-json\/wp\/v2\/product"}],"about":[{"href":"https:\/\/www.eliassen.nl\/de\/wp-json\/wp\/v2\/types\/product"}],"wp:featuredmedia":[{"embeddable":true,"href":"https:\/\/www.eliassen.nl\/de\/wp-json\/wp\/v2\/media\/156374"}],"wp:attachment":[{"href":"https:\/\/www.eliassen.nl\/de\/wp-json\/wp\/v2\/media?parent=156392"}],"wp:term":[{"taxonomy":"product_brand","embeddable":true,"href":"https:\/\/www.eliassen.nl\/de\/wp-json\/wp\/v2\/product_brand?post=156392"},{"taxonomy":"product_cat","embeddable":true,"href":"https:\/\/www.eliassen.nl\/de\/wp-json\/wp\/v2\/product_cat?post=156392"},{"taxonomy":"product_tag","embeddable":true,"href":"https:\/\/www.eliassen.nl\/de\/wp-json\/wp\/v2\/product_tag?post=156392"}],"curies":[{"name":"wp","href":"https:\/\/api.w.org\/{rel}","templated":true}]}}