{"id":156071,"date":"2024-06-11T19:19:26","date_gmt":"2024-06-11T17:19:26","guid":{"rendered":"https:\/\/www.eliassen.nl\/?product=tuinprikker-2-uiltjes-moeder-en-kind-wit-112cm"},"modified":"2024-12-05T17:27:54","modified_gmt":"2024-12-05T16:27:54","slug":"gartenpflucker-2-eulen-mutter-und-kind-weiss-112cm","status":"publish","type":"product","link":"https:\/\/www.eliassen.nl\/de\/gartenpflucker-2-eulen-mutter-und-kind-weiss-112cm\/","title":{"rendered":"Gartenpfl\u00fccker 2 Eulen Mutter und Kind wei\u00df 112cm"},"content":{"rendered":"<p>Wundersch\u00f6n verarbeiteter Gartenspie\u00df aus Metall, den Sie \u00fcberall im Garten anbringen k\u00f6nnen.<br \/>Ein Juwel im Garten und sch\u00f6n zum Verschenken. Komplett handgefertigt und bemalt.<br \/>Da es sich um Handarbeit handelt, kann das Bild geringf\u00fcgig von einem echten Artikel abweichen.<\/p>\n<p><strong>Wir haben fast alles aus dieser Serie im Showroom, kommen Sie gerne vorbei und schauen Sie sich um.<\/strong><\/p>\n<ul>\n<li>Gr\u00f6\u00dfe: 112 cm hoch<\/li>\n<li>Schnell geliefert.<\/li>\n<li>100 % handgefertigt.<\/li>\n<li>1 Jahr Garantie.<\/li>\n<\/ul>\n<p>Hinweis: Dieses Produkt ist nicht f\u00fcr die Aufstellung bei vollem Wind geeignet.<\/p>\n","protected":false},"excerpt":{"rendered":"<p>Sch\u00f6ner Gartenstecker f\u00fcr den Garten.<\/p>\n","protected":false},"featured_media":156062,"template":"","meta":{"_acf_changed":false,"_genesis_title":"","_genesis_description":""},"product_brand":[6960],"product_cat":[851,836],"product_tag":[],"class_list":{"0":"post-156071","1":"product","2":"type-product","3":"status-publish","4":"has-post-thumbnail","6":"product_brand-zimba-arts-de","7":"product_cat-gartenpfaehle-aus-still","8":"product_cat-gartenstecker","10":"first","11":"instock","12":"taxable","13":"shipping-taxable","14":"purchasable","15":"product-type-simple"},"acf":[],"meta_all":{"total_sales":"2","wcml_sync_hash":{"postmeta_fields":"b7409046e13b8be852c5763111a50c24"},"attr_label_translations":[]},"meta_all_flat":{"total_sales":"2","wcml_sync_hash.postmeta_fields":"b7409046e13b8be852c5763111a50c24"},"yoast_head":"<!-- This site is optimized with the Yoast SEO Premium plugin v26.2 (Yoast SEO v27.2) - https:\/\/yoast.com\/product\/yoast-seo-premium-wordpress\/ -->\n<title>Gartenpfl\u00fccker 2 Eulen Mutter und Kind wei\u00df 112cm - Eliassen.nl<\/title>\n<meta name=\"description\" content=\"Suchen Sie einen Gartenstecker aus Metall? Bestellen Sie jetzt Gartenspie\u00df-Eulen am Stiel. Gartendekorationen von Eliassen k\u00f6nnen Sie ganz einfach im Webshop...\" \/>\n<meta name=\"robots\" content=\"index, follow, max-snippet:-1, max-image-preview:large, max-video-preview:-1\" \/>\n<link rel=\"canonical\" href=\"https:\/\/www.eliassen.nl\/de\/gartenpflucker-2-eulen-mutter-und-kind-weiss-112cm\/\" \/>\n<meta property=\"og:locale\" content=\"de_DE\" \/>\n<meta property=\"og:type\" content=\"article\" \/>\n<meta property=\"og:title\" content=\"Zimba-arts Gartenpfl\u00fccker 2 Eulen Mutter und Kind wei\u00df 112cm - Eliassen.nl\" \/>\n<meta property=\"og:description\" content=\"Suchen Sie einen Gartenstecker aus Metall? Bestellen Sie jetzt Gartenspie\u00df-Eulen am Stiel. Gartendekorationen von Eliassen k\u00f6nnen Sie ganz einfach im Webshop...\" \/>\n<meta property=\"og:url\" content=\"https:\/\/www.eliassen.nl\/de\/gartenpflucker-2-eulen-mutter-und-kind-weiss-112cm\/\" \/>\n<meta property=\"og:site_name\" content=\"Eliassen.nl\" \/>\n<meta property=\"article:publisher\" content=\"https:\/\/www.facebook.com\/TuincentrumEliassenAmmerzoden\" \/>\n<meta property=\"article:modified_time\" content=\"2024-12-05T16:27:54+00:00\" \/>\n<meta property=\"og:image\" content=\"https:\/\/www.eliassen.nl\/wp-content\/uploads\/2024\/10\/tuinstekergroteenkleineuilwiteliassennlza40.jpg\" \/>\n\t<meta property=\"og:image:width\" content=\"1333\" \/>\n\t<meta property=\"og:image:height\" content=\"2000\" \/>\n\t<meta property=\"og:image:type\" content=\"image\/jpeg\" \/>\n<meta name=\"twitter:card\" content=\"summary_large_image\" \/>\n<script type=\"application\/ld+json\" class=\"yoast-schema-graph\">{\"@context\":\"https:\/\/schema.org\",\"@graph\":[{\"@type\":\"WebPage\",\"@id\":\"https:\/\/www.eliassen.nl\/de\/gartenpflucker-2-eulen-mutter-und-kind-weiss-112cm\/\",\"url\":\"https:\/\/www.eliassen.nl\/de\/gartenpflucker-2-eulen-mutter-und-kind-weiss-112cm\/\",\"name\":\"Gartenpfl\u00fccker 2 Eulen Mutter und Kind wei\u00df 112cm - Eliassen.nl\",\"isPartOf\":{\"@id\":\"https:\/\/www.eliassen.nl\/de\/#website\"},\"primaryImageOfPage\":{\"@id\":\"https:\/\/www.eliassen.nl\/de\/gartenpflucker-2-eulen-mutter-und-kind-weiss-112cm\/#primaryimage\"},\"image\":{\"@id\":\"https:\/\/www.eliassen.nl\/de\/gartenpflucker-2-eulen-mutter-und-kind-weiss-112cm\/#primaryimage\"},\"thumbnailUrl\":\"https:\/\/www.eliassen.nl\/wp-content\/uploads\/2024\/10\/tuinstekergroteenkleineuilwiteliassennlza40.jpg\",\"datePublished\":\"2024-06-11T17:19:26+00:00\",\"dateModified\":\"2024-12-05T16:27:54+00:00\",\"description\":\"Suchen Sie einen Gartenstecker aus Metall? Bestellen Sie jetzt Gartenspie\u00df-Eulen am Stiel. Gartendekorationen von Eliassen k\u00f6nnen Sie ganz einfach im Webshop...\",\"breadcrumb\":{\"@id\":\"https:\/\/www.eliassen.nl\/de\/gartenpflucker-2-eulen-mutter-und-kind-weiss-112cm\/#breadcrumb\"},\"inLanguage\":\"de\",\"potentialAction\":[{\"@type\":\"ReadAction\",\"target\":[\"https:\/\/www.eliassen.nl\/de\/gartenpflucker-2-eulen-mutter-und-kind-weiss-112cm\/\"]}]},{\"@type\":\"ImageObject\",\"inLanguage\":\"de\",\"@id\":\"https:\/\/www.eliassen.nl\/de\/gartenpflucker-2-eulen-mutter-und-kind-weiss-112cm\/#primaryimage\",\"url\":\"https:\/\/www.eliassen.nl\/wp-content\/uploads\/2024\/10\/tuinstekergroteenkleineuilwiteliassennlza40.jpg\",\"contentUrl\":\"https:\/\/www.eliassen.nl\/wp-content\/uploads\/2024\/10\/tuinstekergroteenkleineuilwiteliassennlza40.jpg\",\"width\":1333,\"height\":2000,\"caption\":\"tuinsteker grote en kleine uil wit Eliassen.nl za407034\"},{\"@type\":\"BreadcrumbList\",\"@id\":\"https:\/\/www.eliassen.nl\/de\/gartenpflucker-2-eulen-mutter-und-kind-weiss-112cm\/#breadcrumb\",\"itemListElement\":[{\"@type\":\"ListItem\",\"position\":1,\"name\":\"Home\",\"item\":\"https:\/\/www.eliassen.nl\/de\/\"},{\"@type\":\"ListItem\",\"position\":2,\"name\":\"Shop\",\"item\":\"https:\/\/www.eliassen.nl\/de\/shop\/\"},{\"@type\":\"ListItem\",\"position\":3,\"name\":\"Gartenstecker\",\"item\":\"https:\/\/www.eliassen.nl\/de\/gartenstecker\/\"},{\"@type\":\"ListItem\",\"position\":4,\"name\":\"Gartenpf\u00e4hle aus still\",\"item\":\"https:\/\/www.eliassen.nl\/de\/gartenstecker\/gartenpfaehle-aus-still\/\"},{\"@type\":\"ListItem\",\"position\":5,\"name\":\"Gartenpfl\u00fccker 2 Eulen Mutter und Kind wei\u00df 112cm\"}]},{\"@type\":\"WebSite\",\"@id\":\"https:\/\/www.eliassen.nl\/de\/#website\",\"url\":\"https:\/\/www.eliassen.nl\/de\/\",\"name\":\"Eliassen Home & Garden Pleasure\",\"description\":\"\",\"publisher\":{\"@id\":\"https:\/\/www.eliassen.nl\/de\/#organization\"},\"alternateName\":\"Eliassen.nl\",\"potentialAction\":[{\"@type\":\"SearchAction\",\"target\":{\"@type\":\"EntryPoint\",\"urlTemplate\":\"https:\/\/www.eliassen.nl\/de\/?s={search_term_string}\"},\"query-input\":{\"@type\":\"PropertyValueSpecification\",\"valueRequired\":true,\"valueName\":\"search_term_string\"}}],\"inLanguage\":\"de\"},{\"@type\":[\"Organization\",\"Place\"],\"@id\":\"https:\/\/www.eliassen.nl\/de\/#organization\",\"name\":\"Eliassen Home & Garden Pleasure\",\"url\":\"https:\/\/www.eliassen.nl\/de\/\",\"logo\":{\"@id\":\"https:\/\/www.eliassen.nl\/de\/gartenpflucker-2-eulen-mutter-und-kind-weiss-112cm\/#local-main-organization-logo\"},\"image\":{\"@id\":\"https:\/\/www.eliassen.nl\/de\/gartenpflucker-2-eulen-mutter-und-kind-weiss-112cm\/#local-main-organization-logo\"},\"sameAs\":[\"https:\/\/www.facebook.com\/TuincentrumEliassenAmmerzoden\",\"https:\/\/www.instagram.com\/eliassenhomeandgarden\/\",\"https:\/\/nl.pinterest.com\/eliassenhomeandgarden\/\",\"https:\/\/www.youtube.com\/@eliassenhomegardenpleasure4558\"],\"telephone\":[],\"openingHoursSpecification\":[{\"@type\":\"OpeningHoursSpecification\",\"dayOfWeek\":[\"Monday\",\"Tuesday\",\"Wednesday\",\"Thursday\",\"Friday\",\"Saturday\",\"Sunday\"],\"opens\":\"09:00\",\"closes\":\"17:00\"}]},{\"@type\":\"ImageObject\",\"inLanguage\":\"de\",\"@id\":\"https:\/\/www.eliassen.nl\/de\/gartenpflucker-2-eulen-mutter-und-kind-weiss-112cm\/#local-main-organization-logo\",\"url\":\"https:\/\/www.eliassen.nl\/wp-content\/uploads\/2024\/01\/logo_4nd.jpg\",\"contentUrl\":\"https:\/\/www.eliassen.nl\/wp-content\/uploads\/2024\/01\/logo_4nd.jpg\",\"width\":500,\"height\":500,\"caption\":\"Eliassen Home & Garden Pleasure\"}]}<\/script>\n<meta property=\"product:price:amount\" content=\"44.50\" \/>\n<meta property=\"product:price:currency\" content=\"EUR\" \/>\n<meta property=\"og:availability\" content=\"instock\" \/>\n<meta property=\"product:availability\" content=\"instock\" \/>\n<meta property=\"product:retailer_item_id\" content=\"za407034\" \/>\n<meta property=\"product:condition\" content=\"new\" \/>\n<!-- \/ Yoast SEO Premium plugin. -->","yoast_head_json":{"title":"Gartenpfl\u00fccker 2 Eulen Mutter und Kind wei\u00df 112cm - Eliassen.nl","description":"Suchen Sie einen Gartenstecker aus Metall? Bestellen Sie jetzt Gartenspie\u00df-Eulen am Stiel. Gartendekorationen von Eliassen k\u00f6nnen Sie ganz einfach im Webshop...","robots":{"index":"index","follow":"follow","max-snippet":"max-snippet:-1","max-image-preview":"max-image-preview:large","max-video-preview":"max-video-preview:-1"},"canonical":"https:\/\/www.eliassen.nl\/de\/gartenpflucker-2-eulen-mutter-und-kind-weiss-112cm\/","og_locale":"de_DE","og_type":"article","og_title":"Zimba-arts Gartenpfl\u00fccker 2 Eulen Mutter und Kind wei\u00df 112cm - Eliassen.nl","og_description":"Suchen Sie einen Gartenstecker aus Metall? Bestellen Sie jetzt Gartenspie\u00df-Eulen am Stiel. Gartendekorationen von Eliassen k\u00f6nnen Sie ganz einfach im Webshop...","og_url":"https:\/\/www.eliassen.nl\/de\/gartenpflucker-2-eulen-mutter-und-kind-weiss-112cm\/","og_site_name":"Eliassen.nl","article_publisher":"https:\/\/www.facebook.com\/TuincentrumEliassenAmmerzoden","article_modified_time":"2024-12-05T16:27:54+00:00","og_image":[{"width":1333,"height":2000,"url":"https:\/\/www.eliassen.nl\/wp-content\/uploads\/2024\/10\/tuinstekergroteenkleineuilwiteliassennlza40.jpg","type":"image\/jpeg"}],"twitter_card":"summary_large_image","schema":{"@context":"https:\/\/schema.org","@graph":[{"@type":"WebPage","@id":"https:\/\/www.eliassen.nl\/de\/gartenpflucker-2-eulen-mutter-und-kind-weiss-112cm\/","url":"https:\/\/www.eliassen.nl\/de\/gartenpflucker-2-eulen-mutter-und-kind-weiss-112cm\/","name":"Gartenpfl\u00fccker 2 Eulen Mutter und Kind wei\u00df 112cm - Eliassen.nl","isPartOf":{"@id":"https:\/\/www.eliassen.nl\/de\/#website"},"primaryImageOfPage":{"@id":"https:\/\/www.eliassen.nl\/de\/gartenpflucker-2-eulen-mutter-und-kind-weiss-112cm\/#primaryimage"},"image":{"@id":"https:\/\/www.eliassen.nl\/de\/gartenpflucker-2-eulen-mutter-und-kind-weiss-112cm\/#primaryimage"},"thumbnailUrl":"https:\/\/www.eliassen.nl\/wp-content\/uploads\/2024\/10\/tuinstekergroteenkleineuilwiteliassennlza40.jpg","datePublished":"2024-06-11T17:19:26+00:00","dateModified":"2024-12-05T16:27:54+00:00","description":"Suchen Sie einen Gartenstecker aus Metall? Bestellen Sie jetzt Gartenspie\u00df-Eulen am Stiel. Gartendekorationen von Eliassen k\u00f6nnen Sie ganz einfach im Webshop...","breadcrumb":{"@id":"https:\/\/www.eliassen.nl\/de\/gartenpflucker-2-eulen-mutter-und-kind-weiss-112cm\/#breadcrumb"},"inLanguage":"de","potentialAction":[{"@type":"ReadAction","target":["https:\/\/www.eliassen.nl\/de\/gartenpflucker-2-eulen-mutter-und-kind-weiss-112cm\/"]}]},{"@type":"ImageObject","inLanguage":"de","@id":"https:\/\/www.eliassen.nl\/de\/gartenpflucker-2-eulen-mutter-und-kind-weiss-112cm\/#primaryimage","url":"https:\/\/www.eliassen.nl\/wp-content\/uploads\/2024\/10\/tuinstekergroteenkleineuilwiteliassennlza40.jpg","contentUrl":"https:\/\/www.eliassen.nl\/wp-content\/uploads\/2024\/10\/tuinstekergroteenkleineuilwiteliassennlza40.jpg","width":1333,"height":2000,"caption":"tuinsteker grote en kleine uil wit Eliassen.nl za407034"},{"@type":"BreadcrumbList","@id":"https:\/\/www.eliassen.nl\/de\/gartenpflucker-2-eulen-mutter-und-kind-weiss-112cm\/#breadcrumb","itemListElement":[{"@type":"ListItem","position":1,"name":"Home","item":"https:\/\/www.eliassen.nl\/de\/"},{"@type":"ListItem","position":2,"name":"Shop","item":"https:\/\/www.eliassen.nl\/de\/shop\/"},{"@type":"ListItem","position":3,"name":"Gartenstecker","item":"https:\/\/www.eliassen.nl\/de\/gartenstecker\/"},{"@type":"ListItem","position":4,"name":"Gartenpf\u00e4hle aus still","item":"https:\/\/www.eliassen.nl\/de\/gartenstecker\/gartenpfaehle-aus-still\/"},{"@type":"ListItem","position":5,"name":"Gartenpfl\u00fccker 2 Eulen Mutter und Kind wei\u00df 112cm"}]},{"@type":"WebSite","@id":"https:\/\/www.eliassen.nl\/de\/#website","url":"https:\/\/www.eliassen.nl\/de\/","name":"Eliassen Home & Garden Pleasure","description":"","publisher":{"@id":"https:\/\/www.eliassen.nl\/de\/#organization"},"alternateName":"Eliassen.nl","potentialAction":[{"@type":"SearchAction","target":{"@type":"EntryPoint","urlTemplate":"https:\/\/www.eliassen.nl\/de\/?s={search_term_string}"},"query-input":{"@type":"PropertyValueSpecification","valueRequired":true,"valueName":"search_term_string"}}],"inLanguage":"de"},{"@type":["Organization","Place"],"@id":"https:\/\/www.eliassen.nl\/de\/#organization","name":"Eliassen Home & Garden Pleasure","url":"https:\/\/www.eliassen.nl\/de\/","logo":{"@id":"https:\/\/www.eliassen.nl\/de\/gartenpflucker-2-eulen-mutter-und-kind-weiss-112cm\/#local-main-organization-logo"},"image":{"@id":"https:\/\/www.eliassen.nl\/de\/gartenpflucker-2-eulen-mutter-und-kind-weiss-112cm\/#local-main-organization-logo"},"sameAs":["https:\/\/www.facebook.com\/TuincentrumEliassenAmmerzoden","https:\/\/www.instagram.com\/eliassenhomeandgarden\/","https:\/\/nl.pinterest.com\/eliassenhomeandgarden\/","https:\/\/www.youtube.com\/@eliassenhomegardenpleasure4558"],"telephone":[],"openingHoursSpecification":[{"@type":"OpeningHoursSpecification","dayOfWeek":["Monday","Tuesday","Wednesday","Thursday","Friday","Saturday","Sunday"],"opens":"09:00","closes":"17:00"}]},{"@type":"ImageObject","inLanguage":"de","@id":"https:\/\/www.eliassen.nl\/de\/gartenpflucker-2-eulen-mutter-und-kind-weiss-112cm\/#local-main-organization-logo","url":"https:\/\/www.eliassen.nl\/wp-content\/uploads\/2024\/01\/logo_4nd.jpg","contentUrl":"https:\/\/www.eliassen.nl\/wp-content\/uploads\/2024\/01\/logo_4nd.jpg","width":500,"height":500,"caption":"Eliassen Home & Garden Pleasure"}]},"product_price_amount":"44.50","product_price_currency":"EUR","og_availability":"instock","product_availability":"instock","product_retailer_item_id":"za407034","product_condition":"new"},"df_price":44.5,"df_sale_price":"","df_regular_price":44.5,"df_image_link":"https:\/\/www.eliassen.nl\/wp-content\/uploads\/2024\/10\/tuinstekergroteenkleineuilwiteliassennlza40.jpg","image":"https:\/\/www.eliassen.nl\/wp-content\/uploads\/2024\/10\/tuinstekergroteenkleineuilwiteliassennlza40.jpg","price_search":"<span class=\"woocommerce-Price-amount amount\"><bdi><span class=\"woocommerce-Price-currencySymbol\">&euro;<\/span>&nbsp;44,50<\/bdi><\/span>","category":"Gartenpf\u00e4hle aus still","global_unique_id":"6096534325386","_links":{"self":[{"href":"https:\/\/www.eliassen.nl\/de\/wp-json\/wp\/v2\/product\/156071","targetHints":{"allow":["GET"]}}],"collection":[{"href":"https:\/\/www.eliassen.nl\/de\/wp-json\/wp\/v2\/product"}],"about":[{"href":"https:\/\/www.eliassen.nl\/de\/wp-json\/wp\/v2\/types\/product"}],"wp:featuredmedia":[{"embeddable":true,"href":"https:\/\/www.eliassen.nl\/de\/wp-json\/wp\/v2\/media\/156062"}],"wp:attachment":[{"href":"https:\/\/www.eliassen.nl\/de\/wp-json\/wp\/v2\/media?parent=156071"}],"wp:term":[{"taxonomy":"product_brand","embeddable":true,"href":"https:\/\/www.eliassen.nl\/de\/wp-json\/wp\/v2\/product_brand?post=156071"},{"taxonomy":"product_cat","embeddable":true,"href":"https:\/\/www.eliassen.nl\/de\/wp-json\/wp\/v2\/product_cat?post=156071"},{"taxonomy":"product_tag","embeddable":true,"href":"https:\/\/www.eliassen.nl\/de\/wp-json\/wp\/v2\/product_tag?post=156071"}],"curies":[{"name":"wp","href":"https:\/\/api.w.org\/{rel}","templated":true}]}}