{"id":156041,"date":"2024-06-11T18:53:45","date_gmt":"2024-06-11T18:53:45","guid":{"rendered":"https:\/\/www.eliassen.nl\/?product=vogelschaal-mario-gietijzer-28cm"},"modified":"2025-11-27T16:09:31","modified_gmt":"2025-11-27T15:09:31","slug":"vogelnapf-mario-gusseisen-28cm","status":"publish","type":"product","link":"https:\/\/www.eliassen.nl\/de\/vogelnapf-mario-gusseisen-28cm\/","title":{"rendered":"Vogelschale Mario Gusseisen 28cm"},"content":{"rendered":"<p>Bieten Sie V\u00f6geln eine sichere und erh\u00f6hte Wasserstelle mit dieser klassischen und dekorativen Vogeltr\u00e4nke. Dieses lustige, ma\u00dfstabsgetreue Modell kann an vielen Orten aufgestellt werden. Drei V\u00f6gel haben sich bereits auf der Felge niedergelassen, es liegt nun an den anderen V\u00f6geln, so schnell wie m\u00f6glich nachzuziehen. Au\u00dferdem eignet sich diese Vogelschale auch hervorragend als Vogeltr\u00e4nke.<\/p>\n<p>&#8211; geeignet als Vogelbad oder Futterschale<\/p>\n<p>&#8211; einfach an der Wand oder am Fenster zu montieren<\/p>\n<p>* Gr\u00f6\u00dfe: 20x28cm<\/p>\n","protected":false},"excerpt":{"rendered":"<p>Dunkelbraune Farbe, starke Qualit\u00e4t.<\/p>\n","protected":false},"featured_media":156032,"template":"","meta":{"_acf_changed":false,"_genesis_title":"","_genesis_description":""},"product_brand":[7505],"product_cat":[707],"product_tag":[],"class_list":{"0":"post-156041","1":"product","2":"type-product","3":"status-publish","4":"has-post-thumbnail","6":"product_brand-sonstige","7":"product_cat-vogeltraenken","9":"first","10":"instock","11":"taxable","12":"shipping-taxable","13":"purchasable","14":"product-type-simple"},"acf":[],"meta_all":{"total_sales":"8","wcml_sync_hash":{"postmeta_fields":"de67a21f2e447e249d76a78c7b78d6d7"},"attr_label_translations":[]},"meta_all_flat":{"total_sales":"8","wcml_sync_hash.postmeta_fields":"de67a21f2e447e249d76a78c7b78d6d7"},"yoast_head":"<!-- This site is optimized with the Yoast SEO Premium plugin v26.2 (Yoast SEO v27.2) - https:\/\/yoast.com\/product\/yoast-seo-premium-wordpress\/ -->\n<title>Vogelschale Mario Gusseisen 28cm - Eliassen.nl<\/title>\n<meta name=\"description\" content=\"Vogeltr\u00e4nkeschale aus Gusseisen. Viele Modelle in unserem Shop erh\u00e4ltlich. Online schnelle Lieferzeiten. 28cm Durchmesser.\" \/>\n<meta name=\"robots\" content=\"index, follow, max-snippet:-1, max-image-preview:large, max-video-preview:-1\" \/>\n<link rel=\"canonical\" href=\"https:\/\/www.eliassen.nl\/de\/vogelnapf-mario-gusseisen-28cm\/\" \/>\n<meta property=\"og:locale\" content=\"de_DE\" \/>\n<meta property=\"og:type\" content=\"article\" \/>\n<meta property=\"og:title\" content=\"Sonstige Vogelschale Mario Gusseisen 28cm - Eliassen.nl\" \/>\n<meta property=\"og:description\" content=\"Vogeltr\u00e4nkeschale aus Gusseisen. Viele Modelle in unserem Shop erh\u00e4ltlich. Online schnelle Lieferzeiten. 28cm Durchmesser.\" \/>\n<meta property=\"og:url\" content=\"https:\/\/www.eliassen.nl\/de\/vogelnapf-mario-gusseisen-28cm\/\" \/>\n<meta property=\"og:site_name\" content=\"Eliassen.nl\" \/>\n<meta property=\"article:publisher\" content=\"https:\/\/www.facebook.com\/TuincentrumEliassenAmmerzoden\" \/>\n<meta property=\"article:modified_time\" content=\"2025-11-27T15:09:31+00:00\" \/>\n<meta property=\"og:image\" content=\"https:\/\/www.eliassen.nl\/wp-content\/uploads\/2024\/10\/vogeldrinkschaalmaribruineliassennl326034rba.jpg\" \/>\n\t<meta property=\"og:image:width\" content=\"1440\" \/>\n\t<meta property=\"og:image:height\" content=\"1080\" \/>\n\t<meta property=\"og:image:type\" content=\"image\/jpeg\" \/>\n<meta name=\"twitter:card\" content=\"summary_large_image\" \/>\n<script type=\"application\/ld+json\" class=\"yoast-schema-graph\">{\"@context\":\"https:\/\/schema.org\",\"@graph\":[{\"@type\":\"WebPage\",\"@id\":\"https:\/\/www.eliassen.nl\/de\/vogelnapf-mario-gusseisen-28cm\/\",\"url\":\"https:\/\/www.eliassen.nl\/de\/vogelnapf-mario-gusseisen-28cm\/\",\"name\":\"Vogelschale Mario Gusseisen 28cm - Eliassen.nl\",\"isPartOf\":{\"@id\":\"https:\/\/www.eliassen.nl\/de\/#website\"},\"primaryImageOfPage\":{\"@id\":\"https:\/\/www.eliassen.nl\/de\/vogelnapf-mario-gusseisen-28cm\/#primaryimage\"},\"image\":{\"@id\":\"https:\/\/www.eliassen.nl\/de\/vogelnapf-mario-gusseisen-28cm\/#primaryimage\"},\"thumbnailUrl\":\"https:\/\/www.eliassen.nl\/wp-content\/uploads\/2024\/10\/vogeldrinkschaalmaribruineliassennl326034rba.jpg\",\"datePublished\":\"2024-06-11T18:53:45+00:00\",\"dateModified\":\"2025-11-27T15:09:31+00:00\",\"description\":\"Vogeltr\u00e4nkeschale aus Gusseisen. Viele Modelle in unserem Shop erh\u00e4ltlich. Online schnelle Lieferzeiten. 28cm Durchmesser.\",\"breadcrumb\":{\"@id\":\"https:\/\/www.eliassen.nl\/de\/vogelnapf-mario-gusseisen-28cm\/#breadcrumb\"},\"inLanguage\":\"de\",\"potentialAction\":[{\"@type\":\"ReadAction\",\"target\":[\"https:\/\/www.eliassen.nl\/de\/vogelnapf-mario-gusseisen-28cm\/\"]}]},{\"@type\":\"ImageObject\",\"inLanguage\":\"de\",\"@id\":\"https:\/\/www.eliassen.nl\/de\/vogelnapf-mario-gusseisen-28cm\/#primaryimage\",\"url\":\"https:\/\/www.eliassen.nl\/wp-content\/uploads\/2024\/10\/vogeldrinkschaalmaribruineliassennl326034rba.jpg\",\"contentUrl\":\"https:\/\/www.eliassen.nl\/wp-content\/uploads\/2024\/10\/vogeldrinkschaalmaribruineliassennl326034rba.jpg\",\"width\":1440,\"height\":1080,\"caption\":\"Vogel-Trinkschale Mari braun Eliassen.nl 326034RBa\"},{\"@type\":\"BreadcrumbList\",\"@id\":\"https:\/\/www.eliassen.nl\/de\/vogelnapf-mario-gusseisen-28cm\/#breadcrumb\",\"itemListElement\":[{\"@type\":\"ListItem\",\"position\":1,\"name\":\"Home\",\"item\":\"https:\/\/www.eliassen.nl\/de\/\"},{\"@type\":\"ListItem\",\"position\":2,\"name\":\"Shop\",\"item\":\"https:\/\/www.eliassen.nl\/de\/shop\/\"},{\"@type\":\"ListItem\",\"position\":3,\"name\":\"Vogeltr\u00e4nken\",\"item\":\"https:\/\/www.eliassen.nl\/de\/vogeltraenken\/\"},{\"@type\":\"ListItem\",\"position\":4,\"name\":\"Vogelschale Mario Gusseisen 28cm\"}]},{\"@type\":\"WebSite\",\"@id\":\"https:\/\/www.eliassen.nl\/de\/#website\",\"url\":\"https:\/\/www.eliassen.nl\/de\/\",\"name\":\"Eliassen Home & Garden Pleasure\",\"description\":\"\",\"publisher\":{\"@id\":\"https:\/\/www.eliassen.nl\/de\/#organization\"},\"alternateName\":\"Eliassen.nl\",\"potentialAction\":[{\"@type\":\"SearchAction\",\"target\":{\"@type\":\"EntryPoint\",\"urlTemplate\":\"https:\/\/www.eliassen.nl\/de\/?s={search_term_string}\"},\"query-input\":{\"@type\":\"PropertyValueSpecification\",\"valueRequired\":true,\"valueName\":\"search_term_string\"}}],\"inLanguage\":\"de\"},{\"@type\":[\"Organization\",\"Place\"],\"@id\":\"https:\/\/www.eliassen.nl\/de\/#organization\",\"name\":\"Eliassen Home & Garden Pleasure\",\"url\":\"https:\/\/www.eliassen.nl\/de\/\",\"logo\":{\"@id\":\"https:\/\/www.eliassen.nl\/de\/vogelnapf-mario-gusseisen-28cm\/#local-main-organization-logo\"},\"image\":{\"@id\":\"https:\/\/www.eliassen.nl\/de\/vogelnapf-mario-gusseisen-28cm\/#local-main-organization-logo\"},\"sameAs\":[\"https:\/\/www.facebook.com\/TuincentrumEliassenAmmerzoden\",\"https:\/\/www.instagram.com\/eliassenhomeandgarden\/\",\"https:\/\/nl.pinterest.com\/eliassenhomeandgarden\/\",\"https:\/\/www.youtube.com\/@eliassenhomegardenpleasure4558\"],\"telephone\":[],\"openingHoursSpecification\":[{\"@type\":\"OpeningHoursSpecification\",\"dayOfWeek\":[\"Monday\",\"Tuesday\",\"Wednesday\",\"Thursday\",\"Friday\",\"Saturday\",\"Sunday\"],\"opens\":\"09:00\",\"closes\":\"17:00\"}]},{\"@type\":\"ImageObject\",\"inLanguage\":\"de\",\"@id\":\"https:\/\/www.eliassen.nl\/de\/vogelnapf-mario-gusseisen-28cm\/#local-main-organization-logo\",\"url\":\"https:\/\/www.eliassen.nl\/wp-content\/uploads\/2024\/01\/logo_4nd.jpg\",\"contentUrl\":\"https:\/\/www.eliassen.nl\/wp-content\/uploads\/2024\/01\/logo_4nd.jpg\",\"width\":500,\"height\":500,\"caption\":\"Eliassen Home & Garden Pleasure\"}]}<\/script>\n<meta property=\"product:price:amount\" content=\"33.50\" \/>\n<meta property=\"product:price:currency\" content=\"EUR\" \/>\n<meta property=\"og:availability\" content=\"instock\" \/>\n<meta property=\"product:availability\" content=\"instock\" \/>\n<meta property=\"product:retailer_item_id\" content=\"326.034rb\" \/>\n<meta property=\"product:condition\" content=\"new\" \/>\n<!-- \/ Yoast SEO Premium plugin. -->","yoast_head_json":{"title":"Vogelschale Mario Gusseisen 28cm - Eliassen.nl","description":"Vogeltr\u00e4nkeschale aus Gusseisen. Viele Modelle in unserem Shop erh\u00e4ltlich. Online schnelle Lieferzeiten. 28cm Durchmesser.","robots":{"index":"index","follow":"follow","max-snippet":"max-snippet:-1","max-image-preview":"max-image-preview:large","max-video-preview":"max-video-preview:-1"},"canonical":"https:\/\/www.eliassen.nl\/de\/vogelnapf-mario-gusseisen-28cm\/","og_locale":"de_DE","og_type":"article","og_title":"Sonstige Vogelschale Mario Gusseisen 28cm - Eliassen.nl","og_description":"Vogeltr\u00e4nkeschale aus Gusseisen. Viele Modelle in unserem Shop erh\u00e4ltlich. Online schnelle Lieferzeiten. 28cm Durchmesser.","og_url":"https:\/\/www.eliassen.nl\/de\/vogelnapf-mario-gusseisen-28cm\/","og_site_name":"Eliassen.nl","article_publisher":"https:\/\/www.facebook.com\/TuincentrumEliassenAmmerzoden","article_modified_time":"2025-11-27T15:09:31+00:00","og_image":[{"width":1440,"height":1080,"url":"https:\/\/www.eliassen.nl\/wp-content\/uploads\/2024\/10\/vogeldrinkschaalmaribruineliassennl326034rba.jpg","type":"image\/jpeg"}],"twitter_card":"summary_large_image","schema":{"@context":"https:\/\/schema.org","@graph":[{"@type":"WebPage","@id":"https:\/\/www.eliassen.nl\/de\/vogelnapf-mario-gusseisen-28cm\/","url":"https:\/\/www.eliassen.nl\/de\/vogelnapf-mario-gusseisen-28cm\/","name":"Vogelschale Mario Gusseisen 28cm - Eliassen.nl","isPartOf":{"@id":"https:\/\/www.eliassen.nl\/de\/#website"},"primaryImageOfPage":{"@id":"https:\/\/www.eliassen.nl\/de\/vogelnapf-mario-gusseisen-28cm\/#primaryimage"},"image":{"@id":"https:\/\/www.eliassen.nl\/de\/vogelnapf-mario-gusseisen-28cm\/#primaryimage"},"thumbnailUrl":"https:\/\/www.eliassen.nl\/wp-content\/uploads\/2024\/10\/vogeldrinkschaalmaribruineliassennl326034rba.jpg","datePublished":"2024-06-11T18:53:45+00:00","dateModified":"2025-11-27T15:09:31+00:00","description":"Vogeltr\u00e4nkeschale aus Gusseisen. Viele Modelle in unserem Shop erh\u00e4ltlich. Online schnelle Lieferzeiten. 28cm Durchmesser.","breadcrumb":{"@id":"https:\/\/www.eliassen.nl\/de\/vogelnapf-mario-gusseisen-28cm\/#breadcrumb"},"inLanguage":"de","potentialAction":[{"@type":"ReadAction","target":["https:\/\/www.eliassen.nl\/de\/vogelnapf-mario-gusseisen-28cm\/"]}]},{"@type":"ImageObject","inLanguage":"de","@id":"https:\/\/www.eliassen.nl\/de\/vogelnapf-mario-gusseisen-28cm\/#primaryimage","url":"https:\/\/www.eliassen.nl\/wp-content\/uploads\/2024\/10\/vogeldrinkschaalmaribruineliassennl326034rba.jpg","contentUrl":"https:\/\/www.eliassen.nl\/wp-content\/uploads\/2024\/10\/vogeldrinkschaalmaribruineliassennl326034rba.jpg","width":1440,"height":1080,"caption":"Vogel-Trinkschale Mari braun Eliassen.nl 326034RBa"},{"@type":"BreadcrumbList","@id":"https:\/\/www.eliassen.nl\/de\/vogelnapf-mario-gusseisen-28cm\/#breadcrumb","itemListElement":[{"@type":"ListItem","position":1,"name":"Home","item":"https:\/\/www.eliassen.nl\/de\/"},{"@type":"ListItem","position":2,"name":"Shop","item":"https:\/\/www.eliassen.nl\/de\/shop\/"},{"@type":"ListItem","position":3,"name":"Vogeltr\u00e4nken","item":"https:\/\/www.eliassen.nl\/de\/vogeltraenken\/"},{"@type":"ListItem","position":4,"name":"Vogelschale Mario Gusseisen 28cm"}]},{"@type":"WebSite","@id":"https:\/\/www.eliassen.nl\/de\/#website","url":"https:\/\/www.eliassen.nl\/de\/","name":"Eliassen Home & Garden Pleasure","description":"","publisher":{"@id":"https:\/\/www.eliassen.nl\/de\/#organization"},"alternateName":"Eliassen.nl","potentialAction":[{"@type":"SearchAction","target":{"@type":"EntryPoint","urlTemplate":"https:\/\/www.eliassen.nl\/de\/?s={search_term_string}"},"query-input":{"@type":"PropertyValueSpecification","valueRequired":true,"valueName":"search_term_string"}}],"inLanguage":"de"},{"@type":["Organization","Place"],"@id":"https:\/\/www.eliassen.nl\/de\/#organization","name":"Eliassen Home & Garden Pleasure","url":"https:\/\/www.eliassen.nl\/de\/","logo":{"@id":"https:\/\/www.eliassen.nl\/de\/vogelnapf-mario-gusseisen-28cm\/#local-main-organization-logo"},"image":{"@id":"https:\/\/www.eliassen.nl\/de\/vogelnapf-mario-gusseisen-28cm\/#local-main-organization-logo"},"sameAs":["https:\/\/www.facebook.com\/TuincentrumEliassenAmmerzoden","https:\/\/www.instagram.com\/eliassenhomeandgarden\/","https:\/\/nl.pinterest.com\/eliassenhomeandgarden\/","https:\/\/www.youtube.com\/@eliassenhomegardenpleasure4558"],"telephone":[],"openingHoursSpecification":[{"@type":"OpeningHoursSpecification","dayOfWeek":["Monday","Tuesday","Wednesday","Thursday","Friday","Saturday","Sunday"],"opens":"09:00","closes":"17:00"}]},{"@type":"ImageObject","inLanguage":"de","@id":"https:\/\/www.eliassen.nl\/de\/vogelnapf-mario-gusseisen-28cm\/#local-main-organization-logo","url":"https:\/\/www.eliassen.nl\/wp-content\/uploads\/2024\/01\/logo_4nd.jpg","contentUrl":"https:\/\/www.eliassen.nl\/wp-content\/uploads\/2024\/01\/logo_4nd.jpg","width":500,"height":500,"caption":"Eliassen Home & Garden Pleasure"}]},"product_price_amount":"33.50","product_price_currency":"EUR","og_availability":"instock","product_availability":"instock","product_retailer_item_id":"326.034rb","product_condition":"new"},"df_price":33.5,"df_sale_price":"","df_regular_price":33.5,"df_image_link":"https:\/\/www.eliassen.nl\/wp-content\/uploads\/2024\/10\/vogeldrinkschaalmaribruineliassennl326034rba.jpg","image":"https:\/\/www.eliassen.nl\/wp-content\/uploads\/2024\/10\/vogeldrinkschaalmaribruineliassennl326034rba.jpg","price_search":"<span class=\"woocommerce-Price-amount amount\"><bdi><span class=\"woocommerce-Price-currencySymbol\">&euro;<\/span>&nbsp;33,50<\/bdi><\/span>","category":"Vogeltr\u00e4nken","global_unique_id":"6096528664620","_links":{"self":[{"href":"https:\/\/www.eliassen.nl\/de\/wp-json\/wp\/v2\/product\/156041","targetHints":{"allow":["GET"]}}],"collection":[{"href":"https:\/\/www.eliassen.nl\/de\/wp-json\/wp\/v2\/product"}],"about":[{"href":"https:\/\/www.eliassen.nl\/de\/wp-json\/wp\/v2\/types\/product"}],"wp:featuredmedia":[{"embeddable":true,"href":"https:\/\/www.eliassen.nl\/de\/wp-json\/wp\/v2\/media\/156032"}],"wp:attachment":[{"href":"https:\/\/www.eliassen.nl\/de\/wp-json\/wp\/v2\/media?parent=156041"}],"wp:term":[{"taxonomy":"product_brand","embeddable":true,"href":"https:\/\/www.eliassen.nl\/de\/wp-json\/wp\/v2\/product_brand?post=156041"},{"taxonomy":"product_cat","embeddable":true,"href":"https:\/\/www.eliassen.nl\/de\/wp-json\/wp\/v2\/product_cat?post=156041"},{"taxonomy":"product_tag","embeddable":true,"href":"https:\/\/www.eliassen.nl\/de\/wp-json\/wp\/v2\/product_tag?post=156041"}],"curies":[{"name":"wp","href":"https:\/\/api.w.org\/{rel}","templated":true}]}}