{"id":156011,"date":"2024-06-11T17:26:19","date_gmt":"2024-06-11T17:26:19","guid":{"rendered":"https:\/\/www.eliassen.nl\/?product=vogelvoeder-standaard-bloemen-brons"},"modified":"2026-04-20T11:33:19","modified_gmt":"2026-04-20T09:33:19","slug":"vogelhauschen-standardblumen-bronze-90cm","status":"publish","type":"product","link":"https:\/\/www.eliassen.nl\/de\/vogelhauschen-standardblumen-bronze-90cm\/","title":{"rendered":"Vogelfutterh\u00e4uschen Blumen Bronze 90cm"},"content":{"rendered":"<p>Was gibt es Sch\u00f6neres, als V\u00f6geln beim Trinken und Fressen in Ihrer Vogeltr\u00e4nke zuzusehen. Unz\u00e4hlige V\u00f6gel werden zu Ihrem Wasser oder Futter str\u00f6men. Diese Vogelschale ist aus Eisen gefertigt. Diese Vogelfutterschale besteht aus 5 Blumen, die Sie selbst vorsichtig in die richtige Position biegen k\u00f6nnen. Wird Ihnen in 1 Teil geliefert.<\/p>\n<ul>\n<li>Gr\u00f6\u00dfe:90x52x38cm hoch<\/li>\n<li>Material: Metall<\/li>\n<li>Farbe: Gemischte Bronzefarben<\/li>\n<\/ul>\n","protected":false},"excerpt":{"rendered":"<p>Vogelfutterhaus aus Metall in dekorativer Form 90cm<\/p>\n","protected":false},"featured_media":156008,"template":"","meta":{"_acf_changed":false,"_genesis_title":"","_genesis_description":""},"product_brand":[7505],"product_cat":[707],"product_tag":[],"class_list":{"0":"post-156011","1":"product","2":"type-product","3":"status-publish","4":"has-post-thumbnail","6":"product_brand-sonstige","7":"product_cat-vogeltraenken","9":"first","10":"instock","11":"taxable","12":"shipping-taxable","13":"purchasable","14":"product-type-simple"},"acf":[],"meta_all":{"total_sales":"3","wcml_sync_hash":{"postmeta_fields":"382c49011f8ff5fcdbadbe0ffcb504c8"},"attr_label_translations":[],"cor_restricted_countries":[]},"meta_all_flat":{"total_sales":"3","wcml_sync_hash.postmeta_fields":"382c49011f8ff5fcdbadbe0ffcb504c8"},"yoast_head":"<!-- This site is optimized with the Yoast SEO Premium plugin v26.2 (Yoast SEO v27.2) - https:\/\/yoast.com\/product\/yoast-seo-premium-wordpress\/ -->\n<title>Vogelfutterh\u00e4uschen Blumen Bronze 90cm - Eliassen.nl<\/title>\n<meta name=\"description\" content=\"Dekoratives Vogelfutterhaus aus bronzefarbenem Metall. Etwa 5 Metallblumen, auf deren Rand sich V\u00f6gel zum Fressen niederlassen k\u00f6nnen. Schnelle Lieferung.\" \/>\n<meta name=\"robots\" content=\"index, follow, max-snippet:-1, max-image-preview:large, max-video-preview:-1\" \/>\n<link rel=\"canonical\" href=\"https:\/\/www.eliassen.nl\/de\/vogelhauschen-standardblumen-bronze-90cm\/\" \/>\n<meta property=\"og:locale\" content=\"de_DE\" \/>\n<meta property=\"og:type\" content=\"article\" \/>\n<meta property=\"og:title\" content=\"Sonstige Vogelfutterh\u00e4uschen Blumen Bronze 90cm - Eliassen.nl\" \/>\n<meta property=\"og:description\" content=\"Dekoratives Vogelfutterhaus aus bronzefarbenem Metall. Etwa 5 Metallblumen, auf deren Rand sich V\u00f6gel zum Fressen niederlassen k\u00f6nnen. Schnelle Lieferung.\" \/>\n<meta property=\"og:url\" content=\"https:\/\/www.eliassen.nl\/de\/vogelhauschen-standardblumen-bronze-90cm\/\" \/>\n<meta property=\"og:site_name\" content=\"Eliassen.nl\" \/>\n<meta property=\"article:publisher\" content=\"https:\/\/www.facebook.com\/TuincentrumEliassenAmmerzoden\" \/>\n<meta property=\"article:modified_time\" content=\"2026-04-20T09:33:19+00:00\" \/>\n<meta property=\"og:image\" content=\"https:\/\/www.eliassen.nl\/wp-content\/uploads\/2024\/10\/345010kfa1200x1600.jpg\" \/>\n\t<meta property=\"og:image:width\" content=\"1080\" \/>\n\t<meta property=\"og:image:height\" content=\"1440\" \/>\n\t<meta property=\"og:image:type\" content=\"image\/jpeg\" \/>\n<meta name=\"twitter:card\" content=\"summary_large_image\" \/>\n<script type=\"application\/ld+json\" class=\"yoast-schema-graph\">{\"@context\":\"https:\/\/schema.org\",\"@graph\":[{\"@type\":\"WebPage\",\"@id\":\"https:\/\/www.eliassen.nl\/de\/vogelhauschen-standardblumen-bronze-90cm\/\",\"url\":\"https:\/\/www.eliassen.nl\/de\/vogelhauschen-standardblumen-bronze-90cm\/\",\"name\":\"Vogelfutterh\u00e4uschen Blumen Bronze 90cm - Eliassen.nl\",\"isPartOf\":{\"@id\":\"https:\/\/www.eliassen.nl\/de\/#website\"},\"primaryImageOfPage\":{\"@id\":\"https:\/\/www.eliassen.nl\/de\/vogelhauschen-standardblumen-bronze-90cm\/#primaryimage\"},\"image\":{\"@id\":\"https:\/\/www.eliassen.nl\/de\/vogelhauschen-standardblumen-bronze-90cm\/#primaryimage\"},\"thumbnailUrl\":\"https:\/\/www.eliassen.nl\/wp-content\/uploads\/2024\/10\/345010kfa1200x1600.jpg\",\"datePublished\":\"2024-06-11T17:26:19+00:00\",\"dateModified\":\"2026-04-20T09:33:19+00:00\",\"description\":\"Dekoratives Vogelfutterhaus aus bronzefarbenem Metall. Etwa 5 Metallblumen, auf deren Rand sich V\u00f6gel zum Fressen niederlassen k\u00f6nnen. Schnelle Lieferung.\",\"breadcrumb\":{\"@id\":\"https:\/\/www.eliassen.nl\/de\/vogelhauschen-standardblumen-bronze-90cm\/#breadcrumb\"},\"inLanguage\":\"de\",\"potentialAction\":[{\"@type\":\"ReadAction\",\"target\":[\"https:\/\/www.eliassen.nl\/de\/vogelhauschen-standardblumen-bronze-90cm\/\"]}]},{\"@type\":\"ImageObject\",\"inLanguage\":\"de\",\"@id\":\"https:\/\/www.eliassen.nl\/de\/vogelhauschen-standardblumen-bronze-90cm\/#primaryimage\",\"url\":\"https:\/\/www.eliassen.nl\/wp-content\/uploads\/2024\/10\/345010kfa1200x1600.jpg\",\"contentUrl\":\"https:\/\/www.eliassen.nl\/wp-content\/uploads\/2024\/10\/345010kfa1200x1600.jpg\",\"width\":1080,\"height\":1440,\"caption\":\"345010KFa-1200x1600\"},{\"@type\":\"BreadcrumbList\",\"@id\":\"https:\/\/www.eliassen.nl\/de\/vogelhauschen-standardblumen-bronze-90cm\/#breadcrumb\",\"itemListElement\":[{\"@type\":\"ListItem\",\"position\":1,\"name\":\"Home\",\"item\":\"https:\/\/www.eliassen.nl\/de\/\"},{\"@type\":\"ListItem\",\"position\":2,\"name\":\"Shop\",\"item\":\"https:\/\/www.eliassen.nl\/de\/shop\/\"},{\"@type\":\"ListItem\",\"position\":3,\"name\":\"Vogeltr\u00e4nken\",\"item\":\"https:\/\/www.eliassen.nl\/de\/vogeltraenken\/\"},{\"@type\":\"ListItem\",\"position\":4,\"name\":\"Vogelfutterh\u00e4uschen Blumen Bronze 90cm\"}]},{\"@type\":\"WebSite\",\"@id\":\"https:\/\/www.eliassen.nl\/de\/#website\",\"url\":\"https:\/\/www.eliassen.nl\/de\/\",\"name\":\"Eliassen Home & Garden Pleasure\",\"description\":\"\",\"publisher\":{\"@id\":\"https:\/\/www.eliassen.nl\/de\/#organization\"},\"alternateName\":\"Eliassen.nl\",\"potentialAction\":[{\"@type\":\"SearchAction\",\"target\":{\"@type\":\"EntryPoint\",\"urlTemplate\":\"https:\/\/www.eliassen.nl\/de\/?s={search_term_string}\"},\"query-input\":{\"@type\":\"PropertyValueSpecification\",\"valueRequired\":true,\"valueName\":\"search_term_string\"}}],\"inLanguage\":\"de\"},{\"@type\":[\"Organization\",\"Place\"],\"@id\":\"https:\/\/www.eliassen.nl\/de\/#organization\",\"name\":\"Eliassen Home & Garden Pleasure\",\"url\":\"https:\/\/www.eliassen.nl\/de\/\",\"logo\":{\"@id\":\"https:\/\/www.eliassen.nl\/de\/vogelhauschen-standardblumen-bronze-90cm\/#local-main-organization-logo\"},\"image\":{\"@id\":\"https:\/\/www.eliassen.nl\/de\/vogelhauschen-standardblumen-bronze-90cm\/#local-main-organization-logo\"},\"sameAs\":[\"https:\/\/www.facebook.com\/TuincentrumEliassenAmmerzoden\",\"https:\/\/www.instagram.com\/eliassenhomeandgarden\/\",\"https:\/\/nl.pinterest.com\/eliassenhomeandgarden\/\",\"https:\/\/www.youtube.com\/@eliassenhomegardenpleasure4558\"],\"telephone\":[],\"openingHoursSpecification\":[{\"@type\":\"OpeningHoursSpecification\",\"dayOfWeek\":[\"Monday\",\"Tuesday\",\"Wednesday\",\"Thursday\",\"Friday\",\"Saturday\",\"Sunday\"],\"opens\":\"09:00\",\"closes\":\"17:00\"}]},{\"@type\":\"ImageObject\",\"inLanguage\":\"de\",\"@id\":\"https:\/\/www.eliassen.nl\/de\/vogelhauschen-standardblumen-bronze-90cm\/#local-main-organization-logo\",\"url\":\"https:\/\/www.eliassen.nl\/wp-content\/uploads\/2024\/01\/logo_4nd.jpg\",\"contentUrl\":\"https:\/\/www.eliassen.nl\/wp-content\/uploads\/2024\/01\/logo_4nd.jpg\",\"width\":500,\"height\":500,\"caption\":\"Eliassen Home & Garden Pleasure\"}]}<\/script>\n<meta property=\"product:price:amount\" content=\"69.50\" \/>\n<meta property=\"product:price:currency\" content=\"EUR\" \/>\n<meta property=\"og:availability\" content=\"instock\" \/>\n<meta property=\"product:availability\" content=\"instock\" \/>\n<meta property=\"product:retailer_item_id\" content=\"345.010kf\" \/>\n<meta property=\"product:condition\" content=\"new\" \/>\n<!-- \/ Yoast SEO Premium plugin. -->","yoast_head_json":{"title":"Vogelfutterh\u00e4uschen Blumen Bronze 90cm - Eliassen.nl","description":"Dekoratives Vogelfutterhaus aus bronzefarbenem Metall. Etwa 5 Metallblumen, auf deren Rand sich V\u00f6gel zum Fressen niederlassen k\u00f6nnen. Schnelle Lieferung.","robots":{"index":"index","follow":"follow","max-snippet":"max-snippet:-1","max-image-preview":"max-image-preview:large","max-video-preview":"max-video-preview:-1"},"canonical":"https:\/\/www.eliassen.nl\/de\/vogelhauschen-standardblumen-bronze-90cm\/","og_locale":"de_DE","og_type":"article","og_title":"Sonstige Vogelfutterh\u00e4uschen Blumen Bronze 90cm - Eliassen.nl","og_description":"Dekoratives Vogelfutterhaus aus bronzefarbenem Metall. Etwa 5 Metallblumen, auf deren Rand sich V\u00f6gel zum Fressen niederlassen k\u00f6nnen. Schnelle Lieferung.","og_url":"https:\/\/www.eliassen.nl\/de\/vogelhauschen-standardblumen-bronze-90cm\/","og_site_name":"Eliassen.nl","article_publisher":"https:\/\/www.facebook.com\/TuincentrumEliassenAmmerzoden","article_modified_time":"2026-04-20T09:33:19+00:00","og_image":[{"width":1080,"height":1440,"url":"https:\/\/www.eliassen.nl\/wp-content\/uploads\/2024\/10\/345010kfa1200x1600.jpg","type":"image\/jpeg"}],"twitter_card":"summary_large_image","schema":{"@context":"https:\/\/schema.org","@graph":[{"@type":"WebPage","@id":"https:\/\/www.eliassen.nl\/de\/vogelhauschen-standardblumen-bronze-90cm\/","url":"https:\/\/www.eliassen.nl\/de\/vogelhauschen-standardblumen-bronze-90cm\/","name":"Vogelfutterh\u00e4uschen Blumen Bronze 90cm - Eliassen.nl","isPartOf":{"@id":"https:\/\/www.eliassen.nl\/de\/#website"},"primaryImageOfPage":{"@id":"https:\/\/www.eliassen.nl\/de\/vogelhauschen-standardblumen-bronze-90cm\/#primaryimage"},"image":{"@id":"https:\/\/www.eliassen.nl\/de\/vogelhauschen-standardblumen-bronze-90cm\/#primaryimage"},"thumbnailUrl":"https:\/\/www.eliassen.nl\/wp-content\/uploads\/2024\/10\/345010kfa1200x1600.jpg","datePublished":"2024-06-11T17:26:19+00:00","dateModified":"2026-04-20T09:33:19+00:00","description":"Dekoratives Vogelfutterhaus aus bronzefarbenem Metall. Etwa 5 Metallblumen, auf deren Rand sich V\u00f6gel zum Fressen niederlassen k\u00f6nnen. Schnelle Lieferung.","breadcrumb":{"@id":"https:\/\/www.eliassen.nl\/de\/vogelhauschen-standardblumen-bronze-90cm\/#breadcrumb"},"inLanguage":"de","potentialAction":[{"@type":"ReadAction","target":["https:\/\/www.eliassen.nl\/de\/vogelhauschen-standardblumen-bronze-90cm\/"]}]},{"@type":"ImageObject","inLanguage":"de","@id":"https:\/\/www.eliassen.nl\/de\/vogelhauschen-standardblumen-bronze-90cm\/#primaryimage","url":"https:\/\/www.eliassen.nl\/wp-content\/uploads\/2024\/10\/345010kfa1200x1600.jpg","contentUrl":"https:\/\/www.eliassen.nl\/wp-content\/uploads\/2024\/10\/345010kfa1200x1600.jpg","width":1080,"height":1440,"caption":"345010KFa-1200x1600"},{"@type":"BreadcrumbList","@id":"https:\/\/www.eliassen.nl\/de\/vogelhauschen-standardblumen-bronze-90cm\/#breadcrumb","itemListElement":[{"@type":"ListItem","position":1,"name":"Home","item":"https:\/\/www.eliassen.nl\/de\/"},{"@type":"ListItem","position":2,"name":"Shop","item":"https:\/\/www.eliassen.nl\/de\/shop\/"},{"@type":"ListItem","position":3,"name":"Vogeltr\u00e4nken","item":"https:\/\/www.eliassen.nl\/de\/vogeltraenken\/"},{"@type":"ListItem","position":4,"name":"Vogelfutterh\u00e4uschen Blumen Bronze 90cm"}]},{"@type":"WebSite","@id":"https:\/\/www.eliassen.nl\/de\/#website","url":"https:\/\/www.eliassen.nl\/de\/","name":"Eliassen Home & Garden Pleasure","description":"","publisher":{"@id":"https:\/\/www.eliassen.nl\/de\/#organization"},"alternateName":"Eliassen.nl","potentialAction":[{"@type":"SearchAction","target":{"@type":"EntryPoint","urlTemplate":"https:\/\/www.eliassen.nl\/de\/?s={search_term_string}"},"query-input":{"@type":"PropertyValueSpecification","valueRequired":true,"valueName":"search_term_string"}}],"inLanguage":"de"},{"@type":["Organization","Place"],"@id":"https:\/\/www.eliassen.nl\/de\/#organization","name":"Eliassen Home & Garden Pleasure","url":"https:\/\/www.eliassen.nl\/de\/","logo":{"@id":"https:\/\/www.eliassen.nl\/de\/vogelhauschen-standardblumen-bronze-90cm\/#local-main-organization-logo"},"image":{"@id":"https:\/\/www.eliassen.nl\/de\/vogelhauschen-standardblumen-bronze-90cm\/#local-main-organization-logo"},"sameAs":["https:\/\/www.facebook.com\/TuincentrumEliassenAmmerzoden","https:\/\/www.instagram.com\/eliassenhomeandgarden\/","https:\/\/nl.pinterest.com\/eliassenhomeandgarden\/","https:\/\/www.youtube.com\/@eliassenhomegardenpleasure4558"],"telephone":[],"openingHoursSpecification":[{"@type":"OpeningHoursSpecification","dayOfWeek":["Monday","Tuesday","Wednesday","Thursday","Friday","Saturday","Sunday"],"opens":"09:00","closes":"17:00"}]},{"@type":"ImageObject","inLanguage":"de","@id":"https:\/\/www.eliassen.nl\/de\/vogelhauschen-standardblumen-bronze-90cm\/#local-main-organization-logo","url":"https:\/\/www.eliassen.nl\/wp-content\/uploads\/2024\/01\/logo_4nd.jpg","contentUrl":"https:\/\/www.eliassen.nl\/wp-content\/uploads\/2024\/01\/logo_4nd.jpg","width":500,"height":500,"caption":"Eliassen Home & Garden Pleasure"}]},"product_price_amount":"69.50","product_price_currency":"EUR","og_availability":"instock","product_availability":"instock","product_retailer_item_id":"345.010kf","product_condition":"new"},"df_price":69.5,"df_sale_price":"","df_regular_price":69.5,"df_image_link":"https:\/\/www.eliassen.nl\/wp-content\/uploads\/2024\/10\/345010kfa1200x1600.jpg","image":"https:\/\/www.eliassen.nl\/wp-content\/uploads\/2024\/10\/345010kfa1200x1600.jpg","price_search":"<span class=\"woocommerce-Price-amount amount\"><bdi><span class=\"woocommerce-Price-currencySymbol\">&euro;<\/span>&nbsp;69,50<\/bdi><\/span>","category":"Vogeltr\u00e4nken","global_unique_id":"6096540816854","_links":{"self":[{"href":"https:\/\/www.eliassen.nl\/de\/wp-json\/wp\/v2\/product\/156011","targetHints":{"allow":["GET"]}}],"collection":[{"href":"https:\/\/www.eliassen.nl\/de\/wp-json\/wp\/v2\/product"}],"about":[{"href":"https:\/\/www.eliassen.nl\/de\/wp-json\/wp\/v2\/types\/product"}],"wp:featuredmedia":[{"embeddable":true,"href":"https:\/\/www.eliassen.nl\/de\/wp-json\/wp\/v2\/media\/156008"}],"wp:attachment":[{"href":"https:\/\/www.eliassen.nl\/de\/wp-json\/wp\/v2\/media?parent=156011"}],"wp:term":[{"taxonomy":"product_brand","embeddable":true,"href":"https:\/\/www.eliassen.nl\/de\/wp-json\/wp\/v2\/product_brand?post=156011"},{"taxonomy":"product_cat","embeddable":true,"href":"https:\/\/www.eliassen.nl\/de\/wp-json\/wp\/v2\/product_cat?post=156011"},{"taxonomy":"product_tag","embeddable":true,"href":"https:\/\/www.eliassen.nl\/de\/wp-json\/wp\/v2\/product_tag?post=156011"}],"curies":[{"name":"wp","href":"https:\/\/api.w.org\/{rel}","templated":true}]}}