{"id":155507,"date":"2024-06-10T11:10:15","date_gmt":"2024-06-10T11:10:15","guid":{"rendered":"https:\/\/www.eliassen.nl\/?product=ornament-roestig-echeveria-33cm"},"modified":"2026-03-09T20:27:30","modified_gmt":"2026-03-09T19:27:30","slug":"ornament-roestig-echeveria-33cm","status":"publish","type":"product","link":"https:\/\/www.eliassen.nl\/de\/ornament-roestig-echeveria-33cm\/","title":{"rendered":"Ornament rostige Echeveria Blume 33cm"},"content":{"rendered":"<p>Dekoratives Objekt in Form einer sukkulenten Pflanze. Die Gr\u00f6\u00dfe des losen Ornaments betr\u00e4gt 33 cm im Durchmesser und ca. 15 cm in der H\u00f6he. Ein sch\u00f6ner Blickfang ist der Garten, oder innerhalb oder au\u00dferhalb Ihres Unternehmens.<br \/>\nDie Farbe kann vom Foto abweichen.<\/p>\n<ul>\n<li>2mm dick<\/li>\n<li>Gr\u00f6\u00dfe: 33cm Durchmesser und 15cm hoch<\/li>\n<li>H\u00fcten Sie sich vor Rost auf Ihrem Zierpflaster<\/li>\n<li>Auch live bei uns<\/li>\n<\/ul>\n","protected":false},"excerpt":{"rendered":"<p>Sch\u00f6nes rostiges Gartenornament<\/p>\n","protected":false},"featured_media":155504,"template":"","meta":{"_acf_changed":false,"_genesis_title":"","_genesis_description":""},"product_brand":[7505],"product_cat":[665,659,662,767,752],"product_tag":[],"class_list":{"0":"post-155507","1":"product","2":"type-product","3":"status-publish","4":"has-post-thumbnail","6":"product_brand-sonstige","7":"product_cat-dekofiguren-aus-metall","8":"product_cat-dekoration-aus-metall","9":"product_cat-gartenstatuen-aus-metall","10":"product_cat-sonstig","11":"product_cat-weitere-artikel","13":"first","14":"instock","15":"taxable","16":"shipping-taxable","17":"purchasable","18":"product-type-simple"},"acf":[],"meta_all":{"total_sales":"1","wcml_sync_hash":{"postmeta_fields":"3514a6b8625bce82ae1431adbf92ee97"},"attr_label_translations":[],"cor_restricted_countries":[]},"meta_all_flat":{"total_sales":"1","wcml_sync_hash.postmeta_fields":"3514a6b8625bce82ae1431adbf92ee97"},"yoast_head":"<!-- This site is optimized with the Yoast SEO Premium plugin v26.2 (Yoast SEO v27.2) - https:\/\/yoast.com\/product\/yoast-seo-premium-wordpress\/ -->\n<title>Ornament rostige Echeveria 33cm<\/title>\n<meta name=\"description\" content=\"Gartendekoration Rost, sehr viele Modelle im Webshop von Eliassen, aber auch live im Showroom zu sehen\" \/>\n<meta name=\"robots\" content=\"index, follow, max-snippet:-1, max-image-preview:large, max-video-preview:-1\" \/>\n<link rel=\"canonical\" href=\"https:\/\/www.eliassen.nl\/de\/ornament-roestig-echeveria-33cm\/\" \/>\n<meta property=\"og:locale\" content=\"de_DE\" \/>\n<meta property=\"og:type\" content=\"article\" \/>\n<meta property=\"og:title\" content=\"Sonstige Ornament rostige Echeveria Blume 33cm - Eliassen.nl\" \/>\n<meta property=\"og:description\" content=\"Gartendekoration Rost, sehr viele Modelle im Webshop von Eliassen, aber auch live im Showroom zu sehen\" \/>\n<meta property=\"og:url\" content=\"https:\/\/www.eliassen.nl\/de\/ornament-roestig-echeveria-33cm\/\" \/>\n<meta property=\"og:site_name\" content=\"Eliassen.nl\" \/>\n<meta property=\"article:publisher\" content=\"https:\/\/www.facebook.com\/TuincentrumEliassenAmmerzoden\" \/>\n<meta property=\"article:modified_time\" content=\"2026-03-09T19:27:30+00:00\" \/>\n<meta property=\"og:image\" content=\"https:\/\/www.eliassen.nl\/wp-content\/uploads\/2024\/10\/echeveriaroest33cmeliassennl71700echf.jpg\" \/>\n\t<meta property=\"og:image:width\" content=\"725\" \/>\n\t<meta property=\"og:image:height\" content=\"596\" \/>\n\t<meta property=\"og:image:type\" content=\"image\/jpeg\" \/>\n<meta name=\"twitter:card\" content=\"summary_large_image\" \/>\n<script type=\"application\/ld+json\" class=\"yoast-schema-graph\">{\"@context\":\"https:\/\/schema.org\",\"@graph\":[{\"@type\":\"WebPage\",\"@id\":\"https:\/\/www.eliassen.nl\/de\/ornament-roestig-echeveria-33cm\/\",\"url\":\"https:\/\/www.eliassen.nl\/de\/ornament-roestig-echeveria-33cm\/\",\"name\":\"Ornament rostige Echeveria 33cm\",\"isPartOf\":{\"@id\":\"https:\/\/www.eliassen.nl\/de\/#website\"},\"primaryImageOfPage\":{\"@id\":\"https:\/\/www.eliassen.nl\/de\/ornament-roestig-echeveria-33cm\/#primaryimage\"},\"image\":{\"@id\":\"https:\/\/www.eliassen.nl\/de\/ornament-roestig-echeveria-33cm\/#primaryimage\"},\"thumbnailUrl\":\"https:\/\/www.eliassen.nl\/wp-content\/uploads\/2024\/10\/echeveriaroest33cmeliassennl71700echf.jpg\",\"datePublished\":\"2024-06-10T11:10:15+00:00\",\"dateModified\":\"2026-03-09T19:27:30+00:00\",\"description\":\"Gartendekoration Rost, sehr viele Modelle im Webshop von Eliassen, aber auch live im Showroom zu sehen\",\"breadcrumb\":{\"@id\":\"https:\/\/www.eliassen.nl\/de\/ornament-roestig-echeveria-33cm\/#breadcrumb\"},\"inLanguage\":\"de\",\"potentialAction\":[{\"@type\":\"ReadAction\",\"target\":[\"https:\/\/www.eliassen.nl\/de\/ornament-roestig-echeveria-33cm\/\"]}]},{\"@type\":\"ImageObject\",\"inLanguage\":\"de\",\"@id\":\"https:\/\/www.eliassen.nl\/de\/ornament-roestig-echeveria-33cm\/#primaryimage\",\"url\":\"https:\/\/www.eliassen.nl\/wp-content\/uploads\/2024\/10\/echeveriaroest33cmeliassennl71700echf.jpg\",\"contentUrl\":\"https:\/\/www.eliassen.nl\/wp-content\/uploads\/2024\/10\/echeveriaroest33cmeliassennl71700echf.jpg\",\"width\":725,\"height\":596,\"caption\":\"Echeveria rost 33cm Eliassen.nl 71700echf\"},{\"@type\":\"BreadcrumbList\",\"@id\":\"https:\/\/www.eliassen.nl\/de\/ornament-roestig-echeveria-33cm\/#breadcrumb\",\"itemListElement\":[{\"@type\":\"ListItem\",\"position\":1,\"name\":\"Home\",\"item\":\"https:\/\/www.eliassen.nl\/de\/\"},{\"@type\":\"ListItem\",\"position\":2,\"name\":\"Shop\",\"item\":\"https:\/\/www.eliassen.nl\/de\/shop\/\"},{\"@type\":\"ListItem\",\"position\":3,\"name\":\"Dekoration aus Metall\",\"item\":\"https:\/\/www.eliassen.nl\/de\/dekoration-aus-metall\/\"},{\"@type\":\"ListItem\",\"position\":4,\"name\":\"Dekofiguren aus Metall\",\"item\":\"https:\/\/www.eliassen.nl\/de\/dekoration-aus-metall\/dekofiguren-aus-metall\/\"},{\"@type\":\"ListItem\",\"position\":5,\"name\":\"Ornament rostige Echeveria Blume 33cm\"}]},{\"@type\":\"WebSite\",\"@id\":\"https:\/\/www.eliassen.nl\/de\/#website\",\"url\":\"https:\/\/www.eliassen.nl\/de\/\",\"name\":\"Eliassen Home & Garden Pleasure\",\"description\":\"\",\"publisher\":{\"@id\":\"https:\/\/www.eliassen.nl\/de\/#organization\"},\"alternateName\":\"Eliassen.nl\",\"potentialAction\":[{\"@type\":\"SearchAction\",\"target\":{\"@type\":\"EntryPoint\",\"urlTemplate\":\"https:\/\/www.eliassen.nl\/de\/?s={search_term_string}\"},\"query-input\":{\"@type\":\"PropertyValueSpecification\",\"valueRequired\":true,\"valueName\":\"search_term_string\"}}],\"inLanguage\":\"de\"},{\"@type\":[\"Organization\",\"Place\"],\"@id\":\"https:\/\/www.eliassen.nl\/de\/#organization\",\"name\":\"Eliassen Home & Garden Pleasure\",\"url\":\"https:\/\/www.eliassen.nl\/de\/\",\"logo\":{\"@id\":\"https:\/\/www.eliassen.nl\/de\/ornament-roestig-echeveria-33cm\/#local-main-organization-logo\"},\"image\":{\"@id\":\"https:\/\/www.eliassen.nl\/de\/ornament-roestig-echeveria-33cm\/#local-main-organization-logo\"},\"sameAs\":[\"https:\/\/www.facebook.com\/TuincentrumEliassenAmmerzoden\",\"https:\/\/www.instagram.com\/eliassenhomeandgarden\/\",\"https:\/\/nl.pinterest.com\/eliassenhomeandgarden\/\",\"https:\/\/www.youtube.com\/@eliassenhomegardenpleasure4558\"],\"telephone\":[],\"openingHoursSpecification\":[{\"@type\":\"OpeningHoursSpecification\",\"dayOfWeek\":[\"Monday\",\"Tuesday\",\"Wednesday\",\"Thursday\",\"Friday\",\"Saturday\",\"Sunday\"],\"opens\":\"09:00\",\"closes\":\"17:00\"}]},{\"@type\":\"ImageObject\",\"inLanguage\":\"de\",\"@id\":\"https:\/\/www.eliassen.nl\/de\/ornament-roestig-echeveria-33cm\/#local-main-organization-logo\",\"url\":\"https:\/\/www.eliassen.nl\/wp-content\/uploads\/2024\/01\/logo_4nd.jpg\",\"contentUrl\":\"https:\/\/www.eliassen.nl\/wp-content\/uploads\/2024\/01\/logo_4nd.jpg\",\"width\":500,\"height\":500,\"caption\":\"Eliassen Home & Garden Pleasure\"}]}<\/script>\n<meta property=\"product:price:amount\" content=\"89.50\" \/>\n<meta property=\"product:price:currency\" content=\"EUR\" \/>\n<meta property=\"og:availability\" content=\"instock\" \/>\n<meta property=\"product:availability\" content=\"instock\" \/>\n<meta property=\"product:retailer_item_id\" content=\"71700echf\" \/>\n<meta property=\"product:condition\" content=\"new\" \/>\n<!-- \/ Yoast SEO Premium plugin. -->","yoast_head_json":{"title":"Ornament rostige Echeveria 33cm","description":"Gartendekoration Rost, sehr viele Modelle im Webshop von Eliassen, aber auch live im Showroom zu sehen","robots":{"index":"index","follow":"follow","max-snippet":"max-snippet:-1","max-image-preview":"max-image-preview:large","max-video-preview":"max-video-preview:-1"},"canonical":"https:\/\/www.eliassen.nl\/de\/ornament-roestig-echeveria-33cm\/","og_locale":"de_DE","og_type":"article","og_title":"Sonstige Ornament rostige Echeveria Blume 33cm - Eliassen.nl","og_description":"Gartendekoration Rost, sehr viele Modelle im Webshop von Eliassen, aber auch live im Showroom zu sehen","og_url":"https:\/\/www.eliassen.nl\/de\/ornament-roestig-echeveria-33cm\/","og_site_name":"Eliassen.nl","article_publisher":"https:\/\/www.facebook.com\/TuincentrumEliassenAmmerzoden","article_modified_time":"2026-03-09T19:27:30+00:00","og_image":[{"width":725,"height":596,"url":"https:\/\/www.eliassen.nl\/wp-content\/uploads\/2024\/10\/echeveriaroest33cmeliassennl71700echf.jpg","type":"image\/jpeg"}],"twitter_card":"summary_large_image","schema":{"@context":"https:\/\/schema.org","@graph":[{"@type":"WebPage","@id":"https:\/\/www.eliassen.nl\/de\/ornament-roestig-echeveria-33cm\/","url":"https:\/\/www.eliassen.nl\/de\/ornament-roestig-echeveria-33cm\/","name":"Ornament rostige Echeveria 33cm","isPartOf":{"@id":"https:\/\/www.eliassen.nl\/de\/#website"},"primaryImageOfPage":{"@id":"https:\/\/www.eliassen.nl\/de\/ornament-roestig-echeveria-33cm\/#primaryimage"},"image":{"@id":"https:\/\/www.eliassen.nl\/de\/ornament-roestig-echeveria-33cm\/#primaryimage"},"thumbnailUrl":"https:\/\/www.eliassen.nl\/wp-content\/uploads\/2024\/10\/echeveriaroest33cmeliassennl71700echf.jpg","datePublished":"2024-06-10T11:10:15+00:00","dateModified":"2026-03-09T19:27:30+00:00","description":"Gartendekoration Rost, sehr viele Modelle im Webshop von Eliassen, aber auch live im Showroom zu sehen","breadcrumb":{"@id":"https:\/\/www.eliassen.nl\/de\/ornament-roestig-echeveria-33cm\/#breadcrumb"},"inLanguage":"de","potentialAction":[{"@type":"ReadAction","target":["https:\/\/www.eliassen.nl\/de\/ornament-roestig-echeveria-33cm\/"]}]},{"@type":"ImageObject","inLanguage":"de","@id":"https:\/\/www.eliassen.nl\/de\/ornament-roestig-echeveria-33cm\/#primaryimage","url":"https:\/\/www.eliassen.nl\/wp-content\/uploads\/2024\/10\/echeveriaroest33cmeliassennl71700echf.jpg","contentUrl":"https:\/\/www.eliassen.nl\/wp-content\/uploads\/2024\/10\/echeveriaroest33cmeliassennl71700echf.jpg","width":725,"height":596,"caption":"Echeveria rost 33cm Eliassen.nl 71700echf"},{"@type":"BreadcrumbList","@id":"https:\/\/www.eliassen.nl\/de\/ornament-roestig-echeveria-33cm\/#breadcrumb","itemListElement":[{"@type":"ListItem","position":1,"name":"Home","item":"https:\/\/www.eliassen.nl\/de\/"},{"@type":"ListItem","position":2,"name":"Shop","item":"https:\/\/www.eliassen.nl\/de\/shop\/"},{"@type":"ListItem","position":3,"name":"Dekoration aus Metall","item":"https:\/\/www.eliassen.nl\/de\/dekoration-aus-metall\/"},{"@type":"ListItem","position":4,"name":"Dekofiguren aus Metall","item":"https:\/\/www.eliassen.nl\/de\/dekoration-aus-metall\/dekofiguren-aus-metall\/"},{"@type":"ListItem","position":5,"name":"Ornament rostige Echeveria Blume 33cm"}]},{"@type":"WebSite","@id":"https:\/\/www.eliassen.nl\/de\/#website","url":"https:\/\/www.eliassen.nl\/de\/","name":"Eliassen Home & Garden Pleasure","description":"","publisher":{"@id":"https:\/\/www.eliassen.nl\/de\/#organization"},"alternateName":"Eliassen.nl","potentialAction":[{"@type":"SearchAction","target":{"@type":"EntryPoint","urlTemplate":"https:\/\/www.eliassen.nl\/de\/?s={search_term_string}"},"query-input":{"@type":"PropertyValueSpecification","valueRequired":true,"valueName":"search_term_string"}}],"inLanguage":"de"},{"@type":["Organization","Place"],"@id":"https:\/\/www.eliassen.nl\/de\/#organization","name":"Eliassen Home & Garden Pleasure","url":"https:\/\/www.eliassen.nl\/de\/","logo":{"@id":"https:\/\/www.eliassen.nl\/de\/ornament-roestig-echeveria-33cm\/#local-main-organization-logo"},"image":{"@id":"https:\/\/www.eliassen.nl\/de\/ornament-roestig-echeveria-33cm\/#local-main-organization-logo"},"sameAs":["https:\/\/www.facebook.com\/TuincentrumEliassenAmmerzoden","https:\/\/www.instagram.com\/eliassenhomeandgarden\/","https:\/\/nl.pinterest.com\/eliassenhomeandgarden\/","https:\/\/www.youtube.com\/@eliassenhomegardenpleasure4558"],"telephone":[],"openingHoursSpecification":[{"@type":"OpeningHoursSpecification","dayOfWeek":["Monday","Tuesday","Wednesday","Thursday","Friday","Saturday","Sunday"],"opens":"09:00","closes":"17:00"}]},{"@type":"ImageObject","inLanguage":"de","@id":"https:\/\/www.eliassen.nl\/de\/ornament-roestig-echeveria-33cm\/#local-main-organization-logo","url":"https:\/\/www.eliassen.nl\/wp-content\/uploads\/2024\/01\/logo_4nd.jpg","contentUrl":"https:\/\/www.eliassen.nl\/wp-content\/uploads\/2024\/01\/logo_4nd.jpg","width":500,"height":500,"caption":"Eliassen Home & Garden Pleasure"}]},"product_price_amount":"89.50","product_price_currency":"EUR","og_availability":"instock","product_availability":"instock","product_retailer_item_id":"71700echf","product_condition":"new"},"df_price":89.5,"df_sale_price":"","df_regular_price":89.5,"df_image_link":"https:\/\/www.eliassen.nl\/wp-content\/uploads\/2024\/10\/echeveriaroest33cmeliassennl71700echf.jpg","image":"https:\/\/www.eliassen.nl\/wp-content\/uploads\/2024\/10\/echeveriaroest33cmeliassennl71700echf.jpg","price_search":"<span class=\"woocommerce-Price-amount amount\"><bdi><span class=\"woocommerce-Price-currencySymbol\">&euro;<\/span>&nbsp;89,50<\/bdi><\/span>","category":"Dekofiguren aus Metall","global_unique_id":"5414471212599","_links":{"self":[{"href":"https:\/\/www.eliassen.nl\/de\/wp-json\/wp\/v2\/product\/155507","targetHints":{"allow":["GET"]}}],"collection":[{"href":"https:\/\/www.eliassen.nl\/de\/wp-json\/wp\/v2\/product"}],"about":[{"href":"https:\/\/www.eliassen.nl\/de\/wp-json\/wp\/v2\/types\/product"}],"wp:featuredmedia":[{"embeddable":true,"href":"https:\/\/www.eliassen.nl\/de\/wp-json\/wp\/v2\/media\/155504"}],"wp:attachment":[{"href":"https:\/\/www.eliassen.nl\/de\/wp-json\/wp\/v2\/media?parent=155507"}],"wp:term":[{"taxonomy":"product_brand","embeddable":true,"href":"https:\/\/www.eliassen.nl\/de\/wp-json\/wp\/v2\/product_brand?post=155507"},{"taxonomy":"product_cat","embeddable":true,"href":"https:\/\/www.eliassen.nl\/de\/wp-json\/wp\/v2\/product_cat?post=155507"},{"taxonomy":"product_tag","embeddable":true,"href":"https:\/\/www.eliassen.nl\/de\/wp-json\/wp\/v2\/product_tag?post=155507"}],"curies":[{"name":"wp","href":"https:\/\/api.w.org\/{rel}","templated":true}]}}