{"id":155501,"date":"2024-06-10T11:08:51","date_gmt":"2024-06-10T11:08:51","guid":{"rendered":"https:\/\/www.eliassen.nl\/?product=zuil-roest-bloesem-18x120cm-met-licht"},"modified":"2026-01-16T15:23:23","modified_gmt":"2026-01-16T14:23:23","slug":"saule-rostblute-18x120cm-mit-licht","status":"publish","type":"product","link":"https:\/\/www.eliassen.nl\/de\/saule-rostblute-18x120cm-mit-licht\/","title":{"rendered":"S\u00e4ule Rostbl\u00fcte 18x120cm mit Licht"},"content":{"rendered":"<p>Einen unverwechselbaren Stimmungsmacher in Ihrem Garten nennen Sie sicher diese beleuchtete S\u00e4ule. Dieser Sockel ist mit abstehenden Bl\u00fcten versehen, durch die warmes, wei\u00dfes Licht in der Dunkelheit leuchtet. Diese S\u00e4ule ist aus 2 mm dickem, unbehandeltem Eisen gefertigt, was ihr eine sch\u00f6ne und zeitlose (rost)braune Farbe verleiht.  <\/p>\n<p>Dieser Sockel enth\u00e4lt eine kleine LED-Leuchte, die von einem Regal gehalten wird. Sie stellen die LED-Leuchte ab, legen den Sockel dar\u00fcber und sind fertig.<\/p>\n<p>Sie werden von der m\u00e4rchenhaften Atmosph\u00e4re, die diese runde S\u00e4ule erzeugt, begeistert sein.<\/p>\n<p>Dieser Sockel kann \u00fcberall im Garten aufgestellt werden, mit einem Topf, einer Statue oder einer Sonnenuhr darauf.<\/p>\n<ul>\n<li>Gr\u00f6\u00dfe: ca. 18x18x120cm hoch<\/li>\n<li>Inklusive LED-Lampe 1 Watt, mit einer Kabell\u00e4nge von 7,5 Metern<\/li>\n<li>Material: unbehandeltes Metall 2 mm dick<\/li>\n<li>2 Jahre Garantie<\/li>\n<li>Achten Sie auf Rostflecken auf Zierpflastern<\/li>\n<\/ul>\n","protected":false},"excerpt":{"rendered":"<p>Dekorative S\u00e4ule mit Licht f\u00fcr den Garten.<\/p>\n","protected":false},"featured_media":155492,"template":"","meta":{"_acf_changed":false,"_genesis_title":"","_genesis_description":""},"product_brand":[7505],"product_cat":[899,797,782,746],"product_tag":[],"class_list":{"0":"post-155501","1":"product","2":"type-product","3":"status-publish","4":"has-post-thumbnail","6":"product_brand-sonstige","7":"product_cat-ambientebeleuchtung-aussen","8":"product_cat-metallsockel","9":"product_cat-sockel","10":"product_cat-stimmungsvolle-beleuchtung","12":"first","13":"instock","14":"taxable","15":"shipping-taxable","16":"purchasable","17":"product-type-simple"},"acf":[],"meta_all":{"total_sales":"0","wcml_sync_hash":{"postmeta_fields":"4cfdb5f87f0e9847a22bdd81d167c143"},"attr_label_translations":[]},"meta_all_flat":{"total_sales":"0","wcml_sync_hash.postmeta_fields":"4cfdb5f87f0e9847a22bdd81d167c143"},"yoast_head":"<!-- This site is optimized with the Yoast SEO Premium plugin v26.2 (Yoast SEO v27.2) - https:\/\/yoast.com\/product\/yoast-seo-premium-wordpress\/ -->\n<title>S\u00e4ule Rostbl\u00fcte 18x120cm mit Licht - Eliassen.nl<\/title>\n<meta name=\"description\" content=\"M\u00f6chten Sie eine sch\u00f6ne und einzigartige Beleuchtung f\u00fcr Ihren Garten? Diese rostfarbene S\u00e4ule in einer hohen, runden Form ist ein echter Blickfang in Ihrem Garten. Schnelle Lieferung.\" \/>\n<meta name=\"robots\" content=\"index, follow, max-snippet:-1, max-image-preview:large, max-video-preview:-1\" \/>\n<link rel=\"canonical\" href=\"https:\/\/www.eliassen.nl\/de\/saule-rostblute-18x120cm-mit-licht\/\" \/>\n<meta property=\"og:locale\" content=\"de_DE\" \/>\n<meta property=\"og:type\" content=\"article\" \/>\n<meta property=\"og:title\" content=\"Sonstige S\u00e4ule Rostbl\u00fcte 18x120cm mit Licht - Eliassen.nl\" \/>\n<meta property=\"og:description\" content=\"M\u00f6chten Sie eine sch\u00f6ne und einzigartige Beleuchtung f\u00fcr Ihren Garten? Diese rostfarbene S\u00e4ule in einer hohen, runden Form ist ein echter Blickfang in Ihrem Garten. Schnelle Lieferung.\" \/>\n<meta property=\"og:url\" content=\"https:\/\/www.eliassen.nl\/de\/saule-rostblute-18x120cm-mit-licht\/\" \/>\n<meta property=\"og:site_name\" content=\"Eliassen.nl\" \/>\n<meta property=\"article:publisher\" content=\"https:\/\/www.facebook.com\/TuincentrumEliassenAmmerzoden\" \/>\n<meta property=\"article:modified_time\" content=\"2026-01-16T14:23:23+00:00\" \/>\n<meta property=\"og:image\" content=\"https:\/\/www.eliassen.nl\/wp-content\/uploads\/2024\/10\/proohwid2yg.jpg\" \/>\n\t<meta property=\"og:image:width\" content=\"589\" \/>\n\t<meta property=\"og:image:height\" content=\"2048\" \/>\n\t<meta property=\"og:image:type\" content=\"image\/jpeg\" \/>\n<meta name=\"twitter:card\" content=\"summary_large_image\" \/>\n<script type=\"application\/ld+json\" class=\"yoast-schema-graph\">{\"@context\":\"https:\/\/schema.org\",\"@graph\":[{\"@type\":\"WebPage\",\"@id\":\"https:\/\/www.eliassen.nl\/de\/saule-rostblute-18x120cm-mit-licht\/\",\"url\":\"https:\/\/www.eliassen.nl\/de\/saule-rostblute-18x120cm-mit-licht\/\",\"name\":\"S\u00e4ule Rostbl\u00fcte 18x120cm mit Licht - Eliassen.nl\",\"isPartOf\":{\"@id\":\"https:\/\/www.eliassen.nl\/de\/#website\"},\"primaryImageOfPage\":{\"@id\":\"https:\/\/www.eliassen.nl\/de\/saule-rostblute-18x120cm-mit-licht\/#primaryimage\"},\"image\":{\"@id\":\"https:\/\/www.eliassen.nl\/de\/saule-rostblute-18x120cm-mit-licht\/#primaryimage\"},\"thumbnailUrl\":\"https:\/\/www.eliassen.nl\/wp-content\/uploads\/2024\/10\/proohwid2yg.jpg\",\"datePublished\":\"2024-06-10T11:08:51+00:00\",\"dateModified\":\"2026-01-16T14:23:23+00:00\",\"description\":\"M\u00f6chten Sie eine sch\u00f6ne und einzigartige Beleuchtung f\u00fcr Ihren Garten? Diese rostfarbene S\u00e4ule in einer hohen, runden Form ist ein echter Blickfang in Ihrem Garten. Schnelle Lieferung.\",\"breadcrumb\":{\"@id\":\"https:\/\/www.eliassen.nl\/de\/saule-rostblute-18x120cm-mit-licht\/#breadcrumb\"},\"inLanguage\":\"de\",\"potentialAction\":[{\"@type\":\"ReadAction\",\"target\":[\"https:\/\/www.eliassen.nl\/de\/saule-rostblute-18x120cm-mit-licht\/\"]}]},{\"@type\":\"ImageObject\",\"inLanguage\":\"de\",\"@id\":\"https:\/\/www.eliassen.nl\/de\/saule-rostblute-18x120cm-mit-licht\/#primaryimage\",\"url\":\"https:\/\/www.eliassen.nl\/wp-content\/uploads\/2024\/10\/proohwid2yg.jpg\",\"contentUrl\":\"https:\/\/www.eliassen.nl\/wp-content\/uploads\/2024\/10\/proohwid2yg.jpg\",\"width\":589,\"height\":2048,\"caption\":\"pro-oHWID2yg\"},{\"@type\":\"BreadcrumbList\",\"@id\":\"https:\/\/www.eliassen.nl\/de\/saule-rostblute-18x120cm-mit-licht\/#breadcrumb\",\"itemListElement\":[{\"@type\":\"ListItem\",\"position\":1,\"name\":\"Home\",\"item\":\"https:\/\/www.eliassen.nl\/de\/\"},{\"@type\":\"ListItem\",\"position\":2,\"name\":\"Shop\",\"item\":\"https:\/\/www.eliassen.nl\/de\/shop\/\"},{\"@type\":\"ListItem\",\"position\":3,\"name\":\"Stimmungsvolle Beleuchtung\",\"item\":\"https:\/\/www.eliassen.nl\/de\/stimmungsvolle-beleuchtung\/\"},{\"@type\":\"ListItem\",\"position\":4,\"name\":\"Ambientebeleuchtung au\u00dfen\",\"item\":\"https:\/\/www.eliassen.nl\/de\/stimmungsvolle-beleuchtung\/ambientebeleuchtung-aussen\/\"},{\"@type\":\"ListItem\",\"position\":5,\"name\":\"S\u00e4ule Rostbl\u00fcte 18x120cm mit Licht\"}]},{\"@type\":\"WebSite\",\"@id\":\"https:\/\/www.eliassen.nl\/de\/#website\",\"url\":\"https:\/\/www.eliassen.nl\/de\/\",\"name\":\"Eliassen Home & Garden Pleasure\",\"description\":\"\",\"publisher\":{\"@id\":\"https:\/\/www.eliassen.nl\/de\/#organization\"},\"alternateName\":\"Eliassen.nl\",\"potentialAction\":[{\"@type\":\"SearchAction\",\"target\":{\"@type\":\"EntryPoint\",\"urlTemplate\":\"https:\/\/www.eliassen.nl\/de\/?s={search_term_string}\"},\"query-input\":{\"@type\":\"PropertyValueSpecification\",\"valueRequired\":true,\"valueName\":\"search_term_string\"}}],\"inLanguage\":\"de\"},{\"@type\":[\"Organization\",\"Place\"],\"@id\":\"https:\/\/www.eliassen.nl\/de\/#organization\",\"name\":\"Eliassen Home & Garden Pleasure\",\"url\":\"https:\/\/www.eliassen.nl\/de\/\",\"logo\":{\"@id\":\"https:\/\/www.eliassen.nl\/de\/saule-rostblute-18x120cm-mit-licht\/#local-main-organization-logo\"},\"image\":{\"@id\":\"https:\/\/www.eliassen.nl\/de\/saule-rostblute-18x120cm-mit-licht\/#local-main-organization-logo\"},\"sameAs\":[\"https:\/\/www.facebook.com\/TuincentrumEliassenAmmerzoden\",\"https:\/\/www.instagram.com\/eliassenhomeandgarden\/\",\"https:\/\/nl.pinterest.com\/eliassenhomeandgarden\/\",\"https:\/\/www.youtube.com\/@eliassenhomegardenpleasure4558\"],\"telephone\":[],\"openingHoursSpecification\":[{\"@type\":\"OpeningHoursSpecification\",\"dayOfWeek\":[\"Monday\",\"Tuesday\",\"Wednesday\",\"Thursday\",\"Friday\",\"Saturday\",\"Sunday\"],\"opens\":\"09:00\",\"closes\":\"17:00\"}]},{\"@type\":\"ImageObject\",\"inLanguage\":\"de\",\"@id\":\"https:\/\/www.eliassen.nl\/de\/saule-rostblute-18x120cm-mit-licht\/#local-main-organization-logo\",\"url\":\"https:\/\/www.eliassen.nl\/wp-content\/uploads\/2024\/01\/logo_4nd.jpg\",\"contentUrl\":\"https:\/\/www.eliassen.nl\/wp-content\/uploads\/2024\/01\/logo_4nd.jpg\",\"width\":500,\"height\":500,\"caption\":\"Eliassen Home & Garden Pleasure\"}]}<\/script>\n<meta property=\"product:price:amount\" content=\"279.00\" \/>\n<meta property=\"product:price:currency\" content=\"EUR\" \/>\n<meta property=\"og:availability\" content=\"instock\" \/>\n<meta property=\"product:availability\" content=\"instock\" \/>\n<meta property=\"product:retailer_item_id\" content=\"71700bts120\" \/>\n<meta property=\"product:condition\" content=\"new\" \/>\n<!-- \/ Yoast SEO Premium plugin. -->","yoast_head_json":{"title":"S\u00e4ule Rostbl\u00fcte 18x120cm mit Licht - Eliassen.nl","description":"M\u00f6chten Sie eine sch\u00f6ne und einzigartige Beleuchtung f\u00fcr Ihren Garten? Diese rostfarbene S\u00e4ule in einer hohen, runden Form ist ein echter Blickfang in Ihrem Garten. Schnelle Lieferung.","robots":{"index":"index","follow":"follow","max-snippet":"max-snippet:-1","max-image-preview":"max-image-preview:large","max-video-preview":"max-video-preview:-1"},"canonical":"https:\/\/www.eliassen.nl\/de\/saule-rostblute-18x120cm-mit-licht\/","og_locale":"de_DE","og_type":"article","og_title":"Sonstige S\u00e4ule Rostbl\u00fcte 18x120cm mit Licht - Eliassen.nl","og_description":"M\u00f6chten Sie eine sch\u00f6ne und einzigartige Beleuchtung f\u00fcr Ihren Garten? Diese rostfarbene S\u00e4ule in einer hohen, runden Form ist ein echter Blickfang in Ihrem Garten. Schnelle Lieferung.","og_url":"https:\/\/www.eliassen.nl\/de\/saule-rostblute-18x120cm-mit-licht\/","og_site_name":"Eliassen.nl","article_publisher":"https:\/\/www.facebook.com\/TuincentrumEliassenAmmerzoden","article_modified_time":"2026-01-16T14:23:23+00:00","og_image":[{"width":589,"height":2048,"url":"https:\/\/www.eliassen.nl\/wp-content\/uploads\/2024\/10\/proohwid2yg.jpg","type":"image\/jpeg"}],"twitter_card":"summary_large_image","schema":{"@context":"https:\/\/schema.org","@graph":[{"@type":"WebPage","@id":"https:\/\/www.eliassen.nl\/de\/saule-rostblute-18x120cm-mit-licht\/","url":"https:\/\/www.eliassen.nl\/de\/saule-rostblute-18x120cm-mit-licht\/","name":"S\u00e4ule Rostbl\u00fcte 18x120cm mit Licht - Eliassen.nl","isPartOf":{"@id":"https:\/\/www.eliassen.nl\/de\/#website"},"primaryImageOfPage":{"@id":"https:\/\/www.eliassen.nl\/de\/saule-rostblute-18x120cm-mit-licht\/#primaryimage"},"image":{"@id":"https:\/\/www.eliassen.nl\/de\/saule-rostblute-18x120cm-mit-licht\/#primaryimage"},"thumbnailUrl":"https:\/\/www.eliassen.nl\/wp-content\/uploads\/2024\/10\/proohwid2yg.jpg","datePublished":"2024-06-10T11:08:51+00:00","dateModified":"2026-01-16T14:23:23+00:00","description":"M\u00f6chten Sie eine sch\u00f6ne und einzigartige Beleuchtung f\u00fcr Ihren Garten? Diese rostfarbene S\u00e4ule in einer hohen, runden Form ist ein echter Blickfang in Ihrem Garten. Schnelle Lieferung.","breadcrumb":{"@id":"https:\/\/www.eliassen.nl\/de\/saule-rostblute-18x120cm-mit-licht\/#breadcrumb"},"inLanguage":"de","potentialAction":[{"@type":"ReadAction","target":["https:\/\/www.eliassen.nl\/de\/saule-rostblute-18x120cm-mit-licht\/"]}]},{"@type":"ImageObject","inLanguage":"de","@id":"https:\/\/www.eliassen.nl\/de\/saule-rostblute-18x120cm-mit-licht\/#primaryimage","url":"https:\/\/www.eliassen.nl\/wp-content\/uploads\/2024\/10\/proohwid2yg.jpg","contentUrl":"https:\/\/www.eliassen.nl\/wp-content\/uploads\/2024\/10\/proohwid2yg.jpg","width":589,"height":2048,"caption":"pro-oHWID2yg"},{"@type":"BreadcrumbList","@id":"https:\/\/www.eliassen.nl\/de\/saule-rostblute-18x120cm-mit-licht\/#breadcrumb","itemListElement":[{"@type":"ListItem","position":1,"name":"Home","item":"https:\/\/www.eliassen.nl\/de\/"},{"@type":"ListItem","position":2,"name":"Shop","item":"https:\/\/www.eliassen.nl\/de\/shop\/"},{"@type":"ListItem","position":3,"name":"Stimmungsvolle Beleuchtung","item":"https:\/\/www.eliassen.nl\/de\/stimmungsvolle-beleuchtung\/"},{"@type":"ListItem","position":4,"name":"Ambientebeleuchtung au\u00dfen","item":"https:\/\/www.eliassen.nl\/de\/stimmungsvolle-beleuchtung\/ambientebeleuchtung-aussen\/"},{"@type":"ListItem","position":5,"name":"S\u00e4ule Rostbl\u00fcte 18x120cm mit Licht"}]},{"@type":"WebSite","@id":"https:\/\/www.eliassen.nl\/de\/#website","url":"https:\/\/www.eliassen.nl\/de\/","name":"Eliassen Home & Garden Pleasure","description":"","publisher":{"@id":"https:\/\/www.eliassen.nl\/de\/#organization"},"alternateName":"Eliassen.nl","potentialAction":[{"@type":"SearchAction","target":{"@type":"EntryPoint","urlTemplate":"https:\/\/www.eliassen.nl\/de\/?s={search_term_string}"},"query-input":{"@type":"PropertyValueSpecification","valueRequired":true,"valueName":"search_term_string"}}],"inLanguage":"de"},{"@type":["Organization","Place"],"@id":"https:\/\/www.eliassen.nl\/de\/#organization","name":"Eliassen Home & Garden Pleasure","url":"https:\/\/www.eliassen.nl\/de\/","logo":{"@id":"https:\/\/www.eliassen.nl\/de\/saule-rostblute-18x120cm-mit-licht\/#local-main-organization-logo"},"image":{"@id":"https:\/\/www.eliassen.nl\/de\/saule-rostblute-18x120cm-mit-licht\/#local-main-organization-logo"},"sameAs":["https:\/\/www.facebook.com\/TuincentrumEliassenAmmerzoden","https:\/\/www.instagram.com\/eliassenhomeandgarden\/","https:\/\/nl.pinterest.com\/eliassenhomeandgarden\/","https:\/\/www.youtube.com\/@eliassenhomegardenpleasure4558"],"telephone":[],"openingHoursSpecification":[{"@type":"OpeningHoursSpecification","dayOfWeek":["Monday","Tuesday","Wednesday","Thursday","Friday","Saturday","Sunday"],"opens":"09:00","closes":"17:00"}]},{"@type":"ImageObject","inLanguage":"de","@id":"https:\/\/www.eliassen.nl\/de\/saule-rostblute-18x120cm-mit-licht\/#local-main-organization-logo","url":"https:\/\/www.eliassen.nl\/wp-content\/uploads\/2024\/01\/logo_4nd.jpg","contentUrl":"https:\/\/www.eliassen.nl\/wp-content\/uploads\/2024\/01\/logo_4nd.jpg","width":500,"height":500,"caption":"Eliassen Home & Garden Pleasure"}]},"product_price_amount":"279.00","product_price_currency":"EUR","og_availability":"instock","product_availability":"instock","product_retailer_item_id":"71700bts120","product_condition":"new"},"df_price":279,"df_sale_price":"","df_regular_price":279,"df_image_link":"https:\/\/www.eliassen.nl\/wp-content\/uploads\/2024\/10\/proohwid2yg.jpg","image":"https:\/\/www.eliassen.nl\/wp-content\/uploads\/2024\/10\/proohwid2yg.jpg","price_search":"<span class=\"woocommerce-Price-amount amount\"><bdi><span class=\"woocommerce-Price-currencySymbol\">&euro;<\/span>&nbsp;279,00<\/bdi><\/span>","category":"Ambientebeleuchtung au\u00dfen","global_unique_id":"5414471211455","_links":{"self":[{"href":"https:\/\/www.eliassen.nl\/de\/wp-json\/wp\/v2\/product\/155501","targetHints":{"allow":["GET"]}}],"collection":[{"href":"https:\/\/www.eliassen.nl\/de\/wp-json\/wp\/v2\/product"}],"about":[{"href":"https:\/\/www.eliassen.nl\/de\/wp-json\/wp\/v2\/types\/product"}],"wp:featuredmedia":[{"embeddable":true,"href":"https:\/\/www.eliassen.nl\/de\/wp-json\/wp\/v2\/media\/155492"}],"wp:attachment":[{"href":"https:\/\/www.eliassen.nl\/de\/wp-json\/wp\/v2\/media?parent=155501"}],"wp:term":[{"taxonomy":"product_brand","embeddable":true,"href":"https:\/\/www.eliassen.nl\/de\/wp-json\/wp\/v2\/product_brand?post=155501"},{"taxonomy":"product_cat","embeddable":true,"href":"https:\/\/www.eliassen.nl\/de\/wp-json\/wp\/v2\/product_cat?post=155501"},{"taxonomy":"product_tag","embeddable":true,"href":"https:\/\/www.eliassen.nl\/de\/wp-json\/wp\/v2\/product_tag?post=155501"}],"curies":[{"name":"wp","href":"https:\/\/api.w.org\/{rel}","templated":true}]}}