{"id":155123,"date":"2024-05-27T14:16:02","date_gmt":"2024-05-27T14:16:02","guid":{"rendered":"https:\/\/www.eliassen.nl\/?product=schilderij-metaal-3d-paarden-100x70cm"},"modified":"2026-01-07T13:34:12","modified_gmt":"2026-01-07T12:34:12","slug":"metallgemalde-3d-3-pferde-100x70cm","status":"publish","type":"product","link":"https:\/\/www.eliassen.nl\/de\/metallgemalde-3d-3-pferde-100x70cm\/","title":{"rendered":"Malerei Metall 3d 3 Pferde 100x70cm"},"content":{"rendered":"<p>Mit dieser farbenfrohen Wanddekoration mit 3 Pferden wird Ihr Zuhause wundersch\u00f6n sein. Dieses 3D-Gem\u00e4lde aus Metall wird vollst\u00e4ndig von Hand gefertigt. Alles an dieser Wanddekoration ist aus Metall gefertigt, der Hintergrund und auch die Figur.<\/p>\n<p>Da es von Hand bemalt und hergestellt wird, kann die Farbe leicht vom Foto abweichen, sie sind nie genau gleich. Auf diesen etwas grob angefertigten Gem\u00e4lden kann es immer wieder zu weiteren kleinen Abweichungen kommen, die manchmal sogar absichtlich gemacht werden, um die harte Atmosph\u00e4re zu erreichen.<\/p>\n<p><strong>Wir haben auch fast die gesamte Kollektion dieser Serie in unserem Gesch\u00e4ft, was in den Niederlanden einzigartig ist. Nirgendwo finden Sie eine so gro\u00dfe Sammlung. Sie sind herzlich willkommen.<\/strong><\/p>\n<ul>\n<li>  Gr\u00f6\u00dfe 100x70cm hoch<\/li>\n<li>  Einfach mit 2 Schrauben aufzuh\u00e4ngen<\/li>\n<li> Schnelle Lieferung<\/li>\n<\/ul>\n","protected":false},"excerpt":{"rendered":"<p>Metall 3d Malerei mit Pferden<\/p>\n","protected":false},"featured_media":155120,"template":"","meta":{"_acf_changed":false,"_genesis_title":"","_genesis_description":""},"product_brand":[7505],"product_cat":[419,440,410],"product_tag":[],"class_list":{"0":"post-155123","1":"product","2":"type-product","3":"status-publish","4":"has-post-thumbnail","6":"product_brand-sonstige","7":"product_cat-3d-gemaelde-aus-metall","8":"product_cat-andere-groessen-3d-gemaelde-aus-metall","9":"product_cat-gemaelde","11":"first","12":"instock","13":"taxable","14":"shipping-taxable","15":"purchasable","16":"product-type-simple"},"acf":[],"meta_all":{"total_sales":"0","wcml_sync_hash":{"postmeta_fields":"eb5641109317724012b5accb8a73754f"},"attr_label_translations":[]},"meta_all_flat":{"total_sales":"0","wcml_sync_hash.postmeta_fields":"eb5641109317724012b5accb8a73754f"},"yoast_head":"<!-- This site is optimized with the Yoast SEO Premium plugin v26.2 (Yoast SEO v27.2) - https:\/\/yoast.com\/product\/yoast-seo-premium-wordpress\/ -->\n<title>Malerei Metall 3d 3 Pferde 100x70cm<\/title>\n<meta name=\"description\" content=\"Metallbilder in 3D: Besuchen Sie den gr\u00f6\u00dften Ausstellungsraum von Eliassen, wo Sie Hunderte von Modellen besichtigen k\u00f6nnen. Kaffee oder Tee ist fertig !!!\" \/>\n<meta name=\"robots\" content=\"index, follow, max-snippet:-1, max-image-preview:large, max-video-preview:-1\" \/>\n<link rel=\"canonical\" href=\"https:\/\/www.eliassen.nl\/de\/metallgemalde-3d-3-pferde-100x70cm\/\" \/>\n<meta property=\"og:locale\" content=\"de_DE\" \/>\n<meta property=\"og:type\" content=\"article\" \/>\n<meta property=\"og:title\" content=\"Sonstige Malerei Metall 3d 3 Pferde 100x70cm - Eliassen.nl\" \/>\n<meta property=\"og:description\" content=\"Metallbilder in 3D: Besuchen Sie den gr\u00f6\u00dften Ausstellungsraum von Eliassen, wo Sie Hunderte von Modellen besichtigen k\u00f6nnen. Kaffee oder Tee ist fertig !!!\" \/>\n<meta property=\"og:url\" content=\"https:\/\/www.eliassen.nl\/de\/metallgemalde-3d-3-pferde-100x70cm\/\" \/>\n<meta property=\"og:site_name\" content=\"Eliassen.nl\" \/>\n<meta property=\"article:publisher\" content=\"https:\/\/www.facebook.com\/TuincentrumEliassenAmmerzoden\" \/>\n<meta property=\"article:modified_time\" content=\"2026-01-07T12:34:12+00:00\" \/>\n<meta property=\"og:image\" content=\"https:\/\/www.eliassen.nl\/wp-content\/uploads\/2024\/10\/schilderij3dpaardeneliassennlmg115.jpg\" \/>\n\t<meta property=\"og:image:width\" content=\"833\" \/>\n\t<meta property=\"og:image:height\" content=\"573\" \/>\n\t<meta property=\"og:image:type\" content=\"image\/jpeg\" \/>\n<meta name=\"twitter:card\" content=\"summary_large_image\" \/>\n<script type=\"application\/ld+json\" class=\"yoast-schema-graph\">{\"@context\":\"https:\/\/schema.org\",\"@graph\":[{\"@type\":\"WebPage\",\"@id\":\"https:\/\/www.eliassen.nl\/de\/metallgemalde-3d-3-pferde-100x70cm\/\",\"url\":\"https:\/\/www.eliassen.nl\/de\/metallgemalde-3d-3-pferde-100x70cm\/\",\"name\":\"Malerei Metall 3d 3 Pferde 100x70cm\",\"isPartOf\":{\"@id\":\"https:\/\/www.eliassen.nl\/de\/#website\"},\"primaryImageOfPage\":{\"@id\":\"https:\/\/www.eliassen.nl\/de\/metallgemalde-3d-3-pferde-100x70cm\/#primaryimage\"},\"image\":{\"@id\":\"https:\/\/www.eliassen.nl\/de\/metallgemalde-3d-3-pferde-100x70cm\/#primaryimage\"},\"thumbnailUrl\":\"https:\/\/www.eliassen.nl\/wp-content\/uploads\/2024\/10\/schilderij3dpaardeneliassennlmg115.jpg\",\"datePublished\":\"2024-05-27T14:16:02+00:00\",\"dateModified\":\"2026-01-07T12:34:12+00:00\",\"description\":\"Metallbilder in 3D: Besuchen Sie den gr\u00f6\u00dften Ausstellungsraum von Eliassen, wo Sie Hunderte von Modellen besichtigen k\u00f6nnen. Kaffee oder Tee ist fertig !!!\",\"breadcrumb\":{\"@id\":\"https:\/\/www.eliassen.nl\/de\/metallgemalde-3d-3-pferde-100x70cm\/#breadcrumb\"},\"inLanguage\":\"de\",\"potentialAction\":[{\"@type\":\"ReadAction\",\"target\":[\"https:\/\/www.eliassen.nl\/de\/metallgemalde-3d-3-pferde-100x70cm\/\"]}]},{\"@type\":\"ImageObject\",\"inLanguage\":\"de\",\"@id\":\"https:\/\/www.eliassen.nl\/de\/metallgemalde-3d-3-pferde-100x70cm\/#primaryimage\",\"url\":\"https:\/\/www.eliassen.nl\/wp-content\/uploads\/2024\/10\/schilderij3dpaardeneliassennlmg115.jpg\",\"contentUrl\":\"https:\/\/www.eliassen.nl\/wp-content\/uploads\/2024\/10\/schilderij3dpaardeneliassennlmg115.jpg\",\"width\":833,\"height\":573,\"caption\":\"Malen von 3d-Pferden Eliassen.nl MG-115\"},{\"@type\":\"BreadcrumbList\",\"@id\":\"https:\/\/www.eliassen.nl\/de\/metallgemalde-3d-3-pferde-100x70cm\/#breadcrumb\",\"itemListElement\":[{\"@type\":\"ListItem\",\"position\":1,\"name\":\"Home\",\"item\":\"https:\/\/www.eliassen.nl\/de\/\"},{\"@type\":\"ListItem\",\"position\":2,\"name\":\"Shop\",\"item\":\"https:\/\/www.eliassen.nl\/de\/shop\/\"},{\"@type\":\"ListItem\",\"position\":3,\"name\":\"Gem\u00e4lde\",\"item\":\"https:\/\/www.eliassen.nl\/de\/gemaelde\/\"},{\"@type\":\"ListItem\",\"position\":4,\"name\":\"3D Gem\u00e4lde aus Metall\",\"item\":\"https:\/\/www.eliassen.nl\/de\/gemaelde\/3d-gemaelde-aus-metall\/\"},{\"@type\":\"ListItem\",\"position\":5,\"name\":\"Andere Gr\u00f6\u00dfen 3D-Gem\u00e4lde aus Metall\",\"item\":\"https:\/\/www.eliassen.nl\/de\/gemaelde\/3d-gemaelde-aus-metall\/andere-groessen-3d-gemaelde-aus-metall\/\"},{\"@type\":\"ListItem\",\"position\":6,\"name\":\"Malerei Metall 3d 3 Pferde 100x70cm\"}]},{\"@type\":\"WebSite\",\"@id\":\"https:\/\/www.eliassen.nl\/de\/#website\",\"url\":\"https:\/\/www.eliassen.nl\/de\/\",\"name\":\"Eliassen Home & Garden Pleasure\",\"description\":\"\",\"publisher\":{\"@id\":\"https:\/\/www.eliassen.nl\/de\/#organization\"},\"alternateName\":\"Eliassen.nl\",\"potentialAction\":[{\"@type\":\"SearchAction\",\"target\":{\"@type\":\"EntryPoint\",\"urlTemplate\":\"https:\/\/www.eliassen.nl\/de\/?s={search_term_string}\"},\"query-input\":{\"@type\":\"PropertyValueSpecification\",\"valueRequired\":true,\"valueName\":\"search_term_string\"}}],\"inLanguage\":\"de\"},{\"@type\":[\"Organization\",\"Place\"],\"@id\":\"https:\/\/www.eliassen.nl\/de\/#organization\",\"name\":\"Eliassen Home & Garden Pleasure\",\"url\":\"https:\/\/www.eliassen.nl\/de\/\",\"logo\":{\"@id\":\"https:\/\/www.eliassen.nl\/de\/metallgemalde-3d-3-pferde-100x70cm\/#local-main-organization-logo\"},\"image\":{\"@id\":\"https:\/\/www.eliassen.nl\/de\/metallgemalde-3d-3-pferde-100x70cm\/#local-main-organization-logo\"},\"sameAs\":[\"https:\/\/www.facebook.com\/TuincentrumEliassenAmmerzoden\",\"https:\/\/www.instagram.com\/eliassenhomeandgarden\/\",\"https:\/\/nl.pinterest.com\/eliassenhomeandgarden\/\",\"https:\/\/www.youtube.com\/@eliassenhomegardenpleasure4558\"],\"telephone\":[],\"openingHoursSpecification\":[{\"@type\":\"OpeningHoursSpecification\",\"dayOfWeek\":[\"Monday\",\"Tuesday\",\"Wednesday\",\"Thursday\",\"Friday\",\"Saturday\",\"Sunday\"],\"opens\":\"09:00\",\"closes\":\"17:00\"}]},{\"@type\":\"ImageObject\",\"inLanguage\":\"de\",\"@id\":\"https:\/\/www.eliassen.nl\/de\/metallgemalde-3d-3-pferde-100x70cm\/#local-main-organization-logo\",\"url\":\"https:\/\/www.eliassen.nl\/wp-content\/uploads\/2024\/01\/logo_4nd.jpg\",\"contentUrl\":\"https:\/\/www.eliassen.nl\/wp-content\/uploads\/2024\/01\/logo_4nd.jpg\",\"width\":500,\"height\":500,\"caption\":\"Eliassen Home & Garden Pleasure\"}]}<\/script>\n<meta property=\"product:price:amount\" content=\"169.00\" \/>\n<meta property=\"product:price:currency\" content=\"EUR\" \/>\n<meta property=\"og:availability\" content=\"instock\" \/>\n<meta property=\"product:availability\" content=\"instock\" \/>\n<meta property=\"product:retailer_item_id\" content=\"mg-115\" \/>\n<meta property=\"product:condition\" content=\"new\" \/>\n<!-- \/ Yoast SEO Premium plugin. -->","yoast_head_json":{"title":"Malerei Metall 3d 3 Pferde 100x70cm","description":"Metallbilder in 3D: Besuchen Sie den gr\u00f6\u00dften Ausstellungsraum von Eliassen, wo Sie Hunderte von Modellen besichtigen k\u00f6nnen. Kaffee oder Tee ist fertig !!!","robots":{"index":"index","follow":"follow","max-snippet":"max-snippet:-1","max-image-preview":"max-image-preview:large","max-video-preview":"max-video-preview:-1"},"canonical":"https:\/\/www.eliassen.nl\/de\/metallgemalde-3d-3-pferde-100x70cm\/","og_locale":"de_DE","og_type":"article","og_title":"Sonstige Malerei Metall 3d 3 Pferde 100x70cm - Eliassen.nl","og_description":"Metallbilder in 3D: Besuchen Sie den gr\u00f6\u00dften Ausstellungsraum von Eliassen, wo Sie Hunderte von Modellen besichtigen k\u00f6nnen. Kaffee oder Tee ist fertig !!!","og_url":"https:\/\/www.eliassen.nl\/de\/metallgemalde-3d-3-pferde-100x70cm\/","og_site_name":"Eliassen.nl","article_publisher":"https:\/\/www.facebook.com\/TuincentrumEliassenAmmerzoden","article_modified_time":"2026-01-07T12:34:12+00:00","og_image":[{"width":833,"height":573,"url":"https:\/\/www.eliassen.nl\/wp-content\/uploads\/2024\/10\/schilderij3dpaardeneliassennlmg115.jpg","type":"image\/jpeg"}],"twitter_card":"summary_large_image","schema":{"@context":"https:\/\/schema.org","@graph":[{"@type":"WebPage","@id":"https:\/\/www.eliassen.nl\/de\/metallgemalde-3d-3-pferde-100x70cm\/","url":"https:\/\/www.eliassen.nl\/de\/metallgemalde-3d-3-pferde-100x70cm\/","name":"Malerei Metall 3d 3 Pferde 100x70cm","isPartOf":{"@id":"https:\/\/www.eliassen.nl\/de\/#website"},"primaryImageOfPage":{"@id":"https:\/\/www.eliassen.nl\/de\/metallgemalde-3d-3-pferde-100x70cm\/#primaryimage"},"image":{"@id":"https:\/\/www.eliassen.nl\/de\/metallgemalde-3d-3-pferde-100x70cm\/#primaryimage"},"thumbnailUrl":"https:\/\/www.eliassen.nl\/wp-content\/uploads\/2024\/10\/schilderij3dpaardeneliassennlmg115.jpg","datePublished":"2024-05-27T14:16:02+00:00","dateModified":"2026-01-07T12:34:12+00:00","description":"Metallbilder in 3D: Besuchen Sie den gr\u00f6\u00dften Ausstellungsraum von Eliassen, wo Sie Hunderte von Modellen besichtigen k\u00f6nnen. Kaffee oder Tee ist fertig !!!","breadcrumb":{"@id":"https:\/\/www.eliassen.nl\/de\/metallgemalde-3d-3-pferde-100x70cm\/#breadcrumb"},"inLanguage":"de","potentialAction":[{"@type":"ReadAction","target":["https:\/\/www.eliassen.nl\/de\/metallgemalde-3d-3-pferde-100x70cm\/"]}]},{"@type":"ImageObject","inLanguage":"de","@id":"https:\/\/www.eliassen.nl\/de\/metallgemalde-3d-3-pferde-100x70cm\/#primaryimage","url":"https:\/\/www.eliassen.nl\/wp-content\/uploads\/2024\/10\/schilderij3dpaardeneliassennlmg115.jpg","contentUrl":"https:\/\/www.eliassen.nl\/wp-content\/uploads\/2024\/10\/schilderij3dpaardeneliassennlmg115.jpg","width":833,"height":573,"caption":"Malen von 3d-Pferden Eliassen.nl MG-115"},{"@type":"BreadcrumbList","@id":"https:\/\/www.eliassen.nl\/de\/metallgemalde-3d-3-pferde-100x70cm\/#breadcrumb","itemListElement":[{"@type":"ListItem","position":1,"name":"Home","item":"https:\/\/www.eliassen.nl\/de\/"},{"@type":"ListItem","position":2,"name":"Shop","item":"https:\/\/www.eliassen.nl\/de\/shop\/"},{"@type":"ListItem","position":3,"name":"Gem\u00e4lde","item":"https:\/\/www.eliassen.nl\/de\/gemaelde\/"},{"@type":"ListItem","position":4,"name":"3D Gem\u00e4lde aus Metall","item":"https:\/\/www.eliassen.nl\/de\/gemaelde\/3d-gemaelde-aus-metall\/"},{"@type":"ListItem","position":5,"name":"Andere Gr\u00f6\u00dfen 3D-Gem\u00e4lde aus Metall","item":"https:\/\/www.eliassen.nl\/de\/gemaelde\/3d-gemaelde-aus-metall\/andere-groessen-3d-gemaelde-aus-metall\/"},{"@type":"ListItem","position":6,"name":"Malerei Metall 3d 3 Pferde 100x70cm"}]},{"@type":"WebSite","@id":"https:\/\/www.eliassen.nl\/de\/#website","url":"https:\/\/www.eliassen.nl\/de\/","name":"Eliassen Home & Garden Pleasure","description":"","publisher":{"@id":"https:\/\/www.eliassen.nl\/de\/#organization"},"alternateName":"Eliassen.nl","potentialAction":[{"@type":"SearchAction","target":{"@type":"EntryPoint","urlTemplate":"https:\/\/www.eliassen.nl\/de\/?s={search_term_string}"},"query-input":{"@type":"PropertyValueSpecification","valueRequired":true,"valueName":"search_term_string"}}],"inLanguage":"de"},{"@type":["Organization","Place"],"@id":"https:\/\/www.eliassen.nl\/de\/#organization","name":"Eliassen Home & Garden Pleasure","url":"https:\/\/www.eliassen.nl\/de\/","logo":{"@id":"https:\/\/www.eliassen.nl\/de\/metallgemalde-3d-3-pferde-100x70cm\/#local-main-organization-logo"},"image":{"@id":"https:\/\/www.eliassen.nl\/de\/metallgemalde-3d-3-pferde-100x70cm\/#local-main-organization-logo"},"sameAs":["https:\/\/www.facebook.com\/TuincentrumEliassenAmmerzoden","https:\/\/www.instagram.com\/eliassenhomeandgarden\/","https:\/\/nl.pinterest.com\/eliassenhomeandgarden\/","https:\/\/www.youtube.com\/@eliassenhomegardenpleasure4558"],"telephone":[],"openingHoursSpecification":[{"@type":"OpeningHoursSpecification","dayOfWeek":["Monday","Tuesday","Wednesday","Thursday","Friday","Saturday","Sunday"],"opens":"09:00","closes":"17:00"}]},{"@type":"ImageObject","inLanguage":"de","@id":"https:\/\/www.eliassen.nl\/de\/metallgemalde-3d-3-pferde-100x70cm\/#local-main-organization-logo","url":"https:\/\/www.eliassen.nl\/wp-content\/uploads\/2024\/01\/logo_4nd.jpg","contentUrl":"https:\/\/www.eliassen.nl\/wp-content\/uploads\/2024\/01\/logo_4nd.jpg","width":500,"height":500,"caption":"Eliassen Home & Garden Pleasure"}]},"product_price_amount":"169.00","product_price_currency":"EUR","og_availability":"instock","product_availability":"instock","product_retailer_item_id":"mg-115","product_condition":"new"},"df_price":169,"df_sale_price":"","df_regular_price":169,"df_image_link":"https:\/\/www.eliassen.nl\/wp-content\/uploads\/2024\/10\/schilderij3dpaardeneliassennlmg115.jpg","image":"https:\/\/www.eliassen.nl\/wp-content\/uploads\/2024\/10\/schilderij3dpaardeneliassennlmg115.jpg","price_search":"<span class=\"woocommerce-Price-amount amount\"><bdi><span class=\"woocommerce-Price-currencySymbol\">&euro;<\/span>&nbsp;169,00<\/bdi><\/span>","category":"3D Gem\u00e4lde aus Metall","global_unique_id":"6096515862879","_links":{"self":[{"href":"https:\/\/www.eliassen.nl\/de\/wp-json\/wp\/v2\/product\/155123","targetHints":{"allow":["GET"]}}],"collection":[{"href":"https:\/\/www.eliassen.nl\/de\/wp-json\/wp\/v2\/product"}],"about":[{"href":"https:\/\/www.eliassen.nl\/de\/wp-json\/wp\/v2\/types\/product"}],"wp:featuredmedia":[{"embeddable":true,"href":"https:\/\/www.eliassen.nl\/de\/wp-json\/wp\/v2\/media\/155120"}],"wp:attachment":[{"href":"https:\/\/www.eliassen.nl\/de\/wp-json\/wp\/v2\/media?parent=155123"}],"wp:term":[{"taxonomy":"product_brand","embeddable":true,"href":"https:\/\/www.eliassen.nl\/de\/wp-json\/wp\/v2\/product_brand?post=155123"},{"taxonomy":"product_cat","embeddable":true,"href":"https:\/\/www.eliassen.nl\/de\/wp-json\/wp\/v2\/product_cat?post=155123"},{"taxonomy":"product_tag","embeddable":true,"href":"https:\/\/www.eliassen.nl\/de\/wp-json\/wp\/v2\/product_tag?post=155123"}],"curies":[{"name":"wp","href":"https:\/\/api.w.org\/{rel}","templated":true}]}}