{"id":154952,"date":"2024-05-22T20:11:17","date_gmt":"2024-05-22T20:11:17","guid":{"rendered":"https:\/\/www.eliassen.nl\/?product=slagers-barbeque-88cm-met-gratis-bbq-gereedschapss"},"modified":"2026-02-20T09:38:34","modified_gmt":"2026-02-20T08:38:34","slug":"metzgergrill-88-cm-jetzt-mit-kostenlosem-werkzeugsatz","status":"publish","type":"product","link":"https:\/\/www.eliassen.nl\/de\/metzgergrill-88-cm-jetzt-mit-kostenlosem-werkzeugsatz\/","title":{"rendered":"Fleischergrill 88cm JETZT MIT KOSTENLOSEM TOYSET"},"content":{"rendered":"<p>Wenn das kein gutes Gesch\u00e4ft ist:<\/p>\n<p>Halbrunder Metzger-Basisgrill, nicht weniger als insgesamt 50x88cm gro\u00df, H\u00f6he 77cm, mit gro\u00dfen Griffen. Die Grillfl\u00e4che betr\u00e4gt 60x29cm, daher ist dieser Grill auch f\u00fcr gr\u00f6\u00dfere Personengruppen geeignet. Der halbrunde Grill ist sehr stabil.<\/p>\n<p>Alles ist schwarz beschichtet mit Schrauben aus Edelstahl.<\/p>\n<p><strong>Dieser Artikel kann auch live in unserem Shop angesehen werden !!!<\/strong><\/p>\n<ul>\n<li>Gr\u00f6\u00dfe 50x80x77cm hoch<\/li>\n<li>Material: Stahl schwarz beschichtet<\/li>\n<li>Verzinkte Feuerschale<\/li>\n<\/ul>\n<p><strong>Jetzt mit kostenlosem 4-teiligem Grillwerkzeug-Set im Aluminiumkoffer !!!<\/strong><\/p>\n","protected":false},"excerpt":{"rendered":"<p>Sch\u00f6nes gro\u00dfes Set mit kostenlosem Werkzeugsatz OP = OP<\/p>\n","protected":false},"featured_media":154919,"template":"","meta":{"_acf_changed":false,"_genesis_title":"","_genesis_description":""},"product_brand":[7505],"product_cat":[764,752,7064],"product_tag":[],"class_list":{"0":"post-154952","1":"product","2":"type-product","3":"status-publish","4":"has-post-thumbnail","6":"product_brand-sonstige","7":"product_cat-terrassenkamine-feuerstellen","8":"product_cat-weitere-artikel","9":"product_cat-werbeartikel","11":"first","12":"outofstock","13":"sale","14":"taxable","15":"shipping-taxable","16":"purchasable","17":"product-type-simple"},"acf":[],"meta_all":{"total_sales":"24","wcml_sync_hash":{"postmeta_fields":"e47beba11e19ee7b930358156c7f3353"},"attr_label_translations":[],"cor_restricted_countries":[]},"meta_all_flat":{"total_sales":"24","wcml_sync_hash.postmeta_fields":"e47beba11e19ee7b930358156c7f3353"},"yoast_head":"<!-- This site is optimized with the Yoast SEO Premium plugin v26.2 (Yoast SEO v27.2) - https:\/\/yoast.com\/product\/yoast-seo-premium-wordpress\/ -->\n<title>Angebot Barbeque mit BBQ Werkzeugset 88cm<\/title>\n<meta name=\"description\" content=\"Ein wundersch\u00f6nes Metzgergrill-Set zu einem starken Preisnachlass! Wird mit einem KOSTENLOSEN 4-teiligen BBQ-Werkzeugset im Aluminiumkoffer geliefert. LIVE zu sehen!\" \/>\n<meta name=\"robots\" content=\"index, follow, max-snippet:-1, max-image-preview:large, max-video-preview:-1\" \/>\n<link rel=\"canonical\" href=\"https:\/\/www.eliassen.nl\/de\/metzgergrill-88-cm-jetzt-mit-kostenlosem-werkzeugsatz\/\" \/>\n<meta property=\"og:locale\" content=\"de_DE\" \/>\n<meta property=\"og:type\" content=\"article\" \/>\n<meta property=\"og:title\" content=\"Sonstige Fleischergrill 88cm JETZT MIT KOSTENLOSEM TOYSET - Eliassen.nl\" \/>\n<meta property=\"og:description\" content=\"Ein wundersch\u00f6nes Metzgergrill-Set zu einem starken Preisnachlass! Wird mit einem KOSTENLOSEN 4-teiligen BBQ-Werkzeugset im Aluminiumkoffer geliefert. LIVE zu sehen!\" \/>\n<meta property=\"og:url\" content=\"https:\/\/www.eliassen.nl\/de\/metzgergrill-88-cm-jetzt-mit-kostenlosem-werkzeugsatz\/\" \/>\n<meta property=\"og:site_name\" content=\"Eliassen.nl\" \/>\n<meta property=\"article:publisher\" content=\"https:\/\/www.facebook.com\/TuincentrumEliassenAmmerzoden\" \/>\n<meta property=\"article:modified_time\" content=\"2026-02-20T08:38:34+00:00\" \/>\n<meta property=\"og:image\" content=\"https:\/\/www.eliassen.nl\/wp-content\/uploads\/2024\/10\/bbqcombidealeliassenvaderdag.png\" \/>\n\t<meta property=\"og:image:width\" content=\"821\" \/>\n\t<meta property=\"og:image:height\" content=\"916\" \/>\n\t<meta property=\"og:image:type\" content=\"image\/png\" \/>\n<meta name=\"twitter:card\" content=\"summary_large_image\" \/>\n<script type=\"application\/ld+json\" class=\"yoast-schema-graph\">{\"@context\":\"https:\/\/schema.org\",\"@graph\":[{\"@type\":\"WebPage\",\"@id\":\"https:\/\/www.eliassen.nl\/de\/metzgergrill-88-cm-jetzt-mit-kostenlosem-werkzeugsatz\/\",\"url\":\"https:\/\/www.eliassen.nl\/de\/metzgergrill-88-cm-jetzt-mit-kostenlosem-werkzeugsatz\/\",\"name\":\"Angebot Barbeque mit BBQ Werkzeugset 88cm\",\"isPartOf\":{\"@id\":\"https:\/\/www.eliassen.nl\/de\/#website\"},\"primaryImageOfPage\":{\"@id\":\"https:\/\/www.eliassen.nl\/de\/metzgergrill-88-cm-jetzt-mit-kostenlosem-werkzeugsatz\/#primaryimage\"},\"image\":{\"@id\":\"https:\/\/www.eliassen.nl\/de\/metzgergrill-88-cm-jetzt-mit-kostenlosem-werkzeugsatz\/#primaryimage\"},\"thumbnailUrl\":\"https:\/\/www.eliassen.nl\/wp-content\/uploads\/2024\/10\/bbqcombidealeliassenvaderdag.png\",\"datePublished\":\"2024-05-22T20:11:17+00:00\",\"dateModified\":\"2026-02-20T08:38:34+00:00\",\"description\":\"Ein wundersch\u00f6nes Metzgergrill-Set zu einem starken Preisnachlass! Wird mit einem KOSTENLOSEN 4-teiligen BBQ-Werkzeugset im Aluminiumkoffer geliefert. LIVE zu sehen!\",\"breadcrumb\":{\"@id\":\"https:\/\/www.eliassen.nl\/de\/metzgergrill-88-cm-jetzt-mit-kostenlosem-werkzeugsatz\/#breadcrumb\"},\"inLanguage\":\"de\",\"potentialAction\":[{\"@type\":\"ReadAction\",\"target\":[\"https:\/\/www.eliassen.nl\/de\/metzgergrill-88-cm-jetzt-mit-kostenlosem-werkzeugsatz\/\"]}]},{\"@type\":\"ImageObject\",\"inLanguage\":\"de\",\"@id\":\"https:\/\/www.eliassen.nl\/de\/metzgergrill-88-cm-jetzt-mit-kostenlosem-werkzeugsatz\/#primaryimage\",\"url\":\"https:\/\/www.eliassen.nl\/wp-content\/uploads\/2024\/10\/bbqcombidealeliassenvaderdag.png\",\"contentUrl\":\"https:\/\/www.eliassen.nl\/wp-content\/uploads\/2024\/10\/bbqcombidealeliassenvaderdag.png\",\"width\":821,\"height\":916,\"caption\":\"bbq combi deal eliassen vatertag\"},{\"@type\":\"BreadcrumbList\",\"@id\":\"https:\/\/www.eliassen.nl\/de\/metzgergrill-88-cm-jetzt-mit-kostenlosem-werkzeugsatz\/#breadcrumb\",\"itemListElement\":[{\"@type\":\"ListItem\",\"position\":1,\"name\":\"Home\",\"item\":\"https:\/\/www.eliassen.nl\/de\/\"},{\"@type\":\"ListItem\",\"position\":2,\"name\":\"Shop\",\"item\":\"https:\/\/www.eliassen.nl\/de\/shop\/\"},{\"@type\":\"ListItem\",\"position\":3,\"name\":\"Weitere Artikel\",\"item\":\"https:\/\/www.eliassen.nl\/de\/weitere-artikel\/\"},{\"@type\":\"ListItem\",\"position\":4,\"name\":\"Terrassenkamine Feuerstellen\",\"item\":\"https:\/\/www.eliassen.nl\/de\/garten-andere\/terrassenkamine-feuerstellen\/\"},{\"@type\":\"ListItem\",\"position\":5,\"name\":\"Fleischergrill 88cm JETZT MIT KOSTENLOSEM TOYSET\"}]},{\"@type\":\"WebSite\",\"@id\":\"https:\/\/www.eliassen.nl\/de\/#website\",\"url\":\"https:\/\/www.eliassen.nl\/de\/\",\"name\":\"Eliassen Home & Garden Pleasure\",\"description\":\"\",\"publisher\":{\"@id\":\"https:\/\/www.eliassen.nl\/de\/#organization\"},\"alternateName\":\"Eliassen.nl\",\"potentialAction\":[{\"@type\":\"SearchAction\",\"target\":{\"@type\":\"EntryPoint\",\"urlTemplate\":\"https:\/\/www.eliassen.nl\/de\/?s={search_term_string}\"},\"query-input\":{\"@type\":\"PropertyValueSpecification\",\"valueRequired\":true,\"valueName\":\"search_term_string\"}}],\"inLanguage\":\"de\"},{\"@type\":[\"Organization\",\"Place\"],\"@id\":\"https:\/\/www.eliassen.nl\/de\/#organization\",\"name\":\"Eliassen Home & Garden Pleasure\",\"url\":\"https:\/\/www.eliassen.nl\/de\/\",\"logo\":{\"@id\":\"https:\/\/www.eliassen.nl\/de\/metzgergrill-88-cm-jetzt-mit-kostenlosem-werkzeugsatz\/#local-main-organization-logo\"},\"image\":{\"@id\":\"https:\/\/www.eliassen.nl\/de\/metzgergrill-88-cm-jetzt-mit-kostenlosem-werkzeugsatz\/#local-main-organization-logo\"},\"sameAs\":[\"https:\/\/www.facebook.com\/TuincentrumEliassenAmmerzoden\",\"https:\/\/www.instagram.com\/eliassenhomeandgarden\/\",\"https:\/\/nl.pinterest.com\/eliassenhomeandgarden\/\",\"https:\/\/www.youtube.com\/@eliassenhomegardenpleasure4558\"],\"telephone\":[],\"openingHoursSpecification\":[{\"@type\":\"OpeningHoursSpecification\",\"dayOfWeek\":[\"Monday\",\"Tuesday\",\"Wednesday\",\"Thursday\",\"Friday\",\"Saturday\",\"Sunday\"],\"opens\":\"09:00\",\"closes\":\"17:00\"}]},{\"@type\":\"ImageObject\",\"inLanguage\":\"de\",\"@id\":\"https:\/\/www.eliassen.nl\/de\/metzgergrill-88-cm-jetzt-mit-kostenlosem-werkzeugsatz\/#local-main-organization-logo\",\"url\":\"https:\/\/www.eliassen.nl\/wp-content\/uploads\/2024\/01\/logo_4nd.jpg\",\"contentUrl\":\"https:\/\/www.eliassen.nl\/wp-content\/uploads\/2024\/01\/logo_4nd.jpg\",\"width\":500,\"height\":500,\"caption\":\"Eliassen Home & Garden Pleasure\"}]}<\/script>\n<meta property=\"product:price:amount\" content=\"39.00\" \/>\n<meta property=\"product:price:currency\" content=\"EUR\" \/>\n<meta property=\"og:availability\" content=\"out of stock\" \/>\n<meta property=\"product:availability\" content=\"out of stock\" \/>\n<meta property=\"product:retailer_item_id\" content=\"X85000050\" \/>\n<meta property=\"product:condition\" content=\"new\" \/>\n<!-- \/ Yoast SEO Premium plugin. -->","yoast_head_json":{"title":"Angebot Barbeque mit BBQ Werkzeugset 88cm","description":"Ein wundersch\u00f6nes Metzgergrill-Set zu einem starken Preisnachlass! Wird mit einem KOSTENLOSEN 4-teiligen BBQ-Werkzeugset im Aluminiumkoffer geliefert. LIVE zu sehen!","robots":{"index":"index","follow":"follow","max-snippet":"max-snippet:-1","max-image-preview":"max-image-preview:large","max-video-preview":"max-video-preview:-1"},"canonical":"https:\/\/www.eliassen.nl\/de\/metzgergrill-88-cm-jetzt-mit-kostenlosem-werkzeugsatz\/","og_locale":"de_DE","og_type":"article","og_title":"Sonstige Fleischergrill 88cm JETZT MIT KOSTENLOSEM TOYSET - Eliassen.nl","og_description":"Ein wundersch\u00f6nes Metzgergrill-Set zu einem starken Preisnachlass! Wird mit einem KOSTENLOSEN 4-teiligen BBQ-Werkzeugset im Aluminiumkoffer geliefert. LIVE zu sehen!","og_url":"https:\/\/www.eliassen.nl\/de\/metzgergrill-88-cm-jetzt-mit-kostenlosem-werkzeugsatz\/","og_site_name":"Eliassen.nl","article_publisher":"https:\/\/www.facebook.com\/TuincentrumEliassenAmmerzoden","article_modified_time":"2026-02-20T08:38:34+00:00","og_image":[{"width":821,"height":916,"url":"https:\/\/www.eliassen.nl\/wp-content\/uploads\/2024\/10\/bbqcombidealeliassenvaderdag.png","type":"image\/png"}],"twitter_card":"summary_large_image","schema":{"@context":"https:\/\/schema.org","@graph":[{"@type":"WebPage","@id":"https:\/\/www.eliassen.nl\/de\/metzgergrill-88-cm-jetzt-mit-kostenlosem-werkzeugsatz\/","url":"https:\/\/www.eliassen.nl\/de\/metzgergrill-88-cm-jetzt-mit-kostenlosem-werkzeugsatz\/","name":"Angebot Barbeque mit BBQ Werkzeugset 88cm","isPartOf":{"@id":"https:\/\/www.eliassen.nl\/de\/#website"},"primaryImageOfPage":{"@id":"https:\/\/www.eliassen.nl\/de\/metzgergrill-88-cm-jetzt-mit-kostenlosem-werkzeugsatz\/#primaryimage"},"image":{"@id":"https:\/\/www.eliassen.nl\/de\/metzgergrill-88-cm-jetzt-mit-kostenlosem-werkzeugsatz\/#primaryimage"},"thumbnailUrl":"https:\/\/www.eliassen.nl\/wp-content\/uploads\/2024\/10\/bbqcombidealeliassenvaderdag.png","datePublished":"2024-05-22T20:11:17+00:00","dateModified":"2026-02-20T08:38:34+00:00","description":"Ein wundersch\u00f6nes Metzgergrill-Set zu einem starken Preisnachlass! Wird mit einem KOSTENLOSEN 4-teiligen BBQ-Werkzeugset im Aluminiumkoffer geliefert. LIVE zu sehen!","breadcrumb":{"@id":"https:\/\/www.eliassen.nl\/de\/metzgergrill-88-cm-jetzt-mit-kostenlosem-werkzeugsatz\/#breadcrumb"},"inLanguage":"de","potentialAction":[{"@type":"ReadAction","target":["https:\/\/www.eliassen.nl\/de\/metzgergrill-88-cm-jetzt-mit-kostenlosem-werkzeugsatz\/"]}]},{"@type":"ImageObject","inLanguage":"de","@id":"https:\/\/www.eliassen.nl\/de\/metzgergrill-88-cm-jetzt-mit-kostenlosem-werkzeugsatz\/#primaryimage","url":"https:\/\/www.eliassen.nl\/wp-content\/uploads\/2024\/10\/bbqcombidealeliassenvaderdag.png","contentUrl":"https:\/\/www.eliassen.nl\/wp-content\/uploads\/2024\/10\/bbqcombidealeliassenvaderdag.png","width":821,"height":916,"caption":"bbq combi deal eliassen vatertag"},{"@type":"BreadcrumbList","@id":"https:\/\/www.eliassen.nl\/de\/metzgergrill-88-cm-jetzt-mit-kostenlosem-werkzeugsatz\/#breadcrumb","itemListElement":[{"@type":"ListItem","position":1,"name":"Home","item":"https:\/\/www.eliassen.nl\/de\/"},{"@type":"ListItem","position":2,"name":"Shop","item":"https:\/\/www.eliassen.nl\/de\/shop\/"},{"@type":"ListItem","position":3,"name":"Weitere Artikel","item":"https:\/\/www.eliassen.nl\/de\/weitere-artikel\/"},{"@type":"ListItem","position":4,"name":"Terrassenkamine Feuerstellen","item":"https:\/\/www.eliassen.nl\/de\/garten-andere\/terrassenkamine-feuerstellen\/"},{"@type":"ListItem","position":5,"name":"Fleischergrill 88cm JETZT MIT KOSTENLOSEM TOYSET"}]},{"@type":"WebSite","@id":"https:\/\/www.eliassen.nl\/de\/#website","url":"https:\/\/www.eliassen.nl\/de\/","name":"Eliassen Home & Garden Pleasure","description":"","publisher":{"@id":"https:\/\/www.eliassen.nl\/de\/#organization"},"alternateName":"Eliassen.nl","potentialAction":[{"@type":"SearchAction","target":{"@type":"EntryPoint","urlTemplate":"https:\/\/www.eliassen.nl\/de\/?s={search_term_string}"},"query-input":{"@type":"PropertyValueSpecification","valueRequired":true,"valueName":"search_term_string"}}],"inLanguage":"de"},{"@type":["Organization","Place"],"@id":"https:\/\/www.eliassen.nl\/de\/#organization","name":"Eliassen Home & Garden Pleasure","url":"https:\/\/www.eliassen.nl\/de\/","logo":{"@id":"https:\/\/www.eliassen.nl\/de\/metzgergrill-88-cm-jetzt-mit-kostenlosem-werkzeugsatz\/#local-main-organization-logo"},"image":{"@id":"https:\/\/www.eliassen.nl\/de\/metzgergrill-88-cm-jetzt-mit-kostenlosem-werkzeugsatz\/#local-main-organization-logo"},"sameAs":["https:\/\/www.facebook.com\/TuincentrumEliassenAmmerzoden","https:\/\/www.instagram.com\/eliassenhomeandgarden\/","https:\/\/nl.pinterest.com\/eliassenhomeandgarden\/","https:\/\/www.youtube.com\/@eliassenhomegardenpleasure4558"],"telephone":[],"openingHoursSpecification":[{"@type":"OpeningHoursSpecification","dayOfWeek":["Monday","Tuesday","Wednesday","Thursday","Friday","Saturday","Sunday"],"opens":"09:00","closes":"17:00"}]},{"@type":"ImageObject","inLanguage":"de","@id":"https:\/\/www.eliassen.nl\/de\/metzgergrill-88-cm-jetzt-mit-kostenlosem-werkzeugsatz\/#local-main-organization-logo","url":"https:\/\/www.eliassen.nl\/wp-content\/uploads\/2024\/01\/logo_4nd.jpg","contentUrl":"https:\/\/www.eliassen.nl\/wp-content\/uploads\/2024\/01\/logo_4nd.jpg","width":500,"height":500,"caption":"Eliassen Home & Garden Pleasure"}]},"product_price_amount":"39.00","product_price_currency":"EUR","og_availability":"out of stock","product_availability":"out of stock","product_retailer_item_id":"X85000050","product_condition":"new"},"df_price":39,"df_sale_price":39,"df_regular_price":79,"df_image_link":"https:\/\/www.eliassen.nl\/wp-content\/uploads\/2024\/10\/bbqcombidealeliassenvaderdag.png","image":"https:\/\/www.eliassen.nl\/wp-content\/uploads\/2024\/10\/bbqcombidealeliassenvaderdag.png","price_search":"<span class=\"woocommerce-Price-amount amount\"><bdi><span class=\"woocommerce-Price-currencySymbol\">&euro;<\/span>&nbsp;39,00<\/bdi><\/span>","category":"Terrassenkamine Feuerstellen","global_unique_id":"8719987438004","_links":{"self":[{"href":"https:\/\/www.eliassen.nl\/de\/wp-json\/wp\/v2\/product\/154952","targetHints":{"allow":["GET"]}}],"collection":[{"href":"https:\/\/www.eliassen.nl\/de\/wp-json\/wp\/v2\/product"}],"about":[{"href":"https:\/\/www.eliassen.nl\/de\/wp-json\/wp\/v2\/types\/product"}],"wp:featuredmedia":[{"embeddable":true,"href":"https:\/\/www.eliassen.nl\/de\/wp-json\/wp\/v2\/media\/154919"}],"wp:attachment":[{"href":"https:\/\/www.eliassen.nl\/de\/wp-json\/wp\/v2\/media?parent=154952"}],"wp:term":[{"taxonomy":"product_brand","embeddable":true,"href":"https:\/\/www.eliassen.nl\/de\/wp-json\/wp\/v2\/product_brand?post=154952"},{"taxonomy":"product_cat","embeddable":true,"href":"https:\/\/www.eliassen.nl\/de\/wp-json\/wp\/v2\/product_cat?post=154952"},{"taxonomy":"product_tag","embeddable":true,"href":"https:\/\/www.eliassen.nl\/de\/wp-json\/wp\/v2\/product_tag?post=154952"}],"curies":[{"name":"wp","href":"https:\/\/api.w.org\/{rel}","templated":true}]}}