{"id":154916,"date":"2024-05-22T20:06:29","date_gmt":"2024-05-22T20:06:29","guid":{"rendered":"https:\/\/www.eliassen.nl\/?product=plantenbak-open-bristol-gietijzer-87cm"},"modified":"2026-03-13T13:55:58","modified_gmt":"2026-03-13T12:55:58","slug":"pflanzgefass-offen-bristol-gusseisen-87cm","status":"publish","type":"product","link":"https:\/\/www.eliassen.nl\/de\/pflanzgefass-offen-bristol-gusseisen-87cm\/","title":{"rendered":"Pflanzgef\u00e4\u00df offen Bristol Gusseisen 87cm"},"content":{"rendered":"<p>Suchen Sie ein nostalgisches Pflanzgef\u00e4\u00df mit zeitlosem Landhausstil, das nie kaputt geht? Dann k\u00f6nnte dieser durchbrochene Blumenkasten aus massivem Gusseisen mit einer L\u00e4nge von 87 cm etwas f\u00fcr Sie sein.<\/p>\n<p>Sch\u00f6n sind diese offen gewachsenen Pflanzgef\u00e4\u00dfe, wenn sie mit Moos bepflanzt sind.<\/p>\n<p>Gusseiserne Blumenk\u00e4sten sind sch\u00f6ne Objekte in jedem Garten, ob klassisch, modern oder l\u00e4ndlich, \u00fcberall werden diese Gartenvasen einen sch\u00f6nen Platz finden k\u00f6nnen.<\/p>\n<p>Dieses gusseiserne Pflanzgef\u00e4\u00df ist unbehandelt und daher rostig. Gusseisen ist eine Eisenart mit einem hohen Kohlenstoffgehalt. Gusseisen eignet sich hervorragend zum Gie\u00dfen und ist unzerst\u00f6rbar.<\/p>\n<p>Auf Gusseisen bildet sich eine Rostschicht. Dieser Rost ist gleichzeitig die Schutzschicht des Eisens, so dass es nicht weiter rosten kann. Diese Tatsache sorgt daf\u00fcr, dass gusseiserne Gegenst\u00e4nde Hunderte von Jahren halten.<\/p>\n<p>Auf Gusseisen k\u00f6nnen sich durch Witterungseinfl\u00fcsse und\/oder Regenwasser Flecken gebildet haben. Die gezeigten Bilder sind daher nur Beispiele.<\/p>\n<ul>\n<li>Gr\u00f6\u00dfe: 37-35 87cm lang<\/li>\n<li>Gewicht ca. 35kg<\/li>\n<li>H\u00fcten Sie sich vor Rostflecken im Garten<\/li>\n<li>Sehr viel von dieser Serie k\u00f6nnen Sie auch live in unserem Shop sehen!<\/li>\n<\/ul>\n","protected":false},"excerpt":{"rendered":"<p>Sch\u00f6ner durchbrochener Korb aus Gusseisen von hoher Qualit\u00e4t mit einer L\u00e4nge von 87 cm.<\/p>\n","protected":false},"featured_media":154913,"template":"","meta":{"_acf_changed":false,"_genesis_title":"","_genesis_description":""},"product_brand":[7505],"product_cat":[722,1424],"product_tag":[],"class_list":{"0":"post-154916","1":"product","2":"type-product","3":"status-publish","4":"has-post-thumbnail","6":"product_brand-sonstige","7":"product_cat-blumentoepfe-und-pflanzgefaesse","8":"product_cat-gartenvasen-aus-gusseisen","10":"first","11":"instock","12":"taxable","13":"shipping-taxable","14":"purchasable","15":"product-type-simple"},"acf":[],"meta_all":{"total_sales":"0","wcml_sync_hash":{"postmeta_fields":"4d09795e42b9d6ab255feaeb81ce5181"},"attr_label_translations":[],"cor_restricted_countries":[]},"meta_all_flat":{"total_sales":"0","wcml_sync_hash.postmeta_fields":"4d09795e42b9d6ab255feaeb81ce5181"},"yoast_head":"<!-- This site is optimized with the Yoast SEO Premium plugin v26.2 (Yoast SEO v27.2) - https:\/\/yoast.com\/product\/yoast-seo-premium-wordpress\/ -->\n<title>Pflanzgef\u00e4\u00df offen Bristol Gusseisen 87cm<\/title>\n<meta name=\"description\" content=\"Sch\u00f6ner durchbrochener Blumenkasten aus Gusseisen mit einer L\u00e4nge von 87 cm, von hoher Qualit\u00e4t. Praktisch alles in dieser Serie k\u00f6nnen Sie auch live sehen! Schnelle Lieferung.\" \/>\n<meta name=\"robots\" content=\"index, follow, max-snippet:-1, max-image-preview:large, max-video-preview:-1\" \/>\n<link rel=\"canonical\" href=\"https:\/\/www.eliassen.nl\/de\/pflanzgefass-offen-bristol-gusseisen-87cm\/\" \/>\n<meta property=\"og:locale\" content=\"de_DE\" \/>\n<meta property=\"og:type\" content=\"article\" \/>\n<meta property=\"og:title\" content=\"Sonstige Pflanzgef\u00e4\u00df offen Bristol Gusseisen 87cm - Eliassen.nl\" \/>\n<meta property=\"og:description\" content=\"Sch\u00f6ner durchbrochener Blumenkasten aus Gusseisen mit einer L\u00e4nge von 87 cm, von hoher Qualit\u00e4t. Praktisch alles in dieser Serie k\u00f6nnen Sie auch live sehen! Schnelle Lieferung.\" \/>\n<meta property=\"og:url\" content=\"https:\/\/www.eliassen.nl\/de\/pflanzgefass-offen-bristol-gusseisen-87cm\/\" \/>\n<meta property=\"og:site_name\" content=\"Eliassen.nl\" \/>\n<meta property=\"article:publisher\" content=\"https:\/\/www.facebook.com\/TuincentrumEliassenAmmerzoden\" \/>\n<meta property=\"article:modified_time\" content=\"2026-03-13T12:55:58+00:00\" \/>\n<meta property=\"og:image\" content=\"https:\/\/www.eliassen.nl\/wp-content\/uploads\/2024\/10\/plantenbakopenbristoleliassennlci1022.jpg\" \/>\n\t<meta property=\"og:image:width\" content=\"2000\" \/>\n\t<meta property=\"og:image:height\" content=\"1669\" \/>\n\t<meta property=\"og:image:type\" content=\"image\/jpeg\" \/>\n<meta name=\"twitter:card\" content=\"summary_large_image\" \/>\n<script type=\"application\/ld+json\" class=\"yoast-schema-graph\">{\"@context\":\"https:\/\/schema.org\",\"@graph\":[{\"@type\":\"WebPage\",\"@id\":\"https:\/\/www.eliassen.nl\/de\/pflanzgefass-offen-bristol-gusseisen-87cm\/\",\"url\":\"https:\/\/www.eliassen.nl\/de\/pflanzgefass-offen-bristol-gusseisen-87cm\/\",\"name\":\"Pflanzgef\u00e4\u00df offen Bristol Gusseisen 87cm\",\"isPartOf\":{\"@id\":\"https:\/\/www.eliassen.nl\/de\/#website\"},\"primaryImageOfPage\":{\"@id\":\"https:\/\/www.eliassen.nl\/de\/pflanzgefass-offen-bristol-gusseisen-87cm\/#primaryimage\"},\"image\":{\"@id\":\"https:\/\/www.eliassen.nl\/de\/pflanzgefass-offen-bristol-gusseisen-87cm\/#primaryimage\"},\"thumbnailUrl\":\"https:\/\/www.eliassen.nl\/wp-content\/uploads\/2024\/10\/plantenbakopenbristoleliassennlci1022.jpg\",\"datePublished\":\"2024-05-22T20:06:29+00:00\",\"dateModified\":\"2026-03-13T12:55:58+00:00\",\"description\":\"Sch\u00f6ner durchbrochener Blumenkasten aus Gusseisen mit einer L\u00e4nge von 87 cm, von hoher Qualit\u00e4t. Praktisch alles in dieser Serie k\u00f6nnen Sie auch live sehen! Schnelle Lieferung.\",\"breadcrumb\":{\"@id\":\"https:\/\/www.eliassen.nl\/de\/pflanzgefass-offen-bristol-gusseisen-87cm\/#breadcrumb\"},\"inLanguage\":\"de\",\"potentialAction\":[{\"@type\":\"ReadAction\",\"target\":[\"https:\/\/www.eliassen.nl\/de\/pflanzgefass-offen-bristol-gusseisen-87cm\/\"]}]},{\"@type\":\"ImageObject\",\"inLanguage\":\"de\",\"@id\":\"https:\/\/www.eliassen.nl\/de\/pflanzgefass-offen-bristol-gusseisen-87cm\/#primaryimage\",\"url\":\"https:\/\/www.eliassen.nl\/wp-content\/uploads\/2024\/10\/plantenbakopenbristoleliassennlci1022.jpg\",\"contentUrl\":\"https:\/\/www.eliassen.nl\/wp-content\/uploads\/2024\/10\/plantenbakopenbristoleliassennlci1022.jpg\",\"width\":2000,\"height\":1669,\"caption\":\"Pflanzgef\u00e4\u00df offen Bristol Eliassen.nl CI-1022\"},{\"@type\":\"BreadcrumbList\",\"@id\":\"https:\/\/www.eliassen.nl\/de\/pflanzgefass-offen-bristol-gusseisen-87cm\/#breadcrumb\",\"itemListElement\":[{\"@type\":\"ListItem\",\"position\":1,\"name\":\"Home\",\"item\":\"https:\/\/www.eliassen.nl\/de\/\"},{\"@type\":\"ListItem\",\"position\":2,\"name\":\"Shop\",\"item\":\"https:\/\/www.eliassen.nl\/de\/shop\/\"},{\"@type\":\"ListItem\",\"position\":3,\"name\":\"Blument\u00f6pfe und Pflanzgef\u00e4\u00dfe\",\"item\":\"https:\/\/www.eliassen.nl\/de\/blumentoepfe-und-pflanzgefaesse\/\"},{\"@type\":\"ListItem\",\"position\":4,\"name\":\"Gartenvasen aus Gusseisen\",\"item\":\"https:\/\/www.eliassen.nl\/de\/blumentoepfe-und-pflanzgefaesse\/gartenvasen-aus-gusseisen\/\"},{\"@type\":\"ListItem\",\"position\":5,\"name\":\"Pflanzgef\u00e4\u00df offen Bristol Gusseisen 87cm\"}]},{\"@type\":\"WebSite\",\"@id\":\"https:\/\/www.eliassen.nl\/de\/#website\",\"url\":\"https:\/\/www.eliassen.nl\/de\/\",\"name\":\"Eliassen Home & Garden Pleasure\",\"description\":\"\",\"publisher\":{\"@id\":\"https:\/\/www.eliassen.nl\/de\/#organization\"},\"alternateName\":\"Eliassen.nl\",\"potentialAction\":[{\"@type\":\"SearchAction\",\"target\":{\"@type\":\"EntryPoint\",\"urlTemplate\":\"https:\/\/www.eliassen.nl\/de\/?s={search_term_string}\"},\"query-input\":{\"@type\":\"PropertyValueSpecification\",\"valueRequired\":true,\"valueName\":\"search_term_string\"}}],\"inLanguage\":\"de\"},{\"@type\":[\"Organization\",\"Place\"],\"@id\":\"https:\/\/www.eliassen.nl\/de\/#organization\",\"name\":\"Eliassen Home & Garden Pleasure\",\"url\":\"https:\/\/www.eliassen.nl\/de\/\",\"logo\":{\"@id\":\"https:\/\/www.eliassen.nl\/de\/pflanzgefass-offen-bristol-gusseisen-87cm\/#local-main-organization-logo\"},\"image\":{\"@id\":\"https:\/\/www.eliassen.nl\/de\/pflanzgefass-offen-bristol-gusseisen-87cm\/#local-main-organization-logo\"},\"sameAs\":[\"https:\/\/www.facebook.com\/TuincentrumEliassenAmmerzoden\",\"https:\/\/www.instagram.com\/eliassenhomeandgarden\/\",\"https:\/\/nl.pinterest.com\/eliassenhomeandgarden\/\",\"https:\/\/www.youtube.com\/@eliassenhomegardenpleasure4558\"],\"telephone\":[],\"openingHoursSpecification\":[{\"@type\":\"OpeningHoursSpecification\",\"dayOfWeek\":[\"Monday\",\"Tuesday\",\"Wednesday\",\"Thursday\",\"Friday\",\"Saturday\",\"Sunday\"],\"opens\":\"09:00\",\"closes\":\"17:00\"}]},{\"@type\":\"ImageObject\",\"inLanguage\":\"de\",\"@id\":\"https:\/\/www.eliassen.nl\/de\/pflanzgefass-offen-bristol-gusseisen-87cm\/#local-main-organization-logo\",\"url\":\"https:\/\/www.eliassen.nl\/wp-content\/uploads\/2024\/01\/logo_4nd.jpg\",\"contentUrl\":\"https:\/\/www.eliassen.nl\/wp-content\/uploads\/2024\/01\/logo_4nd.jpg\",\"width\":500,\"height\":500,\"caption\":\"Eliassen Home & Garden Pleasure\"}]}<\/script>\n<meta property=\"product:price:amount\" content=\"295.00\" \/>\n<meta property=\"product:price:currency\" content=\"EUR\" \/>\n<meta property=\"og:availability\" content=\"instock\" \/>\n<meta property=\"product:availability\" content=\"instock\" \/>\n<meta property=\"product:retailer_item_id\" content=\"Cl1022\" \/>\n<meta property=\"product:condition\" content=\"new\" \/>\n<!-- \/ Yoast SEO Premium plugin. -->","yoast_head_json":{"title":"Pflanzgef\u00e4\u00df offen Bristol Gusseisen 87cm","description":"Sch\u00f6ner durchbrochener Blumenkasten aus Gusseisen mit einer L\u00e4nge von 87 cm, von hoher Qualit\u00e4t. Praktisch alles in dieser Serie k\u00f6nnen Sie auch live sehen! Schnelle Lieferung.","robots":{"index":"index","follow":"follow","max-snippet":"max-snippet:-1","max-image-preview":"max-image-preview:large","max-video-preview":"max-video-preview:-1"},"canonical":"https:\/\/www.eliassen.nl\/de\/pflanzgefass-offen-bristol-gusseisen-87cm\/","og_locale":"de_DE","og_type":"article","og_title":"Sonstige Pflanzgef\u00e4\u00df offen Bristol Gusseisen 87cm - Eliassen.nl","og_description":"Sch\u00f6ner durchbrochener Blumenkasten aus Gusseisen mit einer L\u00e4nge von 87 cm, von hoher Qualit\u00e4t. Praktisch alles in dieser Serie k\u00f6nnen Sie auch live sehen! Schnelle Lieferung.","og_url":"https:\/\/www.eliassen.nl\/de\/pflanzgefass-offen-bristol-gusseisen-87cm\/","og_site_name":"Eliassen.nl","article_publisher":"https:\/\/www.facebook.com\/TuincentrumEliassenAmmerzoden","article_modified_time":"2026-03-13T12:55:58+00:00","og_image":[{"width":2000,"height":1669,"url":"https:\/\/www.eliassen.nl\/wp-content\/uploads\/2024\/10\/plantenbakopenbristoleliassennlci1022.jpg","type":"image\/jpeg"}],"twitter_card":"summary_large_image","schema":{"@context":"https:\/\/schema.org","@graph":[{"@type":"WebPage","@id":"https:\/\/www.eliassen.nl\/de\/pflanzgefass-offen-bristol-gusseisen-87cm\/","url":"https:\/\/www.eliassen.nl\/de\/pflanzgefass-offen-bristol-gusseisen-87cm\/","name":"Pflanzgef\u00e4\u00df offen Bristol Gusseisen 87cm","isPartOf":{"@id":"https:\/\/www.eliassen.nl\/de\/#website"},"primaryImageOfPage":{"@id":"https:\/\/www.eliassen.nl\/de\/pflanzgefass-offen-bristol-gusseisen-87cm\/#primaryimage"},"image":{"@id":"https:\/\/www.eliassen.nl\/de\/pflanzgefass-offen-bristol-gusseisen-87cm\/#primaryimage"},"thumbnailUrl":"https:\/\/www.eliassen.nl\/wp-content\/uploads\/2024\/10\/plantenbakopenbristoleliassennlci1022.jpg","datePublished":"2024-05-22T20:06:29+00:00","dateModified":"2026-03-13T12:55:58+00:00","description":"Sch\u00f6ner durchbrochener Blumenkasten aus Gusseisen mit einer L\u00e4nge von 87 cm, von hoher Qualit\u00e4t. Praktisch alles in dieser Serie k\u00f6nnen Sie auch live sehen! Schnelle Lieferung.","breadcrumb":{"@id":"https:\/\/www.eliassen.nl\/de\/pflanzgefass-offen-bristol-gusseisen-87cm\/#breadcrumb"},"inLanguage":"de","potentialAction":[{"@type":"ReadAction","target":["https:\/\/www.eliassen.nl\/de\/pflanzgefass-offen-bristol-gusseisen-87cm\/"]}]},{"@type":"ImageObject","inLanguage":"de","@id":"https:\/\/www.eliassen.nl\/de\/pflanzgefass-offen-bristol-gusseisen-87cm\/#primaryimage","url":"https:\/\/www.eliassen.nl\/wp-content\/uploads\/2024\/10\/plantenbakopenbristoleliassennlci1022.jpg","contentUrl":"https:\/\/www.eliassen.nl\/wp-content\/uploads\/2024\/10\/plantenbakopenbristoleliassennlci1022.jpg","width":2000,"height":1669,"caption":"Pflanzgef\u00e4\u00df offen Bristol Eliassen.nl CI-1022"},{"@type":"BreadcrumbList","@id":"https:\/\/www.eliassen.nl\/de\/pflanzgefass-offen-bristol-gusseisen-87cm\/#breadcrumb","itemListElement":[{"@type":"ListItem","position":1,"name":"Home","item":"https:\/\/www.eliassen.nl\/de\/"},{"@type":"ListItem","position":2,"name":"Shop","item":"https:\/\/www.eliassen.nl\/de\/shop\/"},{"@type":"ListItem","position":3,"name":"Blument\u00f6pfe und Pflanzgef\u00e4\u00dfe","item":"https:\/\/www.eliassen.nl\/de\/blumentoepfe-und-pflanzgefaesse\/"},{"@type":"ListItem","position":4,"name":"Gartenvasen aus Gusseisen","item":"https:\/\/www.eliassen.nl\/de\/blumentoepfe-und-pflanzgefaesse\/gartenvasen-aus-gusseisen\/"},{"@type":"ListItem","position":5,"name":"Pflanzgef\u00e4\u00df offen Bristol Gusseisen 87cm"}]},{"@type":"WebSite","@id":"https:\/\/www.eliassen.nl\/de\/#website","url":"https:\/\/www.eliassen.nl\/de\/","name":"Eliassen Home & Garden Pleasure","description":"","publisher":{"@id":"https:\/\/www.eliassen.nl\/de\/#organization"},"alternateName":"Eliassen.nl","potentialAction":[{"@type":"SearchAction","target":{"@type":"EntryPoint","urlTemplate":"https:\/\/www.eliassen.nl\/de\/?s={search_term_string}"},"query-input":{"@type":"PropertyValueSpecification","valueRequired":true,"valueName":"search_term_string"}}],"inLanguage":"de"},{"@type":["Organization","Place"],"@id":"https:\/\/www.eliassen.nl\/de\/#organization","name":"Eliassen Home & Garden Pleasure","url":"https:\/\/www.eliassen.nl\/de\/","logo":{"@id":"https:\/\/www.eliassen.nl\/de\/pflanzgefass-offen-bristol-gusseisen-87cm\/#local-main-organization-logo"},"image":{"@id":"https:\/\/www.eliassen.nl\/de\/pflanzgefass-offen-bristol-gusseisen-87cm\/#local-main-organization-logo"},"sameAs":["https:\/\/www.facebook.com\/TuincentrumEliassenAmmerzoden","https:\/\/www.instagram.com\/eliassenhomeandgarden\/","https:\/\/nl.pinterest.com\/eliassenhomeandgarden\/","https:\/\/www.youtube.com\/@eliassenhomegardenpleasure4558"],"telephone":[],"openingHoursSpecification":[{"@type":"OpeningHoursSpecification","dayOfWeek":["Monday","Tuesday","Wednesday","Thursday","Friday","Saturday","Sunday"],"opens":"09:00","closes":"17:00"}]},{"@type":"ImageObject","inLanguage":"de","@id":"https:\/\/www.eliassen.nl\/de\/pflanzgefass-offen-bristol-gusseisen-87cm\/#local-main-organization-logo","url":"https:\/\/www.eliassen.nl\/wp-content\/uploads\/2024\/01\/logo_4nd.jpg","contentUrl":"https:\/\/www.eliassen.nl\/wp-content\/uploads\/2024\/01\/logo_4nd.jpg","width":500,"height":500,"caption":"Eliassen Home & Garden Pleasure"}]},"product_price_amount":"295.00","product_price_currency":"EUR","og_availability":"instock","product_availability":"instock","product_retailer_item_id":"Cl1022","product_condition":"new"},"df_price":295,"df_sale_price":"","df_regular_price":295,"df_image_link":"https:\/\/www.eliassen.nl\/wp-content\/uploads\/2024\/10\/plantenbakopenbristoleliassennlci1022.jpg","image":"https:\/\/www.eliassen.nl\/wp-content\/uploads\/2024\/10\/plantenbakopenbristoleliassennlci1022.jpg","price_search":"<span class=\"woocommerce-Price-amount amount\"><bdi><span class=\"woocommerce-Price-currencySymbol\">&euro;<\/span>&nbsp;295,00<\/bdi><\/span>","category":"Blument\u00f6pfe und Pflanzgef\u00e4\u00dfe","global_unique_id":"6096523049019","_links":{"self":[{"href":"https:\/\/www.eliassen.nl\/de\/wp-json\/wp\/v2\/product\/154916","targetHints":{"allow":["GET"]}}],"collection":[{"href":"https:\/\/www.eliassen.nl\/de\/wp-json\/wp\/v2\/product"}],"about":[{"href":"https:\/\/www.eliassen.nl\/de\/wp-json\/wp\/v2\/types\/product"}],"wp:featuredmedia":[{"embeddable":true,"href":"https:\/\/www.eliassen.nl\/de\/wp-json\/wp\/v2\/media\/154913"}],"wp:attachment":[{"href":"https:\/\/www.eliassen.nl\/de\/wp-json\/wp\/v2\/media?parent=154916"}],"wp:term":[{"taxonomy":"product_brand","embeddable":true,"href":"https:\/\/www.eliassen.nl\/de\/wp-json\/wp\/v2\/product_brand?post=154916"},{"taxonomy":"product_cat","embeddable":true,"href":"https:\/\/www.eliassen.nl\/de\/wp-json\/wp\/v2\/product_cat?post=154916"},{"taxonomy":"product_tag","embeddable":true,"href":"https:\/\/www.eliassen.nl\/de\/wp-json\/wp\/v2\/product_tag?post=154916"}],"curies":[{"name":"wp","href":"https:\/\/api.w.org\/{rel}","templated":true}]}}