{"id":154898,"date":"2024-05-14T15:41:13","date_gmt":"2024-05-14T15:41:13","guid":{"rendered":"https:\/\/www.eliassen.nl\/?product=bloempot-hoofd-op-handen-creme-33cm"},"modified":"2026-02-04T11:53:11","modified_gmt":"2026-02-04T10:53:11","slug":"blumentopfkopf-auf-handen-cremefarben-33-cm","status":"publish","type":"product","link":"https:\/\/www.eliassen.nl\/de\/blumentopfkopf-auf-handen-cremefarben-33-cm\/","title":{"rendered":"Blumentopf Kopf auf H\u00e4nden Creme 33cm"},"content":{"rendered":"<p>Bringen Sie mit diesem kunstvollen Topf in Form eines abstrakten Frauengesichts ein sch\u00f6nes Ambiente in Ihr Zuhause, Ihr Gesch\u00e4ft oder Ihre Veranda. Dieser h\u00fcbsche Blumentopf ist cremefarben und wird Ihre Umgebung wunderbar versch\u00f6nern.<br \/>\nSie setzen eine sch\u00f6ne Pflanze ein und warten dann ab, wie die Reaktionen ausfallen.<br \/>\n<strong>Wussten Sie, dass Sie uns auch besuchen k\u00f6nnen? Sie sind herzlich willkommen, der Kaffee ist fertig !!!<\/strong><\/p>\n<ul>\n<li>  Gr\u00f6\u00dfe 19x19x33cm hoch<\/li>\n<li> Schnelle Lieferung<\/li>\n<\/ul>\n","protected":false},"excerpt":{"rendered":"<p>Sch\u00f6ner, dekorativer Blumentopf 33cm.<\/p>\n","protected":false},"featured_media":154889,"template":"","meta":{"_acf_changed":false,"_genesis_title":"","_genesis_description":""},"product_brand":[7505],"product_cat":[722,740,737],"product_tag":[],"class_list":{"0":"post-154898","1":"product","2":"type-product","3":"status-publish","4":"has-post-thumbnail","6":"product_brand-sonstige","7":"product_cat-blumentoepfe-und-pflanzgefaesse","8":"product_cat-pflanzkuebel-fuer-den-aussenbereich-gross-leicht","9":"product_cat-toepfe-aus-naturstein","11":"first","12":"instock","13":"taxable","14":"shipping-taxable","15":"purchasable","16":"product-type-simple"},"acf":[],"meta_all":{"total_sales":"1","wcml_sync_hash":{"postmeta_fields":"2b78cf7874e515a6c7e568962eb709ac"},"attr_label_translations":[],"cor_restricted_countries":[]},"meta_all_flat":{"total_sales":"1","wcml_sync_hash.postmeta_fields":"2b78cf7874e515a6c7e568962eb709ac"},"yoast_head":"<!-- This site is optimized with the Yoast SEO Premium plugin v26.2 (Yoast SEO v27.2) - https:\/\/yoast.com\/product\/yoast-seo-premium-wordpress\/ -->\n<title>Blumentopf Kopf auf H\u00e4nden Creme 33cm - Eliassen.nl<\/title>\n<meta name=\"description\" content=\"Suchen Sie einen dekorativen Blumentopf? Suchen Sie nicht weiter! Dieser sch\u00f6ne Blumentopf in Form eines Frauengesichts macht sich gut in Ihrem Interieur oder im Au\u00dfenbereich.\" \/>\n<meta name=\"robots\" content=\"index, follow, max-snippet:-1, max-image-preview:large, max-video-preview:-1\" \/>\n<link rel=\"canonical\" href=\"https:\/\/www.eliassen.nl\/de\/blumentopfkopf-auf-handen-cremefarben-33-cm\/\" \/>\n<meta property=\"og:locale\" content=\"de_DE\" \/>\n<meta property=\"og:type\" content=\"article\" \/>\n<meta property=\"og:title\" content=\"Sonstige Blumentopf Kopf auf H\u00e4nden Creme 33cm - Eliassen.nl\" \/>\n<meta property=\"og:description\" content=\"Suchen Sie einen dekorativen Blumentopf? Suchen Sie nicht weiter! Dieser sch\u00f6ne Blumentopf in Form eines Frauengesichts macht sich gut in Ihrem Interieur oder im Au\u00dfenbereich.\" \/>\n<meta property=\"og:url\" content=\"https:\/\/www.eliassen.nl\/de\/blumentopfkopf-auf-handen-cremefarben-33-cm\/\" \/>\n<meta property=\"og:site_name\" content=\"Eliassen.nl\" \/>\n<meta property=\"article:publisher\" content=\"https:\/\/www.facebook.com\/TuincentrumEliassenAmmerzoden\" \/>\n<meta property=\"article:modified_time\" content=\"2026-02-04T10:53:11+00:00\" \/>\n<meta property=\"og:image\" content=\"https:\/\/www.eliassen.nl\/wp-content\/uploads\/2024\/10\/bloempothoofdophandencremeeliassennl8511821.jpg\" \/>\n\t<meta property=\"og:image:width\" content=\"271\" \/>\n\t<meta property=\"og:image:height\" content=\"414\" \/>\n\t<meta property=\"og:image:type\" content=\"image\/jpeg\" \/>\n<meta name=\"twitter:card\" content=\"summary_large_image\" \/>\n<script type=\"application\/ld+json\" class=\"yoast-schema-graph\">{\"@context\":\"https:\/\/schema.org\",\"@graph\":[{\"@type\":\"WebPage\",\"@id\":\"https:\/\/www.eliassen.nl\/de\/blumentopfkopf-auf-handen-cremefarben-33-cm\/\",\"url\":\"https:\/\/www.eliassen.nl\/de\/blumentopfkopf-auf-handen-cremefarben-33-cm\/\",\"name\":\"Blumentopf Kopf auf H\u00e4nden Creme 33cm - Eliassen.nl\",\"isPartOf\":{\"@id\":\"https:\/\/www.eliassen.nl\/de\/#website\"},\"primaryImageOfPage\":{\"@id\":\"https:\/\/www.eliassen.nl\/de\/blumentopfkopf-auf-handen-cremefarben-33-cm\/#primaryimage\"},\"image\":{\"@id\":\"https:\/\/www.eliassen.nl\/de\/blumentopfkopf-auf-handen-cremefarben-33-cm\/#primaryimage\"},\"thumbnailUrl\":\"https:\/\/www.eliassen.nl\/wp-content\/uploads\/2024\/10\/bloempothoofdophandencremeeliassennl8511821.jpg\",\"datePublished\":\"2024-05-14T15:41:13+00:00\",\"dateModified\":\"2026-02-04T10:53:11+00:00\",\"description\":\"Suchen Sie einen dekorativen Blumentopf? Suchen Sie nicht weiter! Dieser sch\u00f6ne Blumentopf in Form eines Frauengesichts macht sich gut in Ihrem Interieur oder im Au\u00dfenbereich.\",\"breadcrumb\":{\"@id\":\"https:\/\/www.eliassen.nl\/de\/blumentopfkopf-auf-handen-cremefarben-33-cm\/#breadcrumb\"},\"inLanguage\":\"de\",\"potentialAction\":[{\"@type\":\"ReadAction\",\"target\":[\"https:\/\/www.eliassen.nl\/de\/blumentopfkopf-auf-handen-cremefarben-33-cm\/\"]}]},{\"@type\":\"ImageObject\",\"inLanguage\":\"de\",\"@id\":\"https:\/\/www.eliassen.nl\/de\/blumentopfkopf-auf-handen-cremefarben-33-cm\/#primaryimage\",\"url\":\"https:\/\/www.eliassen.nl\/wp-content\/uploads\/2024\/10\/bloempothoofdophandencremeeliassennl8511821.jpg\",\"contentUrl\":\"https:\/\/www.eliassen.nl\/wp-content\/uploads\/2024\/10\/bloempothoofdophandencremeeliassennl8511821.jpg\",\"width\":271,\"height\":414,\"caption\":\"Blumentopf Kopf auf H\u00e4nden Creme Eliassen.nl 851182 1\"},{\"@type\":\"BreadcrumbList\",\"@id\":\"https:\/\/www.eliassen.nl\/de\/blumentopfkopf-auf-handen-cremefarben-33-cm\/#breadcrumb\",\"itemListElement\":[{\"@type\":\"ListItem\",\"position\":1,\"name\":\"Home\",\"item\":\"https:\/\/www.eliassen.nl\/de\/\"},{\"@type\":\"ListItem\",\"position\":2,\"name\":\"Shop\",\"item\":\"https:\/\/www.eliassen.nl\/de\/shop\/\"},{\"@type\":\"ListItem\",\"position\":3,\"name\":\"Blument\u00f6pfe und Pflanzgef\u00e4\u00dfe\",\"item\":\"https:\/\/www.eliassen.nl\/de\/blumentoepfe-und-pflanzgefaesse\/\"},{\"@type\":\"ListItem\",\"position\":4,\"name\":\"Pflanzk\u00fcbel f\u00fcr den Au\u00dfenbereich gro\u00df leicht\",\"item\":\"https:\/\/www.eliassen.nl\/de\/blumentoepfe-und-pflanzgefaesse\/pflanzkuebel-fuer-den-aussenbereich-gross-leicht\/\"},{\"@type\":\"ListItem\",\"position\":5,\"name\":\"Blumentopf Kopf auf H\u00e4nden Creme 33cm\"}]},{\"@type\":\"WebSite\",\"@id\":\"https:\/\/www.eliassen.nl\/de\/#website\",\"url\":\"https:\/\/www.eliassen.nl\/de\/\",\"name\":\"Eliassen Home & Garden Pleasure\",\"description\":\"\",\"publisher\":{\"@id\":\"https:\/\/www.eliassen.nl\/de\/#organization\"},\"alternateName\":\"Eliassen.nl\",\"potentialAction\":[{\"@type\":\"SearchAction\",\"target\":{\"@type\":\"EntryPoint\",\"urlTemplate\":\"https:\/\/www.eliassen.nl\/de\/?s={search_term_string}\"},\"query-input\":{\"@type\":\"PropertyValueSpecification\",\"valueRequired\":true,\"valueName\":\"search_term_string\"}}],\"inLanguage\":\"de\"},{\"@type\":[\"Organization\",\"Place\"],\"@id\":\"https:\/\/www.eliassen.nl\/de\/#organization\",\"name\":\"Eliassen Home & Garden Pleasure\",\"url\":\"https:\/\/www.eliassen.nl\/de\/\",\"logo\":{\"@id\":\"https:\/\/www.eliassen.nl\/de\/blumentopfkopf-auf-handen-cremefarben-33-cm\/#local-main-organization-logo\"},\"image\":{\"@id\":\"https:\/\/www.eliassen.nl\/de\/blumentopfkopf-auf-handen-cremefarben-33-cm\/#local-main-organization-logo\"},\"sameAs\":[\"https:\/\/www.facebook.com\/TuincentrumEliassenAmmerzoden\",\"https:\/\/www.instagram.com\/eliassenhomeandgarden\/\",\"https:\/\/nl.pinterest.com\/eliassenhomeandgarden\/\",\"https:\/\/www.youtube.com\/@eliassenhomegardenpleasure4558\"],\"telephone\":[],\"openingHoursSpecification\":[{\"@type\":\"OpeningHoursSpecification\",\"dayOfWeek\":[\"Monday\",\"Tuesday\",\"Wednesday\",\"Thursday\",\"Friday\",\"Saturday\",\"Sunday\"],\"opens\":\"09:00\",\"closes\":\"17:00\"}]},{\"@type\":\"ImageObject\",\"inLanguage\":\"de\",\"@id\":\"https:\/\/www.eliassen.nl\/de\/blumentopfkopf-auf-handen-cremefarben-33-cm\/#local-main-organization-logo\",\"url\":\"https:\/\/www.eliassen.nl\/wp-content\/uploads\/2024\/01\/logo_4nd.jpg\",\"contentUrl\":\"https:\/\/www.eliassen.nl\/wp-content\/uploads\/2024\/01\/logo_4nd.jpg\",\"width\":500,\"height\":500,\"caption\":\"Eliassen Home & Garden Pleasure\"}]}<\/script>\n<meta property=\"product:price:amount\" content=\"37.50\" \/>\n<meta property=\"product:price:currency\" content=\"EUR\" \/>\n<meta property=\"og:availability\" content=\"instock\" \/>\n<meta property=\"product:availability\" content=\"instock\" \/>\n<meta property=\"product:retailer_item_id\" content=\"851182 creme\" \/>\n<meta property=\"product:condition\" content=\"new\" \/>\n<!-- \/ Yoast SEO Premium plugin. -->","yoast_head_json":{"title":"Blumentopf Kopf auf H\u00e4nden Creme 33cm - Eliassen.nl","description":"Suchen Sie einen dekorativen Blumentopf? Suchen Sie nicht weiter! Dieser sch\u00f6ne Blumentopf in Form eines Frauengesichts macht sich gut in Ihrem Interieur oder im Au\u00dfenbereich.","robots":{"index":"index","follow":"follow","max-snippet":"max-snippet:-1","max-image-preview":"max-image-preview:large","max-video-preview":"max-video-preview:-1"},"canonical":"https:\/\/www.eliassen.nl\/de\/blumentopfkopf-auf-handen-cremefarben-33-cm\/","og_locale":"de_DE","og_type":"article","og_title":"Sonstige Blumentopf Kopf auf H\u00e4nden Creme 33cm - Eliassen.nl","og_description":"Suchen Sie einen dekorativen Blumentopf? Suchen Sie nicht weiter! Dieser sch\u00f6ne Blumentopf in Form eines Frauengesichts macht sich gut in Ihrem Interieur oder im Au\u00dfenbereich.","og_url":"https:\/\/www.eliassen.nl\/de\/blumentopfkopf-auf-handen-cremefarben-33-cm\/","og_site_name":"Eliassen.nl","article_publisher":"https:\/\/www.facebook.com\/TuincentrumEliassenAmmerzoden","article_modified_time":"2026-02-04T10:53:11+00:00","og_image":[{"width":271,"height":414,"url":"https:\/\/www.eliassen.nl\/wp-content\/uploads\/2024\/10\/bloempothoofdophandencremeeliassennl8511821.jpg","type":"image\/jpeg"}],"twitter_card":"summary_large_image","schema":{"@context":"https:\/\/schema.org","@graph":[{"@type":"WebPage","@id":"https:\/\/www.eliassen.nl\/de\/blumentopfkopf-auf-handen-cremefarben-33-cm\/","url":"https:\/\/www.eliassen.nl\/de\/blumentopfkopf-auf-handen-cremefarben-33-cm\/","name":"Blumentopf Kopf auf H\u00e4nden Creme 33cm - Eliassen.nl","isPartOf":{"@id":"https:\/\/www.eliassen.nl\/de\/#website"},"primaryImageOfPage":{"@id":"https:\/\/www.eliassen.nl\/de\/blumentopfkopf-auf-handen-cremefarben-33-cm\/#primaryimage"},"image":{"@id":"https:\/\/www.eliassen.nl\/de\/blumentopfkopf-auf-handen-cremefarben-33-cm\/#primaryimage"},"thumbnailUrl":"https:\/\/www.eliassen.nl\/wp-content\/uploads\/2024\/10\/bloempothoofdophandencremeeliassennl8511821.jpg","datePublished":"2024-05-14T15:41:13+00:00","dateModified":"2026-02-04T10:53:11+00:00","description":"Suchen Sie einen dekorativen Blumentopf? Suchen Sie nicht weiter! Dieser sch\u00f6ne Blumentopf in Form eines Frauengesichts macht sich gut in Ihrem Interieur oder im Au\u00dfenbereich.","breadcrumb":{"@id":"https:\/\/www.eliassen.nl\/de\/blumentopfkopf-auf-handen-cremefarben-33-cm\/#breadcrumb"},"inLanguage":"de","potentialAction":[{"@type":"ReadAction","target":["https:\/\/www.eliassen.nl\/de\/blumentopfkopf-auf-handen-cremefarben-33-cm\/"]}]},{"@type":"ImageObject","inLanguage":"de","@id":"https:\/\/www.eliassen.nl\/de\/blumentopfkopf-auf-handen-cremefarben-33-cm\/#primaryimage","url":"https:\/\/www.eliassen.nl\/wp-content\/uploads\/2024\/10\/bloempothoofdophandencremeeliassennl8511821.jpg","contentUrl":"https:\/\/www.eliassen.nl\/wp-content\/uploads\/2024\/10\/bloempothoofdophandencremeeliassennl8511821.jpg","width":271,"height":414,"caption":"Blumentopf Kopf auf H\u00e4nden Creme Eliassen.nl 851182 1"},{"@type":"BreadcrumbList","@id":"https:\/\/www.eliassen.nl\/de\/blumentopfkopf-auf-handen-cremefarben-33-cm\/#breadcrumb","itemListElement":[{"@type":"ListItem","position":1,"name":"Home","item":"https:\/\/www.eliassen.nl\/de\/"},{"@type":"ListItem","position":2,"name":"Shop","item":"https:\/\/www.eliassen.nl\/de\/shop\/"},{"@type":"ListItem","position":3,"name":"Blument\u00f6pfe und Pflanzgef\u00e4\u00dfe","item":"https:\/\/www.eliassen.nl\/de\/blumentoepfe-und-pflanzgefaesse\/"},{"@type":"ListItem","position":4,"name":"Pflanzk\u00fcbel f\u00fcr den Au\u00dfenbereich gro\u00df leicht","item":"https:\/\/www.eliassen.nl\/de\/blumentoepfe-und-pflanzgefaesse\/pflanzkuebel-fuer-den-aussenbereich-gross-leicht\/"},{"@type":"ListItem","position":5,"name":"Blumentopf Kopf auf H\u00e4nden Creme 33cm"}]},{"@type":"WebSite","@id":"https:\/\/www.eliassen.nl\/de\/#website","url":"https:\/\/www.eliassen.nl\/de\/","name":"Eliassen Home & Garden Pleasure","description":"","publisher":{"@id":"https:\/\/www.eliassen.nl\/de\/#organization"},"alternateName":"Eliassen.nl","potentialAction":[{"@type":"SearchAction","target":{"@type":"EntryPoint","urlTemplate":"https:\/\/www.eliassen.nl\/de\/?s={search_term_string}"},"query-input":{"@type":"PropertyValueSpecification","valueRequired":true,"valueName":"search_term_string"}}],"inLanguage":"de"},{"@type":["Organization","Place"],"@id":"https:\/\/www.eliassen.nl\/de\/#organization","name":"Eliassen Home & Garden Pleasure","url":"https:\/\/www.eliassen.nl\/de\/","logo":{"@id":"https:\/\/www.eliassen.nl\/de\/blumentopfkopf-auf-handen-cremefarben-33-cm\/#local-main-organization-logo"},"image":{"@id":"https:\/\/www.eliassen.nl\/de\/blumentopfkopf-auf-handen-cremefarben-33-cm\/#local-main-organization-logo"},"sameAs":["https:\/\/www.facebook.com\/TuincentrumEliassenAmmerzoden","https:\/\/www.instagram.com\/eliassenhomeandgarden\/","https:\/\/nl.pinterest.com\/eliassenhomeandgarden\/","https:\/\/www.youtube.com\/@eliassenhomegardenpleasure4558"],"telephone":[],"openingHoursSpecification":[{"@type":"OpeningHoursSpecification","dayOfWeek":["Monday","Tuesday","Wednesday","Thursday","Friday","Saturday","Sunday"],"opens":"09:00","closes":"17:00"}]},{"@type":"ImageObject","inLanguage":"de","@id":"https:\/\/www.eliassen.nl\/de\/blumentopfkopf-auf-handen-cremefarben-33-cm\/#local-main-organization-logo","url":"https:\/\/www.eliassen.nl\/wp-content\/uploads\/2024\/01\/logo_4nd.jpg","contentUrl":"https:\/\/www.eliassen.nl\/wp-content\/uploads\/2024\/01\/logo_4nd.jpg","width":500,"height":500,"caption":"Eliassen Home & Garden Pleasure"}]},"product_price_amount":"37.50","product_price_currency":"EUR","og_availability":"instock","product_availability":"instock","product_retailer_item_id":"851182 creme","product_condition":"new"},"df_price":37.5,"df_sale_price":"","df_regular_price":37.5,"df_image_link":"https:\/\/www.eliassen.nl\/wp-content\/uploads\/2024\/10\/bloempothoofdophandencremeeliassennl8511821.jpg","image":"https:\/\/www.eliassen.nl\/wp-content\/uploads\/2024\/10\/bloempothoofdophandencremeeliassennl8511821.jpg","price_search":"<span class=\"woocommerce-Price-amount amount\"><bdi><span class=\"woocommerce-Price-currencySymbol\">&euro;<\/span>&nbsp;37,50<\/bdi><\/span>","category":"Blument\u00f6pfe und Pflanzgef\u00e4\u00dfe","global_unique_id":"8720093255546","_links":{"self":[{"href":"https:\/\/www.eliassen.nl\/de\/wp-json\/wp\/v2\/product\/154898","targetHints":{"allow":["GET"]}}],"collection":[{"href":"https:\/\/www.eliassen.nl\/de\/wp-json\/wp\/v2\/product"}],"about":[{"href":"https:\/\/www.eliassen.nl\/de\/wp-json\/wp\/v2\/types\/product"}],"wp:featuredmedia":[{"embeddable":true,"href":"https:\/\/www.eliassen.nl\/de\/wp-json\/wp\/v2\/media\/154889"}],"wp:attachment":[{"href":"https:\/\/www.eliassen.nl\/de\/wp-json\/wp\/v2\/media?parent=154898"}],"wp:term":[{"taxonomy":"product_brand","embeddable":true,"href":"https:\/\/www.eliassen.nl\/de\/wp-json\/wp\/v2\/product_brand?post=154898"},{"taxonomy":"product_cat","embeddable":true,"href":"https:\/\/www.eliassen.nl\/de\/wp-json\/wp\/v2\/product_cat?post=154898"},{"taxonomy":"product_tag","embeddable":true,"href":"https:\/\/www.eliassen.nl\/de\/wp-json\/wp\/v2\/product_tag?post=154898"}],"curies":[{"name":"wp","href":"https:\/\/api.w.org\/{rel}","templated":true}]}}