{"id":154757,"date":"2024-05-09T12:53:35","date_gmt":"2024-05-09T12:53:35","guid":{"rendered":"https:\/\/www.eliassen.nl\/?product=schaal-glas-bloem-32cm"},"modified":"2026-02-07T12:20:15","modified_gmt":"2026-02-07T11:20:15","slug":"glasschale-flower-grungelb-48cm","status":"publish","type":"product","link":"https:\/\/www.eliassen.nl\/de\/glasschale-flower-grungelb-48cm\/","title":{"rendered":"Schale Glas Blume gr\u00fcn\/gelb 48cm"},"content":{"rendered":"<p>Diese einzigartige Glasschale ist ein sch\u00f6nes Dekorationsst\u00fcck f\u00fcr Ihr Zuhause oder B\u00fcro. Das Objekt wird mit traditionellen Methoden hergestellt, was bedeutet, dass jedes St\u00fcck dieser Serie in Form und Farbton einzigartig ist. Daher kann Ihre Schale leicht vom Foto abweichen, was ihr einen exklusiven Charakter verleiht. Die Schale hat eine gro\u00dfz\u00fcgige Gr\u00f6\u00dfe von ca. 48&#215;48 cm und ist 10 cm hoch, was sie zu einem Blickfang in jeder Einrichtung macht. Das gr\u00fcn-gelbe Farbschema verleiht einen frischen und k\u00fcnstlerischen Look. Sie sind herzlich eingeladen, sich diese Glaskunstserie auch in unserem Gesch\u00e4ft anzuschauen.<\/p>\n","protected":false},"excerpt":{"rendered":"<p>Diese handgefertigte Glasschale in Gr\u00fcn- und Gelbt\u00f6nen ist ein einzigartiger Blickfang f\u00fcr Ihre Einrichtung. Mit einer Gr\u00f6\u00dfe von 48&#215;48 cm und einer H\u00f6he von 10 cm eignet es sich perfekt als Deko-Objekt. Da das Glas von Hand geformt wird, haben Sie immer ein exklusives Exemplar in Ihrem Haus.<\/p>\n","protected":false},"featured_media":154748,"template":"","meta":{"_acf_changed":false,"_genesis_title":"","_genesis_description":""},"product_brand":[7505],"product_cat":[812,800],"product_tag":[],"class_list":{"0":"post-154757","1":"product","2":"type-product","3":"status-publish","4":"has-post-thumbnail","6":"product_brand-sonstige","7":"product_cat-farbige-glasvasen","8":"product_cat-glaskunst","10":"first","11":"instock","12":"taxable","13":"shipping-taxable","14":"purchasable","15":"product-type-simple"},"acf":[],"meta_all":{"total_sales":"0","wcml_sync_hash":{"postmeta_fields":"dc86c8ad3d55204791c256cf157c2e42"},"attr_label_translations":[],"cor_restricted_countries":[]},"meta_all_flat":{"total_sales":"0","wcml_sync_hash.postmeta_fields":"dc86c8ad3d55204791c256cf157c2e42"},"yoast_head":"<!-- This site is optimized with the Yoast SEO Premium plugin v26.2 (Yoast SEO v27.2) - https:\/\/yoast.com\/product\/yoast-seo-premium-wordpress\/ -->\n<title>Schale Glas Blume gr\u00fcn\/gelb 32cm - Eliassen.nl<\/title>\n<meta name=\"description\" content=\"Bestellen Sie diese einzigartige Glasschale in Blumenform (48cm). Traditionell handgefertigt in frischen gr\u00fcn-gelben Farbt\u00f6nen. Sehen Sie es sich in unserem Ausstellungsraum an!\" \/>\n<meta name=\"robots\" content=\"index, follow, max-snippet:-1, max-image-preview:large, max-video-preview:-1\" \/>\n<link rel=\"canonical\" href=\"https:\/\/www.eliassen.nl\/de\/glasschale-flower-grungelb-48cm\/\" \/>\n<meta property=\"og:locale\" content=\"de_DE\" \/>\n<meta property=\"og:type\" content=\"article\" \/>\n<meta property=\"og:title\" content=\"Sonstige Schale Glas Blume gr\u00fcn\/gelb 48cm - Eliassen.nl\" \/>\n<meta property=\"og:description\" content=\"Bestellen Sie diese einzigartige Glasschale in Blumenform (48cm). Traditionell handgefertigt in frischen gr\u00fcn-gelben Farbt\u00f6nen. Sehen Sie es sich in unserem Ausstellungsraum an!\" \/>\n<meta property=\"og:url\" content=\"https:\/\/www.eliassen.nl\/de\/glasschale-flower-grungelb-48cm\/\" \/>\n<meta property=\"og:site_name\" content=\"Eliassen.nl\" \/>\n<meta property=\"article:publisher\" content=\"https:\/\/www.facebook.com\/TuincentrumEliassenAmmerzoden\" \/>\n<meta property=\"article:modified_time\" content=\"2026-02-07T11:20:15+00:00\" \/>\n<meta property=\"og:image\" content=\"https:\/\/www.eliassen.nl\/wp-content\/uploads\/2024\/10\/schaalglasbloemeliassennlgv202.jpg\" \/>\n\t<meta property=\"og:image:width\" content=\"560\" \/>\n\t<meta property=\"og:image:height\" content=\"560\" \/>\n\t<meta property=\"og:image:type\" content=\"image\/jpeg\" \/>\n<meta name=\"twitter:card\" content=\"summary_large_image\" \/>\n<script type=\"application\/ld+json\" class=\"yoast-schema-graph\">{\"@context\":\"https:\/\/schema.org\",\"@graph\":[{\"@type\":\"WebPage\",\"@id\":\"https:\/\/www.eliassen.nl\/de\/glasschale-flower-grungelb-48cm\/\",\"url\":\"https:\/\/www.eliassen.nl\/de\/glasschale-flower-grungelb-48cm\/\",\"name\":\"Schale Glas Blume gr\u00fcn\/gelb 32cm - Eliassen.nl\",\"isPartOf\":{\"@id\":\"https:\/\/www.eliassen.nl\/de\/#website\"},\"primaryImageOfPage\":{\"@id\":\"https:\/\/www.eliassen.nl\/de\/glasschale-flower-grungelb-48cm\/#primaryimage\"},\"image\":{\"@id\":\"https:\/\/www.eliassen.nl\/de\/glasschale-flower-grungelb-48cm\/#primaryimage\"},\"thumbnailUrl\":\"https:\/\/www.eliassen.nl\/wp-content\/uploads\/2024\/10\/schaalglasbloemeliassennlgv202.jpg\",\"datePublished\":\"2024-05-09T12:53:35+00:00\",\"dateModified\":\"2026-02-07T11:20:15+00:00\",\"description\":\"Bestellen Sie diese einzigartige Glasschale in Blumenform (48cm). Traditionell handgefertigt in frischen gr\u00fcn-gelben Farbt\u00f6nen. Sehen Sie es sich in unserem Ausstellungsraum an!\",\"breadcrumb\":{\"@id\":\"https:\/\/www.eliassen.nl\/de\/glasschale-flower-grungelb-48cm\/#breadcrumb\"},\"inLanguage\":\"de\",\"potentialAction\":[{\"@type\":\"ReadAction\",\"target\":[\"https:\/\/www.eliassen.nl\/de\/glasschale-flower-grungelb-48cm\/\"]}]},{\"@type\":\"ImageObject\",\"inLanguage\":\"de\",\"@id\":\"https:\/\/www.eliassen.nl\/de\/glasschale-flower-grungelb-48cm\/#primaryimage\",\"url\":\"https:\/\/www.eliassen.nl\/wp-content\/uploads\/2024\/10\/schaalglasbloemeliassennlgv202.jpg\",\"contentUrl\":\"https:\/\/www.eliassen.nl\/wp-content\/uploads\/2024\/10\/schaalglasbloemeliassennlgv202.jpg\",\"width\":560,\"height\":560,\"caption\":\"Schale Glas Blume Eliassen.nl GV-202\"},{\"@type\":\"BreadcrumbList\",\"@id\":\"https:\/\/www.eliassen.nl\/de\/glasschale-flower-grungelb-48cm\/#breadcrumb\",\"itemListElement\":[{\"@type\":\"ListItem\",\"position\":1,\"name\":\"Home\",\"item\":\"https:\/\/www.eliassen.nl\/de\/\"},{\"@type\":\"ListItem\",\"position\":2,\"name\":\"Shop\",\"item\":\"https:\/\/www.eliassen.nl\/de\/shop\/\"},{\"@type\":\"ListItem\",\"position\":3,\"name\":\"Glaskunst\",\"item\":\"https:\/\/www.eliassen.nl\/de\/glaskunst\/\"},{\"@type\":\"ListItem\",\"position\":4,\"name\":\"Farbige Glasvasen\",\"item\":\"https:\/\/www.eliassen.nl\/de\/glaskunst\/farbige-glasvasen\/\"},{\"@type\":\"ListItem\",\"position\":5,\"name\":\"Schale Glas Blume gr\u00fcn\/gelb 48cm\"}]},{\"@type\":\"WebSite\",\"@id\":\"https:\/\/www.eliassen.nl\/de\/#website\",\"url\":\"https:\/\/www.eliassen.nl\/de\/\",\"name\":\"Eliassen Home & Garden Pleasure\",\"description\":\"\",\"publisher\":{\"@id\":\"https:\/\/www.eliassen.nl\/de\/#organization\"},\"alternateName\":\"Eliassen.nl\",\"potentialAction\":[{\"@type\":\"SearchAction\",\"target\":{\"@type\":\"EntryPoint\",\"urlTemplate\":\"https:\/\/www.eliassen.nl\/de\/?s={search_term_string}\"},\"query-input\":{\"@type\":\"PropertyValueSpecification\",\"valueRequired\":true,\"valueName\":\"search_term_string\"}}],\"inLanguage\":\"de\"},{\"@type\":[\"Organization\",\"Place\"],\"@id\":\"https:\/\/www.eliassen.nl\/de\/#organization\",\"name\":\"Eliassen Home & Garden Pleasure\",\"url\":\"https:\/\/www.eliassen.nl\/de\/\",\"logo\":{\"@id\":\"https:\/\/www.eliassen.nl\/de\/glasschale-flower-grungelb-48cm\/#local-main-organization-logo\"},\"image\":{\"@id\":\"https:\/\/www.eliassen.nl\/de\/glasschale-flower-grungelb-48cm\/#local-main-organization-logo\"},\"sameAs\":[\"https:\/\/www.facebook.com\/TuincentrumEliassenAmmerzoden\",\"https:\/\/www.instagram.com\/eliassenhomeandgarden\/\",\"https:\/\/nl.pinterest.com\/eliassenhomeandgarden\/\",\"https:\/\/www.youtube.com\/@eliassenhomegardenpleasure4558\"],\"telephone\":[],\"openingHoursSpecification\":[{\"@type\":\"OpeningHoursSpecification\",\"dayOfWeek\":[\"Monday\",\"Tuesday\",\"Wednesday\",\"Thursday\",\"Friday\",\"Saturday\",\"Sunday\"],\"opens\":\"09:00\",\"closes\":\"17:00\"}]},{\"@type\":\"ImageObject\",\"inLanguage\":\"de\",\"@id\":\"https:\/\/www.eliassen.nl\/de\/glasschale-flower-grungelb-48cm\/#local-main-organization-logo\",\"url\":\"https:\/\/www.eliassen.nl\/wp-content\/uploads\/2024\/01\/logo_4nd.jpg\",\"contentUrl\":\"https:\/\/www.eliassen.nl\/wp-content\/uploads\/2024\/01\/logo_4nd.jpg\",\"width\":500,\"height\":500,\"caption\":\"Eliassen Home & Garden Pleasure\"}]}<\/script>\n<meta property=\"product:price:amount\" content=\"69.00\" \/>\n<meta property=\"product:price:currency\" content=\"EUR\" \/>\n<meta property=\"og:availability\" content=\"instock\" \/>\n<meta property=\"product:availability\" content=\"instock\" \/>\n<meta property=\"product:retailer_item_id\" content=\"Gv-202\" \/>\n<meta property=\"product:condition\" content=\"new\" \/>\n<!-- \/ Yoast SEO Premium plugin. -->","yoast_head_json":{"title":"Schale Glas Blume gr\u00fcn\/gelb 32cm - Eliassen.nl","description":"Bestellen Sie diese einzigartige Glasschale in Blumenform (48cm). Traditionell handgefertigt in frischen gr\u00fcn-gelben Farbt\u00f6nen. Sehen Sie es sich in unserem Ausstellungsraum an!","robots":{"index":"index","follow":"follow","max-snippet":"max-snippet:-1","max-image-preview":"max-image-preview:large","max-video-preview":"max-video-preview:-1"},"canonical":"https:\/\/www.eliassen.nl\/de\/glasschale-flower-grungelb-48cm\/","og_locale":"de_DE","og_type":"article","og_title":"Sonstige Schale Glas Blume gr\u00fcn\/gelb 48cm - Eliassen.nl","og_description":"Bestellen Sie diese einzigartige Glasschale in Blumenform (48cm). Traditionell handgefertigt in frischen gr\u00fcn-gelben Farbt\u00f6nen. Sehen Sie es sich in unserem Ausstellungsraum an!","og_url":"https:\/\/www.eliassen.nl\/de\/glasschale-flower-grungelb-48cm\/","og_site_name":"Eliassen.nl","article_publisher":"https:\/\/www.facebook.com\/TuincentrumEliassenAmmerzoden","article_modified_time":"2026-02-07T11:20:15+00:00","og_image":[{"width":560,"height":560,"url":"https:\/\/www.eliassen.nl\/wp-content\/uploads\/2024\/10\/schaalglasbloemeliassennlgv202.jpg","type":"image\/jpeg"}],"twitter_card":"summary_large_image","schema":{"@context":"https:\/\/schema.org","@graph":[{"@type":"WebPage","@id":"https:\/\/www.eliassen.nl\/de\/glasschale-flower-grungelb-48cm\/","url":"https:\/\/www.eliassen.nl\/de\/glasschale-flower-grungelb-48cm\/","name":"Schale Glas Blume gr\u00fcn\/gelb 32cm - Eliassen.nl","isPartOf":{"@id":"https:\/\/www.eliassen.nl\/de\/#website"},"primaryImageOfPage":{"@id":"https:\/\/www.eliassen.nl\/de\/glasschale-flower-grungelb-48cm\/#primaryimage"},"image":{"@id":"https:\/\/www.eliassen.nl\/de\/glasschale-flower-grungelb-48cm\/#primaryimage"},"thumbnailUrl":"https:\/\/www.eliassen.nl\/wp-content\/uploads\/2024\/10\/schaalglasbloemeliassennlgv202.jpg","datePublished":"2024-05-09T12:53:35+00:00","dateModified":"2026-02-07T11:20:15+00:00","description":"Bestellen Sie diese einzigartige Glasschale in Blumenform (48cm). Traditionell handgefertigt in frischen gr\u00fcn-gelben Farbt\u00f6nen. Sehen Sie es sich in unserem Ausstellungsraum an!","breadcrumb":{"@id":"https:\/\/www.eliassen.nl\/de\/glasschale-flower-grungelb-48cm\/#breadcrumb"},"inLanguage":"de","potentialAction":[{"@type":"ReadAction","target":["https:\/\/www.eliassen.nl\/de\/glasschale-flower-grungelb-48cm\/"]}]},{"@type":"ImageObject","inLanguage":"de","@id":"https:\/\/www.eliassen.nl\/de\/glasschale-flower-grungelb-48cm\/#primaryimage","url":"https:\/\/www.eliassen.nl\/wp-content\/uploads\/2024\/10\/schaalglasbloemeliassennlgv202.jpg","contentUrl":"https:\/\/www.eliassen.nl\/wp-content\/uploads\/2024\/10\/schaalglasbloemeliassennlgv202.jpg","width":560,"height":560,"caption":"Schale Glas Blume Eliassen.nl GV-202"},{"@type":"BreadcrumbList","@id":"https:\/\/www.eliassen.nl\/de\/glasschale-flower-grungelb-48cm\/#breadcrumb","itemListElement":[{"@type":"ListItem","position":1,"name":"Home","item":"https:\/\/www.eliassen.nl\/de\/"},{"@type":"ListItem","position":2,"name":"Shop","item":"https:\/\/www.eliassen.nl\/de\/shop\/"},{"@type":"ListItem","position":3,"name":"Glaskunst","item":"https:\/\/www.eliassen.nl\/de\/glaskunst\/"},{"@type":"ListItem","position":4,"name":"Farbige Glasvasen","item":"https:\/\/www.eliassen.nl\/de\/glaskunst\/farbige-glasvasen\/"},{"@type":"ListItem","position":5,"name":"Schale Glas Blume gr\u00fcn\/gelb 48cm"}]},{"@type":"WebSite","@id":"https:\/\/www.eliassen.nl\/de\/#website","url":"https:\/\/www.eliassen.nl\/de\/","name":"Eliassen Home & Garden Pleasure","description":"","publisher":{"@id":"https:\/\/www.eliassen.nl\/de\/#organization"},"alternateName":"Eliassen.nl","potentialAction":[{"@type":"SearchAction","target":{"@type":"EntryPoint","urlTemplate":"https:\/\/www.eliassen.nl\/de\/?s={search_term_string}"},"query-input":{"@type":"PropertyValueSpecification","valueRequired":true,"valueName":"search_term_string"}}],"inLanguage":"de"},{"@type":["Organization","Place"],"@id":"https:\/\/www.eliassen.nl\/de\/#organization","name":"Eliassen Home & Garden Pleasure","url":"https:\/\/www.eliassen.nl\/de\/","logo":{"@id":"https:\/\/www.eliassen.nl\/de\/glasschale-flower-grungelb-48cm\/#local-main-organization-logo"},"image":{"@id":"https:\/\/www.eliassen.nl\/de\/glasschale-flower-grungelb-48cm\/#local-main-organization-logo"},"sameAs":["https:\/\/www.facebook.com\/TuincentrumEliassenAmmerzoden","https:\/\/www.instagram.com\/eliassenhomeandgarden\/","https:\/\/nl.pinterest.com\/eliassenhomeandgarden\/","https:\/\/www.youtube.com\/@eliassenhomegardenpleasure4558"],"telephone":[],"openingHoursSpecification":[{"@type":"OpeningHoursSpecification","dayOfWeek":["Monday","Tuesday","Wednesday","Thursday","Friday","Saturday","Sunday"],"opens":"09:00","closes":"17:00"}]},{"@type":"ImageObject","inLanguage":"de","@id":"https:\/\/www.eliassen.nl\/de\/glasschale-flower-grungelb-48cm\/#local-main-organization-logo","url":"https:\/\/www.eliassen.nl\/wp-content\/uploads\/2024\/01\/logo_4nd.jpg","contentUrl":"https:\/\/www.eliassen.nl\/wp-content\/uploads\/2024\/01\/logo_4nd.jpg","width":500,"height":500,"caption":"Eliassen Home & Garden Pleasure"}]},"product_price_amount":"69.00","product_price_currency":"EUR","og_availability":"instock","product_availability":"instock","product_retailer_item_id":"Gv-202","product_condition":"new"},"df_price":69,"df_sale_price":"","df_regular_price":69,"df_image_link":"https:\/\/www.eliassen.nl\/wp-content\/uploads\/2024\/10\/schaalglasbloemeliassennlgv202.jpg","image":"https:\/\/www.eliassen.nl\/wp-content\/uploads\/2024\/10\/schaalglasbloemeliassennlgv202.jpg","price_search":"<span class=\"woocommerce-Price-amount amount\"><bdi><span class=\"woocommerce-Price-currencySymbol\">&euro;<\/span>&nbsp;69,00<\/bdi><\/span>","category":"Farbige Glasvasen","global_unique_id":"6096525865877","_links":{"self":[{"href":"https:\/\/www.eliassen.nl\/de\/wp-json\/wp\/v2\/product\/154757","targetHints":{"allow":["GET"]}}],"collection":[{"href":"https:\/\/www.eliassen.nl\/de\/wp-json\/wp\/v2\/product"}],"about":[{"href":"https:\/\/www.eliassen.nl\/de\/wp-json\/wp\/v2\/types\/product"}],"wp:featuredmedia":[{"embeddable":true,"href":"https:\/\/www.eliassen.nl\/de\/wp-json\/wp\/v2\/media\/154748"}],"wp:attachment":[{"href":"https:\/\/www.eliassen.nl\/de\/wp-json\/wp\/v2\/media?parent=154757"}],"wp:term":[{"taxonomy":"product_brand","embeddable":true,"href":"https:\/\/www.eliassen.nl\/de\/wp-json\/wp\/v2\/product_brand?post=154757"},{"taxonomy":"product_cat","embeddable":true,"href":"https:\/\/www.eliassen.nl\/de\/wp-json\/wp\/v2\/product_cat?post=154757"},{"taxonomy":"product_tag","embeddable":true,"href":"https:\/\/www.eliassen.nl\/de\/wp-json\/wp\/v2\/product_tag?post=154757"}],"curies":[{"name":"wp","href":"https:\/\/api.w.org\/{rel}","templated":true}]}}