{"id":154736,"date":"2024-05-09T12:50:28","date_gmt":"2024-05-09T12:50:28","guid":{"rendered":"https:\/\/www.eliassen.nl\/?product=standaard-voor-schotels-33cm"},"modified":"2026-02-07T12:18:43","modified_gmt":"2026-02-07T11:18:43","slug":"standard-fur-geschirr-33-cm","status":"publish","type":"product","link":"https:\/\/www.eliassen.nl\/de\/standard-fur-geschirr-33-cm\/","title":{"rendered":"St\u00e4nder f\u00fcr Geschirr 33cm"},"content":{"rendered":"<p>Dieser robuste Metallst\u00e4nder ist das ideale Accessoire, um Ihren Lieblingsteller, Ihre Untertasse oder Ihren dekorativen Teller aufrecht zu pr\u00e4sentieren. Durch die Verwendung dieses Halters kommt das Kunstwerk oder die Dekoration erst richtig zur Geltung und wird zu einem echten Blickfang in Ihrer Einrichtung. Der St\u00e4nder ist speziell f\u00fcr Teller und Sch\u00fcsseln mit einer Gr\u00f6\u00dfe von bis zu 40 cm konzipiert. Dank der soliden Konstruktion steht Ihr wertvoller Besitz sicher und stabil. Nat\u00fcrlich k\u00f6nnen Sie dieses praktische Ger\u00e4t auch zuerst in unserem Ausstellungsraum in Ammerzoden in Augenschein nehmen.<\/p>\n","protected":false},"excerpt":{"rendered":"<p>Pr\u00e4sentieren Sie Ihre sch\u00f6nste Schale oder Ihren dekorativen Teller sicher und stilvoll mit diesem 33 cm langen Metallst\u00e4nder. Der Halter ist f\u00fcr Objekte mit einem Durchmesser von bis zu 40 cm geeignet und erm\u00f6glicht es Ihrer Dekoration, aufrecht zu stehen und gesehen zu werden.<\/p>\n","protected":false},"featured_media":154733,"template":"","meta":{"_acf_changed":false,"_genesis_title":"","_genesis_description":""},"product_brand":[7505],"product_cat":[812,800],"product_tag":[],"class_list":{"0":"post-154736","1":"product","2":"type-product","3":"status-publish","4":"has-post-thumbnail","6":"product_brand-sonstige","7":"product_cat-farbige-glasvasen","8":"product_cat-glaskunst","10":"first","11":"instock","12":"taxable","13":"shipping-taxable","14":"purchasable","15":"product-type-simple"},"acf":[],"meta_all":{"total_sales":"4","wcml_sync_hash":{"postmeta_fields":"21b1ff9e5f29644285a85d4f4c5bbd06"},"attr_label_translations":[],"cor_restricted_countries":[]},"meta_all_flat":{"total_sales":"4","wcml_sync_hash.postmeta_fields":"21b1ff9e5f29644285a85d4f4c5bbd06"},"yoast_head":"<!-- This site is optimized with the Yoast SEO Premium plugin v26.2 (Yoast SEO v27.2) - https:\/\/yoast.com\/product\/yoast-seo-premium-wordpress\/ -->\n<title>St\u00e4nder f\u00fcr Geschirr 33cm<\/title>\n<meta name=\"description\" content=\"Bestellen Sie diesen praktischen Metallst\u00e4nder (33 cm) f\u00fcr Geschirr und Sch\u00fcsseln. Geeignet f\u00fcr Teller bis zu 40 cm. Lassen Sie Ihre Dekoration in vollem Glanz erstrahlen!\" \/>\n<meta name=\"robots\" content=\"index, follow, max-snippet:-1, max-image-preview:large, max-video-preview:-1\" \/>\n<link rel=\"canonical\" href=\"https:\/\/www.eliassen.nl\/de\/standard-fur-geschirr-33-cm\/\" \/>\n<meta property=\"og:locale\" content=\"de_DE\" \/>\n<meta property=\"og:type\" content=\"article\" \/>\n<meta property=\"og:title\" content=\"Sonstige St\u00e4nder f\u00fcr Geschirr 33cm - Eliassen.nl\" \/>\n<meta property=\"og:description\" content=\"Bestellen Sie diesen praktischen Metallst\u00e4nder (33 cm) f\u00fcr Geschirr und Sch\u00fcsseln. Geeignet f\u00fcr Teller bis zu 40 cm. Lassen Sie Ihre Dekoration in vollem Glanz erstrahlen!\" \/>\n<meta property=\"og:url\" content=\"https:\/\/www.eliassen.nl\/de\/standard-fur-geschirr-33-cm\/\" \/>\n<meta property=\"og:site_name\" content=\"Eliassen.nl\" \/>\n<meta property=\"article:publisher\" content=\"https:\/\/www.facebook.com\/TuincentrumEliassenAmmerzoden\" \/>\n<meta property=\"article:modified_time\" content=\"2026-02-07T11:18:43+00:00\" \/>\n<meta property=\"og:image\" content=\"https:\/\/www.eliassen.nl\/wp-content\/uploads\/2024\/10\/steunvoorschotelseliassennlgv500.jpg\" \/>\n\t<meta property=\"og:image:width\" content=\"560\" \/>\n\t<meta property=\"og:image:height\" content=\"560\" \/>\n\t<meta property=\"og:image:type\" content=\"image\/jpeg\" \/>\n<meta name=\"twitter:card\" content=\"summary_large_image\" \/>\n<script type=\"application\/ld+json\" class=\"yoast-schema-graph\">{\"@context\":\"https:\/\/schema.org\",\"@graph\":[{\"@type\":\"WebPage\",\"@id\":\"https:\/\/www.eliassen.nl\/de\/standard-fur-geschirr-33-cm\/\",\"url\":\"https:\/\/www.eliassen.nl\/de\/standard-fur-geschirr-33-cm\/\",\"name\":\"St\u00e4nder f\u00fcr Geschirr 33cm\",\"isPartOf\":{\"@id\":\"https:\/\/www.eliassen.nl\/de\/#website\"},\"primaryImageOfPage\":{\"@id\":\"https:\/\/www.eliassen.nl\/de\/standard-fur-geschirr-33-cm\/#primaryimage\"},\"image\":{\"@id\":\"https:\/\/www.eliassen.nl\/de\/standard-fur-geschirr-33-cm\/#primaryimage\"},\"thumbnailUrl\":\"https:\/\/www.eliassen.nl\/wp-content\/uploads\/2024\/10\/steunvoorschotelseliassennlgv500.jpg\",\"datePublished\":\"2024-05-09T12:50:28+00:00\",\"dateModified\":\"2026-02-07T11:18:43+00:00\",\"description\":\"Bestellen Sie diesen praktischen Metallst\u00e4nder (33 cm) f\u00fcr Geschirr und Sch\u00fcsseln. Geeignet f\u00fcr Teller bis zu 40 cm. Lassen Sie Ihre Dekoration in vollem Glanz erstrahlen!\",\"breadcrumb\":{\"@id\":\"https:\/\/www.eliassen.nl\/de\/standard-fur-geschirr-33-cm\/#breadcrumb\"},\"inLanguage\":\"de\",\"potentialAction\":[{\"@type\":\"ReadAction\",\"target\":[\"https:\/\/www.eliassen.nl\/de\/standard-fur-geschirr-33-cm\/\"]}]},{\"@type\":\"ImageObject\",\"inLanguage\":\"de\",\"@id\":\"https:\/\/www.eliassen.nl\/de\/standard-fur-geschirr-33-cm\/#primaryimage\",\"url\":\"https:\/\/www.eliassen.nl\/wp-content\/uploads\/2024\/10\/steunvoorschotelseliassennlgv500.jpg\",\"contentUrl\":\"https:\/\/www.eliassen.nl\/wp-content\/uploads\/2024\/10\/steunvoorschotelseliassennlgv500.jpg\",\"width\":560,\"height\":560,\"caption\":\"Unterst\u00fctzung f\u00fcr Geschirr Eliassen.nl GV-500\"},{\"@type\":\"BreadcrumbList\",\"@id\":\"https:\/\/www.eliassen.nl\/de\/standard-fur-geschirr-33-cm\/#breadcrumb\",\"itemListElement\":[{\"@type\":\"ListItem\",\"position\":1,\"name\":\"Home\",\"item\":\"https:\/\/www.eliassen.nl\/de\/\"},{\"@type\":\"ListItem\",\"position\":2,\"name\":\"Shop\",\"item\":\"https:\/\/www.eliassen.nl\/de\/shop\/\"},{\"@type\":\"ListItem\",\"position\":3,\"name\":\"Glaskunst\",\"item\":\"https:\/\/www.eliassen.nl\/de\/glaskunst\/\"},{\"@type\":\"ListItem\",\"position\":4,\"name\":\"Farbige Glasvasen\",\"item\":\"https:\/\/www.eliassen.nl\/de\/glaskunst\/farbige-glasvasen\/\"},{\"@type\":\"ListItem\",\"position\":5,\"name\":\"St\u00e4nder f\u00fcr Geschirr 33cm\"}]},{\"@type\":\"WebSite\",\"@id\":\"https:\/\/www.eliassen.nl\/de\/#website\",\"url\":\"https:\/\/www.eliassen.nl\/de\/\",\"name\":\"Eliassen Home & Garden Pleasure\",\"description\":\"\",\"publisher\":{\"@id\":\"https:\/\/www.eliassen.nl\/de\/#organization\"},\"alternateName\":\"Eliassen.nl\",\"potentialAction\":[{\"@type\":\"SearchAction\",\"target\":{\"@type\":\"EntryPoint\",\"urlTemplate\":\"https:\/\/www.eliassen.nl\/de\/?s={search_term_string}\"},\"query-input\":{\"@type\":\"PropertyValueSpecification\",\"valueRequired\":true,\"valueName\":\"search_term_string\"}}],\"inLanguage\":\"de\"},{\"@type\":[\"Organization\",\"Place\"],\"@id\":\"https:\/\/www.eliassen.nl\/de\/#organization\",\"name\":\"Eliassen Home & Garden Pleasure\",\"url\":\"https:\/\/www.eliassen.nl\/de\/\",\"logo\":{\"@id\":\"https:\/\/www.eliassen.nl\/de\/standard-fur-geschirr-33-cm\/#local-main-organization-logo\"},\"image\":{\"@id\":\"https:\/\/www.eliassen.nl\/de\/standard-fur-geschirr-33-cm\/#local-main-organization-logo\"},\"sameAs\":[\"https:\/\/www.facebook.com\/TuincentrumEliassenAmmerzoden\",\"https:\/\/www.instagram.com\/eliassenhomeandgarden\/\",\"https:\/\/nl.pinterest.com\/eliassenhomeandgarden\/\",\"https:\/\/www.youtube.com\/@eliassenhomegardenpleasure4558\"],\"telephone\":[],\"openingHoursSpecification\":[{\"@type\":\"OpeningHoursSpecification\",\"dayOfWeek\":[\"Monday\",\"Tuesday\",\"Wednesday\",\"Thursday\",\"Friday\",\"Saturday\",\"Sunday\"],\"opens\":\"09:00\",\"closes\":\"17:00\"}]},{\"@type\":\"ImageObject\",\"inLanguage\":\"de\",\"@id\":\"https:\/\/www.eliassen.nl\/de\/standard-fur-geschirr-33-cm\/#local-main-organization-logo\",\"url\":\"https:\/\/www.eliassen.nl\/wp-content\/uploads\/2024\/01\/logo_4nd.jpg\",\"contentUrl\":\"https:\/\/www.eliassen.nl\/wp-content\/uploads\/2024\/01\/logo_4nd.jpg\",\"width\":500,\"height\":500,\"caption\":\"Eliassen Home & Garden Pleasure\"}]}<\/script>\n<meta property=\"product:price:amount\" content=\"8.95\" \/>\n<meta property=\"product:price:currency\" content=\"EUR\" \/>\n<meta property=\"og:availability\" content=\"instock\" \/>\n<meta property=\"product:availability\" content=\"instock\" \/>\n<meta property=\"product:retailer_item_id\" content=\"Gv-500\" \/>\n<meta property=\"product:condition\" content=\"new\" \/>\n<!-- \/ Yoast SEO Premium plugin. -->","yoast_head_json":{"title":"St\u00e4nder f\u00fcr Geschirr 33cm","description":"Bestellen Sie diesen praktischen Metallst\u00e4nder (33 cm) f\u00fcr Geschirr und Sch\u00fcsseln. Geeignet f\u00fcr Teller bis zu 40 cm. Lassen Sie Ihre Dekoration in vollem Glanz erstrahlen!","robots":{"index":"index","follow":"follow","max-snippet":"max-snippet:-1","max-image-preview":"max-image-preview:large","max-video-preview":"max-video-preview:-1"},"canonical":"https:\/\/www.eliassen.nl\/de\/standard-fur-geschirr-33-cm\/","og_locale":"de_DE","og_type":"article","og_title":"Sonstige St\u00e4nder f\u00fcr Geschirr 33cm - Eliassen.nl","og_description":"Bestellen Sie diesen praktischen Metallst\u00e4nder (33 cm) f\u00fcr Geschirr und Sch\u00fcsseln. Geeignet f\u00fcr Teller bis zu 40 cm. Lassen Sie Ihre Dekoration in vollem Glanz erstrahlen!","og_url":"https:\/\/www.eliassen.nl\/de\/standard-fur-geschirr-33-cm\/","og_site_name":"Eliassen.nl","article_publisher":"https:\/\/www.facebook.com\/TuincentrumEliassenAmmerzoden","article_modified_time":"2026-02-07T11:18:43+00:00","og_image":[{"width":560,"height":560,"url":"https:\/\/www.eliassen.nl\/wp-content\/uploads\/2024\/10\/steunvoorschotelseliassennlgv500.jpg","type":"image\/jpeg"}],"twitter_card":"summary_large_image","schema":{"@context":"https:\/\/schema.org","@graph":[{"@type":"WebPage","@id":"https:\/\/www.eliassen.nl\/de\/standard-fur-geschirr-33-cm\/","url":"https:\/\/www.eliassen.nl\/de\/standard-fur-geschirr-33-cm\/","name":"St\u00e4nder f\u00fcr Geschirr 33cm","isPartOf":{"@id":"https:\/\/www.eliassen.nl\/de\/#website"},"primaryImageOfPage":{"@id":"https:\/\/www.eliassen.nl\/de\/standard-fur-geschirr-33-cm\/#primaryimage"},"image":{"@id":"https:\/\/www.eliassen.nl\/de\/standard-fur-geschirr-33-cm\/#primaryimage"},"thumbnailUrl":"https:\/\/www.eliassen.nl\/wp-content\/uploads\/2024\/10\/steunvoorschotelseliassennlgv500.jpg","datePublished":"2024-05-09T12:50:28+00:00","dateModified":"2026-02-07T11:18:43+00:00","description":"Bestellen Sie diesen praktischen Metallst\u00e4nder (33 cm) f\u00fcr Geschirr und Sch\u00fcsseln. Geeignet f\u00fcr Teller bis zu 40 cm. Lassen Sie Ihre Dekoration in vollem Glanz erstrahlen!","breadcrumb":{"@id":"https:\/\/www.eliassen.nl\/de\/standard-fur-geschirr-33-cm\/#breadcrumb"},"inLanguage":"de","potentialAction":[{"@type":"ReadAction","target":["https:\/\/www.eliassen.nl\/de\/standard-fur-geschirr-33-cm\/"]}]},{"@type":"ImageObject","inLanguage":"de","@id":"https:\/\/www.eliassen.nl\/de\/standard-fur-geschirr-33-cm\/#primaryimage","url":"https:\/\/www.eliassen.nl\/wp-content\/uploads\/2024\/10\/steunvoorschotelseliassennlgv500.jpg","contentUrl":"https:\/\/www.eliassen.nl\/wp-content\/uploads\/2024\/10\/steunvoorschotelseliassennlgv500.jpg","width":560,"height":560,"caption":"Unterst\u00fctzung f\u00fcr Geschirr Eliassen.nl GV-500"},{"@type":"BreadcrumbList","@id":"https:\/\/www.eliassen.nl\/de\/standard-fur-geschirr-33-cm\/#breadcrumb","itemListElement":[{"@type":"ListItem","position":1,"name":"Home","item":"https:\/\/www.eliassen.nl\/de\/"},{"@type":"ListItem","position":2,"name":"Shop","item":"https:\/\/www.eliassen.nl\/de\/shop\/"},{"@type":"ListItem","position":3,"name":"Glaskunst","item":"https:\/\/www.eliassen.nl\/de\/glaskunst\/"},{"@type":"ListItem","position":4,"name":"Farbige Glasvasen","item":"https:\/\/www.eliassen.nl\/de\/glaskunst\/farbige-glasvasen\/"},{"@type":"ListItem","position":5,"name":"St\u00e4nder f\u00fcr Geschirr 33cm"}]},{"@type":"WebSite","@id":"https:\/\/www.eliassen.nl\/de\/#website","url":"https:\/\/www.eliassen.nl\/de\/","name":"Eliassen Home & Garden Pleasure","description":"","publisher":{"@id":"https:\/\/www.eliassen.nl\/de\/#organization"},"alternateName":"Eliassen.nl","potentialAction":[{"@type":"SearchAction","target":{"@type":"EntryPoint","urlTemplate":"https:\/\/www.eliassen.nl\/de\/?s={search_term_string}"},"query-input":{"@type":"PropertyValueSpecification","valueRequired":true,"valueName":"search_term_string"}}],"inLanguage":"de"},{"@type":["Organization","Place"],"@id":"https:\/\/www.eliassen.nl\/de\/#organization","name":"Eliassen Home & Garden Pleasure","url":"https:\/\/www.eliassen.nl\/de\/","logo":{"@id":"https:\/\/www.eliassen.nl\/de\/standard-fur-geschirr-33-cm\/#local-main-organization-logo"},"image":{"@id":"https:\/\/www.eliassen.nl\/de\/standard-fur-geschirr-33-cm\/#local-main-organization-logo"},"sameAs":["https:\/\/www.facebook.com\/TuincentrumEliassenAmmerzoden","https:\/\/www.instagram.com\/eliassenhomeandgarden\/","https:\/\/nl.pinterest.com\/eliassenhomeandgarden\/","https:\/\/www.youtube.com\/@eliassenhomegardenpleasure4558"],"telephone":[],"openingHoursSpecification":[{"@type":"OpeningHoursSpecification","dayOfWeek":["Monday","Tuesday","Wednesday","Thursday","Friday","Saturday","Sunday"],"opens":"09:00","closes":"17:00"}]},{"@type":"ImageObject","inLanguage":"de","@id":"https:\/\/www.eliassen.nl\/de\/standard-fur-geschirr-33-cm\/#local-main-organization-logo","url":"https:\/\/www.eliassen.nl\/wp-content\/uploads\/2024\/01\/logo_4nd.jpg","contentUrl":"https:\/\/www.eliassen.nl\/wp-content\/uploads\/2024\/01\/logo_4nd.jpg","width":500,"height":500,"caption":"Eliassen Home & Garden Pleasure"}]},"product_price_amount":"8.95","product_price_currency":"EUR","og_availability":"instock","product_availability":"instock","product_retailer_item_id":"Gv-500","product_condition":"new"},"df_price":8.95,"df_sale_price":"","df_regular_price":8.95,"df_image_link":"https:\/\/www.eliassen.nl\/wp-content\/uploads\/2024\/10\/steunvoorschotelseliassennlgv500.jpg","image":"https:\/\/www.eliassen.nl\/wp-content\/uploads\/2024\/10\/steunvoorschotelseliassennlgv500.jpg","price_search":"<span class=\"woocommerce-Price-amount amount\"><bdi><span class=\"woocommerce-Price-currencySymbol\">&euro;<\/span>&nbsp;8,95<\/bdi><\/span>","category":"Farbige Glasvasen","global_unique_id":"6096545823888","_links":{"self":[{"href":"https:\/\/www.eliassen.nl\/de\/wp-json\/wp\/v2\/product\/154736","targetHints":{"allow":["GET"]}}],"collection":[{"href":"https:\/\/www.eliassen.nl\/de\/wp-json\/wp\/v2\/product"}],"about":[{"href":"https:\/\/www.eliassen.nl\/de\/wp-json\/wp\/v2\/types\/product"}],"wp:featuredmedia":[{"embeddable":true,"href":"https:\/\/www.eliassen.nl\/de\/wp-json\/wp\/v2\/media\/154733"}],"wp:attachment":[{"href":"https:\/\/www.eliassen.nl\/de\/wp-json\/wp\/v2\/media?parent=154736"}],"wp:term":[{"taxonomy":"product_brand","embeddable":true,"href":"https:\/\/www.eliassen.nl\/de\/wp-json\/wp\/v2\/product_brand?post=154736"},{"taxonomy":"product_cat","embeddable":true,"href":"https:\/\/www.eliassen.nl\/de\/wp-json\/wp\/v2\/product_cat?post=154736"},{"taxonomy":"product_tag","embeddable":true,"href":"https:\/\/www.eliassen.nl\/de\/wp-json\/wp\/v2\/product_tag?post=154736"}],"curies":[{"name":"wp","href":"https:\/\/api.w.org\/{rel}","templated":true}]}}