{"id":154469,"date":"2024-05-08T09:15:34","date_gmt":"2024-05-08T07:15:34","guid":{"rendered":"https:\/\/www.eliassen.nl\/?product=glasschilderij-kolibries-op-een-rijtje-160x80cm"},"modified":"2026-02-03T10:09:36","modified_gmt":"2026-02-03T09:09:36","slug":"glasgemalde-kolibris-in-einer-reihe-160x80cm","status":"publish","type":"product","link":"https:\/\/www.eliassen.nl\/de\/glasgemalde-kolibris-in-einer-reihe-160x80cm\/","title":{"rendered":"Glasmalerei Kolibris in einer Reihe 160x80cm"},"content":{"rendered":"<p data-path-to-node=\"2\">Bringen Sie ein Gef\u00fchl von Ruhe und nat\u00fcrlicher Sch\u00f6nheit in Ihr Interieur mit diesem atemberaubenden Glasgem\u00e4lde Hummingbirds in a Row. Mit einer gro\u00dfz\u00fcgigen, l\u00e4nglichen Gr\u00f6\u00dfe von 160&#215;80 cm ist diese Wanddekoration ideal f\u00fcr gro\u00dfe W\u00e4nde in Ihrem Wohn-, Schlaf- oder B\u00fcroraum geeignet. Das gestochen scharfe Bild zeigt eine Reihe wundersch\u00f6ner Kolibris, die fein s\u00e4uberlich nebeneinander positioniert sind und ein einzigartiges und harmonisches Bild ergeben. Da das Foto auf die R\u00fcckseite einer 4 mm dicken Platte aus geh\u00e4rtetem Glas gebrannt wird, entsteht ein tiefer Glanz, der die feinen Details und leuchtenden Farben der V\u00f6gel wunderbar zur Geltung bringt.<\/p>\n<p data-path-to-node=\"3\">Dieses moderne Kunstwerk von Ter Halle verbindet \u00c4sthetik mit Nachhaltigkeit. Das geh\u00e4rtete Glas ist praktisch unzerbrechlich und \u00e4u\u00dferst widerstandsf\u00e4hig gegen Kratzer. Das garantiert Ihnen ein Wandobjekt, das \u00fcber Jahre hinweg in perfektem Zustand bleibt. Die schlichte, rahmenlose Ausf\u00fchrung sorgt f\u00fcr einen minimalistischen Look, der sich nahtlos in eine moderne oder industrielle Einrichtung einf\u00fcgt. Mit den beiden mitgelieferten Haken l\u00e4sst sich diese gro\u00dfe Glasplatte leicht aufh\u00e4ngen. Bei Eliassen haben wir fast die gesamte Kollektion an Glasmalereien direkt auf Lager, was uns in den Niederlanden einzigartig macht. Sie sind also herzlich eingeladen, dieses Modell und viele andere Varianten live in unserem Showroom in Ammerzoden zu bewundern.<\/p>\n","protected":false},"excerpt":{"rendered":"<p>Dieses 160&#215;80 cm gro\u00dfe Luxus-Glasgem\u00e4lde zeigt ein gestochen scharfes Bild einer Reihe wundersch\u00f6ner Kolibris auf 4 mm dickem geh\u00e4rtetem Glas, das einen brillanten Glanz und eine gro\u00dfe Tiefensch\u00e4rfe bietet. Das Kunstwerk ist praktisch unzerbrechlich und kratzfest, was es zu einem dauerhaften und stilvollen Blickfang f\u00fcr jedes moderne Interieur oder B\u00fcro macht. Ein attraktives und naturnahes Wandobjekt, das sich mit den mitgelieferten Haken leicht an Ihrer Wand befestigen l\u00e4sst.<\/p>\n","protected":false},"featured_media":154466,"template":"","meta":{"_acf_changed":false,"_genesis_title":"","_genesis_description":""},"product_brand":[6940],"product_cat":[410,458,443],"product_tag":[],"class_list":{"0":"post-154469","1":"product","2":"type-product","3":"status-publish","4":"has-post-thumbnail","6":"product_brand-ter-halle-de","7":"product_cat-gemaelde","8":"product_cat-glasmalerei-im-format-80x160cm","9":"product_cat-glasmalereien","11":"first","12":"outofstock","13":"taxable","14":"shipping-taxable","15":"purchasable","16":"product-type-simple"},"acf":[],"meta_all":{"total_sales":"3","wcml_sync_hash":{"postmeta_fields":"4fc13a9b12bb4793d60dd8c502553460"},"attr_label_translations":[],"cor_restricted_countries":[]},"meta_all_flat":{"total_sales":"3","wcml_sync_hash.postmeta_fields":"4fc13a9b12bb4793d60dd8c502553460"},"yoast_head":"<!-- This site is optimized with the Yoast SEO Premium plugin v26.2 (Yoast SEO v27.2) - https:\/\/yoast.com\/product\/yoast-seo-premium-wordpress\/ -->\n<title>Glasgem\u00e4lde Kolibris in einer Reihe 160x80cm - Eliassen.de<\/title>\n<meta name=\"description\" content=\"Dekorieren Sie Ihre Wand mit diesem Glasbild mit Kolibris in einer Reihe (160x80cm). Rasiermesserscharfer Druck auf geh\u00e4rtetem Glas mit tiefem Glanz. Jetzt bei Eliassen!\" \/>\n<meta name=\"robots\" content=\"index, follow, max-snippet:-1, max-image-preview:large, max-video-preview:-1\" \/>\n<link rel=\"canonical\" href=\"https:\/\/www.eliassen.nl\/de\/glasgemalde-kolibris-in-einer-reihe-160x80cm\/\" \/>\n<meta property=\"og:locale\" content=\"de_DE\" \/>\n<meta property=\"og:type\" content=\"article\" \/>\n<meta property=\"og:title\" content=\"Ter Halle Glasmalerei Kolibris in einer Reihe 160x80cm - Eliassen.nl\" \/>\n<meta property=\"og:description\" content=\"Dekorieren Sie Ihre Wand mit diesem Glasbild mit Kolibris in einer Reihe (160x80cm). Rasiermesserscharfer Druck auf geh\u00e4rtetem Glas mit tiefem Glanz. Jetzt bei Eliassen!\" \/>\n<meta property=\"og:url\" content=\"https:\/\/www.eliassen.nl\/de\/glasgemalde-kolibris-in-einer-reihe-160x80cm\/\" \/>\n<meta property=\"og:site_name\" content=\"Eliassen.nl\" \/>\n<meta property=\"article:publisher\" content=\"https:\/\/www.facebook.com\/TuincentrumEliassenAmmerzoden\" \/>\n<meta property=\"article:modified_time\" content=\"2026-02-03T09:09:36+00:00\" \/>\n<meta property=\"og:image\" content=\"https:\/\/www.eliassen.nl\/wp-content\/uploads\/2024\/10\/glasschilderijkolibrieseliassennl.jpg\" \/>\n\t<meta property=\"og:image:width\" content=\"1500\" \/>\n\t<meta property=\"og:image:height\" content=\"755\" \/>\n\t<meta property=\"og:image:type\" content=\"image\/jpeg\" \/>\n<meta name=\"twitter:card\" content=\"summary_large_image\" \/>\n<script type=\"application\/ld+json\" class=\"yoast-schema-graph\">{\"@context\":\"https:\/\/schema.org\",\"@graph\":[{\"@type\":\"WebPage\",\"@id\":\"https:\/\/www.eliassen.nl\/de\/glasgemalde-kolibris-in-einer-reihe-160x80cm\/\",\"url\":\"https:\/\/www.eliassen.nl\/de\/glasgemalde-kolibris-in-einer-reihe-160x80cm\/\",\"name\":\"Glasgem\u00e4lde Kolibris in einer Reihe 160x80cm - Eliassen.de\",\"isPartOf\":{\"@id\":\"https:\/\/www.eliassen.nl\/de\/#website\"},\"primaryImageOfPage\":{\"@id\":\"https:\/\/www.eliassen.nl\/de\/glasgemalde-kolibris-in-einer-reihe-160x80cm\/#primaryimage\"},\"image\":{\"@id\":\"https:\/\/www.eliassen.nl\/de\/glasgemalde-kolibris-in-einer-reihe-160x80cm\/#primaryimage\"},\"thumbnailUrl\":\"https:\/\/www.eliassen.nl\/wp-content\/uploads\/2024\/10\/glasschilderijkolibrieseliassennl.jpg\",\"datePublished\":\"2024-05-08T07:15:34+00:00\",\"dateModified\":\"2026-02-03T09:09:36+00:00\",\"description\":\"Dekorieren Sie Ihre Wand mit diesem Glasbild mit Kolibris in einer Reihe (160x80cm). Rasiermesserscharfer Druck auf geh\u00e4rtetem Glas mit tiefem Glanz. Jetzt bei Eliassen!\",\"breadcrumb\":{\"@id\":\"https:\/\/www.eliassen.nl\/de\/glasgemalde-kolibris-in-einer-reihe-160x80cm\/#breadcrumb\"},\"inLanguage\":\"de\",\"potentialAction\":[{\"@type\":\"ReadAction\",\"target\":[\"https:\/\/www.eliassen.nl\/de\/glasgemalde-kolibris-in-einer-reihe-160x80cm\/\"]}]},{\"@type\":\"ImageObject\",\"inLanguage\":\"de\",\"@id\":\"https:\/\/www.eliassen.nl\/de\/glasgemalde-kolibris-in-einer-reihe-160x80cm\/#primaryimage\",\"url\":\"https:\/\/www.eliassen.nl\/wp-content\/uploads\/2024\/10\/glasschilderijkolibrieseliassennl.jpg\",\"contentUrl\":\"https:\/\/www.eliassen.nl\/wp-content\/uploads\/2024\/10\/glasschilderijkolibrieseliassennl.jpg\",\"width\":1500,\"height\":755,\"caption\":\"Glasmalerei Kolibris - Eliassen.nl\"},{\"@type\":\"BreadcrumbList\",\"@id\":\"https:\/\/www.eliassen.nl\/de\/glasgemalde-kolibris-in-einer-reihe-160x80cm\/#breadcrumb\",\"itemListElement\":[{\"@type\":\"ListItem\",\"position\":1,\"name\":\"Home\",\"item\":\"https:\/\/www.eliassen.nl\/de\/\"},{\"@type\":\"ListItem\",\"position\":2,\"name\":\"Shop\",\"item\":\"https:\/\/www.eliassen.nl\/de\/shop\/\"},{\"@type\":\"ListItem\",\"position\":3,\"name\":\"Glasmalereien\",\"item\":\"https:\/\/www.eliassen.nl\/de\/gemaelde\/glasmalereien\/\"},{\"@type\":\"ListItem\",\"position\":4,\"name\":\"Glasmalerei im Format 80x160cm\",\"item\":\"https:\/\/www.eliassen.nl\/de\/gemaelde\/glasmalereien\/glasmalerei-im-format-80x160cm\/\"},{\"@type\":\"ListItem\",\"position\":5,\"name\":\"Glasmalerei Kolibris in einer Reihe 160x80cm\"}]},{\"@type\":\"WebSite\",\"@id\":\"https:\/\/www.eliassen.nl\/de\/#website\",\"url\":\"https:\/\/www.eliassen.nl\/de\/\",\"name\":\"Eliassen Home & Garden Pleasure\",\"description\":\"\",\"publisher\":{\"@id\":\"https:\/\/www.eliassen.nl\/de\/#organization\"},\"alternateName\":\"Eliassen.nl\",\"potentialAction\":[{\"@type\":\"SearchAction\",\"target\":{\"@type\":\"EntryPoint\",\"urlTemplate\":\"https:\/\/www.eliassen.nl\/de\/?s={search_term_string}\"},\"query-input\":{\"@type\":\"PropertyValueSpecification\",\"valueRequired\":true,\"valueName\":\"search_term_string\"}}],\"inLanguage\":\"de\"},{\"@type\":[\"Organization\",\"Place\"],\"@id\":\"https:\/\/www.eliassen.nl\/de\/#organization\",\"name\":\"Eliassen Home & Garden Pleasure\",\"url\":\"https:\/\/www.eliassen.nl\/de\/\",\"logo\":{\"@id\":\"https:\/\/www.eliassen.nl\/de\/glasgemalde-kolibris-in-einer-reihe-160x80cm\/#local-main-organization-logo\"},\"image\":{\"@id\":\"https:\/\/www.eliassen.nl\/de\/glasgemalde-kolibris-in-einer-reihe-160x80cm\/#local-main-organization-logo\"},\"sameAs\":[\"https:\/\/www.facebook.com\/TuincentrumEliassenAmmerzoden\",\"https:\/\/www.instagram.com\/eliassenhomeandgarden\/\",\"https:\/\/nl.pinterest.com\/eliassenhomeandgarden\/\",\"https:\/\/www.youtube.com\/@eliassenhomegardenpleasure4558\"],\"telephone\":[],\"openingHoursSpecification\":[{\"@type\":\"OpeningHoursSpecification\",\"dayOfWeek\":[\"Monday\",\"Tuesday\",\"Wednesday\",\"Thursday\",\"Friday\",\"Saturday\",\"Sunday\"],\"opens\":\"09:00\",\"closes\":\"17:00\"}]},{\"@type\":\"ImageObject\",\"inLanguage\":\"de\",\"@id\":\"https:\/\/www.eliassen.nl\/de\/glasgemalde-kolibris-in-einer-reihe-160x80cm\/#local-main-organization-logo\",\"url\":\"https:\/\/www.eliassen.nl\/wp-content\/uploads\/2024\/01\/logo_4nd.jpg\",\"contentUrl\":\"https:\/\/www.eliassen.nl\/wp-content\/uploads\/2024\/01\/logo_4nd.jpg\",\"width\":500,\"height\":500,\"caption\":\"Eliassen Home & Garden Pleasure\"}]}<\/script>\n<meta property=\"product:price:amount\" content=\"199.00\" \/>\n<meta property=\"product:price:currency\" content=\"EUR\" \/>\n<meta property=\"og:availability\" content=\"out of stock\" \/>\n<meta property=\"product:availability\" content=\"out of stock\" \/>\n<meta property=\"product:retailer_item_id\" content=\"Glas080160-035\" \/>\n<meta property=\"product:condition\" content=\"new\" \/>\n<!-- \/ Yoast SEO Premium plugin. -->","yoast_head_json":{"title":"Glasgem\u00e4lde Kolibris in einer Reihe 160x80cm - Eliassen.de","description":"Dekorieren Sie Ihre Wand mit diesem Glasbild mit Kolibris in einer Reihe (160x80cm). Rasiermesserscharfer Druck auf geh\u00e4rtetem Glas mit tiefem Glanz. Jetzt bei Eliassen!","robots":{"index":"index","follow":"follow","max-snippet":"max-snippet:-1","max-image-preview":"max-image-preview:large","max-video-preview":"max-video-preview:-1"},"canonical":"https:\/\/www.eliassen.nl\/de\/glasgemalde-kolibris-in-einer-reihe-160x80cm\/","og_locale":"de_DE","og_type":"article","og_title":"Ter Halle Glasmalerei Kolibris in einer Reihe 160x80cm - Eliassen.nl","og_description":"Dekorieren Sie Ihre Wand mit diesem Glasbild mit Kolibris in einer Reihe (160x80cm). Rasiermesserscharfer Druck auf geh\u00e4rtetem Glas mit tiefem Glanz. Jetzt bei Eliassen!","og_url":"https:\/\/www.eliassen.nl\/de\/glasgemalde-kolibris-in-einer-reihe-160x80cm\/","og_site_name":"Eliassen.nl","article_publisher":"https:\/\/www.facebook.com\/TuincentrumEliassenAmmerzoden","article_modified_time":"2026-02-03T09:09:36+00:00","og_image":[{"width":1500,"height":755,"url":"https:\/\/www.eliassen.nl\/wp-content\/uploads\/2024\/10\/glasschilderijkolibrieseliassennl.jpg","type":"image\/jpeg"}],"twitter_card":"summary_large_image","schema":{"@context":"https:\/\/schema.org","@graph":[{"@type":"WebPage","@id":"https:\/\/www.eliassen.nl\/de\/glasgemalde-kolibris-in-einer-reihe-160x80cm\/","url":"https:\/\/www.eliassen.nl\/de\/glasgemalde-kolibris-in-einer-reihe-160x80cm\/","name":"Glasgem\u00e4lde Kolibris in einer Reihe 160x80cm - Eliassen.de","isPartOf":{"@id":"https:\/\/www.eliassen.nl\/de\/#website"},"primaryImageOfPage":{"@id":"https:\/\/www.eliassen.nl\/de\/glasgemalde-kolibris-in-einer-reihe-160x80cm\/#primaryimage"},"image":{"@id":"https:\/\/www.eliassen.nl\/de\/glasgemalde-kolibris-in-einer-reihe-160x80cm\/#primaryimage"},"thumbnailUrl":"https:\/\/www.eliassen.nl\/wp-content\/uploads\/2024\/10\/glasschilderijkolibrieseliassennl.jpg","datePublished":"2024-05-08T07:15:34+00:00","dateModified":"2026-02-03T09:09:36+00:00","description":"Dekorieren Sie Ihre Wand mit diesem Glasbild mit Kolibris in einer Reihe (160x80cm). Rasiermesserscharfer Druck auf geh\u00e4rtetem Glas mit tiefem Glanz. Jetzt bei Eliassen!","breadcrumb":{"@id":"https:\/\/www.eliassen.nl\/de\/glasgemalde-kolibris-in-einer-reihe-160x80cm\/#breadcrumb"},"inLanguage":"de","potentialAction":[{"@type":"ReadAction","target":["https:\/\/www.eliassen.nl\/de\/glasgemalde-kolibris-in-einer-reihe-160x80cm\/"]}]},{"@type":"ImageObject","inLanguage":"de","@id":"https:\/\/www.eliassen.nl\/de\/glasgemalde-kolibris-in-einer-reihe-160x80cm\/#primaryimage","url":"https:\/\/www.eliassen.nl\/wp-content\/uploads\/2024\/10\/glasschilderijkolibrieseliassennl.jpg","contentUrl":"https:\/\/www.eliassen.nl\/wp-content\/uploads\/2024\/10\/glasschilderijkolibrieseliassennl.jpg","width":1500,"height":755,"caption":"Glasmalerei Kolibris - Eliassen.nl"},{"@type":"BreadcrumbList","@id":"https:\/\/www.eliassen.nl\/de\/glasgemalde-kolibris-in-einer-reihe-160x80cm\/#breadcrumb","itemListElement":[{"@type":"ListItem","position":1,"name":"Home","item":"https:\/\/www.eliassen.nl\/de\/"},{"@type":"ListItem","position":2,"name":"Shop","item":"https:\/\/www.eliassen.nl\/de\/shop\/"},{"@type":"ListItem","position":3,"name":"Glasmalereien","item":"https:\/\/www.eliassen.nl\/de\/gemaelde\/glasmalereien\/"},{"@type":"ListItem","position":4,"name":"Glasmalerei im Format 80x160cm","item":"https:\/\/www.eliassen.nl\/de\/gemaelde\/glasmalereien\/glasmalerei-im-format-80x160cm\/"},{"@type":"ListItem","position":5,"name":"Glasmalerei Kolibris in einer Reihe 160x80cm"}]},{"@type":"WebSite","@id":"https:\/\/www.eliassen.nl\/de\/#website","url":"https:\/\/www.eliassen.nl\/de\/","name":"Eliassen Home & Garden Pleasure","description":"","publisher":{"@id":"https:\/\/www.eliassen.nl\/de\/#organization"},"alternateName":"Eliassen.nl","potentialAction":[{"@type":"SearchAction","target":{"@type":"EntryPoint","urlTemplate":"https:\/\/www.eliassen.nl\/de\/?s={search_term_string}"},"query-input":{"@type":"PropertyValueSpecification","valueRequired":true,"valueName":"search_term_string"}}],"inLanguage":"de"},{"@type":["Organization","Place"],"@id":"https:\/\/www.eliassen.nl\/de\/#organization","name":"Eliassen Home & Garden Pleasure","url":"https:\/\/www.eliassen.nl\/de\/","logo":{"@id":"https:\/\/www.eliassen.nl\/de\/glasgemalde-kolibris-in-einer-reihe-160x80cm\/#local-main-organization-logo"},"image":{"@id":"https:\/\/www.eliassen.nl\/de\/glasgemalde-kolibris-in-einer-reihe-160x80cm\/#local-main-organization-logo"},"sameAs":["https:\/\/www.facebook.com\/TuincentrumEliassenAmmerzoden","https:\/\/www.instagram.com\/eliassenhomeandgarden\/","https:\/\/nl.pinterest.com\/eliassenhomeandgarden\/","https:\/\/www.youtube.com\/@eliassenhomegardenpleasure4558"],"telephone":[],"openingHoursSpecification":[{"@type":"OpeningHoursSpecification","dayOfWeek":["Monday","Tuesday","Wednesday","Thursday","Friday","Saturday","Sunday"],"opens":"09:00","closes":"17:00"}]},{"@type":"ImageObject","inLanguage":"de","@id":"https:\/\/www.eliassen.nl\/de\/glasgemalde-kolibris-in-einer-reihe-160x80cm\/#local-main-organization-logo","url":"https:\/\/www.eliassen.nl\/wp-content\/uploads\/2024\/01\/logo_4nd.jpg","contentUrl":"https:\/\/www.eliassen.nl\/wp-content\/uploads\/2024\/01\/logo_4nd.jpg","width":500,"height":500,"caption":"Eliassen Home & Garden Pleasure"}]},"product_price_amount":"199.00","product_price_currency":"EUR","og_availability":"out of stock","product_availability":"out of stock","product_retailer_item_id":"Glas080160-035","product_condition":"new"},"df_price":199,"df_sale_price":"","df_regular_price":199,"df_image_link":"https:\/\/www.eliassen.nl\/wp-content\/uploads\/2024\/10\/glasschilderijkolibrieseliassennl.jpg","image":"https:\/\/www.eliassen.nl\/wp-content\/uploads\/2024\/10\/glasschilderijkolibrieseliassennl.jpg","price_search":"<span class=\"woocommerce-Price-amount amount\"><bdi><span class=\"woocommerce-Price-currencySymbol\">&euro;<\/span>&nbsp;199,00<\/bdi><\/span>","category":"Gem\u00e4lde","global_unique_id":"8714688613651","_links":{"self":[{"href":"https:\/\/www.eliassen.nl\/de\/wp-json\/wp\/v2\/product\/154469","targetHints":{"allow":["GET"]}}],"collection":[{"href":"https:\/\/www.eliassen.nl\/de\/wp-json\/wp\/v2\/product"}],"about":[{"href":"https:\/\/www.eliassen.nl\/de\/wp-json\/wp\/v2\/types\/product"}],"wp:featuredmedia":[{"embeddable":true,"href":"https:\/\/www.eliassen.nl\/de\/wp-json\/wp\/v2\/media\/154466"}],"wp:attachment":[{"href":"https:\/\/www.eliassen.nl\/de\/wp-json\/wp\/v2\/media?parent=154469"}],"wp:term":[{"taxonomy":"product_brand","embeddable":true,"href":"https:\/\/www.eliassen.nl\/de\/wp-json\/wp\/v2\/product_brand?post=154469"},{"taxonomy":"product_cat","embeddable":true,"href":"https:\/\/www.eliassen.nl\/de\/wp-json\/wp\/v2\/product_cat?post=154469"},{"taxonomy":"product_tag","embeddable":true,"href":"https:\/\/www.eliassen.nl\/de\/wp-json\/wp\/v2\/product_tag?post=154469"}],"curies":[{"name":"wp","href":"https:\/\/api.w.org\/{rel}","templated":true}]}}