{"id":153887,"date":"2024-04-29T13:44:30","date_gmt":"2024-04-29T13:44:30","guid":{"rendered":"https:\/\/www.eliassen.nl\/?product=beeld-aluminium-gitaarspeler-zwart-28cm"},"modified":"2025-12-31T13:54:33","modified_gmt":"2025-12-31T12:54:33","slug":"bild-aluminium-gitarrist-schwarz-28cm","status":"publish","type":"product","link":"https:\/\/www.eliassen.nl\/de\/bild-aluminium-gitarrist-schwarz-28cm\/","title":{"rendered":"Statue Aluminium Gitarrenspieler schwarz 28cm"},"content":{"rendered":"<p>Sch\u00f6ne schlanke Gussskulptur eines Gitarrenspielers, hergestellt aus massivem Aluminium. Diese Skulptur besteht aus Aluminium, das bei einer Temperatur von \u00fcber 675 Grad Celsius in eine Form gegossen wird. Die Skulptur wird dann poliert und beschichtet. Diese Skulptur aus Aluminium ist \u00fcberall eine sch\u00f6ne Erg\u00e4nzung in Ihrer Arbeits- oder Wohnumgebung.<\/p>\n<ul>\n<li>Gr\u00f6\u00dfe:23x22x28cm hoch<\/li>\n<li>Farbe: Mattschwarz<\/li>\n<li>Kann nur in Innenr\u00e4umen verwendet werden<\/li>\n<\/ul>\n","protected":false},"excerpt":{"rendered":"<p>Sch\u00f6ne figurative Skulptur aus massivem Aluminium<\/p>\n","protected":false},"featured_media":153872,"template":"","meta":{"_acf_changed":false,"_genesis_title":"","_genesis_description":""},"product_brand":[6948],"product_cat":[6999,7239],"product_tag":[],"class_list":{"0":"post-153887","1":"product","2":"type-product","3":"status-publish","4":"has-post-thumbnail","6":"product_brand-homebound-de","7":"product_cat-aluminiumstatuen","8":"product_cat-bilder","10":"first","11":"instock","12":"taxable","13":"shipping-taxable","14":"purchasable","15":"product-type-simple"},"acf":[],"meta_all":{"total_sales":"1","wcml_sync_hash":{"postmeta_fields":"a7b2a86a22efe72ee4e95940f04c6000"},"attr_label_translations":[],"cor_restricted_countries":[]},"meta_all_flat":{"total_sales":"1","wcml_sync_hash.postmeta_fields":"a7b2a86a22efe72ee4e95940f04c6000"},"yoast_head":"<!-- This site is optimized with the Yoast SEO Premium plugin v26.2 (Yoast SEO v27.2) - https:\/\/yoast.com\/product\/yoast-seo-premium-wordpress\/ -->\n<title>Statue Aluminium Gitarrenspieler schwarz 28cm<\/title>\n<meta name=\"description\" content=\"Aluminiumskulpturen; sehen Sie sie alle in Eliassens Webshop, oder kommen Sie vorbei und schauen Sie sich das live an, der Kaffee ist fertig!\" \/>\n<meta name=\"robots\" content=\"index, follow, max-snippet:-1, max-image-preview:large, max-video-preview:-1\" \/>\n<link rel=\"canonical\" href=\"https:\/\/www.eliassen.nl\/de\/bild-aluminium-gitarrist-schwarz-28cm\/\" \/>\n<meta property=\"og:locale\" content=\"de_DE\" \/>\n<meta property=\"og:type\" content=\"article\" \/>\n<meta property=\"og:title\" content=\"Homebound Statue Aluminium Gitarrenspieler schwarz 28cm - Eliassen.nl\" \/>\n<meta property=\"og:description\" content=\"Aluminiumskulpturen; sehen Sie sie alle in Eliassens Webshop, oder kommen Sie vorbei und schauen Sie sich das live an, der Kaffee ist fertig!\" \/>\n<meta property=\"og:url\" content=\"https:\/\/www.eliassen.nl\/de\/bild-aluminium-gitarrist-schwarz-28cm\/\" \/>\n<meta property=\"og:site_name\" content=\"Eliassen.nl\" \/>\n<meta property=\"article:publisher\" content=\"https:\/\/www.facebook.com\/TuincentrumEliassenAmmerzoden\" \/>\n<meta property=\"article:modified_time\" content=\"2025-12-31T12:54:33+00:00\" \/>\n<meta property=\"og:image\" content=\"https:\/\/www.eliassen.nl\/wp-content\/uploads\/2024\/10\/beeldaluminiumgitaarspelereliassennlal11144.jpg\" \/>\n\t<meta property=\"og:image:width\" content=\"1000\" \/>\n\t<meta property=\"og:image:height\" content=\"1000\" \/>\n\t<meta property=\"og:image:type\" content=\"image\/jpeg\" \/>\n<meta name=\"twitter:card\" content=\"summary_large_image\" \/>\n<script type=\"application\/ld+json\" class=\"yoast-schema-graph\">{\"@context\":\"https:\/\/schema.org\",\"@graph\":[{\"@type\":\"WebPage\",\"@id\":\"https:\/\/www.eliassen.nl\/de\/bild-aluminium-gitarrist-schwarz-28cm\/\",\"url\":\"https:\/\/www.eliassen.nl\/de\/bild-aluminium-gitarrist-schwarz-28cm\/\",\"name\":\"Statue Aluminium Gitarrenspieler schwarz 28cm\",\"isPartOf\":{\"@id\":\"https:\/\/www.eliassen.nl\/de\/#website\"},\"primaryImageOfPage\":{\"@id\":\"https:\/\/www.eliassen.nl\/de\/bild-aluminium-gitarrist-schwarz-28cm\/#primaryimage\"},\"image\":{\"@id\":\"https:\/\/www.eliassen.nl\/de\/bild-aluminium-gitarrist-schwarz-28cm\/#primaryimage\"},\"thumbnailUrl\":\"https:\/\/www.eliassen.nl\/wp-content\/uploads\/2024\/10\/beeldaluminiumgitaarspelereliassennlal11144.jpg\",\"datePublished\":\"2024-04-29T13:44:30+00:00\",\"dateModified\":\"2025-12-31T12:54:33+00:00\",\"description\":\"Aluminiumskulpturen; sehen Sie sie alle in Eliassens Webshop, oder kommen Sie vorbei und schauen Sie sich das live an, der Kaffee ist fertig!\",\"breadcrumb\":{\"@id\":\"https:\/\/www.eliassen.nl\/de\/bild-aluminium-gitarrist-schwarz-28cm\/#breadcrumb\"},\"inLanguage\":\"de\",\"potentialAction\":[{\"@type\":\"ReadAction\",\"target\":[\"https:\/\/www.eliassen.nl\/de\/bild-aluminium-gitarrist-schwarz-28cm\/\"]}]},{\"@type\":\"ImageObject\",\"inLanguage\":\"de\",\"@id\":\"https:\/\/www.eliassen.nl\/de\/bild-aluminium-gitarrist-schwarz-28cm\/#primaryimage\",\"url\":\"https:\/\/www.eliassen.nl\/wp-content\/uploads\/2024\/10\/beeldaluminiumgitaarspelereliassennlal11144.jpg\",\"contentUrl\":\"https:\/\/www.eliassen.nl\/wp-content\/uploads\/2024\/10\/beeldaluminiumgitaarspelereliassennlal11144.jpg\",\"width\":1000,\"height\":1000,\"caption\":\"Bild Aluminium Gitarrist Eliassen.nl al1114_4\"},{\"@type\":\"BreadcrumbList\",\"@id\":\"https:\/\/www.eliassen.nl\/de\/bild-aluminium-gitarrist-schwarz-28cm\/#breadcrumb\",\"itemListElement\":[{\"@type\":\"ListItem\",\"position\":1,\"name\":\"Home\",\"item\":\"https:\/\/www.eliassen.nl\/de\/\"},{\"@type\":\"ListItem\",\"position\":2,\"name\":\"Shop\",\"item\":\"https:\/\/www.eliassen.nl\/de\/shop\/\"},{\"@type\":\"ListItem\",\"position\":3,\"name\":\"Bilder\",\"item\":\"https:\/\/www.eliassen.nl\/de\/bilder\/\"},{\"@type\":\"ListItem\",\"position\":4,\"name\":\"Statue Aluminium Gitarrenspieler schwarz 28cm\"}]},{\"@type\":\"WebSite\",\"@id\":\"https:\/\/www.eliassen.nl\/de\/#website\",\"url\":\"https:\/\/www.eliassen.nl\/de\/\",\"name\":\"Eliassen Home & Garden Pleasure\",\"description\":\"\",\"publisher\":{\"@id\":\"https:\/\/www.eliassen.nl\/de\/#organization\"},\"alternateName\":\"Eliassen.nl\",\"potentialAction\":[{\"@type\":\"SearchAction\",\"target\":{\"@type\":\"EntryPoint\",\"urlTemplate\":\"https:\/\/www.eliassen.nl\/de\/?s={search_term_string}\"},\"query-input\":{\"@type\":\"PropertyValueSpecification\",\"valueRequired\":true,\"valueName\":\"search_term_string\"}}],\"inLanguage\":\"de\"},{\"@type\":[\"Organization\",\"Place\"],\"@id\":\"https:\/\/www.eliassen.nl\/de\/#organization\",\"name\":\"Eliassen Home & Garden Pleasure\",\"url\":\"https:\/\/www.eliassen.nl\/de\/\",\"logo\":{\"@id\":\"https:\/\/www.eliassen.nl\/de\/bild-aluminium-gitarrist-schwarz-28cm\/#local-main-organization-logo\"},\"image\":{\"@id\":\"https:\/\/www.eliassen.nl\/de\/bild-aluminium-gitarrist-schwarz-28cm\/#local-main-organization-logo\"},\"sameAs\":[\"https:\/\/www.facebook.com\/TuincentrumEliassenAmmerzoden\",\"https:\/\/www.instagram.com\/eliassenhomeandgarden\/\",\"https:\/\/nl.pinterest.com\/eliassenhomeandgarden\/\",\"https:\/\/www.youtube.com\/@eliassenhomegardenpleasure4558\"],\"telephone\":[],\"openingHoursSpecification\":[{\"@type\":\"OpeningHoursSpecification\",\"dayOfWeek\":[\"Monday\",\"Tuesday\",\"Wednesday\",\"Thursday\",\"Friday\",\"Saturday\",\"Sunday\"],\"opens\":\"09:00\",\"closes\":\"17:00\"}]},{\"@type\":\"ImageObject\",\"inLanguage\":\"de\",\"@id\":\"https:\/\/www.eliassen.nl\/de\/bild-aluminium-gitarrist-schwarz-28cm\/#local-main-organization-logo\",\"url\":\"https:\/\/www.eliassen.nl\/wp-content\/uploads\/2024\/01\/logo_4nd.jpg\",\"contentUrl\":\"https:\/\/www.eliassen.nl\/wp-content\/uploads\/2024\/01\/logo_4nd.jpg\",\"width\":500,\"height\":500,\"caption\":\"Eliassen Home & Garden Pleasure\"}]}<\/script>\n<meta property=\"product:price:amount\" content=\"44.50\" \/>\n<meta property=\"product:price:currency\" content=\"EUR\" \/>\n<meta property=\"og:availability\" content=\"instock\" \/>\n<meta property=\"product:availability\" content=\"instock\" \/>\n<meta property=\"product:retailer_item_id\" content=\"Al1114\" \/>\n<meta property=\"product:condition\" content=\"new\" \/>\n<!-- \/ Yoast SEO Premium plugin. -->","yoast_head_json":{"title":"Statue Aluminium Gitarrenspieler schwarz 28cm","description":"Aluminiumskulpturen; sehen Sie sie alle in Eliassens Webshop, oder kommen Sie vorbei und schauen Sie sich das live an, der Kaffee ist fertig!","robots":{"index":"index","follow":"follow","max-snippet":"max-snippet:-1","max-image-preview":"max-image-preview:large","max-video-preview":"max-video-preview:-1"},"canonical":"https:\/\/www.eliassen.nl\/de\/bild-aluminium-gitarrist-schwarz-28cm\/","og_locale":"de_DE","og_type":"article","og_title":"Homebound Statue Aluminium Gitarrenspieler schwarz 28cm - Eliassen.nl","og_description":"Aluminiumskulpturen; sehen Sie sie alle in Eliassens Webshop, oder kommen Sie vorbei und schauen Sie sich das live an, der Kaffee ist fertig!","og_url":"https:\/\/www.eliassen.nl\/de\/bild-aluminium-gitarrist-schwarz-28cm\/","og_site_name":"Eliassen.nl","article_publisher":"https:\/\/www.facebook.com\/TuincentrumEliassenAmmerzoden","article_modified_time":"2025-12-31T12:54:33+00:00","og_image":[{"width":1000,"height":1000,"url":"https:\/\/www.eliassen.nl\/wp-content\/uploads\/2024\/10\/beeldaluminiumgitaarspelereliassennlal11144.jpg","type":"image\/jpeg"}],"twitter_card":"summary_large_image","schema":{"@context":"https:\/\/schema.org","@graph":[{"@type":"WebPage","@id":"https:\/\/www.eliassen.nl\/de\/bild-aluminium-gitarrist-schwarz-28cm\/","url":"https:\/\/www.eliassen.nl\/de\/bild-aluminium-gitarrist-schwarz-28cm\/","name":"Statue Aluminium Gitarrenspieler schwarz 28cm","isPartOf":{"@id":"https:\/\/www.eliassen.nl\/de\/#website"},"primaryImageOfPage":{"@id":"https:\/\/www.eliassen.nl\/de\/bild-aluminium-gitarrist-schwarz-28cm\/#primaryimage"},"image":{"@id":"https:\/\/www.eliassen.nl\/de\/bild-aluminium-gitarrist-schwarz-28cm\/#primaryimage"},"thumbnailUrl":"https:\/\/www.eliassen.nl\/wp-content\/uploads\/2024\/10\/beeldaluminiumgitaarspelereliassennlal11144.jpg","datePublished":"2024-04-29T13:44:30+00:00","dateModified":"2025-12-31T12:54:33+00:00","description":"Aluminiumskulpturen; sehen Sie sie alle in Eliassens Webshop, oder kommen Sie vorbei und schauen Sie sich das live an, der Kaffee ist fertig!","breadcrumb":{"@id":"https:\/\/www.eliassen.nl\/de\/bild-aluminium-gitarrist-schwarz-28cm\/#breadcrumb"},"inLanguage":"de","potentialAction":[{"@type":"ReadAction","target":["https:\/\/www.eliassen.nl\/de\/bild-aluminium-gitarrist-schwarz-28cm\/"]}]},{"@type":"ImageObject","inLanguage":"de","@id":"https:\/\/www.eliassen.nl\/de\/bild-aluminium-gitarrist-schwarz-28cm\/#primaryimage","url":"https:\/\/www.eliassen.nl\/wp-content\/uploads\/2024\/10\/beeldaluminiumgitaarspelereliassennlal11144.jpg","contentUrl":"https:\/\/www.eliassen.nl\/wp-content\/uploads\/2024\/10\/beeldaluminiumgitaarspelereliassennlal11144.jpg","width":1000,"height":1000,"caption":"Bild Aluminium Gitarrist Eliassen.nl al1114_4"},{"@type":"BreadcrumbList","@id":"https:\/\/www.eliassen.nl\/de\/bild-aluminium-gitarrist-schwarz-28cm\/#breadcrumb","itemListElement":[{"@type":"ListItem","position":1,"name":"Home","item":"https:\/\/www.eliassen.nl\/de\/"},{"@type":"ListItem","position":2,"name":"Shop","item":"https:\/\/www.eliassen.nl\/de\/shop\/"},{"@type":"ListItem","position":3,"name":"Bilder","item":"https:\/\/www.eliassen.nl\/de\/bilder\/"},{"@type":"ListItem","position":4,"name":"Statue Aluminium Gitarrenspieler schwarz 28cm"}]},{"@type":"WebSite","@id":"https:\/\/www.eliassen.nl\/de\/#website","url":"https:\/\/www.eliassen.nl\/de\/","name":"Eliassen Home & Garden Pleasure","description":"","publisher":{"@id":"https:\/\/www.eliassen.nl\/de\/#organization"},"alternateName":"Eliassen.nl","potentialAction":[{"@type":"SearchAction","target":{"@type":"EntryPoint","urlTemplate":"https:\/\/www.eliassen.nl\/de\/?s={search_term_string}"},"query-input":{"@type":"PropertyValueSpecification","valueRequired":true,"valueName":"search_term_string"}}],"inLanguage":"de"},{"@type":["Organization","Place"],"@id":"https:\/\/www.eliassen.nl\/de\/#organization","name":"Eliassen Home & Garden Pleasure","url":"https:\/\/www.eliassen.nl\/de\/","logo":{"@id":"https:\/\/www.eliassen.nl\/de\/bild-aluminium-gitarrist-schwarz-28cm\/#local-main-organization-logo"},"image":{"@id":"https:\/\/www.eliassen.nl\/de\/bild-aluminium-gitarrist-schwarz-28cm\/#local-main-organization-logo"},"sameAs":["https:\/\/www.facebook.com\/TuincentrumEliassenAmmerzoden","https:\/\/www.instagram.com\/eliassenhomeandgarden\/","https:\/\/nl.pinterest.com\/eliassenhomeandgarden\/","https:\/\/www.youtube.com\/@eliassenhomegardenpleasure4558"],"telephone":[],"openingHoursSpecification":[{"@type":"OpeningHoursSpecification","dayOfWeek":["Monday","Tuesday","Wednesday","Thursday","Friday","Saturday","Sunday"],"opens":"09:00","closes":"17:00"}]},{"@type":"ImageObject","inLanguage":"de","@id":"https:\/\/www.eliassen.nl\/de\/bild-aluminium-gitarrist-schwarz-28cm\/#local-main-organization-logo","url":"https:\/\/www.eliassen.nl\/wp-content\/uploads\/2024\/01\/logo_4nd.jpg","contentUrl":"https:\/\/www.eliassen.nl\/wp-content\/uploads\/2024\/01\/logo_4nd.jpg","width":500,"height":500,"caption":"Eliassen Home & Garden Pleasure"}]},"product_price_amount":"44.50","product_price_currency":"EUR","og_availability":"instock","product_availability":"instock","product_retailer_item_id":"Al1114","product_condition":"new"},"df_price":44.5,"df_sale_price":"","df_regular_price":44.5,"df_image_link":"https:\/\/www.eliassen.nl\/wp-content\/uploads\/2024\/10\/beeldaluminiumgitaarspelereliassennlal11144.jpg","image":"https:\/\/www.eliassen.nl\/wp-content\/uploads\/2024\/10\/beeldaluminiumgitaarspelereliassennlal11144.jpg","price_search":"<span class=\"woocommerce-Price-amount amount\"><bdi><span class=\"woocommerce-Price-currencySymbol\">&euro;<\/span>&nbsp;44,50<\/bdi><\/span>","category":"Aluminiumstatuen","global_unique_id":"8719097085433","_links":{"self":[{"href":"https:\/\/www.eliassen.nl\/de\/wp-json\/wp\/v2\/product\/153887","targetHints":{"allow":["GET"]}}],"collection":[{"href":"https:\/\/www.eliassen.nl\/de\/wp-json\/wp\/v2\/product"}],"about":[{"href":"https:\/\/www.eliassen.nl\/de\/wp-json\/wp\/v2\/types\/product"}],"wp:featuredmedia":[{"embeddable":true,"href":"https:\/\/www.eliassen.nl\/de\/wp-json\/wp\/v2\/media\/153872"}],"wp:attachment":[{"href":"https:\/\/www.eliassen.nl\/de\/wp-json\/wp\/v2\/media?parent=153887"}],"wp:term":[{"taxonomy":"product_brand","embeddable":true,"href":"https:\/\/www.eliassen.nl\/de\/wp-json\/wp\/v2\/product_brand?post=153887"},{"taxonomy":"product_cat","embeddable":true,"href":"https:\/\/www.eliassen.nl\/de\/wp-json\/wp\/v2\/product_cat?post=153887"},{"taxonomy":"product_tag","embeddable":true,"href":"https:\/\/www.eliassen.nl\/de\/wp-json\/wp\/v2\/product_tag?post=153887"}],"curies":[{"name":"wp","href":"https:\/\/api.w.org\/{rel}","templated":true}]}}