{"id":153800,"date":"2024-04-29T12:50:05","date_gmt":"2024-04-29T12:50:05","guid":{"rendered":"https:\/\/www.eliassen.nl\/?product=beeld-aluminium-samen-beige-23cm"},"modified":"2025-12-31T13:58:01","modified_gmt":"2025-12-31T12:58:01","slug":"bild-aluminium-samen-beige-23cm","status":"publish","type":"product","link":"https:\/\/www.eliassen.nl\/de\/bild-aluminium-samen-beige-23cm\/","title":{"rendered":"Bild Aluminium Together beige 23cm"},"content":{"rendered":"<p>Sch\u00f6ne schlanke Gussstatue von 2 Personen aus massivem Aluminium. Diese Skulptur besteht aus Aluminium, das bei einer Temperatur von \u00fcber 675 Grad Celsius in eine Form gegossen wird. Die Skulptur wird dann poliert und beschichtet. Diese Skulptur aus Aluminium ist \u00fcberall eine sch\u00f6ne Erg\u00e4nzung in Ihrer Arbeits- oder Wohnumgebung.<\/p>\n<ul>\n<li>Gr\u00f6\u00dfe: 23x7x10cm hoch<\/li>\n<li>Kann nur in Innenr\u00e4umen verwendet werden<\/li>\n<\/ul>\n","protected":false},"excerpt":{"rendered":"<p>Sch\u00f6ne figurative Skulptur aus massivem Aluminium<\/p>\n","protected":false},"featured_media":153791,"template":"","meta":{"_acf_changed":false,"_genesis_title":"","_genesis_description":""},"product_brand":[6948],"product_cat":[6999,7239],"product_tag":[],"class_list":{"0":"post-153800","1":"product","2":"type-product","3":"status-publish","4":"has-post-thumbnail","6":"product_brand-homebound-de","7":"product_cat-aluminiumstatuen","8":"product_cat-bilder","10":"first","11":"instock","12":"taxable","13":"shipping-taxable","14":"purchasable","15":"product-type-simple"},"acf":[],"meta_all":{"total_sales":"0","wcml_sync_hash":{"postmeta_fields":"e3e512388e33a32a6f5bd8522011fa32"},"attr_label_translations":[],"cor_restricted_countries":[]},"meta_all_flat":{"total_sales":"0","wcml_sync_hash.postmeta_fields":"e3e512388e33a32a6f5bd8522011fa32"},"yoast_head":"<!-- This site is optimized with the Yoast SEO Premium plugin v26.2 (Yoast SEO v27.2) - https:\/\/yoast.com\/product\/yoast-seo-premium-wordpress\/ -->\n<title>Bild Aluminium Together beige 23cm<\/title>\n<meta name=\"description\" content=\"Aluminiumskulpturen; sehen Sie sie alle in Eliassens Webshop, oder kommen Sie vorbei und schauen Sie sich das live an, der Kaffee ist fertig!\" \/>\n<meta name=\"robots\" content=\"index, follow, max-snippet:-1, max-image-preview:large, max-video-preview:-1\" \/>\n<link rel=\"canonical\" href=\"https:\/\/www.eliassen.nl\/de\/bild-aluminium-samen-beige-23cm\/\" \/>\n<meta property=\"og:locale\" content=\"de_DE\" \/>\n<meta property=\"og:type\" content=\"article\" \/>\n<meta property=\"og:title\" content=\"Homebound Bild Aluminium Together beige 23cm - Eliassen.nl\" \/>\n<meta property=\"og:description\" content=\"Aluminiumskulpturen; sehen Sie sie alle in Eliassens Webshop, oder kommen Sie vorbei und schauen Sie sich das live an, der Kaffee ist fertig!\" \/>\n<meta property=\"og:url\" content=\"https:\/\/www.eliassen.nl\/de\/bild-aluminium-samen-beige-23cm\/\" \/>\n<meta property=\"og:site_name\" content=\"Eliassen.nl\" \/>\n<meta property=\"article:publisher\" content=\"https:\/\/www.facebook.com\/TuincentrumEliassenAmmerzoden\" \/>\n<meta property=\"article:modified_time\" content=\"2025-12-31T12:58:01+00:00\" \/>\n<meta property=\"og:image\" content=\"https:\/\/www.eliassen.nl\/wp-content\/uploads\/2024\/10\/beeldaluminiumsameneliassennlal11082.jpg\" \/>\n\t<meta property=\"og:image:width\" content=\"1000\" \/>\n\t<meta property=\"og:image:height\" content=\"1000\" \/>\n\t<meta property=\"og:image:type\" content=\"image\/jpeg\" \/>\n<meta name=\"twitter:card\" content=\"summary_large_image\" \/>\n<script type=\"application\/ld+json\" class=\"yoast-schema-graph\">{\"@context\":\"https:\/\/schema.org\",\"@graph\":[{\"@type\":\"WebPage\",\"@id\":\"https:\/\/www.eliassen.nl\/de\/bild-aluminium-samen-beige-23cm\/\",\"url\":\"https:\/\/www.eliassen.nl\/de\/bild-aluminium-samen-beige-23cm\/\",\"name\":\"Bild Aluminium Together beige 23cm\",\"isPartOf\":{\"@id\":\"https:\/\/www.eliassen.nl\/de\/#website\"},\"primaryImageOfPage\":{\"@id\":\"https:\/\/www.eliassen.nl\/de\/bild-aluminium-samen-beige-23cm\/#primaryimage\"},\"image\":{\"@id\":\"https:\/\/www.eliassen.nl\/de\/bild-aluminium-samen-beige-23cm\/#primaryimage\"},\"thumbnailUrl\":\"https:\/\/www.eliassen.nl\/wp-content\/uploads\/2024\/10\/beeldaluminiumsameneliassennlal11082.jpg\",\"datePublished\":\"2024-04-29T12:50:05+00:00\",\"dateModified\":\"2025-12-31T12:58:01+00:00\",\"description\":\"Aluminiumskulpturen; sehen Sie sie alle in Eliassens Webshop, oder kommen Sie vorbei und schauen Sie sich das live an, der Kaffee ist fertig!\",\"breadcrumb\":{\"@id\":\"https:\/\/www.eliassen.nl\/de\/bild-aluminium-samen-beige-23cm\/#breadcrumb\"},\"inLanguage\":\"de\",\"potentialAction\":[{\"@type\":\"ReadAction\",\"target\":[\"https:\/\/www.eliassen.nl\/de\/bild-aluminium-samen-beige-23cm\/\"]}]},{\"@type\":\"ImageObject\",\"inLanguage\":\"de\",\"@id\":\"https:\/\/www.eliassen.nl\/de\/bild-aluminium-samen-beige-23cm\/#primaryimage\",\"url\":\"https:\/\/www.eliassen.nl\/wp-content\/uploads\/2024\/10\/beeldaluminiumsameneliassennlal11082.jpg\",\"contentUrl\":\"https:\/\/www.eliassen.nl\/wp-content\/uploads\/2024\/10\/beeldaluminiumsameneliassennlal11082.jpg\",\"width\":1000,\"height\":1000,\"caption\":\"Bild Aluminium Zusammen Eliassen.co.uk al1108_2\"},{\"@type\":\"BreadcrumbList\",\"@id\":\"https:\/\/www.eliassen.nl\/de\/bild-aluminium-samen-beige-23cm\/#breadcrumb\",\"itemListElement\":[{\"@type\":\"ListItem\",\"position\":1,\"name\":\"Home\",\"item\":\"https:\/\/www.eliassen.nl\/de\/\"},{\"@type\":\"ListItem\",\"position\":2,\"name\":\"Shop\",\"item\":\"https:\/\/www.eliassen.nl\/de\/shop\/\"},{\"@type\":\"ListItem\",\"position\":3,\"name\":\"Bilder\",\"item\":\"https:\/\/www.eliassen.nl\/de\/bilder\/\"},{\"@type\":\"ListItem\",\"position\":4,\"name\":\"Bild Aluminium Together beige 23cm\"}]},{\"@type\":\"WebSite\",\"@id\":\"https:\/\/www.eliassen.nl\/de\/#website\",\"url\":\"https:\/\/www.eliassen.nl\/de\/\",\"name\":\"Eliassen Home & Garden Pleasure\",\"description\":\"\",\"publisher\":{\"@id\":\"https:\/\/www.eliassen.nl\/de\/#organization\"},\"alternateName\":\"Eliassen.nl\",\"potentialAction\":[{\"@type\":\"SearchAction\",\"target\":{\"@type\":\"EntryPoint\",\"urlTemplate\":\"https:\/\/www.eliassen.nl\/de\/?s={search_term_string}\"},\"query-input\":{\"@type\":\"PropertyValueSpecification\",\"valueRequired\":true,\"valueName\":\"search_term_string\"}}],\"inLanguage\":\"de\"},{\"@type\":[\"Organization\",\"Place\"],\"@id\":\"https:\/\/www.eliassen.nl\/de\/#organization\",\"name\":\"Eliassen Home & Garden Pleasure\",\"url\":\"https:\/\/www.eliassen.nl\/de\/\",\"logo\":{\"@id\":\"https:\/\/www.eliassen.nl\/de\/bild-aluminium-samen-beige-23cm\/#local-main-organization-logo\"},\"image\":{\"@id\":\"https:\/\/www.eliassen.nl\/de\/bild-aluminium-samen-beige-23cm\/#local-main-organization-logo\"},\"sameAs\":[\"https:\/\/www.facebook.com\/TuincentrumEliassenAmmerzoden\",\"https:\/\/www.instagram.com\/eliassenhomeandgarden\/\",\"https:\/\/nl.pinterest.com\/eliassenhomeandgarden\/\",\"https:\/\/www.youtube.com\/@eliassenhomegardenpleasure4558\"],\"telephone\":[],\"openingHoursSpecification\":[{\"@type\":\"OpeningHoursSpecification\",\"dayOfWeek\":[\"Monday\",\"Tuesday\",\"Wednesday\",\"Thursday\",\"Friday\",\"Saturday\",\"Sunday\"],\"opens\":\"09:00\",\"closes\":\"17:00\"}]},{\"@type\":\"ImageObject\",\"inLanguage\":\"de\",\"@id\":\"https:\/\/www.eliassen.nl\/de\/bild-aluminium-samen-beige-23cm\/#local-main-organization-logo\",\"url\":\"https:\/\/www.eliassen.nl\/wp-content\/uploads\/2024\/01\/logo_4nd.jpg\",\"contentUrl\":\"https:\/\/www.eliassen.nl\/wp-content\/uploads\/2024\/01\/logo_4nd.jpg\",\"width\":500,\"height\":500,\"caption\":\"Eliassen Home & Garden Pleasure\"}]}<\/script>\n<meta property=\"product:price:amount\" content=\"20.95\" \/>\n<meta property=\"product:price:currency\" content=\"EUR\" \/>\n<meta property=\"og:availability\" content=\"instock\" \/>\n<meta property=\"product:availability\" content=\"instock\" \/>\n<meta property=\"product:retailer_item_id\" content=\"Al1108\" \/>\n<meta property=\"product:condition\" content=\"new\" \/>\n<!-- \/ Yoast SEO Premium plugin. -->","yoast_head_json":{"title":"Bild Aluminium Together beige 23cm","description":"Aluminiumskulpturen; sehen Sie sie alle in Eliassens Webshop, oder kommen Sie vorbei und schauen Sie sich das live an, der Kaffee ist fertig!","robots":{"index":"index","follow":"follow","max-snippet":"max-snippet:-1","max-image-preview":"max-image-preview:large","max-video-preview":"max-video-preview:-1"},"canonical":"https:\/\/www.eliassen.nl\/de\/bild-aluminium-samen-beige-23cm\/","og_locale":"de_DE","og_type":"article","og_title":"Homebound Bild Aluminium Together beige 23cm - Eliassen.nl","og_description":"Aluminiumskulpturen; sehen Sie sie alle in Eliassens Webshop, oder kommen Sie vorbei und schauen Sie sich das live an, der Kaffee ist fertig!","og_url":"https:\/\/www.eliassen.nl\/de\/bild-aluminium-samen-beige-23cm\/","og_site_name":"Eliassen.nl","article_publisher":"https:\/\/www.facebook.com\/TuincentrumEliassenAmmerzoden","article_modified_time":"2025-12-31T12:58:01+00:00","og_image":[{"width":1000,"height":1000,"url":"https:\/\/www.eliassen.nl\/wp-content\/uploads\/2024\/10\/beeldaluminiumsameneliassennlal11082.jpg","type":"image\/jpeg"}],"twitter_card":"summary_large_image","schema":{"@context":"https:\/\/schema.org","@graph":[{"@type":"WebPage","@id":"https:\/\/www.eliassen.nl\/de\/bild-aluminium-samen-beige-23cm\/","url":"https:\/\/www.eliassen.nl\/de\/bild-aluminium-samen-beige-23cm\/","name":"Bild Aluminium Together beige 23cm","isPartOf":{"@id":"https:\/\/www.eliassen.nl\/de\/#website"},"primaryImageOfPage":{"@id":"https:\/\/www.eliassen.nl\/de\/bild-aluminium-samen-beige-23cm\/#primaryimage"},"image":{"@id":"https:\/\/www.eliassen.nl\/de\/bild-aluminium-samen-beige-23cm\/#primaryimage"},"thumbnailUrl":"https:\/\/www.eliassen.nl\/wp-content\/uploads\/2024\/10\/beeldaluminiumsameneliassennlal11082.jpg","datePublished":"2024-04-29T12:50:05+00:00","dateModified":"2025-12-31T12:58:01+00:00","description":"Aluminiumskulpturen; sehen Sie sie alle in Eliassens Webshop, oder kommen Sie vorbei und schauen Sie sich das live an, der Kaffee ist fertig!","breadcrumb":{"@id":"https:\/\/www.eliassen.nl\/de\/bild-aluminium-samen-beige-23cm\/#breadcrumb"},"inLanguage":"de","potentialAction":[{"@type":"ReadAction","target":["https:\/\/www.eliassen.nl\/de\/bild-aluminium-samen-beige-23cm\/"]}]},{"@type":"ImageObject","inLanguage":"de","@id":"https:\/\/www.eliassen.nl\/de\/bild-aluminium-samen-beige-23cm\/#primaryimage","url":"https:\/\/www.eliassen.nl\/wp-content\/uploads\/2024\/10\/beeldaluminiumsameneliassennlal11082.jpg","contentUrl":"https:\/\/www.eliassen.nl\/wp-content\/uploads\/2024\/10\/beeldaluminiumsameneliassennlal11082.jpg","width":1000,"height":1000,"caption":"Bild Aluminium Zusammen Eliassen.co.uk al1108_2"},{"@type":"BreadcrumbList","@id":"https:\/\/www.eliassen.nl\/de\/bild-aluminium-samen-beige-23cm\/#breadcrumb","itemListElement":[{"@type":"ListItem","position":1,"name":"Home","item":"https:\/\/www.eliassen.nl\/de\/"},{"@type":"ListItem","position":2,"name":"Shop","item":"https:\/\/www.eliassen.nl\/de\/shop\/"},{"@type":"ListItem","position":3,"name":"Bilder","item":"https:\/\/www.eliassen.nl\/de\/bilder\/"},{"@type":"ListItem","position":4,"name":"Bild Aluminium Together beige 23cm"}]},{"@type":"WebSite","@id":"https:\/\/www.eliassen.nl\/de\/#website","url":"https:\/\/www.eliassen.nl\/de\/","name":"Eliassen Home & Garden Pleasure","description":"","publisher":{"@id":"https:\/\/www.eliassen.nl\/de\/#organization"},"alternateName":"Eliassen.nl","potentialAction":[{"@type":"SearchAction","target":{"@type":"EntryPoint","urlTemplate":"https:\/\/www.eliassen.nl\/de\/?s={search_term_string}"},"query-input":{"@type":"PropertyValueSpecification","valueRequired":true,"valueName":"search_term_string"}}],"inLanguage":"de"},{"@type":["Organization","Place"],"@id":"https:\/\/www.eliassen.nl\/de\/#organization","name":"Eliassen Home & Garden Pleasure","url":"https:\/\/www.eliassen.nl\/de\/","logo":{"@id":"https:\/\/www.eliassen.nl\/de\/bild-aluminium-samen-beige-23cm\/#local-main-organization-logo"},"image":{"@id":"https:\/\/www.eliassen.nl\/de\/bild-aluminium-samen-beige-23cm\/#local-main-organization-logo"},"sameAs":["https:\/\/www.facebook.com\/TuincentrumEliassenAmmerzoden","https:\/\/www.instagram.com\/eliassenhomeandgarden\/","https:\/\/nl.pinterest.com\/eliassenhomeandgarden\/","https:\/\/www.youtube.com\/@eliassenhomegardenpleasure4558"],"telephone":[],"openingHoursSpecification":[{"@type":"OpeningHoursSpecification","dayOfWeek":["Monday","Tuesday","Wednesday","Thursday","Friday","Saturday","Sunday"],"opens":"09:00","closes":"17:00"}]},{"@type":"ImageObject","inLanguage":"de","@id":"https:\/\/www.eliassen.nl\/de\/bild-aluminium-samen-beige-23cm\/#local-main-organization-logo","url":"https:\/\/www.eliassen.nl\/wp-content\/uploads\/2024\/01\/logo_4nd.jpg","contentUrl":"https:\/\/www.eliassen.nl\/wp-content\/uploads\/2024\/01\/logo_4nd.jpg","width":500,"height":500,"caption":"Eliassen Home & Garden Pleasure"}]},"product_price_amount":"20.95","product_price_currency":"EUR","og_availability":"instock","product_availability":"instock","product_retailer_item_id":"Al1108","product_condition":"new"},"df_price":20.95,"df_sale_price":"","df_regular_price":20.95,"df_image_link":"https:\/\/www.eliassen.nl\/wp-content\/uploads\/2024\/10\/beeldaluminiumsameneliassennlal11082.jpg","image":"https:\/\/www.eliassen.nl\/wp-content\/uploads\/2024\/10\/beeldaluminiumsameneliassennlal11082.jpg","price_search":"<span class=\"woocommerce-Price-amount amount\"><bdi><span class=\"woocommerce-Price-currencySymbol\">&euro;<\/span>&nbsp;20,95<\/bdi><\/span>","category":"Aluminiumstatuen","global_unique_id":"8719097085372","_links":{"self":[{"href":"https:\/\/www.eliassen.nl\/de\/wp-json\/wp\/v2\/product\/153800","targetHints":{"allow":["GET"]}}],"collection":[{"href":"https:\/\/www.eliassen.nl\/de\/wp-json\/wp\/v2\/product"}],"about":[{"href":"https:\/\/www.eliassen.nl\/de\/wp-json\/wp\/v2\/types\/product"}],"wp:featuredmedia":[{"embeddable":true,"href":"https:\/\/www.eliassen.nl\/de\/wp-json\/wp\/v2\/media\/153791"}],"wp:attachment":[{"href":"https:\/\/www.eliassen.nl\/de\/wp-json\/wp\/v2\/media?parent=153800"}],"wp:term":[{"taxonomy":"product_brand","embeddable":true,"href":"https:\/\/www.eliassen.nl\/de\/wp-json\/wp\/v2\/product_brand?post=153800"},{"taxonomy":"product_cat","embeddable":true,"href":"https:\/\/www.eliassen.nl\/de\/wp-json\/wp\/v2\/product_cat?post=153800"},{"taxonomy":"product_tag","embeddable":true,"href":"https:\/\/www.eliassen.nl\/de\/wp-json\/wp\/v2\/product_tag?post=153800"}],"curies":[{"name":"wp","href":"https:\/\/api.w.org\/{rel}","templated":true}]}}