{"id":15343,"date":"2019-10-28T18:17:27","date_gmt":"2019-10-28T18:17:27","guid":{"rendered":"https:\/\/www.eliassen.nl\/?product=3d-malerei-120x80cm-3-busse-copy"},"modified":"2026-01-07T13:23:25","modified_gmt":"2026-01-07T12:23:25","slug":"3d-malerei-metall-staffeleien-120x80cm","status":"publish","type":"product","link":"https:\/\/www.eliassen.nl\/de\/3d-malerei-metall-staffeleien-120x80cm\/","title":{"rendered":"3D Malerei Metall Esel 120x80cm"},"content":{"rendered":"<p>Ihr Haus, Ihr Gesch\u00e4ft oder Ihre Veranda (drau\u00dfen unter einem Vordach) wird mit einem 3D-Gem\u00e4lde wundersch\u00f6n aussehen. Dieses Modell mit Eseln ist vollst\u00e4ndig von Hand gefertigt. Alles ist aus Metall gefertigt, auch der Hintergrund.<\/p>\n<p>Da es handbemalt ist, kann die Farbe leicht vom Foto abweichen, sie sind nie genau gleich. Au\u00dferdem haben wir fast die gesamte Kollektion dieser Serie in unserem Gesch\u00e4ft, was in den Niederlanden einzigartig ist.<br \/>\nNirgendwo finden Sie eine so gro\u00dfe Sammlung. Sie sind herzlich willkommen.<\/p>\n<ul>\n<li>  Gr\u00f6\u00dfe 80 x 120cm<\/li>\n<li>  Einfach mit 2 Schrauben aufzuh\u00e4ngen<\/li>\n<li> Schnelle Lieferung<\/li>\n<li><strong>  Gr\u00f6\u00dfte Sammlung in den Benelux-L\u00e4ndern, auch f\u00fcr Live-Viewing verf\u00fcgbar<\/strong><\/li>\n<\/ul>\n<div><\/div>\n","protected":false},"excerpt":{"rendered":"<p>Ihr Haus, Ihr Gesch\u00e4ft oder Ihre Veranda (drau\u00dfen unter einem Vordach) wird mit einem 3D-Gem\u00e4lde wundersch\u00f6n aussehen. Dieses Modell mit Eseln ist vollst\u00e4ndig von Hand gefertigt. Alles ist aus Metall gefertigt, auch der Hintergrund. Da es handbemalt ist, kann die Farbe leicht vom Foto abweichen, sie sind nie genau gleich. Au\u00dferdem haben wir fast die &hellip;<\/p>\n","protected":false},"featured_media":15340,"template":"","meta":{"_acf_changed":false,"_genesis_title":"","_genesis_description":""},"product_brand":[7505],"product_cat":[419,434,410],"product_tag":[],"class_list":{"0":"post-15343","1":"product","2":"type-product","3":"status-publish","4":"has-post-thumbnail","6":"product_brand-sonstige","7":"product_cat-3d-schilderijen-van-metaal","8":"product_cat-3d-gemaelde-aus-metall-im-format-80x120cm","9":"product_cat-gemaelde","11":"first","12":"instock","13":"taxable","14":"shipping-taxable","15":"purchasable","16":"product-type-simple"},"acf":[],"meta_all":{"total_sales":"3","wcml_sync_hash":{"postmeta_fields":"2c130dbed98d63c91cf5acf4fa6ff241"},"attr_label_translations":[],"cor_restricted_countries":[]},"meta_all_flat":{"total_sales":"3","wcml_sync_hash.postmeta_fields":"2c130dbed98d63c91cf5acf4fa6ff241"},"yoast_head":"<!-- This site is optimized with the Yoast SEO Premium plugin v26.2 (Yoast SEO v27.2) - https:\/\/yoast.com\/product\/yoast-seo-premium-wordpress\/ -->\n<title>3d Malerei Metall Esel | 120x80cm | Eliassen.nl<\/title>\n<meta name=\"description\" content=\"Ein lustiges 3D-Metallbild mit 3 Eseln im Vordergrund. Ein handgemaltes Gem\u00e4lde. \u221a LIVE-Ansicht \u221a +1.500 Gem\u00e4lde\" \/>\n<meta name=\"robots\" content=\"index, follow, max-snippet:-1, max-image-preview:large, max-video-preview:-1\" \/>\n<link rel=\"canonical\" href=\"https:\/\/www.eliassen.nl\/de\/3d-malerei-metall-staffeleien-120x80cm\/\" \/>\n<meta property=\"og:locale\" content=\"de_DE\" \/>\n<meta property=\"og:type\" content=\"article\" \/>\n<meta property=\"og:title\" content=\"Sonstige 3D Malerei Metall Esel 120x80cm - Eliassen.nl\" \/>\n<meta property=\"og:description\" content=\"Ein lustiges 3D-Metallbild mit 3 Eseln im Vordergrund. Ein handgemaltes Gem\u00e4lde. \u221a LIVE-Ansicht \u221a +1.500 Gem\u00e4lde\" \/>\n<meta property=\"og:url\" content=\"https:\/\/www.eliassen.nl\/de\/3d-malerei-metall-staffeleien-120x80cm\/\" \/>\n<meta property=\"og:site_name\" content=\"Eliassen.nl\" \/>\n<meta property=\"article:publisher\" content=\"https:\/\/www.facebook.com\/TuincentrumEliassenAmmerzoden\" \/>\n<meta property=\"article:modified_time\" content=\"2026-01-07T12:23:25+00:00\" \/>\n<meta property=\"og:image\" content=\"https:\/\/www.eliassen.nl\/wp-content\/uploads\/2024\/01\/3dschilderijmetaalezels120x80cmeliassennl.jpg\" \/>\n\t<meta property=\"og:image:width\" content=\"300\" \/>\n\t<meta property=\"og:image:height\" content=\"300\" \/>\n\t<meta property=\"og:image:type\" content=\"image\/jpeg\" \/>\n<meta name=\"twitter:card\" content=\"summary_large_image\" \/>\n<script type=\"application\/ld+json\" class=\"yoast-schema-graph\">{\"@context\":\"https:\/\/schema.org\",\"@graph\":[{\"@type\":\"WebPage\",\"@id\":\"https:\/\/www.eliassen.nl\/de\/3d-malerei-metall-staffeleien-120x80cm\/\",\"url\":\"https:\/\/www.eliassen.nl\/de\/3d-malerei-metall-staffeleien-120x80cm\/\",\"name\":\"3d Malerei Metall Esel | 120x80cm | Eliassen.nl\",\"isPartOf\":{\"@id\":\"https:\/\/www.eliassen.nl\/de\/#website\"},\"primaryImageOfPage\":{\"@id\":\"https:\/\/www.eliassen.nl\/de\/3d-malerei-metall-staffeleien-120x80cm\/#primaryimage\"},\"image\":{\"@id\":\"https:\/\/www.eliassen.nl\/de\/3d-malerei-metall-staffeleien-120x80cm\/#primaryimage\"},\"thumbnailUrl\":\"https:\/\/www.eliassen.nl\/wp-content\/uploads\/2024\/01\/3dschilderijmetaalezels120x80cmeliassennl.jpg\",\"datePublished\":\"2019-10-28T18:17:27+00:00\",\"dateModified\":\"2026-01-07T12:23:25+00:00\",\"description\":\"Ein lustiges 3D-Metallbild mit 3 Eseln im Vordergrund. Ein handgemaltes Gem\u00e4lde. \u221a LIVE-Ansicht \u221a +1.500 Gem\u00e4lde\",\"breadcrumb\":{\"@id\":\"https:\/\/www.eliassen.nl\/de\/3d-malerei-metall-staffeleien-120x80cm\/#breadcrumb\"},\"inLanguage\":\"de\",\"potentialAction\":[{\"@type\":\"ReadAction\",\"target\":[\"https:\/\/www.eliassen.nl\/de\/3d-malerei-metall-staffeleien-120x80cm\/\"]}]},{\"@type\":\"ImageObject\",\"inLanguage\":\"de\",\"@id\":\"https:\/\/www.eliassen.nl\/de\/3d-malerei-metall-staffeleien-120x80cm\/#primaryimage\",\"url\":\"https:\/\/www.eliassen.nl\/wp-content\/uploads\/2024\/01\/3dschilderijmetaalezels120x80cmeliassennl.jpg\",\"contentUrl\":\"https:\/\/www.eliassen.nl\/wp-content\/uploads\/2024\/01\/3dschilderijmetaalezels120x80cmeliassennl.jpg\",\"width\":300,\"height\":300,\"caption\":\"3D Malerei Metall Esel 120x80cm | Eliassen.nl\"},{\"@type\":\"BreadcrumbList\",\"@id\":\"https:\/\/www.eliassen.nl\/de\/3d-malerei-metall-staffeleien-120x80cm\/#breadcrumb\",\"itemListElement\":[{\"@type\":\"ListItem\",\"position\":1,\"name\":\"Home\",\"item\":\"https:\/\/www.eliassen.nl\/de\/\"},{\"@type\":\"ListItem\",\"position\":2,\"name\":\"Shop\",\"item\":\"https:\/\/www.eliassen.nl\/de\/shop\/\"},{\"@type\":\"ListItem\",\"position\":3,\"name\":\"Gem\u00e4lde\",\"item\":\"https:\/\/www.eliassen.nl\/de\/gemaelde\/\"},{\"@type\":\"ListItem\",\"position\":4,\"name\":\"3D metalen schilderijen\",\"item\":\"https:\/\/www.eliassen.nl\/de\/gemaelde\/3d-gemaelde-aus-metall\/\"},{\"@type\":\"ListItem\",\"position\":5,\"name\":\"3D-Gem\u00e4lde aus Metall im Format 80x120cm\",\"item\":\"https:\/\/www.eliassen.nl\/de\/gemaelde\/3d-gemaelde-aus-metall\/3d-gemaelde-aus-metall-im-format-80x120cm\/\"},{\"@type\":\"ListItem\",\"position\":6,\"name\":\"3D Malerei Metall Esel 120x80cm\"}]},{\"@type\":\"WebSite\",\"@id\":\"https:\/\/www.eliassen.nl\/de\/#website\",\"url\":\"https:\/\/www.eliassen.nl\/de\/\",\"name\":\"Eliassen Home & Garden Pleasure\",\"description\":\"\",\"publisher\":{\"@id\":\"https:\/\/www.eliassen.nl\/de\/#organization\"},\"alternateName\":\"Eliassen.nl\",\"potentialAction\":[{\"@type\":\"SearchAction\",\"target\":{\"@type\":\"EntryPoint\",\"urlTemplate\":\"https:\/\/www.eliassen.nl\/de\/?s={search_term_string}\"},\"query-input\":{\"@type\":\"PropertyValueSpecification\",\"valueRequired\":true,\"valueName\":\"search_term_string\"}}],\"inLanguage\":\"de\"},{\"@type\":[\"Organization\",\"Place\"],\"@id\":\"https:\/\/www.eliassen.nl\/de\/#organization\",\"name\":\"Eliassen Home & Garden Pleasure\",\"url\":\"https:\/\/www.eliassen.nl\/de\/\",\"logo\":{\"@id\":\"https:\/\/www.eliassen.nl\/de\/3d-malerei-metall-staffeleien-120x80cm\/#local-main-organization-logo\"},\"image\":{\"@id\":\"https:\/\/www.eliassen.nl\/de\/3d-malerei-metall-staffeleien-120x80cm\/#local-main-organization-logo\"},\"sameAs\":[\"https:\/\/www.facebook.com\/TuincentrumEliassenAmmerzoden\",\"https:\/\/www.instagram.com\/eliassenhomeandgarden\/\",\"https:\/\/nl.pinterest.com\/eliassenhomeandgarden\/\",\"https:\/\/www.youtube.com\/@eliassenhomegardenpleasure4558\"],\"telephone\":[],\"openingHoursSpecification\":[{\"@type\":\"OpeningHoursSpecification\",\"dayOfWeek\":[\"Monday\",\"Tuesday\",\"Wednesday\",\"Thursday\",\"Friday\",\"Saturday\",\"Sunday\"],\"opens\":\"09:00\",\"closes\":\"17:00\"}]},{\"@type\":\"ImageObject\",\"inLanguage\":\"de\",\"@id\":\"https:\/\/www.eliassen.nl\/de\/3d-malerei-metall-staffeleien-120x80cm\/#local-main-organization-logo\",\"url\":\"https:\/\/www.eliassen.nl\/wp-content\/uploads\/2024\/01\/logo_4nd.jpg\",\"contentUrl\":\"https:\/\/www.eliassen.nl\/wp-content\/uploads\/2024\/01\/logo_4nd.jpg\",\"width\":500,\"height\":500,\"caption\":\"Eliassen Home & Garden Pleasure\"}]}<\/script>\n<meta property=\"product:price:amount\" content=\"209.00\" \/>\n<meta property=\"product:price:currency\" content=\"EUR\" \/>\n<meta property=\"og:availability\" content=\"instock\" \/>\n<meta property=\"product:availability\" content=\"instock\" \/>\n<meta property=\"product:retailer_item_id\" content=\"616\" \/>\n<meta property=\"product:condition\" content=\"new\" \/>\n<!-- \/ Yoast SEO Premium plugin. -->","yoast_head_json":{"title":"3d Malerei Metall Esel | 120x80cm | Eliassen.nl","description":"Ein lustiges 3D-Metallbild mit 3 Eseln im Vordergrund. Ein handgemaltes Gem\u00e4lde. \u221a LIVE-Ansicht \u221a +1.500 Gem\u00e4lde","robots":{"index":"index","follow":"follow","max-snippet":"max-snippet:-1","max-image-preview":"max-image-preview:large","max-video-preview":"max-video-preview:-1"},"canonical":"https:\/\/www.eliassen.nl\/de\/3d-malerei-metall-staffeleien-120x80cm\/","og_locale":"de_DE","og_type":"article","og_title":"Sonstige 3D Malerei Metall Esel 120x80cm - Eliassen.nl","og_description":"Ein lustiges 3D-Metallbild mit 3 Eseln im Vordergrund. Ein handgemaltes Gem\u00e4lde. \u221a LIVE-Ansicht \u221a +1.500 Gem\u00e4lde","og_url":"https:\/\/www.eliassen.nl\/de\/3d-malerei-metall-staffeleien-120x80cm\/","og_site_name":"Eliassen.nl","article_publisher":"https:\/\/www.facebook.com\/TuincentrumEliassenAmmerzoden","article_modified_time":"2026-01-07T12:23:25+00:00","og_image":[{"width":300,"height":300,"url":"https:\/\/www.eliassen.nl\/wp-content\/uploads\/2024\/01\/3dschilderijmetaalezels120x80cmeliassennl.jpg","type":"image\/jpeg"}],"twitter_card":"summary_large_image","schema":{"@context":"https:\/\/schema.org","@graph":[{"@type":"WebPage","@id":"https:\/\/www.eliassen.nl\/de\/3d-malerei-metall-staffeleien-120x80cm\/","url":"https:\/\/www.eliassen.nl\/de\/3d-malerei-metall-staffeleien-120x80cm\/","name":"3d Malerei Metall Esel | 120x80cm | Eliassen.nl","isPartOf":{"@id":"https:\/\/www.eliassen.nl\/de\/#website"},"primaryImageOfPage":{"@id":"https:\/\/www.eliassen.nl\/de\/3d-malerei-metall-staffeleien-120x80cm\/#primaryimage"},"image":{"@id":"https:\/\/www.eliassen.nl\/de\/3d-malerei-metall-staffeleien-120x80cm\/#primaryimage"},"thumbnailUrl":"https:\/\/www.eliassen.nl\/wp-content\/uploads\/2024\/01\/3dschilderijmetaalezels120x80cmeliassennl.jpg","datePublished":"2019-10-28T18:17:27+00:00","dateModified":"2026-01-07T12:23:25+00:00","description":"Ein lustiges 3D-Metallbild mit 3 Eseln im Vordergrund. Ein handgemaltes Gem\u00e4lde. \u221a LIVE-Ansicht \u221a +1.500 Gem\u00e4lde","breadcrumb":{"@id":"https:\/\/www.eliassen.nl\/de\/3d-malerei-metall-staffeleien-120x80cm\/#breadcrumb"},"inLanguage":"de","potentialAction":[{"@type":"ReadAction","target":["https:\/\/www.eliassen.nl\/de\/3d-malerei-metall-staffeleien-120x80cm\/"]}]},{"@type":"ImageObject","inLanguage":"de","@id":"https:\/\/www.eliassen.nl\/de\/3d-malerei-metall-staffeleien-120x80cm\/#primaryimage","url":"https:\/\/www.eliassen.nl\/wp-content\/uploads\/2024\/01\/3dschilderijmetaalezels120x80cmeliassennl.jpg","contentUrl":"https:\/\/www.eliassen.nl\/wp-content\/uploads\/2024\/01\/3dschilderijmetaalezels120x80cmeliassennl.jpg","width":300,"height":300,"caption":"3D Malerei Metall Esel 120x80cm | Eliassen.nl"},{"@type":"BreadcrumbList","@id":"https:\/\/www.eliassen.nl\/de\/3d-malerei-metall-staffeleien-120x80cm\/#breadcrumb","itemListElement":[{"@type":"ListItem","position":1,"name":"Home","item":"https:\/\/www.eliassen.nl\/de\/"},{"@type":"ListItem","position":2,"name":"Shop","item":"https:\/\/www.eliassen.nl\/de\/shop\/"},{"@type":"ListItem","position":3,"name":"Gem\u00e4lde","item":"https:\/\/www.eliassen.nl\/de\/gemaelde\/"},{"@type":"ListItem","position":4,"name":"3D metalen schilderijen","item":"https:\/\/www.eliassen.nl\/de\/gemaelde\/3d-gemaelde-aus-metall\/"},{"@type":"ListItem","position":5,"name":"3D-Gem\u00e4lde aus Metall im Format 80x120cm","item":"https:\/\/www.eliassen.nl\/de\/gemaelde\/3d-gemaelde-aus-metall\/3d-gemaelde-aus-metall-im-format-80x120cm\/"},{"@type":"ListItem","position":6,"name":"3D Malerei Metall Esel 120x80cm"}]},{"@type":"WebSite","@id":"https:\/\/www.eliassen.nl\/de\/#website","url":"https:\/\/www.eliassen.nl\/de\/","name":"Eliassen Home & Garden Pleasure","description":"","publisher":{"@id":"https:\/\/www.eliassen.nl\/de\/#organization"},"alternateName":"Eliassen.nl","potentialAction":[{"@type":"SearchAction","target":{"@type":"EntryPoint","urlTemplate":"https:\/\/www.eliassen.nl\/de\/?s={search_term_string}"},"query-input":{"@type":"PropertyValueSpecification","valueRequired":true,"valueName":"search_term_string"}}],"inLanguage":"de"},{"@type":["Organization","Place"],"@id":"https:\/\/www.eliassen.nl\/de\/#organization","name":"Eliassen Home & Garden Pleasure","url":"https:\/\/www.eliassen.nl\/de\/","logo":{"@id":"https:\/\/www.eliassen.nl\/de\/3d-malerei-metall-staffeleien-120x80cm\/#local-main-organization-logo"},"image":{"@id":"https:\/\/www.eliassen.nl\/de\/3d-malerei-metall-staffeleien-120x80cm\/#local-main-organization-logo"},"sameAs":["https:\/\/www.facebook.com\/TuincentrumEliassenAmmerzoden","https:\/\/www.instagram.com\/eliassenhomeandgarden\/","https:\/\/nl.pinterest.com\/eliassenhomeandgarden\/","https:\/\/www.youtube.com\/@eliassenhomegardenpleasure4558"],"telephone":[],"openingHoursSpecification":[{"@type":"OpeningHoursSpecification","dayOfWeek":["Monday","Tuesday","Wednesday","Thursday","Friday","Saturday","Sunday"],"opens":"09:00","closes":"17:00"}]},{"@type":"ImageObject","inLanguage":"de","@id":"https:\/\/www.eliassen.nl\/de\/3d-malerei-metall-staffeleien-120x80cm\/#local-main-organization-logo","url":"https:\/\/www.eliassen.nl\/wp-content\/uploads\/2024\/01\/logo_4nd.jpg","contentUrl":"https:\/\/www.eliassen.nl\/wp-content\/uploads\/2024\/01\/logo_4nd.jpg","width":500,"height":500,"caption":"Eliassen Home & Garden Pleasure"}]},"product_price_amount":"209.00","product_price_currency":"EUR","og_availability":"instock","product_availability":"instock","product_retailer_item_id":"616","product_condition":"new"},"df_price":209,"df_sale_price":"","df_regular_price":209,"df_image_link":"https:\/\/www.eliassen.nl\/wp-content\/uploads\/2024\/01\/3dschilderijmetaalezels120x80cmeliassennl.jpg","image":"https:\/\/www.eliassen.nl\/wp-content\/uploads\/2024\/01\/3dschilderijmetaalezels120x80cmeliassennl.jpg","price_search":"<span class=\"woocommerce-Price-amount amount\"><bdi><span class=\"woocommerce-Price-currencySymbol\">&euro;<\/span>&nbsp;209,00<\/bdi><\/span>","category":"3D metalen schilderijen","global_unique_id":"6013805484443","_links":{"self":[{"href":"https:\/\/www.eliassen.nl\/de\/wp-json\/wp\/v2\/product\/15343","targetHints":{"allow":["GET"]}}],"collection":[{"href":"https:\/\/www.eliassen.nl\/de\/wp-json\/wp\/v2\/product"}],"about":[{"href":"https:\/\/www.eliassen.nl\/de\/wp-json\/wp\/v2\/types\/product"}],"wp:featuredmedia":[{"embeddable":true,"href":"https:\/\/www.eliassen.nl\/de\/wp-json\/wp\/v2\/media\/15340"}],"wp:attachment":[{"href":"https:\/\/www.eliassen.nl\/de\/wp-json\/wp\/v2\/media?parent=15343"}],"wp:term":[{"taxonomy":"product_brand","embeddable":true,"href":"https:\/\/www.eliassen.nl\/de\/wp-json\/wp\/v2\/product_brand?post=15343"},{"taxonomy":"product_cat","embeddable":true,"href":"https:\/\/www.eliassen.nl\/de\/wp-json\/wp\/v2\/product_cat?post=15343"},{"taxonomy":"product_tag","embeddable":true,"href":"https:\/\/www.eliassen.nl\/de\/wp-json\/wp\/v2\/product_tag?post=15343"}],"curies":[{"name":"wp","href":"https:\/\/api.w.org\/{rel}","templated":true}]}}