{"id":153308,"date":"2024-04-17T09:38:18","date_gmt":"2024-04-17T09:38:18","guid":{"rendered":"https:\/\/www.eliassen.nl\/?product=spiegel-klassiek-barok-ovaal-matera-goud-55cm"},"modified":"2025-11-27T13:51:31","modified_gmt":"2025-11-27T12:51:31","slug":"klassischer-ovaler-goldspiegel-im-barockstil-mit-engeln-matera-55-cm","status":"publish","type":"product","link":"https:\/\/www.eliassen.nl\/de\/klassischer-ovaler-goldspiegel-im-barockstil-mit-engeln-matera-55-cm\/","title":{"rendered":"Spiegel klassisch barock oval gold mit Engeln Matera 55cm"},"content":{"rendered":"<p>Dieser ovale Barockspiegel mit Engeln ist eine wahre Zierde f\u00fcr Ihr Zuhause. In Ihrem Wohn- oder Schlafzimmer werden Sie sicher einen Platz finden, an dem Sie oft in diesen Spiegel schauen k\u00f6nnen. Die Gr\u00f6\u00dfe ist die des Spiegels inklusive Rahmen.<\/p>\n<p>Klares Spiegelglas bietet eine sehr klare Sicht,<\/p>\n<ul>\n<li>Gr\u00f6\u00dfe: 35x55cm hoch<\/li>\n<li>Material Gestell: Polyresin<\/li>\n<li>Farbe: gold<\/li>\n<\/ul>\n","protected":false},"excerpt":{"rendered":"<p>\u2713 35x55cm \u2713 Wundersch\u00f6n detaillierter Spiegel \u2713 Polyresin<\/p>\n","protected":false},"featured_media":153305,"template":"","meta":{"_acf_changed":false,"_genesis_title":"","_genesis_description":""},"product_brand":[7505],"product_cat":[1451,509,7051],"product_tag":[],"class_list":{"0":"post-153308","1":"product","2":"type-product","3":"status-publish","4":"has-post-thumbnail","6":"product_brand-sonstige","7":"product_cat-barockspiegel","8":"product_cat-wanddekoration","9":"product_cat-spiegel","11":"first","12":"outofstock","13":"taxable","14":"shipping-taxable","15":"purchasable","16":"product-type-simple"},"acf":[],"meta_all":{"total_sales":"3","wcml_sync_hash":{"postmeta_fields":"6ff721849b4ecef64b617f255b96db90"},"attr_label_translations":[]},"meta_all_flat":{"total_sales":"3","wcml_sync_hash.postmeta_fields":"6ff721849b4ecef64b617f255b96db90"},"yoast_head":"<!-- This site is optimized with the Yoast SEO Premium plugin v26.2 (Yoast SEO v27.2) - https:\/\/yoast.com\/product\/yoast-seo-premium-wordpress\/ -->\n<title>Spiegel klassisch barock oval gold mit Engeln Matera 55cm - Eliassen<\/title>\n<meta name=\"description\" content=\"Sind Sie auf der Suche nach einem klassischen Barockspiegel? Sehen Sie sich dieses Modell an. Die Farbe ist gold und der Spiegel hat eine ovale Form. Auch in diesem Fall gibt es Engel.\" \/>\n<meta name=\"robots\" content=\"index, follow, max-snippet:-1, max-image-preview:large, max-video-preview:-1\" \/>\n<link rel=\"canonical\" href=\"https:\/\/www.eliassen.nl\/de\/klassischer-ovaler-goldspiegel-im-barockstil-mit-engeln-matera-55-cm\/\" \/>\n<meta property=\"og:locale\" content=\"de_DE\" \/>\n<meta property=\"og:type\" content=\"article\" \/>\n<meta property=\"og:title\" content=\"Sonstige Spiegel klassisch barock oval gold mit Engeln Matera 55cm - Eliassen.nl\" \/>\n<meta property=\"og:description\" content=\"Sind Sie auf der Suche nach einem klassischen Barockspiegel? Sehen Sie sich dieses Modell an. Die Farbe ist gold und der Spiegel hat eine ovale Form. Auch in diesem Fall gibt es Engel.\" \/>\n<meta property=\"og:url\" content=\"https:\/\/www.eliassen.nl\/de\/klassischer-ovaler-goldspiegel-im-barockstil-mit-engeln-matera-55-cm\/\" \/>\n<meta property=\"og:site_name\" content=\"Eliassen.nl\" \/>\n<meta property=\"article:publisher\" content=\"https:\/\/www.facebook.com\/TuincentrumEliassenAmmerzoden\" \/>\n<meta property=\"article:modified_time\" content=\"2025-11-27T12:51:31+00:00\" \/>\n<meta property=\"og:image\" content=\"https:\/\/www.eliassen.nl\/wp-content\/uploads\/2024\/10\/spiegelbarokmateragoudeliassennlnf112.jpg\" \/>\n\t<meta property=\"og:image:width\" content=\"560\" \/>\n\t<meta property=\"og:image:height\" content=\"560\" \/>\n\t<meta property=\"og:image:type\" content=\"image\/jpeg\" \/>\n<meta name=\"twitter:card\" content=\"summary_large_image\" \/>\n<script type=\"application\/ld+json\" class=\"yoast-schema-graph\">{\"@context\":\"https:\/\/schema.org\",\"@graph\":[{\"@type\":\"WebPage\",\"@id\":\"https:\/\/www.eliassen.nl\/de\/klassischer-ovaler-goldspiegel-im-barockstil-mit-engeln-matera-55-cm\/\",\"url\":\"https:\/\/www.eliassen.nl\/de\/klassischer-ovaler-goldspiegel-im-barockstil-mit-engeln-matera-55-cm\/\",\"name\":\"Spiegel klassisch barock oval gold mit Engeln Matera 55cm - Eliassen\",\"isPartOf\":{\"@id\":\"https:\/\/www.eliassen.nl\/de\/#website\"},\"primaryImageOfPage\":{\"@id\":\"https:\/\/www.eliassen.nl\/de\/klassischer-ovaler-goldspiegel-im-barockstil-mit-engeln-matera-55-cm\/#primaryimage\"},\"image\":{\"@id\":\"https:\/\/www.eliassen.nl\/de\/klassischer-ovaler-goldspiegel-im-barockstil-mit-engeln-matera-55-cm\/#primaryimage\"},\"thumbnailUrl\":\"https:\/\/www.eliassen.nl\/wp-content\/uploads\/2024\/10\/spiegelbarokmateragoudeliassennlnf112.jpg\",\"datePublished\":\"2024-04-17T09:38:18+00:00\",\"dateModified\":\"2025-11-27T12:51:31+00:00\",\"description\":\"Sind Sie auf der Suche nach einem klassischen Barockspiegel? Sehen Sie sich dieses Modell an. Die Farbe ist gold und der Spiegel hat eine ovale Form. Auch in diesem Fall gibt es Engel.\",\"breadcrumb\":{\"@id\":\"https:\/\/www.eliassen.nl\/de\/klassischer-ovaler-goldspiegel-im-barockstil-mit-engeln-matera-55-cm\/#breadcrumb\"},\"inLanguage\":\"de\",\"potentialAction\":[{\"@type\":\"ReadAction\",\"target\":[\"https:\/\/www.eliassen.nl\/de\/klassischer-ovaler-goldspiegel-im-barockstil-mit-engeln-matera-55-cm\/\"]}]},{\"@type\":\"ImageObject\",\"inLanguage\":\"de\",\"@id\":\"https:\/\/www.eliassen.nl\/de\/klassischer-ovaler-goldspiegel-im-barockstil-mit-engeln-matera-55-cm\/#primaryimage\",\"url\":\"https:\/\/www.eliassen.nl\/wp-content\/uploads\/2024\/10\/spiegelbarokmateragoudeliassennlnf112.jpg\",\"contentUrl\":\"https:\/\/www.eliassen.nl\/wp-content\/uploads\/2024\/10\/spiegelbarokmateragoudeliassennlnf112.jpg\",\"width\":560,\"height\":560,\"caption\":\"Spiegel Barock Matera Gold Eliassen.nl NF-112\"},{\"@type\":\"BreadcrumbList\",\"@id\":\"https:\/\/www.eliassen.nl\/de\/klassischer-ovaler-goldspiegel-im-barockstil-mit-engeln-matera-55-cm\/#breadcrumb\",\"itemListElement\":[{\"@type\":\"ListItem\",\"position\":1,\"name\":\"Home\",\"item\":\"https:\/\/www.eliassen.nl\/de\/\"},{\"@type\":\"ListItem\",\"position\":2,\"name\":\"Shop\",\"item\":\"https:\/\/www.eliassen.nl\/de\/shop\/\"},{\"@type\":\"ListItem\",\"position\":3,\"name\":\"Wanddekoration\",\"item\":\"https:\/\/www.eliassen.nl\/de\/wanddekoration\/\"},{\"@type\":\"ListItem\",\"position\":4,\"name\":\"Barockspiegel\",\"item\":\"https:\/\/www.eliassen.nl\/de\/wanddekoration\/barockspiegel\/\"},{\"@type\":\"ListItem\",\"position\":5,\"name\":\"Spiegel klassisch barock oval gold mit Engeln Matera 55cm\"}]},{\"@type\":\"WebSite\",\"@id\":\"https:\/\/www.eliassen.nl\/de\/#website\",\"url\":\"https:\/\/www.eliassen.nl\/de\/\",\"name\":\"Eliassen Home & Garden Pleasure\",\"description\":\"\",\"publisher\":{\"@id\":\"https:\/\/www.eliassen.nl\/de\/#organization\"},\"alternateName\":\"Eliassen.nl\",\"potentialAction\":[{\"@type\":\"SearchAction\",\"target\":{\"@type\":\"EntryPoint\",\"urlTemplate\":\"https:\/\/www.eliassen.nl\/de\/?s={search_term_string}\"},\"query-input\":{\"@type\":\"PropertyValueSpecification\",\"valueRequired\":true,\"valueName\":\"search_term_string\"}}],\"inLanguage\":\"de\"},{\"@type\":[\"Organization\",\"Place\"],\"@id\":\"https:\/\/www.eliassen.nl\/de\/#organization\",\"name\":\"Eliassen Home & Garden Pleasure\",\"url\":\"https:\/\/www.eliassen.nl\/de\/\",\"logo\":{\"@id\":\"https:\/\/www.eliassen.nl\/de\/klassischer-ovaler-goldspiegel-im-barockstil-mit-engeln-matera-55-cm\/#local-main-organization-logo\"},\"image\":{\"@id\":\"https:\/\/www.eliassen.nl\/de\/klassischer-ovaler-goldspiegel-im-barockstil-mit-engeln-matera-55-cm\/#local-main-organization-logo\"},\"sameAs\":[\"https:\/\/www.facebook.com\/TuincentrumEliassenAmmerzoden\",\"https:\/\/www.instagram.com\/eliassenhomeandgarden\/\",\"https:\/\/nl.pinterest.com\/eliassenhomeandgarden\/\",\"https:\/\/www.youtube.com\/@eliassenhomegardenpleasure4558\"],\"telephone\":[],\"openingHoursSpecification\":[{\"@type\":\"OpeningHoursSpecification\",\"dayOfWeek\":[\"Monday\",\"Tuesday\",\"Wednesday\",\"Thursday\",\"Friday\",\"Saturday\",\"Sunday\"],\"opens\":\"09:00\",\"closes\":\"17:00\"}]},{\"@type\":\"ImageObject\",\"inLanguage\":\"de\",\"@id\":\"https:\/\/www.eliassen.nl\/de\/klassischer-ovaler-goldspiegel-im-barockstil-mit-engeln-matera-55-cm\/#local-main-organization-logo\",\"url\":\"https:\/\/www.eliassen.nl\/wp-content\/uploads\/2024\/01\/logo_4nd.jpg\",\"contentUrl\":\"https:\/\/www.eliassen.nl\/wp-content\/uploads\/2024\/01\/logo_4nd.jpg\",\"width\":500,\"height\":500,\"caption\":\"Eliassen Home & Garden Pleasure\"}]}<\/script>\n<meta property=\"product:price:amount\" content=\"55.00\" \/>\n<meta property=\"product:price:currency\" content=\"EUR\" \/>\n<meta property=\"og:availability\" content=\"out of stock\" \/>\n<meta property=\"product:availability\" content=\"out of stock\" \/>\n<meta property=\"product:retailer_item_id\" content=\"Nf-112\" \/>\n<meta property=\"product:condition\" content=\"new\" \/>\n<!-- \/ Yoast SEO Premium plugin. -->","yoast_head_json":{"title":"Spiegel klassisch barock oval gold mit Engeln Matera 55cm - Eliassen","description":"Sind Sie auf der Suche nach einem klassischen Barockspiegel? Sehen Sie sich dieses Modell an. Die Farbe ist gold und der Spiegel hat eine ovale Form. Auch in diesem Fall gibt es Engel.","robots":{"index":"index","follow":"follow","max-snippet":"max-snippet:-1","max-image-preview":"max-image-preview:large","max-video-preview":"max-video-preview:-1"},"canonical":"https:\/\/www.eliassen.nl\/de\/klassischer-ovaler-goldspiegel-im-barockstil-mit-engeln-matera-55-cm\/","og_locale":"de_DE","og_type":"article","og_title":"Sonstige Spiegel klassisch barock oval gold mit Engeln Matera 55cm - Eliassen.nl","og_description":"Sind Sie auf der Suche nach einem klassischen Barockspiegel? Sehen Sie sich dieses Modell an. Die Farbe ist gold und der Spiegel hat eine ovale Form. Auch in diesem Fall gibt es Engel.","og_url":"https:\/\/www.eliassen.nl\/de\/klassischer-ovaler-goldspiegel-im-barockstil-mit-engeln-matera-55-cm\/","og_site_name":"Eliassen.nl","article_publisher":"https:\/\/www.facebook.com\/TuincentrumEliassenAmmerzoden","article_modified_time":"2025-11-27T12:51:31+00:00","og_image":[{"width":560,"height":560,"url":"https:\/\/www.eliassen.nl\/wp-content\/uploads\/2024\/10\/spiegelbarokmateragoudeliassennlnf112.jpg","type":"image\/jpeg"}],"twitter_card":"summary_large_image","schema":{"@context":"https:\/\/schema.org","@graph":[{"@type":"WebPage","@id":"https:\/\/www.eliassen.nl\/de\/klassischer-ovaler-goldspiegel-im-barockstil-mit-engeln-matera-55-cm\/","url":"https:\/\/www.eliassen.nl\/de\/klassischer-ovaler-goldspiegel-im-barockstil-mit-engeln-matera-55-cm\/","name":"Spiegel klassisch barock oval gold mit Engeln Matera 55cm - Eliassen","isPartOf":{"@id":"https:\/\/www.eliassen.nl\/de\/#website"},"primaryImageOfPage":{"@id":"https:\/\/www.eliassen.nl\/de\/klassischer-ovaler-goldspiegel-im-barockstil-mit-engeln-matera-55-cm\/#primaryimage"},"image":{"@id":"https:\/\/www.eliassen.nl\/de\/klassischer-ovaler-goldspiegel-im-barockstil-mit-engeln-matera-55-cm\/#primaryimage"},"thumbnailUrl":"https:\/\/www.eliassen.nl\/wp-content\/uploads\/2024\/10\/spiegelbarokmateragoudeliassennlnf112.jpg","datePublished":"2024-04-17T09:38:18+00:00","dateModified":"2025-11-27T12:51:31+00:00","description":"Sind Sie auf der Suche nach einem klassischen Barockspiegel? Sehen Sie sich dieses Modell an. Die Farbe ist gold und der Spiegel hat eine ovale Form. Auch in diesem Fall gibt es Engel.","breadcrumb":{"@id":"https:\/\/www.eliassen.nl\/de\/klassischer-ovaler-goldspiegel-im-barockstil-mit-engeln-matera-55-cm\/#breadcrumb"},"inLanguage":"de","potentialAction":[{"@type":"ReadAction","target":["https:\/\/www.eliassen.nl\/de\/klassischer-ovaler-goldspiegel-im-barockstil-mit-engeln-matera-55-cm\/"]}]},{"@type":"ImageObject","inLanguage":"de","@id":"https:\/\/www.eliassen.nl\/de\/klassischer-ovaler-goldspiegel-im-barockstil-mit-engeln-matera-55-cm\/#primaryimage","url":"https:\/\/www.eliassen.nl\/wp-content\/uploads\/2024\/10\/spiegelbarokmateragoudeliassennlnf112.jpg","contentUrl":"https:\/\/www.eliassen.nl\/wp-content\/uploads\/2024\/10\/spiegelbarokmateragoudeliassennlnf112.jpg","width":560,"height":560,"caption":"Spiegel Barock Matera Gold Eliassen.nl NF-112"},{"@type":"BreadcrumbList","@id":"https:\/\/www.eliassen.nl\/de\/klassischer-ovaler-goldspiegel-im-barockstil-mit-engeln-matera-55-cm\/#breadcrumb","itemListElement":[{"@type":"ListItem","position":1,"name":"Home","item":"https:\/\/www.eliassen.nl\/de\/"},{"@type":"ListItem","position":2,"name":"Shop","item":"https:\/\/www.eliassen.nl\/de\/shop\/"},{"@type":"ListItem","position":3,"name":"Wanddekoration","item":"https:\/\/www.eliassen.nl\/de\/wanddekoration\/"},{"@type":"ListItem","position":4,"name":"Barockspiegel","item":"https:\/\/www.eliassen.nl\/de\/wanddekoration\/barockspiegel\/"},{"@type":"ListItem","position":5,"name":"Spiegel klassisch barock oval gold mit Engeln Matera 55cm"}]},{"@type":"WebSite","@id":"https:\/\/www.eliassen.nl\/de\/#website","url":"https:\/\/www.eliassen.nl\/de\/","name":"Eliassen Home & Garden Pleasure","description":"","publisher":{"@id":"https:\/\/www.eliassen.nl\/de\/#organization"},"alternateName":"Eliassen.nl","potentialAction":[{"@type":"SearchAction","target":{"@type":"EntryPoint","urlTemplate":"https:\/\/www.eliassen.nl\/de\/?s={search_term_string}"},"query-input":{"@type":"PropertyValueSpecification","valueRequired":true,"valueName":"search_term_string"}}],"inLanguage":"de"},{"@type":["Organization","Place"],"@id":"https:\/\/www.eliassen.nl\/de\/#organization","name":"Eliassen Home & Garden Pleasure","url":"https:\/\/www.eliassen.nl\/de\/","logo":{"@id":"https:\/\/www.eliassen.nl\/de\/klassischer-ovaler-goldspiegel-im-barockstil-mit-engeln-matera-55-cm\/#local-main-organization-logo"},"image":{"@id":"https:\/\/www.eliassen.nl\/de\/klassischer-ovaler-goldspiegel-im-barockstil-mit-engeln-matera-55-cm\/#local-main-organization-logo"},"sameAs":["https:\/\/www.facebook.com\/TuincentrumEliassenAmmerzoden","https:\/\/www.instagram.com\/eliassenhomeandgarden\/","https:\/\/nl.pinterest.com\/eliassenhomeandgarden\/","https:\/\/www.youtube.com\/@eliassenhomegardenpleasure4558"],"telephone":[],"openingHoursSpecification":[{"@type":"OpeningHoursSpecification","dayOfWeek":["Monday","Tuesday","Wednesday","Thursday","Friday","Saturday","Sunday"],"opens":"09:00","closes":"17:00"}]},{"@type":"ImageObject","inLanguage":"de","@id":"https:\/\/www.eliassen.nl\/de\/klassischer-ovaler-goldspiegel-im-barockstil-mit-engeln-matera-55-cm\/#local-main-organization-logo","url":"https:\/\/www.eliassen.nl\/wp-content\/uploads\/2024\/01\/logo_4nd.jpg","contentUrl":"https:\/\/www.eliassen.nl\/wp-content\/uploads\/2024\/01\/logo_4nd.jpg","width":500,"height":500,"caption":"Eliassen Home & Garden Pleasure"}]},"product_price_amount":"55.00","product_price_currency":"EUR","og_availability":"out of stock","product_availability":"out of stock","product_retailer_item_id":"Nf-112","product_condition":"new"},"df_price":55,"df_sale_price":"","df_regular_price":55,"df_image_link":"https:\/\/www.eliassen.nl\/wp-content\/uploads\/2024\/10\/spiegelbarokmateragoudeliassennlnf112.jpg","image":"https:\/\/www.eliassen.nl\/wp-content\/uploads\/2024\/10\/spiegelbarokmateragoudeliassennlnf112.jpg","price_search":"<span class=\"woocommerce-Price-amount amount\"><bdi><span class=\"woocommerce-Price-currencySymbol\">&euro;<\/span>&nbsp;55,00<\/bdi><\/span>","category":"Barockspiegel","global_unique_id":"6096530425417","_links":{"self":[{"href":"https:\/\/www.eliassen.nl\/de\/wp-json\/wp\/v2\/product\/153308","targetHints":{"allow":["GET"]}}],"collection":[{"href":"https:\/\/www.eliassen.nl\/de\/wp-json\/wp\/v2\/product"}],"about":[{"href":"https:\/\/www.eliassen.nl\/de\/wp-json\/wp\/v2\/types\/product"}],"wp:featuredmedia":[{"embeddable":true,"href":"https:\/\/www.eliassen.nl\/de\/wp-json\/wp\/v2\/media\/153305"}],"wp:attachment":[{"href":"https:\/\/www.eliassen.nl\/de\/wp-json\/wp\/v2\/media?parent=153308"}],"wp:term":[{"taxonomy":"product_brand","embeddable":true,"href":"https:\/\/www.eliassen.nl\/de\/wp-json\/wp\/v2\/product_brand?post=153308"},{"taxonomy":"product_cat","embeddable":true,"href":"https:\/\/www.eliassen.nl\/de\/wp-json\/wp\/v2\/product_cat?post=153308"},{"taxonomy":"product_tag","embeddable":true,"href":"https:\/\/www.eliassen.nl\/de\/wp-json\/wp\/v2\/product_tag?post=153308"}],"curies":[{"name":"wp","href":"https:\/\/api.w.org\/{rel}","templated":true}]}}