{"id":152972,"date":"2024-04-16T09:50:38","date_gmt":"2024-04-16T09:50:38","guid":{"rendered":"https:\/\/www.eliassen.nl\/?product=uil-beeld-van-metaal-50cm"},"modified":"2026-03-09T20:30:27","modified_gmt":"2026-03-09T19:30:27","slug":"eulenstatue-aus-metall-50cm","status":"publish","type":"product","link":"https:\/\/www.eliassen.nl\/de\/eulenstatue-aus-metall-50cm\/","title":{"rendered":"Statue junge Eule Eule aus Metall 50cm"},"content":{"rendered":"<p>30 30 50<\/p>\n<p>Sie sind echte K\u00fcnstler, die diese Skulptur eines lebensgro\u00dfen Eulenk\u00fckens geschaffen haben. Wenn Sie sich diese Skulptur genau ansehen, wird Ihnen klar, wie viel Arbeit es ist, ein Kunstwerk wie dieses herzustellen. Klopfen, biegen, schwei\u00dfen, messen &#8211; es ist wirklich ein gigantisches Werk. Wenn Sie etwas Einzigartiges in Ihrem Garten oder in Ihrem Gesch\u00e4ft haben m\u00f6chten, k\u00f6nnen Sie sicher sein, dass dieses Modell sehr selten ist und nicht nur zum Verkauf steht. !!<\/p>\n<ul>\n<li>Gr\u00f6\u00dfe: ca. 30x30x50cm hoch<\/li>\n<li>Sehr einzigartig, <strong>kaum irgendwo <\/strong> erh\u00e4ltlich, besonders zu diesem Preis<\/li>\n<li>Alle Modelle von Hand gefertigt, ohne jegliche Bearbeitung<\/li>\n<li>Kann auch ohne Probleme drau\u00dfen stehen.<\/li>\n<li>Wir haben dieses Modell in unserem Ausstellungsraum<\/li>\n<li>Lebenslange Garantie f\u00fcr 20 Jahre<\/li>\n<li>Besuchen Sie unseren Ausstellungsraum.<\/li>\n<\/ul>\n","protected":false},"excerpt":{"rendered":"<p>Sehr exklusive Skulptur, komplett handgefertigt.<\/p>\n","protected":false},"featured_media":152960,"template":"","meta":{"_acf_changed":false,"_genesis_title":"","_genesis_description":""},"product_brand":[6916],"product_cat":[659,662],"product_tag":[],"class_list":{"0":"post-152972","1":"product","2":"type-product","3":"status-publish","4":"has-post-thumbnail","6":"product_brand-eliassen-de","7":"product_cat-dekoration-aus-metall","8":"product_cat-gartenstatuen-aus-metall","10":"first","11":"instock","12":"taxable","13":"shipping-taxable","14":"purchasable","15":"product-type-simple"},"acf":[],"meta_all":{"total_sales":"1","wcml_sync_hash":{"postmeta_fields":"1c87f3ece08f6ca697f31d3e1269cfe7"},"attr_label_translations":[],"cor_restricted_countries":[]},"meta_all_flat":{"total_sales":"1","wcml_sync_hash.postmeta_fields":"1c87f3ece08f6ca697f31d3e1269cfe7"},"yoast_head":"<!-- This site is optimized with the Yoast SEO Premium plugin v26.2 (Yoast SEO v27.2) - https:\/\/yoast.com\/product\/yoast-seo-premium-wordpress\/ -->\n<title>Metall Eule Statue 50cm<\/title>\n<meta name=\"description\" content=\"Lebensgro\u00dfe Tierfiguren aus Metall; Werfen Sie einen Blick in unseren Webshop oder schauen Sie live vorbei! Der Kaffee ist fertig.\" \/>\n<meta name=\"robots\" content=\"index, follow, max-snippet:-1, max-image-preview:large, max-video-preview:-1\" \/>\n<link rel=\"canonical\" href=\"https:\/\/www.eliassen.nl\/de\/eulenstatue-aus-metall-50cm\/\" \/>\n<meta property=\"og:locale\" content=\"de_DE\" \/>\n<meta property=\"og:type\" content=\"article\" \/>\n<meta property=\"og:title\" content=\"Eliassen Statue junge Eule Eule aus Metall 50cm - Eliassen.nl\" \/>\n<meta property=\"og:description\" content=\"Lebensgro\u00dfe Tierfiguren aus Metall; Werfen Sie einen Blick in unseren Webshop oder schauen Sie live vorbei! Der Kaffee ist fertig.\" \/>\n<meta property=\"og:url\" content=\"https:\/\/www.eliassen.nl\/de\/eulenstatue-aus-metall-50cm\/\" \/>\n<meta property=\"og:site_name\" content=\"Eliassen.nl\" \/>\n<meta property=\"article:publisher\" content=\"https:\/\/www.facebook.com\/TuincentrumEliassenAmmerzoden\" \/>\n<meta property=\"article:modified_time\" content=\"2026-03-09T19:30:27+00:00\" \/>\n<meta property=\"og:image\" content=\"https:\/\/www.eliassen.nl\/wp-content\/uploads\/2024\/10\/uilvanijzereliassennlaa8017.jpg\" \/>\n\t<meta property=\"og:image:width\" content=\"960\" \/>\n\t<meta property=\"og:image:height\" content=\"719\" \/>\n\t<meta property=\"og:image:type\" content=\"image\/jpeg\" \/>\n<meta name=\"twitter:card\" content=\"summary_large_image\" \/>\n<script type=\"application\/ld+json\" class=\"yoast-schema-graph\">{\"@context\":\"https:\/\/schema.org\",\"@graph\":[{\"@type\":\"WebPage\",\"@id\":\"https:\/\/www.eliassen.nl\/de\/eulenstatue-aus-metall-50cm\/\",\"url\":\"https:\/\/www.eliassen.nl\/de\/eulenstatue-aus-metall-50cm\/\",\"name\":\"Metall Eule Statue 50cm\",\"isPartOf\":{\"@id\":\"https:\/\/www.eliassen.nl\/de\/#website\"},\"primaryImageOfPage\":{\"@id\":\"https:\/\/www.eliassen.nl\/de\/eulenstatue-aus-metall-50cm\/#primaryimage\"},\"image\":{\"@id\":\"https:\/\/www.eliassen.nl\/de\/eulenstatue-aus-metall-50cm\/#primaryimage\"},\"thumbnailUrl\":\"https:\/\/www.eliassen.nl\/wp-content\/uploads\/2024\/10\/uilvanijzereliassennlaa8017.jpg\",\"datePublished\":\"2024-04-16T09:50:38+00:00\",\"dateModified\":\"2026-03-09T19:30:27+00:00\",\"description\":\"Lebensgro\u00dfe Tierfiguren aus Metall; Werfen Sie einen Blick in unseren Webshop oder schauen Sie live vorbei! Der Kaffee ist fertig.\",\"breadcrumb\":{\"@id\":\"https:\/\/www.eliassen.nl\/de\/eulenstatue-aus-metall-50cm\/#breadcrumb\"},\"inLanguage\":\"de\",\"potentialAction\":[{\"@type\":\"ReadAction\",\"target\":[\"https:\/\/www.eliassen.nl\/de\/eulenstatue-aus-metall-50cm\/\"]}]},{\"@type\":\"ImageObject\",\"inLanguage\":\"de\",\"@id\":\"https:\/\/www.eliassen.nl\/de\/eulenstatue-aus-metall-50cm\/#primaryimage\",\"url\":\"https:\/\/www.eliassen.nl\/wp-content\/uploads\/2024\/10\/uilvanijzereliassennlaa8017.jpg\",\"contentUrl\":\"https:\/\/www.eliassen.nl\/wp-content\/uploads\/2024\/10\/uilvanijzereliassennlaa8017.jpg\",\"width\":960,\"height\":719,\"caption\":\"Eule aus Eisen Eliassen.nl AA8017\"},{\"@type\":\"BreadcrumbList\",\"@id\":\"https:\/\/www.eliassen.nl\/de\/eulenstatue-aus-metall-50cm\/#breadcrumb\",\"itemListElement\":[{\"@type\":\"ListItem\",\"position\":1,\"name\":\"Home\",\"item\":\"https:\/\/www.eliassen.nl\/de\/\"},{\"@type\":\"ListItem\",\"position\":2,\"name\":\"Shop\",\"item\":\"https:\/\/www.eliassen.nl\/de\/shop\/\"},{\"@type\":\"ListItem\",\"position\":3,\"name\":\"Dekoration aus Metall\",\"item\":\"https:\/\/www.eliassen.nl\/de\/dekoration-aus-metall\/\"},{\"@type\":\"ListItem\",\"position\":4,\"name\":\"Gartenstatuen aus Metall\",\"item\":\"https:\/\/www.eliassen.nl\/de\/dekoration-aus-metall\/gartenstatuen-aus-metall\/\"},{\"@type\":\"ListItem\",\"position\":5,\"name\":\"Statue junge Eule Eule aus Metall 50cm\"}]},{\"@type\":\"WebSite\",\"@id\":\"https:\/\/www.eliassen.nl\/de\/#website\",\"url\":\"https:\/\/www.eliassen.nl\/de\/\",\"name\":\"Eliassen Home & Garden Pleasure\",\"description\":\"\",\"publisher\":{\"@id\":\"https:\/\/www.eliassen.nl\/de\/#organization\"},\"alternateName\":\"Eliassen.nl\",\"potentialAction\":[{\"@type\":\"SearchAction\",\"target\":{\"@type\":\"EntryPoint\",\"urlTemplate\":\"https:\/\/www.eliassen.nl\/de\/?s={search_term_string}\"},\"query-input\":{\"@type\":\"PropertyValueSpecification\",\"valueRequired\":true,\"valueName\":\"search_term_string\"}}],\"inLanguage\":\"de\"},{\"@type\":[\"Organization\",\"Place\"],\"@id\":\"https:\/\/www.eliassen.nl\/de\/#organization\",\"name\":\"Eliassen Home & Garden Pleasure\",\"url\":\"https:\/\/www.eliassen.nl\/de\/\",\"logo\":{\"@id\":\"https:\/\/www.eliassen.nl\/de\/eulenstatue-aus-metall-50cm\/#local-main-organization-logo\"},\"image\":{\"@id\":\"https:\/\/www.eliassen.nl\/de\/eulenstatue-aus-metall-50cm\/#local-main-organization-logo\"},\"sameAs\":[\"https:\/\/www.facebook.com\/TuincentrumEliassenAmmerzoden\",\"https:\/\/www.instagram.com\/eliassenhomeandgarden\/\",\"https:\/\/nl.pinterest.com\/eliassenhomeandgarden\/\",\"https:\/\/www.youtube.com\/@eliassenhomegardenpleasure4558\"],\"telephone\":[],\"openingHoursSpecification\":[{\"@type\":\"OpeningHoursSpecification\",\"dayOfWeek\":[\"Monday\",\"Tuesday\",\"Wednesday\",\"Thursday\",\"Friday\",\"Saturday\",\"Sunday\"],\"opens\":\"09:00\",\"closes\":\"17:00\"}]},{\"@type\":\"ImageObject\",\"inLanguage\":\"de\",\"@id\":\"https:\/\/www.eliassen.nl\/de\/eulenstatue-aus-metall-50cm\/#local-main-organization-logo\",\"url\":\"https:\/\/www.eliassen.nl\/wp-content\/uploads\/2024\/01\/logo_4nd.jpg\",\"contentUrl\":\"https:\/\/www.eliassen.nl\/wp-content\/uploads\/2024\/01\/logo_4nd.jpg\",\"width\":500,\"height\":500,\"caption\":\"Eliassen Home & Garden Pleasure\"}]}<\/script>\n<meta property=\"product:price:amount\" content=\"230.00\" \/>\n<meta property=\"product:price:currency\" content=\"EUR\" \/>\n<meta property=\"og:availability\" content=\"instock\" \/>\n<meta property=\"product:availability\" content=\"instock\" \/>\n<meta property=\"product:retailer_item_id\" content=\"Aa8017\" \/>\n<meta property=\"product:condition\" content=\"new\" \/>\n<!-- \/ Yoast SEO Premium plugin. -->","yoast_head_json":{"title":"Metall Eule Statue 50cm","description":"Lebensgro\u00dfe Tierfiguren aus Metall; Werfen Sie einen Blick in unseren Webshop oder schauen Sie live vorbei! Der Kaffee ist fertig.","robots":{"index":"index","follow":"follow","max-snippet":"max-snippet:-1","max-image-preview":"max-image-preview:large","max-video-preview":"max-video-preview:-1"},"canonical":"https:\/\/www.eliassen.nl\/de\/eulenstatue-aus-metall-50cm\/","og_locale":"de_DE","og_type":"article","og_title":"Eliassen Statue junge Eule Eule aus Metall 50cm - Eliassen.nl","og_description":"Lebensgro\u00dfe Tierfiguren aus Metall; Werfen Sie einen Blick in unseren Webshop oder schauen Sie live vorbei! Der Kaffee ist fertig.","og_url":"https:\/\/www.eliassen.nl\/de\/eulenstatue-aus-metall-50cm\/","og_site_name":"Eliassen.nl","article_publisher":"https:\/\/www.facebook.com\/TuincentrumEliassenAmmerzoden","article_modified_time":"2026-03-09T19:30:27+00:00","og_image":[{"width":960,"height":719,"url":"https:\/\/www.eliassen.nl\/wp-content\/uploads\/2024\/10\/uilvanijzereliassennlaa8017.jpg","type":"image\/jpeg"}],"twitter_card":"summary_large_image","schema":{"@context":"https:\/\/schema.org","@graph":[{"@type":"WebPage","@id":"https:\/\/www.eliassen.nl\/de\/eulenstatue-aus-metall-50cm\/","url":"https:\/\/www.eliassen.nl\/de\/eulenstatue-aus-metall-50cm\/","name":"Metall Eule Statue 50cm","isPartOf":{"@id":"https:\/\/www.eliassen.nl\/de\/#website"},"primaryImageOfPage":{"@id":"https:\/\/www.eliassen.nl\/de\/eulenstatue-aus-metall-50cm\/#primaryimage"},"image":{"@id":"https:\/\/www.eliassen.nl\/de\/eulenstatue-aus-metall-50cm\/#primaryimage"},"thumbnailUrl":"https:\/\/www.eliassen.nl\/wp-content\/uploads\/2024\/10\/uilvanijzereliassennlaa8017.jpg","datePublished":"2024-04-16T09:50:38+00:00","dateModified":"2026-03-09T19:30:27+00:00","description":"Lebensgro\u00dfe Tierfiguren aus Metall; Werfen Sie einen Blick in unseren Webshop oder schauen Sie live vorbei! Der Kaffee ist fertig.","breadcrumb":{"@id":"https:\/\/www.eliassen.nl\/de\/eulenstatue-aus-metall-50cm\/#breadcrumb"},"inLanguage":"de","potentialAction":[{"@type":"ReadAction","target":["https:\/\/www.eliassen.nl\/de\/eulenstatue-aus-metall-50cm\/"]}]},{"@type":"ImageObject","inLanguage":"de","@id":"https:\/\/www.eliassen.nl\/de\/eulenstatue-aus-metall-50cm\/#primaryimage","url":"https:\/\/www.eliassen.nl\/wp-content\/uploads\/2024\/10\/uilvanijzereliassennlaa8017.jpg","contentUrl":"https:\/\/www.eliassen.nl\/wp-content\/uploads\/2024\/10\/uilvanijzereliassennlaa8017.jpg","width":960,"height":719,"caption":"Eule aus Eisen Eliassen.nl AA8017"},{"@type":"BreadcrumbList","@id":"https:\/\/www.eliassen.nl\/de\/eulenstatue-aus-metall-50cm\/#breadcrumb","itemListElement":[{"@type":"ListItem","position":1,"name":"Home","item":"https:\/\/www.eliassen.nl\/de\/"},{"@type":"ListItem","position":2,"name":"Shop","item":"https:\/\/www.eliassen.nl\/de\/shop\/"},{"@type":"ListItem","position":3,"name":"Dekoration aus Metall","item":"https:\/\/www.eliassen.nl\/de\/dekoration-aus-metall\/"},{"@type":"ListItem","position":4,"name":"Gartenstatuen aus Metall","item":"https:\/\/www.eliassen.nl\/de\/dekoration-aus-metall\/gartenstatuen-aus-metall\/"},{"@type":"ListItem","position":5,"name":"Statue junge Eule Eule aus Metall 50cm"}]},{"@type":"WebSite","@id":"https:\/\/www.eliassen.nl\/de\/#website","url":"https:\/\/www.eliassen.nl\/de\/","name":"Eliassen Home & Garden Pleasure","description":"","publisher":{"@id":"https:\/\/www.eliassen.nl\/de\/#organization"},"alternateName":"Eliassen.nl","potentialAction":[{"@type":"SearchAction","target":{"@type":"EntryPoint","urlTemplate":"https:\/\/www.eliassen.nl\/de\/?s={search_term_string}"},"query-input":{"@type":"PropertyValueSpecification","valueRequired":true,"valueName":"search_term_string"}}],"inLanguage":"de"},{"@type":["Organization","Place"],"@id":"https:\/\/www.eliassen.nl\/de\/#organization","name":"Eliassen Home & Garden Pleasure","url":"https:\/\/www.eliassen.nl\/de\/","logo":{"@id":"https:\/\/www.eliassen.nl\/de\/eulenstatue-aus-metall-50cm\/#local-main-organization-logo"},"image":{"@id":"https:\/\/www.eliassen.nl\/de\/eulenstatue-aus-metall-50cm\/#local-main-organization-logo"},"sameAs":["https:\/\/www.facebook.com\/TuincentrumEliassenAmmerzoden","https:\/\/www.instagram.com\/eliassenhomeandgarden\/","https:\/\/nl.pinterest.com\/eliassenhomeandgarden\/","https:\/\/www.youtube.com\/@eliassenhomegardenpleasure4558"],"telephone":[],"openingHoursSpecification":[{"@type":"OpeningHoursSpecification","dayOfWeek":["Monday","Tuesday","Wednesday","Thursday","Friday","Saturday","Sunday"],"opens":"09:00","closes":"17:00"}]},{"@type":"ImageObject","inLanguage":"de","@id":"https:\/\/www.eliassen.nl\/de\/eulenstatue-aus-metall-50cm\/#local-main-organization-logo","url":"https:\/\/www.eliassen.nl\/wp-content\/uploads\/2024\/01\/logo_4nd.jpg","contentUrl":"https:\/\/www.eliassen.nl\/wp-content\/uploads\/2024\/01\/logo_4nd.jpg","width":500,"height":500,"caption":"Eliassen Home & Garden Pleasure"}]},"product_price_amount":"230.00","product_price_currency":"EUR","og_availability":"instock","product_availability":"instock","product_retailer_item_id":"Aa8017","product_condition":"new"},"df_price":230,"df_sale_price":"","df_regular_price":230,"df_image_link":"https:\/\/www.eliassen.nl\/wp-content\/uploads\/2024\/10\/uilvanijzereliassennlaa8017.jpg","image":"https:\/\/www.eliassen.nl\/wp-content\/uploads\/2024\/10\/uilvanijzereliassennlaa8017.jpg","price_search":"<span class=\"woocommerce-Price-amount amount\"><bdi><span class=\"woocommerce-Price-currencySymbol\">&euro;<\/span>&nbsp;230,00<\/bdi><\/span>","category":"Dekoration aus Metall","global_unique_id":"6096518410428","_links":{"self":[{"href":"https:\/\/www.eliassen.nl\/de\/wp-json\/wp\/v2\/product\/152972","targetHints":{"allow":["GET"]}}],"collection":[{"href":"https:\/\/www.eliassen.nl\/de\/wp-json\/wp\/v2\/product"}],"about":[{"href":"https:\/\/www.eliassen.nl\/de\/wp-json\/wp\/v2\/types\/product"}],"wp:featuredmedia":[{"embeddable":true,"href":"https:\/\/www.eliassen.nl\/de\/wp-json\/wp\/v2\/media\/152960"}],"wp:attachment":[{"href":"https:\/\/www.eliassen.nl\/de\/wp-json\/wp\/v2\/media?parent=152972"}],"wp:term":[{"taxonomy":"product_brand","embeddable":true,"href":"https:\/\/www.eliassen.nl\/de\/wp-json\/wp\/v2\/product_brand?post=152972"},{"taxonomy":"product_cat","embeddable":true,"href":"https:\/\/www.eliassen.nl\/de\/wp-json\/wp\/v2\/product_cat?post=152972"},{"taxonomy":"product_tag","embeddable":true,"href":"https:\/\/www.eliassen.nl\/de\/wp-json\/wp\/v2\/product_tag?post=152972"}],"curies":[{"name":"wp","href":"https:\/\/api.w.org\/{rel}","templated":true}]}}