{"id":152951,"date":"2024-04-16T09:47:26","date_gmt":"2024-04-16T09:47:26","guid":{"rendered":"https:\/\/www.eliassen.nl\/?product=pauw-beeld-van-metaal-staart-open-160cm"},"modified":"2026-03-09T20:08:00","modified_gmt":"2026-03-09T19:08:00","slug":"pfauenstatue-aus-metall-schwanz-offen-160cm","status":"publish","type":"product","link":"https:\/\/www.eliassen.nl\/de\/pfauenstatue-aus-metall-schwanz-offen-160cm\/","title":{"rendered":"\u00dcbergro\u00dfe Gartenstatue, die einen Pfau mit gespreiztem Schwanz zeigt, aus Metall gefertigt 160cm"},"content":{"rendered":"<p>Sie sind echte K\u00fcnstler, die diese Skulptur eines lebensgro\u00dfen Pfaus mit offenem Schwanz geschaffen haben. Wenn Sie diese Skulptur lange betrachten, wird Ihnen klar, wie viel Arbeit es ist, ein Kunstwerk wie dieses herzustellen. Klopfen, Biegen, Schwei\u00dfen, Messen, es ist wirklich eine riesige Arbeit. Wenn Sie etwas Einzigartiges in Ihrem Garten oder in Ihrem Gesch\u00e4ft haben m\u00f6chten, k\u00f6nnen Sie sicher sein, dass dieses Modell sehr selten ist und nicht nur zum Verkauf steht. !!<\/p>\n<ul>\n<li>Gr\u00f6\u00dfe: ca. 160x70x155cm hoch<\/li>\n<li>Sehr einzigartig, <strong>kaum irgendwo <\/strong> erh\u00e4ltlich, besonders zu diesem Preis<\/li>\n<li>Alle Modelle von Hand gefertigt, ohne jegliche Bearbeitung<\/li>\n<li>Kann auch ohne Probleme drau\u00dfen stehen.<\/li>\n<li>Wir haben dieses Modell in unserem Ausstellungsraum<\/li>\n<li>Lebenslange Garantie f\u00fcr 20 Jahre<\/li>\n<li>Besuchen Sie unseren Ausstellungsraum.<\/li>\n<\/ul>\n","protected":false},"excerpt":{"rendered":"<p>Sehr exklusive Skulptur, komplett handgefertigt.<\/p>\n","protected":false},"featured_media":152948,"template":"","meta":{"_acf_changed":false,"_genesis_title":"","_genesis_description":""},"product_brand":[6916],"product_cat":[659,662,7062],"product_tag":[],"class_list":{"0":"post-152951","1":"product","2":"type-product","3":"status-publish","4":"has-post-thumbnail","6":"product_brand-eliassen-de","7":"product_cat-dekoration-aus-metall","8":"product_cat-gartenstatuen-aus-metall","9":"product_cat-gartenstatuen-aus-metall-de","11":"first","12":"instock","13":"taxable","14":"shipping-taxable","15":"purchasable","16":"product-type-simple"},"acf":[],"meta_all":{"total_sales":"0","wcml_sync_hash":{"postmeta_fields":"704123fc0ace4dea5e78c8b98d297541"},"attr_label_translations":[],"cor_restricted_countries":[]},"meta_all_flat":{"total_sales":"0","wcml_sync_hash.postmeta_fields":"704123fc0ace4dea5e78c8b98d297541"},"yoast_head":"<!-- This site is optimized with the Yoast SEO Premium plugin v26.2 (Yoast SEO v27.2) - https:\/\/yoast.com\/product\/yoast-seo-premium-wordpress\/ -->\n<title>Pfau Statue aus Metall Schwanz offen 160cm<\/title>\n<meta name=\"description\" content=\"Lebensgro\u00dfe Tierfiguren aus Metall; Werfen Sie einen Blick in unseren Webshop oder schauen Sie live vorbei! Der Kaffee ist fertig.\" \/>\n<meta name=\"robots\" content=\"index, follow, max-snippet:-1, max-image-preview:large, max-video-preview:-1\" \/>\n<link rel=\"canonical\" href=\"https:\/\/www.eliassen.nl\/de\/pfauenstatue-aus-metall-schwanz-offen-160cm\/\" \/>\n<meta property=\"og:locale\" content=\"de_DE\" \/>\n<meta property=\"og:type\" content=\"article\" \/>\n<meta property=\"og:title\" content=\"Eliassen \u00dcbergro\u00dfe Gartenstatue, die einen Pfau mit gespreiztem Schwanz zeigt, aus Metall gefertigt 160cm - Eliassen.nl\" \/>\n<meta property=\"og:description\" content=\"Lebensgro\u00dfe Tierfiguren aus Metall; Werfen Sie einen Blick in unseren Webshop oder schauen Sie live vorbei! Der Kaffee ist fertig.\" \/>\n<meta property=\"og:url\" content=\"https:\/\/www.eliassen.nl\/de\/pfauenstatue-aus-metall-schwanz-offen-160cm\/\" \/>\n<meta property=\"og:site_name\" content=\"Eliassen.nl\" \/>\n<meta property=\"article:publisher\" content=\"https:\/\/www.facebook.com\/TuincentrumEliassenAmmerzoden\" \/>\n<meta property=\"article:modified_time\" content=\"2026-03-09T19:08:00+00:00\" \/>\n<meta property=\"og:image\" content=\"https:\/\/www.eliassen.nl\/wp-content\/uploads\/2024\/10\/pauwvanijzereliassennlaa8015.jpg\" \/>\n\t<meta property=\"og:image:width\" content=\"960\" \/>\n\t<meta property=\"og:image:height\" content=\"720\" \/>\n\t<meta property=\"og:image:type\" content=\"image\/jpeg\" \/>\n<meta name=\"twitter:card\" content=\"summary_large_image\" \/>\n<script type=\"application\/ld+json\" class=\"yoast-schema-graph\">{\"@context\":\"https:\/\/schema.org\",\"@graph\":[{\"@type\":\"WebPage\",\"@id\":\"https:\/\/www.eliassen.nl\/de\/pfauenstatue-aus-metall-schwanz-offen-160cm\/\",\"url\":\"https:\/\/www.eliassen.nl\/de\/pfauenstatue-aus-metall-schwanz-offen-160cm\/\",\"name\":\"Pfau Statue aus Metall Schwanz offen 160cm\",\"isPartOf\":{\"@id\":\"https:\/\/www.eliassen.nl\/de\/#website\"},\"primaryImageOfPage\":{\"@id\":\"https:\/\/www.eliassen.nl\/de\/pfauenstatue-aus-metall-schwanz-offen-160cm\/#primaryimage\"},\"image\":{\"@id\":\"https:\/\/www.eliassen.nl\/de\/pfauenstatue-aus-metall-schwanz-offen-160cm\/#primaryimage\"},\"thumbnailUrl\":\"https:\/\/www.eliassen.nl\/wp-content\/uploads\/2024\/10\/pauwvanijzereliassennlaa8015.jpg\",\"datePublished\":\"2024-04-16T09:47:26+00:00\",\"dateModified\":\"2026-03-09T19:08:00+00:00\",\"description\":\"Lebensgro\u00dfe Tierfiguren aus Metall; Werfen Sie einen Blick in unseren Webshop oder schauen Sie live vorbei! Der Kaffee ist fertig.\",\"breadcrumb\":{\"@id\":\"https:\/\/www.eliassen.nl\/de\/pfauenstatue-aus-metall-schwanz-offen-160cm\/#breadcrumb\"},\"inLanguage\":\"de\",\"potentialAction\":[{\"@type\":\"ReadAction\",\"target\":[\"https:\/\/www.eliassen.nl\/de\/pfauenstatue-aus-metall-schwanz-offen-160cm\/\"]}]},{\"@type\":\"ImageObject\",\"inLanguage\":\"de\",\"@id\":\"https:\/\/www.eliassen.nl\/de\/pfauenstatue-aus-metall-schwanz-offen-160cm\/#primaryimage\",\"url\":\"https:\/\/www.eliassen.nl\/wp-content\/uploads\/2024\/10\/pauwvanijzereliassennlaa8015.jpg\",\"contentUrl\":\"https:\/\/www.eliassen.nl\/wp-content\/uploads\/2024\/10\/pauwvanijzereliassennlaa8015.jpg\",\"width\":960,\"height\":720,\"caption\":\"Pfau aus Eisen Eliassen.nl AA8015\"},{\"@type\":\"BreadcrumbList\",\"@id\":\"https:\/\/www.eliassen.nl\/de\/pfauenstatue-aus-metall-schwanz-offen-160cm\/#breadcrumb\",\"itemListElement\":[{\"@type\":\"ListItem\",\"position\":1,\"name\":\"Home\",\"item\":\"https:\/\/www.eliassen.nl\/de\/\"},{\"@type\":\"ListItem\",\"position\":2,\"name\":\"Shop\",\"item\":\"https:\/\/www.eliassen.nl\/de\/shop\/\"},{\"@type\":\"ListItem\",\"position\":3,\"name\":\"Dekoration aus Metall\",\"item\":\"https:\/\/www.eliassen.nl\/de\/dekoration-aus-metall\/\"},{\"@type\":\"ListItem\",\"position\":4,\"name\":\"Gartenstatuen aus Metall\",\"item\":\"https:\/\/www.eliassen.nl\/de\/dekoration-aus-metall\/gartenstatuen-aus-metall\/\"},{\"@type\":\"ListItem\",\"position\":5,\"name\":\"\u00dcbergro\u00dfe Gartenstatue, die einen Pfau mit gespreiztem Schwanz zeigt, aus Metall gefertigt 160cm\"}]},{\"@type\":\"WebSite\",\"@id\":\"https:\/\/www.eliassen.nl\/de\/#website\",\"url\":\"https:\/\/www.eliassen.nl\/de\/\",\"name\":\"Eliassen Home & Garden Pleasure\",\"description\":\"\",\"publisher\":{\"@id\":\"https:\/\/www.eliassen.nl\/de\/#organization\"},\"alternateName\":\"Eliassen.nl\",\"potentialAction\":[{\"@type\":\"SearchAction\",\"target\":{\"@type\":\"EntryPoint\",\"urlTemplate\":\"https:\/\/www.eliassen.nl\/de\/?s={search_term_string}\"},\"query-input\":{\"@type\":\"PropertyValueSpecification\",\"valueRequired\":true,\"valueName\":\"search_term_string\"}}],\"inLanguage\":\"de\"},{\"@type\":[\"Organization\",\"Place\"],\"@id\":\"https:\/\/www.eliassen.nl\/de\/#organization\",\"name\":\"Eliassen Home & Garden Pleasure\",\"url\":\"https:\/\/www.eliassen.nl\/de\/\",\"logo\":{\"@id\":\"https:\/\/www.eliassen.nl\/de\/pfauenstatue-aus-metall-schwanz-offen-160cm\/#local-main-organization-logo\"},\"image\":{\"@id\":\"https:\/\/www.eliassen.nl\/de\/pfauenstatue-aus-metall-schwanz-offen-160cm\/#local-main-organization-logo\"},\"sameAs\":[\"https:\/\/www.facebook.com\/TuincentrumEliassenAmmerzoden\",\"https:\/\/www.instagram.com\/eliassenhomeandgarden\/\",\"https:\/\/nl.pinterest.com\/eliassenhomeandgarden\/\",\"https:\/\/www.youtube.com\/@eliassenhomegardenpleasure4558\"],\"telephone\":[],\"openingHoursSpecification\":[{\"@type\":\"OpeningHoursSpecification\",\"dayOfWeek\":[\"Monday\",\"Tuesday\",\"Wednesday\",\"Thursday\",\"Friday\",\"Saturday\",\"Sunday\"],\"opens\":\"09:00\",\"closes\":\"17:00\"}]},{\"@type\":\"ImageObject\",\"inLanguage\":\"de\",\"@id\":\"https:\/\/www.eliassen.nl\/de\/pfauenstatue-aus-metall-schwanz-offen-160cm\/#local-main-organization-logo\",\"url\":\"https:\/\/www.eliassen.nl\/wp-content\/uploads\/2024\/01\/logo_4nd.jpg\",\"contentUrl\":\"https:\/\/www.eliassen.nl\/wp-content\/uploads\/2024\/01\/logo_4nd.jpg\",\"width\":500,\"height\":500,\"caption\":\"Eliassen Home & Garden Pleasure\"}]}<\/script>\n<meta property=\"product:price:amount\" content=\"1740.00\" \/>\n<meta property=\"product:price:currency\" content=\"EUR\" \/>\n<meta property=\"og:availability\" content=\"instock\" \/>\n<meta property=\"product:availability\" content=\"instock\" \/>\n<meta property=\"product:retailer_item_id\" content=\"Aa8015\" \/>\n<meta property=\"product:condition\" content=\"new\" \/>\n<!-- \/ Yoast SEO Premium plugin. -->","yoast_head_json":{"title":"Pfau Statue aus Metall Schwanz offen 160cm","description":"Lebensgro\u00dfe Tierfiguren aus Metall; Werfen Sie einen Blick in unseren Webshop oder schauen Sie live vorbei! Der Kaffee ist fertig.","robots":{"index":"index","follow":"follow","max-snippet":"max-snippet:-1","max-image-preview":"max-image-preview:large","max-video-preview":"max-video-preview:-1"},"canonical":"https:\/\/www.eliassen.nl\/de\/pfauenstatue-aus-metall-schwanz-offen-160cm\/","og_locale":"de_DE","og_type":"article","og_title":"Eliassen \u00dcbergro\u00dfe Gartenstatue, die einen Pfau mit gespreiztem Schwanz zeigt, aus Metall gefertigt 160cm - Eliassen.nl","og_description":"Lebensgro\u00dfe Tierfiguren aus Metall; Werfen Sie einen Blick in unseren Webshop oder schauen Sie live vorbei! Der Kaffee ist fertig.","og_url":"https:\/\/www.eliassen.nl\/de\/pfauenstatue-aus-metall-schwanz-offen-160cm\/","og_site_name":"Eliassen.nl","article_publisher":"https:\/\/www.facebook.com\/TuincentrumEliassenAmmerzoden","article_modified_time":"2026-03-09T19:08:00+00:00","og_image":[{"width":960,"height":720,"url":"https:\/\/www.eliassen.nl\/wp-content\/uploads\/2024\/10\/pauwvanijzereliassennlaa8015.jpg","type":"image\/jpeg"}],"twitter_card":"summary_large_image","schema":{"@context":"https:\/\/schema.org","@graph":[{"@type":"WebPage","@id":"https:\/\/www.eliassen.nl\/de\/pfauenstatue-aus-metall-schwanz-offen-160cm\/","url":"https:\/\/www.eliassen.nl\/de\/pfauenstatue-aus-metall-schwanz-offen-160cm\/","name":"Pfau Statue aus Metall Schwanz offen 160cm","isPartOf":{"@id":"https:\/\/www.eliassen.nl\/de\/#website"},"primaryImageOfPage":{"@id":"https:\/\/www.eliassen.nl\/de\/pfauenstatue-aus-metall-schwanz-offen-160cm\/#primaryimage"},"image":{"@id":"https:\/\/www.eliassen.nl\/de\/pfauenstatue-aus-metall-schwanz-offen-160cm\/#primaryimage"},"thumbnailUrl":"https:\/\/www.eliassen.nl\/wp-content\/uploads\/2024\/10\/pauwvanijzereliassennlaa8015.jpg","datePublished":"2024-04-16T09:47:26+00:00","dateModified":"2026-03-09T19:08:00+00:00","description":"Lebensgro\u00dfe Tierfiguren aus Metall; Werfen Sie einen Blick in unseren Webshop oder schauen Sie live vorbei! Der Kaffee ist fertig.","breadcrumb":{"@id":"https:\/\/www.eliassen.nl\/de\/pfauenstatue-aus-metall-schwanz-offen-160cm\/#breadcrumb"},"inLanguage":"de","potentialAction":[{"@type":"ReadAction","target":["https:\/\/www.eliassen.nl\/de\/pfauenstatue-aus-metall-schwanz-offen-160cm\/"]}]},{"@type":"ImageObject","inLanguage":"de","@id":"https:\/\/www.eliassen.nl\/de\/pfauenstatue-aus-metall-schwanz-offen-160cm\/#primaryimage","url":"https:\/\/www.eliassen.nl\/wp-content\/uploads\/2024\/10\/pauwvanijzereliassennlaa8015.jpg","contentUrl":"https:\/\/www.eliassen.nl\/wp-content\/uploads\/2024\/10\/pauwvanijzereliassennlaa8015.jpg","width":960,"height":720,"caption":"Pfau aus Eisen Eliassen.nl AA8015"},{"@type":"BreadcrumbList","@id":"https:\/\/www.eliassen.nl\/de\/pfauenstatue-aus-metall-schwanz-offen-160cm\/#breadcrumb","itemListElement":[{"@type":"ListItem","position":1,"name":"Home","item":"https:\/\/www.eliassen.nl\/de\/"},{"@type":"ListItem","position":2,"name":"Shop","item":"https:\/\/www.eliassen.nl\/de\/shop\/"},{"@type":"ListItem","position":3,"name":"Dekoration aus Metall","item":"https:\/\/www.eliassen.nl\/de\/dekoration-aus-metall\/"},{"@type":"ListItem","position":4,"name":"Gartenstatuen aus Metall","item":"https:\/\/www.eliassen.nl\/de\/dekoration-aus-metall\/gartenstatuen-aus-metall\/"},{"@type":"ListItem","position":5,"name":"\u00dcbergro\u00dfe Gartenstatue, die einen Pfau mit gespreiztem Schwanz zeigt, aus Metall gefertigt 160cm"}]},{"@type":"WebSite","@id":"https:\/\/www.eliassen.nl\/de\/#website","url":"https:\/\/www.eliassen.nl\/de\/","name":"Eliassen Home & Garden Pleasure","description":"","publisher":{"@id":"https:\/\/www.eliassen.nl\/de\/#organization"},"alternateName":"Eliassen.nl","potentialAction":[{"@type":"SearchAction","target":{"@type":"EntryPoint","urlTemplate":"https:\/\/www.eliassen.nl\/de\/?s={search_term_string}"},"query-input":{"@type":"PropertyValueSpecification","valueRequired":true,"valueName":"search_term_string"}}],"inLanguage":"de"},{"@type":["Organization","Place"],"@id":"https:\/\/www.eliassen.nl\/de\/#organization","name":"Eliassen Home & Garden Pleasure","url":"https:\/\/www.eliassen.nl\/de\/","logo":{"@id":"https:\/\/www.eliassen.nl\/de\/pfauenstatue-aus-metall-schwanz-offen-160cm\/#local-main-organization-logo"},"image":{"@id":"https:\/\/www.eliassen.nl\/de\/pfauenstatue-aus-metall-schwanz-offen-160cm\/#local-main-organization-logo"},"sameAs":["https:\/\/www.facebook.com\/TuincentrumEliassenAmmerzoden","https:\/\/www.instagram.com\/eliassenhomeandgarden\/","https:\/\/nl.pinterest.com\/eliassenhomeandgarden\/","https:\/\/www.youtube.com\/@eliassenhomegardenpleasure4558"],"telephone":[],"openingHoursSpecification":[{"@type":"OpeningHoursSpecification","dayOfWeek":["Monday","Tuesday","Wednesday","Thursday","Friday","Saturday","Sunday"],"opens":"09:00","closes":"17:00"}]},{"@type":"ImageObject","inLanguage":"de","@id":"https:\/\/www.eliassen.nl\/de\/pfauenstatue-aus-metall-schwanz-offen-160cm\/#local-main-organization-logo","url":"https:\/\/www.eliassen.nl\/wp-content\/uploads\/2024\/01\/logo_4nd.jpg","contentUrl":"https:\/\/www.eliassen.nl\/wp-content\/uploads\/2024\/01\/logo_4nd.jpg","width":500,"height":500,"caption":"Eliassen Home & Garden Pleasure"}]},"product_price_amount":"1740.00","product_price_currency":"EUR","og_availability":"instock","product_availability":"instock","product_retailer_item_id":"Aa8015","product_condition":"new"},"df_price":1740,"df_sale_price":"","df_regular_price":1740,"df_image_link":"https:\/\/www.eliassen.nl\/wp-content\/uploads\/2024\/10\/pauwvanijzereliassennlaa8015.jpg","image":"https:\/\/www.eliassen.nl\/wp-content\/uploads\/2024\/10\/pauwvanijzereliassennlaa8015.jpg","price_search":"<span class=\"woocommerce-Price-amount amount\"><bdi><span class=\"woocommerce-Price-currencySymbol\">&euro;<\/span>&nbsp;1.740,00<\/bdi><\/span>","category":"Dekoration aus Metall","global_unique_id":"6096519038089","_links":{"self":[{"href":"https:\/\/www.eliassen.nl\/de\/wp-json\/wp\/v2\/product\/152951","targetHints":{"allow":["GET"]}}],"collection":[{"href":"https:\/\/www.eliassen.nl\/de\/wp-json\/wp\/v2\/product"}],"about":[{"href":"https:\/\/www.eliassen.nl\/de\/wp-json\/wp\/v2\/types\/product"}],"wp:featuredmedia":[{"embeddable":true,"href":"https:\/\/www.eliassen.nl\/de\/wp-json\/wp\/v2\/media\/152948"}],"wp:attachment":[{"href":"https:\/\/www.eliassen.nl\/de\/wp-json\/wp\/v2\/media?parent=152951"}],"wp:term":[{"taxonomy":"product_brand","embeddable":true,"href":"https:\/\/www.eliassen.nl\/de\/wp-json\/wp\/v2\/product_brand?post=152951"},{"taxonomy":"product_cat","embeddable":true,"href":"https:\/\/www.eliassen.nl\/de\/wp-json\/wp\/v2\/product_cat?post=152951"},{"taxonomy":"product_tag","embeddable":true,"href":"https:\/\/www.eliassen.nl\/de\/wp-json\/wp\/v2\/product_tag?post=152951"}],"curies":[{"name":"wp","href":"https:\/\/api.w.org\/{rel}","templated":true}]}}