{"id":152924,"date":"2024-04-16T09:40:22","date_gmt":"2024-04-16T09:40:22","guid":{"rendered":"https:\/\/www.eliassen.nl\/?product=gnoes-kudde-beeld-van-metaal"},"modified":"2026-03-09T20:11:16","modified_gmt":"2026-03-09T19:11:16","slug":"lebensgrosse-gnuherdenstatue-aus-metall","status":"publish","type":"product","link":"https:\/\/www.eliassen.nl\/de\/lebensgrosse-gnuherdenstatue-aus-metall\/","title":{"rendered":"Gnu h\u00fctende Statue aus Metall in Lebensgr\u00f6\u00dfe"},"content":{"rendered":"<p>Sie sind echte K\u00fcnstler, die diese Skulptur einer lebensgro\u00dfen Herde von 4 Gnus geschaffen haben. Wenn Sie diese Skulptur lange betrachten, wird Ihnen klar, wie viel Arbeit es ist, ein Kunstwerk wie dieses herzustellen. Klopfen, Biegen, Schwei\u00dfen, Messen, es ist wirklich ein gigantisches Werk. Wenn Sie etwas Einzigartiges in Ihrem Garten oder in Ihrem Gesch\u00e4ft haben m\u00f6chten, k\u00f6nnen Sie sicher sein, dass dieses Modell sehr selten ist und nicht nur zum Verkauf steht. !!<\/p>\n<ul>\n<li>Gr\u00f6\u00dfe: ca. 450x250cm hoch !!!<\/li>\n<li>Sehr einzigartig, <strong>kaum irgendwo <\/strong> erh\u00e4ltlich, besonders zu diesem Preis<\/li>\n<li>Alle Modelle von Hand gefertigt, ohne jegliche Bearbeitung<\/li>\n<li>Kann auch ohne Probleme drau\u00dfen stehen.<\/li>\n<li>Wir haben dieses Modell in unserem Ausstellungsraum<\/li>\n<li>Lebenslange Garantie f\u00fcr 20 Jahre<\/li>\n<li>Besuchen Sie unseren Ausstellungsraum.<\/li>\n<\/ul>\n","protected":false},"excerpt":{"rendered":"<p>Sehr exklusive Skulptur, komplett handgefertigt.<\/p>\n","protected":false},"featured_media":152900,"template":"","meta":{"_acf_changed":false,"_genesis_title":"","_genesis_description":""},"product_brand":[6916],"product_cat":[659,662,7062],"product_tag":[],"class_list":{"0":"post-152924","1":"product","2":"type-product","3":"status-publish","4":"has-post-thumbnail","6":"product_brand-eliassen-de","7":"product_cat-dekoration-aus-metall","8":"product_cat-gartenstatuen-aus-metall","9":"product_cat-gartenstatuen-aus-metall-de","11":"first","12":"instock","13":"taxable","14":"shipping-taxable","15":"purchasable","16":"product-type-simple"},"acf":[],"meta_all":{"total_sales":"0","wcml_sync_hash":{"postmeta_fields":"82c36f7653deca4dec08ffe926970d8a"},"attr_label_translations":[],"cor_restricted_countries":[]},"meta_all_flat":{"total_sales":"0","wcml_sync_hash.postmeta_fields":"82c36f7653deca4dec08ffe926970d8a"},"yoast_head":"<!-- This site is optimized with the Yoast SEO Premium plugin v26.2 (Yoast SEO v27.2) - https:\/\/yoast.com\/product\/yoast-seo-premium-wordpress\/ -->\n<title>Gnu h\u00fctende Statue aus Metall<\/title>\n<meta name=\"description\" content=\"Lebensgro\u00dfe Tierfiguren aus Metall; Werfen Sie einen Blick in unseren Webshop oder schauen Sie live vorbei! Der Kaffee ist fertig.\" \/>\n<meta name=\"robots\" content=\"index, follow, max-snippet:-1, max-image-preview:large, max-video-preview:-1\" \/>\n<link rel=\"canonical\" href=\"https:\/\/www.eliassen.nl\/de\/lebensgrosse-gnuherdenstatue-aus-metall\/\" \/>\n<meta property=\"og:locale\" content=\"de_DE\" \/>\n<meta property=\"og:type\" content=\"article\" \/>\n<meta property=\"og:title\" content=\"Eliassen Gnu h\u00fctende Statue aus Metall in Lebensgr\u00f6\u00dfe - Eliassen.nl\" \/>\n<meta property=\"og:description\" content=\"Lebensgro\u00dfe Tierfiguren aus Metall; Werfen Sie einen Blick in unseren Webshop oder schauen Sie live vorbei! Der Kaffee ist fertig.\" \/>\n<meta property=\"og:url\" content=\"https:\/\/www.eliassen.nl\/de\/lebensgrosse-gnuherdenstatue-aus-metall\/\" \/>\n<meta property=\"og:site_name\" content=\"Eliassen.nl\" \/>\n<meta property=\"article:publisher\" content=\"https:\/\/www.facebook.com\/TuincentrumEliassenAmmerzoden\" \/>\n<meta property=\"article:modified_time\" content=\"2026-03-09T19:11:16+00:00\" \/>\n<meta property=\"og:image\" content=\"https:\/\/www.eliassen.nl\/wp-content\/uploads\/2024\/10\/gnoeskuddemetaaleliassennlaa8008.jpg\" \/>\n\t<meta property=\"og:image:width\" content=\"1129\" \/>\n\t<meta property=\"og:image:height\" content=\"668\" \/>\n\t<meta property=\"og:image:type\" content=\"image\/jpeg\" \/>\n<meta name=\"twitter:card\" content=\"summary_large_image\" \/>\n<script type=\"application\/ld+json\" class=\"yoast-schema-graph\">{\"@context\":\"https:\/\/schema.org\",\"@graph\":[{\"@type\":\"WebPage\",\"@id\":\"https:\/\/www.eliassen.nl\/de\/lebensgrosse-gnuherdenstatue-aus-metall\/\",\"url\":\"https:\/\/www.eliassen.nl\/de\/lebensgrosse-gnuherdenstatue-aus-metall\/\",\"name\":\"Gnu h\u00fctende Statue aus Metall\",\"isPartOf\":{\"@id\":\"https:\/\/www.eliassen.nl\/de\/#website\"},\"primaryImageOfPage\":{\"@id\":\"https:\/\/www.eliassen.nl\/de\/lebensgrosse-gnuherdenstatue-aus-metall\/#primaryimage\"},\"image\":{\"@id\":\"https:\/\/www.eliassen.nl\/de\/lebensgrosse-gnuherdenstatue-aus-metall\/#primaryimage\"},\"thumbnailUrl\":\"https:\/\/www.eliassen.nl\/wp-content\/uploads\/2024\/10\/gnoeskuddemetaaleliassennlaa8008.jpg\",\"datePublished\":\"2024-04-16T09:40:22+00:00\",\"dateModified\":\"2026-03-09T19:11:16+00:00\",\"description\":\"Lebensgro\u00dfe Tierfiguren aus Metall; Werfen Sie einen Blick in unseren Webshop oder schauen Sie live vorbei! Der Kaffee ist fertig.\",\"breadcrumb\":{\"@id\":\"https:\/\/www.eliassen.nl\/de\/lebensgrosse-gnuherdenstatue-aus-metall\/#breadcrumb\"},\"inLanguage\":\"de\",\"potentialAction\":[{\"@type\":\"ReadAction\",\"target\":[\"https:\/\/www.eliassen.nl\/de\/lebensgrosse-gnuherdenstatue-aus-metall\/\"]}]},{\"@type\":\"ImageObject\",\"inLanguage\":\"de\",\"@id\":\"https:\/\/www.eliassen.nl\/de\/lebensgrosse-gnuherdenstatue-aus-metall\/#primaryimage\",\"url\":\"https:\/\/www.eliassen.nl\/wp-content\/uploads\/2024\/10\/gnoeskuddemetaaleliassennlaa8008.jpg\",\"contentUrl\":\"https:\/\/www.eliassen.nl\/wp-content\/uploads\/2024\/10\/gnoeskuddemetaaleliassennlaa8008.jpg\",\"width\":1129,\"height\":668,\"caption\":\"Gnu h\u00fcten Metall Eliassen.nl aa8008\"},{\"@type\":\"BreadcrumbList\",\"@id\":\"https:\/\/www.eliassen.nl\/de\/lebensgrosse-gnuherdenstatue-aus-metall\/#breadcrumb\",\"itemListElement\":[{\"@type\":\"ListItem\",\"position\":1,\"name\":\"Home\",\"item\":\"https:\/\/www.eliassen.nl\/de\/\"},{\"@type\":\"ListItem\",\"position\":2,\"name\":\"Shop\",\"item\":\"https:\/\/www.eliassen.nl\/de\/shop\/\"},{\"@type\":\"ListItem\",\"position\":3,\"name\":\"Dekoration aus Metall\",\"item\":\"https:\/\/www.eliassen.nl\/de\/dekoration-aus-metall\/\"},{\"@type\":\"ListItem\",\"position\":4,\"name\":\"Gartenstatuen aus Metall\",\"item\":\"https:\/\/www.eliassen.nl\/de\/dekoration-aus-metall\/gartenstatuen-aus-metall\/\"},{\"@type\":\"ListItem\",\"position\":5,\"name\":\"Gnu h\u00fctende Statue aus Metall in Lebensgr\u00f6\u00dfe\"}]},{\"@type\":\"WebSite\",\"@id\":\"https:\/\/www.eliassen.nl\/de\/#website\",\"url\":\"https:\/\/www.eliassen.nl\/de\/\",\"name\":\"Eliassen Home & Garden Pleasure\",\"description\":\"\",\"publisher\":{\"@id\":\"https:\/\/www.eliassen.nl\/de\/#organization\"},\"alternateName\":\"Eliassen.nl\",\"potentialAction\":[{\"@type\":\"SearchAction\",\"target\":{\"@type\":\"EntryPoint\",\"urlTemplate\":\"https:\/\/www.eliassen.nl\/de\/?s={search_term_string}\"},\"query-input\":{\"@type\":\"PropertyValueSpecification\",\"valueRequired\":true,\"valueName\":\"search_term_string\"}}],\"inLanguage\":\"de\"},{\"@type\":[\"Organization\",\"Place\"],\"@id\":\"https:\/\/www.eliassen.nl\/de\/#organization\",\"name\":\"Eliassen Home & Garden Pleasure\",\"url\":\"https:\/\/www.eliassen.nl\/de\/\",\"logo\":{\"@id\":\"https:\/\/www.eliassen.nl\/de\/lebensgrosse-gnuherdenstatue-aus-metall\/#local-main-organization-logo\"},\"image\":{\"@id\":\"https:\/\/www.eliassen.nl\/de\/lebensgrosse-gnuherdenstatue-aus-metall\/#local-main-organization-logo\"},\"sameAs\":[\"https:\/\/www.facebook.com\/TuincentrumEliassenAmmerzoden\",\"https:\/\/www.instagram.com\/eliassenhomeandgarden\/\",\"https:\/\/nl.pinterest.com\/eliassenhomeandgarden\/\",\"https:\/\/www.youtube.com\/@eliassenhomegardenpleasure4558\"],\"telephone\":[],\"openingHoursSpecification\":[{\"@type\":\"OpeningHoursSpecification\",\"dayOfWeek\":[\"Monday\",\"Tuesday\",\"Wednesday\",\"Thursday\",\"Friday\",\"Saturday\",\"Sunday\"],\"opens\":\"09:00\",\"closes\":\"17:00\"}]},{\"@type\":\"ImageObject\",\"inLanguage\":\"de\",\"@id\":\"https:\/\/www.eliassen.nl\/de\/lebensgrosse-gnuherdenstatue-aus-metall\/#local-main-organization-logo\",\"url\":\"https:\/\/www.eliassen.nl\/wp-content\/uploads\/2024\/01\/logo_4nd.jpg\",\"contentUrl\":\"https:\/\/www.eliassen.nl\/wp-content\/uploads\/2024\/01\/logo_4nd.jpg\",\"width\":500,\"height\":500,\"caption\":\"Eliassen Home & Garden Pleasure\"}]}<\/script>\n<meta property=\"product:price:amount\" content=\"6400.00\" \/>\n<meta property=\"product:price:currency\" content=\"EUR\" \/>\n<meta property=\"og:availability\" content=\"instock\" \/>\n<meta property=\"product:availability\" content=\"instock\" \/>\n<meta property=\"product:retailer_item_id\" content=\"Aa8008\" \/>\n<meta property=\"product:condition\" content=\"new\" \/>\n<!-- \/ Yoast SEO Premium plugin. -->","yoast_head_json":{"title":"Gnu h\u00fctende Statue aus Metall","description":"Lebensgro\u00dfe Tierfiguren aus Metall; Werfen Sie einen Blick in unseren Webshop oder schauen Sie live vorbei! Der Kaffee ist fertig.","robots":{"index":"index","follow":"follow","max-snippet":"max-snippet:-1","max-image-preview":"max-image-preview:large","max-video-preview":"max-video-preview:-1"},"canonical":"https:\/\/www.eliassen.nl\/de\/lebensgrosse-gnuherdenstatue-aus-metall\/","og_locale":"de_DE","og_type":"article","og_title":"Eliassen Gnu h\u00fctende Statue aus Metall in Lebensgr\u00f6\u00dfe - Eliassen.nl","og_description":"Lebensgro\u00dfe Tierfiguren aus Metall; Werfen Sie einen Blick in unseren Webshop oder schauen Sie live vorbei! Der Kaffee ist fertig.","og_url":"https:\/\/www.eliassen.nl\/de\/lebensgrosse-gnuherdenstatue-aus-metall\/","og_site_name":"Eliassen.nl","article_publisher":"https:\/\/www.facebook.com\/TuincentrumEliassenAmmerzoden","article_modified_time":"2026-03-09T19:11:16+00:00","og_image":[{"width":1129,"height":668,"url":"https:\/\/www.eliassen.nl\/wp-content\/uploads\/2024\/10\/gnoeskuddemetaaleliassennlaa8008.jpg","type":"image\/jpeg"}],"twitter_card":"summary_large_image","schema":{"@context":"https:\/\/schema.org","@graph":[{"@type":"WebPage","@id":"https:\/\/www.eliassen.nl\/de\/lebensgrosse-gnuherdenstatue-aus-metall\/","url":"https:\/\/www.eliassen.nl\/de\/lebensgrosse-gnuherdenstatue-aus-metall\/","name":"Gnu h\u00fctende Statue aus Metall","isPartOf":{"@id":"https:\/\/www.eliassen.nl\/de\/#website"},"primaryImageOfPage":{"@id":"https:\/\/www.eliassen.nl\/de\/lebensgrosse-gnuherdenstatue-aus-metall\/#primaryimage"},"image":{"@id":"https:\/\/www.eliassen.nl\/de\/lebensgrosse-gnuherdenstatue-aus-metall\/#primaryimage"},"thumbnailUrl":"https:\/\/www.eliassen.nl\/wp-content\/uploads\/2024\/10\/gnoeskuddemetaaleliassennlaa8008.jpg","datePublished":"2024-04-16T09:40:22+00:00","dateModified":"2026-03-09T19:11:16+00:00","description":"Lebensgro\u00dfe Tierfiguren aus Metall; Werfen Sie einen Blick in unseren Webshop oder schauen Sie live vorbei! Der Kaffee ist fertig.","breadcrumb":{"@id":"https:\/\/www.eliassen.nl\/de\/lebensgrosse-gnuherdenstatue-aus-metall\/#breadcrumb"},"inLanguage":"de","potentialAction":[{"@type":"ReadAction","target":["https:\/\/www.eliassen.nl\/de\/lebensgrosse-gnuherdenstatue-aus-metall\/"]}]},{"@type":"ImageObject","inLanguage":"de","@id":"https:\/\/www.eliassen.nl\/de\/lebensgrosse-gnuherdenstatue-aus-metall\/#primaryimage","url":"https:\/\/www.eliassen.nl\/wp-content\/uploads\/2024\/10\/gnoeskuddemetaaleliassennlaa8008.jpg","contentUrl":"https:\/\/www.eliassen.nl\/wp-content\/uploads\/2024\/10\/gnoeskuddemetaaleliassennlaa8008.jpg","width":1129,"height":668,"caption":"Gnu h\u00fcten Metall Eliassen.nl aa8008"},{"@type":"BreadcrumbList","@id":"https:\/\/www.eliassen.nl\/de\/lebensgrosse-gnuherdenstatue-aus-metall\/#breadcrumb","itemListElement":[{"@type":"ListItem","position":1,"name":"Home","item":"https:\/\/www.eliassen.nl\/de\/"},{"@type":"ListItem","position":2,"name":"Shop","item":"https:\/\/www.eliassen.nl\/de\/shop\/"},{"@type":"ListItem","position":3,"name":"Dekoration aus Metall","item":"https:\/\/www.eliassen.nl\/de\/dekoration-aus-metall\/"},{"@type":"ListItem","position":4,"name":"Gartenstatuen aus Metall","item":"https:\/\/www.eliassen.nl\/de\/dekoration-aus-metall\/gartenstatuen-aus-metall\/"},{"@type":"ListItem","position":5,"name":"Gnu h\u00fctende Statue aus Metall in Lebensgr\u00f6\u00dfe"}]},{"@type":"WebSite","@id":"https:\/\/www.eliassen.nl\/de\/#website","url":"https:\/\/www.eliassen.nl\/de\/","name":"Eliassen Home & Garden Pleasure","description":"","publisher":{"@id":"https:\/\/www.eliassen.nl\/de\/#organization"},"alternateName":"Eliassen.nl","potentialAction":[{"@type":"SearchAction","target":{"@type":"EntryPoint","urlTemplate":"https:\/\/www.eliassen.nl\/de\/?s={search_term_string}"},"query-input":{"@type":"PropertyValueSpecification","valueRequired":true,"valueName":"search_term_string"}}],"inLanguage":"de"},{"@type":["Organization","Place"],"@id":"https:\/\/www.eliassen.nl\/de\/#organization","name":"Eliassen Home & Garden Pleasure","url":"https:\/\/www.eliassen.nl\/de\/","logo":{"@id":"https:\/\/www.eliassen.nl\/de\/lebensgrosse-gnuherdenstatue-aus-metall\/#local-main-organization-logo"},"image":{"@id":"https:\/\/www.eliassen.nl\/de\/lebensgrosse-gnuherdenstatue-aus-metall\/#local-main-organization-logo"},"sameAs":["https:\/\/www.facebook.com\/TuincentrumEliassenAmmerzoden","https:\/\/www.instagram.com\/eliassenhomeandgarden\/","https:\/\/nl.pinterest.com\/eliassenhomeandgarden\/","https:\/\/www.youtube.com\/@eliassenhomegardenpleasure4558"],"telephone":[],"openingHoursSpecification":[{"@type":"OpeningHoursSpecification","dayOfWeek":["Monday","Tuesday","Wednesday","Thursday","Friday","Saturday","Sunday"],"opens":"09:00","closes":"17:00"}]},{"@type":"ImageObject","inLanguage":"de","@id":"https:\/\/www.eliassen.nl\/de\/lebensgrosse-gnuherdenstatue-aus-metall\/#local-main-organization-logo","url":"https:\/\/www.eliassen.nl\/wp-content\/uploads\/2024\/01\/logo_4nd.jpg","contentUrl":"https:\/\/www.eliassen.nl\/wp-content\/uploads\/2024\/01\/logo_4nd.jpg","width":500,"height":500,"caption":"Eliassen Home & Garden Pleasure"}]},"product_price_amount":"6400.00","product_price_currency":"EUR","og_availability":"instock","product_availability":"instock","product_retailer_item_id":"Aa8008","product_condition":"new"},"df_price":6400,"df_sale_price":"","df_regular_price":6400,"df_image_link":"https:\/\/www.eliassen.nl\/wp-content\/uploads\/2024\/10\/gnoeskuddemetaaleliassennlaa8008.jpg","image":"https:\/\/www.eliassen.nl\/wp-content\/uploads\/2024\/10\/gnoeskuddemetaaleliassennlaa8008.jpg","price_search":"<span class=\"woocommerce-Price-amount amount\"><bdi><span class=\"woocommerce-Price-currencySymbol\">&euro;<\/span>&nbsp;6.400,00<\/bdi><\/span>","category":"Dekoration aus Metall","global_unique_id":"6096538469437","_links":{"self":[{"href":"https:\/\/www.eliassen.nl\/de\/wp-json\/wp\/v2\/product\/152924","targetHints":{"allow":["GET"]}}],"collection":[{"href":"https:\/\/www.eliassen.nl\/de\/wp-json\/wp\/v2\/product"}],"about":[{"href":"https:\/\/www.eliassen.nl\/de\/wp-json\/wp\/v2\/types\/product"}],"wp:featuredmedia":[{"embeddable":true,"href":"https:\/\/www.eliassen.nl\/de\/wp-json\/wp\/v2\/media\/152900"}],"wp:attachment":[{"href":"https:\/\/www.eliassen.nl\/de\/wp-json\/wp\/v2\/media?parent=152924"}],"wp:term":[{"taxonomy":"product_brand","embeddable":true,"href":"https:\/\/www.eliassen.nl\/de\/wp-json\/wp\/v2\/product_brand?post=152924"},{"taxonomy":"product_cat","embeddable":true,"href":"https:\/\/www.eliassen.nl\/de\/wp-json\/wp\/v2\/product_cat?post=152924"},{"taxonomy":"product_tag","embeddable":true,"href":"https:\/\/www.eliassen.nl\/de\/wp-json\/wp\/v2\/product_tag?post=152924"}],"curies":[{"name":"wp","href":"https:\/\/api.w.org\/{rel}","templated":true}]}}