{"id":152897,"date":"2024-04-16T09:37:35","date_gmt":"2024-04-16T09:37:35","guid":{"rendered":"https:\/\/www.eliassen.nl\/?product=leeuwin-beeld-van-metaal-190cm"},"modified":"2026-03-09T20:11:37","modified_gmt":"2026-03-09T19:11:37","slug":"lowin-statue-aus-metall-190cm","status":"publish","type":"product","link":"https:\/\/www.eliassen.nl\/de\/lowin-statue-aus-metall-190cm\/","title":{"rendered":"Gro\u00dfe Gartenstatue L\u00f6win aus Metall 220cm"},"content":{"rendered":"<p>Sie sind echte K\u00fcnstler, die diese Skulptur eines lebensgro\u00dfen L\u00f6wenweibchens geschaffen haben. Wenn Sie diese Skulptur lange betrachten, wird Ihnen klar, wie viel Arbeit in einem Kunstwerk wie diesem steckt. Klopfen, Biegen, Schwei\u00dfen, Messen &#8211; es ist wirklich eine gro\u00dfe Aufgabe. Wenn Sie etwas Einzigartiges f\u00fcr Ihren Garten oder Ihr Gesch\u00e4ft suchen, k\u00f6nnen Sie sicher sein, dass dieses Modell sehr selten ist und nicht nur zum Verkauf steht.<\/p>\n<ul>\n<li>Gr\u00f6\u00dfe: ca. 220x60x120cm hoch<\/li>\n<li>Sehr einzigartig, <strong>kaum irgendwo <\/strong> erh\u00e4ltlich, besonders zu diesem Preis<\/li>\n<li>Alle Modelle von Hand gefertigt, ohne jegliche Bearbeitung<\/li>\n<li>Kann auch ohne Probleme drau\u00dfen stehen.<\/li>\n<li>Wir haben dieses Modell in unserem Ausstellungsraum<\/li>\n<li>Lebenslange Garantie f\u00fcr 20 Jahre<\/li>\n<li>Besuchen Sie unseren Ausstellungsraum.<\/li>\n<\/ul>\n","protected":false},"excerpt":{"rendered":"<p>Sehr exklusive Skulptur, komplett handgefertigt.<\/p>\n","protected":false},"featured_media":195136,"template":"","meta":{"_acf_changed":false,"_genesis_title":"","_genesis_description":""},"product_brand":[6916],"product_cat":[659,662,7062],"product_tag":[],"class_list":{"0":"post-152897","1":"product","2":"type-product","3":"status-publish","4":"has-post-thumbnail","6":"product_brand-eliassen-de","7":"product_cat-dekoration-aus-metall","8":"product_cat-gartenstatuen-aus-metall","9":"product_cat-gartenstatuen-aus-metall-de","11":"first","12":"instock","13":"taxable","14":"shipping-taxable","15":"purchasable","16":"product-type-simple"},"acf":[],"meta_all":{"total_sales":"0","wcml_sync_hash":{"postmeta_fields":"f4e2aaa8e1d62904f64b8b1b184cf0b3"},"attr_label_translations":[],"cor_restricted_countries":[]},"meta_all_flat":{"total_sales":"0","wcml_sync_hash.postmeta_fields":"f4e2aaa8e1d62904f64b8b1b184cf0b3"},"yoast_head":"<!-- This site is optimized with the Yoast SEO Premium plugin v26.2 (Yoast SEO v27.2) - https:\/\/yoast.com\/product\/yoast-seo-premium-wordpress\/ -->\n<title>L\u00f6win Statue aus Metall 190cm<\/title>\n<meta name=\"description\" content=\"Lebensgro\u00dfe Tierfiguren aus Metall; Werfen Sie einen Blick in unseren Webshop oder schauen Sie live vorbei! Der Kaffee ist fertig.\" \/>\n<meta name=\"robots\" content=\"index, follow, max-snippet:-1, max-image-preview:large, max-video-preview:-1\" \/>\n<link rel=\"canonical\" href=\"https:\/\/www.eliassen.nl\/de\/lowin-statue-aus-metall-190cm\/\" \/>\n<meta property=\"og:locale\" content=\"de_DE\" \/>\n<meta property=\"og:type\" content=\"article\" \/>\n<meta property=\"og:title\" content=\"Eliassen Gro\u00dfe Gartenstatue L\u00f6win aus Metall 220cm - Eliassen.nl\" \/>\n<meta property=\"og:description\" content=\"Lebensgro\u00dfe Tierfiguren aus Metall; Werfen Sie einen Blick in unseren Webshop oder schauen Sie live vorbei! Der Kaffee ist fertig.\" \/>\n<meta property=\"og:url\" content=\"https:\/\/www.eliassen.nl\/de\/lowin-statue-aus-metall-190cm\/\" \/>\n<meta property=\"og:site_name\" content=\"Eliassen.nl\" \/>\n<meta property=\"article:publisher\" content=\"https:\/\/www.facebook.com\/TuincentrumEliassenAmmerzoden\" \/>\n<meta property=\"article:modified_time\" content=\"2026-03-09T19:11:37+00:00\" \/>\n<meta property=\"og:image\" content=\"https:\/\/www.eliassen.nl\/wp-content\/uploads\/2024\/04\/Groot-tuinbeeld-Leeuwin-van-metaal-220cm-eliassen.nl-1.jpeg\" \/>\n\t<meta property=\"og:image:width\" content=\"2048\" \/>\n\t<meta property=\"og:image:height\" content=\"1536\" \/>\n\t<meta property=\"og:image:type\" content=\"image\/jpeg\" \/>\n<meta name=\"twitter:card\" content=\"summary_large_image\" \/>\n<script type=\"application\/ld+json\" class=\"yoast-schema-graph\">{\"@context\":\"https:\/\/schema.org\",\"@graph\":[{\"@type\":\"WebPage\",\"@id\":\"https:\/\/www.eliassen.nl\/de\/lowin-statue-aus-metall-190cm\/\",\"url\":\"https:\/\/www.eliassen.nl\/de\/lowin-statue-aus-metall-190cm\/\",\"name\":\"L\u00f6win Statue aus Metall 190cm\",\"isPartOf\":{\"@id\":\"https:\/\/www.eliassen.nl\/de\/#website\"},\"primaryImageOfPage\":{\"@id\":\"https:\/\/www.eliassen.nl\/de\/lowin-statue-aus-metall-190cm\/#primaryimage\"},\"image\":{\"@id\":\"https:\/\/www.eliassen.nl\/de\/lowin-statue-aus-metall-190cm\/#primaryimage\"},\"thumbnailUrl\":\"https:\/\/www.eliassen.nl\/wp-content\/uploads\/2024\/04\/Groot-tuinbeeld-Leeuwin-van-metaal-220cm-eliassen.nl-1.jpeg\",\"datePublished\":\"2024-04-16T09:37:35+00:00\",\"dateModified\":\"2026-03-09T19:11:37+00:00\",\"description\":\"Lebensgro\u00dfe Tierfiguren aus Metall; Werfen Sie einen Blick in unseren Webshop oder schauen Sie live vorbei! Der Kaffee ist fertig.\",\"breadcrumb\":{\"@id\":\"https:\/\/www.eliassen.nl\/de\/lowin-statue-aus-metall-190cm\/#breadcrumb\"},\"inLanguage\":\"de\",\"potentialAction\":[{\"@type\":\"ReadAction\",\"target\":[\"https:\/\/www.eliassen.nl\/de\/lowin-statue-aus-metall-190cm\/\"]}]},{\"@type\":\"ImageObject\",\"inLanguage\":\"de\",\"@id\":\"https:\/\/www.eliassen.nl\/de\/lowin-statue-aus-metall-190cm\/#primaryimage\",\"url\":\"https:\/\/www.eliassen.nl\/wp-content\/uploads\/2024\/04\/Groot-tuinbeeld-Leeuwin-van-metaal-220cm-eliassen.nl-1.jpeg\",\"contentUrl\":\"https:\/\/www.eliassen.nl\/wp-content\/uploads\/2024\/04\/Groot-tuinbeeld-Leeuwin-van-metaal-220cm-eliassen.nl-1.jpeg\",\"width\":2048,\"height\":1536,\"caption\":\"Gro\u00dfe Gartenstatue L\u00f6win aus Metall 220cm eliassen.co.uk 6\"},{\"@type\":\"BreadcrumbList\",\"@id\":\"https:\/\/www.eliassen.nl\/de\/lowin-statue-aus-metall-190cm\/#breadcrumb\",\"itemListElement\":[{\"@type\":\"ListItem\",\"position\":1,\"name\":\"Home\",\"item\":\"https:\/\/www.eliassen.nl\/de\/\"},{\"@type\":\"ListItem\",\"position\":2,\"name\":\"Shop\",\"item\":\"https:\/\/www.eliassen.nl\/de\/shop\/\"},{\"@type\":\"ListItem\",\"position\":3,\"name\":\"Dekoration aus Metall\",\"item\":\"https:\/\/www.eliassen.nl\/de\/dekoration-aus-metall\/\"},{\"@type\":\"ListItem\",\"position\":4,\"name\":\"Gartenstatuen aus Metall\",\"item\":\"https:\/\/www.eliassen.nl\/de\/dekoration-aus-metall\/gartenstatuen-aus-metall\/\"},{\"@type\":\"ListItem\",\"position\":5,\"name\":\"Gro\u00dfe Gartenstatue L\u00f6win aus Metall 220cm\"}]},{\"@type\":\"WebSite\",\"@id\":\"https:\/\/www.eliassen.nl\/de\/#website\",\"url\":\"https:\/\/www.eliassen.nl\/de\/\",\"name\":\"Eliassen Home & Garden Pleasure\",\"description\":\"\",\"publisher\":{\"@id\":\"https:\/\/www.eliassen.nl\/de\/#organization\"},\"alternateName\":\"Eliassen.nl\",\"potentialAction\":[{\"@type\":\"SearchAction\",\"target\":{\"@type\":\"EntryPoint\",\"urlTemplate\":\"https:\/\/www.eliassen.nl\/de\/?s={search_term_string}\"},\"query-input\":{\"@type\":\"PropertyValueSpecification\",\"valueRequired\":true,\"valueName\":\"search_term_string\"}}],\"inLanguage\":\"de\"},{\"@type\":[\"Organization\",\"Place\"],\"@id\":\"https:\/\/www.eliassen.nl\/de\/#organization\",\"name\":\"Eliassen Home & Garden Pleasure\",\"url\":\"https:\/\/www.eliassen.nl\/de\/\",\"logo\":{\"@id\":\"https:\/\/www.eliassen.nl\/de\/lowin-statue-aus-metall-190cm\/#local-main-organization-logo\"},\"image\":{\"@id\":\"https:\/\/www.eliassen.nl\/de\/lowin-statue-aus-metall-190cm\/#local-main-organization-logo\"},\"sameAs\":[\"https:\/\/www.facebook.com\/TuincentrumEliassenAmmerzoden\",\"https:\/\/www.instagram.com\/eliassenhomeandgarden\/\",\"https:\/\/nl.pinterest.com\/eliassenhomeandgarden\/\",\"https:\/\/www.youtube.com\/@eliassenhomegardenpleasure4558\"],\"telephone\":[],\"openingHoursSpecification\":[{\"@type\":\"OpeningHoursSpecification\",\"dayOfWeek\":[\"Monday\",\"Tuesday\",\"Wednesday\",\"Thursday\",\"Friday\",\"Saturday\",\"Sunday\"],\"opens\":\"09:00\",\"closes\":\"17:00\"}]},{\"@type\":\"ImageObject\",\"inLanguage\":\"de\",\"@id\":\"https:\/\/www.eliassen.nl\/de\/lowin-statue-aus-metall-190cm\/#local-main-organization-logo\",\"url\":\"https:\/\/www.eliassen.nl\/wp-content\/uploads\/2024\/01\/logo_4nd.jpg\",\"contentUrl\":\"https:\/\/www.eliassen.nl\/wp-content\/uploads\/2024\/01\/logo_4nd.jpg\",\"width\":500,\"height\":500,\"caption\":\"Eliassen Home & Garden Pleasure\"}]}<\/script>\n<meta property=\"product:price:amount\" content=\"1750.00\" \/>\n<meta property=\"product:price:currency\" content=\"EUR\" \/>\n<meta property=\"og:availability\" content=\"instock\" \/>\n<meta property=\"product:availability\" content=\"instock\" \/>\n<meta property=\"product:retailer_item_id\" content=\"Aa8006\" \/>\n<meta property=\"product:condition\" content=\"new\" \/>\n<!-- \/ Yoast SEO Premium plugin. -->","yoast_head_json":{"title":"L\u00f6win Statue aus Metall 190cm","description":"Lebensgro\u00dfe Tierfiguren aus Metall; Werfen Sie einen Blick in unseren Webshop oder schauen Sie live vorbei! Der Kaffee ist fertig.","robots":{"index":"index","follow":"follow","max-snippet":"max-snippet:-1","max-image-preview":"max-image-preview:large","max-video-preview":"max-video-preview:-1"},"canonical":"https:\/\/www.eliassen.nl\/de\/lowin-statue-aus-metall-190cm\/","og_locale":"de_DE","og_type":"article","og_title":"Eliassen Gro\u00dfe Gartenstatue L\u00f6win aus Metall 220cm - Eliassen.nl","og_description":"Lebensgro\u00dfe Tierfiguren aus Metall; Werfen Sie einen Blick in unseren Webshop oder schauen Sie live vorbei! Der Kaffee ist fertig.","og_url":"https:\/\/www.eliassen.nl\/de\/lowin-statue-aus-metall-190cm\/","og_site_name":"Eliassen.nl","article_publisher":"https:\/\/www.facebook.com\/TuincentrumEliassenAmmerzoden","article_modified_time":"2026-03-09T19:11:37+00:00","og_image":[{"width":2048,"height":1536,"url":"https:\/\/www.eliassen.nl\/wp-content\/uploads\/2024\/04\/Groot-tuinbeeld-Leeuwin-van-metaal-220cm-eliassen.nl-1.jpeg","type":"image\/jpeg"}],"twitter_card":"summary_large_image","schema":{"@context":"https:\/\/schema.org","@graph":[{"@type":"WebPage","@id":"https:\/\/www.eliassen.nl\/de\/lowin-statue-aus-metall-190cm\/","url":"https:\/\/www.eliassen.nl\/de\/lowin-statue-aus-metall-190cm\/","name":"L\u00f6win Statue aus Metall 190cm","isPartOf":{"@id":"https:\/\/www.eliassen.nl\/de\/#website"},"primaryImageOfPage":{"@id":"https:\/\/www.eliassen.nl\/de\/lowin-statue-aus-metall-190cm\/#primaryimage"},"image":{"@id":"https:\/\/www.eliassen.nl\/de\/lowin-statue-aus-metall-190cm\/#primaryimage"},"thumbnailUrl":"https:\/\/www.eliassen.nl\/wp-content\/uploads\/2024\/04\/Groot-tuinbeeld-Leeuwin-van-metaal-220cm-eliassen.nl-1.jpeg","datePublished":"2024-04-16T09:37:35+00:00","dateModified":"2026-03-09T19:11:37+00:00","description":"Lebensgro\u00dfe Tierfiguren aus Metall; Werfen Sie einen Blick in unseren Webshop oder schauen Sie live vorbei! Der Kaffee ist fertig.","breadcrumb":{"@id":"https:\/\/www.eliassen.nl\/de\/lowin-statue-aus-metall-190cm\/#breadcrumb"},"inLanguage":"de","potentialAction":[{"@type":"ReadAction","target":["https:\/\/www.eliassen.nl\/de\/lowin-statue-aus-metall-190cm\/"]}]},{"@type":"ImageObject","inLanguage":"de","@id":"https:\/\/www.eliassen.nl\/de\/lowin-statue-aus-metall-190cm\/#primaryimage","url":"https:\/\/www.eliassen.nl\/wp-content\/uploads\/2024\/04\/Groot-tuinbeeld-Leeuwin-van-metaal-220cm-eliassen.nl-1.jpeg","contentUrl":"https:\/\/www.eliassen.nl\/wp-content\/uploads\/2024\/04\/Groot-tuinbeeld-Leeuwin-van-metaal-220cm-eliassen.nl-1.jpeg","width":2048,"height":1536,"caption":"Gro\u00dfe Gartenstatue L\u00f6win aus Metall 220cm eliassen.co.uk 6"},{"@type":"BreadcrumbList","@id":"https:\/\/www.eliassen.nl\/de\/lowin-statue-aus-metall-190cm\/#breadcrumb","itemListElement":[{"@type":"ListItem","position":1,"name":"Home","item":"https:\/\/www.eliassen.nl\/de\/"},{"@type":"ListItem","position":2,"name":"Shop","item":"https:\/\/www.eliassen.nl\/de\/shop\/"},{"@type":"ListItem","position":3,"name":"Dekoration aus Metall","item":"https:\/\/www.eliassen.nl\/de\/dekoration-aus-metall\/"},{"@type":"ListItem","position":4,"name":"Gartenstatuen aus Metall","item":"https:\/\/www.eliassen.nl\/de\/dekoration-aus-metall\/gartenstatuen-aus-metall\/"},{"@type":"ListItem","position":5,"name":"Gro\u00dfe Gartenstatue L\u00f6win aus Metall 220cm"}]},{"@type":"WebSite","@id":"https:\/\/www.eliassen.nl\/de\/#website","url":"https:\/\/www.eliassen.nl\/de\/","name":"Eliassen Home & Garden Pleasure","description":"","publisher":{"@id":"https:\/\/www.eliassen.nl\/de\/#organization"},"alternateName":"Eliassen.nl","potentialAction":[{"@type":"SearchAction","target":{"@type":"EntryPoint","urlTemplate":"https:\/\/www.eliassen.nl\/de\/?s={search_term_string}"},"query-input":{"@type":"PropertyValueSpecification","valueRequired":true,"valueName":"search_term_string"}}],"inLanguage":"de"},{"@type":["Organization","Place"],"@id":"https:\/\/www.eliassen.nl\/de\/#organization","name":"Eliassen Home & Garden Pleasure","url":"https:\/\/www.eliassen.nl\/de\/","logo":{"@id":"https:\/\/www.eliassen.nl\/de\/lowin-statue-aus-metall-190cm\/#local-main-organization-logo"},"image":{"@id":"https:\/\/www.eliassen.nl\/de\/lowin-statue-aus-metall-190cm\/#local-main-organization-logo"},"sameAs":["https:\/\/www.facebook.com\/TuincentrumEliassenAmmerzoden","https:\/\/www.instagram.com\/eliassenhomeandgarden\/","https:\/\/nl.pinterest.com\/eliassenhomeandgarden\/","https:\/\/www.youtube.com\/@eliassenhomegardenpleasure4558"],"telephone":[],"openingHoursSpecification":[{"@type":"OpeningHoursSpecification","dayOfWeek":["Monday","Tuesday","Wednesday","Thursday","Friday","Saturday","Sunday"],"opens":"09:00","closes":"17:00"}]},{"@type":"ImageObject","inLanguage":"de","@id":"https:\/\/www.eliassen.nl\/de\/lowin-statue-aus-metall-190cm\/#local-main-organization-logo","url":"https:\/\/www.eliassen.nl\/wp-content\/uploads\/2024\/01\/logo_4nd.jpg","contentUrl":"https:\/\/www.eliassen.nl\/wp-content\/uploads\/2024\/01\/logo_4nd.jpg","width":500,"height":500,"caption":"Eliassen Home & Garden Pleasure"}]},"product_price_amount":"1750.00","product_price_currency":"EUR","og_availability":"instock","product_availability":"instock","product_retailer_item_id":"Aa8006","product_condition":"new"},"df_price":1750,"df_sale_price":"","df_regular_price":1750,"df_image_link":"https:\/\/www.eliassen.nl\/wp-content\/uploads\/2024\/04\/Groot-tuinbeeld-Leeuwin-van-metaal-220cm-eliassen.nl-1-300x225.jpeg","image":"https:\/\/www.eliassen.nl\/wp-content\/uploads\/2024\/04\/Groot-tuinbeeld-Leeuwin-van-metaal-220cm-eliassen.nl-1-150x150.jpeg","price_search":"<span class=\"woocommerce-Price-amount amount\"><bdi><span class=\"woocommerce-Price-currencySymbol\">&euro;<\/span>&nbsp;1.750,00<\/bdi><\/span>","category":"Dekoration aus Metall","global_unique_id":"6096542387338","_links":{"self":[{"href":"https:\/\/www.eliassen.nl\/de\/wp-json\/wp\/v2\/product\/152897","targetHints":{"allow":["GET"]}}],"collection":[{"href":"https:\/\/www.eliassen.nl\/de\/wp-json\/wp\/v2\/product"}],"about":[{"href":"https:\/\/www.eliassen.nl\/de\/wp-json\/wp\/v2\/types\/product"}],"wp:featuredmedia":[{"embeddable":true,"href":"https:\/\/www.eliassen.nl\/de\/wp-json\/wp\/v2\/media\/195136"}],"wp:attachment":[{"href":"https:\/\/www.eliassen.nl\/de\/wp-json\/wp\/v2\/media?parent=152897"}],"wp:term":[{"taxonomy":"product_brand","embeddable":true,"href":"https:\/\/www.eliassen.nl\/de\/wp-json\/wp\/v2\/product_brand?post=152897"},{"taxonomy":"product_cat","embeddable":true,"href":"https:\/\/www.eliassen.nl\/de\/wp-json\/wp\/v2\/product_cat?post=152897"},{"taxonomy":"product_tag","embeddable":true,"href":"https:\/\/www.eliassen.nl\/de\/wp-json\/wp\/v2\/product_tag?post=152897"}],"curies":[{"name":"wp","href":"https:\/\/api.w.org\/{rel}","templated":true}]}}